{"id":100,"date":"2014-09-20T16:18:58","date_gmt":"2014-09-20T08:18:58","guid":{"rendered":"http:\/\/andy-mold.com\/?page_id=100"},"modified":"2026-01-09T21:16:30","modified_gmt":"2026-01-09T13:16:30","slug":"automobilove-formy","status":"publish","type":"page","link":"https:\/\/plas.co\/cs\/produkty\/automobilove-formy\/","title":{"rendered":"Automobilov\u00e9 formy"},"content":{"rendered":"<div  class='flex_column av-8gcv8-2577ba9e0c13fce46414471b02123209 av_one_full  avia-builder-el-0  el_before_av_textblock  avia-builder-el-first  first flex_column_div'     ><style type=\"text\/css\" data-created_by=\"avia_inline_auto\" id=\"style-css-av-lel1ywqt-993f07fca39d4726bedded6a95944041\">\n#top .avia-gallery.av-lel1ywqt-993f07fca39d4726bedded6a95944041 .avia-gallery-thumb a{\nwidth:33.3333%;\n}\n<\/style>\n<div  class='avia-gallery av-lel1ywqt-993f07fca39d4726bedded6a95944041 avia_animate_when_visible  avia-builder-el-1  avia-builder-el-no-sibling  avia_lazyload avia-gallery-animate avia-gallery-1'  itemprop=\"image\" itemscope=\"itemscope\" itemtype=\"https:\/\/schema.org\/ImageObject\" ><meta itemprop=\"contentURL\" content=\"https:\/\/plas.co\/cs\/produkty\/automobilove-formy\/\"><div class='avia-gallery-thumb'><a href=\"https:\/\/plas.co\/wp-content\/uploads\/2023\/02\/automotive-injection-mold-1.jpg\" data-srcset=\"https:\/\/plas.co\/wp-content\/uploads\/2023\/02\/automotive-injection-mold-1.jpg 800w, https:\/\/plas.co\/wp-content\/uploads\/2023\/02\/automotive-injection-mold-1-300x225.jpg 300w, https:\/\/plas.co\/wp-content\/uploads\/2023\/02\/automotive-injection-mold-1-768x576.jpg 768w, https:\/\/plas.co\/wp-content\/uploads\/2023\/02\/automotive-injection-mold-1-705x529.jpg 705w\" data-sizes=\"(max-width: 800px) 100vw, 800px\" data-rel='gallery-1' data-prev-img='https:\/\/plas.co\/wp-content\/uploads\/2023\/02\/automotive-injection-mold-1-495x400.jpg' class='first_thumb lightbox' data-onclick='1' title='vst\u0159ikovac\u00ed formy pro automobilov\u00fd pr\u016fmysl'  itemprop=\"thumbnailUrl\"  ><img decoding=\"async\" fetchpriority=\"high\" class=\"wp-image-936 avia-img-lazy-loading-not-936\"   src=\"https:\/\/plas.co\/wp-content\/uploads\/2023\/02\/automotive-injection-mold-1-495x400.jpg\" width=\"495\" height=\"400\"  title='vst\u0159ikovac\u00ed formy pro automobilov\u00fd pr\u016fmysl' alt='vst\u0159ikovac\u00ed formy pro automobilov\u00fd pr\u016fmysl' \/><div class='big-prev-fake'><img decoding=\"async\" loading=\"lazy\" class=\"wp-image-936 avia-img-lazy-loading-936\"  width=\"495\" height=\"400\" src=\"https:\/\/plas.co\/wp-content\/uploads\/2023\/02\/automotive-injection-mold-1-495x400.jpg\" title='vst\u0159ikovac\u00ed formy pro automobilov\u00fd pr\u016fmysl' alt='vst\u0159ikovac\u00ed formy pro automobilov\u00fd pr\u016fmysl' \/><\/div><\/a><a href=\"https:\/\/plas.co\/wp-content\/uploads\/2023\/02\/automotive-mould-factory.jpg\" data-srcset=\"https:\/\/plas.co\/wp-content\/uploads\/2023\/02\/automotive-mould-factory.jpg 800w, https:\/\/plas.co\/wp-content\/uploads\/2023\/02\/automotive-mould-factory-300x225.jpg 300w, https:\/\/plas.co\/wp-content\/uploads\/2023\/02\/automotive-mould-factory-768x576.jpg 768w, https:\/\/plas.co\/wp-content\/uploads\/2023\/02\/automotive-mould-factory-705x529.jpg 705w\" data-sizes=\"(max-width: 800px) 100vw, 800px\" data-rel='gallery-1' data-prev-img='https:\/\/plas.co\/wp-content\/uploads\/2023\/02\/automotive-mould-factory-495x400.jpg' class='lightbox' data-onclick='2' title='tov\u00e1rna na v\u00fdrobu forem pro automobilov\u00fd pr\u016fmysl'  itemprop=\"thumbnailUrl\"  ><img decoding=\"async\" fetchpriority=\"high\" class=\"wp-image-938 avia-img-lazy-loading-not-938\"   src=\"https:\/\/plas.co\/wp-content\/uploads\/2023\/02\/automotive-mould-factory-495x400.jpg\" width=\"495\" height=\"400\"  title='tov\u00e1rna na v\u00fdrobu forem pro automobilov\u00fd pr\u016fmysl' alt='tov\u00e1rna na v\u00fdrobu forem pro automobilov\u00fd pr\u016fmysl' \/><div class='big-prev-fake'><img decoding=\"async\" loading=\"lazy\" class=\"wp-image-938 avia-img-lazy-loading-938\"  width=\"495\" height=\"400\" src=\"https:\/\/plas.co\/wp-content\/uploads\/2023\/02\/automotive-mould-factory-495x400.jpg\" title='tov\u00e1rna na v\u00fdrobu forem pro automobilov\u00fd pr\u016fmysl' alt='tov\u00e1rna na v\u00fdrobu forem pro automobilov\u00fd pr\u016fmysl' \/><\/div><\/a><a href=\"https:\/\/plas.co\/wp-content\/uploads\/2023\/02\/automotive-parts-mould.jpg\" data-srcset=\"https:\/\/plas.co\/wp-content\/uploads\/2023\/02\/automotive-parts-mould.jpg 600w, https:\/\/plas.co\/wp-content\/uploads\/2023\/02\/automotive-parts-mould-225x300.jpg 225w, https:\/\/plas.co\/wp-content\/uploads\/2023\/02\/automotive-parts-mould-529x705.jpg 529w\" data-sizes=\"(max-width: 600px) 100vw, 600px\" data-rel='gallery-1' data-prev-img='https:\/\/plas.co\/wp-content\/uploads\/2023\/02\/automotive-parts-mould-495x400.jpg' class='lightbox' data-onclick='3' title='formy na automobilov\u00e9 d\u00edly'  itemprop=\"thumbnailUrl\"  ><img decoding=\"async\" fetchpriority=\"high\" class=\"wp-image-941 avia-img-lazy-loading-not-941\"   src=\"https:\/\/plas.co\/wp-content\/uploads\/2023\/02\/automotive-parts-mould-495x400.jpg\" width=\"495\" height=\"400\"  title='formy na automobilov\u00e9 d\u00edly' alt='formy na automobilov\u00e9 d\u00edly' \/><div class='big-prev-fake'><img decoding=\"async\" loading=\"lazy\" class=\"wp-image-941 avia-img-lazy-loading-941\"  width=\"495\" height=\"400\" src=\"https:\/\/plas.co\/wp-content\/uploads\/2023\/02\/automotive-parts-mould-495x400.jpg\" title='formy na automobilov\u00e9 d\u00edly' alt='formy na automobilov\u00e9 d\u00edly' \/><\/div><\/a><a href=\"https:\/\/plas.co\/wp-content\/uploads\/2023\/02\/automotive-plastic-mould.jpg\" data-srcset=\"https:\/\/plas.co\/wp-content\/uploads\/2023\/02\/automotive-plastic-mould.jpg 800w, https:\/\/plas.co\/wp-content\/uploads\/2023\/02\/automotive-plastic-mould-300x225.jpg 300w, https:\/\/plas.co\/wp-content\/uploads\/2023\/02\/automotive-plastic-mould-768x576.jpg 768w, https:\/\/plas.co\/wp-content\/uploads\/2023\/02\/automotive-plastic-mould-705x529.jpg 705w\" data-sizes=\"(max-width: 800px) 100vw, 800px\" data-rel='gallery-1' data-prev-img='https:\/\/plas.co\/wp-content\/uploads\/2023\/02\/automotive-plastic-mould-495x400.jpg' class='first_thumb lightbox' data-onclick='4' title='plastov\u00e9 formy pro automobilov\u00fd pr\u016fmysl'  itemprop=\"thumbnailUrl\"  ><img decoding=\"async\" fetchpriority=\"high\" class=\"wp-image-942 avia-img-lazy-loading-not-942\"   src=\"https:\/\/plas.co\/wp-content\/uploads\/2023\/02\/automotive-plastic-mould-495x400.jpg\" width=\"495\" height=\"400\"  title='plastov\u00e9 formy pro automobilov\u00fd pr\u016fmysl' alt='plastov\u00e9 formy pro automobilov\u00fd pr\u016fmysl' \/><div class='big-prev-fake'><img decoding=\"async\" loading=\"lazy\" class=\"wp-image-942 avia-img-lazy-loading-942\"  width=\"495\" height=\"400\" src=\"https:\/\/plas.co\/wp-content\/uploads\/2023\/02\/automotive-plastic-mould-495x400.jpg\" title='plastov\u00e9 formy pro automobilov\u00fd pr\u016fmysl' alt='plastov\u00e9 formy pro automobilov\u00fd pr\u016fmysl' \/><\/div><\/a><a href=\"https:\/\/plas.co\/wp-content\/uploads\/2023\/02\/China-automotive-mold-maker.jpg\" data-srcset=\"https:\/\/plas.co\/wp-content\/uploads\/2023\/02\/China-automotive-mold-maker.jpg 600w, https:\/\/plas.co\/wp-content\/uploads\/2023\/02\/China-automotive-mold-maker-225x300.jpg 225w, https:\/\/plas.co\/wp-content\/uploads\/2023\/02\/China-automotive-mold-maker-529x705.jpg 529w\" data-sizes=\"(max-width: 600px) 100vw, 600px\" data-rel='gallery-1' data-prev-img='https:\/\/plas.co\/wp-content\/uploads\/2023\/02\/China-automotive-mold-maker-495x400.jpg' class='lightbox' data-onclick='5' title='V\u00fdrobce forem pro automobilov\u00fd pr\u016fmysl v \u010c\u00edn\u011b'  itemprop=\"thumbnailUrl\"  ><img decoding=\"async\" fetchpriority=\"high\" class=\"wp-image-943 avia-img-lazy-loading-not-943\"   src=\"https:\/\/plas.co\/wp-content\/uploads\/2023\/02\/China-automotive-mold-maker-495x400.jpg\" width=\"495\" height=\"400\"  title='V\u00fdrobce forem pro automobilov\u00fd pr\u016fmysl v \u010c\u00edn\u011b' alt='V\u00fdrobce forem pro automobilov\u00fd pr\u016fmysl v \u010c\u00edn\u011b' \/><div class='big-prev-fake'><img decoding=\"async\" loading=\"lazy\" class=\"wp-image-943 avia-img-lazy-loading-943\"  width=\"495\" height=\"400\" src=\"https:\/\/plas.co\/wp-content\/uploads\/2023\/02\/China-automotive-mold-maker-495x400.jpg\" title='V\u00fdrobce forem pro automobilov\u00fd pr\u016fmysl v \u010c\u00edn\u011b' alt='V\u00fdrobce forem pro automobilov\u00fd pr\u016fmysl v \u010c\u00edn\u011b' \/><\/div><\/a><a href=\"https:\/\/plas.co\/wp-content\/uploads\/2023\/02\/china-automotive-mould.jpg\" data-srcset=\"https:\/\/plas.co\/wp-content\/uploads\/2023\/02\/china-automotive-mould.jpg 600w, https:\/\/plas.co\/wp-content\/uploads\/2023\/02\/china-automotive-mould-225x300.jpg 225w, https:\/\/plas.co\/wp-content\/uploads\/2023\/02\/china-automotive-mould-529x705.jpg 529w\" data-sizes=\"(max-width: 600px) 100vw, 600px\" data-rel='gallery-1' data-prev-img='https:\/\/plas.co\/wp-content\/uploads\/2023\/02\/china-automotive-mould-495x400.jpg' class='lightbox' data-onclick='6' title='\u010c\u00edna automobilov\u00e9 formy'  itemprop=\"thumbnailUrl\"  ><img decoding=\"async\" fetchpriority=\"high\" class=\"wp-image-944 avia-img-lazy-loading-not-944\"   src=\"https:\/\/plas.co\/wp-content\/uploads\/2023\/02\/china-automotive-mould-495x400.jpg\" width=\"495\" height=\"400\"  title='\u010c\u00edna automobilov\u00e9 formy' alt='\u010c\u00edna automobilov\u00e9 formy' \/><div class='big-prev-fake'><img decoding=\"async\" loading=\"lazy\" class=\"wp-image-944 avia-img-lazy-loading-944\"  width=\"495\" height=\"400\" src=\"https:\/\/plas.co\/wp-content\/uploads\/2023\/02\/china-automotive-mould-495x400.jpg\" title='\u010c\u00edna automobilov\u00e9 formy' alt='\u010c\u00edna automobilov\u00e9 formy' \/><\/div><\/a><\/div><\/div><\/div>\n<section  class='av_textblock_section av-lel30rvk-cf1539555210428ee0eb928e39734301'   itemscope=\"itemscope\" itemtype=\"https:\/\/schema.org\/CreativeWork\" ><div class='avia_textblock'  itemprop=\"text\" ><div id=\"ez-toc-container\" class=\"ez-toc-v2_0_82_2 counter-hierarchy ez-toc-counter ez-toc-grey ez-toc-container-direction\">\n<div class=\"ez-toc-title-container\">\n<p class=\"ez-toc-title\" style=\"cursor:inherit\">Obsah<\/p>\n<span class=\"ez-toc-title-toggle\"><a href=\"#\" class=\"ez-toc-pull-right ez-toc-btn ez-toc-btn-xs ez-toc-btn-default ez-toc-toggle\" aria-label=\"P\u0159epnut\u00ed tabulky obsahu\"><span class=\"ez-toc-js-icon-con\"><span class=\"\"><span class=\"eztoc-hide\" style=\"display:none;\">P\u0159ep\u00edn\u00e1n\u00ed<\/span><span class=\"ez-toc-icon-toggle-span\"><svg style=\"fill: #999;color:#999\" xmlns=\"http:\/\/www.w3.org\/2000\/svg\" class=\"list-377408\" width=\"20px\" height=\"20px\" viewbox=\"0 0 24 24\" fill=\"none\"><path d=\"M6 6H4v2h2V6zm14 0H8v2h12V6zM4 11h2v2H4v-2zm16 0H8v2h12v-2zM4 16h2v2H4v-2zm16 0H8v2h12v-2z\" fill=\"currentColor\"><\/path><\/svg><svg style=\"fill: #999;color:#999\" class=\"arrow-unsorted-368013\" xmlns=\"http:\/\/www.w3.org\/2000\/svg\" width=\"10px\" height=\"10px\" viewbox=\"0 0 24 24\" version=\"1.2\" baseprofile=\"tiny\"><path d=\"M18.2 9.3l-6.2-6.3-6.2 6.3c-.2.2-.3.4-.3.7s.1.5.3.7c.2.2.4.3.7.3h11c.3 0 .5-.1.7-.3.2-.2.3-.5.3-.7s-.1-.5-.3-.7zM5.8 14.7l6.2 6.3 6.2-6.3c.2-.2.3-.5.3-.7s-.1-.5-.3-.7c-.2-.2-.4-.3-.7-.3h-11c-.3 0-.5.1-.7.3-.2.2-.3.5-.3.7s.1.5.3.7z\"\/><\/svg><\/span><\/span><\/span><\/a><\/span><\/div>\n<nav><ul class='ez-toc-list ez-toc-list-level-1' ><li class='ez-toc-page-1 ez-toc-heading-level-2'><a class=\"ez-toc-link ez-toc-heading-1\" href=\"https:\/\/plas.co\/cs\/produkty\/automobilove-formy\/#What_is_Automotive_Mould\" >Co je automobilov\u00e1 forma<\/a><ul class='ez-toc-list-level-3' ><li class='ez-toc-heading-level-3'><a class=\"ez-toc-link ez-toc-heading-2\" href=\"https:\/\/plas.co\/cs\/produkty\/automobilove-formy\/#Type_of_Automotive_Mould\" >Typ automobilov\u00e9 formy<\/a><\/li><li class='ez-toc-page-1 ez-toc-heading-level-3'><a class=\"ez-toc-link ez-toc-heading-3\" href=\"https:\/\/plas.co\/cs\/produkty\/automobilove-formy\/#Applications_of_Automotive_Mould\" >Aplikace forem pro automobilov\u00fd pr\u016fmysl<\/a><\/li><li class='ez-toc-page-1 ez-toc-heading-level-3'><a class=\"ez-toc-link ez-toc-heading-4\" href=\"https:\/\/plas.co\/cs\/produkty\/automobilove-formy\/#Which_country_of_automotive_mould_suppliers_that_you_should_work_with\" >Se kter\u00fdmi dodavateli forem pro automobilov\u00fd pr\u016fmysl byste m\u011bli spolupracovat?<\/a><\/li><\/ul><\/li><\/ul><\/nav><\/div>\n<h2><span class=\"ez-toc-section\" id=\"What_is_Automotive_Mould\"><\/span>Co je automobilov\u00e1 forma<span class=\"ez-toc-section-end\"><\/span><\/h2>\n<p><a href=\"https:\/\/plas.co\/cs\/produkty\/automobilove-formy\/\"><em><strong>Automobilov\u00e9 formy<\/strong><\/em><\/a>, zn\u00e1m\u00fd tak\u00e9 jako forma na auto nebo <a href=\"http:\/\/www.sheetmetalmasion.com\" target=\"_blank\" rel=\"noopener\">automobilov\u00e1 forma<\/a>, je n\u00e1stroj pou\u017e\u00edvan\u00fd p\u0159i v\u00fdrob\u011b r\u016fzn\u00fdch d\u00edl\u016f a sou\u010d\u00e1st\u00ed automobil\u016f. Je to za\u0159\u00edzen\u00ed, kter\u00e9 se pou\u017e\u00edv\u00e1 k tvarov\u00e1n\u00ed a formov\u00e1n\u00ed materi\u00e1l\u016f, jako jsou plasty, kovy a kompozity, do po\u017eadovan\u00e9ho tvaru kone\u010dn\u00e9ho v\u00fdrobku,<\/p>\n<p>Automobilov\u00e9 formy mohou m\u00edt r\u016fzn\u00e9 podoby v z\u00e1vislosti na slo\u017eitosti vyr\u00e1b\u011bn\u00e9ho d\u00edlu. Nap\u0159\u00edklad vst\u0159ikovac\u00ed formy se pou\u017e\u00edvaj\u00ed k v\u00fdrob\u011b plastov\u00fdch d\u00edl\u016f pro automobily se slo\u017eitou geometri\u00ed, zat\u00edmco lisovac\u00ed formy se pou\u017e\u00edvaj\u00ed k v\u00fdrob\u011b velk\u00fdch a siln\u00fdch d\u00edl\u016f, jako jsou n\u00e1razn\u00edky a palubn\u00ed desky, z kompozitn\u00edch materi\u00e1l\u016f.<\/p>\n<p>Pou\u017eit\u00ed forem pro automobilov\u00fd pr\u016fmysl ve v\u00fdrobn\u00edm procesu umo\u017e\u0148uje vysokou m\u00edru p\u0159esnosti a preciznosti, stejn\u011b jako schopnost vyr\u00e1b\u011bt velk\u00e9 objemy komponent\u016f se st\u00e1lou kvalitou. Pou\u017e\u00edv\u00e1n\u00ed forem tak\u00e9 pom\u00e1h\u00e1 sni\u017eovat mno\u017estv\u00ed odpadu a zvy\u0161ovat efektivitu v\u00fdrobn\u00edho procesu. to je str\u00e1nka, o kter\u00e9 se v\u00e1\u017en\u011b bav\u00edme <a href=\"http:\/\/plas.co\/cs\/vstrikovaci-formy-pro-automobilovy-prumysl\/\">vst\u0159ikovac\u00ed formy pro automobilov\u00fd pr\u016fmysl<\/a>.<\/p>\n<h3><span class=\"ez-toc-section\" id=\"Type_of_Automotive_Mould\"><\/span>Typ automobilov\u00e9 formy<span class=\"ez-toc-section-end\"><\/span><\/h3>\n<p>Automobilov\u00e9 formy se pou\u017e\u00edvaj\u00ed p\u0159i v\u00fdrob\u011b r\u016fzn\u00fdch d\u00edl\u016f a sou\u010d\u00e1st\u00ed automobil\u016f. Existuje mnoho typ\u016f automobilov\u00fdch forem, zde jsou uvedeny n\u011bkter\u00e9 typy automobilov\u00fdch forem:<\/p>\n<ol>\n<li>Vst\u0159ikovac\u00ed formy: Tyto formy se pou\u017e\u00edvaj\u00ed k v\u00fdrob\u011b plastov\u00fdch d\u00edl\u016f pro automobily. Vst\u0159ikov\u00e1n\u00ed je obl\u00edben\u00e1 metoda pro v\u00fdrobu velk\u00fdch objem\u016f plastov\u00fdch d\u00edl\u016f se slo\u017eitou geometri\u00ed, a to je tak\u00e9 n\u00e1\u0161 obor podnik\u00e1n\u00ed, pokud pot\u0159ebujete vst\u0159ikovac\u00ed formu pro automobilov\u00fd pr\u016fmysl, kontaktujte n\u00e1s a z\u00edskejte cenu.<\/li>\n<li>Tlakov\u00e9 formy: Tyto formy se pou\u017e\u00edvaj\u00ed k v\u00fdrob\u011b velk\u00fdch a siln\u00fdch automobilov\u00fdch d\u00edl\u016f, jako jsou n\u00e1razn\u00edky a palubn\u00ed desky, z kompozitn\u00edch materi\u00e1l\u016f.<\/li>\n<li>Vyfukovac\u00ed formy: Tyto formy se pou\u017e\u00edvaj\u00ed k v\u00fdrob\u011b dut\u00fdch plastov\u00fdch sou\u010d\u00e1st\u00ed, jako jsou palivov\u00e9 n\u00e1dr\u017ee a vzduchov\u00e9 kan\u00e1ly.<\/li>\n<li>Termoformovac\u00ed formy: Tyto formy se pou\u017e\u00edvaj\u00ed k v\u00fdrob\u011b plastov\u00fdch d\u00edl\u016f s malou hloubkou, jako jsou dve\u0159n\u00ed v\u00fdpln\u011b a p\u0159\u00edstrojov\u00e9 desky.<\/li>\n<li>Formy pro tlakov\u00e9 lit\u00ed: Tyto formy se pou\u017e\u00edvaj\u00ed k v\u00fdrob\u011b kovov\u00fdch sou\u010d\u00e1st\u00ed, jako jsou bloky motor\u016f a sk\u0159\u00edn\u011b p\u0159evodovek, pomoc\u00ed vysokotlak\u00e9ho vst\u0159ikov\u00e1n\u00ed.<\/li>\n<li>Gumov\u00e9 formy: Tyto formy se pou\u017e\u00edvaj\u00ed k v\u00fdrob\u011b pry\u017eov\u00fdch d\u00edl\u016f, jako jsou t\u011bsn\u011bn\u00ed a ucp\u00e1vky, pro automobilov\u00fd pr\u016fmysl.<\/li>\n<li>Vytla\u010dovac\u00ed formy: Tyto formy se pou\u017e\u00edvaj\u00ed k v\u00fdrob\u011b dlouh\u00fdch plastov\u00fdch d\u00edl\u016f, jako jsou okenn\u00ed t\u011bsn\u011bn\u00ed a li\u0161ty proti pov\u011btrnostn\u00edm vliv\u016fm, protla\u010dov\u00e1n\u00edm materi\u00e1lu p\u0159es lisovac\u00ed formu.<\/li>\n<\/ol>\n<p>Ka\u017ed\u00fd typ automobilov\u00e9 formy m\u00e1 sv\u00e9 jedine\u010dn\u00e9 v\u00fdhody a nev\u00fdhody a v\u00fdb\u011br formy z\u00e1vis\u00ed na konkr\u00e9tn\u00edch po\u017eadavc\u00edch vyr\u00e1b\u011bn\u00e9ho d\u00edlu.<\/p>\n<h3><span class=\"ez-toc-section\" id=\"Applications_of_Automotive_Mould\"><\/span>Aplikace forem pro automobilov\u00fd pr\u016fmysl<span class=\"ez-toc-section-end\"><\/span><\/h3>\n<p><a href=\"https:\/\/www.plasticmold.net\/injection-molding-automotive\/\" target=\"_blank\" rel=\"noopener\">Automobilov\u00e9 formy<\/a> maj\u00ed v automobilov\u00e9m pr\u016fmyslu \u0161irok\u00e9 uplatn\u011bn\u00ed. Zde jsou n\u011bkter\u00e9 z aplikac\u00ed forem pro automobilov\u00fd pr\u016fmysl:<\/p>\n<ol>\n<li>Vn\u011bj\u0161\u00ed sou\u010d\u00e1sti: Automobilov\u00e9 formy se pou\u017e\u00edvaj\u00ed k v\u00fdrob\u011b r\u016fzn\u00fdch vn\u011bj\u0161\u00edch sou\u010d\u00e1st\u00ed vozidel, jako jsou n\u00e1razn\u00edky, m\u0159\u00ed\u017eky, blatn\u00edky, kapoty a dve\u0159e.<\/li>\n<li>Sou\u010d\u00e1sti interi\u00e9ru: Formy se pou\u017e\u00edvaj\u00ed k v\u00fdrob\u011b interi\u00e9rov\u00fdch sou\u010d\u00e1st\u00ed vozidel, jako jsou palubn\u00ed deska, v\u00fdpln\u011b dve\u0159\u00ed, sedadla a volanty.<\/li>\n<li>Komponenty osv\u011btlen\u00ed: Automobilov\u00e9 formy se pou\u017e\u00edvaj\u00ed k v\u00fdrob\u011b r\u016fzn\u00fdch sv\u011bteln\u00fdch komponent\u016f vozidel, jako jsou sv\u011btlomety, zadn\u00ed sv\u011btla a \u010do\u010dky sm\u011brovek.<\/li>\n<li>Sou\u010d\u00e1sti motoru: Formy se pou\u017e\u00edvaj\u00ed k v\u00fdrob\u011b r\u016fzn\u00fdch sou\u010d\u00e1st\u00ed motor\u016f vozidel, jako jsou bloky motor\u016f, hlavy v\u00e1lc\u016f a sac\u00ed potrub\u00ed.<\/li>\n<li>Sou\u010d\u00e1sti p\u0159evodovky: Formy se pou\u017e\u00edvaj\u00ed k v\u00fdrob\u011b r\u016fzn\u00fdch p\u0159evodov\u00fdch sou\u010d\u00e1st\u00ed vozidel, jako jsou p\u0159evodov\u00e9 sk\u0159\u00edn\u011b a p\u0159evodovky.<\/li>\n<li>Sou\u010d\u00e1sti zav\u011b\u0161en\u00ed: Automobilov\u00e9 formy se pou\u017e\u00edvaj\u00ed k v\u00fdrob\u011b r\u016fzn\u00fdch sou\u010d\u00e1st\u00ed zav\u011b\u0161en\u00ed vozidel, jako jsou \u0159\u00eddic\u00ed ramena a kulov\u00e9 \u010depy.<\/li>\n<li>Elektrick\u00e9 komponenty: Formy se pou\u017e\u00edvaj\u00ed k v\u00fdrob\u011b r\u016fzn\u00fdch elektrick\u00fdch sou\u010d\u00e1st\u00ed vozidel, jako jsou kabelov\u00e9 svazky a konektory.<\/li>\n<\/ol>\n<p>Automobilov\u00e9 formy se pou\u017e\u00edvaj\u00ed p\u0159i v\u00fdrob\u011b t\u00e9m\u011b\u0159 v\u0161ech sou\u010d\u00e1st\u00ed vozidla, od karoserie a interi\u00e9ru a\u017e po motor a elektrick\u00fd syst\u00e9m.<\/p>\n<h3><span class=\"ez-toc-section\" id=\"Which_country_of_automotive_mould_suppliers_that_you_should_work_with\"><\/span>Se kter\u00fdmi dodavateli forem pro automobilov\u00fd pr\u016fmysl byste m\u011bli spolupracovat?<span class=\"ez-toc-section-end\"><\/span><\/h3>\n<p>Existuje mnoho zem\u00ed, kter\u00e9 jsou v automobilov\u00e9m pr\u016fmyslu siln\u011b zastoupeny a maj\u00ed rozvinut\u00e9 odborn\u00e9 znalosti v oblasti v\u00fdroby forem. N\u011bkter\u00e9 z nejv\u00fdznamn\u011bj\u0161\u00edch zem\u00ed pro <em><strong>dodavatel\u00e9 forem pro automobilov\u00fd pr\u016fmysl<\/strong><\/em> pat\u0159\u00ed \u010c\u00edna, N\u011bmecko, Japonsko, Spojen\u00e9 st\u00e1ty a Ji\u017en\u00ed Korea. Ka\u017ed\u00e1 z t\u011bchto zem\u00ed v\u0161ak m\u016f\u017ee m\u00edt jin\u00e9 siln\u00e9 a slab\u00e9 str\u00e1nky a je d\u016fle\u017eit\u00e9 zv\u00e1\u017eit faktory, jako je jazyk, kultura, logistika a pr\u00e1va du\u0161evn\u00edho vlastnictv\u00ed.<\/p>\n<p>P\u0159i v\u00fdb\u011bru dodavatele je d\u016fle\u017eit\u00e9 prov\u00e9st d\u016fkladn\u00fd pr\u016fzkum, ov\u011b\u0159it si jeho pov\u011b\u0159en\u00ed a prov\u011b\u0159it jeho v\u00fdrobn\u00ed postupy. Je tak\u00e9 dobr\u00e9 vy\u017e\u00e1dat si vzorky a pokud mo\u017eno se s dodavatelem osobn\u011b setkat, abyste se ujistili, \u017ee dok\u00e1\u017ee splnit va\u0161e konkr\u00e9tn\u00ed pot\u0159eby a po\u017eadavky. V\u00fdb\u011br zem\u011b, se kterou budete spolupracovat, bude nakonec z\u00e1viset na va\u0161ich individu\u00e1ln\u00edch pot\u0159eb\u00e1ch a preferenc\u00edch.<\/p>\n<div id=\"attachment_937\" style=\"width: 810px\" class=\"wp-caption aligncenter\"><a href=\"http:\/\/plas.co\/wp-content\/uploads\/2023\/02\/automotive-molds-1.jpg\"><img decoding=\"async\" aria-describedby=\"caption-attachment-937\" class=\"wp-image-937 size-full\" src=\"http:\/\/plas.co\/wp-content\/uploads\/2023\/02\/automotive-molds-1.jpg\" alt=\"Automobilov\u00e9 formy\" width=\"800\" height=\"600\" srcset=\"https:\/\/plas.co\/wp-content\/uploads\/2023\/02\/automotive-molds-1.jpg 800w, https:\/\/plas.co\/wp-content\/uploads\/2023\/02\/automotive-molds-1-300x225.jpg 300w, https:\/\/plas.co\/wp-content\/uploads\/2023\/02\/automotive-molds-1-768x576.jpg 768w, https:\/\/plas.co\/wp-content\/uploads\/2023\/02\/automotive-molds-1-705x529.jpg 705w\" sizes=\"(max-width: 800px) 100vw, 800px\" \/><\/a><p id=\"caption-attachment-937\" class=\"wp-caption-text\">Automobilov\u00e9 formy<\/p><\/div>\n<p>Podle \u00fadaj\u016f, kter\u00e9 ukazuj\u00ed, \u017ee v\u011bt\u0161ina v\u00fdrobc\u016f automobil\u016f nakupuje formy pro automobilov\u00fd pr\u016fmysl od \u010d\u00ednsk\u00fdch dodavatel\u016f forem, si mo\u017en\u00e1 kladete ot\u00e1zku, pro\u010d tolik automobilov\u00fdch spole\u010dnost\u00ed nakupuje formy pro automobilov\u00fd pr\u016fmysl z \u010c\u00edny? Odpov\u011b\u010f v\u00e1m m\u016f\u017ee d\u00e1t n\u00e1sleduj\u00edc\u00ed text:<\/p>\n<ol>\n<li>N\u00e1kladov\u00e1 efektivita: Jedn\u00edm z hlavn\u00edch d\u016fvod\u016f spolupr\u00e1ce s \u010d\u00ednsk\u00fdmi dodavateli automobilov\u00fdch forem je n\u00e1kladov\u00e1 efektivita. \u010c\u00edna m\u00e1 rozs\u00e1hl\u00fd a vysoce konkurenceschopn\u00fd pr\u016fmysl v\u00fdroby forem s ni\u017e\u0161\u00edmi n\u00e1klady na pracovn\u00ed s\u00edlu, ni\u017e\u0161\u00edmi n\u00e1klady na materi\u00e1l a dostupn\u011bj\u0161\u00edmi re\u017eijn\u00edmi n\u00e1klady ne\u017e mnoho jin\u00fdch zem\u00ed. To m\u016f\u017ee v\u00e9st k ni\u017e\u0161\u00edm cen\u00e1m vysoce kvalitn\u00edch forem, kter\u00e9 spl\u0148uj\u00ed mezin\u00e1rodn\u00ed normy.<\/li>\n<li>V\u00fdrobn\u00ed kapacita: \u010c\u00edna m\u00e1 rozs\u00e1hl\u00fd a dob\u0159e rozvinut\u00fd v\u00fdrobn\u00ed pr\u016fmysl s vysp\u011blou technologi\u00ed a vybaven\u00edm a siln\u00fdm d\u016frazem na kontrolu kvality. \u010c\u00edn\u0161t\u00ed dodavatel\u00e9 forem pro automobilov\u00fd pr\u016fmysl maj\u00ed zku\u0161enosti s v\u00fdrobou forem pro \u0161irokou \u0161k\u00e1lu aplikac\u00ed, v\u010detn\u011b slo\u017eit\u00fdch geometri\u00ed, forem s v\u00edce dutinami a velk\u00fdch v\u00fdrobn\u00edch s\u00e9ri\u00ed.<\/li>\n<li>\u0160irok\u00e1 \u0161k\u00e1la materi\u00e1l\u016f: Dodavatel\u00e9 forem pro automobilov\u00fd pr\u016fmysl v \u010c\u00edn\u011b maj\u00ed p\u0159\u00edstup k \u0161irok\u00e9 \u0161k\u00e1le materi\u00e1l\u016f, v\u010detn\u011b plast\u016f, kov\u016f a kompozit\u016f. To jim umo\u017e\u0148uje vybrat nejvhodn\u011bj\u0161\u00ed materi\u00e1l pro ka\u017edou aplikaci s ohledem na faktory, jako je odolnost, hmotnost a n\u00e1klady.<\/li>\n<li>\u0160k\u00e1lovatelnost: Dodavatel\u00e9 forem pro automobilov\u00fd pr\u016fmysl v \u010c\u00edn\u011b jsou schopni vyr\u00e1b\u011bt formy ve velk\u00fdch objemech, co\u017e m\u016f\u017ee b\u00fdt d\u016fle\u017eit\u00e9 pro v\u00fdrobce automobil\u016f s vysok\u00fdmi po\u017eadavky na v\u00fdrobu. \u010c\u00edn\u0161t\u00ed dodavatel\u00e9 mohou tak\u00e9 zajistit rychl\u00e9 vy\u0159\u00edzen\u00ed nal\u00e9hav\u00fdch objedn\u00e1vek.<\/li>\n<li>Technick\u00e9 znalosti: \u010c\u00edna disponuje velk\u00fdm po\u010dtem kvalifikovan\u00fdch in\u017een\u00fdr\u016f a technik\u016f s odborn\u00fdmi znalostmi v oblasti konstrukce a v\u00fdroby forem. Mnoz\u00ed \u010d\u00edn\u0161t\u00ed dodavatel\u00e9 forem maj\u00ed siln\u00e9 kapacity v oblasti v\u00fdzkumu a v\u00fdvoje a mohou nab\u00eddnout \u0159e\u0161en\u00ed na m\u00edru, aby splnili specifick\u00e9 po\u017eadavky z\u00e1kazn\u00edk\u016f.<\/li>\n<\/ol>\n<p>P\u0159i zva\u017eov\u00e1n\u00ed spolupr\u00e1ce s <em><strong>Dodavatel\u00e9 forem pro automobilov\u00fd pr\u016fmysl v \u010c\u00edn\u011b<\/strong><\/em>, je d\u016fle\u017eit\u00e9 prov\u00e9st d\u016fkladn\u00fd pr\u016fzkum, zkontrolovat jejich pov\u011b\u0159en\u00ed a prov\u011b\u0159it jejich v\u00fdrobn\u00ed procesy, abyste se ujistili, \u017ee spl\u0148uj\u00ed va\u0161e o\u010dek\u00e1v\u00e1n\u00ed ohledn\u011b kvality a dod\u00e1vek.<\/p>\n<p>V \u00favahu je t\u0159eba vz\u00edt tak\u00e9 jazyk, kulturu, logistiku a pr\u00e1va du\u0161evn\u00edho vlastnictv\u00ed. Je d\u016fle\u017eit\u00e9 vybrat <a href=\"http:\/\/plas.co\/cs\/\">dodavatel\u00e9 forem<\/a> kter\u00fd dok\u00e1\u017ee splnit va\u0161e specifick\u00e9 pot\u0159eby a po\u017eadavky a kter\u00fd m\u00e1 prokazateln\u00e9 zku\u0161enosti s dod\u00e1v\u00e1n\u00edm vysoce kvalitn\u00edch produkt\u016f v\u010das a v r\u00e1mci rozpo\u010dtu.<\/p>\n<\/div><\/section>","protected":false},"excerpt":{"rendered":"","protected":false},"author":1,"featured_media":931,"parent":17,"menu_order":0,"comment_status":"open","ping_status":"open","template":"","meta":{"footnotes":""},"class_list":["post-100","page","type-page","status-publish","has-post-thumbnail","hentry"],"_links":{"self":[{"href":"https:\/\/plas.co\/cs\/wp-json\/wp\/v2\/pages\/100","targetHints":{"allow":["GET"]}}],"collection":[{"href":"https:\/\/plas.co\/cs\/wp-json\/wp\/v2\/pages"}],"about":[{"href":"https:\/\/plas.co\/cs\/wp-json\/wp\/v2\/types\/page"}],"author":[{"embeddable":true,"href":"https:\/\/plas.co\/cs\/wp-json\/wp\/v2\/users\/1"}],"replies":[{"embeddable":true,"href":"https:\/\/plas.co\/cs\/wp-json\/wp\/v2\/comments?post=100"}],"version-history":[{"count":1,"href":"https:\/\/plas.co\/cs\/wp-json\/wp\/v2\/pages\/100\/revisions"}],"predecessor-version":[{"id":2818,"href":"https:\/\/plas.co\/cs\/wp-json\/wp\/v2\/pages\/100\/revisions\/2818"}],"up":[{"embeddable":true,"href":"https:\/\/plas.co\/cs\/wp-json\/wp\/v2\/pages\/17"}],"wp:featuredmedia":[{"embeddable":true,"href":"https:\/\/plas.co\/cs\/wp-json\/wp\/v2\/media\/931"}],"wp:attachment":[{"href":"https:\/\/plas.co\/cs\/wp-json\/wp\/v2\/media?parent=100"}],"curies":[{"name":"wp","href":"https:\/\/api.w.org\/{rel}","templated":true}]}}