{"id":103,"date":"2014-09-20T16:59:07","date_gmt":"2014-09-20T08:59:07","guid":{"rendered":"http:\/\/andy-mold.com\/?page_id=103"},"modified":"2023-02-24T22:57:10","modified_gmt":"2023-02-24T14:57:10","slug":"vstrikovani-obalu","status":"publish","type":"page","link":"https:\/\/plas.co\/cs\/vstrikovani-obalu\/","title":{"rendered":"Obaly pro vst\u0159ikov\u00e1n\u00ed"},"content":{"rendered":"<div  class='flex_column av-av_one_full-7714eba142aeda1f8b5272a3c372b279 av_one_full  avia-builder-el-0  avia-builder-el-no-sibling  first flex_column_div'     ><section  class='av_textblock_section av-leinkoqn-2ce71e3bca6dba456b9c8fbc10182ea3'   itemscope=\"itemscope\" itemtype=\"https:\/\/schema.org\/CreativeWork\" ><div class='avia_textblock'  itemprop=\"text\" ><div id=\"ez-toc-container\" class=\"ez-toc-v2_0_82_2 counter-hierarchy ez-toc-counter ez-toc-grey ez-toc-container-direction\">\n<div class=\"ez-toc-title-container\">\n<p class=\"ez-toc-title\" style=\"cursor:inherit\">Obsah<\/p>\n<span class=\"ez-toc-title-toggle\"><a href=\"#\" class=\"ez-toc-pull-right ez-toc-btn ez-toc-btn-xs ez-toc-btn-default ez-toc-toggle\" aria-label=\"P\u0159epnut\u00ed tabulky obsahu\"><span class=\"ez-toc-js-icon-con\"><span class=\"\"><span class=\"eztoc-hide\" style=\"display:none;\">P\u0159ep\u00edn\u00e1n\u00ed<\/span><span class=\"ez-toc-icon-toggle-span\"><svg style=\"fill: #999;color:#999\" xmlns=\"http:\/\/www.w3.org\/2000\/svg\" class=\"list-377408\" width=\"20px\" height=\"20px\" viewbox=\"0 0 24 24\" fill=\"none\"><path d=\"M6 6H4v2h2V6zm14 0H8v2h12V6zM4 11h2v2H4v-2zm16 0H8v2h12v-2zM4 16h2v2H4v-2zm16 0H8v2h12v-2z\" fill=\"currentColor\"><\/path><\/svg><svg style=\"fill: #999;color:#999\" class=\"arrow-unsorted-368013\" xmlns=\"http:\/\/www.w3.org\/2000\/svg\" width=\"10px\" height=\"10px\" viewbox=\"0 0 24 24\" version=\"1.2\" baseprofile=\"tiny\"><path d=\"M18.2 9.3l-6.2-6.3-6.2 6.3c-.2.2-.3.4-.3.7s.1.5.3.7c.2.2.4.3.7.3h11c.3 0 .5-.1.7-.3.2-.2.3-.5.3-.7s-.1-.5-.3-.7zM5.8 14.7l6.2 6.3 6.2-6.3c.2-.2.3-.5.3-.7s-.1-.5-.3-.7c-.2-.2-.4-.3-.7-.3h-11c-.3 0-.5.1-.7.3-.2.2-.3.5-.3.7s.1.5.3.7z\"\/><\/svg><\/span><\/span><\/span><\/a><\/span><\/div>\n<nav><ul class='ez-toc-list ez-toc-list-level-1' ><li class='ez-toc-page-1 ez-toc-heading-level-2'><a class=\"ez-toc-link ez-toc-heading-1\" href=\"https:\/\/plas.co\/cs\/vstrikovani-obalu\/#What_is_injection_mold_packaging\" >Co je balen\u00ed do vst\u0159ikovac\u00edch forem<\/a><ul class='ez-toc-list-level-3' ><li class='ez-toc-heading-level-3'><a class=\"ez-toc-link ez-toc-heading-2\" href=\"https:\/\/plas.co\/cs\/vstrikovani-obalu\/#Section_1_The_Benefits_of_Injection_Molding_for_Packaging\" >Odd\u00edl 1: V\u00fdhody vst\u0159ikov\u00e1n\u00ed plast\u016f pro obaly<\/a><\/li><li class='ez-toc-page-1 ez-toc-heading-level-3'><a class=\"ez-toc-link ez-toc-heading-3\" href=\"https:\/\/plas.co\/cs\/vstrikovani-obalu\/#Section_2_The_Different_Types_of_Materials_Used_in_Injection_Molding_for_Packaging\" >Odd\u00edl 2: R\u016fzn\u00e9 typy materi\u00e1l\u016f pou\u017e\u00edvan\u00fdch p\u0159i vst\u0159ikov\u00e1n\u00ed pro obaly<\/a><\/li><li class='ez-toc-page-1 ez-toc-heading-level-3'><a class=\"ez-toc-link ez-toc-heading-4\" href=\"https:\/\/plas.co\/cs\/vstrikovani-obalu\/#Section_3_The_Process_of_Injection_Molding\" >Odd\u00edl 3: Proces vst\u0159ikov\u00e1n\u00ed plast\u016f<\/a><\/li><li class='ez-toc-page-1 ez-toc-heading-level-3'><a class=\"ez-toc-link ez-toc-heading-5\" href=\"https:\/\/plas.co\/cs\/vstrikovani-obalu\/#Section_4_The_Various_Applications_of_Injection_Molding_in_Packaging\" >Odd\u00edl 4: R\u016fzn\u00e9 aplikace vst\u0159ikov\u00e1n\u00ed plast\u016f v obalech<\/a><\/li><li class='ez-toc-page-1 ez-toc-heading-level-3'><a class=\"ez-toc-link ez-toc-heading-6\" href=\"https:\/\/plas.co\/cs\/vstrikovani-obalu\/#Injection_mold_resin_for_cosmetic_packaging\" >Vst\u0159ikovac\u00ed prysky\u0159ice pro kosmetick\u00e9 obaly<\/a><\/li><li class='ez-toc-page-1 ez-toc-heading-level-3'><a class=\"ez-toc-link ez-toc-heading-7\" href=\"https:\/\/plas.co\/cs\/vstrikovani-obalu\/#Injection_molds_for_packaging\" >Vst\u0159ikovac\u00ed formy pro obaly<\/a><ul class='ez-toc-list-level-4' ><li class='ez-toc-heading-level-4'><a class=\"ez-toc-link ez-toc-heading-8\" href=\"https:\/\/plas.co\/cs\/vstrikovani-obalu\/#Conclusion\" >Z\u00e1v\u011br:<\/a><\/li><\/ul><\/li><\/ul><\/li><\/ul><\/nav><\/div>\n<h2><span class=\"ez-toc-section\" id=\"What_is_injection_mold_packaging\"><\/span>Co je balen\u00ed do vst\u0159ikovac\u00edch forem<span class=\"ez-toc-section-end\"><\/span><\/h2>\n<p><strong><em>Vst\u0159ikov\u00e1n\u00ed obal\u016f<\/em><\/strong> je v\u00fdrobn\u00ed proces pou\u017e\u00edvan\u00fd k v\u00fdrob\u011b \u0161irok\u00e9 \u0161k\u00e1ly plastov\u00fdch obal\u016f, jako jsou l\u00e1hve, sklenice, n\u00e1doby a uz\u00e1v\u011bry. Proces zahrnuje vst\u0159ikov\u00e1n\u00ed roztaven\u00e9ho plastov\u00e9ho materi\u00e1lu do dutiny formy, kter\u00e1 je navr\u017eena tak, aby vytvo\u0159ila po\u017eadovan\u00fd tvar obalov\u00e9ho v\u00fdrobku.<\/p>\n<p>Plastov\u00fd materi\u00e1l pou\u017eit\u00fd pro vst\u0159ikov\u00e1n\u00ed se m\u016f\u017ee li\u0161it v z\u00e1vislosti na konkr\u00e9tn\u00ed aplikaci a po\u017eadavc\u00edch na obalov\u00fd produkt. N\u011bkter\u00e9 z b\u011b\u017en\u011b pou\u017e\u00edvan\u00fdch plastov\u00fdch materi\u00e1l\u016f pro <em>vst\u0159ikovan\u00e9 plastov\u00e9 obaly<\/em> pat\u0159\u00ed polyethylen (PE), polypropylen (PP), polyethylentereftal\u00e1t (PET), polystyren (PS) a akrylonitrilbutadienstyren (ABS).<\/p>\n<p>Proces vst\u0159ikov\u00e1n\u00ed plastov\u00fdch obal\u016f zahrnuje n\u011bkolik krok\u016f, v\u010detn\u011b:<\/p>\n<ol>\n<li>N\u00e1vrh formy - forma je navr\u017eena tak, aby vytvo\u0159ila po\u017eadovan\u00fd tvar a vlastnosti obalov\u00e9ho v\u00fdrobku. Forma m\u016f\u017ee b\u00fdt vyrobena z oceli nebo hlin\u00edku a skl\u00e1d\u00e1 se ze dvou polovin, kter\u00e9 jsou k sob\u011b p\u0159i\u0161roubov\u00e1ny.<\/li>\n<li>P\u0159\u00edprava plastov\u00e9ho materi\u00e1lu - Plastov\u00fd materi\u00e1l se roztav\u00ed a p\u0159iprav\u00ed ke vst\u0159ikov\u00e1n\u00ed. Plastov\u00e9 pelety se vlo\u017e\u00ed do vst\u0159ikovac\u00edho stroje, kde se roztav\u00ed a sm\u00edchaj\u00ed s p\u0159\u00edsadami, jako jsou barviva a stabiliz\u00e1tory.<\/li>\n<li>Vst\u0159ikov\u00e1n\u00ed - roztaven\u00fd plastov\u00fd materi\u00e1l se vst\u0159ikuje do dutiny formy pod vysok\u00fdm tlakem. Plastov\u00fd materi\u00e1l vypln\u00ed dutinu a z\u00edsk\u00e1 tvar formy.<\/li>\n<li>Chlazen\u00ed a tuhnut\u00ed - plastov\u00fd materi\u00e1l se nech\u00e1 ve form\u011b vychladnout a ztuhnout. Po \u00fapln\u00e9m ztuhnut\u00ed plastov\u00e9ho materi\u00e1lu se ob\u011b poloviny formy odd\u011bl\u00ed a hotov\u00fd v\u00fdrobek se vysune.<\/li>\n<\/ol>\n<p><em>vst\u0159ikovan\u00e9 plastov\u00e9 obaly<\/em> je \u0161iroce pou\u017e\u00edvan\u00fd v\u00fdrobn\u00ed proces pro v\u00fdrobu plastov\u00fdch obal\u016f.<\/p>\n<div id=\"attachment_395\" style=\"width: 692px\" class=\"wp-caption aligncenter\"><a href=\"http:\/\/plas.co\/wp-content\/uploads\/2016\/02\/Product-01.jpg\"><img decoding=\"async\" aria-describedby=\"caption-attachment-395\" class=\"wp-image-395 size-full\" src=\"http:\/\/plas.co\/wp-content\/uploads\/2016\/02\/Product-01.jpg\" alt=\"vst\u0159ikov\u00e1n\u00ed obal\u016f\" width=\"682\" height=\"488\" srcset=\"https:\/\/plas.co\/wp-content\/uploads\/2016\/02\/Product-01.jpg 682w, https:\/\/plas.co\/wp-content\/uploads\/2016\/02\/Product-01-300x215.jpg 300w\" sizes=\"(max-width: 682px) 100vw, 682px\" \/><\/a><p id=\"caption-attachment-395\" class=\"wp-caption-text\">vst\u0159ikov\u00e1n\u00ed obal\u016f<\/p><\/div>\n<p>Obal je kl\u00ed\u010dov\u00fdm aspektem ka\u017ed\u00e9ho v\u00fdrobku. Slou\u017e\u00ed jako prvn\u00ed dojem a m\u016f\u017ee ovlivnit rozhodov\u00e1n\u00ed spot\u0159ebitel\u016f. S rostouc\u00ed popt\u00e1vkou po udr\u017eiteln\u00fdch a ekologick\u00fdch obalov\u00fdch \u0159e\u0161en\u00edch se pot\u0159eba efektivn\u00edch v\u00fdrobn\u00edch proces\u016f stala d\u016fle\u017eit\u011bj\u0161\u00ed ne\u017e kdykoli p\u0159edt\u00edm. Vst\u0159ikov\u00e1n\u00ed je jedn\u00edm z takov\u00fdch proces\u016f, kter\u00fd zp\u016fsobil revoluci v obalov\u00e9m pr\u016fmyslu. V tomto obs\u00e1hl\u00e9m pr\u016fvodci se budeme zab\u00fdvat v\u00fdhodami vst\u0159ikov\u00e1n\u00ed pro obaly, r\u016fzn\u00fdmi typy pou\u017e\u00edvan\u00fdch materi\u00e1l\u016f, procesem vst\u0159ikov\u00e1n\u00ed a r\u016fzn\u00fdmi aplikacemi t\u00e9to technologie v obalech.<\/p>\n<h3><span class=\"ez-toc-section\" id=\"Section_1_The_Benefits_of_Injection_Molding_for_Packaging\"><\/span>Odd\u00edl 1: V\u00fdhody vst\u0159ikov\u00e1n\u00ed plast\u016f pro obaly<span class=\"ez-toc-section-end\"><\/span><\/h3>\n<p>Vst\u0159ikov\u00e1n\u00ed je v\u00fdrobn\u00ed proces, p\u0159i kter\u00e9m se roztaven\u00fd plast vst\u0159ikuje do formy a vytv\u00e1\u0159\u00ed se tak v\u00fdrobek. Tento proces nab\u00edz\u00ed pro obaly n\u011bkolik v\u00fdhod, v\u010detn\u011b:<\/p>\n<p>1.1. N\u00e1kladov\u00e1 efektivita: Vst\u0159ikov\u00e1n\u00ed umo\u017e\u0148uje velkoobjemovou v\u00fdrobu, co\u017e z n\u011bj \u010din\u00ed n\u00e1kladov\u011b efektivn\u00ed \u0159e\u0161en\u00ed pro velkov\u00fdrobu obalov\u00fdch materi\u00e1l\u016f.<\/p>\n<p>1.2. Flexibilita n\u00e1vrhu: Vst\u0159ikov\u00e1n\u00ed nab\u00edz\u00ed konstrukt\u00e9r\u016fm volnost p\u0159i vytv\u00e1\u0159en\u00ed slo\u017eit\u00fdch tvar\u016f a komplikovan\u00fdch konstrukc\u00ed, kter\u00e9 by bylo obt\u00ed\u017en\u00e9 dos\u00e1hnout jin\u00fdmi v\u00fdrobn\u00edmi postupy.<\/p>\n<p>1.3. V\u0161estrannost materi\u00e1lu: Vst\u0159ikov\u00e1n\u00ed lze pou\u017e\u00edt pro \u0161irokou \u0161k\u00e1lu materi\u00e1l\u016f, v\u010detn\u011b termoplast\u016f, termoset\u016f a elastomer\u016f.<\/p>\n<h3><span class=\"ez-toc-section\" id=\"Section_2_The_Different_Types_of_Materials_Used_in_Injection_Molding_for_Packaging\"><\/span>Odd\u00edl 2: R\u016fzn\u00e9 typy materi\u00e1l\u016f pou\u017e\u00edvan\u00fdch p\u0159i vst\u0159ikov\u00e1n\u00ed pro obaly<span class=\"ez-toc-section-end\"><\/span><\/h3>\n<p>2.1. Termoplasty: Termoplasty jsou nej\u010dast\u011bji pou\u017e\u00edvan\u00fdmi materi\u00e1ly pro vst\u0159ikov\u00e1n\u00ed obal\u016f. Jsou odoln\u00e9, lehk\u00e9 a lze je snadno tvarovat do r\u016fzn\u00fdch tvar\u016f a velikost\u00ed.<\/p>\n<p>2.2. Termosety: Termosety jsou ide\u00e1ln\u00ed pro balen\u00ed v\u00fdrobk\u016f, kter\u00e9 vy\u017eaduj\u00ed tepelnou odolnost a vysokou trvanlivost.<\/p>\n<p>2.3. Elastomery: Elastomery se pou\u017e\u00edvaj\u00ed pro balen\u00ed v\u00fdrobk\u016f, kter\u00e9 vy\u017eaduj\u00ed pru\u017enost a m\u011bkkost.<\/p>\n<h3><span class=\"ez-toc-section\" id=\"Section_3_The_Process_of_Injection_Molding\"><\/span>Odd\u00edl 3: Proces vst\u0159ikov\u00e1n\u00ed plast\u016f<span class=\"ez-toc-section-end\"><\/span><\/h3>\n<p>3.1. Konstrukce formy: Prvn\u00edm krokem v procesu vst\u0159ikov\u00e1n\u00ed je n\u00e1vrh formy. Forma je navr\u017eena podle p\u0159esn\u00fdch specifikac\u00ed v\u00fdrobku.<\/p>\n<p>3.2. P\u0159\u00edprava materi\u00e1lu: Vybran\u00fd materi\u00e1l se roztav\u00ed a p\u0159iprav\u00ed ke vst\u0159ikov\u00e1n\u00ed.<\/p>\n<p>3.3. Vst\u0159ikov\u00e1n\u00ed: Tavenina je pod vysok\u00fdm tlakem vst\u0159ikov\u00e1na do formy a vypl\u0148uje dutinu formy.<\/p>\n<p>3.4. Chlazen\u00ed: Forma se ochlad\u00ed, aby plast ztuhl, a v\u00fdrobek se vysune.<\/p>\n<h3><span class=\"ez-toc-section\" id=\"Section_4_The_Various_Applications_of_Injection_Molding_in_Packaging\"><\/span>Odd\u00edl 4: R\u016fzn\u00e9 aplikace vst\u0159ikov\u00e1n\u00ed plast\u016f v obalech<span class=\"ez-toc-section-end\"><\/span><\/h3>\n<p>4.1. Obaly na potraviny: Vst\u0159ikov\u00e1n\u00ed se \u0161iroce pou\u017e\u00edv\u00e1 pro balen\u00ed potravin, v\u010detn\u011b n\u00e1dob, t\u00e1c\u016f a p\u0159\u00edbor\u016f.<\/p>\n<p>4.2. Obaly na n\u00e1poje: Vst\u0159ikov\u00e1n\u00ed se pou\u017e\u00edv\u00e1 tak\u00e9 pro balen\u00ed n\u00e1poj\u016f, v\u010detn\u011b lahv\u00ed a uz\u00e1v\u011br\u016f.<\/p>\n<p>4.3. Kosmetick\u00e9 obaly: Vst\u0159ikov\u00e1n\u00ed se pou\u017e\u00edv\u00e1 pro kosmetick\u00e9 obaly, v\u010detn\u011b n\u00e1dobek, kontejner\u016f a uz\u00e1v\u011br\u016f.<\/p>\n<p>4.4. Zdravotnick\u00e9 obaly: <em>Vst\u0159ikov\u00e1n\u00ed<\/em> se pou\u017e\u00edv\u00e1 pro l\u00e9ka\u0159sk\u00e9 obaly, v\u010detn\u011b injek\u010dn\u00edch st\u0159\u00edka\u010dek, lahvi\u010dek a kontejner\u016f.<\/p>\n<p>Odd\u00edl 5: Vliv vst\u0159ikov\u00e1n\u00ed na udr\u017eiteln\u00e9 obaly<\/p>\n<p>5.1. Biologicky rozlo\u017eiteln\u00e9 materi\u00e1ly: Vst\u0159ikov\u00e1n\u00ed umo\u017enilo v\u00fdrobu biologicky rozlo\u017eiteln\u00fdch obalov\u00fdch materi\u00e1l\u016f, kter\u00e9 jsou \u0161etrn\u00e9 k \u017eivotn\u00edmu prost\u0159ed\u00ed a udr\u017eiteln\u00e9.<\/p>\n<p>5.2. Recyklovateln\u00e9 materi\u00e1ly: Vst\u0159ikov\u00e1n\u00ed tak\u00e9 umo\u017enilo vyr\u00e1b\u011bt obalov\u00e9 materi\u00e1ly, kter\u00e9 jsou snadno recyklovateln\u00e9, co\u017e sni\u017euje mno\u017estv\u00ed vznikaj\u00edc\u00edho odpadu.<\/p>\n<h3><span class=\"ez-toc-section\" id=\"Injection_mold_resin_for_cosmetic_packaging\"><\/span>Vst\u0159ikovac\u00ed prysky\u0159ice pro kosmetick\u00e9 obaly<span class=\"ez-toc-section-end\"><\/span><\/h3>\n<p>Prysky\u0159ice pro vst\u0159ikovac\u00ed formy je d\u016fle\u017eitou sou\u010d\u00e1st\u00ed v\u00fdroby kosmetick\u00fdch obal\u016f. P\u0159i v\u00fdb\u011bru vhodn\u00e9 prysky\u0159ice pro kosmetick\u00e9 obaly je t\u0159eba zv\u00e1\u017eit n\u011bkolik faktor\u016f, v\u010detn\u011b kompatibility v\u00fdrobku s prysky\u0159ic\u00ed, po\u017eadovan\u00fdch fyzik\u00e1ln\u00edch vlastnost\u00ed obalu a v\u00fdrobn\u00edho procesu.<\/p>\n<p>Jednou z nej\u010dast\u011bji pou\u017e\u00edvan\u00fdch prysky\u0159ic pro kosmetick\u00e9 obaly je polypropylen (PP). PP je univerz\u00e1ln\u00ed prysky\u0159ice, kter\u00e1 se snadno formuje, je lehk\u00e1 a m\u00e1 vynikaj\u00edc\u00ed chemickou odolnost. Je ide\u00e1ln\u00ed pro balen\u00ed v\u00fdrobk\u016f, kter\u00e9 vy\u017eaduj\u00ed vysokou odolnost proti vlhkosti, jako jsou kr\u00e9my, ple\u0165ov\u00e9 vody a s\u00e9ra.<\/p>\n<p>Dal\u0161\u00ed obl\u00edbenou prysky\u0159ic\u00ed pro kosmetick\u00e9 obaly je polyethylentereftal\u00e1t (PET). PET je pevn\u00e1 a lehk\u00e1 prysky\u0159ice, kter\u00e1 je ide\u00e1ln\u00ed pro \u010dir\u00e9 obaly, jako jsou l\u00e1hve a sklenice. Vyzna\u010duje se vynikaj\u00edc\u00ed odolnost\u00ed v\u016f\u010di vlhkosti, chemik\u00e1li\u00edm a UV z\u00e1\u0159en\u00ed, co\u017e z n\u00ed \u010din\u00ed obl\u00edbenou volbu pro kosmetick\u00e9 obaly.<\/p>\n<p>Dal\u0161\u00ed prysky\u0159ic\u00ed b\u011b\u017en\u011b pou\u017e\u00edvanou v kosmetick\u00fdch obalech je akrylonitrilbutadienstyren (ABS). ABS je pevn\u00e1 a odoln\u00e1 prysky\u0159ice, kter\u00e1 je ide\u00e1ln\u00ed pro balen\u00ed v\u00fdrobk\u016f vy\u017eaduj\u00edc\u00edch vysokou odolnost proti n\u00e1razu, jako jsou nap\u0159\u00edklad kompakty a pouzdra na rt\u011bnky.<\/p>\n<p>Polykarbon\u00e1t (PC) je \u010dir\u00e1, pevn\u00e1 a lehk\u00e1 prysky\u0159ice, kter\u00e1 je ide\u00e1ln\u00ed pro balen\u00ed v\u00fdrobk\u016f, kter\u00e9 vy\u017eaduj\u00ed vysokou pr\u016fhlednost a odolnost proti n\u00e1razu, jako jsou palety o\u010dn\u00edch st\u00edn\u016f a tuby na rt\u011bnky. Je tak\u00e9 vynikaj\u00edc\u00ed volbou pro v\u00fdrobky, kter\u00e9 vy\u017eaduj\u00ed vysokou tepelnou odolnost.<\/p>\n<p>P\u0159i v\u00fdb\u011bru prysky\u0159ice pro kosmetick\u00e9 obaly je d\u016fle\u017eit\u00e9 zohlednit v\u00fdrobn\u00ed proces. Nejb\u011b\u017en\u011bj\u0161\u00edm v\u00fdrobn\u00edm procesem pro kosmetick\u00e9 obaly je vst\u0159ikov\u00e1n\u00ed, ale ne v\u0161echny prysky\u0159ice jsou pro tento proces vhodn\u00e9. Prysky\u0159ice, kter\u00e9 jsou p\u0159\u00edli\u0161 k\u0159ehk\u00e9 nebo p\u0159\u00edli\u0161 visk\u00f3zn\u00ed, nemus\u00ed b\u00fdt pro vst\u0159ikov\u00e1n\u00ed vhodn\u00e9. Je nezbytn\u00e9 vybrat prysky\u0159ici, kterou lze snadno vst\u0159ikovat, aby byl zaji\u0161t\u011bn konzistentn\u00ed a vysoce kvalitn\u00ed kone\u010dn\u00fd v\u00fdrobek.<\/p>\n<h3><span class=\"ez-toc-section\" id=\"Injection_molds_for_packaging\"><\/span>Vst\u0159ikovac\u00ed formy pro obaly<span class=\"ez-toc-section-end\"><\/span><\/h3>\n<p><em><strong>Vst\u0159ikov\u00e1n\u00ed<\/strong><\/em> je \u0161iroce pou\u017e\u00edvan\u00fd v\u00fdrobn\u00ed proces pro v\u00fdrobu vysoce kvalitn\u00edch a cenov\u011b v\u00fdhodn\u00fdch obal\u016f. Vst\u0159ikovac\u00ed formy na obaly jsou ur\u010deny k vytv\u00e1\u0159en\u00ed \u0161irok\u00e9 \u0161k\u00e1ly tvar\u016f a velikost\u00ed obal\u016f, v\u010detn\u011b lahv\u00ed, sklenic, v\u00ed\u010dek, uz\u00e1v\u011br\u016f a n\u00e1dob.<\/p>\n<p>P\u0159i vst\u0159ikov\u00e1n\u00ed se pou\u017e\u00edv\u00e1 forma, co\u017e je n\u00e1stroj, kter\u00fd je ur\u010den k v\u00fdrob\u011b po\u017eadovan\u00e9ho tvaru obalov\u00e9ho v\u00fdrobku. Forma je obvykle vyrobena z oceli nebo hlin\u00edku a skl\u00e1d\u00e1 se ze dvou polovin, kter\u00e9 jsou k sob\u011b p\u0159i\u0161roubov\u00e1ny. Roztaven\u00fd plastov\u00fd materi\u00e1l se vst\u0159\u00edkne do dutiny formy, a jakmile vychladne a ztuhne, ob\u011b poloviny formy se odd\u011bl\u00ed a uvoln\u00ed se hotov\u00fd v\u00fdrobek.<\/p>\n<p>Jednou z v\u00fdznamn\u00fdch v\u00fdhod <em>vst\u0159ikov\u00e1n\u00ed plast\u016f<\/em> je jeho schopnost vyr\u00e1b\u011bt slo\u017eit\u00e9 a komplikovan\u00e9 tvary s vysokou p\u0159esnost\u00ed a konzistenc\u00ed. Vst\u0159ikovac\u00ed formy pro obaly mohou b\u00fdt navr\u017eeny tak, aby vytv\u00e1\u0159ely v\u00fdrobky s r\u016fzn\u00fdmi prvky, jako jsou nit\u011b, reli\u00e9f, grav\u00edrov\u00e1n\u00ed a textura. D\u00edky t\u00e9to v\u0161estrannosti je vst\u0159ikov\u00e1n\u00ed ide\u00e1ln\u00ed proces pro v\u00fdrobu obalov\u00fdch produkt\u016f s jedine\u010dn\u00fdm a poutav\u00fdm designem.<\/p>\n<p>Dal\u0161\u00ed v\u00fdhodou vst\u0159ikov\u00e1n\u00ed plast\u016f pro obaly je schopnost vyr\u00e1b\u011bt velk\u00e9 objemy v\u00fdrobk\u016f rychl\u00fdm tempem. <a href=\"https:\/\/en.wikipedia.org\/wiki\/Injection_moulding\" target=\"_blank\" rel=\"noopener\">Vst\u0159ikov\u00e1n\u00ed<\/a> stroje mohou vyrobit tis\u00edce v\u00fdrobk\u016f v jednom cyklu, co\u017e z n\u011bj \u010din\u00ed vysoce efektivn\u00ed a n\u00e1kladov\u011b efektivn\u00ed v\u00fdrobn\u00ed proces.<\/p>\n<p>P\u0159i v\u00fdb\u011bru <em>obaly pro vst\u0159ikovac\u00ed formy<\/em>, je t\u0159eba vz\u00edt v \u00favahu n\u011bkolik faktor\u016f, v\u010detn\u011b typu plastov\u00e9ho materi\u00e1lu, po\u017eadovan\u00e9ho tvaru a velikosti v\u00fdrobku a v\u00fdrobn\u00edho procesu. Nap\u0159\u00edklad n\u011bkter\u00e9 plastov\u00e9 materi\u00e1ly vy\u017eaduj\u00ed vysokotlak\u00e9 vst\u0159ikovac\u00ed stroje, aby bylo dosa\u017eeno po\u017eadovan\u00fdch fyzik\u00e1ln\u00edch vlastnost\u00ed, zat\u00edmco jin\u00e9 mohou vy\u017eadovat stroje s ni\u017e\u0161\u00edm tlakem.<\/p>\n<p>Krom\u011b toho m\u016f\u017ee konstrukce formy ovlivnit v\u00fdrobn\u00ed proces a kvalitu kone\u010dn\u00e9ho v\u00fdrobku. Dob\u0159e navr\u017een\u00e1 forma m\u016f\u017ee pomoci omezit v\u00fdrobn\u00ed vady, jako je kroucen\u00ed, propad\u00e1n\u00ed a oplechov\u00e1n\u00ed, a vyr\u00e1b\u011bt v\u00fdrobky s konzistentn\u00ed povrchovou \u00fapravou a kvalitou.<\/p>\n<h4><span class=\"ez-toc-section\" id=\"Conclusion\"><\/span>Z\u00e1v\u011br:<span class=\"ez-toc-section-end\"><\/span><\/h4>\n<p>Vst\u0159ikov\u00e1n\u00ed zp\u016fsobilo revoluci v obalov\u00e9m pr\u016fmyslu a nab\u00edz\u00ed n\u00e1kladov\u011b efektivn\u00ed \u0159e\u0161en\u00ed, flexibilitu designu a v\u0161estrannost materi\u00e1l\u016f. Umo\u017enilo v\u00fdrobu udr\u017eiteln\u00fdch a ekologick\u00fdch obalov\u00fdch \u0159e\u0161en\u00ed, co\u017e z n\u011bj \u010din\u00ed z\u00e1kladn\u00ed technologii pro budoucnost obal\u016f.<\/p>\n<p>Pochopen\u00edm v\u00fdhod vst\u0159ikov\u00e1n\u00ed, r\u016fzn\u00fdch typ\u016f pou\u017e\u00edvan\u00fdch materi\u00e1l\u016f, procesu vst\u0159ikov\u00e1n\u00ed a r\u016fzn\u00fdch aplikac\u00ed t\u00e9to technologie v obalech mohou design\u00e9\u0159i, in\u017een\u00fd\u0159i a odborn\u00edci na balen\u00ed \u010dinit informovan\u00e1 rozhodnut\u00ed, kter\u00e1 mohou pomoci vytvo\u0159it lep\u0161\u00ed a udr\u017eiteln\u011bj\u0161\u00ed budoucnost.<\/p>\n<\/div><\/section><\/div>","protected":false},"excerpt":{"rendered":"","protected":false},"author":1,"featured_media":0,"parent":0,"menu_order":0,"comment_status":"open","ping_status":"open","template":"","meta":{"footnotes":""},"class_list":["post-103","page","type-page","status-publish","hentry"],"_links":{"self":[{"href":"https:\/\/plas.co\/cs\/wp-json\/wp\/v2\/pages\/103","targetHints":{"allow":["GET"]}}],"collection":[{"href":"https:\/\/plas.co\/cs\/wp-json\/wp\/v2\/pages"}],"about":[{"href":"https:\/\/plas.co\/cs\/wp-json\/wp\/v2\/types\/page"}],"author":[{"embeddable":true,"href":"https:\/\/plas.co\/cs\/wp-json\/wp\/v2\/users\/1"}],"replies":[{"embeddable":true,"href":"https:\/\/plas.co\/cs\/wp-json\/wp\/v2\/comments?post=103"}],"version-history":[{"count":0,"href":"https:\/\/plas.co\/cs\/wp-json\/wp\/v2\/pages\/103\/revisions"}],"wp:attachment":[{"href":"https:\/\/plas.co\/cs\/wp-json\/wp\/v2\/media?parent=103"}],"curies":[{"name":"wp","href":"https:\/\/api.w.org\/{rel}","templated":true}]}}