{"id":125,"date":"2014-09-20T18:16:39","date_gmt":"2014-09-20T10:16:39","guid":{"rendered":"http:\/\/andy-mold.com\/?page_id=125"},"modified":"2023-02-27T22:17:59","modified_gmt":"2023-02-27T14:17:59","slug":"vyrobci-forem","status":"publish","type":"page","link":"https:\/\/plas.co\/cs\/vyrobci-forem\/","title":{"rendered":"V\u00fdrobce forem"},"content":{"rendered":"<style type=\"text\/css\" data-created_by=\"avia_inline_auto\" id=\"style-css-av-lel5bo9m-9db356ac3663fdf6d82633bde056ed2c\">\n#top .avia-gallery.av-lel5bo9m-9db356ac3663fdf6d82633bde056ed2c .avia-gallery-thumb a{\nwidth:25%;\n}\n<\/style>\n<div  class='avia-gallery av-lel5bo9m-9db356ac3663fdf6d82633bde056ed2c avia_animate_when_visible  avia-builder-el-0  el_before_av_textblock  avia-builder-el-first  avia_lazyload avia-gallery-animate avia-gallery-1'  itemprop=\"image\" itemscope=\"itemscope\" itemtype=\"https:\/\/schema.org\/ImageObject\" ><meta itemprop=\"contentURL\" content=\"https:\/\/plas.co\/cs\/vyrobci-forem\/\"><div class='avia-gallery-thumb'><a href=\"https:\/\/plas.co\/wp-content\/uploads\/2023\/02\/Measurement-machine.jpg\" data-srcset=\"https:\/\/plas.co\/wp-content\/uploads\/2023\/02\/Measurement-machine.jpg 640w, https:\/\/plas.co\/wp-content\/uploads\/2023\/02\/Measurement-machine-300x225.jpg 300w\" data-sizes=\"(max-width: 640px) 100vw, 640px\" data-rel='gallery-1' data-prev-img='https:\/\/plas.co\/wp-content\/uploads\/2023\/02\/Measurement-machine-495x400.jpg' class='first_thumb lightbox' data-onclick='1' title='M\u011b\u0159ic\u00ed stroj'  itemprop=\"thumbnailUrl\"  ><img decoding=\"async\" fetchpriority=\"high\" class=\"wp-image-954 avia-img-lazy-loading-not-954\"   src=\"https:\/\/plas.co\/wp-content\/uploads\/2023\/02\/Measurement-machine-495x400.jpg\" width=\"495\" height=\"400\"  title='M\u011b\u0159ic\u00ed stroj' alt='M\u011b\u0159ic\u00ed stroj' \/><div class='big-prev-fake'><img decoding=\"async\" loading=\"lazy\" class=\"wp-image-954 avia-img-lazy-loading-954\"  width=\"495\" height=\"400\" src=\"https:\/\/plas.co\/wp-content\/uploads\/2023\/02\/Measurement-machine-495x400.jpg\" title='M\u011b\u0159ic\u00ed stroj' alt='M\u011b\u0159ic\u00ed stroj' \/><\/div><\/a><a href=\"https:\/\/plas.co\/wp-content\/uploads\/2023\/02\/Mold-design-1030x773.jpg\" data-srcset=\"https:\/\/plas.co\/wp-content\/uploads\/2023\/02\/Mold-design-1030x773.jpg 1030w, https:\/\/plas.co\/wp-content\/uploads\/2023\/02\/Mold-design-300x225.jpg 300w, https:\/\/plas.co\/wp-content\/uploads\/2023\/02\/Mold-design-768x576.jpg 768w, https:\/\/plas.co\/wp-content\/uploads\/2023\/02\/Mold-design-1536x1152.jpg 1536w, https:\/\/plas.co\/wp-content\/uploads\/2023\/02\/Mold-design-2048x1536.jpg 2048w, https:\/\/plas.co\/wp-content\/uploads\/2023\/02\/Mold-design-1500x1125.jpg 1500w, https:\/\/plas.co\/wp-content\/uploads\/2023\/02\/Mold-design-705x529.jpg 705w\" data-sizes=\"(max-width: 1030px) 100vw, 1030px\" data-rel='gallery-1' data-prev-img='https:\/\/plas.co\/wp-content\/uploads\/2023\/02\/Mold-design-495x400.jpg' class='lightbox' data-onclick='2' title='Konstrukce formy'  itemprop=\"thumbnailUrl\"  ><img decoding=\"async\" fetchpriority=\"high\" class=\"wp-image-955 avia-img-lazy-loading-not-955\"   src=\"https:\/\/plas.co\/wp-content\/uploads\/2023\/02\/Mold-design-495x400.jpg\" width=\"495\" height=\"400\"  title='Konstrukce formy' alt='Konstrukce formy' srcset=\"https:\/\/plas.co\/wp-content\/uploads\/2023\/02\/Mold-design-495x400.jpg 495w, https:\/\/plas.co\/wp-content\/uploads\/2023\/02\/Mold-design-845x684.jpg 845w\" sizes=\"(max-width: 495px) 100vw, 495px\" \/><div class='big-prev-fake'><img decoding=\"async\" loading=\"lazy\" class=\"wp-image-955 avia-img-lazy-loading-955\"  width=\"495\" height=\"400\" src=\"https:\/\/plas.co\/wp-content\/uploads\/2023\/02\/Mold-design-495x400.jpg\" title='Konstrukce formy' alt='Konstrukce formy' srcset=\"https:\/\/plas.co\/wp-content\/uploads\/2023\/02\/Mold-design-495x400.jpg 495w, https:\/\/plas.co\/wp-content\/uploads\/2023\/02\/Mold-design-845x684.jpg 845w\" sizes=\"auto, (max-width: 495px) 100vw, 495px\" \/><\/div><\/a><a href=\"https:\/\/plas.co\/wp-content\/uploads\/2023\/02\/Plastic-mold-company.jpg\" data-srcset=\"https:\/\/plas.co\/wp-content\/uploads\/2023\/02\/Plastic-mold-company.jpg 333w, https:\/\/plas.co\/wp-content\/uploads\/2023\/02\/Plastic-mold-company-300x225.jpg 300w\" data-sizes=\"(max-width: 333px) 100vw, 333px\" data-rel='gallery-1' data-prev-img='https:\/\/plas.co\/wp-content\/uploads\/2023\/02\/Plastic-mold-company.jpg' class='lightbox' data-onclick='3' title='Spole\u010dnost vyr\u00e1b\u011bj\u00edc\u00ed plastov\u00e9 formy'  itemprop=\"thumbnailUrl\"  ><img decoding=\"async\" fetchpriority=\"high\" class=\"wp-image-956 avia-img-lazy-loading-not-956\"   src=\"https:\/\/plas.co\/wp-content\/uploads\/2023\/02\/Plastic-mold-company.jpg\" width=\"333\" height=\"250\"  title='Spole\u010dnost vyr\u00e1b\u011bj\u00edc\u00ed plastov\u00e9 formy' alt='Spole\u010dnost vyr\u00e1b\u011bj\u00edc\u00ed plastov\u00e9 formy' srcset=\"https:\/\/plas.co\/wp-content\/uploads\/2023\/02\/Plastic-mold-company.jpg 333w, https:\/\/plas.co\/wp-content\/uploads\/2023\/02\/Plastic-mold-company-300x225.jpg 300w\" sizes=\"(max-width: 333px) 100vw, 333px\" \/><div class='big-prev-fake'><img decoding=\"async\" loading=\"lazy\" class=\"wp-image-956 avia-img-lazy-loading-956\"  width=\"333\" height=\"250\" src=\"https:\/\/plas.co\/wp-content\/uploads\/2023\/02\/Plastic-mold-company.jpg\" title='Spole\u010dnost vyr\u00e1b\u011bj\u00edc\u00ed plastov\u00e9 formy' alt='Spole\u010dnost vyr\u00e1b\u011bj\u00edc\u00ed plastov\u00e9 formy' srcset=\"https:\/\/plas.co\/wp-content\/uploads\/2023\/02\/Plastic-mold-company.jpg 333w, https:\/\/plas.co\/wp-content\/uploads\/2023\/02\/Plastic-mold-company-300x225.jpg 300w\" sizes=\"auto, (max-width: 333px) 100vw, 333px\" \/><\/div><\/a><a href=\"https:\/\/plas.co\/wp-content\/uploads\/2023\/02\/plastic-mold-maker.jpg\" data-srcset=\"https:\/\/plas.co\/wp-content\/uploads\/2023\/02\/plastic-mold-maker.jpg 640w, https:\/\/plas.co\/wp-content\/uploads\/2023\/02\/plastic-mold-maker-300x225.jpg 300w\" data-sizes=\"(max-width: 640px) 100vw, 640px\" data-rel='gallery-1' data-prev-img='https:\/\/plas.co\/wp-content\/uploads\/2023\/02\/plastic-mold-maker-495x400.jpg' class='lightbox' data-onclick='4' title='v\u00fdrobce plastov\u00fdch forem'  itemprop=\"thumbnailUrl\"  ><img decoding=\"async\" fetchpriority=\"high\" class=\"wp-image-957 avia-img-lazy-loading-not-957\"   src=\"https:\/\/plas.co\/wp-content\/uploads\/2023\/02\/plastic-mold-maker-495x400.jpg\" width=\"495\" height=\"400\"  title='v\u00fdrobce plastov\u00fdch forem' alt='v\u00fdrobce plastov\u00fdch forem' \/><div class='big-prev-fake'><img decoding=\"async\" loading=\"lazy\" class=\"wp-image-957 avia-img-lazy-loading-957\"  width=\"495\" height=\"400\" src=\"https:\/\/plas.co\/wp-content\/uploads\/2023\/02\/plastic-mold-maker-495x400.jpg\" title='v\u00fdrobce plastov\u00fdch forem' alt='v\u00fdrobce plastov\u00fdch forem' \/><\/div><\/a><a href=\"https:\/\/plas.co\/wp-content\/uploads\/2023\/02\/Plastic-molding-company.jpg\" data-srcset=\"https:\/\/plas.co\/wp-content\/uploads\/2023\/02\/Plastic-molding-company.jpg 333w, https:\/\/plas.co\/wp-content\/uploads\/2023\/02\/Plastic-molding-company-300x225.jpg 300w\" data-sizes=\"(max-width: 333px) 100vw, 333px\" data-rel='gallery-1' data-prev-img='https:\/\/plas.co\/wp-content\/uploads\/2023\/02\/Plastic-molding-company.jpg' class='first_thumb lightbox' data-onclick='5' title='v\u00fdrobce forem'  itemprop=\"thumbnailUrl\"  ><img decoding=\"async\" fetchpriority=\"high\" class=\"wp-image-959 avia-img-lazy-loading-not-959\"   src=\"https:\/\/plas.co\/wp-content\/uploads\/2023\/02\/Plastic-molding-company.jpg\" width=\"333\" height=\"250\"  title='v\u00fdrobce forem' alt='v\u00fdrobce forem' srcset=\"https:\/\/plas.co\/wp-content\/uploads\/2023\/02\/Plastic-molding-company.jpg 333w, https:\/\/plas.co\/wp-content\/uploads\/2023\/02\/Plastic-molding-company-300x225.jpg 300w\" sizes=\"(max-width: 333px) 100vw, 333px\" \/><div class='big-prev-fake'><img decoding=\"async\" loading=\"lazy\" class=\"wp-image-959 avia-img-lazy-loading-959\"  width=\"333\" height=\"250\" src=\"https:\/\/plas.co\/wp-content\/uploads\/2023\/02\/Plastic-molding-company.jpg\" title='v\u00fdrobce forem' alt='v\u00fdrobce forem' srcset=\"https:\/\/plas.co\/wp-content\/uploads\/2023\/02\/Plastic-molding-company.jpg 333w, https:\/\/plas.co\/wp-content\/uploads\/2023\/02\/Plastic-molding-company-300x225.jpg 300w\" sizes=\"auto, (max-width: 333px) 100vw, 333px\" \/><\/div><\/a><a href=\"https:\/\/plas.co\/wp-content\/uploads\/2023\/02\/plastic-mould-company.jpg\" data-srcset=\"https:\/\/plas.co\/wp-content\/uploads\/2023\/02\/plastic-mould-company.jpg 640w, https:\/\/plas.co\/wp-content\/uploads\/2023\/02\/plastic-mould-company-300x225.jpg 300w\" data-sizes=\"(max-width: 640px) 100vw, 640px\" data-rel='gallery-1' data-prev-img='https:\/\/plas.co\/wp-content\/uploads\/2023\/02\/plastic-mould-company-495x400.jpg' class='lightbox' data-onclick='6' title='v\u00fdrobce plastov\u00fdch forem'  itemprop=\"thumbnailUrl\"  ><img decoding=\"async\" fetchpriority=\"high\" class=\"wp-image-960 avia-img-lazy-loading-not-960\"   src=\"https:\/\/plas.co\/wp-content\/uploads\/2023\/02\/plastic-mould-company-495x400.jpg\" width=\"495\" height=\"400\"  title='v\u00fdrobce plastov\u00fdch forem' alt='v\u00fdrobce plastov\u00fdch forem' \/><div class='big-prev-fake'><img decoding=\"async\" loading=\"lazy\" class=\"wp-image-960 avia-img-lazy-loading-960\"  width=\"495\" height=\"400\" src=\"https:\/\/plas.co\/wp-content\/uploads\/2023\/02\/plastic-mould-company-495x400.jpg\" title='v\u00fdrobce plastov\u00fdch forem' alt='v\u00fdrobce plastov\u00fdch forem' \/><\/div><\/a><a href=\"https:\/\/plas.co\/wp-content\/uploads\/2023\/02\/Plastic-mould-factory.jpg\" data-srcset=\"https:\/\/plas.co\/wp-content\/uploads\/2023\/02\/Plastic-mould-factory.jpg 640w, https:\/\/plas.co\/wp-content\/uploads\/2023\/02\/Plastic-mould-factory-300x225.jpg 300w\" data-sizes=\"(max-width: 640px) 100vw, 640px\" data-rel='gallery-1' data-prev-img='https:\/\/plas.co\/wp-content\/uploads\/2023\/02\/Plastic-mould-factory-495x400.jpg' class='lightbox' data-onclick='7' title='Tov\u00e1rna na plastov\u00e9 formy'  itemprop=\"thumbnailUrl\"  ><img decoding=\"async\" fetchpriority=\"high\" class=\"wp-image-961 avia-img-lazy-loading-not-961\"   src=\"https:\/\/plas.co\/wp-content\/uploads\/2023\/02\/Plastic-mould-factory-495x400.jpg\" width=\"495\" height=\"400\"  title='Tov\u00e1rna na plastov\u00e9 formy' alt='Tov\u00e1rna na plastov\u00e9 formy' \/><div class='big-prev-fake'><img decoding=\"async\" loading=\"lazy\" class=\"wp-image-961 avia-img-lazy-loading-961\"  width=\"495\" height=\"400\" src=\"https:\/\/plas.co\/wp-content\/uploads\/2023\/02\/Plastic-mould-factory-495x400.jpg\" title='Tov\u00e1rna na plastov\u00e9 formy' alt='Tov\u00e1rna na plastov\u00e9 formy' \/><\/div><\/a><a href=\"https:\/\/plas.co\/wp-content\/uploads\/2023\/02\/Plastic-Tooling-Company.jpg\" data-srcset=\"https:\/\/plas.co\/wp-content\/uploads\/2023\/02\/Plastic-Tooling-Company.jpg 400w, https:\/\/plas.co\/wp-content\/uploads\/2023\/02\/Plastic-Tooling-Company-300x225.jpg 300w\" data-sizes=\"(max-width: 400px) 100vw, 400px\" data-rel='gallery-1' data-prev-img='https:\/\/plas.co\/wp-content\/uploads\/2023\/02\/Plastic-Tooling-Company.jpg' class='lightbox' data-onclick='8' title='Spole\u010dnost pro v\u00fdrobu plastov\u00fdch n\u00e1stroj\u016f'  itemprop=\"thumbnailUrl\"  ><img decoding=\"async\" fetchpriority=\"high\" class=\"wp-image-962 avia-img-lazy-loading-not-962\"   src=\"https:\/\/plas.co\/wp-content\/uploads\/2023\/02\/Plastic-Tooling-Company.jpg\" width=\"400\" height=\"300\"  title='Spole\u010dnost pro v\u00fdrobu plastov\u00fdch n\u00e1stroj\u016f' alt='Spole\u010dnost pro v\u00fdrobu plastov\u00fdch n\u00e1stroj\u016f' srcset=\"https:\/\/plas.co\/wp-content\/uploads\/2023\/02\/Plastic-Tooling-Company.jpg 400w, https:\/\/plas.co\/wp-content\/uploads\/2023\/02\/Plastic-Tooling-Company-300x225.jpg 300w\" sizes=\"(max-width: 400px) 100vw, 400px\" \/><div class='big-prev-fake'><img decoding=\"async\" loading=\"lazy\" class=\"wp-image-962 avia-img-lazy-loading-962\"  width=\"400\" height=\"300\" src=\"https:\/\/plas.co\/wp-content\/uploads\/2023\/02\/Plastic-Tooling-Company.jpg\" title='Spole\u010dnost pro v\u00fdrobu plastov\u00fdch n\u00e1stroj\u016f' alt='Spole\u010dnost pro v\u00fdrobu plastov\u00fdch n\u00e1stroj\u016f' srcset=\"https:\/\/plas.co\/wp-content\/uploads\/2023\/02\/Plastic-Tooling-Company.jpg 400w, https:\/\/plas.co\/wp-content\/uploads\/2023\/02\/Plastic-Tooling-Company-300x225.jpg 300w\" sizes=\"auto, (max-width: 400px) 100vw, 400px\" \/><\/div><\/a><\/div><\/div>\n<section  class='av_textblock_section av-lel43s1p-f288656d2c750791ef65020e352a8c30'   itemscope=\"itemscope\" itemtype=\"https:\/\/schema.org\/CreativeWork\" ><div class='avia_textblock'  itemprop=\"text\" ><div id=\"ez-toc-container\" class=\"ez-toc-v2_0_82_2 counter-hierarchy ez-toc-counter ez-toc-grey ez-toc-container-direction\">\n<div class=\"ez-toc-title-container\">\n<p class=\"ez-toc-title\" style=\"cursor:inherit\">Obsah<\/p>\n<span class=\"ez-toc-title-toggle\"><a href=\"#\" class=\"ez-toc-pull-right ez-toc-btn ez-toc-btn-xs ez-toc-btn-default ez-toc-toggle\" aria-label=\"P\u0159epnut\u00ed tabulky obsahu\"><span class=\"ez-toc-js-icon-con\"><span class=\"\"><span class=\"eztoc-hide\" style=\"display:none;\">P\u0159ep\u00edn\u00e1n\u00ed<\/span><span class=\"ez-toc-icon-toggle-span\"><svg style=\"fill: #999;color:#999\" xmlns=\"http:\/\/www.w3.org\/2000\/svg\" class=\"list-377408\" width=\"20px\" height=\"20px\" viewbox=\"0 0 24 24\" fill=\"none\"><path d=\"M6 6H4v2h2V6zm14 0H8v2h12V6zM4 11h2v2H4v-2zm16 0H8v2h12v-2zM4 16h2v2H4v-2zm16 0H8v2h12v-2z\" fill=\"currentColor\"><\/path><\/svg><svg style=\"fill: #999;color:#999\" class=\"arrow-unsorted-368013\" xmlns=\"http:\/\/www.w3.org\/2000\/svg\" width=\"10px\" height=\"10px\" viewbox=\"0 0 24 24\" version=\"1.2\" baseprofile=\"tiny\"><path d=\"M18.2 9.3l-6.2-6.3-6.2 6.3c-.2.2-.3.4-.3.7s.1.5.3.7c.2.2.4.3.7.3h11c.3 0 .5-.1.7-.3.2-.2.3-.5.3-.7s-.1-.5-.3-.7zM5.8 14.7l6.2 6.3 6.2-6.3c.2-.2.3-.5.3-.7s-.1-.5-.3-.7c-.2-.2-.4-.3-.7-.3h-11c-.3 0-.5.1-.7.3-.2.2-.3.5-.3.7s.1.5.3.7z\"\/><\/svg><\/span><\/span><\/span><\/a><\/span><\/div>\n<nav><ul class='ez-toc-list ez-toc-list-level-1' ><li class='ez-toc-page-1 ez-toc-heading-level-2'><a class=\"ez-toc-link ez-toc-heading-1\" href=\"https:\/\/plas.co\/cs\/vyrobci-forem\/#What_is_plastic_Injection_Mould\" >Co je vst\u0159ikov\u00e1n\u00ed plast\u016f<\/a><ul class='ez-toc-list-level-3' ><li class='ez-toc-heading-level-3'><a class=\"ez-toc-link ez-toc-heading-2\" href=\"https:\/\/plas.co\/cs\/vyrobci-forem\/#What_are_the_best_plastic_injection_mould_manufacturers\" >Jac\u00ed jsou nejlep\u0161\u00ed v\u00fdrobci forem pro vst\u0159ikov\u00e1n\u00ed plast\u016f?<\/a><\/li><li class='ez-toc-page-1 ez-toc-heading-level-3'><a class=\"ez-toc-link ez-toc-heading-3\" href=\"https:\/\/plas.co\/cs\/vyrobci-forem\/#Where_can_we_find_injection_molded_plastic_part_manufacturers\" >Kde najdeme v\u00fdrobce vst\u0159ikovan\u00fdch plastov\u00fdch d\u00edl\u016f?<\/a><\/li><li class='ez-toc-page-1 ez-toc-heading-level-3'><a class=\"ez-toc-link ez-toc-heading-4\" href=\"https:\/\/plas.co\/cs\/vyrobci-forem\/#What_is_a_reasonable_cost_for_a_plastic_injection_moold\" >Jak\u00e1 je p\u0159im\u011b\u0159en\u00e1 cena za plastovou vst\u0159ikovac\u00ed formu?<\/a><\/li><\/ul><\/li><\/ul><\/nav><\/div>\n<h2><span class=\"ez-toc-section\" id=\"What_is_plastic_Injection_Mould\"><\/span>Co je vst\u0159ikov\u00e1n\u00ed plast\u016f<span class=\"ez-toc-section-end\"><\/span><\/h2>\n<p><a href=\"http:\/\/plas.co\/cs\/\">Forma na vst\u0159ikov\u00e1n\u00ed plast\u016f<\/a> je n\u00e1stroj nebo z\u00e1pustka, kter\u00e1 se pou\u017e\u00edv\u00e1 k v\u00fdrob\u011b plastov\u00fdch d\u00edl\u016f ve velk\u00fdch objemech pomoc\u00ed vst\u0159ikov\u00e1n\u00ed. Obvykle je vyrobena z oceli nebo hlin\u00edku a je ur\u010dena k vytvo\u0159en\u00ed specifick\u00e9ho tvaru nebo geometrie plastov\u00e9ho d\u00edlu. Str\u00e1nka <a href=\"https:\/\/www.plasticmold.net\/what-is-plastic-mold-technology\/\" target=\"_blank\" rel=\"noopener\">vst\u0159ikovac\u00ed forma<\/a> je tvo\u0159en dv\u011bma polovinami (fixa\u010dn\u00ed a pohyblivou), kter\u00e9 lze otev\u00edrat a zav\u00edrat pomoc\u00ed syst\u00e9mu z\u00e1kladny formy nebo desky.<\/p>\n<p>Forma je nejprve navr\u017eena pomoc\u00ed softwaru pro po\u010d\u00edta\u010dem podporovan\u00e9 navrhov\u00e1n\u00ed (CAD), jako je UG, PRO\/e, SOLIDWORKS atd., a pot\u00e9 vytvo\u0159ena pomoc\u00ed technik po\u010d\u00edta\u010dem podporovan\u00e9 v\u00fdroby (CAM), jako je CNC obr\u00e1b\u011bn\u00ed, elektroerozivn\u00ed obr\u00e1b\u011bn\u00ed (EDM) nebo dr\u00e1tov\u00e9 \u0159ez\u00e1n\u00ed. Proces n\u00e1vrhu a v\u00fdroby formy m\u016f\u017ee b\u00fdt slo\u017eit\u00fd a vy\u017eaduje vysokou \u00farove\u0148 odborn\u00fdch znalost\u00ed a p\u0159esnosti, aby bylo zaji\u0161t\u011bno, \u017ee forma bude vyr\u00e1b\u011bt vysoce kvalitn\u00ed d\u00edly, kter\u00e9 budou spl\u0148ovat po\u017eadovan\u00e9 specifikace.<\/p>\n<p>Plastov\u00e9 vst\u0159ikovac\u00ed formy lze pou\u017e\u00edt k v\u00fdrob\u011b \u0161irok\u00e9 \u0161k\u00e1ly plastov\u00fdch d\u00edl\u016f, od mal\u00fdch a jednoduch\u00fdch d\u00edl\u016f a\u017e po velk\u00e9 a slo\u017eit\u00e9 d\u00edly se slo\u017eitou geometri\u00ed. Formy lze rovn\u011b\u017e pou\u017e\u00edt k v\u00fdrob\u011b d\u00edl\u016f z r\u016fzn\u00fdch materi\u00e1l\u016f, v\u010detn\u011b termoplast\u016f, termoset\u016f a elastomer\u016f.<\/p>\n<div id=\"attachment_701\" style=\"width: 410px\" class=\"wp-caption alignright\"><a href=\"http:\/\/plas.co\/wp-content\/uploads\/2020\/01\/plastic-injection-mold.jpg\"><img decoding=\"async\" aria-describedby=\"caption-attachment-701\" class=\"wp-image-701 size-full\" src=\"http:\/\/plas.co\/wp-content\/uploads\/2020\/01\/plastic-injection-mold.jpg\" alt=\"v\u00fdrobci forem\" width=\"400\" height=\"300\" srcset=\"https:\/\/plas.co\/wp-content\/uploads\/2020\/01\/plastic-injection-mold.jpg 400w, https:\/\/plas.co\/wp-content\/uploads\/2020\/01\/plastic-injection-mold-300x225.jpg 300w\" sizes=\"(max-width: 400px) 100vw, 400px\" \/><\/a><p id=\"caption-attachment-701\" class=\"wp-caption-text\">v\u00fdrobci forem<\/p><\/div>\n<h3><span class=\"ez-toc-section\" id=\"What_are_the_best_plastic_injection_mould_manufacturers\"><\/span>Jac\u00ed jsou nejlep\u0161\u00ed v\u00fdrobci forem pro vst\u0159ikov\u00e1n\u00ed plast\u016f?<span class=\"ez-toc-section-end\"><\/span><\/h3>\n<p>P\u0159i v\u00fdb\u011bru <em>v\u00fdrobce plastov\u00fdch vst\u0159ikovac\u00edch forem<\/em>, je nezbytn\u00e9 zv\u00e1\u017eit faktory, jako jsou jejich zku\u0161enosti, odborn\u00e9 znalosti, v\u00fdrobn\u00ed schopnosti, opat\u0159en\u00ed pro kontrolu kvality a slu\u017eby z\u00e1kazn\u00edk\u016fm. M\u016f\u017eete tak\u00e9 zv\u00e1\u017eit jejich zem\u011bpisnou polohu, ceny a dodac\u00ed lh\u016fty.<\/p>\n<p>Chcete-li naj\u00edt spr\u00e1vn\u00e9 v\u00fdrobce vst\u0159ikovac\u00edch forem na plasty pro sv\u00e9 konkr\u00e9tn\u00ed pot\u0159eby, m\u016f\u017eete prov\u00e9st pr\u016fzkum na internetu, po\u017e\u00e1dat o doporu\u010den\u00ed kolegy z oboru nebo se z\u00fa\u010dastnit veletrh\u016f a konferenc\u00ed, abyste nav\u00e1zali kontakt s potenci\u00e1ln\u00edmi dodavateli. Je tak\u00e9 velmi d\u016fle\u017eit\u00e9 jasn\u011b a d\u016fkladn\u011b sd\u011blit po\u017eadavky na v\u00e1\u0161 projekt, abyste se ujistili, \u017ee v\u00fdrobce forem m\u016f\u017ee poskytnout nejlep\u0161\u00ed mo\u017en\u00e9 v\u00fdsledky.<\/p>\n<h3><span class=\"ez-toc-section\" id=\"Where_can_we_find_injection_molded_plastic_part_manufacturers\"><\/span>Kde najdeme v\u00fdrobce vst\u0159ikovan\u00fdch plastov\u00fdch d\u00edl\u016f?<span class=\"ez-toc-section-end\"><\/span><\/h3>\n<p>Jakmile m\u00e1te projekt, kter\u00fd pot\u0159ebuje plastov\u00e9 v\u00fdlisky, prvn\u00ed v\u011bc je naj\u00edt v\u00fdrobce forem, aby to pro v\u00e1s, \u010c\u00edna bude \u010d\u00edslo jedna m\u00edsto pro v\u00e1\u0161 projekt, ale jak naj\u00edt plastov\u00e9 formy v\u00fdrobce v \u010c\u00edn\u011b bude va\u0161e obavy, n\u00ed\u017ee existuje n\u011bkolik zp\u016fsob\u016f, jak naj\u00edt <em>V\u00fdrobci vst\u0159ikovan\u00fdch plastov\u00fdch d\u00edl\u016f<\/em>:<\/p>\n<ol>\n<li>Online adres\u00e1\u0159e: Existuje mnoho online katalog\u016f, kter\u00e9 uv\u00e1d\u011bj\u00ed v\u00fdrobce vst\u0159ikovac\u00edch forem na plasty, nap\u0159\u00edklad Alibaba. Tyto adres\u00e1\u0159e umo\u017e\u0148uj\u00ed vyhled\u00e1vat v\u00fdrobce na z\u00e1klad\u011b lokality, odv\u011btv\u00ed nebo jin\u00fdch krit\u00e9ri\u00ed, ale hork\u00e9 ov\u011b\u0159it, zda jsou dobr\u00e9 formy spole\u010dnosti? Mus\u00edte prov\u011b\u0159it pe\u010dliv\u011bji, proto\u017ee na t\u00e9to platform\u011b je to slo\u017eit\u011bj\u0161\u00ed.<\/li>\n<li>Veletrhy a konference: \u00da\u010dast na oborov\u00fdch veletrz\u00edch a konferenc\u00edch m\u016f\u017ee b\u00fdt vynikaj\u00edc\u00edm zp\u016fsobem, jak nav\u00e1zat kontakt s v\u00fdrobci vst\u0159ikovac\u00edch lis\u016f a dozv\u011bd\u011bt se v\u00edce o jejich mo\u017enostech a slu\u017eb\u00e1ch.<\/li>\n<li>Doporu\u010den\u00ed a doporu\u010den\u00ed: Po\u017e\u00e1dejte kolegy nebo zn\u00e1m\u00e9 z oboru o doporu\u010den\u00ed v\u00fdrobc\u016f vst\u0159ikovac\u00edch forem, se kter\u00fdmi v minulosti spolupracovali a kter\u00fdm d\u016fv\u011b\u0159uj\u00ed.<\/li>\n<li>M\u00edstn\u00ed zdroje: Zjist\u011bte si u m\u00edstn\u00edch podnikatelsk\u00fdch sdru\u017een\u00ed nebo pr\u016fmyslov\u00fdch skupin, zda nemaj\u00ed seznam v\u00fdrobc\u016f vst\u0159ikovac\u00edch forem na plasty ve va\u0161\u00ed oblasti.<\/li>\n<li>Vyhled\u00e1va\u010de: Vyhledejte ve vyhled\u00e1va\u010di \"v\u00fdrobci vst\u0159ikovac\u00edch forem\" nebo podobn\u00e1 kl\u00ed\u010dov\u00e1 slova a najd\u011bte seznam potenci\u00e1ln\u00edch v\u00fdrobc\u016f vst\u0159ikovac\u00edch forem. <a href=\"http:\/\/plas.co\/cs\/\">dodavatel\u00e9 forem<\/a>.<\/li>\n<\/ol>\n<h3><span class=\"ez-toc-section\" id=\"What_is_a_reasonable_cost_for_a_plastic_injection_moold\"><\/span>Jak\u00e1 je p\u0159im\u011b\u0159en\u00e1 cena za plastovou vst\u0159ikovac\u00ed formu?<span class=\"ez-toc-section-end\"><\/span><\/h3>\n<p>N\u00e1klady na vst\u0159ikovac\u00ed formu se mohou zna\u010dn\u011b li\u0161it v z\u00e1vislosti na faktorech, jako je slo\u017eitost d\u00edlu, velikost formy, pou\u017eit\u00fd materi\u00e1l a objem v\u00fdroby. Obecn\u011b plat\u00ed, \u017ee formy pro men\u0161\u00ed d\u00edly s jednoduchou geometri\u00ed a ni\u017e\u0161\u00edm objemem v\u00fdroby budou levn\u011bj\u0161\u00ed ne\u017e formy pro v\u011bt\u0161\u00ed a slo\u017eit\u011bj\u0161\u00ed d\u00edly s vy\u0161\u0161\u00edm objemem v\u00fdroby.<\/p>\n<p>Jednoduch\u00e1 vst\u0159ikovac\u00ed forma pro mal\u00fd plastov\u00fd d\u00edl m\u016f\u017ee st\u00e1t od n\u011bkolika tis\u00edc dolar\u016f a\u017e po des\u00edtky tis\u00edc dolar\u016f, zat\u00edmco slo\u017eit\u011bj\u0161\u00ed forma pro velk\u00fd d\u00edl se slo\u017eitou geometri\u00ed m\u016f\u017ee st\u00e1t a\u017e $100 000 nebo v\u00edce.<\/p>\n<p>Je t\u0159eba m\u00edt na pam\u011bti, \u017ee cena formy je pouze jedn\u00edm z faktor\u016f celkov\u00e9 ceny plastov\u00e9ho d\u00edlu. Mezi dal\u0161\u00ed n\u00e1klady, kter\u00e9 je t\u0159eba vz\u00edt v \u00favahu, pat\u0159\u00ed n\u00e1klady na materi\u00e1l, mzdov\u00e9 n\u00e1klady a re\u017eijn\u00ed n\u00e1klady. Krom\u011b toho je d\u016fle\u017eit\u00e9 vybrat si renomovanou a zku\u0161enou firmu. <em>v\u00fdrobce forem<\/em> kter\u00fd v\u00e1m dod\u00e1 vysoce kvalitn\u00ed formu spl\u0148uj\u00edc\u00ed va\u0161e specifikace.<\/p>\n<p>Pokud m\u00e1te projekt, kter\u00fd pot\u0159ebuje podporu \u010d\u00ednsk\u00e9 plastov\u00e9 formy spole\u010dnosti, v\u00edtejte na kontakt, nab\u00eddneme v\u00e1m nejlep\u0161\u00ed cenu, cenu formy tak n\u00edzk\u00e1, jak $500, v z\u00e1vislosti na velikosti d\u00edlu a funkc\u00ed.<\/p>\n<p>V\u00fdrobce plastov\u00fdch forem Sincere Tech v\u017edy trval na tom, aby uspokojil z\u00e1kazn\u00edky profesion\u00e1ln\u00ed technologi\u00ed a dobr\u00fdm vybaven\u00edm v oblasti v\u00fdvoje, v\u00fdroby a vst\u0159ikov\u00e1n\u00ed forem.Zavedli jsme pokro\u010dil\u00e9 zpracovatelsk\u00e9 vybaven\u00ed ze zahrani\u010d\u00ed, kter\u00e9 zahrnuje CAD\/CAE\/CAM syst\u00e9m, trojrozm\u011brn\u00fd m\u011b\u0159ic\u00ed stroj, vysokorychlostn\u00ed fr\u00e9zov\u00e1n\u00ed, CNC obr\u00e1b\u011bc\u00ed centrum, CNC elektrickou jiskru, abychom zajistili technologii forem, v\u00fdrobu a tak\u00e9 kvalitu. M\u016f\u017eeme vyr\u00e1b\u011bt od mal\u00fdch p\u0159esn\u00fdch forem a\u017e po velk\u00e9 formy na automobilov\u00e9 d\u00edly, velk\u00e9 kontejnerov\u00e9 formy.<\/p>\n<p>V r\u00e1mci Sincere Tech bude v\u00e1\u0161 produkt d\u00edky efektivn\u00edmu \u0159\u00edzen\u00ed projektu, kter\u00e9 sn\u00ed\u017e\u00ed n\u00e1klady a umo\u017en\u00ed va\u0161im produkt\u016fm objevit se na trhu v co nejkrat\u0161\u00ed dob\u011b.<\/p>\n<\/div><\/section>","protected":false},"excerpt":{"rendered":"","protected":false},"author":1,"featured_media":603,"parent":0,"menu_order":0,"comment_status":"open","ping_status":"open","template":"","meta":{"footnotes":""},"class_list":["post-125","page","type-page","status-publish","has-post-thumbnail","hentry"],"_links":{"self":[{"href":"https:\/\/plas.co\/cs\/wp-json\/wp\/v2\/pages\/125","targetHints":{"allow":["GET"]}}],"collection":[{"href":"https:\/\/plas.co\/cs\/wp-json\/wp\/v2\/pages"}],"about":[{"href":"https:\/\/plas.co\/cs\/wp-json\/wp\/v2\/types\/page"}],"author":[{"embeddable":true,"href":"https:\/\/plas.co\/cs\/wp-json\/wp\/v2\/users\/1"}],"replies":[{"embeddable":true,"href":"https:\/\/plas.co\/cs\/wp-json\/wp\/v2\/comments?post=125"}],"version-history":[{"count":0,"href":"https:\/\/plas.co\/cs\/wp-json\/wp\/v2\/pages\/125\/revisions"}],"wp:featuredmedia":[{"embeddable":true,"href":"https:\/\/plas.co\/cs\/wp-json\/wp\/v2\/media\/603"}],"wp:attachment":[{"href":"https:\/\/plas.co\/cs\/wp-json\/wp\/v2\/media?parent=125"}],"curies":[{"name":"wp","href":"https:\/\/api.w.org\/{rel}","templated":true}]}}