{"id":146,"date":"2014-09-20T19:04:21","date_gmt":"2014-09-20T11:04:21","guid":{"rendered":"http:\/\/andy-mold.com\/?page_id=146"},"modified":"2016-02-14T14:13:57","modified_gmt":"2016-02-14T06:13:57","slug":"rizeni-projektu","status":"publish","type":"page","link":"https:\/\/plas.co\/cs\/enginnering\/rizeni-projektu\/","title":{"rendered":"\u0158\u00edzen\u00ed projektu"},"content":{"rendered":"<p>\u0158\u00edzen\u00ed projekt\u016f vst\u0159ikovac\u00edch forem na plasty, Andy Mould m\u00e1 t\u00fdm projektov\u00fdch in\u017een\u00fdr\u016f. Tento t\u00fdm m\u00e1 zku\u0161enosti s r\u016fzn\u00fdmi technologiemi, a to nejen v oblasti plast\u016f, ale tak\u00e9 kov\u016f a elektroniky. Ka\u017ed\u00fd projekt bude sledovat zku\u0161en\u00fd projektov\u00fd in\u017een\u00fdr, kter\u00fd bude jako vedouc\u00ed t\u00fdmu \u0159\u00eddit v\u00fdvoj projektu, technickou podporu z\u00e1kazn\u00edk\u016f, kontrolu kvality, koordinaci nap\u0159\u00ed\u010d odd\u011blen\u00edmi b\u011bhem cel\u00e9ho procesu v\u00fdvoje.<br \/>\n<b>Pracovn\u00ed rutina<\/b><br \/>\nT\u00fddenn\u00ed aktualizace pro z\u00e1kazn\u00edka<br \/>\nD\u016fsledn\u00e9 sledov\u00e1n\u00ed miln\u00edk\u016f sestaven\u00ed n\u00e1stroje<br \/>\nDenn\u00ed komunikace v p\u0159\u00edpad\u011b jak\u00fdchkoli probl\u00e9m\u016f<br \/>\nUzav\u0159en\u00ed projektu s\u00e9riovou v\u00fdrobou nebo dod\u00e1vkou n\u00e1stroj\u016f<\/p>\n<p>V t\u011bchto t\u0159ech f\u00e1z\u00edch je vy\u017eadov\u00e1n p\u00edsemn\u00fd souhlas z\u00e1kazn\u00edka:<br \/>\nSchv\u00e1len\u00ed konstrukce formy<br \/>\nSchv\u00e1len\u00ed vzorku<br \/>\nDod\u00e1n\u00ed a schv\u00e1len\u00ed formy<\/p>\n<p><b>Po prodeji<\/b><br \/>\nN\u00e1hradn\u00ed d\u00edly by mohly b\u00fdt poskytnuty po prodeji<br \/>\nV p\u0159\u00edpad\u011b pot\u0159eby z\u00e1kazn\u00edka jsou k dispozici technick\u00e9 n\u00e1vrhy<\/p>","protected":false},"excerpt":{"rendered":"<p>Plastic injection mould projects management, Andy Mould has a project engineering team. This team has multi-backgrounds of technologies, not only in plastic, but also metal and electronics. Each project will be followed by a experienced project engineer, who will conduct as the team leader of project development, customer technical support, quality control, cross-department coordinate during [&hellip;]<\/p>\n","protected":false},"author":1,"featured_media":0,"parent":22,"menu_order":0,"comment_status":"open","ping_status":"open","template":"","meta":{"footnotes":""},"class_list":["post-146","page","type-page","status-publish","hentry"],"_links":{"self":[{"href":"https:\/\/plas.co\/cs\/wp-json\/wp\/v2\/pages\/146","targetHints":{"allow":["GET"]}}],"collection":[{"href":"https:\/\/plas.co\/cs\/wp-json\/wp\/v2\/pages"}],"about":[{"href":"https:\/\/plas.co\/cs\/wp-json\/wp\/v2\/types\/page"}],"author":[{"embeddable":true,"href":"https:\/\/plas.co\/cs\/wp-json\/wp\/v2\/users\/1"}],"replies":[{"embeddable":true,"href":"https:\/\/plas.co\/cs\/wp-json\/wp\/v2\/comments?post=146"}],"version-history":[{"count":0,"href":"https:\/\/plas.co\/cs\/wp-json\/wp\/v2\/pages\/146\/revisions"}],"up":[{"embeddable":true,"href":"https:\/\/plas.co\/cs\/wp-json\/wp\/v2\/pages\/22"}],"wp:attachment":[{"href":"https:\/\/plas.co\/cs\/wp-json\/wp\/v2\/media?parent=146"}],"curies":[{"name":"wp","href":"https:\/\/api.w.org\/{rel}","templated":true}]}}