{"id":15,"date":"2014-09-20T14:09:15","date_gmt":"2014-09-20T06:09:15","guid":{"rendered":"http:\/\/andy-mold.com\/?page_id=15"},"modified":"2024-03-23T23:37:06","modified_gmt":"2024-03-23T15:37:06","slug":"spolecnost","status":"publish","type":"page","link":"https:\/\/plas.co\/cs\/spolecnost\/","title":{"rendered":"O n\u00e1s"},"content":{"rendered":"<section  class='av_textblock_section av-lehbcujc-e36697ed1bea52a8cb8c1afa77e72bd4'   itemscope=\"itemscope\" itemtype=\"https:\/\/schema.org\/CreativeWork\" ><div class='avia_textblock'  itemprop=\"text\" ><div id=\"ez-toc-container\" class=\"ez-toc-v2_0_82_2 counter-hierarchy ez-toc-counter ez-toc-grey ez-toc-container-direction\">\n<div class=\"ez-toc-title-container\">\n<p class=\"ez-toc-title\" style=\"cursor:inherit\">Obsah<\/p>\n<span class=\"ez-toc-title-toggle\"><a href=\"#\" class=\"ez-toc-pull-right ez-toc-btn ez-toc-btn-xs ez-toc-btn-default ez-toc-toggle\" aria-label=\"P\u0159epnut\u00ed tabulky obsahu\"><span class=\"ez-toc-js-icon-con\"><span class=\"\"><span class=\"eztoc-hide\" style=\"display:none;\">P\u0159ep\u00edn\u00e1n\u00ed<\/span><span class=\"ez-toc-icon-toggle-span\"><svg style=\"fill: #999;color:#999\" xmlns=\"http:\/\/www.w3.org\/2000\/svg\" class=\"list-377408\" width=\"20px\" height=\"20px\" viewbox=\"0 0 24 24\" fill=\"none\"><path d=\"M6 6H4v2h2V6zm14 0H8v2h12V6zM4 11h2v2H4v-2zm16 0H8v2h12v-2zM4 16h2v2H4v-2zm16 0H8v2h12v-2z\" fill=\"currentColor\"><\/path><\/svg><svg style=\"fill: #999;color:#999\" class=\"arrow-unsorted-368013\" xmlns=\"http:\/\/www.w3.org\/2000\/svg\" width=\"10px\" height=\"10px\" viewbox=\"0 0 24 24\" version=\"1.2\" baseprofile=\"tiny\"><path d=\"M18.2 9.3l-6.2-6.3-6.2 6.3c-.2.2-.3.4-.3.7s.1.5.3.7c.2.2.4.3.7.3h11c.3 0 .5-.1.7-.3.2-.2.3-.5.3-.7s-.1-.5-.3-.7zM5.8 14.7l6.2 6.3 6.2-6.3c.2-.2.3-.5.3-.7s-.1-.5-.3-.7c-.2-.2-.4-.3-.7-.3h-11c-.3 0-.5.1-.7.3-.2.2-.3.5-.3.7s.1.5.3.7z\"\/><\/svg><\/span><\/span><\/span><\/a><\/span><\/div>\n<nav><ul class='ez-toc-list ez-toc-list-level-1' ><li class='ez-toc-page-1 ez-toc-heading-level-2'><a class=\"ez-toc-link ez-toc-heading-1\" href=\"https:\/\/plas.co\/cs\/spolecnost\/#Plastic_Mold_Company_In_China_All_in_one_service\" >Plastov\u00e9 formy spole\u010dnosti v \u010c\u00edn\u011b: V\u0161e v jedn\u00e9 slu\u017eb\u011b<\/a><ul class='ez-toc-list-level-3' ><li class='ez-toc-heading-level-3'><a class=\"ez-toc-link ez-toc-heading-2\" href=\"https:\/\/plas.co\/cs\/spolecnost\/#Our_plastic_mold_company_services_include\" >Na\u0161e slu\u017eby v oblasti v\u00fdroby plastov\u00fdch forem zahrnuj\u00ed:<\/a><ul class='ez-toc-list-level-4' ><li class='ez-toc-heading-level-4'><a class=\"ez-toc-link ez-toc-heading-3\" href=\"https:\/\/plas.co\/cs\/spolecnost\/#Our_product_development_services_include\" >Na\u0161e slu\u017eby v oblasti v\u00fdvoje produkt\u016f zahrnuj\u00ed:<\/a><\/li><\/ul><\/li><li class='ez-toc-page-1 ez-toc-heading-level-3'><a class=\"ez-toc-link ez-toc-heading-4\" href=\"https:\/\/plas.co\/cs\/spolecnost\/#We_supply_the_following_for_the_final_stage_of_assembly\" >Pro z\u00e1v\u011bre\u010dnou f\u00e1zi mont\u00e1\u017ee dod\u00e1v\u00e1me:<\/a><\/li><\/ul><\/li><\/ul><\/nav><\/div>\n<h2><span class=\"ez-toc-section\" id=\"Plastic_Mold_Company_In_China_All_in_one_service\"><\/span>Plastov\u00e9 formy spole\u010dnosti v \u010c\u00edn\u011b: V\u0161e v jedn\u00e9 slu\u017eb\u011b<span class=\"ez-toc-section-end\"><\/span><\/h2>\n<p>\u010c\u00ednsk\u00e1 spole\u010dnost Plas.co (Sincere Tech) vyr\u00e1b\u00ed vynikaj\u00edc\u00ed plastov\u00e9 formy. Poskytuje zak\u00e1zkovou v\u00fdrobu forem, vst\u0159ikov\u00e1n\u00ed plast\u016f, n\u00e1vrh d\u00edl\u016f, prototypov\u00e1n\u00ed, testov\u00e1n\u00ed, tlakov\u00e9 lit\u00ed, obr\u00e1b\u011bn\u00ed, lisov\u00e1n\u00ed silikonu, mont\u00e1\u017e a dal\u0161\u00ed. V\u00edt\u00e1me v\u00e1s.<\/p>\n<p>Spole\u010dnost Plas.co plastov\u00e9 formy je hrd\u00e1 na svou kvalitu, inovace a spokojenost z\u00e1kazn\u00edk\u016f. Na\u0161i kvalifikovan\u00ed in\u017een\u00fd\u0159i a technici pou\u017e\u00edvaj\u00ed nejnov\u011bj\u0161\u00ed technologie a metody, aby zajistili, \u017ee ka\u017ed\u00fd projekt spln\u00ed nebo p\u0159ed\u010d\u00ed o\u010dek\u00e1v\u00e1n\u00ed klienta.<\/p>\n<p>Navrhujeme a vyr\u00e1b\u00edme vysoce kvalitn\u00ed formy pro vst\u0159ikov\u00e1n\u00ed plast\u016f, formy pro tlakov\u00e9 lit\u00ed a silikonov\u00e9 v\u00fdlisky, ale nab\u00edz\u00edme tak\u00e9 mont\u00e1\u017e. Pom\u016f\u017eeme v\u00e1m od konceptu a\u017e po dod\u00e1vku. To zahrnuje prototypov\u00e1n\u00ed, testov\u00e1n\u00ed, re-prototypov\u00e1n\u00ed, osazov\u00e1n\u00ed desek plo\u0161n\u00fdch spoj\u016f, sva\u0159ov\u00e1n\u00ed kabel\u016f, kontrolu, v\u00fdrobu a testov\u00e1n\u00ed.<\/p>\n<h3><span class=\"ez-toc-section\" id=\"Our_plastic_mold_company_services_include\"><\/span><span lang=\"EN-US\">Na\u0161e slu\u017eby v oblasti v\u00fdroby plastov\u00fdch forem zahrnuj\u00ed:<\/span><span class=\"ez-toc-section-end\"><\/span><\/h3>\n<p>A\u0165 u\u017e pot\u0159ebujete formu pro vst\u0159ikov\u00e1n\u00ed plast\u016f, tlakov\u00e9 lit\u00ed nebo lisov\u00e1n\u00ed silikonu, na\u0161e spole\u010dnost na v\u00fdrobu forem v\u00e1m porad\u00ed. Na\u0161e spole\u010dnost nab\u00edz\u00ed komplexn\u00ed slu\u017eby v oblasti v\u00fdroby forem. Formy m\u016f\u017eeme vyrobit na zak\u00e1zku p\u0159esn\u011b podle va\u0161ich po\u017eadavk\u016f s vyu\u017eit\u00edm nejmodern\u011bj\u0161\u00edch v\u00fdrobn\u00edch postup\u016f, tak\u017ee v\u00e1m m\u016f\u017eeme zaru\u010dit, \u017ee v\u00e1\u0161 projekt bude m\u00edt tu nejvy\u0161\u0161\u00ed kvalitu.<\/p>\n<p>Vst\u0159ikovan\u00e9 komponenty: Jsme \u0161pi\u010dkou ve v\u00fdrob\u011b vysoce kvalitn\u00edch, na zak\u00e1zku lisovan\u00fdch plastov\u00fdch komponent\u016f pro mnoho r\u016fzn\u00fdch odv\u011btv\u00ed. M\u016f\u017eete se spolehnout na n\u00e1\u0161 t\u00fdm odborn\u00edk\u016f a in\u017een\u00fdr\u016f, kte\u0159\u00ed v\u00e1m budou st\u00e1t po boku v pr\u016fb\u011bhu cel\u00e9ho procesu, od vym\u00fd\u0161len\u00ed a\u017e po dod\u00e1n\u00ed.<\/p>\n<p>Na\u0161e spole\u010dnost poskytuje individu\u00e1ln\u00ed slu\u017eby v oblasti tlakov\u00e9ho lit\u00ed, po\u010d\u00ednaje n\u00e1vrhem formy, p\u0159es v\u00fdrobu, dokon\u010dovac\u00ed pr\u00e1ce a\u017e po dal\u0161\u00ed \u010dinnosti. Pou\u017e\u00edv\u00e1me nejmodern\u011bj\u0161\u00ed technologie a metody, abychom zajistili, \u017ee v\u00e1\u0161 projekt bude spl\u0148ovat nejvy\u0161\u0161\u00ed standardy, co\u017e odr\u00e1\u017e\u00ed na\u0161e odhodl\u00e1n\u00ed nab\u00edzet na\u0161im klient\u016fm ty nejlep\u0161\u00ed slu\u017eby a kvalitu.<\/p>\n<p>Na\u0161e nejmodern\u011bj\u0161\u00ed fr\u00e9zovac\u00ed a soustru\u017enick\u00e9 stroje jsou ide\u00e1ln\u00ed pro v\u00fdrobu p\u0159esn\u00fdch sou\u010d\u00e1st\u00ed a d\u00edl\u016f pro mnoho r\u016fzn\u00fdch typ\u016f podnik\u016f. S vyu\u017eit\u00edm nejmodern\u011bj\u0161\u00edch n\u00e1stroj\u016f a technik dokon\u010d\u00edme ka\u017ed\u00fd projekt v nejvy\u0161\u0161\u00ed kvalit\u011b. To dokazuje, \u017ee jsme odhodl\u00e1ni poskytovat na\u0161im z\u00e1kazn\u00edk\u016fm slu\u017eby nejvy\u0161\u0161\u00ed kvality.<\/p>\n<p>Jsme specializovan\u00e1 firma, kter\u00e1 vyr\u00e1b\u00ed vysoce kvalitn\u00ed silikonov\u00e9 lisovac\u00ed komponenty pro mnoho r\u016fzn\u00fdch pr\u016fmyslov\u00fdch odv\u011btv\u00ed. M\u016f\u017eete se spolehnout na n\u00e1\u0161 t\u00fdm odborn\u00edk\u016f, technik\u016f a in\u017een\u00fdr\u016f, kte\u0159\u00ed v\u00e1m budou st\u00e1t po boku v pr\u016fb\u011bhu cel\u00e9ho procesu, od vym\u00fd\u0161len\u00ed a\u017e po dod\u00e1n\u00ed.<\/p>\n<p>V\u00fdroba forem, silikonov\u00fdch forem, obr\u00e1b\u011bn\u00ed, tlakov\u00e9 lit\u00ed, v\u00fdvoj v\u00fdrobk\u016f a kone\u010dn\u00e1 mont\u00e1\u017e jsou jen n\u011bkter\u00e9 z mnoha v\u00fdrobn\u00edch slu\u017eeb, kter\u00e9 na\u0161e spole\u010dnost nab\u00edz\u00ed.<\/p>\n<p>Na\u0161i profesion\u00e1ln\u00ed pracovn\u00edci z \u0159ad design\u00e9r\u016f a technik\u016f se postaraj\u00ed o to, aby byl v\u00e1\u0161 v\u00fdrobek dokon\u010den od za\u010d\u00e1tku a\u017e do konce. Proto\u017ee pou\u017e\u00edv\u00e1me nejmodern\u011bj\u0161\u00ed technologie a postupy, m\u016f\u017eete se spolehnout, \u017ee v\u00fdsledn\u00fd produkt bude po v\u0161ech str\u00e1nk\u00e1ch bezchybn\u00fd. A kone\u010dn\u011b, s na\u0161imi klienty \u00fazce spolupracujeme od za\u010d\u00e1tku a\u017e do konce, abychom splnili jejich po\u017eadavky.<\/p>\n<h4><span class=\"ez-toc-section\" id=\"Our_product_development_services_include\"><\/span><span lang=\"EN-US\">Na\u0161e slu\u017eby v oblasti v\u00fdvoje produkt\u016f zahrnuj\u00ed:<\/span><span class=\"ez-toc-section-end\"><\/span><\/h4>\n<p>Po\u010d\u00ednaje konceptem: D\u00edky na\u0161im komplexn\u00edm n\u00e1vrh\u00e1\u0159sk\u00fdm slu\u017eb\u00e1m m\u016f\u017eeme splnit v\u0161echny va\u0161e po\u017eadavky a uskute\u010dnit va\u0161e sny.<\/p>\n<p>Vytv\u00e1\u0159en\u00ed prototyp\u016f: S na\u0161imi slu\u017ebami v oblasti prototypov\u00e1n\u00ed m\u016f\u017eete otestovat sv\u016fj produkt je\u0161t\u011b p\u0159edt\u00edm, ne\u017e se dostane na trh. Pom\u016f\u017ee v\u00e1m to zajistit, aby v\u00e1\u0161 v\u00fdrobek spl\u0148oval v\u0161echny va\u0161e pot\u0159eby, a p\u0159edej\u00edt probl\u00e9m\u016fm.<\/p>\n<p>N\u00e1stroje: M\u016f\u017eeme v\u00e1m pomoci vyr\u00e1b\u011bt v\u00e1\u0161 produkt ve velk\u00e9m m\u011b\u0159\u00edtku t\u00edm, \u017ee v\u00e1m poskytneme na m\u00edru \u0161it\u00e9 strategie pro v\u00fdrobu n\u00e1stroj\u016f. T\u00edm zajist\u00edme, \u017ee v\u00e1\u0161 v\u00fdrobek bude nejvy\u0161\u0161\u00ed kvality a bude vyroben s pe\u010dlivost\u00ed.<\/p>\n<p>V\u00fdroba: Vst\u0159ikov\u00e1n\u00ed, tlakov\u00e9 lit\u00ed, obr\u00e1b\u011bn\u00ed a lisov\u00e1n\u00ed silikonu jsou jen n\u011bkter\u00e9 z mnoha proces\u016f, kter\u00e9 tvo\u0159\u00ed na\u0161e v\u00fdrobn\u00ed slu\u017eby. D\u00edky tomu v\u00e1m m\u016f\u017eeme poskytnout komplexn\u00ed v\u00fdrobn\u00ed \u0159e\u0161en\u00ed.<\/p>\n<h3><span class=\"ez-toc-section\" id=\"We_supply_the_following_for_the_final_stage_of_assembly\"><\/span>Pro z\u00e1v\u011bre\u010dnou f\u00e1zi mont\u00e1\u017ee dod\u00e1v\u00e1me:<span class=\"ez-toc-section-end\"><\/span><\/h3>\n<p>Mont\u00e1\u017e d\u00edl\u016f: Um\u00edme spojit sou\u010d\u00e1sti do celku. Ka\u017ed\u00e1 sou\u010d\u00e1st bude fungovat tak, jak m\u00e1, a slibujeme, \u017ee kone\u010dn\u00fd v\u00fdsledek bude lep\u0161\u00ed, ne\u017e jste doufali.<\/p>\n<p>Testov\u00e1n\u00ed: M\u016f\u017eeme v\u00e1\u0161 hotov\u00fd v\u00fdrobek podrobit na\u0161emu testov\u00e1n\u00ed, abychom zaru\u010dili, \u017ee odpov\u00edd\u00e1 norm\u011b a spl\u0148uje va\u0161e po\u017eadavky.<\/p>\n<p>Certifik\u00e1t: M\u016f\u017eeme vyr\u00e1b\u011bt elektronick\u00e9 zbo\u017e\u00ed, kter\u00e9 spl\u0148uje po\u017eadavky mezin\u00e1rodn\u00edch certifika\u010dn\u00edch org\u00e1n\u016f, jako jsou CE, ETL nebo FCC.<\/p>\n<p>Balen\u00ed: M\u016f\u017eete si b\u00fdt jisti, \u017ee v\u00e1\u0161 hotov\u00fd v\u00fdrobek doraz\u00ed na m\u00edsto ur\u010den\u00ed nepo\u0161kozen\u00fd.<\/p>\n<p>C\u00edlem spole\u010dnosti Plas.co je nab\u00edzet na\u0161im klient\u016fm komplexn\u00ed slu\u017eby, po\u010d\u00ednaje v\u00fdvojem v\u00fdrobku a kon\u010de jeho kone\u010dnou mont\u00e1\u017e\u00ed. M\u00e1te-li jak\u00e9koli dotazy ohledn\u011b toho, jak v\u00e1m m\u016f\u017eeme pomoci s va\u0161\u00edm p\u0159ipravovan\u00fdm projektem, neprodlen\u011b n\u00e1s kontaktujte.<\/p>\n<div id=\"attachment_394\" style=\"width: 4762px\" class=\"wp-caption aligncenter\"><a href=\"http:\/\/plas.co\/wp-content\/uploads\/2016\/02\/IMG_9539.jpg\"><img decoding=\"async\" aria-describedby=\"caption-attachment-394\" class=\"wp-image-394 size-full\" src=\"http:\/\/plas.co\/wp-content\/uploads\/2016\/02\/IMG_9539.jpg\" alt=\"spole\u010dnost vyr\u00e1b\u011bj\u00edc\u00ed plastov\u00e9 formy\" width=\"4752\" height=\"3168\" srcset=\"https:\/\/plas.co\/wp-content\/uploads\/2016\/02\/IMG_9539.jpg 4752w, https:\/\/plas.co\/wp-content\/uploads\/2016\/02\/IMG_9539-300x200.jpg 300w, https:\/\/plas.co\/wp-content\/uploads\/2016\/02\/IMG_9539-768x512.jpg 768w, https:\/\/plas.co\/wp-content\/uploads\/2016\/02\/IMG_9539-1024x683.jpg 1024w\" sizes=\"(max-width: 4752px) 100vw, 4752px\" \/><\/a><p id=\"caption-attachment-394\" class=\"wp-caption-text\">spole\u010dnost vyr\u00e1b\u011bj\u00edc\u00ed plastov\u00e9 formy<\/p><\/div>\n<\/div><\/section>","protected":false},"excerpt":{"rendered":"","protected":false},"author":1,"featured_media":836,"parent":0,"menu_order":0,"comment_status":"open","ping_status":"open","template":"","meta":{"footnotes":""},"class_list":["post-15","page","type-page","status-publish","has-post-thumbnail","hentry"],"_links":{"self":[{"href":"https:\/\/plas.co\/cs\/wp-json\/wp\/v2\/pages\/15","targetHints":{"allow":["GET"]}}],"collection":[{"href":"https:\/\/plas.co\/cs\/wp-json\/wp\/v2\/pages"}],"about":[{"href":"https:\/\/plas.co\/cs\/wp-json\/wp\/v2\/types\/page"}],"author":[{"embeddable":true,"href":"https:\/\/plas.co\/cs\/wp-json\/wp\/v2\/users\/1"}],"replies":[{"embeddable":true,"href":"https:\/\/plas.co\/cs\/wp-json\/wp\/v2\/comments?post=15"}],"version-history":[{"count":0,"href":"https:\/\/plas.co\/cs\/wp-json\/wp\/v2\/pages\/15\/revisions"}],"wp:featuredmedia":[{"embeddable":true,"href":"https:\/\/plas.co\/cs\/wp-json\/wp\/v2\/media\/836"}],"wp:attachment":[{"href":"https:\/\/plas.co\/cs\/wp-json\/wp\/v2\/media?parent=15"}],"curies":[{"name":"wp","href":"https:\/\/api.w.org\/{rel}","templated":true}]}}