{"id":22,"date":"2014-09-20T14:35:50","date_gmt":"2014-09-20T06:35:50","guid":{"rendered":"http:\/\/andy-mold.com\/?page_id=22"},"modified":"2020-01-04T00:41:06","modified_gmt":"2020-01-03T16:41:06","slug":"enginnering","status":"publish","type":"page","link":"https:\/\/plas.co\/cs\/enginnering\/","title":{"rendered":"Stroj\u00edrenstv\u00ed"},"content":{"rendered":"<p><strong>A <\/strong>dobr\u00e1 konstrukce je srdcem formy a spole\u010dnost Andy Mould v\u011bnuje zvl\u00e1\u0161tn\u00ed pozornost konstrukci formy, chladic\u00edm kan\u00e1l\u016fm a pohybliv\u00fdm mechanism\u016fm, aby zajistila, \u017ee z va\u0161\u00ed formy budou dod\u00e1v\u00e1ny d\u00edly nejvy\u0161\u0161\u00ed kvality p\u0159i minim\u00e1ln\u00edm cyklu. Zku\u0161en\u00ed in\u017een\u00fd\u0159i ze spole\u010dnosti Andy Mould by vytvo\u0159ili dobr\u00fd a levn\u00fd n\u00e1vrh formy a pomohli z\u00e1kazn\u00edkovi vy\u0159e\u0161it probl\u00e9my s konstrukc\u00ed a funkc\u00ed v\u00fdrobk\u016f, tak\u00e9<\/p>\n<p>profesion\u00e1ln\u00ed n\u00e1vrhy k v\u00fdvoji nov\u00fdch produkt\u016f.<\/p>\n<p>Software, kter\u00fd pou\u017e\u00edv\u00e1me<br \/>\nAuto CAD, Pro\/E, UG, Solid works,<\/p>\n<p>B\u011bhem n\u00e1vrhu formy prov\u00e1d\u00edme tak\u00e9 anal\u00fdzu toku formy.<br \/>\nPostup n\u00e1vrhu formy<\/p>\n<p>1. Sch\u016fzka p\u0159ed n\u00e1vrhem<\/p>\n<p>2. Vytvo\u0159te n\u00e1vrh podle z\u00e1v\u011br\u016f a zkontrolujte jej u vedouc\u00edho n\u00e1vrhu.<\/p>\n<p>3. Odesl\u00e1n\u00ed z\u00e1kazn\u00edkovi k potvrzen\u00ed a proveden\u00ed anal\u00fdzy<\/p>\n<p>4. Diskutujte se z\u00e1kazn\u00edkem o p\u0159\u00edpadn\u00fdch probl\u00e9mech<\/p>\n<p>5. Zhotoven\u00ed kone\u010dn\u00e9ho n\u00e1vrhu po schv\u00e1len\u00ed<\/p>\n<p><img decoding=\"async\" class=\"alignleft wp-image-405 size-full\" src=\"http:\/\/plas.co\/wp-content\/uploads\/2014\/09\/IMG_1560.jpg\" alt=\"Odd\u011blen\u00ed designu\" width=\"1152\" height=\"768\" srcset=\"https:\/\/plas.co\/wp-content\/uploads\/2014\/09\/IMG_1560.jpg 1152w, https:\/\/plas.co\/wp-content\/uploads\/2014\/09\/IMG_1560-300x200.jpg 300w, https:\/\/plas.co\/wp-content\/uploads\/2014\/09\/IMG_1560-768x512.jpg 768w, https:\/\/plas.co\/wp-content\/uploads\/2014\/09\/IMG_1560-1024x683.jpg 1024w\" sizes=\"(max-width: 1152px) 100vw, 1152px\" \/><\/p>","protected":false},"excerpt":{"rendered":"<p>A good design is the heart of a mould, and Andy Mould pays special attention to the mould construction, cooling channels and moving mechanisms to ensure the highest quality parts are delivered from your mould at the minimum cycle. The\u00a0experienced\u00a0engineers\u00a0from\u00a0Andy Mould\u00a0would\u00a0make\u00a0the\u00a0good\u00a0and\u00a0low cost\u00a0mold\u00a0design\u00a0\u00a0and\u00a0help\u00a0customer\u00a0to\u00a0solve\u00a0the\u00a0issues\u00a0in\u00a0structure\u00a0and\u00a0function\u00a0to\u00a0the\u00a0products,\u00a0also professional \u00a0suggestions\u00a0to\u00a0your\u00a0new\u00a0product\u00a0development. Software\u00a0we\u00a0using Auto\u00a0CAD,\u00a0Pro\/E,\u00a0UG,\u00a0Solid works, We also do Mold flow Analysis during our [&hellip;]<\/p>\n","protected":false},"author":1,"featured_media":0,"parent":0,"menu_order":0,"comment_status":"open","ping_status":"open","template":"","meta":{"footnotes":""},"class_list":["post-22","page","type-page","status-publish","hentry"],"_links":{"self":[{"href":"https:\/\/plas.co\/cs\/wp-json\/wp\/v2\/pages\/22","targetHints":{"allow":["GET"]}}],"collection":[{"href":"https:\/\/plas.co\/cs\/wp-json\/wp\/v2\/pages"}],"about":[{"href":"https:\/\/plas.co\/cs\/wp-json\/wp\/v2\/types\/page"}],"author":[{"embeddable":true,"href":"https:\/\/plas.co\/cs\/wp-json\/wp\/v2\/users\/1"}],"replies":[{"embeddable":true,"href":"https:\/\/plas.co\/cs\/wp-json\/wp\/v2\/comments?post=22"}],"version-history":[{"count":0,"href":"https:\/\/plas.co\/cs\/wp-json\/wp\/v2\/pages\/22\/revisions"}],"wp:attachment":[{"href":"https:\/\/plas.co\/cs\/wp-json\/wp\/v2\/media?parent=22"}],"curies":[{"name":"wp","href":"https:\/\/api.w.org\/{rel}","templated":true}]}}