{"id":24,"date":"2014-09-20T14:37:02","date_gmt":"2014-09-20T06:37:02","guid":{"rendered":"http:\/\/andy-mold.com\/?page_id=24"},"modified":"2016-02-14T14:16:27","modified_gmt":"2016-02-14T06:16:27","slug":"kvalita","status":"publish","type":"page","link":"https:\/\/plas.co\/cs\/kvalita\/","title":{"rendered":"Kvalita"},"content":{"rendered":"<p><b>Na\u0161e kvalita:<\/b><\/p>\n<p>Sna\u017e\u00edme se zajistit kvalitu na\u0161ich v\u00fdrobk\u016f a zlep\u0161ovat je. Na rozd\u00edl od mnoha na\u0161ich konkurent\u016f poskytujeme vysoce kvalitn\u00ed v\u00fdrobky a kvalitn\u00ed slu\u017eby, kter\u00e9 spl\u0148uj\u00ed nebo p\u0159ekon\u00e1vaj\u00ed o\u010dek\u00e1v\u00e1n\u00ed z\u00e1kazn\u00edk\u016f.<\/p>\n<p>Certifika\u010dn\u00ed normy ISO 900l-2000.<\/p>\n<p>N\u00e1\u0161 syst\u00e9m \u0159\u00edzen\u00ed kvality proch\u00e1z\u00ed celou obchodn\u00ed transakc\u00ed, kter\u00e1 zahrnuje:<\/p>\n<p>P\u0159ezkum n\u00e1vrhu<br \/>\nOv\u011b\u0159ov\u00e1n\u00ed a validace n\u00e1vrhu<br \/>\nElektronicky \u0159\u00edzen\u00e1 kontrola kalibrace<br \/>\nP\u0159ij\u00edmac\u00ed kontrola<br \/>\nPovinn\u00e9 dokumentovan\u00e9 pl\u00e1nov\u00e1n\u00ed kvality pro ka\u017ed\u00fd projekt<br \/>\nKontrola prvn\u00edho \u010dl\u00e1nku<br \/>\nZ\u00e1v\u011bre\u010dn\u00e1\/posledn\u00ed kontrola<\/p>\n<p><b>Va\u0161e v\u00fdrobky budou zkontrolov\u00e1ny na\u0161\u00edm komplexn\u00edm servisem kvality<\/b><\/p>\n<p>Sou\u0159adnicov\u00fd m\u011b\u0159ic\u00ed stroj (CMM)<\/p>\n<p>Optick\u00fd projektor<\/p>\n<p>Studie procesn\u00ed zp\u016fsobilosti n\u00e1stroj\u016f<\/p>","protected":false},"excerpt":{"rendered":"<p>Our Quality: We are committed to ensuring the quality of our products as well as improving them. Unlike many of our competitors, Provide high quality products and quality service to meet or exceed customer&#8217;s expectations. ISO 900l-2000 Certification standards.. Our Quality Management System runs through the whole business transaction, which includes: Design review Design verification [&hellip;]<\/p>\n","protected":false},"author":1,"featured_media":0,"parent":0,"menu_order":0,"comment_status":"open","ping_status":"open","template":"","meta":{"footnotes":""},"class_list":["post-24","page","type-page","status-publish","hentry"],"_links":{"self":[{"href":"https:\/\/plas.co\/cs\/wp-json\/wp\/v2\/pages\/24","targetHints":{"allow":["GET"]}}],"collection":[{"href":"https:\/\/plas.co\/cs\/wp-json\/wp\/v2\/pages"}],"about":[{"href":"https:\/\/plas.co\/cs\/wp-json\/wp\/v2\/types\/page"}],"author":[{"embeddable":true,"href":"https:\/\/plas.co\/cs\/wp-json\/wp\/v2\/users\/1"}],"replies":[{"embeddable":true,"href":"https:\/\/plas.co\/cs\/wp-json\/wp\/v2\/comments?post=24"}],"version-history":[{"count":0,"href":"https:\/\/plas.co\/cs\/wp-json\/wp\/v2\/pages\/24\/revisions"}],"wp:attachment":[{"href":"https:\/\/plas.co\/cs\/wp-json\/wp\/v2\/media?parent=24"}],"curies":[{"name":"wp","href":"https:\/\/api.w.org\/{rel}","templated":true}]}}