{"id":100,"date":"2014-09-20T16:18:58","date_gmt":"2014-09-20T08:18:58","guid":{"rendered":"http:\/\/andy-mold.com\/?page_id=100"},"modified":"2026-01-09T21:16:30","modified_gmt":"2026-01-09T13:16:30","slug":"form-til-bilindustrien","status":"publish","type":"page","link":"https:\/\/plas.co\/da\/produkter\/form-til-bilindustrien\/","title":{"rendered":"St\u00f8beform til biler"},"content":{"rendered":"<div  class='flex_column av-8gcv8-2577ba9e0c13fce46414471b02123209 av_one_full  avia-builder-el-0  el_before_av_textblock  avia-builder-el-first  first flex_column_div'     ><style type=\"text\/css\" data-created_by=\"avia_inline_auto\" id=\"style-css-av-lel1ywqt-993f07fca39d4726bedded6a95944041\">\n#top .avia-gallery.av-lel1ywqt-993f07fca39d4726bedded6a95944041 .avia-gallery-thumb a{\nwidth:33.3333%;\n}\n<\/style>\n<div  class='avia-gallery av-lel1ywqt-993f07fca39d4726bedded6a95944041 avia_animate_when_visible  avia-builder-el-1  avia-builder-el-no-sibling  avia_lazyload avia-gallery-animate avia-gallery-1'  itemprop=\"image\" itemscope=\"itemscope\" itemtype=\"https:\/\/schema.org\/ImageObject\" ><meta itemprop=\"contentURL\" content=\"https:\/\/plas.co\/da\/produkter\/form-til-bilindustrien\/\"><div class='avia-gallery-thumb'><a href=\"https:\/\/plas.co\/wp-content\/uploads\/2023\/02\/automotive-injection-mold-1.jpg\" data-srcset=\"https:\/\/plas.co\/wp-content\/uploads\/2023\/02\/automotive-injection-mold-1.jpg 800w, https:\/\/plas.co\/wp-content\/uploads\/2023\/02\/automotive-injection-mold-1-300x225.jpg 300w, https:\/\/plas.co\/wp-content\/uploads\/2023\/02\/automotive-injection-mold-1-768x576.jpg 768w, https:\/\/plas.co\/wp-content\/uploads\/2023\/02\/automotive-injection-mold-1-705x529.jpg 705w\" data-sizes=\"(max-width: 800px) 100vw, 800px\" data-rel='gallery-1' data-prev-img='https:\/\/plas.co\/wp-content\/uploads\/2023\/02\/automotive-injection-mold-1-495x400.jpg' class='first_thumb lightbox' data-onclick='1' title='spr\u00f8jtest\u00f8bning til bilindustrien'  itemprop=\"thumbnailUrl\"  ><img decoding=\"async\" fetchpriority=\"high\" class=\"wp-image-936 avia-img-lazy-loading-not-936\"   src=\"https:\/\/plas.co\/wp-content\/uploads\/2023\/02\/automotive-injection-mold-1-495x400.jpg\" width=\"495\" height=\"400\"  title='spr\u00f8jtest\u00f8bning til bilindustrien' alt='spr\u00f8jtest\u00f8bning til bilindustrien' \/><div class='big-prev-fake'><img decoding=\"async\" loading=\"lazy\" class=\"wp-image-936 avia-img-lazy-loading-936\"  width=\"495\" height=\"400\" src=\"https:\/\/plas.co\/wp-content\/uploads\/2023\/02\/automotive-injection-mold-1-495x400.jpg\" title='spr\u00f8jtest\u00f8bning til bilindustrien' alt='spr\u00f8jtest\u00f8bning til bilindustrien' \/><\/div><\/a><a href=\"https:\/\/plas.co\/wp-content\/uploads\/2023\/02\/automotive-mould-factory.jpg\" data-srcset=\"https:\/\/plas.co\/wp-content\/uploads\/2023\/02\/automotive-mould-factory.jpg 800w, https:\/\/plas.co\/wp-content\/uploads\/2023\/02\/automotive-mould-factory-300x225.jpg 300w, https:\/\/plas.co\/wp-content\/uploads\/2023\/02\/automotive-mould-factory-768x576.jpg 768w, https:\/\/plas.co\/wp-content\/uploads\/2023\/02\/automotive-mould-factory-705x529.jpg 705w\" data-sizes=\"(max-width: 800px) 100vw, 800px\" data-rel='gallery-1' data-prev-img='https:\/\/plas.co\/wp-content\/uploads\/2023\/02\/automotive-mould-factory-495x400.jpg' class='lightbox' data-onclick='2' title='Formfabrik til bilindustrien'  itemprop=\"thumbnailUrl\"  ><img decoding=\"async\" fetchpriority=\"high\" class=\"wp-image-938 avia-img-lazy-loading-not-938\"   src=\"https:\/\/plas.co\/wp-content\/uploads\/2023\/02\/automotive-mould-factory-495x400.jpg\" width=\"495\" height=\"400\"  title='Formfabrik til bilindustrien' alt='Formfabrik til bilindustrien' \/><div class='big-prev-fake'><img decoding=\"async\" loading=\"lazy\" class=\"wp-image-938 avia-img-lazy-loading-938\"  width=\"495\" height=\"400\" src=\"https:\/\/plas.co\/wp-content\/uploads\/2023\/02\/automotive-mould-factory-495x400.jpg\" title='Formfabrik til bilindustrien' alt='Formfabrik til bilindustrien' \/><\/div><\/a><a href=\"https:\/\/plas.co\/wp-content\/uploads\/2023\/02\/automotive-parts-mould.jpg\" data-srcset=\"https:\/\/plas.co\/wp-content\/uploads\/2023\/02\/automotive-parts-mould.jpg 600w, https:\/\/plas.co\/wp-content\/uploads\/2023\/02\/automotive-parts-mould-225x300.jpg 225w, https:\/\/plas.co\/wp-content\/uploads\/2023\/02\/automotive-parts-mould-529x705.jpg 529w\" data-sizes=\"(max-width: 600px) 100vw, 600px\" data-rel='gallery-1' data-prev-img='https:\/\/plas.co\/wp-content\/uploads\/2023\/02\/automotive-parts-mould-495x400.jpg' class='lightbox' data-onclick='3' title='Form til bildele'  itemprop=\"thumbnailUrl\"  ><img decoding=\"async\" fetchpriority=\"high\" class=\"wp-image-941 avia-img-lazy-loading-not-941\"   src=\"https:\/\/plas.co\/wp-content\/uploads\/2023\/02\/automotive-parts-mould-495x400.jpg\" width=\"495\" height=\"400\"  title='Form til bildele' alt='Form til bildele' \/><div class='big-prev-fake'><img decoding=\"async\" loading=\"lazy\" class=\"wp-image-941 avia-img-lazy-loading-941\"  width=\"495\" height=\"400\" src=\"https:\/\/plas.co\/wp-content\/uploads\/2023\/02\/automotive-parts-mould-495x400.jpg\" title='Form til bildele' alt='Form til bildele' \/><\/div><\/a><a href=\"https:\/\/plas.co\/wp-content\/uploads\/2023\/02\/automotive-plastic-mould.jpg\" data-srcset=\"https:\/\/plas.co\/wp-content\/uploads\/2023\/02\/automotive-plastic-mould.jpg 800w, https:\/\/plas.co\/wp-content\/uploads\/2023\/02\/automotive-plastic-mould-300x225.jpg 300w, https:\/\/plas.co\/wp-content\/uploads\/2023\/02\/automotive-plastic-mould-768x576.jpg 768w, https:\/\/plas.co\/wp-content\/uploads\/2023\/02\/automotive-plastic-mould-705x529.jpg 705w\" data-sizes=\"(max-width: 800px) 100vw, 800px\" data-rel='gallery-1' data-prev-img='https:\/\/plas.co\/wp-content\/uploads\/2023\/02\/automotive-plastic-mould-495x400.jpg' class='first_thumb lightbox' data-onclick='4' title='plastform til bilindustrien'  itemprop=\"thumbnailUrl\"  ><img decoding=\"async\" fetchpriority=\"high\" class=\"wp-image-942 avia-img-lazy-loading-not-942\"   src=\"https:\/\/plas.co\/wp-content\/uploads\/2023\/02\/automotive-plastic-mould-495x400.jpg\" width=\"495\" height=\"400\"  title='plastform til bilindustrien' alt='plastform til bilindustrien' \/><div class='big-prev-fake'><img decoding=\"async\" loading=\"lazy\" class=\"wp-image-942 avia-img-lazy-loading-942\"  width=\"495\" height=\"400\" src=\"https:\/\/plas.co\/wp-content\/uploads\/2023\/02\/automotive-plastic-mould-495x400.jpg\" title='plastform til bilindustrien' alt='plastform til bilindustrien' \/><\/div><\/a><a href=\"https:\/\/plas.co\/wp-content\/uploads\/2023\/02\/China-automotive-mold-maker.jpg\" data-srcset=\"https:\/\/plas.co\/wp-content\/uploads\/2023\/02\/China-automotive-mold-maker.jpg 600w, https:\/\/plas.co\/wp-content\/uploads\/2023\/02\/China-automotive-mold-maker-225x300.jpg 225w, https:\/\/plas.co\/wp-content\/uploads\/2023\/02\/China-automotive-mold-maker-529x705.jpg 529w\" data-sizes=\"(max-width: 600px) 100vw, 600px\" data-rel='gallery-1' data-prev-img='https:\/\/plas.co\/wp-content\/uploads\/2023\/02\/China-automotive-mold-maker-495x400.jpg' class='lightbox' data-onclick='5' title='Kinesisk producent af st\u00f8beforme til bilindustrien'  itemprop=\"thumbnailUrl\"  ><img decoding=\"async\" fetchpriority=\"high\" class=\"wp-image-943 avia-img-lazy-loading-not-943\"   src=\"https:\/\/plas.co\/wp-content\/uploads\/2023\/02\/China-automotive-mold-maker-495x400.jpg\" width=\"495\" height=\"400\"  title='Kinesisk producent af st\u00f8beforme til bilindustrien' alt='Kinesisk producent af st\u00f8beforme til bilindustrien' \/><div class='big-prev-fake'><img decoding=\"async\" loading=\"lazy\" class=\"wp-image-943 avia-img-lazy-loading-943\"  width=\"495\" height=\"400\" src=\"https:\/\/plas.co\/wp-content\/uploads\/2023\/02\/China-automotive-mold-maker-495x400.jpg\" title='Kinesisk producent af st\u00f8beforme til bilindustrien' alt='Kinesisk producent af st\u00f8beforme til bilindustrien' \/><\/div><\/a><a href=\"https:\/\/plas.co\/wp-content\/uploads\/2023\/02\/china-automotive-mould.jpg\" data-srcset=\"https:\/\/plas.co\/wp-content\/uploads\/2023\/02\/china-automotive-mould.jpg 600w, https:\/\/plas.co\/wp-content\/uploads\/2023\/02\/china-automotive-mould-225x300.jpg 225w, https:\/\/plas.co\/wp-content\/uploads\/2023\/02\/china-automotive-mould-529x705.jpg 529w\" data-sizes=\"(max-width: 600px) 100vw, 600px\" data-rel='gallery-1' data-prev-img='https:\/\/plas.co\/wp-content\/uploads\/2023\/02\/china-automotive-mould-495x400.jpg' class='lightbox' data-onclick='6' title='Form til bilindustrien i Kina'  itemprop=\"thumbnailUrl\"  ><img decoding=\"async\" fetchpriority=\"high\" class=\"wp-image-944 avia-img-lazy-loading-not-944\"   src=\"https:\/\/plas.co\/wp-content\/uploads\/2023\/02\/china-automotive-mould-495x400.jpg\" width=\"495\" height=\"400\"  title='Form til bilindustrien i Kina' alt='Form til bilindustrien i Kina' \/><div class='big-prev-fake'><img decoding=\"async\" loading=\"lazy\" class=\"wp-image-944 avia-img-lazy-loading-944\"  width=\"495\" height=\"400\" src=\"https:\/\/plas.co\/wp-content\/uploads\/2023\/02\/china-automotive-mould-495x400.jpg\" title='Form til bilindustrien i Kina' alt='Form til bilindustrien i Kina' \/><\/div><\/a><\/div><\/div><\/div>\n<section  class='av_textblock_section av-lel30rvk-cf1539555210428ee0eb928e39734301'   itemscope=\"itemscope\" itemtype=\"https:\/\/schema.org\/CreativeWork\" ><div class='avia_textblock'  itemprop=\"text\" ><div id=\"ez-toc-container\" class=\"ez-toc-v2_0_82_2 counter-hierarchy ez-toc-counter ez-toc-grey ez-toc-container-direction\">\n<div class=\"ez-toc-title-container\">\n<p class=\"ez-toc-title\" style=\"cursor:inherit\">Indholdsfortegnelse<\/p>\n<span class=\"ez-toc-title-toggle\"><a href=\"#\" class=\"ez-toc-pull-right ez-toc-btn ez-toc-btn-xs ez-toc-btn-default ez-toc-toggle\" aria-label=\"Skift til indholdsfortegnelse\"><span class=\"ez-toc-js-icon-con\"><span class=\"\"><span class=\"eztoc-hide\" style=\"display:none;\">Toggle<\/span><span class=\"ez-toc-icon-toggle-span\"><svg style=\"fill: #999;color:#999\" xmlns=\"http:\/\/www.w3.org\/2000\/svg\" class=\"list-377408\" width=\"20px\" height=\"20px\" viewbox=\"0 0 24 24\" fill=\"none\"><path d=\"M6 6H4v2h2V6zm14 0H8v2h12V6zM4 11h2v2H4v-2zm16 0H8v2h12v-2zM4 16h2v2H4v-2zm16 0H8v2h12v-2z\" fill=\"currentColor\"><\/path><\/svg><svg style=\"fill: #999;color:#999\" class=\"arrow-unsorted-368013\" xmlns=\"http:\/\/www.w3.org\/2000\/svg\" width=\"10px\" height=\"10px\" viewbox=\"0 0 24 24\" version=\"1.2\" baseprofile=\"tiny\"><path d=\"M18.2 9.3l-6.2-6.3-6.2 6.3c-.2.2-.3.4-.3.7s.1.5.3.7c.2.2.4.3.7.3h11c.3 0 .5-.1.7-.3.2-.2.3-.5.3-.7s-.1-.5-.3-.7zM5.8 14.7l6.2 6.3 6.2-6.3c.2-.2.3-.5.3-.7s-.1-.5-.3-.7c-.2-.2-.4-.3-.7-.3h-11c-.3 0-.5.1-.7.3-.2.2-.3.5-.3.7s.1.5.3.7z\"\/><\/svg><\/span><\/span><\/span><\/a><\/span><\/div>\n<nav><ul class='ez-toc-list ez-toc-list-level-1' ><li class='ez-toc-page-1 ez-toc-heading-level-2'><a class=\"ez-toc-link ez-toc-heading-1\" href=\"https:\/\/plas.co\/da\/produkter\/form-til-bilindustrien\/#What_is_Automotive_Mould\" >Hvad er Automotive Mould<\/a><ul class='ez-toc-list-level-3' ><li class='ez-toc-heading-level-3'><a class=\"ez-toc-link ez-toc-heading-2\" href=\"https:\/\/plas.co\/da\/produkter\/form-til-bilindustrien\/#Type_of_Automotive_Mould\" >Type af form til biler<\/a><\/li><li class='ez-toc-page-1 ez-toc-heading-level-3'><a class=\"ez-toc-link ez-toc-heading-3\" href=\"https:\/\/plas.co\/da\/produkter\/form-til-bilindustrien\/#Applications_of_Automotive_Mould\" >Anvendelser af st\u00f8beforme til biler<\/a><\/li><li class='ez-toc-page-1 ez-toc-heading-level-3'><a class=\"ez-toc-link ez-toc-heading-4\" href=\"https:\/\/plas.co\/da\/produkter\/form-til-bilindustrien\/#Which_country_of_automotive_mould_suppliers_that_you_should_work_with\" >Hvilket land b\u00f8r du samarbejde med, n\u00e5r det g\u00e6lder leverand\u00f8rer af st\u00f8beforme til bilindustrien?<\/a><\/li><\/ul><\/li><\/ul><\/nav><\/div>\n<h2><span class=\"ez-toc-section\" id=\"What_is_Automotive_Mould\"><\/span>Hvad er Automotive Mould<span class=\"ez-toc-section-end\"><\/span><\/h2>\n<p><a href=\"https:\/\/plas.co\/da\/produkter\/form-til-bilindustrien\/\"><em><strong>St\u00f8beform til biler<\/strong><\/em><\/a>, ogs\u00e5 kendt som en bilform eller <a href=\"http:\/\/www.sheetmetalmasion.com\" target=\"_blank\" rel=\"noopener\">bilform<\/a>, er et v\u00e6rkt\u00f8j, der bruges i fremstillingsprocessen af forskellige dele og komponenter til biler. Det er en anordning, der bruges til at forme materialer som plast, metal og kompositter til den \u00f8nskede form p\u00e5 det endelige produkt,<\/p>\n<p>St\u00f8beforme til biler kan have forskellige former, afh\u00e6ngigt af kompleksiteten af den del, der skal produceres. For eksempel bruges spr\u00f8jtest\u00f8beforme til at producere plastdele til biler med komplekse geometrier, mens kompressionsforme bruges til at fremstille store og tykke dele, s\u00e5som kofangere og instrumentbr\u00e6tter, af kompositmaterialer.<\/p>\n<p>Brugen af st\u00f8beforme til biler i fremstillingsprocessen giver mulighed for en h\u00f8j grad af pr\u00e6cision og n\u00f8jagtighed samt evnen til at producere store m\u00e6ngder af komponenter med ensartet kvalitet. Brugen af forme hj\u00e6lper ogs\u00e5 med at reducere spild og \u00f8ge effektiviteten i fremstillingsprocessen. det er denne side, vi taler om <a href=\"http:\/\/plas.co\/da\/sprojtestobning-til-bilindustrien-2\/\">spr\u00f8jtest\u00f8bning til bilindustrien<\/a>.<\/p>\n<h3><span class=\"ez-toc-section\" id=\"Type_of_Automotive_Mould\"><\/span>Type af form til biler<span class=\"ez-toc-section-end\"><\/span><\/h3>\n<p>St\u00f8beforme til biler bruges i fremstillingsprocessen af forskellige dele og komponenter til biler. Der er mange typer af bilforme, her er nogle typer af bilforme:<\/p>\n<ol>\n<li>Indspr\u00f8jtningsforme: Disse forme bruges til at producere plastdele til biler. Spr\u00f8jtest\u00f8bning er en popul\u00e6r metode til at producere store m\u00e6ngder plastkomponenter med komplekse geometrier, og det er ogs\u00e5 vores gennemsnitlige forretning, hvis du har brug for spr\u00f8jtest\u00f8bning til biler, s\u00e5 kontakt os for at f\u00e5 en pris.<\/li>\n<li>Kompressionsforme: Disse forme bruges til at fremstille store og tykke bildele, som f.eks. kofangere og instrumentbr\u00e6tter, af kompositmaterialer.<\/li>\n<li>Bl\u00e6seforme: Disse forme bruges til at skabe hule plastkomponenter som f.eks. br\u00e6ndstoftanke og luftkanaler.<\/li>\n<li>Termoformningsforme: Disse forme bruges til at producere plastkomponenter med en lav dybde, som f.eks. d\u00f8rpaneler og instrumentgrupper.<\/li>\n<li>St\u00f8beforme til trykst\u00f8bning: Disse forme bruges til at producere metalkomponenter, som f.eks. motorblokke og gearkasser, ved hj\u00e6lp af en h\u00f8jtryksindspr\u00f8jtningsproces.<\/li>\n<li>Gummiforme: Disse forme bruges til at producere gummikomponenter som f.eks. t\u00e6tninger og pakninger til bilindustrien.<\/li>\n<li>Ekstruderingsforme: Disse forme bruges til at producere lange plastkomponenter, som f.eks. vinduest\u00e6tninger og t\u00e6tningslister, ved at tvinge materialet gennem en matrice.<\/li>\n<\/ol>\n<p>Hver type form til bilindustrien har sine egne unikke fordele og ulemper, og valget af form afh\u00e6nger af de specifikke krav til den del, der skal produceres.<\/p>\n<h3><span class=\"ez-toc-section\" id=\"Applications_of_Automotive_Mould\"><\/span>Anvendelser af st\u00f8beforme til biler<span class=\"ez-toc-section-end\"><\/span><\/h3>\n<p><a href=\"https:\/\/www.plasticmold.net\/injection-molding-automotive\/\" target=\"_blank\" rel=\"noopener\">St\u00f8beforme til biler<\/a> har en bred vifte af anvendelsesmuligheder i bilindustrien. Her er nogle af anvendelsesmulighederne for st\u00f8beforme til biler:<\/p>\n<ol>\n<li>Udvendige komponenter: St\u00f8beforme til biler bruges til at producere forskellige udvendige komponenter til k\u00f8ret\u00f8jer, f.eks. kofangere, gitre, sk\u00e6rme, h\u00e6tter og d\u00f8re.<\/li>\n<li>Indvendige komponenter: St\u00f8beforme bruges til at producere indvendige komponenter i k\u00f8ret\u00f8jer som f.eks. instrumentbr\u00e6t, d\u00f8rpaneler, s\u00e6der og rat.<\/li>\n<li>Belysningskomponenter: St\u00f8beforme til biler bruges til at producere forskellige belysningskomponenter til k\u00f8ret\u00f8jer, f.eks. forlygter, baglygter og blinklyslinser.<\/li>\n<li>Motorkomponenter: St\u00f8beforme bruges til at producere forskellige motorkomponenter til k\u00f8ret\u00f8jer, f.eks. motorblokke, topstykker og indsugningsmanifolder.<\/li>\n<li>Transmissionskomponenter: St\u00f8beforme bruges til at producere forskellige transmissionskomponenter til k\u00f8ret\u00f8jer, f.eks. gearkasser og gear.<\/li>\n<li>Oph\u00e6ngningskomponenter: St\u00f8beforme til biler bruges til at producere forskellige affjedringskomponenter til k\u00f8ret\u00f8jer, f.eks. styrearme og kugleled.<\/li>\n<li>Elektriske komponenter: St\u00f8beforme bruges til at producere forskellige elektriske komponenter til k\u00f8ret\u00f8jer, f.eks. ledningsnet og stik.<\/li>\n<\/ol>\n<p>Kort sagt bruges st\u00f8beforme til biler i fremstillingsprocessen af n\u00e6sten alle komponenter i et k\u00f8ret\u00f8j, fra karosseriet og interi\u00f8ret til motoren og det elektriske system.<\/p>\n<h3><span class=\"ez-toc-section\" id=\"Which_country_of_automotive_mould_suppliers_that_you_should_work_with\"><\/span>Hvilket land b\u00f8r du samarbejde med, n\u00e5r det g\u00e6lder leverand\u00f8rer af st\u00f8beforme til bilindustrien?<span class=\"ez-toc-section-end\"><\/span><\/h3>\n<p>Der er mange lande, der har en st\u00e6rk tilstedev\u00e6relse i bilindustrien og har udviklet ekspertise inden for fremstilling af st\u00f8beforme. Nogle af de bedste lande til <em><strong>Leverand\u00f8rer af st\u00f8beforme til bilindustrien<\/strong><\/em> omfatter Kina, Tyskland, Japan, USA og Sydkorea. Men hvert af disse lande kan have forskellige styrker og svagheder, og det er vigtigt at overveje faktorer som sprog, kultur, logistik og intellektuelle ejendomsrettigheder.<\/p>\n<p>N\u00e5r du v\u00e6lger en leverand\u00f8r, er det vigtigt at foretage grundig research, tjekke deres referencer og gennemg\u00e5 deres produktionsprocesser. Det er ogs\u00e5 en god id\u00e9 at bede om pr\u00f8ver og m\u00f8de leverand\u00f8ren personligt, hvis det er muligt, for at sikre, at de kan opfylde dine specifikke behov og krav. I sidste ende afh\u00e6nger valget af, hvilket land du vil arbejde med, af dine individuelle behov og pr\u00e6ferencer.<\/p>\n<div id=\"attachment_937\" style=\"width: 810px\" class=\"wp-caption aligncenter\"><a href=\"http:\/\/plas.co\/wp-content\/uploads\/2023\/02\/automotive-molds-1.jpg\"><img decoding=\"async\" aria-describedby=\"caption-attachment-937\" class=\"wp-image-937 size-full\" src=\"http:\/\/plas.co\/wp-content\/uploads\/2023\/02\/automotive-molds-1.jpg\" alt=\"St\u00f8beform til biler\" width=\"800\" height=\"600\" srcset=\"https:\/\/plas.co\/wp-content\/uploads\/2023\/02\/automotive-molds-1.jpg 800w, https:\/\/plas.co\/wp-content\/uploads\/2023\/02\/automotive-molds-1-300x225.jpg 300w, https:\/\/plas.co\/wp-content\/uploads\/2023\/02\/automotive-molds-1-768x576.jpg 768w, https:\/\/plas.co\/wp-content\/uploads\/2023\/02\/automotive-molds-1-705x529.jpg 705w\" sizes=\"(max-width: 800px) 100vw, 800px\" \/><\/a><p id=\"caption-attachment-937\" class=\"wp-caption-text\">St\u00f8beform til biler<\/p><\/div>\n<p>If\u00f8lge data, der viser, at de fleste bilproducenter k\u00f8ber bilforme fra kinesiske formleverand\u00f8rer, og du har m\u00e5ske nogle sp\u00f8rgsm\u00e5l om, hvorfor s\u00e5 mange bilfirmaer k\u00f8ber bilforme fra Kina? Nedenst\u00e5ende kan give dig et svar:<\/p>\n<ol>\n<li>Omkostningseffektivitet: En af de vigtigste grunde til at arbejde med kinesiske leverand\u00f8rer af st\u00f8beforme til biler er omkostningseffektivitet. Kina har en stor og meget konkurrencedygtig formfremstillingsindustri med lavere arbejdsomkostninger, lavere materialeomkostninger og mere overkommelige faste omkostninger end mange andre lande. Det kan resultere i lavere priser p\u00e5 st\u00f8beforme af h\u00f8j kvalitet, der lever op til internationale standarder.<\/li>\n<li>Produktionskapacitet: Kina har en stor og veludviklet produktionsindustri med avanceret teknologi og udstyr og et st\u00e6rkt fokus p\u00e5 kvalitetskontrol. Kinesiske leverand\u00f8rer af st\u00f8beforme til bilindustrien har erfaring med at fremstille st\u00f8beforme til en lang r\u00e6kke anvendelser, herunder komplekse geometrier, st\u00f8beforme med flere hulrum og store produktionsserier.<\/li>\n<li>Bredt udvalg af materialer: Kinesiske leverand\u00f8rer af st\u00f8beforme til biler har adgang til en bred vifte af materialer, herunder plast, metaller og kompositter. Det giver dem mulighed for at v\u00e6lge det mest hensigtsm\u00e6ssige materiale til hver enkelt applikation under hensyntagen til faktorer som holdbarhed, v\u00e6gt og pris.<\/li>\n<li>Skalerbarhed: Kinesiske leverand\u00f8rer af st\u00f8beforme til bilindustrien er i stand til at producere st\u00f8beforme i store m\u00e6ngder, hvilket kan v\u00e6re vigtigt for bilproducenter med h\u00f8je produktionskrav. Kinesiske leverand\u00f8rer kan ogs\u00e5 levere hurtige leveringstider for hasteordrer.<\/li>\n<li>Teknisk ekspertise: Kina har en stor pulje af dygtige ingeni\u00f8rer og teknikere med ekspertise i design og fremstilling af st\u00f8beforme. Mange kinesiske formleverand\u00f8rer har st\u00e6rke F&amp;U-kapaciteter og kan tilbyde skr\u00e6ddersyede l\u00f8sninger til at opfylde specifikke kundekrav.<\/li>\n<\/ol>\n<p>Men n\u00e5r man overvejer at arbejde med <em><strong>Kinesiske leverand\u00f8rer af bilskimmelsvamp<\/strong><\/em>er det vigtigt at foretage grundig research, tjekke deres referencer og gennemg\u00e5 deres produktionsprocesser for at sikre, at de lever op til dine forventninger til kvalitet og levering.<\/p>\n<p>Sprog, kultur, logistik og intellektuelle ejendomsrettigheder b\u00f8r ogs\u00e5 overvejes. Det er vigtigt at v\u00e6lge <a href=\"http:\/\/plas.co\/da\/\">Leverand\u00f8rer af st\u00f8beforme<\/a> der kan opfylde dine specifikke behov og krav, og som har dokumenteret erfaring med at levere produkter af h\u00f8j kvalitet til tiden og inden for budgettet.<\/p>\n<\/div><\/section>","protected":false},"excerpt":{"rendered":"","protected":false},"author":1,"featured_media":931,"parent":17,"menu_order":0,"comment_status":"open","ping_status":"open","template":"","meta":{"footnotes":""},"class_list":["post-100","page","type-page","status-publish","has-post-thumbnail","hentry"],"_links":{"self":[{"href":"https:\/\/plas.co\/da\/wp-json\/wp\/v2\/pages\/100","targetHints":{"allow":["GET"]}}],"collection":[{"href":"https:\/\/plas.co\/da\/wp-json\/wp\/v2\/pages"}],"about":[{"href":"https:\/\/plas.co\/da\/wp-json\/wp\/v2\/types\/page"}],"author":[{"embeddable":true,"href":"https:\/\/plas.co\/da\/wp-json\/wp\/v2\/users\/1"}],"replies":[{"embeddable":true,"href":"https:\/\/plas.co\/da\/wp-json\/wp\/v2\/comments?post=100"}],"version-history":[{"count":1,"href":"https:\/\/plas.co\/da\/wp-json\/wp\/v2\/pages\/100\/revisions"}],"predecessor-version":[{"id":2818,"href":"https:\/\/plas.co\/da\/wp-json\/wp\/v2\/pages\/100\/revisions\/2818"}],"up":[{"embeddable":true,"href":"https:\/\/plas.co\/da\/wp-json\/wp\/v2\/pages\/17"}],"wp:featuredmedia":[{"embeddable":true,"href":"https:\/\/plas.co\/da\/wp-json\/wp\/v2\/media\/931"}],"wp:attachment":[{"href":"https:\/\/plas.co\/da\/wp-json\/wp\/v2\/media?parent=100"}],"curies":[{"name":"wp","href":"https:\/\/api.w.org\/{rel}","templated":true}]}}