{"id":146,"date":"2014-09-20T19:04:21","date_gmt":"2014-09-20T11:04:21","guid":{"rendered":"http:\/\/andy-mold.com\/?page_id=146"},"modified":"2016-02-14T14:13:57","modified_gmt":"2016-02-14T06:13:57","slug":"projektledelse","status":"publish","type":"page","link":"https:\/\/plas.co\/da\/indvielse\/projektledelse\/","title":{"rendered":"Projektledelse"},"content":{"rendered":"<p>Andy Mould har et team af projektingeni\u00f8rer til at styre projekter med plastspr\u00f8jtest\u00f8bning. Dette team har flere teknologibaggrunde, ikke kun inden for plast, men ogs\u00e5 metal og elektronik. Hvert projekt vil blive fulgt af en erfaren projektingeni\u00f8r, der vil fungere som teamleder for projektudvikling, teknisk kundesupport, kvalitetskontrol og koordinering p\u00e5 tv\u00e6rs af afdelinger under hele udviklingsprocessen.<br \/>\n<b>Arbejdsrutine<\/b><br \/>\nUgentlig opdatering til kunden<br \/>\nKonsekvent sporing af milep\u00e6le i v\u00e6rkt\u00f8jsopbygningen<br \/>\nDaglig kommunikation om eventuelle problemer<br \/>\nLuk projektet med masseproduktion eller v\u00e6rkt\u00f8jslevering<\/p>\n<p>Skriftlig godkendelse fra vores kunde er p\u00e5kr\u00e6vet i disse tre faser:<br \/>\nGodkendelse af formdesign<br \/>\nGodkendelse af pr\u00f8ve<br \/>\nLevering og godkendelse af forme<\/p>\n<p><b>Efter salg<\/b><br \/>\nReservedele kan leveres efter salg<br \/>\nTekniske forslag til r\u00e5dighed, hvis kunden har brug for det<\/p>","protected":false},"excerpt":{"rendered":"<p>Plastic injection mould projects management, Andy Mould has a project engineering team. This team has multi-backgrounds of technologies, not only in plastic, but also metal and electronics. Each project will be followed by a experienced project engineer, who will conduct as the team leader of project development, customer technical support, quality control, cross-department coordinate during [&hellip;]<\/p>\n","protected":false},"author":1,"featured_media":0,"parent":22,"menu_order":0,"comment_status":"open","ping_status":"open","template":"","meta":{"footnotes":""},"class_list":["post-146","page","type-page","status-publish","hentry"],"_links":{"self":[{"href":"https:\/\/plas.co\/da\/wp-json\/wp\/v2\/pages\/146","targetHints":{"allow":["GET"]}}],"collection":[{"href":"https:\/\/plas.co\/da\/wp-json\/wp\/v2\/pages"}],"about":[{"href":"https:\/\/plas.co\/da\/wp-json\/wp\/v2\/types\/page"}],"author":[{"embeddable":true,"href":"https:\/\/plas.co\/da\/wp-json\/wp\/v2\/users\/1"}],"replies":[{"embeddable":true,"href":"https:\/\/plas.co\/da\/wp-json\/wp\/v2\/comments?post=146"}],"version-history":[{"count":0,"href":"https:\/\/plas.co\/da\/wp-json\/wp\/v2\/pages\/146\/revisions"}],"up":[{"embeddable":true,"href":"https:\/\/plas.co\/da\/wp-json\/wp\/v2\/pages\/22"}],"wp:attachment":[{"href":"https:\/\/plas.co\/da\/wp-json\/wp\/v2\/media?parent=146"}],"curies":[{"name":"wp","href":"https:\/\/api.w.org\/{rel}","templated":true}]}}