{"id":15,"date":"2014-09-20T14:09:15","date_gmt":"2014-09-20T06:09:15","guid":{"rendered":"http:\/\/andy-mold.com\/?page_id=15"},"modified":"2024-03-23T23:37:06","modified_gmt":"2024-03-23T15:37:06","slug":"selskab","status":"publish","type":"page","link":"https:\/\/plas.co\/da\/selskab\/","title":{"rendered":"Om os"},"content":{"rendered":"<section  class='av_textblock_section av-lehbcujc-e36697ed1bea52a8cb8c1afa77e72bd4'   itemscope=\"itemscope\" itemtype=\"https:\/\/schema.org\/CreativeWork\" ><div class='avia_textblock'  itemprop=\"text\" ><div id=\"ez-toc-container\" class=\"ez-toc-v2_0_82_2 counter-hierarchy ez-toc-counter ez-toc-grey ez-toc-container-direction\">\n<div class=\"ez-toc-title-container\">\n<p class=\"ez-toc-title\" style=\"cursor:inherit\">Indholdsfortegnelse<\/p>\n<span class=\"ez-toc-title-toggle\"><a href=\"#\" class=\"ez-toc-pull-right ez-toc-btn ez-toc-btn-xs ez-toc-btn-default ez-toc-toggle\" aria-label=\"Skift til indholdsfortegnelse\"><span class=\"ez-toc-js-icon-con\"><span class=\"\"><span class=\"eztoc-hide\" style=\"display:none;\">Toggle<\/span><span class=\"ez-toc-icon-toggle-span\"><svg style=\"fill: #999;color:#999\" xmlns=\"http:\/\/www.w3.org\/2000\/svg\" class=\"list-377408\" width=\"20px\" height=\"20px\" viewbox=\"0 0 24 24\" fill=\"none\"><path d=\"M6 6H4v2h2V6zm14 0H8v2h12V6zM4 11h2v2H4v-2zm16 0H8v2h12v-2zM4 16h2v2H4v-2zm16 0H8v2h12v-2z\" fill=\"currentColor\"><\/path><\/svg><svg style=\"fill: #999;color:#999\" class=\"arrow-unsorted-368013\" xmlns=\"http:\/\/www.w3.org\/2000\/svg\" width=\"10px\" height=\"10px\" viewbox=\"0 0 24 24\" version=\"1.2\" baseprofile=\"tiny\"><path d=\"M18.2 9.3l-6.2-6.3-6.2 6.3c-.2.2-.3.4-.3.7s.1.5.3.7c.2.2.4.3.7.3h11c.3 0 .5-.1.7-.3.2-.2.3-.5.3-.7s-.1-.5-.3-.7zM5.8 14.7l6.2 6.3 6.2-6.3c.2-.2.3-.5.3-.7s-.1-.5-.3-.7c-.2-.2-.4-.3-.7-.3h-11c-.3 0-.5.1-.7.3-.2.2-.3.5-.3.7s.1.5.3.7z\"\/><\/svg><\/span><\/span><\/span><\/a><\/span><\/div>\n<nav><ul class='ez-toc-list ez-toc-list-level-1' ><li class='ez-toc-page-1 ez-toc-heading-level-2'><a class=\"ez-toc-link ez-toc-heading-1\" href=\"https:\/\/plas.co\/da\/selskab\/#Plastic_Mold_Company_In_China_All_in_one_service\" >Plastic Mold Company i Kina: Alt i \u00e9n service<\/a><ul class='ez-toc-list-level-3' ><li class='ez-toc-heading-level-3'><a class=\"ez-toc-link ez-toc-heading-2\" href=\"https:\/\/plas.co\/da\/selskab\/#Our_plastic_mold_company_services_include\" >Vores tjenester som plastst\u00f8ber omfatter:<\/a><ul class='ez-toc-list-level-4' ><li class='ez-toc-heading-level-4'><a class=\"ez-toc-link ez-toc-heading-3\" href=\"https:\/\/plas.co\/da\/selskab\/#Our_product_development_services_include\" >Vores produktudviklingstjenester omfatter:<\/a><\/li><\/ul><\/li><li class='ez-toc-page-1 ez-toc-heading-level-3'><a class=\"ez-toc-link ez-toc-heading-4\" href=\"https:\/\/plas.co\/da\/selskab\/#We_supply_the_following_for_the_final_stage_of_assembly\" >Vi leverer f\u00f8lgende til den sidste del af monteringen:<\/a><\/li><\/ul><\/li><\/ul><\/nav><\/div>\n<h2><span class=\"ez-toc-section\" id=\"Plastic_Mold_Company_In_China_All_in_one_service\"><\/span>Plastic Mold Company i Kina: Alt i \u00e9n service<span class=\"ez-toc-section-end\"><\/span><\/h2>\n<p>Kinesiske Plas.co (Sincere Tech) laver fremragende plastforme. De tilbyder specialfremstilling af forme, spr\u00f8jtest\u00f8bning, design af dele, prototyping, testning, trykst\u00f8bning, bearbejdning, silikonest\u00f8bning, montering og meget mere. Vi byder dig velkommen.<\/p>\n<p>Plas.co plastic mold company er stolt af sin kvalitet, innovation og kundetilfredshed. Vores dygtige ingeni\u00f8rer og teknikere bruger de nyeste teknologier og metoder til at sikre, at hvert projekt opfylder eller overg\u00e5r kundens forventninger.<\/p>\n<p>Vi designer og bygger plastspr\u00f8jtest\u00f8beforme, trykst\u00f8beforme og silikonest\u00f8bedele af h\u00f8j kvalitet, men vi tilbyder ogs\u00e5 montering. Vi kan hj\u00e6lpe med alt fra koncept til levering. Det omfatter prototyping, testning, re-prototyping, PCB-montage, kabelsvejsning, inspektion, produktion og testning.<\/p>\n<h3><span class=\"ez-toc-section\" id=\"Our_plastic_mold_company_services_include\"><\/span><span lang=\"EN-US\">Vores tjenester som plastst\u00f8ber omfatter:<\/span><span class=\"ez-toc-section-end\"><\/span><\/h3>\n<p>Uanset om du har brug for en form til spr\u00f8jtest\u00f8bning, trykst\u00f8bning eller silikonest\u00f8bning, har vores formfremstillingsvirksomhed dig d\u00e6kket ind. Vores virksomhed tilbyder omfattende service inden for formfremstilling. Formene kan specialfremstilles efter dine n\u00f8jagtige specifikationer ved hj\u00e6lp af avancerede produktionsteknikker, s\u00e5 vi kan forsikre dig om, at dit projekt vil v\u00e6re af h\u00f8jeste kvalitet.<\/p>\n<p>Spr\u00f8jtest\u00f8bte komponenter: Vi er f\u00f8rende i branchen inden for produktion af specialst\u00f8bte plastkomponenter af h\u00f8j kvalitet til mange forskellige sektorer. Du kan stole p\u00e5, at vores ekspertteam af teknikere og ingeni\u00f8rer er ved din side gennem hele processen, fra brainstorming til levering.<\/p>\n<p>Vores virksomhed leverer individualiserede trykst\u00f8bningstjenester, der begynder med formdesign og forts\u00e6tter gennem produktion, efterbehandling og videre. Vi bruger avanceret teknologi og metoder til at sikre, at dit projekt lever op til de h\u00f8jeste standarder, hvilket afspejler vores engagement i at tilbyde vores kunder den bedste service og kvalitet.<\/p>\n<p>Vores topmoderne fr\u00e6se- og drejemaskiner er perfekte til fremstilling af pr\u00e6cisionskomponenter og -dele til mange forskellige typer virksomheder. Ved hj\u00e6lp af avancerede v\u00e6rkt\u00f8jer og teknikker gennemf\u00f8rer vi hvert projekt i h\u00f8jeste kvalitet. Det beviser, at vi er dedikerede til at give vores kunder service af h\u00f8jeste kvalitet.<\/p>\n<p>Vi er et specialiseret firma, der fremstiller silikonest\u00f8bekomponenter af h\u00f8j kvalitet til mange forskellige industrier. Du kan stole p\u00e5, at vores ekspertteam af teknikere og ingeni\u00f8rer er ved din side gennem hele processen, fra brainstorming til levering.<\/p>\n<p>Fremstilling af forme, silikoneforme, bearbejdning, trykst\u00f8bning, produktudvikling og slutmontering er blot nogle f\u00e5 af de mange produktionstjenester, som vores virksomhed tilbyder.<\/p>\n<p>Vores professionelle stab af designere og teknikere kan f\u00f8lge dit produkt fra start til slut. Fordi vi bruger den nyeste teknologi og de nyeste procedurer, kan du v\u00e6re sikker p\u00e5, at det endelige produkt bliver fejlfrit p\u00e5 alle m\u00e5der. Og endelig arbejder vi t\u00e6t sammen med vores kunder fra start til slut for at opfylde deres krav.<\/p>\n<h4><span class=\"ez-toc-section\" id=\"Our_product_development_services_include\"><\/span><span lang=\"EN-US\">Vores produktudviklingstjenester omfatter:<\/span><span class=\"ez-toc-section-end\"><\/span><\/h4>\n<p>Vi begynder med konceptet: Med vores omfattende designtjenester kan vi opfylde alle dine behov og g\u00f8re dine dr\u00f8mme til virkelighed.<\/p>\n<p>Prototyper: Med vores prototypetjenester kan du teste dit produkt, f\u00f8r det kommer p\u00e5 markedet. Det vil hj\u00e6lpe dig med at sikre, at dit produkt opfylder alle dine behov, og med at forhindre, at der opst\u00e5r problemer.<\/p>\n<p>V\u00e6rkt\u00f8j: Vi kan hj\u00e6lpe dig med at fremstille dit produkt i stor skala ved at levere skr\u00e6ddersyede strategier for v\u00e6rkt\u00f8j. Det sikrer, at dit produkt er af h\u00f8jeste kvalitet og er h\u00e5ndlavet med omhu.<\/p>\n<p>Produktion: Spr\u00f8jtest\u00f8bning, trykst\u00f8bning, bearbejdning og silikonest\u00f8bning er blot nogle f\u00e5 af de mange processer, der udg\u00f8r vores produktionsservice. Det sikrer, at vi kan tilbyde dig en omfattende produktionsl\u00f8sning.<\/p>\n<h3><span class=\"ez-toc-section\" id=\"We_supply_the_following_for_the_final_stage_of_assembly\"><\/span>Vi leverer f\u00f8lgende til den sidste del af monteringen:<span class=\"ez-toc-section-end\"><\/span><\/h3>\n<p>Montering af dele: Vi kan s\u00e6tte komponenter sammen til en helhed. Hver komponent vil fungere efter hensigten, og vi lover, at det endelige resultat bliver bedre, end du havde h\u00e5bet p\u00e5.<\/p>\n<p>Testning: Vi kan sende dit f\u00e6rdige produkt gennem vores testprocedure for at garantere, at det lever op til standarden og opfylder dine krav.<\/p>\n<p>Certifikat: Vi kan fremstille elektroniske varer, der opfylder kravene fra internationale certificeringsorganer som CE, ETL eller FCC.<\/p>\n<p>Indpakning: Vi kan pakke dit f\u00e6rdige produkt pr\u00e6cis, som du vil have det, s\u00e5 du kan v\u00e6re sikker p\u00e5, at det kommer ubeskadiget frem til destinationen.<\/p>\n<p>Plas.co's m\u00e5l er at tilbyde vores kunder en omfattende service, der begynder med produktudvikling og slutter med slutmontering. Hvis du har sp\u00f8rgsm\u00e5l om, hvordan vi kan hj\u00e6lpe dig med dit kommende projekt, er du velkommen til at kontakte os med det samme.<\/p>\n<div id=\"attachment_394\" style=\"width: 4762px\" class=\"wp-caption aligncenter\"><a href=\"http:\/\/plas.co\/wp-content\/uploads\/2016\/02\/IMG_9539.jpg\"><img decoding=\"async\" aria-describedby=\"caption-attachment-394\" class=\"wp-image-394 size-full\" src=\"http:\/\/plas.co\/wp-content\/uploads\/2016\/02\/IMG_9539.jpg\" alt=\"plastformfirma\" width=\"4752\" height=\"3168\" srcset=\"https:\/\/plas.co\/wp-content\/uploads\/2016\/02\/IMG_9539.jpg 4752w, https:\/\/plas.co\/wp-content\/uploads\/2016\/02\/IMG_9539-300x200.jpg 300w, https:\/\/plas.co\/wp-content\/uploads\/2016\/02\/IMG_9539-768x512.jpg 768w, https:\/\/plas.co\/wp-content\/uploads\/2016\/02\/IMG_9539-1024x683.jpg 1024w\" sizes=\"(max-width: 4752px) 100vw, 4752px\" \/><\/a><p id=\"caption-attachment-394\" class=\"wp-caption-text\">plastformfirma<\/p><\/div>\n<\/div><\/section>","protected":false},"excerpt":{"rendered":"","protected":false},"author":1,"featured_media":836,"parent":0,"menu_order":0,"comment_status":"open","ping_status":"open","template":"","meta":{"footnotes":""},"class_list":["post-15","page","type-page","status-publish","has-post-thumbnail","hentry"],"_links":{"self":[{"href":"https:\/\/plas.co\/da\/wp-json\/wp\/v2\/pages\/15","targetHints":{"allow":["GET"]}}],"collection":[{"href":"https:\/\/plas.co\/da\/wp-json\/wp\/v2\/pages"}],"about":[{"href":"https:\/\/plas.co\/da\/wp-json\/wp\/v2\/types\/page"}],"author":[{"embeddable":true,"href":"https:\/\/plas.co\/da\/wp-json\/wp\/v2\/users\/1"}],"replies":[{"embeddable":true,"href":"https:\/\/plas.co\/da\/wp-json\/wp\/v2\/comments?post=15"}],"version-history":[{"count":0,"href":"https:\/\/plas.co\/da\/wp-json\/wp\/v2\/pages\/15\/revisions"}],"wp:featuredmedia":[{"embeddable":true,"href":"https:\/\/plas.co\/da\/wp-json\/wp\/v2\/media\/836"}],"wp:attachment":[{"href":"https:\/\/plas.co\/da\/wp-json\/wp\/v2\/media?parent=15"}],"curies":[{"name":"wp","href":"https:\/\/api.w.org\/{rel}","templated":true}]}}