{"id":22,"date":"2014-09-20T14:35:50","date_gmt":"2014-09-20T06:35:50","guid":{"rendered":"http:\/\/andy-mold.com\/?page_id=22"},"modified":"2020-01-04T00:41:06","modified_gmt":"2020-01-03T16:41:06","slug":"indvielse","status":"publish","type":"page","link":"https:\/\/plas.co\/da\/indvielse\/","title":{"rendered":"Ingeni\u00f8rarbejde"},"content":{"rendered":"<p><strong>A <\/strong>Godt design er hjertet i en form, og Andy Mould l\u00e6gger s\u00e6rlig v\u00e6gt p\u00e5 formkonstruktion, k\u00f8lekanaler og bev\u00e6gelsesmekanismer for at sikre, at dele af h\u00f8jeste kvalitet leveres fra din form med den mindste cyklus. De erfarne ingeni\u00f8rer fra Andy Mould vil lave det gode og billige formdesign og hj\u00e6lpe kunden med at l\u00f8se problemerne med struktur og funktion til produkterne, ogs\u00e5<\/p>\n<p>professionelle forslag til din nye produktudvikling.<\/p>\n<p>Software, vi bruger<br \/>\nAuto CAD, Pro\/E, UG, Solid Works,<\/p>\n<p>Vi laver ogs\u00e5 Mold flow Analysis i l\u00f8bet af vores formdesignperiode.<br \/>\nProcedure for formdesign<\/p>\n<p>1. M\u00f8de f\u00f8r design<\/p>\n<p>2. Lav design i henhold til konklusionen, og tjek af designmanager<\/p>\n<p>3. Send til kunden for at bekr\u00e6fte og foretage analyse<\/p>\n<p>4. Diskuter med kunden, hvis der er problemer<\/p>\n<p>5. Lav det endelige design efter godkendelse<\/p>\n<p><img decoding=\"async\" class=\"alignleft wp-image-405 size-full\" src=\"http:\/\/plas.co\/wp-content\/uploads\/2014\/09\/IMG_1560.jpg\" alt=\"Designafdeling\" width=\"1152\" height=\"768\" srcset=\"https:\/\/plas.co\/wp-content\/uploads\/2014\/09\/IMG_1560.jpg 1152w, https:\/\/plas.co\/wp-content\/uploads\/2014\/09\/IMG_1560-300x200.jpg 300w, https:\/\/plas.co\/wp-content\/uploads\/2014\/09\/IMG_1560-768x512.jpg 768w, https:\/\/plas.co\/wp-content\/uploads\/2014\/09\/IMG_1560-1024x683.jpg 1024w\" sizes=\"(max-width: 1152px) 100vw, 1152px\" \/><\/p>","protected":false},"excerpt":{"rendered":"<p>A good design is the heart of a mould, and Andy Mould pays special attention to the mould construction, cooling channels and moving mechanisms to ensure the highest quality parts are delivered from your mould at the minimum cycle. The\u00a0experienced\u00a0engineers\u00a0from\u00a0Andy Mould\u00a0would\u00a0make\u00a0the\u00a0good\u00a0and\u00a0low cost\u00a0mold\u00a0design\u00a0\u00a0and\u00a0help\u00a0customer\u00a0to\u00a0solve\u00a0the\u00a0issues\u00a0in\u00a0structure\u00a0and\u00a0function\u00a0to\u00a0the\u00a0products,\u00a0also professional \u00a0suggestions\u00a0to\u00a0your\u00a0new\u00a0product\u00a0development. Software\u00a0we\u00a0using Auto\u00a0CAD,\u00a0Pro\/E,\u00a0UG,\u00a0Solid works, We also do Mold flow Analysis during our [&hellip;]<\/p>\n","protected":false},"author":1,"featured_media":0,"parent":0,"menu_order":0,"comment_status":"open","ping_status":"open","template":"","meta":{"footnotes":""},"class_list":["post-22","page","type-page","status-publish","hentry"],"_links":{"self":[{"href":"https:\/\/plas.co\/da\/wp-json\/wp\/v2\/pages\/22","targetHints":{"allow":["GET"]}}],"collection":[{"href":"https:\/\/plas.co\/da\/wp-json\/wp\/v2\/pages"}],"about":[{"href":"https:\/\/plas.co\/da\/wp-json\/wp\/v2\/types\/page"}],"author":[{"embeddable":true,"href":"https:\/\/plas.co\/da\/wp-json\/wp\/v2\/users\/1"}],"replies":[{"embeddable":true,"href":"https:\/\/plas.co\/da\/wp-json\/wp\/v2\/comments?post=22"}],"version-history":[{"count":0,"href":"https:\/\/plas.co\/da\/wp-json\/wp\/v2\/pages\/22\/revisions"}],"wp:attachment":[{"href":"https:\/\/plas.co\/da\/wp-json\/wp\/v2\/media?parent=22"}],"curies":[{"name":"wp","href":"https:\/\/api.w.org\/{rel}","templated":true}]}}