{"id":24,"date":"2014-09-20T14:37:02","date_gmt":"2014-09-20T06:37:02","guid":{"rendered":"http:\/\/andy-mold.com\/?page_id=24"},"modified":"2016-02-14T14:16:27","modified_gmt":"2016-02-14T06:16:27","slug":"kvalitet","status":"publish","type":"page","link":"https:\/\/plas.co\/da\/kvalitet\/","title":{"rendered":"Kvalitet"},"content":{"rendered":"<p><b>Vores kvalitet:<\/b><\/p>\n<p>Vi er forpligtet til at sikre kvaliteten af vores produkter og forbedre dem. I mods\u00e6tning til mange af vores konkurrenter leverer vi produkter af h\u00f8j kvalitet og kvalitetsservice for at opfylde eller overg\u00e5 kundens forventninger.<\/p>\n<p>ISO 900l-2000 certificeringsstandarder...<\/p>\n<p>Vores kvalitetsstyringssystem l\u00f8ber gennem hele forretningstransaktionen, hvilket inkluderer:<\/p>\n<p>Gennemgang af design<br \/>\nVerifikation og validering af design<br \/>\nElektronisk styret kalibreringskontrol<br \/>\nModtagelse af inspektion<br \/>\nObligatorisk dokumenteret kvalitetsplanl\u00e6gning for hvert projekt<br \/>\nInspektion af f\u00f8rste artikel<br \/>\nEndelig\/sidste inspektion<\/p>\n<p><b>Dine produkter vil blive inspiceret af vores Full Service Quality<\/b><\/p>\n<p>Koordinatm\u00e5lemaskine (CMM)<\/p>\n<p>Optisk projektor<\/p>\n<p>Unders\u00f8gelser af proceskapacitet p\u00e5 v\u00e6rkt\u00f8j<\/p>","protected":false},"excerpt":{"rendered":"<p>Our Quality: We are committed to ensuring the quality of our products as well as improving them. Unlike many of our competitors, Provide high quality products and quality service to meet or exceed customer&#8217;s expectations. ISO 900l-2000 Certification standards.. Our Quality Management System runs through the whole business transaction, which includes: Design review Design verification [&hellip;]<\/p>\n","protected":false},"author":1,"featured_media":0,"parent":0,"menu_order":0,"comment_status":"open","ping_status":"open","template":"","meta":{"footnotes":""},"class_list":["post-24","page","type-page","status-publish","hentry"],"_links":{"self":[{"href":"https:\/\/plas.co\/da\/wp-json\/wp\/v2\/pages\/24","targetHints":{"allow":["GET"]}}],"collection":[{"href":"https:\/\/plas.co\/da\/wp-json\/wp\/v2\/pages"}],"about":[{"href":"https:\/\/plas.co\/da\/wp-json\/wp\/v2\/types\/page"}],"author":[{"embeddable":true,"href":"https:\/\/plas.co\/da\/wp-json\/wp\/v2\/users\/1"}],"replies":[{"embeddable":true,"href":"https:\/\/plas.co\/da\/wp-json\/wp\/v2\/comments?post=24"}],"version-history":[{"count":0,"href":"https:\/\/plas.co\/da\/wp-json\/wp\/v2\/pages\/24\/revisions"}],"wp:attachment":[{"href":"https:\/\/plas.co\/da\/wp-json\/wp\/v2\/media?parent=24"}],"curies":[{"name":"wp","href":"https:\/\/api.w.org\/{rel}","templated":true}]}}