{"id":100,"date":"2014-09-20T16:18:58","date_gmt":"2014-09-20T08:18:58","guid":{"rendered":"http:\/\/andy-mold.com\/?page_id=100"},"modified":"2026-01-09T21:16:30","modified_gmt":"2026-01-09T13:16:30","slug":"automobilform","status":"publish","type":"page","link":"https:\/\/plas.co\/de\/produkte\/automobilform\/","title":{"rendered":"Automotive Formenbau"},"content":{"rendered":"<div  class='flex_column av-8gcv8-2577ba9e0c13fce46414471b02123209 av_one_full  avia-builder-el-0  el_before_av_textblock  avia-builder-el-first  first flex_column_div'     ><style type=\"text\/css\" data-created_by=\"avia_inline_auto\" id=\"style-css-av-lel1ywqt-993f07fca39d4726bedded6a95944041\">\n#top .avia-gallery.av-lel1ywqt-993f07fca39d4726bedded6a95944041 .avia-gallery-thumb a{\nwidth:33.3333%;\n}\n<\/style>\n<div  class='avia-gallery av-lel1ywqt-993f07fca39d4726bedded6a95944041 avia_animate_when_visible  avia-builder-el-1  avia-builder-el-no-sibling  avia_lazyload avia-gallery-animate avia-gallery-1'  itemprop=\"image\" itemscope=\"itemscope\" itemtype=\"https:\/\/schema.org\/ImageObject\" ><meta itemprop=\"contentURL\" content=\"https:\/\/plas.co\/de\/produkte\/automobilform\/\"><div class='avia-gallery-thumb'><a href=\"https:\/\/plas.co\/wp-content\/uploads\/2023\/02\/automotive-injection-mold-1.jpg\" data-srcset=\"https:\/\/plas.co\/wp-content\/uploads\/2023\/02\/automotive-injection-mold-1.jpg 800w, https:\/\/plas.co\/wp-content\/uploads\/2023\/02\/automotive-injection-mold-1-300x225.jpg 300w, https:\/\/plas.co\/wp-content\/uploads\/2023\/02\/automotive-injection-mold-1-768x576.jpg 768w, https:\/\/plas.co\/wp-content\/uploads\/2023\/02\/automotive-injection-mold-1-705x529.jpg 705w\" data-sizes=\"(max-width: 800px) 100vw, 800px\" data-rel='gallery-1' data-prev-img='https:\/\/plas.co\/wp-content\/uploads\/2023\/02\/automotive-injection-mold-1-495x400.jpg' class='first_thumb lightbox' data-onclick='1' title='Automobil-Spritzgussform'  itemprop=\"thumbnailUrl\"  ><img decoding=\"async\" fetchpriority=\"high\" class=\"wp-image-936 avia-img-lazy-loading-not-936\"   src=\"https:\/\/plas.co\/wp-content\/uploads\/2023\/02\/automotive-injection-mold-1-495x400.jpg\" width=\"495\" height=\"400\"  title='Automobil-Spritzgussform' alt='Automobil-Spritzgussform' \/><div class='big-prev-fake'><img decoding=\"async\" loading=\"lazy\" class=\"wp-image-936 avia-img-lazy-loading-936\"  width=\"495\" height=\"400\" src=\"https:\/\/plas.co\/wp-content\/uploads\/2023\/02\/automotive-injection-mold-1-495x400.jpg\" title='Automobil-Spritzgussform' alt='Automobil-Spritzgussform' \/><\/div><\/a><a href=\"https:\/\/plas.co\/wp-content\/uploads\/2023\/02\/automotive-mould-factory.jpg\" data-srcset=\"https:\/\/plas.co\/wp-content\/uploads\/2023\/02\/automotive-mould-factory.jpg 800w, https:\/\/plas.co\/wp-content\/uploads\/2023\/02\/automotive-mould-factory-300x225.jpg 300w, https:\/\/plas.co\/wp-content\/uploads\/2023\/02\/automotive-mould-factory-768x576.jpg 768w, https:\/\/plas.co\/wp-content\/uploads\/2023\/02\/automotive-mould-factory-705x529.jpg 705w\" data-sizes=\"(max-width: 800px) 100vw, 800px\" data-rel='gallery-1' data-prev-img='https:\/\/plas.co\/wp-content\/uploads\/2023\/02\/automotive-mould-factory-495x400.jpg' class='lightbox' data-onclick='2' title='Automobilformenbau'  itemprop=\"thumbnailUrl\"  ><img decoding=\"async\" fetchpriority=\"high\" class=\"wp-image-938 avia-img-lazy-loading-not-938\"   src=\"https:\/\/plas.co\/wp-content\/uploads\/2023\/02\/automotive-mould-factory-495x400.jpg\" width=\"495\" height=\"400\"  title='Automobilformenbau' alt='Automobilformenbau' \/><div class='big-prev-fake'><img decoding=\"async\" loading=\"lazy\" class=\"wp-image-938 avia-img-lazy-loading-938\"  width=\"495\" height=\"400\" src=\"https:\/\/plas.co\/wp-content\/uploads\/2023\/02\/automotive-mould-factory-495x400.jpg\" title='Automobilformenbau' alt='Automobilformenbau' \/><\/div><\/a><a href=\"https:\/\/plas.co\/wp-content\/uploads\/2023\/02\/automotive-parts-mould.jpg\" data-srcset=\"https:\/\/plas.co\/wp-content\/uploads\/2023\/02\/automotive-parts-mould.jpg 600w, https:\/\/plas.co\/wp-content\/uploads\/2023\/02\/automotive-parts-mould-225x300.jpg 225w, https:\/\/plas.co\/wp-content\/uploads\/2023\/02\/automotive-parts-mould-529x705.jpg 529w\" data-sizes=\"(max-width: 600px) 100vw, 600px\" data-rel='gallery-1' data-prev-img='https:\/\/plas.co\/wp-content\/uploads\/2023\/02\/automotive-parts-mould-495x400.jpg' class='lightbox' data-onclick='3' title='Form f\u00fcr Automobilteile'  itemprop=\"thumbnailUrl\"  ><img decoding=\"async\" fetchpriority=\"high\" class=\"wp-image-941 avia-img-lazy-loading-not-941\"   src=\"https:\/\/plas.co\/wp-content\/uploads\/2023\/02\/automotive-parts-mould-495x400.jpg\" width=\"495\" height=\"400\"  title='Form f\u00fcr Automobilteile' alt='Form f\u00fcr Automobilteile' \/><div class='big-prev-fake'><img decoding=\"async\" loading=\"lazy\" class=\"wp-image-941 avia-img-lazy-loading-941\"  width=\"495\" height=\"400\" src=\"https:\/\/plas.co\/wp-content\/uploads\/2023\/02\/automotive-parts-mould-495x400.jpg\" title='Form f\u00fcr Automobilteile' alt='Form f\u00fcr Automobilteile' \/><\/div><\/a><a href=\"https:\/\/plas.co\/wp-content\/uploads\/2023\/02\/automotive-plastic-mould.jpg\" data-srcset=\"https:\/\/plas.co\/wp-content\/uploads\/2023\/02\/automotive-plastic-mould.jpg 800w, https:\/\/plas.co\/wp-content\/uploads\/2023\/02\/automotive-plastic-mould-300x225.jpg 300w, https:\/\/plas.co\/wp-content\/uploads\/2023\/02\/automotive-plastic-mould-768x576.jpg 768w, https:\/\/plas.co\/wp-content\/uploads\/2023\/02\/automotive-plastic-mould-705x529.jpg 705w\" data-sizes=\"(max-width: 800px) 100vw, 800px\" data-rel='gallery-1' data-prev-img='https:\/\/plas.co\/wp-content\/uploads\/2023\/02\/automotive-plastic-mould-495x400.jpg' class='first_thumb lightbox' data-onclick='4' title='Kunststoffform f\u00fcr die Automobilindustrie'  itemprop=\"thumbnailUrl\"  ><img decoding=\"async\" fetchpriority=\"high\" class=\"wp-image-942 avia-img-lazy-loading-not-942\"   src=\"https:\/\/plas.co\/wp-content\/uploads\/2023\/02\/automotive-plastic-mould-495x400.jpg\" width=\"495\" height=\"400\"  title='Kunststoffform f\u00fcr die Automobilindustrie' alt='Kunststoffform f\u00fcr die Automobilindustrie' \/><div class='big-prev-fake'><img decoding=\"async\" loading=\"lazy\" class=\"wp-image-942 avia-img-lazy-loading-942\"  width=\"495\" height=\"400\" src=\"https:\/\/plas.co\/wp-content\/uploads\/2023\/02\/automotive-plastic-mould-495x400.jpg\" title='Kunststoffform f\u00fcr die Automobilindustrie' alt='Kunststoffform f\u00fcr die Automobilindustrie' \/><\/div><\/a><a href=\"https:\/\/plas.co\/wp-content\/uploads\/2023\/02\/China-automotive-mold-maker.jpg\" data-srcset=\"https:\/\/plas.co\/wp-content\/uploads\/2023\/02\/China-automotive-mold-maker.jpg 600w, https:\/\/plas.co\/wp-content\/uploads\/2023\/02\/China-automotive-mold-maker-225x300.jpg 225w, https:\/\/plas.co\/wp-content\/uploads\/2023\/02\/China-automotive-mold-maker-529x705.jpg 529w\" data-sizes=\"(max-width: 600px) 100vw, 600px\" data-rel='gallery-1' data-prev-img='https:\/\/plas.co\/wp-content\/uploads\/2023\/02\/China-automotive-mold-maker-495x400.jpg' class='lightbox' data-onclick='5' title='China Formenbauer f\u00fcr die Automobilindustrie'  itemprop=\"thumbnailUrl\"  ><img decoding=\"async\" fetchpriority=\"high\" class=\"wp-image-943 avia-img-lazy-loading-not-943\"   src=\"https:\/\/plas.co\/wp-content\/uploads\/2023\/02\/China-automotive-mold-maker-495x400.jpg\" width=\"495\" height=\"400\"  title='China Formenbauer f\u00fcr die Automobilindustrie' alt='China Formenbauer f\u00fcr die Automobilindustrie' \/><div class='big-prev-fake'><img decoding=\"async\" loading=\"lazy\" class=\"wp-image-943 avia-img-lazy-loading-943\"  width=\"495\" height=\"400\" src=\"https:\/\/plas.co\/wp-content\/uploads\/2023\/02\/China-automotive-mold-maker-495x400.jpg\" title='China Formenbauer f\u00fcr die Automobilindustrie' alt='China Formenbauer f\u00fcr die Automobilindustrie' \/><\/div><\/a><a href=\"https:\/\/plas.co\/wp-content\/uploads\/2023\/02\/china-automotive-mould.jpg\" data-srcset=\"https:\/\/plas.co\/wp-content\/uploads\/2023\/02\/china-automotive-mould.jpg 600w, https:\/\/plas.co\/wp-content\/uploads\/2023\/02\/china-automotive-mould-225x300.jpg 225w, https:\/\/plas.co\/wp-content\/uploads\/2023\/02\/china-automotive-mould-529x705.jpg 529w\" data-sizes=\"(max-width: 600px) 100vw, 600px\" data-rel='gallery-1' data-prev-img='https:\/\/plas.co\/wp-content\/uploads\/2023\/02\/china-automotive-mould-495x400.jpg' class='lightbox' data-onclick='6' title='china automobilform'  itemprop=\"thumbnailUrl\"  ><img decoding=\"async\" fetchpriority=\"high\" class=\"wp-image-944 avia-img-lazy-loading-not-944\"   src=\"https:\/\/plas.co\/wp-content\/uploads\/2023\/02\/china-automotive-mould-495x400.jpg\" width=\"495\" height=\"400\"  title='china automobilform' alt='china automobilform' \/><div class='big-prev-fake'><img decoding=\"async\" loading=\"lazy\" class=\"wp-image-944 avia-img-lazy-loading-944\"  width=\"495\" height=\"400\" src=\"https:\/\/plas.co\/wp-content\/uploads\/2023\/02\/china-automotive-mould-495x400.jpg\" title='china automobilform' alt='china automobilform' \/><\/div><\/a><\/div><\/div><\/div>\n<section  class='av_textblock_section av-lel30rvk-cf1539555210428ee0eb928e39734301'   itemscope=\"itemscope\" itemtype=\"https:\/\/schema.org\/CreativeWork\" ><div class='avia_textblock'  itemprop=\"text\" ><div id=\"ez-toc-container\" class=\"ez-toc-v2_0_82_2 counter-hierarchy ez-toc-counter ez-toc-grey ez-toc-container-direction\">\n<div class=\"ez-toc-title-container\">\n<p class=\"ez-toc-title\" style=\"cursor:inherit\">Inhalts\u00fcbersicht<\/p>\n<span class=\"ez-toc-title-toggle\"><a href=\"#\" class=\"ez-toc-pull-right ez-toc-btn ez-toc-btn-xs ez-toc-btn-default ez-toc-toggle\" aria-label=\"Inhaltsverzeichnis umschalten\"><span class=\"ez-toc-js-icon-con\"><span class=\"\"><span class=\"eztoc-hide\" style=\"display:none;\">Umschalten auf<\/span><span class=\"ez-toc-icon-toggle-span\"><svg style=\"fill: #999;color:#999\" xmlns=\"http:\/\/www.w3.org\/2000\/svg\" class=\"list-377408\" width=\"20px\" height=\"20px\" viewbox=\"0 0 24 24\" fill=\"none\"><path d=\"M6 6H4v2h2V6zm14 0H8v2h12V6zM4 11h2v2H4v-2zm16 0H8v2h12v-2zM4 16h2v2H4v-2zm16 0H8v2h12v-2z\" fill=\"currentColor\"><\/path><\/svg><svg style=\"fill: #999;color:#999\" class=\"arrow-unsorted-368013\" xmlns=\"http:\/\/www.w3.org\/2000\/svg\" width=\"10px\" height=\"10px\" viewbox=\"0 0 24 24\" version=\"1.2\" baseprofile=\"tiny\"><path d=\"M18.2 9.3l-6.2-6.3-6.2 6.3c-.2.2-.3.4-.3.7s.1.5.3.7c.2.2.4.3.7.3h11c.3 0 .5-.1.7-.3.2-.2.3-.5.3-.7s-.1-.5-.3-.7zM5.8 14.7l6.2 6.3 6.2-6.3c.2-.2.3-.5.3-.7s-.1-.5-.3-.7c-.2-.2-.4-.3-.7-.3h-11c-.3 0-.5.1-.7.3-.2.2-.3.5-.3.7s.1.5.3.7z\"\/><\/svg><\/span><\/span><\/span><\/a><\/span><\/div>\n<nav><ul class='ez-toc-list ez-toc-list-level-1' ><li class='ez-toc-page-1 ez-toc-heading-level-2'><a class=\"ez-toc-link ez-toc-heading-1\" href=\"https:\/\/plas.co\/de\/produkte\/automobilform\/#What_is_Automotive_Mould\" >Was ist Automotive Mould<\/a><ul class='ez-toc-list-level-3' ><li class='ez-toc-heading-level-3'><a class=\"ez-toc-link ez-toc-heading-2\" href=\"https:\/\/plas.co\/de\/produkte\/automobilform\/#Type_of_Automotive_Mould\" >Typ der Automobilform<\/a><\/li><li class='ez-toc-page-1 ez-toc-heading-level-3'><a class=\"ez-toc-link ez-toc-heading-3\" href=\"https:\/\/plas.co\/de\/produkte\/automobilform\/#Applications_of_Automotive_Mould\" >Anwendungen von Automotive Mould<\/a><\/li><li class='ez-toc-page-1 ez-toc-heading-level-3'><a class=\"ez-toc-link ez-toc-heading-4\" href=\"https:\/\/plas.co\/de\/produkte\/automobilform\/#Which_country_of_automotive_mould_suppliers_that_you_should_work_with\" >Mit welchem Land sollten Sie als Automobilzulieferer zusammenarbeiten?<\/a><\/li><\/ul><\/li><\/ul><\/nav><\/div>\n<h2><span class=\"ez-toc-section\" id=\"What_is_Automotive_Mould\"><\/span>Was ist Automotive Mould<span class=\"ez-toc-section-end\"><\/span><\/h2>\n<p><a href=\"https:\/\/plas.co\/de\/produkte\/automobilform\/\"><em><strong>Formen f\u00fcr die Automobilindustrie<\/strong><\/em><\/a>, auch bekannt als Autoform oder <a href=\"http:\/\/www.sheetmetalmasion.com\" target=\"_blank\" rel=\"noopener\">Autoform<\/a>, ist ein Werkzeug, das bei der Herstellung verschiedener Teile und Komponenten von Kraftfahrzeugen verwendet wird. Es handelt sich um eine Vorrichtung, mit der Materialien wie Kunststoffe, Metalle und Verbundwerkstoffe in die gew\u00fcnschte Form des Endprodukts gebracht werden,<\/p>\n<p>Formen f\u00fcr die Automobilindustrie k\u00f6nnen je nach der Komplexit\u00e4t des herzustellenden Teils verschiedene Formen annehmen. So werden beispielsweise Spritzgussformen zur Herstellung von Kunststoffteilen f\u00fcr Automobile mit komplexen Geometrien verwendet, w\u00e4hrend Pressformen zur Herstellung gro\u00dfer und dicker Teile wie Sto\u00dfstangen und Armaturenbretter aus Verbundwerkstoffen eingesetzt werden.<\/p>\n<p>Der Einsatz von Automobilformen im Fertigungsprozess erm\u00f6glicht ein hohes Ma\u00df an Pr\u00e4zision und Genauigkeit sowie die Herstellung gro\u00dfer Mengen von Bauteilen mit gleichbleibender Qualit\u00e4t. Der Einsatz von Formen tr\u00e4gt auch zur Verringerung des Abfalls und zur Steigerung der Effizienz im Herstellungsprozess bei. Diese Seite ist gemeint <a href=\"http:\/\/plas.co\/de\/automobil-spritzgussform\/\">Automobil-Spritzgussform<\/a>.<\/p>\n<h3><span class=\"ez-toc-section\" id=\"Type_of_Automotive_Mould\"><\/span>Typ der Automobilform<span class=\"ez-toc-section-end\"><\/span><\/h3>\n<p>Formen f\u00fcr die Automobilindustrie werden bei der Herstellung verschiedener Teile und Komponenten von Kraftfahrzeugen verwendet. Es gibt viele Arten von Automobilformen, hier sind einige Arten von Automobilformen:<\/p>\n<ol>\n<li>Spritzgussformen: Diese Formen werden f\u00fcr die Herstellung von Kunststoffteilen f\u00fcr Automobile verwendet. Spritzguss ist eine beliebte Methode f\u00fcr die Herstellung von gro\u00dfen Mengen von Kunststoffteilen mit komplexen Geometrien, und dies ist unser Gesch\u00e4ft als gut, wenn Sie Automobil-Spritzgussform ben\u00f6tigen, kontaktieren Sie uns, um Preis zu erhalten.<\/li>\n<li>Druckgussformen: Diese Formen werden f\u00fcr die Herstellung gro\u00dfer und dicker Automobilteile wie Sto\u00dfstangen und Armaturenbretter aus Verbundwerkstoffen verwendet.<\/li>\n<li>Blasformen: Diese Formen werden zur Herstellung hohler Kunststoffteile wie Kraftstofftanks und Luftkan\u00e4le verwendet.<\/li>\n<li>Thermoform-Werkzeuge: Diese Formen werden zur Herstellung von Kunststoffteilen mit geringer Tiefe verwendet, wie z. B. T\u00fcrverkleidungen und Armaturenbretter.<\/li>\n<li>Druckgussformen: Diese Formen werden zur Herstellung von Metallteilen wie Motorbl\u00f6cken und Getriebegeh\u00e4usen im Hochdruckspritzgussverfahren verwendet.<\/li>\n<li>Gummi-Formen: Diese Formen werden zur Herstellung von Gummikomponenten, wie z. B. Dichtungen und Dichtungsringe, f\u00fcr Automobilanwendungen verwendet.<\/li>\n<li>Extrusionsformen: Diese Formen werden zur Herstellung langer Kunststoffteile wie Fensterdichtungen und Dichtungsstreifen verwendet, indem das Material durch eine D\u00fcse gepresst wird.<\/li>\n<\/ol>\n<p>Jede Art von Automobilform hat ihre eigenen Vor- und Nachteile, und die Wahl der Form h\u00e4ngt von den spezifischen Anforderungen des herzustellenden Teils ab.<\/p>\n<h3><span class=\"ez-toc-section\" id=\"Applications_of_Automotive_Mould\"><\/span>Anwendungen von Automotive Mould<span class=\"ez-toc-section-end\"><\/span><\/h3>\n<p><a href=\"https:\/\/www.plasticmold.net\/injection-molding-automotive\/\" target=\"_blank\" rel=\"noopener\">Formen f\u00fcr die Automobilindustrie<\/a> haben eine breite Palette von Anwendungen in der Automobilindustrie. Hier sind einige der Anwendungen von Automobilwerkzeugen:<\/p>\n<ol>\n<li>\u00c4u\u00dfere Komponenten: Automobilformen werden zur Herstellung verschiedener Au\u00dfenkomponenten von Fahrzeugen verwendet, wie z. B. Sto\u00dfstangen, K\u00fchlergrills, Kotfl\u00fcgel, Motorhauben und T\u00fcren.<\/li>\n<li>Innenraumkomponenten: Formen werden f\u00fcr die Herstellung von Innenraumkomponenten von Fahrzeugen wie Armaturenbrett, T\u00fcrverkleidungen, Sitze und Lenkr\u00e4der verwendet.<\/li>\n<li>Beleuchtungskomponenten: Formen f\u00fcr die Automobilindustrie werden f\u00fcr die Herstellung verschiedener Beleuchtungskomponenten von Fahrzeugen verwendet, z. B. f\u00fcr Scheinwerfer, R\u00fcckleuchten und Blinkergl\u00e4ser.<\/li>\n<li>Motorkomponenten: Formen werden f\u00fcr die Herstellung verschiedener Motorkomponenten von Fahrzeugen verwendet, z. B. Motorbl\u00f6cke, Zylinderk\u00f6pfe und Ansaugkr\u00fcmmer.<\/li>\n<li>Getriebekomponenten: Formen werden f\u00fcr die Herstellung verschiedener Getriebekomponenten von Fahrzeugen verwendet, z. B. f\u00fcr Getriebegeh\u00e4use und Zahnr\u00e4der.<\/li>\n<li>Aufh\u00e4ngungskomponenten: Formen f\u00fcr die Automobilindustrie werden zur Herstellung verschiedener Aufh\u00e4ngungskomponenten von Fahrzeugen verwendet, wie z. B. Querlenker und Kugelgelenke.<\/li>\n<li>Elektrische Komponenten: Formen werden f\u00fcr die Herstellung verschiedener elektrischer Komponenten von Fahrzeugen verwendet, z. B. f\u00fcr Kabelb\u00e4ume und Stecker.<\/li>\n<\/ol>\n<p>Zusammenfassend l\u00e4sst sich sagen, dass Automobilformen bei der Herstellung fast aller Komponenten eines Fahrzeugs verwendet werden, von der Karosserie und dem Innenraum bis hin zum Motor und der elektrischen Anlage.<\/p>\n<h3><span class=\"ez-toc-section\" id=\"Which_country_of_automotive_mould_suppliers_that_you_should_work_with\"><\/span>Mit welchem Land sollten Sie als Automobilzulieferer zusammenarbeiten?<span class=\"ez-toc-section-end\"><\/span><\/h3>\n<p>Es gibt viele L\u00e4nder, die in der Automobilindustrie stark vertreten sind und Fachwissen im Formenbau entwickelt haben. Einige der wichtigsten L\u00e4nder f\u00fcr <em><strong>Automobilzulieferer<\/strong><\/em> Dazu geh\u00f6ren China, Deutschland, Japan, die Vereinigten Staaten und S\u00fcdkorea. Jedes dieser L\u00e4nder kann jedoch unterschiedliche St\u00e4rken und Schw\u00e4chen haben, und es ist wichtig, Faktoren wie Sprache, Kultur, Logistik und geistige Eigentumsrechte zu ber\u00fccksichtigen.<\/p>\n<p>Bei der Auswahl eines Lieferanten ist es wichtig, gr\u00fcndliche Nachforschungen anzustellen, seine Referenzen zu pr\u00fcfen und seine Herstellungsverfahren zu untersuchen. Es ist auch eine gute Idee, Muster anzufordern und sich nach M\u00f6glichkeit pers\u00f6nlich mit dem Lieferanten zu treffen, um sicherzustellen, dass er Ihre speziellen Bed\u00fcrfnisse und Anforderungen erf\u00fcllen kann. Letztendlich h\u00e4ngt die Wahl des Landes, mit dem Sie zusammenarbeiten m\u00f6chten, von Ihren individuellen Bed\u00fcrfnissen und Vorlieben ab.<\/p>\n<div id=\"attachment_937\" style=\"width: 810px\" class=\"wp-caption aligncenter\"><a href=\"http:\/\/plas.co\/wp-content\/uploads\/2023\/02\/automotive-molds-1.jpg\"><img decoding=\"async\" aria-describedby=\"caption-attachment-937\" class=\"wp-image-937 size-full\" src=\"http:\/\/plas.co\/wp-content\/uploads\/2023\/02\/automotive-molds-1.jpg\" alt=\"Formen f\u00fcr die Automobilindustrie\" width=\"800\" height=\"600\" srcset=\"https:\/\/plas.co\/wp-content\/uploads\/2023\/02\/automotive-molds-1.jpg 800w, https:\/\/plas.co\/wp-content\/uploads\/2023\/02\/automotive-molds-1-300x225.jpg 300w, https:\/\/plas.co\/wp-content\/uploads\/2023\/02\/automotive-molds-1-768x576.jpg 768w, https:\/\/plas.co\/wp-content\/uploads\/2023\/02\/automotive-molds-1-705x529.jpg 705w\" sizes=\"(max-width: 800px) 100vw, 800px\" \/><\/a><p id=\"caption-attachment-937\" class=\"wp-caption-text\">Formen f\u00fcr die Automobilindustrie<\/p><\/div>\n<p>Nach den Daten, die zeigen, dass die meisten Autohersteller kaufen Automobil Formen aus China Schimmel Lieferanten, und Sie k\u00f6nnen einige Frage, warum so viele Auto-Unternehmen kaufen Automobil Formen aus China? Nun unten k\u00f6nnen Sie eine Antwort geben:<\/p>\n<ol>\n<li>Kosteneffizienz: Einer der Hauptgr\u00fcnde f\u00fcr die Zusammenarbeit mit chinesischen Automobilzulieferern ist die Kosteneffizienz. China hat eine gro\u00dfe und \u00e4u\u00dferst wettbewerbsf\u00e4hige Formenbauindustrie mit niedrigeren Arbeitskosten, niedrigeren Materialkosten und g\u00fcnstigeren Gemeinkosten als viele andere L\u00e4nder. Dies kann zu niedrigeren Preisen f\u00fcr qualitativ hochwertige Formen f\u00fchren, die den internationalen Standards entsprechen.<\/li>\n<li>Herstellungskapazit\u00e4t: China verf\u00fcgt \u00fcber eine gro\u00dfe und gut entwickelte Fertigungsindustrie mit fortschrittlicher Technologie und Ausr\u00fcstung und einem starken Fokus auf Qualit\u00e4tskontrolle. Chinesische Automobilzulieferer haben Erfahrung in der Herstellung von Formen f\u00fcr eine breite Palette von Anwendungen, einschlie\u00dflich komplexer Geometrien, Mehrfachformen und Gro\u00dfserien.<\/li>\n<li>Gro\u00dfe Auswahl an Materialien: Chinesische Automobilzulieferer haben Zugang zu einer breiten Palette von Materialien, darunter Kunststoffe, Metalle und Verbundwerkstoffe. So k\u00f6nnen sie f\u00fcr jede Anwendung das am besten geeignete Material ausw\u00e4hlen, wobei Faktoren wie Haltbarkeit, Gewicht und Kosten ber\u00fccksichtigt werden.<\/li>\n<li>Skalierbarkeit: Chinesische Automobilzulieferer sind in der Lage, Gussformen in gro\u00dfen Mengen zu produzieren, was f\u00fcr Automobilhersteller mit hohen Produktionsanforderungen wichtig sein kann. Chinesische Zulieferer k\u00f6nnen auch schnelle Durchlaufzeiten f\u00fcr dringende Auftr\u00e4ge bieten.<\/li>\n<li>Technisches Fachwissen: China verf\u00fcgt \u00fcber ein gro\u00dfes Reservoir an qualifizierten Ingenieuren und Technikern mit Fachkenntnissen in der Konstruktion und Herstellung von Formen. Viele chinesische Werkzeughersteller verf\u00fcgen \u00fcber starke F&amp;E-Kapazit\u00e4ten und k\u00f6nnen ma\u00dfgeschneiderte L\u00f6sungen f\u00fcr spezifische Kundenanforderungen anbieten.<\/li>\n<\/ol>\n<p>Wenn Sie jedoch eine Zusammenarbeit mit <em><strong>China Automobilform Lieferanten<\/strong><\/em>Deshalb ist es wichtig, gr\u00fcndliche Nachforschungen anzustellen, die Referenzen des Unternehmens zu pr\u00fcfen und die Herstellungsverfahren zu untersuchen, um sicherzustellen, dass das Unternehmen Ihre Erwartungen an Qualit\u00e4t und Lieferung erf\u00fcllt.<\/p>\n<p>Sprache, Kultur, Logistik und Rechte an geistigem Eigentum sollten ebenfalls ber\u00fccksichtigt werden. Es ist wichtig zu w\u00e4hlen <a href=\"http:\/\/plas.co\/de\/\">Formenlieferanten<\/a> der Ihre spezifischen Bed\u00fcrfnisse und Anforderungen erf\u00fcllen kann und der nachweislich hochwertige Produkte termingerecht und im Rahmen des Budgets geliefert hat.<\/p>\n<\/div><\/section>","protected":false},"excerpt":{"rendered":"","protected":false},"author":1,"featured_media":931,"parent":17,"menu_order":0,"comment_status":"open","ping_status":"open","template":"","meta":{"footnotes":""},"class_list":["post-100","page","type-page","status-publish","has-post-thumbnail","hentry"],"_links":{"self":[{"href":"https:\/\/plas.co\/de\/wp-json\/wp\/v2\/pages\/100","targetHints":{"allow":["GET"]}}],"collection":[{"href":"https:\/\/plas.co\/de\/wp-json\/wp\/v2\/pages"}],"about":[{"href":"https:\/\/plas.co\/de\/wp-json\/wp\/v2\/types\/page"}],"author":[{"embeddable":true,"href":"https:\/\/plas.co\/de\/wp-json\/wp\/v2\/users\/1"}],"replies":[{"embeddable":true,"href":"https:\/\/plas.co\/de\/wp-json\/wp\/v2\/comments?post=100"}],"version-history":[{"count":1,"href":"https:\/\/plas.co\/de\/wp-json\/wp\/v2\/pages\/100\/revisions"}],"predecessor-version":[{"id":2818,"href":"https:\/\/plas.co\/de\/wp-json\/wp\/v2\/pages\/100\/revisions\/2818"}],"up":[{"embeddable":true,"href":"https:\/\/plas.co\/de\/wp-json\/wp\/v2\/pages\/17"}],"wp:featuredmedia":[{"embeddable":true,"href":"https:\/\/plas.co\/de\/wp-json\/wp\/v2\/media\/931"}],"wp:attachment":[{"href":"https:\/\/plas.co\/de\/wp-json\/wp\/v2\/media?parent=100"}],"curies":[{"name":"wp","href":"https:\/\/api.w.org\/{rel}","templated":true}]}}