{"id":103,"date":"2014-09-20T16:59:07","date_gmt":"2014-09-20T08:59:07","guid":{"rendered":"http:\/\/andy-mold.com\/?page_id=103"},"modified":"2023-02-24T22:57:10","modified_gmt":"2023-02-24T14:57:10","slug":"spritzgiesverpackung","status":"publish","type":"page","link":"https:\/\/plas.co\/de\/spritzgiesverpackung\/","title":{"rendered":"Spritzgie\u00dfen von Verpackungen"},"content":{"rendered":"<div  class='flex_column av-av_one_full-7714eba142aeda1f8b5272a3c372b279 av_one_full  avia-builder-el-0  avia-builder-el-no-sibling  first flex_column_div'     ><section  class='av_textblock_section av-leinkoqn-2ce71e3bca6dba456b9c8fbc10182ea3'   itemscope=\"itemscope\" itemtype=\"https:\/\/schema.org\/CreativeWork\" ><div class='avia_textblock'  itemprop=\"text\" ><div id=\"ez-toc-container\" class=\"ez-toc-v2_0_82_2 counter-hierarchy ez-toc-counter ez-toc-grey ez-toc-container-direction\">\n<div class=\"ez-toc-title-container\">\n<p class=\"ez-toc-title\" style=\"cursor:inherit\">Inhalts\u00fcbersicht<\/p>\n<span class=\"ez-toc-title-toggle\"><a href=\"#\" class=\"ez-toc-pull-right ez-toc-btn ez-toc-btn-xs ez-toc-btn-default ez-toc-toggle\" aria-label=\"Inhaltsverzeichnis umschalten\"><span class=\"ez-toc-js-icon-con\"><span class=\"\"><span class=\"eztoc-hide\" style=\"display:none;\">Umschalten auf<\/span><span class=\"ez-toc-icon-toggle-span\"><svg style=\"fill: #999;color:#999\" xmlns=\"http:\/\/www.w3.org\/2000\/svg\" class=\"list-377408\" width=\"20px\" height=\"20px\" viewbox=\"0 0 24 24\" fill=\"none\"><path d=\"M6 6H4v2h2V6zm14 0H8v2h12V6zM4 11h2v2H4v-2zm16 0H8v2h12v-2zM4 16h2v2H4v-2zm16 0H8v2h12v-2z\" fill=\"currentColor\"><\/path><\/svg><svg style=\"fill: #999;color:#999\" class=\"arrow-unsorted-368013\" xmlns=\"http:\/\/www.w3.org\/2000\/svg\" width=\"10px\" height=\"10px\" viewbox=\"0 0 24 24\" version=\"1.2\" baseprofile=\"tiny\"><path d=\"M18.2 9.3l-6.2-6.3-6.2 6.3c-.2.2-.3.4-.3.7s.1.5.3.7c.2.2.4.3.7.3h11c.3 0 .5-.1.7-.3.2-.2.3-.5.3-.7s-.1-.5-.3-.7zM5.8 14.7l6.2 6.3 6.2-6.3c.2-.2.3-.5.3-.7s-.1-.5-.3-.7c-.2-.2-.4-.3-.7-.3h-11c-.3 0-.5.1-.7.3-.2.2-.3.5-.3.7s.1.5.3.7z\"\/><\/svg><\/span><\/span><\/span><\/a><\/span><\/div>\n<nav><ul class='ez-toc-list ez-toc-list-level-1' ><li class='ez-toc-page-1 ez-toc-heading-level-2'><a class=\"ez-toc-link ez-toc-heading-1\" href=\"https:\/\/plas.co\/de\/spritzgiesverpackung\/#What_is_injection_mold_packaging\" >Was ist eine Spritzgussverpackung?<\/a><ul class='ez-toc-list-level-3' ><li class='ez-toc-heading-level-3'><a class=\"ez-toc-link ez-toc-heading-2\" href=\"https:\/\/plas.co\/de\/spritzgiesverpackung\/#Section_1_The_Benefits_of_Injection_Molding_for_Packaging\" >Abschnitt 1: Die Vorteile des Spritzgie\u00dfens f\u00fcr Verpackungen<\/a><\/li><li class='ez-toc-page-1 ez-toc-heading-level-3'><a class=\"ez-toc-link ez-toc-heading-3\" href=\"https:\/\/plas.co\/de\/spritzgiesverpackung\/#Section_2_The_Different_Types_of_Materials_Used_in_Injection_Molding_for_Packaging\" >Abschnitt 2: Die verschiedenen Arten von Materialien, die beim Spritzgie\u00dfen von Verpackungen verwendet werden<\/a><\/li><li class='ez-toc-page-1 ez-toc-heading-level-3'><a class=\"ez-toc-link ez-toc-heading-4\" href=\"https:\/\/plas.co\/de\/spritzgiesverpackung\/#Section_3_The_Process_of_Injection_Molding\" >Abschnitt 3: Der Prozess des Spritzgie\u00dfens<\/a><\/li><li class='ez-toc-page-1 ez-toc-heading-level-3'><a class=\"ez-toc-link ez-toc-heading-5\" href=\"https:\/\/plas.co\/de\/spritzgiesverpackung\/#Section_4_The_Various_Applications_of_Injection_Molding_in_Packaging\" >Abschnitt 4: Die verschiedenen Anwendungen des Spritzgie\u00dfens in der Verpackung<\/a><\/li><li class='ez-toc-page-1 ez-toc-heading-level-3'><a class=\"ez-toc-link ez-toc-heading-6\" href=\"https:\/\/plas.co\/de\/spritzgiesverpackung\/#Injection_mold_resin_for_cosmetic_packaging\" >Spritzgussformharz f\u00fcr kosmetische Verpackungen<\/a><\/li><li class='ez-toc-page-1 ez-toc-heading-level-3'><a class=\"ez-toc-link ez-toc-heading-7\" href=\"https:\/\/plas.co\/de\/spritzgiesverpackung\/#Injection_molds_for_packaging\" >Spritzgussformen f\u00fcr Verpackungen<\/a><ul class='ez-toc-list-level-4' ><li class='ez-toc-heading-level-4'><a class=\"ez-toc-link ez-toc-heading-8\" href=\"https:\/\/plas.co\/de\/spritzgiesverpackung\/#Conclusion\" >Schlussfolgerung:<\/a><\/li><\/ul><\/li><\/ul><\/li><\/ul><\/nav><\/div>\n<h2><span class=\"ez-toc-section\" id=\"What_is_injection_mold_packaging\"><\/span>Was ist eine Spritzgussverpackung?<span class=\"ez-toc-section-end\"><\/span><\/h2>\n<p><strong><em>Spritzgegossene Verpackungen<\/em><\/strong> ist ein Herstellungsverfahren, mit dem eine breite Palette von Kunststoffverpackungen wie Flaschen, Gl\u00e4ser, Beh\u00e4lter und Verschl\u00fcsse hergestellt werden. Bei diesem Verfahren wird geschmolzenes Kunststoffmaterial in einen Formhohlraum gespritzt, der so gestaltet ist, dass die gew\u00fcnschte Form des Verpackungsprodukts entsteht.<\/p>\n<p>Das f\u00fcr das Spritzgie\u00dfen verwendete Kunststoffmaterial kann je nach der spezifischen Anwendung und den Anforderungen an das Verpackungsprodukt variieren. Einige der \u00fcblicherweise verwendeten Kunststoffmaterialien f\u00fcr <em>spritzgegossene Kunststoffverpackungen<\/em> Dazu geh\u00f6ren Polyethylen (PE), Polypropylen (PP), Polyethylenterephthalat (PET), Polystyrol (PS) und Acrylnitril-Butadien-Styrol (ABS).<\/p>\n<p>Das Spritzgussverfahren f\u00fcr Kunststoffverpackungen umfasst mehrere Schritte, darunter:<\/p>\n<ol>\n<li>Gestaltung der Form - Eine Form wird so gestaltet, dass sie die gew\u00fcnschte Form und die Merkmale des Verpackungsprodukts aufweist. Die Form kann aus Stahl oder Aluminium hergestellt werden und besteht aus zwei H\u00e4lften, die miteinander verschraubt werden.<\/li>\n<li>Aufbereitung des Kunststoffs - Das Kunststoffmaterial wird geschmolzen und f\u00fcr das Spritzgie\u00dfen vorbereitet. Das Kunststoffgranulat wird der Spritzgie\u00dfmaschine zugef\u00fchrt, wo es geschmolzen und mit Zusatzstoffen wie Farbstoffen und Stabilisatoren vermischt wird.<\/li>\n<li>Spritzgie\u00dfen - Das geschmolzene Kunststoffmaterial wird unter hohem Druck in den Formhohlraum gespritzt. Das Kunststoffmaterial f\u00fcllt den Hohlraum und nimmt die Form der Form an.<\/li>\n<li>Abk\u00fchlen und Erstarren - Das Kunststoffmaterial wird in der Form abgek\u00fchlt und erstarrt. Sobald das Kunststoffmaterial vollst\u00e4ndig erstarrt ist, werden die beiden H\u00e4lften der Form getrennt und das fertige Produkt wird ausgeworfen.<\/li>\n<\/ol>\n<p><em>spritzgegossene Kunststoffverpackungen<\/em> ist ein weit verbreitetes Verfahren zur Herstellung von Kunststoffverpackungen.<\/p>\n<div id=\"attachment_395\" style=\"width: 692px\" class=\"wp-caption aligncenter\"><a href=\"http:\/\/plas.co\/wp-content\/uploads\/2016\/02\/Product-01.jpg\"><img decoding=\"async\" aria-describedby=\"caption-attachment-395\" class=\"wp-image-395 size-full\" src=\"http:\/\/plas.co\/wp-content\/uploads\/2016\/02\/Product-01.jpg\" alt=\"Spritzgie\u00dfverpackung\" width=\"682\" height=\"488\" srcset=\"https:\/\/plas.co\/wp-content\/uploads\/2016\/02\/Product-01.jpg 682w, https:\/\/plas.co\/wp-content\/uploads\/2016\/02\/Product-01-300x215.jpg 300w\" sizes=\"(max-width: 682px) 100vw, 682px\" \/><\/a><p id=\"caption-attachment-395\" class=\"wp-caption-text\">Spritzgie\u00dfverpackung<\/p><\/div>\n<p>Die Verpackung ist ein entscheidender Aspekt eines jeden Produkts. Sie vermittelt den ersten Eindruck und kann die Entscheidungen der Verbraucher beeinflussen. Mit der wachsenden Nachfrage nach nachhaltigen und umweltfreundlichen Verpackungsl\u00f6sungen ist der Bedarf an effizienten Herstellungsverfahren wichtiger als je zuvor geworden. Das Spritzgie\u00dfen ist ein solches Verfahren, das die Verpackungsindustrie revolutioniert hat. In diesem umfassenden Leitfaden werden wir die Vorteile des Spritzgie\u00dfens f\u00fcr Verpackungen, die verschiedenen Arten der verwendeten Materialien, den Prozess des Spritzgie\u00dfens und die verschiedenen Anwendungen dieser Technologie in der Verpackungsindustrie untersuchen.<\/p>\n<h3><span class=\"ez-toc-section\" id=\"Section_1_The_Benefits_of_Injection_Molding_for_Packaging\"><\/span>Abschnitt 1: Die Vorteile des Spritzgie\u00dfens f\u00fcr Verpackungen<span class=\"ez-toc-section-end\"><\/span><\/h3>\n<p>Das Spritzgie\u00dfen ist ein Herstellungsverfahren, bei dem geschmolzener Kunststoff in eine Form gespritzt wird, um ein Produkt herzustellen. Dieses Verfahren bietet mehrere Vorteile f\u00fcr Verpackungen, darunter:<\/p>\n<p>1.1. Kosteneffizienz: Das Spritzgie\u00dfen erm\u00f6glicht die Produktion hoher St\u00fcckzahlen und ist damit eine kosteng\u00fcnstige L\u00f6sung f\u00fcr die Herstellung von Verpackungsmaterial in gro\u00dfem Ma\u00dfstab.<\/p>\n<p>1.2. Flexibilit\u00e4t im Design: Das Spritzgie\u00dfen bietet Designern die Freiheit, komplexe Formen und komplizierte Designs zu entwerfen, die mit anderen Herstellungsverfahren nur schwer zu erreichen w\u00e4ren.<\/p>\n<p>1.3. Vielseitigkeit der Materialien: Das Spritzgie\u00dfen kann mit einer breiten Palette von Materialien verwendet werden, darunter Thermoplaste, Duroplaste und Elastomere.<\/p>\n<h3><span class=\"ez-toc-section\" id=\"Section_2_The_Different_Types_of_Materials_Used_in_Injection_Molding_for_Packaging\"><\/span>Abschnitt 2: Die verschiedenen Arten von Materialien, die beim Spritzgie\u00dfen von Verpackungen verwendet werden<span class=\"ez-toc-section-end\"><\/span><\/h3>\n<p>2.1. Thermoplaste: Thermoplastische Kunststoffe sind die am h\u00e4ufigsten verwendeten Materialien beim Spritzgie\u00dfen von Verpackungen. Sie sind haltbar, leicht und k\u00f6nnen leicht in verschiedene Formen und Gr\u00f6\u00dfen geformt werden.<\/p>\n<p>2.2. Duroplaste: Duroplaste sind ideal f\u00fcr die Verpackung von Produkten, die hitzebest\u00e4ndig und sehr haltbar sein m\u00fcssen.<\/p>\n<p>2.3. Elastomere: Elastomere werden f\u00fcr die Verpackung von Produkten verwendet, die Flexibilit\u00e4t und Weichheit erfordern.<\/p>\n<h3><span class=\"ez-toc-section\" id=\"Section_3_The_Process_of_Injection_Molding\"><\/span>Abschnitt 3: Der Prozess des Spritzgie\u00dfens<span class=\"ez-toc-section-end\"><\/span><\/h3>\n<p>3.1. Entwurf der Form: Der erste Schritt im Spritzgie\u00dfprozess ist die Konstruktion der Form. Die Form wird nach den genauen Spezifikationen des Produkts entworfen.<\/p>\n<p>3.2. Vorbereitung des Materials: Das ausgew\u00e4hlte Material wird geschmolzen und f\u00fcr die Injektion vorbereitet.<\/p>\n<p>3.3. Einspritzen: Das geschmolzene Material wird unter hohem Druck in die Form gespritzt und f\u00fcllt den Formhohlraum.<\/p>\n<p>3.4. Abk\u00fchlen: Die Form wird abgek\u00fchlt, um den Kunststoff zu verfestigen, und das Produkt wird ausgesto\u00dfen.<\/p>\n<h3><span class=\"ez-toc-section\" id=\"Section_4_The_Various_Applications_of_Injection_Molding_in_Packaging\"><\/span>Abschnitt 4: Die verschiedenen Anwendungen des Spritzgie\u00dfens in der Verpackung<span class=\"ez-toc-section-end\"><\/span><\/h3>\n<p>4.1. Lebensmittelverpackungen: Das Spritzgie\u00dfen wird h\u00e4ufig f\u00fcr Lebensmittelverpackungen wie Beh\u00e4lter, Schalen und Besteck verwendet.<\/p>\n<p>4.2. Verpackung von Getr\u00e4nken: Das Spritzgie\u00dfen wird auch f\u00fcr die Verpackung von Getr\u00e4nken, einschlie\u00dflich Flaschen und Verschl\u00fcssen, verwendet.<\/p>\n<p>4.3. Kosmetische Verpackungen: Spritzguss wird f\u00fcr kosmetische Verpackungen, einschlie\u00dflich Tiegel, Beh\u00e4lter und Verschl\u00fcsse, verwendet.<\/p>\n<p>4.4. Medizinische Verpackungen: <em>Spritzgie\u00dfen<\/em> wird f\u00fcr medizinische Verpackungen, einschlie\u00dflich Spritzen, Fl\u00e4schchen und Beh\u00e4lter, verwendet.<\/p>\n<p>Abschnitt 5: Der Einfluss des Spritzgie\u00dfens auf nachhaltige Verpackungen<\/p>\n<p>5.1. Biologisch abbaubare Materialien: Das Spritzgie\u00dfen hat die Herstellung von biologisch abbaubaren Verpackungsmaterialien erm\u00f6glicht, die umweltfreundlich und nachhaltig sind.<\/p>\n<p>5.2. Recycelbare Materialien: Das Spritzgie\u00dfen hat auch die Herstellung von Verpackungsmaterialien erm\u00f6glicht, die leicht wiederverwertbar sind, wodurch die Abfallmenge reduziert wird.<\/p>\n<h3><span class=\"ez-toc-section\" id=\"Injection_mold_resin_for_cosmetic_packaging\"><\/span>Spritzgussformharz f\u00fcr kosmetische Verpackungen<span class=\"ez-toc-section-end\"><\/span><\/h3>\n<p>Spritzgie\u00dfharz ist eine entscheidende Komponente bei der Herstellung von Kosmetikverpackungen. Bei der Auswahl des geeigneten Harzes f\u00fcr Kosmetikverpackungen sind mehrere Faktoren zu ber\u00fccksichtigen, darunter die Kompatibilit\u00e4t des Produkts mit dem Harz, die gew\u00fcnschten physikalischen Eigenschaften der Verpackung und das Herstellungsverfahren.<\/p>\n<p>Eines der am h\u00e4ufigsten verwendeten Harze f\u00fcr Kosmetikverpackungen ist Polypropylen (PP). PP ist ein vielseitiger Kunststoff, der leicht zu formen ist, ein geringes Gewicht hat und eine ausgezeichnete chemische Best\u00e4ndigkeit aufweist. Es ist ideal f\u00fcr die Verpackung von Produkten, die ein hohes Ma\u00df an Feuchtigkeitsbest\u00e4ndigkeit erfordern, wie z. B. Cremes, Lotionen und Seren.<\/p>\n<p>Ein weiterer beliebter Kunststoff f\u00fcr Kosmetikverpackungen ist Polyethylenterephthalat (PET). PET ist ein starkes, leichtes Harz, das sich ideal f\u00fcr durchsichtige Verpackungsprodukte wie Flaschen und Tiegel eignet. Es bietet eine ausgezeichnete Best\u00e4ndigkeit gegen Feuchtigkeit, Chemikalien und UV-Licht, was es zu einer beliebten Wahl f\u00fcr Kosmetikverpackungen macht.<\/p>\n<p>Acrylnitril-Butadien-Styrol (ABS) ist ein weiterer Kunststoff, der h\u00e4ufig f\u00fcr Kosmetikverpackungen verwendet wird. ABS ist ein starkes, haltbares Harz, das sich ideal f\u00fcr die Verpackung von Produkten eignet, die ein hohes Ma\u00df an Sto\u00dffestigkeit erfordern, wie z. B. Puderdosen und Lippenstifth\u00fcllen.<\/p>\n<p>Polycarbonat (PC) ist ein klarer, starker und leichter Kunststoff, der sich ideal f\u00fcr die Verpackung von Produkten eignet, die eine hohe Klarheit und Schlagfestigkeit erfordern, wie z. B. Lidschattenpaletten und Lippenstifth\u00fclsen. Es ist auch eine ausgezeichnete Wahl f\u00fcr Produkte, die ein hohes Ma\u00df an Hitzebest\u00e4ndigkeit erfordern.<\/p>\n<p>Bei der Auswahl eines Harzes f\u00fcr Kosmetikverpackungen ist es wichtig, das Herstellungsverfahren zu ber\u00fccksichtigen. Das Spritzgie\u00dfen ist das g\u00e4ngigste Herstellungsverfahren f\u00fcr Kosmetikverpackungen, aber nicht alle Harze sind f\u00fcr dieses Verfahren geeignet. Harze, die zu spr\u00f6de oder zu z\u00e4hfl\u00fcssig sind, eignen sich m\u00f6glicherweise nicht f\u00fcr das Spritzgie\u00dfen. Es ist wichtig, ein Harz zu w\u00e4hlen, das sich leicht im Spritzgussverfahren verarbeiten l\u00e4sst, um ein einheitliches und hochwertiges Endprodukt zu gew\u00e4hrleisten.<\/p>\n<h3><span class=\"ez-toc-section\" id=\"Injection_molds_for_packaging\"><\/span>Spritzgussformen f\u00fcr Verpackungen<span class=\"ez-toc-section-end\"><\/span><\/h3>\n<p><em><strong>Spritzgie\u00dfen<\/strong><\/em> ist ein weit verbreitetes Herstellungsverfahren f\u00fcr die Produktion hochwertiger und kosteng\u00fcnstiger Verpackungsprodukte. Spritzgie\u00dfformen f\u00fcr Verpackungen sind f\u00fcr die Herstellung einer Vielzahl von Formen und Gr\u00f6\u00dfen von Verpackungen, einschlie\u00dflich Flaschen, Gl\u00e4sern, Kappen, Verschl\u00fcssen und Beh\u00e4ltern, konzipiert.<\/p>\n<p>Beim Spritzgussverfahren wird eine Form verwendet, ein Werkzeug, das so gestaltet ist, dass es die gew\u00fcnschte Form des Verpackungsprodukts erzeugt. Die Form wird in der Regel aus Stahl oder Aluminium hergestellt und besteht aus zwei H\u00e4lften, die miteinander verschraubt werden. Das geschmolzene Kunststoffmaterial wird in den Formhohlraum eingespritzt, und sobald es abgek\u00fchlt und erstarrt ist, werden die beiden Formh\u00e4lften getrennt, um das fertige Produkt freizugeben.<\/p>\n<p>Einer der wesentlichen Vorteile der <em>Spritzgie\u00dfen<\/em> ist die F\u00e4higkeit, komplexe und komplizierte Formen mit hoher Pr\u00e4zision und Konsistenz herzustellen. Spritzgussformen f\u00fcr Verpackungen k\u00f6nnen so gestaltet werden, dass Produkte mit verschiedenen Merkmalen wie Gewinden, Pr\u00e4gungen, Gravuren und Texturen entstehen. Diese Vielseitigkeit macht das Spritzgie\u00dfen zu einem idealen Verfahren f\u00fcr die Herstellung von Verpackungsprodukten mit einzigartigen und auff\u00e4lligen Designs.<\/p>\n<p>Ein weiterer Vorteil des Spritzgie\u00dfens f\u00fcr Verpackungen ist die M\u00f6glichkeit, gro\u00dfe Mengen von Produkten in kurzer Zeit herzustellen. <a href=\"https:\/\/en.wikipedia.org\/wiki\/Injection_moulding\" target=\"_blank\" rel=\"noopener\">Spritzgie\u00dfen<\/a> Maschinen k\u00f6nnen Tausende von Produkten in einem einzigen Zyklus herstellen, was sie zu einem \u00e4u\u00dferst effizienten und kosteng\u00fcnstigen Fertigungsverfahren macht.<\/p>\n<p>Bei der Auswahl eines <em>Spritzgie\u00dfverpackung<\/em>Bei der Auswahl des Kunststoffs sollten mehrere Faktoren ber\u00fccksichtigt werden, darunter die Art des Kunststoffs, die gew\u00fcnschte Form und Gr\u00f6\u00dfe des Produkts und das Herstellungsverfahren. Einige Kunststoffe erfordern beispielsweise Hochdruck-Spritzgie\u00dfmaschinen, um die gew\u00fcnschten physikalischen Eigenschaften zu erzielen, w\u00e4hrend f\u00fcr andere ein niedrigerer Druck erforderlich ist.<\/p>\n<p>Dar\u00fcber hinaus kann sich die Konstruktion der Form auch auf den Herstellungsprozess und die Qualit\u00e4t des Endprodukts auswirken. Eine gut konzipierte Form kann dazu beitragen, Herstellungsfehler wie Verziehen, Einsinken und \u00dcberlaufen zu reduzieren und Produkte mit gleichbleibender Oberfl\u00e4che und Qualit\u00e4t zu produzieren.<\/p>\n<h4><span class=\"ez-toc-section\" id=\"Conclusion\"><\/span>Schlussfolgerung:<span class=\"ez-toc-section-end\"><\/span><\/h4>\n<p>Das Spritzgie\u00dfen hat die Verpackungsindustrie revolutioniert und bietet kosteng\u00fcnstige L\u00f6sungen, Designflexibilit\u00e4t und Materialvielfalt. Es hat die Herstellung nachhaltiger und umweltfreundlicher Verpackungsl\u00f6sungen erm\u00f6glicht und ist damit eine wesentliche Technologie f\u00fcr die Zukunft der Verpackung.<\/p>\n<p>Wenn Sie die Vorteile des Spritzgie\u00dfens, die verschiedenen verwendeten Materialien, den Prozess des Spritzgie\u00dfens und die verschiedenen Anwendungen dieser Technologie in der Verpackungsindustrie kennen, k\u00f6nnen Designer, Ingenieure und Verpackungsfachleute fundierte Entscheidungen treffen, die dazu beitragen, eine bessere und nachhaltigere Zukunft zu schaffen.<\/p>\n<\/div><\/section><\/div>","protected":false},"excerpt":{"rendered":"","protected":false},"author":1,"featured_media":0,"parent":0,"menu_order":0,"comment_status":"open","ping_status":"open","template":"","meta":{"footnotes":""},"class_list":["post-103","page","type-page","status-publish","hentry"],"_links":{"self":[{"href":"https:\/\/plas.co\/de\/wp-json\/wp\/v2\/pages\/103","targetHints":{"allow":["GET"]}}],"collection":[{"href":"https:\/\/plas.co\/de\/wp-json\/wp\/v2\/pages"}],"about":[{"href":"https:\/\/plas.co\/de\/wp-json\/wp\/v2\/types\/page"}],"author":[{"embeddable":true,"href":"https:\/\/plas.co\/de\/wp-json\/wp\/v2\/users\/1"}],"replies":[{"embeddable":true,"href":"https:\/\/plas.co\/de\/wp-json\/wp\/v2\/comments?post=103"}],"version-history":[{"count":0,"href":"https:\/\/plas.co\/de\/wp-json\/wp\/v2\/pages\/103\/revisions"}],"wp:attachment":[{"href":"https:\/\/plas.co\/de\/wp-json\/wp\/v2\/media?parent=103"}],"curies":[{"name":"wp","href":"https:\/\/api.w.org\/{rel}","templated":true}]}}