{"id":125,"date":"2014-09-20T18:16:39","date_gmt":"2014-09-20T10:16:39","guid":{"rendered":"http:\/\/andy-mold.com\/?page_id=125"},"modified":"2023-02-27T22:17:59","modified_gmt":"2023-02-27T14:17:59","slug":"formenhersteller","status":"publish","type":"page","link":"https:\/\/plas.co\/de\/formenhersteller\/","title":{"rendered":"Hersteller von Gussformen"},"content":{"rendered":"<style type=\"text\/css\" data-created_by=\"avia_inline_auto\" id=\"style-css-av-lel5bo9m-9db356ac3663fdf6d82633bde056ed2c\">\n#top .avia-gallery.av-lel5bo9m-9db356ac3663fdf6d82633bde056ed2c .avia-gallery-thumb a{\nwidth:25%;\n}\n<\/style>\n<div  class='avia-gallery av-lel5bo9m-9db356ac3663fdf6d82633bde056ed2c avia_animate_when_visible  avia-builder-el-0  el_before_av_textblock  avia-builder-el-first  avia_lazyload avia-gallery-animate avia-gallery-1'  itemprop=\"image\" itemscope=\"itemscope\" itemtype=\"https:\/\/schema.org\/ImageObject\" ><meta itemprop=\"contentURL\" content=\"https:\/\/plas.co\/de\/formenhersteller\/\"><div class='avia-gallery-thumb'><a href=\"https:\/\/plas.co\/wp-content\/uploads\/2023\/02\/Measurement-machine.jpg\" data-srcset=\"https:\/\/plas.co\/wp-content\/uploads\/2023\/02\/Measurement-machine.jpg 640w, https:\/\/plas.co\/wp-content\/uploads\/2023\/02\/Measurement-machine-300x225.jpg 300w\" data-sizes=\"(max-width: 640px) 100vw, 640px\" data-rel='gallery-1' data-prev-img='https:\/\/plas.co\/wp-content\/uploads\/2023\/02\/Measurement-machine-495x400.jpg' class='first_thumb lightbox' data-onclick='1' title='Messmaschine'  itemprop=\"thumbnailUrl\"  ><img decoding=\"async\" fetchpriority=\"high\" class=\"wp-image-954 avia-img-lazy-loading-not-954\"   src=\"https:\/\/plas.co\/wp-content\/uploads\/2023\/02\/Measurement-machine-495x400.jpg\" width=\"495\" height=\"400\"  title='Messmaschine' alt='Messmaschine' \/><div class='big-prev-fake'><img decoding=\"async\" loading=\"lazy\" class=\"wp-image-954 avia-img-lazy-loading-954\"  width=\"495\" height=\"400\" src=\"https:\/\/plas.co\/wp-content\/uploads\/2023\/02\/Measurement-machine-495x400.jpg\" title='Messmaschine' alt='Messmaschine' \/><\/div><\/a><a href=\"https:\/\/plas.co\/wp-content\/uploads\/2023\/02\/Mold-design-1030x773.jpg\" data-srcset=\"https:\/\/plas.co\/wp-content\/uploads\/2023\/02\/Mold-design-1030x773.jpg 1030w, https:\/\/plas.co\/wp-content\/uploads\/2023\/02\/Mold-design-300x225.jpg 300w, https:\/\/plas.co\/wp-content\/uploads\/2023\/02\/Mold-design-768x576.jpg 768w, https:\/\/plas.co\/wp-content\/uploads\/2023\/02\/Mold-design-1536x1152.jpg 1536w, https:\/\/plas.co\/wp-content\/uploads\/2023\/02\/Mold-design-2048x1536.jpg 2048w, https:\/\/plas.co\/wp-content\/uploads\/2023\/02\/Mold-design-1500x1125.jpg 1500w, https:\/\/plas.co\/wp-content\/uploads\/2023\/02\/Mold-design-705x529.jpg 705w\" data-sizes=\"(max-width: 1030px) 100vw, 1030px\" data-rel='gallery-1' data-prev-img='https:\/\/plas.co\/wp-content\/uploads\/2023\/02\/Mold-design-495x400.jpg' class='lightbox' data-onclick='2' title='Formenbau'  itemprop=\"thumbnailUrl\"  ><img decoding=\"async\" fetchpriority=\"high\" class=\"wp-image-955 avia-img-lazy-loading-not-955\"   src=\"https:\/\/plas.co\/wp-content\/uploads\/2023\/02\/Mold-design-495x400.jpg\" width=\"495\" height=\"400\"  title='Formenbau' alt='Formenbau' srcset=\"https:\/\/plas.co\/wp-content\/uploads\/2023\/02\/Mold-design-495x400.jpg 495w, https:\/\/plas.co\/wp-content\/uploads\/2023\/02\/Mold-design-845x684.jpg 845w\" sizes=\"(max-width: 495px) 100vw, 495px\" \/><div class='big-prev-fake'><img decoding=\"async\" loading=\"lazy\" class=\"wp-image-955 avia-img-lazy-loading-955\"  width=\"495\" height=\"400\" src=\"https:\/\/plas.co\/wp-content\/uploads\/2023\/02\/Mold-design-495x400.jpg\" title='Formenbau' alt='Formenbau' srcset=\"https:\/\/plas.co\/wp-content\/uploads\/2023\/02\/Mold-design-495x400.jpg 495w, https:\/\/plas.co\/wp-content\/uploads\/2023\/02\/Mold-design-845x684.jpg 845w\" sizes=\"auto, (max-width: 495px) 100vw, 495px\" \/><\/div><\/a><a href=\"https:\/\/plas.co\/wp-content\/uploads\/2023\/02\/Plastic-mold-company.jpg\" data-srcset=\"https:\/\/plas.co\/wp-content\/uploads\/2023\/02\/Plastic-mold-company.jpg 333w, https:\/\/plas.co\/wp-content\/uploads\/2023\/02\/Plastic-mold-company-300x225.jpg 300w\" data-sizes=\"(max-width: 333px) 100vw, 333px\" data-rel='gallery-1' data-prev-img='https:\/\/plas.co\/wp-content\/uploads\/2023\/02\/Plastic-mold-company.jpg' class='lightbox' data-onclick='3' title='Unternehmen f\u00fcr Kunststoffformen'  itemprop=\"thumbnailUrl\"  ><img decoding=\"async\" fetchpriority=\"high\" class=\"wp-image-956 avia-img-lazy-loading-not-956\"   src=\"https:\/\/plas.co\/wp-content\/uploads\/2023\/02\/Plastic-mold-company.jpg\" width=\"333\" height=\"250\"  title='Unternehmen f\u00fcr Kunststoffformen' alt='Unternehmen f\u00fcr Kunststoffformen' srcset=\"https:\/\/plas.co\/wp-content\/uploads\/2023\/02\/Plastic-mold-company.jpg 333w, https:\/\/plas.co\/wp-content\/uploads\/2023\/02\/Plastic-mold-company-300x225.jpg 300w\" sizes=\"(max-width: 333px) 100vw, 333px\" \/><div class='big-prev-fake'><img decoding=\"async\" loading=\"lazy\" class=\"wp-image-956 avia-img-lazy-loading-956\"  width=\"333\" height=\"250\" src=\"https:\/\/plas.co\/wp-content\/uploads\/2023\/02\/Plastic-mold-company.jpg\" title='Unternehmen f\u00fcr Kunststoffformen' alt='Unternehmen f\u00fcr Kunststoffformen' srcset=\"https:\/\/plas.co\/wp-content\/uploads\/2023\/02\/Plastic-mold-company.jpg 333w, https:\/\/plas.co\/wp-content\/uploads\/2023\/02\/Plastic-mold-company-300x225.jpg 300w\" sizes=\"auto, (max-width: 333px) 100vw, 333px\" \/><\/div><\/a><a href=\"https:\/\/plas.co\/wp-content\/uploads\/2023\/02\/plastic-mold-maker.jpg\" data-srcset=\"https:\/\/plas.co\/wp-content\/uploads\/2023\/02\/plastic-mold-maker.jpg 640w, https:\/\/plas.co\/wp-content\/uploads\/2023\/02\/plastic-mold-maker-300x225.jpg 300w\" data-sizes=\"(max-width: 640px) 100vw, 640px\" data-rel='gallery-1' data-prev-img='https:\/\/plas.co\/wp-content\/uploads\/2023\/02\/plastic-mold-maker-495x400.jpg' class='lightbox' data-onclick='4' title='Kunststoffformenbauer'  itemprop=\"thumbnailUrl\"  ><img decoding=\"async\" fetchpriority=\"high\" class=\"wp-image-957 avia-img-lazy-loading-not-957\"   src=\"https:\/\/plas.co\/wp-content\/uploads\/2023\/02\/plastic-mold-maker-495x400.jpg\" width=\"495\" height=\"400\"  title='Kunststoffformenbauer' alt='Kunststoffformenbauer' \/><div class='big-prev-fake'><img decoding=\"async\" loading=\"lazy\" class=\"wp-image-957 avia-img-lazy-loading-957\"  width=\"495\" height=\"400\" src=\"https:\/\/plas.co\/wp-content\/uploads\/2023\/02\/plastic-mold-maker-495x400.jpg\" title='Kunststoffformenbauer' alt='Kunststoffformenbauer' \/><\/div><\/a><a href=\"https:\/\/plas.co\/wp-content\/uploads\/2023\/02\/Plastic-molding-company.jpg\" data-srcset=\"https:\/\/plas.co\/wp-content\/uploads\/2023\/02\/Plastic-molding-company.jpg 333w, https:\/\/plas.co\/wp-content\/uploads\/2023\/02\/Plastic-molding-company-300x225.jpg 300w\" data-sizes=\"(max-width: 333px) 100vw, 333px\" data-rel='gallery-1' data-prev-img='https:\/\/plas.co\/wp-content\/uploads\/2023\/02\/Plastic-molding-company.jpg' class='first_thumb lightbox' data-onclick='5' title='Formenhersteller'  itemprop=\"thumbnailUrl\"  ><img decoding=\"async\" fetchpriority=\"high\" class=\"wp-image-959 avia-img-lazy-loading-not-959\"   src=\"https:\/\/plas.co\/wp-content\/uploads\/2023\/02\/Plastic-molding-company.jpg\" width=\"333\" height=\"250\"  title='Formenhersteller' alt='Formenhersteller' srcset=\"https:\/\/plas.co\/wp-content\/uploads\/2023\/02\/Plastic-molding-company.jpg 333w, https:\/\/plas.co\/wp-content\/uploads\/2023\/02\/Plastic-molding-company-300x225.jpg 300w\" sizes=\"(max-width: 333px) 100vw, 333px\" \/><div class='big-prev-fake'><img decoding=\"async\" loading=\"lazy\" class=\"wp-image-959 avia-img-lazy-loading-959\"  width=\"333\" height=\"250\" src=\"https:\/\/plas.co\/wp-content\/uploads\/2023\/02\/Plastic-molding-company.jpg\" title='Formenhersteller' alt='Formenhersteller' srcset=\"https:\/\/plas.co\/wp-content\/uploads\/2023\/02\/Plastic-molding-company.jpg 333w, https:\/\/plas.co\/wp-content\/uploads\/2023\/02\/Plastic-molding-company-300x225.jpg 300w\" sizes=\"auto, (max-width: 333px) 100vw, 333px\" \/><\/div><\/a><a href=\"https:\/\/plas.co\/wp-content\/uploads\/2023\/02\/plastic-mould-company.jpg\" data-srcset=\"https:\/\/plas.co\/wp-content\/uploads\/2023\/02\/plastic-mould-company.jpg 640w, https:\/\/plas.co\/wp-content\/uploads\/2023\/02\/plastic-mould-company-300x225.jpg 300w\" data-sizes=\"(max-width: 640px) 100vw, 640px\" data-rel='gallery-1' data-prev-img='https:\/\/plas.co\/wp-content\/uploads\/2023\/02\/plastic-mould-company-495x400.jpg' class='lightbox' data-onclick='6' title='Hersteller von Kunststoffformen'  itemprop=\"thumbnailUrl\"  ><img decoding=\"async\" fetchpriority=\"high\" class=\"wp-image-960 avia-img-lazy-loading-not-960\"   src=\"https:\/\/plas.co\/wp-content\/uploads\/2023\/02\/plastic-mould-company-495x400.jpg\" width=\"495\" height=\"400\"  title='Hersteller von Kunststoffformen' alt='Hersteller von Kunststoffformen' \/><div class='big-prev-fake'><img decoding=\"async\" loading=\"lazy\" class=\"wp-image-960 avia-img-lazy-loading-960\"  width=\"495\" height=\"400\" src=\"https:\/\/plas.co\/wp-content\/uploads\/2023\/02\/plastic-mould-company-495x400.jpg\" title='Hersteller von Kunststoffformen' alt='Hersteller von Kunststoffformen' \/><\/div><\/a><a href=\"https:\/\/plas.co\/wp-content\/uploads\/2023\/02\/Plastic-mould-factory.jpg\" data-srcset=\"https:\/\/plas.co\/wp-content\/uploads\/2023\/02\/Plastic-mould-factory.jpg 640w, https:\/\/plas.co\/wp-content\/uploads\/2023\/02\/Plastic-mould-factory-300x225.jpg 300w\" data-sizes=\"(max-width: 640px) 100vw, 640px\" data-rel='gallery-1' data-prev-img='https:\/\/plas.co\/wp-content\/uploads\/2023\/02\/Plastic-mould-factory-495x400.jpg' class='lightbox' data-onclick='7' title='Fabrik f\u00fcr Kunststoffformen'  itemprop=\"thumbnailUrl\"  ><img decoding=\"async\" fetchpriority=\"high\" class=\"wp-image-961 avia-img-lazy-loading-not-961\"   src=\"https:\/\/plas.co\/wp-content\/uploads\/2023\/02\/Plastic-mould-factory-495x400.jpg\" width=\"495\" height=\"400\"  title='Fabrik f\u00fcr Kunststoffformen' alt='Fabrik f\u00fcr Kunststoffformen' \/><div class='big-prev-fake'><img decoding=\"async\" loading=\"lazy\" class=\"wp-image-961 avia-img-lazy-loading-961\"  width=\"495\" height=\"400\" src=\"https:\/\/plas.co\/wp-content\/uploads\/2023\/02\/Plastic-mould-factory-495x400.jpg\" title='Fabrik f\u00fcr Kunststoffformen' alt='Fabrik f\u00fcr Kunststoffformen' \/><\/div><\/a><a href=\"https:\/\/plas.co\/wp-content\/uploads\/2023\/02\/Plastic-Tooling-Company.jpg\" data-srcset=\"https:\/\/plas.co\/wp-content\/uploads\/2023\/02\/Plastic-Tooling-Company.jpg 400w, https:\/\/plas.co\/wp-content\/uploads\/2023\/02\/Plastic-Tooling-Company-300x225.jpg 300w\" data-sizes=\"(max-width: 400px) 100vw, 400px\" data-rel='gallery-1' data-prev-img='https:\/\/plas.co\/wp-content\/uploads\/2023\/02\/Plastic-Tooling-Company.jpg' class='lightbox' data-onclick='8' title='Plastic Tooling Unternehmen'  itemprop=\"thumbnailUrl\"  ><img decoding=\"async\" fetchpriority=\"high\" class=\"wp-image-962 avia-img-lazy-loading-not-962\"   src=\"https:\/\/plas.co\/wp-content\/uploads\/2023\/02\/Plastic-Tooling-Company.jpg\" width=\"400\" height=\"300\"  title='Plastic Tooling Unternehmen' alt='Plastic Tooling Unternehmen' srcset=\"https:\/\/plas.co\/wp-content\/uploads\/2023\/02\/Plastic-Tooling-Company.jpg 400w, https:\/\/plas.co\/wp-content\/uploads\/2023\/02\/Plastic-Tooling-Company-300x225.jpg 300w\" sizes=\"(max-width: 400px) 100vw, 400px\" \/><div class='big-prev-fake'><img decoding=\"async\" loading=\"lazy\" class=\"wp-image-962 avia-img-lazy-loading-962\"  width=\"400\" height=\"300\" src=\"https:\/\/plas.co\/wp-content\/uploads\/2023\/02\/Plastic-Tooling-Company.jpg\" title='Plastic Tooling Unternehmen' alt='Plastic Tooling Unternehmen' srcset=\"https:\/\/plas.co\/wp-content\/uploads\/2023\/02\/Plastic-Tooling-Company.jpg 400w, https:\/\/plas.co\/wp-content\/uploads\/2023\/02\/Plastic-Tooling-Company-300x225.jpg 300w\" sizes=\"auto, (max-width: 400px) 100vw, 400px\" \/><\/div><\/a><\/div><\/div>\n<section  class='av_textblock_section av-lel43s1p-f288656d2c750791ef65020e352a8c30'   itemscope=\"itemscope\" itemtype=\"https:\/\/schema.org\/CreativeWork\" ><div class='avia_textblock'  itemprop=\"text\" ><div id=\"ez-toc-container\" class=\"ez-toc-v2_0_82_2 counter-hierarchy ez-toc-counter ez-toc-grey ez-toc-container-direction\">\n<div class=\"ez-toc-title-container\">\n<p class=\"ez-toc-title\" style=\"cursor:inherit\">Inhalts\u00fcbersicht<\/p>\n<span class=\"ez-toc-title-toggle\"><a href=\"#\" class=\"ez-toc-pull-right ez-toc-btn ez-toc-btn-xs ez-toc-btn-default ez-toc-toggle\" aria-label=\"Inhaltsverzeichnis umschalten\"><span class=\"ez-toc-js-icon-con\"><span class=\"\"><span class=\"eztoc-hide\" style=\"display:none;\">Umschalten auf<\/span><span class=\"ez-toc-icon-toggle-span\"><svg style=\"fill: #999;color:#999\" xmlns=\"http:\/\/www.w3.org\/2000\/svg\" class=\"list-377408\" width=\"20px\" height=\"20px\" viewbox=\"0 0 24 24\" fill=\"none\"><path d=\"M6 6H4v2h2V6zm14 0H8v2h12V6zM4 11h2v2H4v-2zm16 0H8v2h12v-2zM4 16h2v2H4v-2zm16 0H8v2h12v-2z\" fill=\"currentColor\"><\/path><\/svg><svg style=\"fill: #999;color:#999\" class=\"arrow-unsorted-368013\" xmlns=\"http:\/\/www.w3.org\/2000\/svg\" width=\"10px\" height=\"10px\" viewbox=\"0 0 24 24\" version=\"1.2\" baseprofile=\"tiny\"><path d=\"M18.2 9.3l-6.2-6.3-6.2 6.3c-.2.2-.3.4-.3.7s.1.5.3.7c.2.2.4.3.7.3h11c.3 0 .5-.1.7-.3.2-.2.3-.5.3-.7s-.1-.5-.3-.7zM5.8 14.7l6.2 6.3 6.2-6.3c.2-.2.3-.5.3-.7s-.1-.5-.3-.7c-.2-.2-.4-.3-.7-.3h-11c-.3 0-.5.1-.7.3-.2.2-.3.5-.3.7s.1.5.3.7z\"\/><\/svg><\/span><\/span><\/span><\/a><\/span><\/div>\n<nav><ul class='ez-toc-list ez-toc-list-level-1' ><li class='ez-toc-page-1 ez-toc-heading-level-2'><a class=\"ez-toc-link ez-toc-heading-1\" href=\"https:\/\/plas.co\/de\/formenhersteller\/#What_is_plastic_Injection_Mould\" >Was ist Kunststoff-Spritzgie\u00dfen?<\/a><ul class='ez-toc-list-level-3' ><li class='ez-toc-heading-level-3'><a class=\"ez-toc-link ez-toc-heading-2\" href=\"https:\/\/plas.co\/de\/formenhersteller\/#What_are_the_best_plastic_injection_mould_manufacturers\" >Welches sind die besten Hersteller von Kunststoffspritzgussformen?<\/a><\/li><li class='ez-toc-page-1 ez-toc-heading-level-3'><a class=\"ez-toc-link ez-toc-heading-3\" href=\"https:\/\/plas.co\/de\/formenhersteller\/#Where_can_we_find_injection_molded_plastic_part_manufacturers\" >Wo k\u00f6nnen wir Hersteller von Spritzgussteilen aus Kunststoff finden?<\/a><\/li><li class='ez-toc-page-1 ez-toc-heading-level-3'><a class=\"ez-toc-link ez-toc-heading-4\" href=\"https:\/\/plas.co\/de\/formenhersteller\/#What_is_a_reasonable_cost_for_a_plastic_injection_moold\" >Was ist ein angemessener Preis f\u00fcr eine Kunststoffspritzgussform?<\/a><\/li><\/ul><\/li><\/ul><\/nav><\/div>\n<h2><span class=\"ez-toc-section\" id=\"What_is_plastic_Injection_Mould\"><\/span>Was ist Kunststoff-Spritzgie\u00dfen?<span class=\"ez-toc-section-end\"><\/span><\/h2>\n<p><a href=\"http:\/\/plas.co\/de\/\">Kunststoff-Spritzgussform<\/a> ist ein Werkzeug oder eine Matrize, die zur Herstellung von Kunststoffteilen in gro\u00dfen Mengen im Spritzgussverfahren verwendet wird. Es besteht in der Regel aus Stahl oder Aluminium und ist darauf ausgelegt, eine bestimmte Form oder Geometrie f\u00fcr das Kunststoffteil zu schaffen. Die <a href=\"https:\/\/www.plasticmold.net\/what-is-plastic-mold-technology\/\" target=\"_blank\" rel=\"noopener\">Spritzgussform<\/a> besteht aus zwei H\u00e4lften (einer festen und einer beweglichen H\u00e4lfte), die mit Hilfe eines Formboden- oder Plattensystems ge\u00f6ffnet und geschlossen werden k\u00f6nnen.<\/p>\n<p>Die Form wird zun\u00e4chst mit computergest\u00fctzter Konstruktionssoftware (CAD) wie UG, PRO\/e, SOLIDWORKS usw. entworfen und dann mit computergest\u00fctzten Fertigungstechniken (CAM) wie CNC-Bearbeitung, Funkenerosion (EDM) oder Drahtschneiden hergestellt. Der Prozess der Formkonstruktion und -herstellung kann komplex sein und erfordert ein hohes Ma\u00df an Fachwissen und Pr\u00e4zision, um sicherzustellen, dass die Form qualitativ hochwertige Teile produziert, die den gew\u00fcnschten Spezifikationen entsprechen.<\/p>\n<p>Kunststoff-Spritzgie\u00dfformen k\u00f6nnen f\u00fcr die Herstellung einer Vielzahl von Kunststoffteilen verwendet werden, von kleinen und einfachen Teilen bis hin zu gro\u00dfen und komplexen Teilen mit komplizierten Geometrien. Die Formen k\u00f6nnen auch zur Herstellung von Teilen aus einer Vielzahl von Materialien verwendet werden, darunter Thermoplaste, Duroplaste und Elastomere.<\/p>\n<div id=\"attachment_701\" style=\"width: 410px\" class=\"wp-caption alignright\"><a href=\"http:\/\/plas.co\/wp-content\/uploads\/2020\/01\/plastic-injection-mold.jpg\"><img decoding=\"async\" aria-describedby=\"caption-attachment-701\" class=\"wp-image-701 size-full\" src=\"http:\/\/plas.co\/wp-content\/uploads\/2020\/01\/plastic-injection-mold.jpg\" alt=\"Formenhersteller\" width=\"400\" height=\"300\" srcset=\"https:\/\/plas.co\/wp-content\/uploads\/2020\/01\/plastic-injection-mold.jpg 400w, https:\/\/plas.co\/wp-content\/uploads\/2020\/01\/plastic-injection-mold-300x225.jpg 300w\" sizes=\"(max-width: 400px) 100vw, 400px\" \/><\/a><p id=\"caption-attachment-701\" class=\"wp-caption-text\">Formenhersteller<\/p><\/div>\n<h3><span class=\"ez-toc-section\" id=\"What_are_the_best_plastic_injection_mould_manufacturers\"><\/span>Welches sind die besten Hersteller von Kunststoffspritzgussformen?<span class=\"ez-toc-section-end\"><\/span><\/h3>\n<p>Bei der Auswahl eines <em>Hersteller von Kunststoff-Spritzgussformen<\/em>Wenn Sie sich f\u00fcr ein Unternehmen entscheiden, sollten Sie unbedingt Faktoren wie Erfahrung, Fachwissen, Produktionskapazit\u00e4ten, Qualit\u00e4tskontrollma\u00dfnahmen und Kundendienst ber\u00fccksichtigen. Sie sollten auch den geografischen Standort, die Preisgestaltung und die Vorlaufzeiten ber\u00fccksichtigen.<\/p>\n<p>Um den richtigen Hersteller von Kunststoff-Spritzgie\u00dfwerkzeugen f\u00fcr Ihre speziellen Anforderungen zu finden, sollten Sie im Internet recherchieren, Branchenkollegen um Empfehlungen bitten oder an Messen und Konferenzen teilnehmen, um mit potenziellen Lieferanten in Kontakt zu treten. Wichtig ist auch, dass Sie Ihre Projektanforderungen klar und deutlich kommunizieren, um sicherzustellen, dass der Formenhersteller die bestm\u00f6glichen Ergebnisse liefern kann.<\/p>\n<h3><span class=\"ez-toc-section\" id=\"Where_can_we_find_injection_molded_plastic_part_manufacturers\"><\/span>Wo k\u00f6nnen wir Hersteller von Spritzgussteilen aus Kunststoff finden?<span class=\"ez-toc-section-end\"><\/span><\/h3>\n<p>Sobald Sie ein Projekt, das Kunststoff-Formteile ben\u00f6tigen, das erste, was ist die Suche nach Form-Hersteller, um diese f\u00fcr Ihre, China wird die Nummer eins f\u00fcr Ihr Projekt, aber wie man Kunststoff-Form-Hersteller in China wird Ihre Sorge, unten gibt es mehrere M\u00f6glichkeiten, um zu finden <em>Hersteller von Spritzgussteilen aus Kunststoff<\/em>:<\/p>\n<ol>\n<li>Online-Verzeichnisse: Es gibt viele Online-Verzeichnisse, die Hersteller von Kunststoff-Spritzgie\u00dfwerkzeugen auflisten, wie z. B. Alibaba. In diesen Verzeichnissen k\u00f6nnen Sie nach Herstellern auf der Grundlage von Standort, Branche oder anderen Kriterien suchen, aber wie k\u00f6nnen Sie \u00fcberpr\u00fcfen, ob es gute Spritzgussunternehmen gibt? Sie m\u00fcssen mehr sorgf\u00e4ltig zu pr\u00fcfen, weil auf dieser Plattform ist komplexer.<\/li>\n<li>Fachmessen und Konferenzen: Die Teilnahme an Branchenmessen und -konferenzen kann eine hervorragende M\u00f6glichkeit sein, mit Kunststoffspritzgussherstellern in Kontakt zu treten und mehr \u00fcber deren F\u00e4higkeiten und Dienstleistungen zu erfahren.<\/li>\n<li>Empfehlungen und Verweise: Bitten Sie Kollegen oder Branchenkollegen um Empfehlungen f\u00fcr Spritzgie\u00dfer, mit denen sie in der Vergangenheit zusammengearbeitet haben und denen sie vertrauen.<\/li>\n<li>Lokale Ressourcen: Erkundigen Sie sich bei lokalen Wirtschaftsverb\u00e4nden oder Industriegruppen, ob sie eine Liste von Kunststoffspritzgussherstellern in Ihrer Gegend haben.<\/li>\n<li>Suchmaschinen: F\u00fchren Sie eine Suchmaschinensuche nach \"Spritzgusshersteller\" oder \u00e4hnlichen Schl\u00fcsselw\u00f6rtern durch, um eine Liste von potenziellen <a href=\"http:\/\/plas.co\/de\/\">Formenlieferanten<\/a>.<\/li>\n<\/ol>\n<h3><span class=\"ez-toc-section\" id=\"What_is_a_reasonable_cost_for_a_plastic_injection_moold\"><\/span>Was ist ein angemessener Preis f\u00fcr eine Kunststoffspritzgussform?<span class=\"ez-toc-section-end\"><\/span><\/h3>\n<p>Die Kosten f\u00fcr eine Kunststoff-Spritzgie\u00dfform k\u00f6nnen stark variieren und h\u00e4ngen von Faktoren wie der Komplexit\u00e4t des Teils, der Gr\u00f6\u00dfe der Form, dem verwendeten Material und dem Produktionsvolumen ab. Im Allgemeinen sind Formen f\u00fcr kleinere Teile mit einfachen Geometrien und geringeren Produktionsmengen preiswerter als Formen f\u00fcr gr\u00f6\u00dfere, komplexere Teile mit h\u00f6heren Produktionsmengen.<\/p>\n<p>Ein einfaches Spritzgie\u00dfwerkzeug f\u00fcr ein kleines Kunststoffteil kann zwischen einigen Tausend und Zehntausenden von Dollar kosten, w\u00e4hrend ein komplexeres Werkzeug f\u00fcr ein gro\u00dfes Teil mit komplizierten Geometrien $100.000 oder mehr kosten kann.<\/p>\n<p>Es ist wichtig zu bedenken, dass die Kosten f\u00fcr die Form nur ein Faktor bei den Gesamtkosten des Kunststoffteils sind. Andere zu ber\u00fccksichtigende Kosten sind Materialkosten, Arbeitskosten und Gemeinkosten. Au\u00dferdem ist es wichtig, einen seri\u00f6sen und erfahrenen <em>Formenhersteller<\/em> die eine qualitativ hochwertige Form liefern k\u00f6nnen, die Ihren Anforderungen entspricht.<\/p>\n<p>Wenn Sie ein Projekt, das China Kunststoff-Formenbau Unternehmen zu unterst\u00fctzen, willkommen zu kontaktieren, werden wir Ihnen den besten Preis, Schimmel Preis so niedrig wie $500, je nach Teil Gr\u00f6\u00dfe und Funktionen.<\/p>\n<p>Sincere Tech Kunststoffformenhersteller hat immer darauf bestanden, die Kunden mit professioneller Technologie und guter Ausr\u00fcstung in den Aspekten der Formenentwicklung, Herstellung und Einspritzung zu befriedigen. Wir haben fortschrittliche Verarbeitungsausr\u00fcstung aus dem Ausland eingef\u00fchrt, die CAD\/CAE\/CAM-System, dreidimensionale Messmaschine, Hochgeschwindigkeitsfr\u00e4sen, CNC-Bearbeitungszentrum, CNC-Elektrofunken umfasst, um die Formtechnologie, Herstellung und Qualit\u00e4t zu gew\u00e4hrleisten. Wir k\u00f6nnen von kleinen Pr\u00e4zisionsformen bis hin zu gro\u00dfen Formen f\u00fcr Autoteile und gro\u00dfe Containerformen produzieren.<\/p>\n<p>Bei Sincere Tech wird Ihr Produkt durch ein effektives Projektmanagement, das die Kosten reduziert und Ihre Produkte in k\u00fcrzester Zeit auf dem Markt erscheinen l\u00e4sst.<\/p>\n<\/div><\/section>","protected":false},"excerpt":{"rendered":"","protected":false},"author":1,"featured_media":603,"parent":0,"menu_order":0,"comment_status":"open","ping_status":"open","template":"","meta":{"footnotes":""},"class_list":["post-125","page","type-page","status-publish","has-post-thumbnail","hentry"],"_links":{"self":[{"href":"https:\/\/plas.co\/de\/wp-json\/wp\/v2\/pages\/125","targetHints":{"allow":["GET"]}}],"collection":[{"href":"https:\/\/plas.co\/de\/wp-json\/wp\/v2\/pages"}],"about":[{"href":"https:\/\/plas.co\/de\/wp-json\/wp\/v2\/types\/page"}],"author":[{"embeddable":true,"href":"https:\/\/plas.co\/de\/wp-json\/wp\/v2\/users\/1"}],"replies":[{"embeddable":true,"href":"https:\/\/plas.co\/de\/wp-json\/wp\/v2\/comments?post=125"}],"version-history":[{"count":0,"href":"https:\/\/plas.co\/de\/wp-json\/wp\/v2\/pages\/125\/revisions"}],"wp:featuredmedia":[{"embeddable":true,"href":"https:\/\/plas.co\/de\/wp-json\/wp\/v2\/media\/603"}],"wp:attachment":[{"href":"https:\/\/plas.co\/de\/wp-json\/wp\/v2\/media?parent=125"}],"curies":[{"name":"wp","href":"https:\/\/api.w.org\/{rel}","templated":true}]}}