{"id":146,"date":"2014-09-20T19:04:21","date_gmt":"2014-09-20T11:04:21","guid":{"rendered":"http:\/\/andy-mold.com\/?page_id=146"},"modified":"2016-02-14T14:13:57","modified_gmt":"2016-02-14T06:13:57","slug":"projektleitung","status":"publish","type":"page","link":"https:\/\/plas.co\/de\/engineering\/projektleitung\/","title":{"rendered":"Projektleitung"},"content":{"rendered":"<p>Andy Mould verf\u00fcgt \u00fcber ein Team von Projektingenieuren f\u00fcr die Verwaltung von Kunststoffspritzgussprojekten. Dieses Team verf\u00fcgt \u00fcber einen vielseitigen technologischen Hintergrund, nicht nur im Bereich Kunststoff, sondern auch Metall und Elektronik. Jedes Projekt wird von einem erfahrenen Projektingenieur begleitet, der als Teamleiter f\u00fcr die Projektentwicklung, die technische Unterst\u00fctzung des Kunden, die Qualit\u00e4tskontrolle und die abteilungs\u00fcbergreifende Koordinierung w\u00e4hrend des gesamten Entwicklungsprozesses zust\u00e4ndig ist.<br \/>\n<b>Arbeitsroutine<\/b><br \/>\nW\u00f6chentliche Aktualisierung f\u00fcr den Kunden<br \/>\nKonsistente Verfolgung der Meilensteine der Werkzeugerstellung<br \/>\nT\u00e4gliche Kommunikation f\u00fcr alle Probleme<br \/>\nAbschluss des Projekts durch Massenproduktion oder Werkzeuglieferung<\/p>\n<p>In diesen drei Phasen ist die schriftliche Zustimmung unseres Kunden erforderlich:<br \/>\nGenehmigung der Formgebung<br \/>\nMusterzulassung<br \/>\nLieferung und Genehmigung von Formen<\/p>\n<p><b>Nach dem Verkauf<\/b><br \/>\nErsatzteile k\u00f6nnen nach dem Verkauf geliefert werden<br \/>\nTechnische Vorschl\u00e4ge auf Kundenwunsch verf\u00fcgbar<\/p>","protected":false},"excerpt":{"rendered":"<p>Plastic injection mould projects management, Andy Mould has a project engineering team. This team has multi-backgrounds of technologies, not only in plastic, but also metal and electronics. Each project will be followed by a experienced project engineer, who will conduct as the team leader of project development, customer technical support, quality control, cross-department coordinate during [&hellip;]<\/p>\n","protected":false},"author":1,"featured_media":0,"parent":22,"menu_order":0,"comment_status":"open","ping_status":"open","template":"","meta":{"footnotes":""},"class_list":["post-146","page","type-page","status-publish","hentry"],"_links":{"self":[{"href":"https:\/\/plas.co\/de\/wp-json\/wp\/v2\/pages\/146","targetHints":{"allow":["GET"]}}],"collection":[{"href":"https:\/\/plas.co\/de\/wp-json\/wp\/v2\/pages"}],"about":[{"href":"https:\/\/plas.co\/de\/wp-json\/wp\/v2\/types\/page"}],"author":[{"embeddable":true,"href":"https:\/\/plas.co\/de\/wp-json\/wp\/v2\/users\/1"}],"replies":[{"embeddable":true,"href":"https:\/\/plas.co\/de\/wp-json\/wp\/v2\/comments?post=146"}],"version-history":[{"count":0,"href":"https:\/\/plas.co\/de\/wp-json\/wp\/v2\/pages\/146\/revisions"}],"up":[{"embeddable":true,"href":"https:\/\/plas.co\/de\/wp-json\/wp\/v2\/pages\/22"}],"wp:attachment":[{"href":"https:\/\/plas.co\/de\/wp-json\/wp\/v2\/media?parent=146"}],"curies":[{"name":"wp","href":"https:\/\/api.w.org\/{rel}","templated":true}]}}