{"id":15,"date":"2014-09-20T14:09:15","date_gmt":"2014-09-20T06:09:15","guid":{"rendered":"http:\/\/andy-mold.com\/?page_id=15"},"modified":"2024-03-23T23:37:06","modified_gmt":"2024-03-23T15:37:06","slug":"unternehmen","status":"publish","type":"page","link":"https:\/\/plas.co\/de\/unternehmen\/","title":{"rendered":"\u00dcber uns"},"content":{"rendered":"<section  class='av_textblock_section av-lehbcujc-e36697ed1bea52a8cb8c1afa77e72bd4'   itemscope=\"itemscope\" itemtype=\"https:\/\/schema.org\/CreativeWork\" ><div class='avia_textblock'  itemprop=\"text\" ><div id=\"ez-toc-container\" class=\"ez-toc-v2_0_82_2 counter-hierarchy ez-toc-counter ez-toc-grey ez-toc-container-direction\">\n<div class=\"ez-toc-title-container\">\n<p class=\"ez-toc-title\" style=\"cursor:inherit\">Inhalts\u00fcbersicht<\/p>\n<span class=\"ez-toc-title-toggle\"><a href=\"#\" class=\"ez-toc-pull-right ez-toc-btn ez-toc-btn-xs ez-toc-btn-default ez-toc-toggle\" aria-label=\"Inhaltsverzeichnis umschalten\"><span class=\"ez-toc-js-icon-con\"><span class=\"\"><span class=\"eztoc-hide\" style=\"display:none;\">Umschalten auf<\/span><span class=\"ez-toc-icon-toggle-span\"><svg style=\"fill: #999;color:#999\" xmlns=\"http:\/\/www.w3.org\/2000\/svg\" class=\"list-377408\" width=\"20px\" height=\"20px\" viewbox=\"0 0 24 24\" fill=\"none\"><path d=\"M6 6H4v2h2V6zm14 0H8v2h12V6zM4 11h2v2H4v-2zm16 0H8v2h12v-2zM4 16h2v2H4v-2zm16 0H8v2h12v-2z\" fill=\"currentColor\"><\/path><\/svg><svg style=\"fill: #999;color:#999\" class=\"arrow-unsorted-368013\" xmlns=\"http:\/\/www.w3.org\/2000\/svg\" width=\"10px\" height=\"10px\" viewbox=\"0 0 24 24\" version=\"1.2\" baseprofile=\"tiny\"><path d=\"M18.2 9.3l-6.2-6.3-6.2 6.3c-.2.2-.3.4-.3.7s.1.5.3.7c.2.2.4.3.7.3h11c.3 0 .5-.1.7-.3.2-.2.3-.5.3-.7s-.1-.5-.3-.7zM5.8 14.7l6.2 6.3 6.2-6.3c.2-.2.3-.5.3-.7s-.1-.5-.3-.7c-.2-.2-.4-.3-.7-.3h-11c-.3 0-.5.1-.7.3-.2.2-.3.5-.3.7s.1.5.3.7z\"\/><\/svg><\/span><\/span><\/span><\/a><\/span><\/div>\n<nav><ul class='ez-toc-list ez-toc-list-level-1' ><li class='ez-toc-page-1 ez-toc-heading-level-2'><a class=\"ez-toc-link ez-toc-heading-1\" href=\"https:\/\/plas.co\/de\/unternehmen\/#Plastic_Mold_Company_In_China_All_in_one_service\" >Kunststoffform Unternehmen in China: Alles in einem Service<\/a><ul class='ez-toc-list-level-3' ><li class='ez-toc-heading-level-3'><a class=\"ez-toc-link ez-toc-heading-2\" href=\"https:\/\/plas.co\/de\/unternehmen\/#Our_plastic_mold_company_services_include\" >Unsere Dienstleistungen im Bereich Kunststoffformen umfassen:<\/a><ul class='ez-toc-list-level-4' ><li class='ez-toc-heading-level-4'><a class=\"ez-toc-link ez-toc-heading-3\" href=\"https:\/\/plas.co\/de\/unternehmen\/#Our_product_development_services_include\" >Unsere Produktentwicklungsdienste umfassen:<\/a><\/li><\/ul><\/li><li class='ez-toc-page-1 ez-toc-heading-level-3'><a class=\"ez-toc-link ez-toc-heading-4\" href=\"https:\/\/plas.co\/de\/unternehmen\/#We_supply_the_following_for_the_final_stage_of_assembly\" >F\u00fcr die Endmontage liefern wir Folgendes:<\/a><\/li><\/ul><\/li><\/ul><\/nav><\/div>\n<h2><span class=\"ez-toc-section\" id=\"Plastic_Mold_Company_In_China_All_in_one_service\"><\/span>Kunststoffform Unternehmen in China: Alles in einem Service<span class=\"ez-toc-section-end\"><\/span><\/h2>\n<p>Das chinesische Unternehmen Plas.co (Sincere Tech) stellt hervorragende Kunststoffformen her. Das Unternehmen bietet kundenspezifischen Formenbau, Spritzguss, Teiledesign, Prototyping, Tests, Druckguss, maschinelle Bearbeitung, Silikonformung, Montage und mehr. Wir hei\u00dfen Sie willkommen.<\/p>\n<p>Plas.co Kunststoffformenbau ist stolz auf seine Qualit\u00e4t, Innovation und Kundenzufriedenheit. Unsere qualifizierten Ingenieure und Techniker verwenden die neuesten Technologien und Methoden, um sicherzustellen, dass jedes Projekt die Erwartungen der Kunden erf\u00fcllt oder \u00fcbertrifft.<\/p>\n<p>Wir entwerfen und bauen hochwertige Kunststoffspritzgussformen, Druckgussformen und Silikonformteile, aber wir bieten auch die Montage an. Vom Konzept bis zur Lieferung k\u00f6nnen wir Sie unterst\u00fctzen. Dazu geh\u00f6ren Prototyping, Tests, Re-Prototyping, PCB-Montage, Kabelschwei\u00dfen, Inspektion, Produktion und Pr\u00fcfung.<\/p>\n<h3><span class=\"ez-toc-section\" id=\"Our_plastic_mold_company_services_include\"><\/span><span lang=\"EN-US\">Unsere Dienstleistungen im Bereich Kunststoffformen umfassen:<\/span><span class=\"ez-toc-section-end\"><\/span><\/h3>\n<p>Ganz gleich, ob Sie eine Form f\u00fcr den Spritzguss, den Druckguss oder den Silikonguss ben\u00f6tigen, unser Formenbauunternehmen ist f\u00fcr Sie da. Unser Unternehmen bietet umfassende Dienstleistungen im Formenbau an. Die Formen k\u00f6nnen nach Ihren genauen Spezifikationen und unter Verwendung modernster Fertigungstechniken hergestellt werden, so dass wir Ihnen versichern k\u00f6nnen, dass Ihr Projekt von h\u00f6chster Qualit\u00e4t sein wird.<\/p>\n<p>Komponenten im Spritzgussverfahren: Wir sind branchenf\u00fchrend in der Herstellung hochwertiger, kundenspezifisch geformter Kunststoffteile f\u00fcr viele verschiedene Bereiche. Sie k\u00f6nnen sich darauf verlassen, dass unser Expertenteam aus Technikern und Ingenieuren Ihnen w\u00e4hrend des gesamten Prozesses zur Seite steht, von der Ideenfindung bis zur Lieferung.<\/p>\n<p>Unser Unternehmen bietet individuelle Druckgussdienstleistungen an, angefangen bei der Konstruktion der Gussform \u00fcber die Produktion bis hin zur Endbearbeitung und dar\u00fcber hinaus. Wir setzen modernste Technologien und Methoden ein, um sicherzustellen, dass Ihr Projekt den h\u00f6chsten Standards entspricht, was unser Engagement widerspiegelt, unseren Kunden den besten Service und die beste Qualit\u00e4t zu bieten.<\/p>\n<p>Unsere hochmodernen Fr\u00e4s- und Drehmaschinen eignen sich hervorragend f\u00fcr die Herstellung von Pr\u00e4zisionskomponenten und -teilen f\u00fcr viele verschiedene Unternehmen. Durch den Einsatz modernster Werkzeuge und Techniken f\u00fchren wir jedes Projekt in h\u00f6chster Qualit\u00e4t aus. Dies beweist, dass wir unseren Kunden den bestm\u00f6glichen Service bieten wollen.<\/p>\n<p>Wir sind ein spezialisiertes Unternehmen, das hochwertige Silikonformteile f\u00fcr viele verschiedene Branchen herstellt. Sie k\u00f6nnen sich darauf verlassen, dass unser Expertenteam aus Technikern und Ingenieuren Ihnen w\u00e4hrend des gesamten Prozesses zur Seite steht, von der Ideenfindung bis zur Lieferung.<\/p>\n<p>Die Herstellung von Gussformen, Silikonformen, mechanische Bearbeitung, Druckguss, Produktentwicklung und Endmontage sind nur einige der zahlreichen Fertigungsdienstleistungen, die unser Unternehmen anbietet.<\/p>\n<p>Unser professionelles Team von Designern und Technikern kann Ihr Produkt von der Idee bis zur Fertigstellung begleiten. Da wir modernste Technologien und Verfahren einsetzen, k\u00f6nnen Sie sich darauf verlassen, dass das Endprodukt in jeder Hinsicht einwandfrei sein wird. Und schlie\u00dflich arbeiten wir von Anfang bis Ende eng mit unseren Kunden zusammen, um ihre Anforderungen zu erf\u00fcllen.<\/p>\n<h4><span class=\"ez-toc-section\" id=\"Our_product_development_services_include\"><\/span><span lang=\"EN-US\">Unsere Produktentwicklungsdienste umfassen:<\/span><span class=\"ez-toc-section-end\"><\/span><\/h4>\n<p>Am Anfang steht das Konzept: Mit unseren umfassenden Designdienstleistungen k\u00f6nnen wir alle Ihre Bed\u00fcrfnisse erf\u00fcllen und Ihre Tr\u00e4ume Wirklichkeit werden lassen.<\/p>\n<p>Prototyping: Mit unseren Prototyping-Diensten k\u00f6nnen Sie Ihr Produkt testen, bevor es auf den Markt kommt. Auf diese Weise k\u00f6nnen Sie sicherstellen, dass Ihr Produkt alle Ihre Anforderungen erf\u00fcllt und Probleme vermieden werden.<\/p>\n<p>Werkzeugbau: Wir k\u00f6nnen Ihnen helfen, Ihr Produkt in gro\u00dfem Ma\u00dfstab herzustellen, indem wir ma\u00dfgeschneiderte Strategien f\u00fcr den Werkzeugbau anbieten. Auf diese Weise wird sichergestellt, dass Ihr Produkt von h\u00f6chster Qualit\u00e4t ist und mit Sorgfalt hergestellt wurde.<\/p>\n<p>Herstellung: Spritzgie\u00dfen, Druckguss, maschinelle Bearbeitung und Silikonformen sind nur einige der vielen Verfahren, die unsere Fertigungsdienstleistungen ausmachen. Damit ist sichergestellt, dass wir Ihnen eine umfassende Fertigungsl\u00f6sung anbieten k\u00f6nnen.<\/p>\n<h3><span class=\"ez-toc-section\" id=\"We_supply_the_following_for_the_final_stage_of_assembly\"><\/span>F\u00fcr die Endmontage liefern wir Folgendes:<span class=\"ez-toc-section-end\"><\/span><\/h3>\n<p>Montage von Teilen: Wir k\u00f6nnen Komponenten zu einem Ganzen zusammenf\u00fcgen. Jede Komponente wird wie vorgesehen funktionieren, und wir versprechen, dass das Endergebnis besser sein wird, als Sie es sich erhofft haben.<\/p>\n<p>Pr\u00fcfung: Wir k\u00f6nnen Ihr fertiges Produkt unserem Pr\u00fcfverfahren unterziehen, um zu garantieren, dass es dem Standard entspricht und Ihre Anforderungen erf\u00fcllt.<\/p>\n<p>Zertifikat: Wir k\u00f6nnen elektronische Produkte herstellen, die die Anforderungen internationaler Zertifizierungsstellen wie CE, ETL oder FCC erf\u00fcllen.<\/p>\n<p>Verpackung: Wir k\u00f6nnen Ihr fertiges Produkt genau so verpacken, wie Sie es w\u00fcnschen, so dass Sie sicher sein k\u00f6nnen, dass es unbesch\u00e4digt am Zielort ankommt.<\/p>\n<p>Das Ziel von Plas.co ist es, unseren Kunden einen umfassenden Service zu bieten, der mit der Produktentwicklung beginnt und mit der Endmontage endet. Wenn Sie Fragen dazu haben, wie wir Sie bei Ihrem n\u00e4chsten Projekt unterst\u00fctzen k\u00f6nnen, kontaktieren Sie uns bitte unverz\u00fcglich.<\/p>\n<div id=\"attachment_394\" style=\"width: 4762px\" class=\"wp-caption aligncenter\"><a href=\"http:\/\/plas.co\/wp-content\/uploads\/2016\/02\/IMG_9539.jpg\"><img decoding=\"async\" aria-describedby=\"caption-attachment-394\" class=\"wp-image-394 size-full\" src=\"http:\/\/plas.co\/wp-content\/uploads\/2016\/02\/IMG_9539.jpg\" alt=\"Firma f\u00fcr Plastikformen\" width=\"4752\" height=\"3168\" srcset=\"https:\/\/plas.co\/wp-content\/uploads\/2016\/02\/IMG_9539.jpg 4752w, https:\/\/plas.co\/wp-content\/uploads\/2016\/02\/IMG_9539-300x200.jpg 300w, https:\/\/plas.co\/wp-content\/uploads\/2016\/02\/IMG_9539-768x512.jpg 768w, https:\/\/plas.co\/wp-content\/uploads\/2016\/02\/IMG_9539-1024x683.jpg 1024w\" sizes=\"(max-width: 4752px) 100vw, 4752px\" \/><\/a><p id=\"caption-attachment-394\" class=\"wp-caption-text\">Firma f\u00fcr Plastikformen<\/p><\/div>\n<\/div><\/section>","protected":false},"excerpt":{"rendered":"","protected":false},"author":1,"featured_media":836,"parent":0,"menu_order":0,"comment_status":"open","ping_status":"open","template":"","meta":{"footnotes":""},"class_list":["post-15","page","type-page","status-publish","has-post-thumbnail","hentry"],"_links":{"self":[{"href":"https:\/\/plas.co\/de\/wp-json\/wp\/v2\/pages\/15","targetHints":{"allow":["GET"]}}],"collection":[{"href":"https:\/\/plas.co\/de\/wp-json\/wp\/v2\/pages"}],"about":[{"href":"https:\/\/plas.co\/de\/wp-json\/wp\/v2\/types\/page"}],"author":[{"embeddable":true,"href":"https:\/\/plas.co\/de\/wp-json\/wp\/v2\/users\/1"}],"replies":[{"embeddable":true,"href":"https:\/\/plas.co\/de\/wp-json\/wp\/v2\/comments?post=15"}],"version-history":[{"count":0,"href":"https:\/\/plas.co\/de\/wp-json\/wp\/v2\/pages\/15\/revisions"}],"wp:featuredmedia":[{"embeddable":true,"href":"https:\/\/plas.co\/de\/wp-json\/wp\/v2\/media\/836"}],"wp:attachment":[{"href":"https:\/\/plas.co\/de\/wp-json\/wp\/v2\/media?parent=15"}],"curies":[{"name":"wp","href":"https:\/\/api.w.org\/{rel}","templated":true}]}}