{"id":22,"date":"2014-09-20T14:35:50","date_gmt":"2014-09-20T06:35:50","guid":{"rendered":"http:\/\/andy-mold.com\/?page_id=22"},"modified":"2020-01-04T00:41:06","modified_gmt":"2020-01-03T16:41:06","slug":"engineering","status":"publish","type":"page","link":"https:\/\/plas.co\/de\/engineering\/","title":{"rendered":"Ingenieurwesen"},"content":{"rendered":"<p><strong>A <\/strong>Ein gutes Design ist das Herzst\u00fcck einer Form, und Andy Mould legt besonderes Augenmerk auf die Konstruktion der Form, die K\u00fchlkan\u00e4le und die beweglichen Mechanismen, um sicherzustellen, dass Ihre Form Teile von h\u00f6chster Qualit\u00e4t bei minimalem Zyklus liefert. Die erfahrenen Ingenieure von Andy Mould entwerfen gute und kosteng\u00fcnstige Formen und helfen dem Kunden bei der L\u00f6sung von Problemen mit der Struktur und Funktion der Produkte.<\/p>\n<p>professionelle Vorschl\u00e4ge zu Ihrer neuen Produktentwicklung.<\/p>\n<p>Verwendete Software<br \/>\nAuto CAD, Pro\/E, UG, Solid Works,<\/p>\n<p>Wir f\u00fchren auch Mold-Flow-Analysen w\u00e4hrend der Entwicklungsphase unserer Formen durch.<br \/>\nVerfahren zur Konstruktion von Formen<\/p>\n<p>1. Treffen vor dem Entwurf<\/p>\n<p>2. Entwurf entsprechend der Schlussfolgerung und \u00dcberpr\u00fcfung durch den Designmanager<\/p>\n<p>3. An den Kunden senden, um zu best\u00e4tigen und zu analysieren<\/p>\n<p>4. Besprechen Sie mit dem Kunden, ob es Probleme gibt<\/p>\n<p>5. Erstellung des endg\u00fcltigen Entwurfs nach Genehmigung<\/p>\n<p><img decoding=\"async\" class=\"alignleft wp-image-405 size-full\" src=\"http:\/\/plas.co\/wp-content\/uploads\/2014\/09\/IMG_1560.jpg\" alt=\"Abteilung Design\" width=\"1152\" height=\"768\" srcset=\"https:\/\/plas.co\/wp-content\/uploads\/2014\/09\/IMG_1560.jpg 1152w, https:\/\/plas.co\/wp-content\/uploads\/2014\/09\/IMG_1560-300x200.jpg 300w, https:\/\/plas.co\/wp-content\/uploads\/2014\/09\/IMG_1560-768x512.jpg 768w, https:\/\/plas.co\/wp-content\/uploads\/2014\/09\/IMG_1560-1024x683.jpg 1024w\" sizes=\"(max-width: 1152px) 100vw, 1152px\" \/><\/p>","protected":false},"excerpt":{"rendered":"<p>A good design is the heart of a mould, and Andy Mould pays special attention to the mould construction, cooling channels and moving mechanisms to ensure the highest quality parts are delivered from your mould at the minimum cycle. The\u00a0experienced\u00a0engineers\u00a0from\u00a0Andy Mould\u00a0would\u00a0make\u00a0the\u00a0good\u00a0and\u00a0low cost\u00a0mold\u00a0design\u00a0\u00a0and\u00a0help\u00a0customer\u00a0to\u00a0solve\u00a0the\u00a0issues\u00a0in\u00a0structure\u00a0and\u00a0function\u00a0to\u00a0the\u00a0products,\u00a0also professional \u00a0suggestions\u00a0to\u00a0your\u00a0new\u00a0product\u00a0development. Software\u00a0we\u00a0using Auto\u00a0CAD,\u00a0Pro\/E,\u00a0UG,\u00a0Solid works, We also do Mold flow Analysis during our [&hellip;]<\/p>\n","protected":false},"author":1,"featured_media":0,"parent":0,"menu_order":0,"comment_status":"open","ping_status":"open","template":"","meta":{"footnotes":""},"class_list":["post-22","page","type-page","status-publish","hentry"],"_links":{"self":[{"href":"https:\/\/plas.co\/de\/wp-json\/wp\/v2\/pages\/22","targetHints":{"allow":["GET"]}}],"collection":[{"href":"https:\/\/plas.co\/de\/wp-json\/wp\/v2\/pages"}],"about":[{"href":"https:\/\/plas.co\/de\/wp-json\/wp\/v2\/types\/page"}],"author":[{"embeddable":true,"href":"https:\/\/plas.co\/de\/wp-json\/wp\/v2\/users\/1"}],"replies":[{"embeddable":true,"href":"https:\/\/plas.co\/de\/wp-json\/wp\/v2\/comments?post=22"}],"version-history":[{"count":0,"href":"https:\/\/plas.co\/de\/wp-json\/wp\/v2\/pages\/22\/revisions"}],"wp:attachment":[{"href":"https:\/\/plas.co\/de\/wp-json\/wp\/v2\/media?parent=22"}],"curies":[{"name":"wp","href":"https:\/\/api.w.org\/{rel}","templated":true}]}}