{"id":125,"date":"2014-09-20T18:16:39","date_gmt":"2014-09-20T10:16:39","guid":{"rendered":"http:\/\/andy-mold.com\/?page_id=125"},"modified":"2023-02-27T22:17:59","modified_gmt":"2023-02-27T14:17:59","slug":"fabricantes-de-moldes","status":"publish","type":"page","link":"https:\/\/plas.co\/es\/fabricantes-de-moldes\/","title":{"rendered":"Fabricante de moldes"},"content":{"rendered":"<style type=\"text\/css\" data-created_by=\"avia_inline_auto\" id=\"style-css-av-lel5bo9m-9db356ac3663fdf6d82633bde056ed2c\">\n#top .avia-gallery.av-lel5bo9m-9db356ac3663fdf6d82633bde056ed2c .avia-gallery-thumb a{\nwidth:25%;\n}\n<\/style>\n<div  class='avia-gallery av-lel5bo9m-9db356ac3663fdf6d82633bde056ed2c avia_animate_when_visible  avia-builder-el-0  el_before_av_textblock  avia-builder-el-first  avia_lazyload avia-gallery-animate avia-gallery-1'  itemprop=\"image\" itemscope=\"itemscope\" itemtype=\"https:\/\/schema.org\/ImageObject\" ><meta itemprop=\"contentURL\" content=\"https:\/\/plas.co\/es\/fabricantes-de-moldes\/\"><div class='avia-gallery-thumb'><a href=\"https:\/\/plas.co\/wp-content\/uploads\/2023\/02\/Measurement-machine.jpg\" data-srcset=\"https:\/\/plas.co\/wp-content\/uploads\/2023\/02\/Measurement-machine.jpg 640w, https:\/\/plas.co\/wp-content\/uploads\/2023\/02\/Measurement-machine-300x225.jpg 300w\" data-sizes=\"(max-width: 640px) 100vw, 640px\" data-rel='gallery-1' data-prev-img='https:\/\/plas.co\/wp-content\/uploads\/2023\/02\/Measurement-machine-495x400.jpg' class='first_thumb lightbox' data-onclick='1' title='M\u00e1quina de medici\u00f3n'  itemprop=\"thumbnailUrl\"  ><img decoding=\"async\" fetchpriority=\"high\" class=\"wp-image-954 avia-img-lazy-loading-not-954\"   src=\"https:\/\/plas.co\/wp-content\/uploads\/2023\/02\/Measurement-machine-495x400.jpg\" width=\"495\" height=\"400\"  title='M\u00e1quina de medici\u00f3n' alt='M\u00e1quina de medici\u00f3n' \/><div class='big-prev-fake'><img decoding=\"async\" loading=\"lazy\" class=\"wp-image-954 avia-img-lazy-loading-954\"  width=\"495\" height=\"400\" src=\"https:\/\/plas.co\/wp-content\/uploads\/2023\/02\/Measurement-machine-495x400.jpg\" title='M\u00e1quina de medici\u00f3n' alt='M\u00e1quina de medici\u00f3n' \/><\/div><\/a><a href=\"https:\/\/plas.co\/wp-content\/uploads\/2023\/02\/Mold-design-1030x773.jpg\" data-srcset=\"https:\/\/plas.co\/wp-content\/uploads\/2023\/02\/Mold-design-1030x773.jpg 1030w, https:\/\/plas.co\/wp-content\/uploads\/2023\/02\/Mold-design-300x225.jpg 300w, https:\/\/plas.co\/wp-content\/uploads\/2023\/02\/Mold-design-768x576.jpg 768w, https:\/\/plas.co\/wp-content\/uploads\/2023\/02\/Mold-design-1536x1152.jpg 1536w, https:\/\/plas.co\/wp-content\/uploads\/2023\/02\/Mold-design-2048x1536.jpg 2048w, https:\/\/plas.co\/wp-content\/uploads\/2023\/02\/Mold-design-1500x1125.jpg 1500w, https:\/\/plas.co\/wp-content\/uploads\/2023\/02\/Mold-design-705x529.jpg 705w\" data-sizes=\"(max-width: 1030px) 100vw, 1030px\" data-rel='gallery-1' data-prev-img='https:\/\/plas.co\/wp-content\/uploads\/2023\/02\/Mold-design-495x400.jpg' class='lightbox' data-onclick='2' title='Dise\u00f1o de moldes'  itemprop=\"thumbnailUrl\"  ><img decoding=\"async\" fetchpriority=\"high\" class=\"wp-image-955 avia-img-lazy-loading-not-955\"   src=\"https:\/\/plas.co\/wp-content\/uploads\/2023\/02\/Mold-design-495x400.jpg\" width=\"495\" height=\"400\"  title='Dise\u00f1o de moldes' alt='Dise\u00f1o de moldes' srcset=\"https:\/\/plas.co\/wp-content\/uploads\/2023\/02\/Mold-design-495x400.jpg 495w, https:\/\/plas.co\/wp-content\/uploads\/2023\/02\/Mold-design-845x684.jpg 845w\" sizes=\"(max-width: 495px) 100vw, 495px\" \/><div class='big-prev-fake'><img decoding=\"async\" loading=\"lazy\" class=\"wp-image-955 avia-img-lazy-loading-955\"  width=\"495\" height=\"400\" src=\"https:\/\/plas.co\/wp-content\/uploads\/2023\/02\/Mold-design-495x400.jpg\" title='Dise\u00f1o de moldes' alt='Dise\u00f1o de moldes' srcset=\"https:\/\/plas.co\/wp-content\/uploads\/2023\/02\/Mold-design-495x400.jpg 495w, https:\/\/plas.co\/wp-content\/uploads\/2023\/02\/Mold-design-845x684.jpg 845w\" sizes=\"auto, (max-width: 495px) 100vw, 495px\" \/><\/div><\/a><a href=\"https:\/\/plas.co\/wp-content\/uploads\/2023\/02\/Plastic-mold-company.jpg\" data-srcset=\"https:\/\/plas.co\/wp-content\/uploads\/2023\/02\/Plastic-mold-company.jpg 333w, https:\/\/plas.co\/wp-content\/uploads\/2023\/02\/Plastic-mold-company-300x225.jpg 300w\" data-sizes=\"(max-width: 333px) 100vw, 333px\" data-rel='gallery-1' data-prev-img='https:\/\/plas.co\/wp-content\/uploads\/2023\/02\/Plastic-mold-company.jpg' class='lightbox' data-onclick='3' title='Empresa de moldes de pl\u00e1stico'  itemprop=\"thumbnailUrl\"  ><img decoding=\"async\" fetchpriority=\"high\" class=\"wp-image-956 avia-img-lazy-loading-not-956\"   src=\"https:\/\/plas.co\/wp-content\/uploads\/2023\/02\/Plastic-mold-company.jpg\" width=\"333\" height=\"250\"  title='Empresa de moldes de pl\u00e1stico' alt='Empresa de moldes de pl\u00e1stico' srcset=\"https:\/\/plas.co\/wp-content\/uploads\/2023\/02\/Plastic-mold-company.jpg 333w, https:\/\/plas.co\/wp-content\/uploads\/2023\/02\/Plastic-mold-company-300x225.jpg 300w\" sizes=\"(max-width: 333px) 100vw, 333px\" \/><div class='big-prev-fake'><img decoding=\"async\" loading=\"lazy\" class=\"wp-image-956 avia-img-lazy-loading-956\"  width=\"333\" height=\"250\" src=\"https:\/\/plas.co\/wp-content\/uploads\/2023\/02\/Plastic-mold-company.jpg\" title='Empresa de moldes de pl\u00e1stico' alt='Empresa de moldes de pl\u00e1stico' srcset=\"https:\/\/plas.co\/wp-content\/uploads\/2023\/02\/Plastic-mold-company.jpg 333w, https:\/\/plas.co\/wp-content\/uploads\/2023\/02\/Plastic-mold-company-300x225.jpg 300w\" sizes=\"auto, (max-width: 333px) 100vw, 333px\" \/><\/div><\/a><a href=\"https:\/\/plas.co\/wp-content\/uploads\/2023\/02\/plastic-mold-maker.jpg\" data-srcset=\"https:\/\/plas.co\/wp-content\/uploads\/2023\/02\/plastic-mold-maker.jpg 640w, https:\/\/plas.co\/wp-content\/uploads\/2023\/02\/plastic-mold-maker-300x225.jpg 300w\" data-sizes=\"(max-width: 640px) 100vw, 640px\" data-rel='gallery-1' data-prev-img='https:\/\/plas.co\/wp-content\/uploads\/2023\/02\/plastic-mold-maker-495x400.jpg' class='lightbox' data-onclick='4' title='fabricante de moldes de pl\u00e1stico'  itemprop=\"thumbnailUrl\"  ><img decoding=\"async\" fetchpriority=\"high\" class=\"wp-image-957 avia-img-lazy-loading-not-957\"   src=\"https:\/\/plas.co\/wp-content\/uploads\/2023\/02\/plastic-mold-maker-495x400.jpg\" width=\"495\" height=\"400\"  title='fabricante de moldes de pl\u00e1stico' alt='fabricante de moldes de pl\u00e1stico' \/><div class='big-prev-fake'><img decoding=\"async\" loading=\"lazy\" class=\"wp-image-957 avia-img-lazy-loading-957\"  width=\"495\" height=\"400\" src=\"https:\/\/plas.co\/wp-content\/uploads\/2023\/02\/plastic-mold-maker-495x400.jpg\" title='fabricante de moldes de pl\u00e1stico' alt='fabricante de moldes de pl\u00e1stico' \/><\/div><\/a><a href=\"https:\/\/plas.co\/wp-content\/uploads\/2023\/02\/Plastic-molding-company.jpg\" data-srcset=\"https:\/\/plas.co\/wp-content\/uploads\/2023\/02\/Plastic-molding-company.jpg 333w, https:\/\/plas.co\/wp-content\/uploads\/2023\/02\/Plastic-molding-company-300x225.jpg 300w\" data-sizes=\"(max-width: 333px) 100vw, 333px\" data-rel='gallery-1' data-prev-img='https:\/\/plas.co\/wp-content\/uploads\/2023\/02\/Plastic-molding-company.jpg' class='first_thumb lightbox' data-onclick='5' title='fabricante de moldes'  itemprop=\"thumbnailUrl\"  ><img decoding=\"async\" fetchpriority=\"high\" class=\"wp-image-959 avia-img-lazy-loading-not-959\"   src=\"https:\/\/plas.co\/wp-content\/uploads\/2023\/02\/Plastic-molding-company.jpg\" width=\"333\" height=\"250\"  title='fabricante de moldes' alt='fabricante de moldes' srcset=\"https:\/\/plas.co\/wp-content\/uploads\/2023\/02\/Plastic-molding-company.jpg 333w, https:\/\/plas.co\/wp-content\/uploads\/2023\/02\/Plastic-molding-company-300x225.jpg 300w\" sizes=\"(max-width: 333px) 100vw, 333px\" \/><div class='big-prev-fake'><img decoding=\"async\" loading=\"lazy\" class=\"wp-image-959 avia-img-lazy-loading-959\"  width=\"333\" height=\"250\" src=\"https:\/\/plas.co\/wp-content\/uploads\/2023\/02\/Plastic-molding-company.jpg\" title='fabricante de moldes' alt='fabricante de moldes' srcset=\"https:\/\/plas.co\/wp-content\/uploads\/2023\/02\/Plastic-molding-company.jpg 333w, https:\/\/plas.co\/wp-content\/uploads\/2023\/02\/Plastic-molding-company-300x225.jpg 300w\" sizes=\"auto, (max-width: 333px) 100vw, 333px\" \/><\/div><\/a><a href=\"https:\/\/plas.co\/wp-content\/uploads\/2023\/02\/plastic-mould-company.jpg\" data-srcset=\"https:\/\/plas.co\/wp-content\/uploads\/2023\/02\/plastic-mould-company.jpg 640w, https:\/\/plas.co\/wp-content\/uploads\/2023\/02\/plastic-mould-company-300x225.jpg 300w\" data-sizes=\"(max-width: 640px) 100vw, 640px\" data-rel='gallery-1' data-prev-img='https:\/\/plas.co\/wp-content\/uploads\/2023\/02\/plastic-mould-company-495x400.jpg' class='lightbox' data-onclick='6' title='fabricante de moldes de pl\u00e1stico'  itemprop=\"thumbnailUrl\"  ><img decoding=\"async\" fetchpriority=\"high\" class=\"wp-image-960 avia-img-lazy-loading-not-960\"   src=\"https:\/\/plas.co\/wp-content\/uploads\/2023\/02\/plastic-mould-company-495x400.jpg\" width=\"495\" height=\"400\"  title='fabricante de moldes de pl\u00e1stico' alt='fabricante de moldes de pl\u00e1stico' \/><div class='big-prev-fake'><img decoding=\"async\" loading=\"lazy\" class=\"wp-image-960 avia-img-lazy-loading-960\"  width=\"495\" height=\"400\" src=\"https:\/\/plas.co\/wp-content\/uploads\/2023\/02\/plastic-mould-company-495x400.jpg\" title='fabricante de moldes de pl\u00e1stico' alt='fabricante de moldes de pl\u00e1stico' \/><\/div><\/a><a href=\"https:\/\/plas.co\/wp-content\/uploads\/2023\/02\/Plastic-mould-factory.jpg\" data-srcset=\"https:\/\/plas.co\/wp-content\/uploads\/2023\/02\/Plastic-mould-factory.jpg 640w, https:\/\/plas.co\/wp-content\/uploads\/2023\/02\/Plastic-mould-factory-300x225.jpg 300w\" data-sizes=\"(max-width: 640px) 100vw, 640px\" data-rel='gallery-1' data-prev-img='https:\/\/plas.co\/wp-content\/uploads\/2023\/02\/Plastic-mould-factory-495x400.jpg' class='lightbox' data-onclick='7' title='F\u00e1brica de moldes de pl\u00e1stico'  itemprop=\"thumbnailUrl\"  ><img decoding=\"async\" fetchpriority=\"high\" class=\"wp-image-961 avia-img-lazy-loading-not-961\"   src=\"https:\/\/plas.co\/wp-content\/uploads\/2023\/02\/Plastic-mould-factory-495x400.jpg\" width=\"495\" height=\"400\"  title='F\u00e1brica de moldes de pl\u00e1stico' alt='F\u00e1brica de moldes de pl\u00e1stico' \/><div class='big-prev-fake'><img decoding=\"async\" loading=\"lazy\" class=\"wp-image-961 avia-img-lazy-loading-961\"  width=\"495\" height=\"400\" src=\"https:\/\/plas.co\/wp-content\/uploads\/2023\/02\/Plastic-mould-factory-495x400.jpg\" title='F\u00e1brica de moldes de pl\u00e1stico' alt='F\u00e1brica de moldes de pl\u00e1stico' \/><\/div><\/a><a href=\"https:\/\/plas.co\/wp-content\/uploads\/2023\/02\/Plastic-Tooling-Company.jpg\" data-srcset=\"https:\/\/plas.co\/wp-content\/uploads\/2023\/02\/Plastic-Tooling-Company.jpg 400w, https:\/\/plas.co\/wp-content\/uploads\/2023\/02\/Plastic-Tooling-Company-300x225.jpg 300w\" data-sizes=\"(max-width: 400px) 100vw, 400px\" data-rel='gallery-1' data-prev-img='https:\/\/plas.co\/wp-content\/uploads\/2023\/02\/Plastic-Tooling-Company.jpg' class='lightbox' data-onclick='8' title='Plastic Tooling Company'  itemprop=\"thumbnailUrl\"  ><img decoding=\"async\" fetchpriority=\"high\" class=\"wp-image-962 avia-img-lazy-loading-not-962\"   src=\"https:\/\/plas.co\/wp-content\/uploads\/2023\/02\/Plastic-Tooling-Company.jpg\" width=\"400\" height=\"300\"  title='Plastic Tooling Company' alt='Plastic Tooling Company' srcset=\"https:\/\/plas.co\/wp-content\/uploads\/2023\/02\/Plastic-Tooling-Company.jpg 400w, https:\/\/plas.co\/wp-content\/uploads\/2023\/02\/Plastic-Tooling-Company-300x225.jpg 300w\" sizes=\"(max-width: 400px) 100vw, 400px\" \/><div class='big-prev-fake'><img decoding=\"async\" loading=\"lazy\" class=\"wp-image-962 avia-img-lazy-loading-962\"  width=\"400\" height=\"300\" src=\"https:\/\/plas.co\/wp-content\/uploads\/2023\/02\/Plastic-Tooling-Company.jpg\" title='Plastic Tooling Company' alt='Plastic Tooling Company' srcset=\"https:\/\/plas.co\/wp-content\/uploads\/2023\/02\/Plastic-Tooling-Company.jpg 400w, https:\/\/plas.co\/wp-content\/uploads\/2023\/02\/Plastic-Tooling-Company-300x225.jpg 300w\" sizes=\"auto, (max-width: 400px) 100vw, 400px\" \/><\/div><\/a><\/div><\/div>\n<section  class='av_textblock_section av-lel43s1p-f288656d2c750791ef65020e352a8c30'   itemscope=\"itemscope\" itemtype=\"https:\/\/schema.org\/CreativeWork\" ><div class='avia_textblock'  itemprop=\"text\" ><div id=\"ez-toc-container\" class=\"ez-toc-v2_0_82_2 counter-hierarchy ez-toc-counter ez-toc-grey ez-toc-container-direction\">\n<div class=\"ez-toc-title-container\">\n<p class=\"ez-toc-title\" style=\"cursor:inherit\">\u00cdndice<\/p>\n<span class=\"ez-toc-title-toggle\"><a href=\"#\" class=\"ez-toc-pull-right ez-toc-btn ez-toc-btn-xs ez-toc-btn-default ez-toc-toggle\" aria-label=\"Alternar tabla de contenidos\"><span class=\"ez-toc-js-icon-con\"><span class=\"\"><span class=\"eztoc-hide\" style=\"display:none;\">Toggle<\/span><span class=\"ez-toc-icon-toggle-span\"><svg style=\"fill: #999;color:#999\" xmlns=\"http:\/\/www.w3.org\/2000\/svg\" class=\"list-377408\" width=\"20px\" height=\"20px\" viewbox=\"0 0 24 24\" fill=\"none\"><path d=\"M6 6H4v2h2V6zm14 0H8v2h12V6zM4 11h2v2H4v-2zm16 0H8v2h12v-2zM4 16h2v2H4v-2zm16 0H8v2h12v-2z\" fill=\"currentColor\"><\/path><\/svg><svg style=\"fill: #999;color:#999\" class=\"arrow-unsorted-368013\" xmlns=\"http:\/\/www.w3.org\/2000\/svg\" width=\"10px\" height=\"10px\" viewbox=\"0 0 24 24\" version=\"1.2\" baseprofile=\"tiny\"><path d=\"M18.2 9.3l-6.2-6.3-6.2 6.3c-.2.2-.3.4-.3.7s.1.5.3.7c.2.2.4.3.7.3h11c.3 0 .5-.1.7-.3.2-.2.3-.5.3-.7s-.1-.5-.3-.7zM5.8 14.7l6.2 6.3 6.2-6.3c.2-.2.3-.5.3-.7s-.1-.5-.3-.7c-.2-.2-.4-.3-.7-.3h-11c-.3 0-.5.1-.7.3-.2.2-.3.5-.3.7s.1.5.3.7z\"\/><\/svg><\/span><\/span><\/span><\/a><\/span><\/div>\n<nav><ul class='ez-toc-list ez-toc-list-level-1' ><li class='ez-toc-page-1 ez-toc-heading-level-2'><a class=\"ez-toc-link ez-toc-heading-1\" href=\"https:\/\/plas.co\/es\/fabricantes-de-moldes\/#What_is_plastic_Injection_Mould\" >Qu\u00e9 es el molde de inyecci\u00f3n de pl\u00e1stico<\/a><ul class='ez-toc-list-level-3' ><li class='ez-toc-heading-level-3'><a class=\"ez-toc-link ez-toc-heading-2\" href=\"https:\/\/plas.co\/es\/fabricantes-de-moldes\/#What_are_the_best_plastic_injection_mould_manufacturers\" >\u00bfCu\u00e1les son los mejores fabricantes de moldes de inyecci\u00f3n de pl\u00e1stico?<\/a><\/li><li class='ez-toc-page-1 ez-toc-heading-level-3'><a class=\"ez-toc-link ez-toc-heading-3\" href=\"https:\/\/plas.co\/es\/fabricantes-de-moldes\/#Where_can_we_find_injection_molded_plastic_part_manufacturers\" >\u00bfD\u00f3nde podemos encontrar fabricantes de piezas de pl\u00e1stico moldeadas por inyecci\u00f3n?<\/a><\/li><li class='ez-toc-page-1 ez-toc-heading-level-3'><a class=\"ez-toc-link ez-toc-heading-4\" href=\"https:\/\/plas.co\/es\/fabricantes-de-moldes\/#What_is_a_reasonable_cost_for_a_plastic_injection_moold\" >\u00bfCu\u00e1l es el coste razonable de un molde de inyecci\u00f3n de pl\u00e1stico?<\/a><\/li><\/ul><\/li><\/ul><\/nav><\/div>\n<h2><span class=\"ez-toc-section\" id=\"What_is_plastic_Injection_Mould\"><\/span>Qu\u00e9 es el molde de inyecci\u00f3n de pl\u00e1stico<span class=\"ez-toc-section-end\"><\/span><\/h2>\n<p><a href=\"http:\/\/plas.co\/es\/\">Molde de inyecci\u00f3n de pl\u00e1stico<\/a> es una herramienta o matriz que se utiliza para producir piezas de pl\u00e1stico en grandes vol\u00famenes mediante el proceso de moldeo por inyecci\u00f3n. Suele ser de acero o aluminio y est\u00e1 dise\u00f1ada para crear una forma o geometr\u00eda espec\u00edfica para la pieza de pl\u00e1stico. En <a href=\"https:\/\/www.plasticmold.net\/what-is-plastic-mold-technology\/\" target=\"_blank\" rel=\"noopener\">molde de inyecci\u00f3n<\/a> se crea con dos mitades (mitad fija y mitad m\u00f3vil), que pueden abrirse y cerrarse mediante un sistema de base de molde o placa.<\/p>\n<p>El molde se dise\u00f1a primero con programas de dise\u00f1o asistido por ordenador (CAD), como UG, PRO\/e, SOLIDWORKS, etc., y despu\u00e9s se crea con t\u00e9cnicas de fabricaci\u00f3n asistida por ordenador (CAM), como mecanizado CNC, mecanizado por descarga el\u00e9ctrica (EDM) o corte por hilo. El proceso de dise\u00f1o y fabricaci\u00f3n de moldes puede ser complejo y requerir un alto nivel de experiencia y precisi\u00f3n para garantizar que el molde produzca piezas de alta calidad que cumplan las especificaciones deseadas.<\/p>\n<p>Los moldes de inyecci\u00f3n de pl\u00e1stico pueden utilizarse para producir una amplia gama de piezas de pl\u00e1stico, desde piezas peque\u00f1as y sencillas hasta piezas grandes y complejas con geometr\u00edas intrincadas. Los moldes tambi\u00e9n pueden utilizarse para producir piezas de diversos materiales, como termopl\u00e1sticos, termoestables y elast\u00f3meros.<\/p>\n<div id=\"attachment_701\" style=\"width: 410px\" class=\"wp-caption alignright\"><a href=\"http:\/\/plas.co\/wp-content\/uploads\/2020\/01\/plastic-injection-mold.jpg\"><img decoding=\"async\" aria-describedby=\"caption-attachment-701\" class=\"wp-image-701 size-full\" src=\"http:\/\/plas.co\/wp-content\/uploads\/2020\/01\/plastic-injection-mold.jpg\" alt=\"fabricantes de moldes\" width=\"400\" height=\"300\" srcset=\"https:\/\/plas.co\/wp-content\/uploads\/2020\/01\/plastic-injection-mold.jpg 400w, https:\/\/plas.co\/wp-content\/uploads\/2020\/01\/plastic-injection-mold-300x225.jpg 300w\" sizes=\"(max-width: 400px) 100vw, 400px\" \/><\/a><p id=\"caption-attachment-701\" class=\"wp-caption-text\">fabricantes de moldes<\/p><\/div>\n<h3><span class=\"ez-toc-section\" id=\"What_are_the_best_plastic_injection_mould_manufacturers\"><\/span>\u00bfCu\u00e1les son los mejores fabricantes de moldes de inyecci\u00f3n de pl\u00e1stico?<span class=\"ez-toc-section-end\"><\/span><\/h3>\n<p>Al elegir un <em>fabricante de moldes de inyecci\u00f3n de pl\u00e1stico<\/em>Por ello, es esencial tener en cuenta factores como su experiencia, conocimientos, capacidad de producci\u00f3n, medidas de control de calidad y servicio de atenci\u00f3n al cliente. Tambi\u00e9n puede tener en cuenta su ubicaci\u00f3n geogr\u00e1fica, precios y plazos de entrega.<\/p>\n<p>Para encontrar los fabricantes de moldes de inyecci\u00f3n de pl\u00e1stico que mejor se adapten a sus necesidades espec\u00edficas, puede investigar en Internet, pedir referencias a colegas del sector o asistir a ferias y conferencias para ponerse en contacto con posibles proveedores. Tambi\u00e9n es crucial comunicar los requisitos de su proyecto de forma clara y detallada para garantizar que el fabricante de moldes pueda ofrecer los mejores resultados posibles.<\/p>\n<h3><span class=\"ez-toc-section\" id=\"Where_can_we_find_injection_molded_plastic_part_manufacturers\"><\/span>\u00bfD\u00f3nde podemos encontrar fabricantes de piezas de pl\u00e1stico moldeadas por inyecci\u00f3n?<span class=\"ez-toc-section-end\"><\/span><\/h3>\n<p>Una vez que tenga un proyecto que necesitan piezas moldeadas de pl\u00e1stico, lo primero es encontrar fabricantes de moldes para hacer esto para su, China ser\u00e1 el lugar n\u00famero uno para su proyecto, pero la forma de encontrar fabricante de moldes de pl\u00e1stico en China ser\u00e1 su preocupaci\u00f3n, a continuaci\u00f3n hay varias maneras de encontrar <em>fabricantes de piezas de pl\u00e1stico moldeadas por inyecci\u00f3n<\/em>:<\/p>\n<ol>\n<li>Directorios en l\u00ednea: Hay muchos directorios en l\u00ednea que enumeran los fabricantes de moldeo por inyecci\u00f3n de pl\u00e1stico, como Alibaba. Estos directorios le permiten buscar fabricantes en funci\u00f3n de la ubicaci\u00f3n, la industria, u otros criterios, pero caliente para verificar que hay buena empresa de moldes? Es necesario comprobar con m\u00e1s cuidado, porque en esa plataforma es m\u00e1s compleja.<\/li>\n<li>Ferias y conferencias: Asistir a ferias y conferencias del sector puede ser una forma excelente de conectar con fabricantes de moldeo por inyecci\u00f3n de pl\u00e1stico y conocer mejor sus capacidades y servicios.<\/li>\n<li>Referencias y recomendaciones: Pida a colegas o contactos del sector recomendaciones sobre fabricantes de moldeo por inyecci\u00f3n con los que hayan trabajado en el pasado y en los que conf\u00eden.<\/li>\n<li>Recursos locales: Consulte a las asociaciones empresariales o grupos industriales locales para ver si disponen de una lista de fabricantes de moldeo por inyecci\u00f3n de pl\u00e1stico en su zona.<\/li>\n<li>Motores de b\u00fasqueda: Realice una b\u00fasqueda en motores de b\u00fasqueda de \"fabricantes de moldeo por inyecci\u00f3n\" o palabras clave similares para encontrar una lista de posibles <a href=\"http:\/\/plas.co\/es\/\">proveedores de moldes<\/a>.<\/li>\n<\/ol>\n<h3><span class=\"ez-toc-section\" id=\"What_is_a_reasonable_cost_for_a_plastic_injection_moold\"><\/span>\u00bfCu\u00e1l es el coste razonable de un molde de inyecci\u00f3n de pl\u00e1stico?<span class=\"ez-toc-section-end\"><\/span><\/h3>\n<p>El coste de un molde de inyecci\u00f3n de pl\u00e1stico puede variar mucho en funci\u00f3n de factores como la complejidad de la pieza, el tama\u00f1o del molde, el material utilizado y el volumen de producci\u00f3n. Por lo general, los moldes para piezas m\u00e1s peque\u00f1as con geometr\u00edas sencillas y vol\u00famenes de producci\u00f3n m\u00e1s bajos ser\u00e1n menos caros que los moldes para piezas m\u00e1s grandes y complejas con vol\u00famenes de producci\u00f3n m\u00e1s altos.<\/p>\n<p>Un molde de inyecci\u00f3n sencillo para una pieza de pl\u00e1stico peque\u00f1a puede costar desde unos pocos miles de d\u00f3lares hasta decenas de miles de d\u00f3lares, mientras que un molde m\u00e1s complejo para una pieza grande con geometr\u00edas intrincadas podr\u00eda costar m\u00e1s de $100.000 o m\u00e1s.<\/p>\n<p>Es esencial tener en cuenta que el coste del molde es s\u00f3lo uno de los factores del coste total de la pieza de pl\u00e1stico. Otros costes que hay que tener en cuenta son los de material, mano de obra y gastos generales. Adem\u00e1s, es importante elegir una empresa de confianza y con experiencia. <em>fabricante de moldes<\/em> que puede entregarle un molde de alta calidad que cumpla sus especificaciones.<\/p>\n<p>Si usted tiene un proyecto que necesita empresa de moldes de pl\u00e1stico de China para apoyar, bienvenido a ponerse en contacto, le ofreceremos el mejor precio, el precio del molde tan bajo como $500, dependiendo del tama\u00f1o de la pieza y caracter\u00edsticas.<\/p>\n<p>Sincere Tech fabricante de moldes de pl\u00e1stico siempre ha insistido en satisfacer a los clientes con tecnolog\u00eda profesional y buenos equipos en los aspectos de desarrollo de moldes, fabricaci\u00f3n e inyecci\u00f3n. Hemos introducido equipos de procesamiento avanzados del extranjero, que incluyen sistema CAD\/CAE\/CAM, m\u00e1quina de medici\u00f3n tridimensional, fresado de alta velocidad, centro de mecanizado CNC, chispa el\u00e9ctrica CNC, para garantizar la tecnolog\u00eda de moldes, fabricaci\u00f3n y calidad tambi\u00e9n. Podemos producir desde peque\u00f1os moldes de precisi\u00f3n hasta grandes moldes de piezas de autom\u00f3viles, grandes moldes de contenedores.<\/p>\n<p>En Sincere Tech, su producto pasar\u00e1 por una gesti\u00f3n de proyectos eficaz que reducir\u00e1 los costes y permitir\u00e1 que sus productos salgan al mercado en el menor tiempo posible.<\/p>\n<\/div><\/section>","protected":false},"excerpt":{"rendered":"","protected":false},"author":1,"featured_media":603,"parent":0,"menu_order":0,"comment_status":"open","ping_status":"open","template":"","meta":{"footnotes":""},"class_list":["post-125","page","type-page","status-publish","has-post-thumbnail","hentry"],"_links":{"self":[{"href":"https:\/\/plas.co\/es\/wp-json\/wp\/v2\/pages\/125","targetHints":{"allow":["GET"]}}],"collection":[{"href":"https:\/\/plas.co\/es\/wp-json\/wp\/v2\/pages"}],"about":[{"href":"https:\/\/plas.co\/es\/wp-json\/wp\/v2\/types\/page"}],"author":[{"embeddable":true,"href":"https:\/\/plas.co\/es\/wp-json\/wp\/v2\/users\/1"}],"replies":[{"embeddable":true,"href":"https:\/\/plas.co\/es\/wp-json\/wp\/v2\/comments?post=125"}],"version-history":[{"count":0,"href":"https:\/\/plas.co\/es\/wp-json\/wp\/v2\/pages\/125\/revisions"}],"wp:featuredmedia":[{"embeddable":true,"href":"https:\/\/plas.co\/es\/wp-json\/wp\/v2\/media\/603"}],"wp:attachment":[{"href":"https:\/\/plas.co\/es\/wp-json\/wp\/v2\/media?parent=125"}],"curies":[{"name":"wp","href":"https:\/\/api.w.org\/{rel}","templated":true}]}}