{"id":15,"date":"2014-09-20T14:09:15","date_gmt":"2014-09-20T06:09:15","guid":{"rendered":"http:\/\/andy-mold.com\/?page_id=15"},"modified":"2024-03-23T23:37:06","modified_gmt":"2024-03-23T15:37:06","slug":"empresa","status":"publish","type":"page","link":"https:\/\/plas.co\/es\/empresa\/","title":{"rendered":"Qui\u00e9nes somos"},"content":{"rendered":"<section  class='av_textblock_section av-lehbcujc-e36697ed1bea52a8cb8c1afa77e72bd4'   itemscope=\"itemscope\" itemtype=\"https:\/\/schema.org\/CreativeWork\" ><div class='avia_textblock'  itemprop=\"text\" ><div id=\"ez-toc-container\" class=\"ez-toc-v2_0_82_2 counter-hierarchy ez-toc-counter ez-toc-grey ez-toc-container-direction\">\n<div class=\"ez-toc-title-container\">\n<p class=\"ez-toc-title\" style=\"cursor:inherit\">\u00cdndice<\/p>\n<span class=\"ez-toc-title-toggle\"><a href=\"#\" class=\"ez-toc-pull-right ez-toc-btn ez-toc-btn-xs ez-toc-btn-default ez-toc-toggle\" aria-label=\"Alternar tabla de contenidos\"><span class=\"ez-toc-js-icon-con\"><span class=\"\"><span class=\"eztoc-hide\" style=\"display:none;\">Toggle<\/span><span class=\"ez-toc-icon-toggle-span\"><svg style=\"fill: #999;color:#999\" xmlns=\"http:\/\/www.w3.org\/2000\/svg\" class=\"list-377408\" width=\"20px\" height=\"20px\" viewbox=\"0 0 24 24\" fill=\"none\"><path d=\"M6 6H4v2h2V6zm14 0H8v2h12V6zM4 11h2v2H4v-2zm16 0H8v2h12v-2zM4 16h2v2H4v-2zm16 0H8v2h12v-2z\" fill=\"currentColor\"><\/path><\/svg><svg style=\"fill: #999;color:#999\" class=\"arrow-unsorted-368013\" xmlns=\"http:\/\/www.w3.org\/2000\/svg\" width=\"10px\" height=\"10px\" viewbox=\"0 0 24 24\" version=\"1.2\" baseprofile=\"tiny\"><path d=\"M18.2 9.3l-6.2-6.3-6.2 6.3c-.2.2-.3.4-.3.7s.1.5.3.7c.2.2.4.3.7.3h11c.3 0 .5-.1.7-.3.2-.2.3-.5.3-.7s-.1-.5-.3-.7zM5.8 14.7l6.2 6.3 6.2-6.3c.2-.2.3-.5.3-.7s-.1-.5-.3-.7c-.2-.2-.4-.3-.7-.3h-11c-.3 0-.5.1-.7.3-.2.2-.3.5-.3.7s.1.5.3.7z\"\/><\/svg><\/span><\/span><\/span><\/a><\/span><\/div>\n<nav><ul class='ez-toc-list ez-toc-list-level-1' ><li class='ez-toc-page-1 ez-toc-heading-level-2'><a class=\"ez-toc-link ez-toc-heading-1\" href=\"https:\/\/plas.co\/es\/empresa\/#Plastic_Mold_Company_In_China_All_in_one_service\" >Empresa de moldes de pl\u00e1stico en China: Servicio todo en uno<\/a><ul class='ez-toc-list-level-3' ><li class='ez-toc-heading-level-3'><a class=\"ez-toc-link ez-toc-heading-2\" href=\"https:\/\/plas.co\/es\/empresa\/#Our_plastic_mold_company_services_include\" >Nuestros servicios de empresa de moldes de pl\u00e1stico incluyen:<\/a><ul class='ez-toc-list-level-4' ><li class='ez-toc-heading-level-4'><a class=\"ez-toc-link ez-toc-heading-3\" href=\"https:\/\/plas.co\/es\/empresa\/#Our_product_development_services_include\" >Nuestros servicios de desarrollo de productos incluyen:<\/a><\/li><\/ul><\/li><li class='ez-toc-page-1 ez-toc-heading-level-3'><a class=\"ez-toc-link ez-toc-heading-4\" href=\"https:\/\/plas.co\/es\/empresa\/#We_supply_the_following_for_the_final_stage_of_assembly\" >Suministramos lo siguiente para la fase final de montaje:<\/a><\/li><\/ul><\/li><\/ul><\/nav><\/div>\n<h2><span class=\"ez-toc-section\" id=\"Plastic_Mold_Company_In_China_All_in_one_service\"><\/span>Empresa de moldes de pl\u00e1stico en China: Servicio todo en uno<span class=\"ez-toc-section-end\"><\/span><\/h2>\n<p>La empresa china Plas.co (Sincere Tech) fabrica excelentes moldes de pl\u00e1stico. Ofrecen fabricaci\u00f3n de moldes personalizados, moldeo por inyecci\u00f3n, dise\u00f1o de piezas, creaci\u00f3n de prototipos, pruebas, fundici\u00f3n a presi\u00f3n, mecanizado, moldeo de silicona, montaje y mucho m\u00e1s. Le damos la bienvenida.<\/p>\n<p>La empresa de moldes de pl\u00e1stico Plas.co se enorgullece de su calidad, innovaci\u00f3n y satisfacci\u00f3n del cliente. Nuestros ingenieros y t\u00e9cnicos cualificados utilizan las \u00faltimas tecnolog\u00edas y m\u00e9todos para garantizar que cada proyecto cumpla o supere las expectativas del cliente.<\/p>\n<p>Dise\u00f1amos y construimos moldes de inyecci\u00f3n de pl\u00e1stico, moldes de fundici\u00f3n a presi\u00f3n y piezas de moldeo de silicona de alta calidad, pero tambi\u00e9n ofrecemos servicios de montaje. Podemos ayudarle desde el concepto hasta la entrega. Esto incluye prototipos, pruebas, reprototipos, montaje de placas de circuito impreso, soldadura de cables, inspecci\u00f3n, producci\u00f3n y pruebas.<\/p>\n<h3><span class=\"ez-toc-section\" id=\"Our_plastic_mold_company_services_include\"><\/span><span lang=\"EN-US\">Nuestros servicios de empresa de moldes de pl\u00e1stico incluyen:<\/span><span class=\"ez-toc-section-end\"><\/span><\/h3>\n<p>Si necesita un molde para moldeo por inyecci\u00f3n, fundici\u00f3n a presi\u00f3n o moldeo de silicona, nuestra empresa de fabricaci\u00f3n de moldes lo tiene cubierto. Nuestra empresa ofrece servicios integrales de fabricaci\u00f3n de moldes. Los moldes pueden fabricarse a la medida de sus especificaciones exactas utilizando t\u00e9cnicas de fabricaci\u00f3n de vanguardia, por lo que podemos asegurarle que su proyecto ser\u00e1 de la m\u00e1s alta calidad.<\/p>\n<p>Componentes moldeados por inyecci\u00f3n: Somos l\u00edderes de la industria en la producci\u00f3n de componentes de pl\u00e1stico moldeados a medida de alta calidad para muchos sectores diferentes. Puede confiar en que nuestro experto equipo de t\u00e9cnicos e ingenieros estar\u00e1 a su lado durante todo el proceso, desde la idea hasta la entrega.<\/p>\n<p>Nuestra empresa ofrece servicios individualizados de fundici\u00f3n a presi\u00f3n, que comienzan con el dise\u00f1o del molde y contin\u00faan con la producci\u00f3n, el acabado y mucho m\u00e1s. Utilizamos tecnolog\u00eda y m\u00e9todos de vanguardia para garantizar que su proyecto cumpla las normas m\u00e1s exigentes, lo que refleja nuestra dedicaci\u00f3n a ofrecer a nuestros clientes el mejor servicio y la mejor calidad.<\/p>\n<p>Nuestra maquinaria de fresado y torneado de \u00faltima generaci\u00f3n es perfecta para fabricar componentes y piezas de precisi\u00f3n para muchos tipos diferentes de empresas. Utilizando herramientas y t\u00e9cnicas de vanguardia, completamos cada proyecto con la m\u00e1xima calidad. Esto demuestra que nos dedicamos a ofrecer a nuestros clientes un servicio de la m\u00e1xima calidad.<\/p>\n<p>Somos una empresa especializada que fabrica componentes de moldeo de silicona de alta calidad para muchos sectores diferentes. Puede confiar en que nuestro experto equipo de t\u00e9cnicos e ingenieros estar\u00e1 a su lado durante todo el proceso, desde la lluvia de ideas hasta la entrega.<\/p>\n<p>Fabricaci\u00f3n de moldes, moldes de silicona, mecanizado, fundici\u00f3n a presi\u00f3n, desarrollo de productos y montaje final son s\u00f3lo algunos de los muchos servicios de fabricaci\u00f3n que ofrece nuestra empresa.<\/p>\n<p>Nuestro equipo profesional de dise\u00f1adores y t\u00e9cnicos puede supervisar su producto desde el principio hasta el final. Como utilizamos tecnolog\u00eda y procedimientos de vanguardia, puede estar seguro de que el producto final ser\u00e1 impecable en todos los sentidos. Por \u00faltimo, colaboramos estrechamente con nuestros clientes de principio a fin para satisfacer sus demandas.<\/p>\n<h4><span class=\"ez-toc-section\" id=\"Our_product_development_services_include\"><\/span><span lang=\"EN-US\">Nuestros servicios de desarrollo de productos incluyen:<\/span><span class=\"ez-toc-section-end\"><\/span><\/h4>\n<p>Empezando por el concepto: Con nuestros completos servicios de dise\u00f1o, podemos satisfacer todas sus necesidades y hacer realidad sus sue\u00f1os.<\/p>\n<p>Creaci\u00f3n de prototipos: Con nuestros servicios de creaci\u00f3n de prototipos, puede probar su producto antes de que salga al mercado. De este modo, se asegurar\u00e1 de que su producto satisface todas sus necesidades y evitar\u00e1 que surjan problemas.<\/p>\n<p>Utillaje: Podemos ayudarle a fabricar su producto a gran escala ofreci\u00e9ndole estrategias a medida para el utillaje. De este modo, garantizamos que su producto sea de la m\u00e1xima calidad y se haya fabricado a mano con esmero.<\/p>\n<p>Fabricaci\u00f3n: El moldeo por inyecci\u00f3n, la fundici\u00f3n a presi\u00f3n, el mecanizado y el moldeo de silicona son s\u00f3lo algunos de los muchos procesos que componen nuestros servicios de fabricaci\u00f3n. Esto garantiza que podamos ofrecerle una soluci\u00f3n de fabricaci\u00f3n integral.<\/p>\n<h3><span class=\"ez-toc-section\" id=\"We_supply_the_following_for_the_final_stage_of_assembly\"><\/span>Suministramos lo siguiente para la fase final de montaje:<span class=\"ez-toc-section-end\"><\/span><\/h3>\n<p>Montaje de piezas: Podemos unir componentes para formar un todo. Cada componente funcionar\u00e1 seg\u00fan lo previsto, y le prometemos que el resultado final ser\u00e1 mejor de lo que esperaba.<\/p>\n<p>Pruebas: Podemos someter su producto acabado a nuestro procedimiento de pruebas para garantizar que cumple las normas y requisitos.<\/p>\n<p>Certificados: Podemos fabricar productos electr\u00f3nicos que cumplan los requisitos de organismos de certificaci\u00f3n internacionales como CE, ETL o FCC.<\/p>\n<p>Embalaje: Podemos embalar su producto acabado exactamente como usted desee, para que tenga la seguridad de que llegar\u00e1 a su destino sin da\u00f1os.<\/p>\n<p>El objetivo de Plas.co es ofrecer servicios integrales a nuestros clientes, empezando por el desarrollo del producto y terminando con el montaje final. Si tiene alguna pregunta sobre c\u00f3mo podemos ayudarle en su pr\u00f3ximo proyecto, p\u00f3ngase en contacto con nosotros sin demora.<\/p>\n<div id=\"attachment_394\" style=\"width: 4762px\" class=\"wp-caption aligncenter\"><a href=\"http:\/\/plas.co\/wp-content\/uploads\/2016\/02\/IMG_9539.jpg\"><img decoding=\"async\" aria-describedby=\"caption-attachment-394\" class=\"wp-image-394 size-full\" src=\"http:\/\/plas.co\/wp-content\/uploads\/2016\/02\/IMG_9539.jpg\" alt=\"empresa de moldes de pl\u00e1stico\" width=\"4752\" height=\"3168\" srcset=\"https:\/\/plas.co\/wp-content\/uploads\/2016\/02\/IMG_9539.jpg 4752w, https:\/\/plas.co\/wp-content\/uploads\/2016\/02\/IMG_9539-300x200.jpg 300w, https:\/\/plas.co\/wp-content\/uploads\/2016\/02\/IMG_9539-768x512.jpg 768w, https:\/\/plas.co\/wp-content\/uploads\/2016\/02\/IMG_9539-1024x683.jpg 1024w\" sizes=\"(max-width: 4752px) 100vw, 4752px\" \/><\/a><p id=\"caption-attachment-394\" class=\"wp-caption-text\">empresa de moldes de pl\u00e1stico<\/p><\/div>\n<\/div><\/section>","protected":false},"excerpt":{"rendered":"","protected":false},"author":1,"featured_media":836,"parent":0,"menu_order":0,"comment_status":"open","ping_status":"open","template":"","meta":{"footnotes":""},"class_list":["post-15","page","type-page","status-publish","has-post-thumbnail","hentry"],"_links":{"self":[{"href":"https:\/\/plas.co\/es\/wp-json\/wp\/v2\/pages\/15","targetHints":{"allow":["GET"]}}],"collection":[{"href":"https:\/\/plas.co\/es\/wp-json\/wp\/v2\/pages"}],"about":[{"href":"https:\/\/plas.co\/es\/wp-json\/wp\/v2\/types\/page"}],"author":[{"embeddable":true,"href":"https:\/\/plas.co\/es\/wp-json\/wp\/v2\/users\/1"}],"replies":[{"embeddable":true,"href":"https:\/\/plas.co\/es\/wp-json\/wp\/v2\/comments?post=15"}],"version-history":[{"count":0,"href":"https:\/\/plas.co\/es\/wp-json\/wp\/v2\/pages\/15\/revisions"}],"wp:featuredmedia":[{"embeddable":true,"href":"https:\/\/plas.co\/es\/wp-json\/wp\/v2\/media\/836"}],"wp:attachment":[{"href":"https:\/\/plas.co\/es\/wp-json\/wp\/v2\/media?parent=15"}],"curies":[{"name":"wp","href":"https:\/\/api.w.org\/{rel}","templated":true}]}}