{"id":24,"date":"2014-09-20T14:37:02","date_gmt":"2014-09-20T06:37:02","guid":{"rendered":"http:\/\/andy-mold.com\/?page_id=24"},"modified":"2016-02-14T14:16:27","modified_gmt":"2016-02-14T06:16:27","slug":"calidad","status":"publish","type":"page","link":"https:\/\/plas.co\/es\/calidad\/","title":{"rendered":"Calidad"},"content":{"rendered":"<p><b>Nuestra calidad:<\/b><\/p>\n<p>Nos comprometemos a garantizar la calidad de nuestros productos, as\u00ed como a mejorarlos. A diferencia de muchos de nuestros competidores, proporcionar productos de alta calidad y un servicio de calidad para satisfacer o superar las expectativas del cliente.<\/p>\n<p>Normas de certificaci\u00f3n ISO 900l-2000..<\/p>\n<p>Nuestro Sistema de Gesti\u00f3n de la Calidad abarca toda la operaci\u00f3n empresarial, lo que incluye:<\/p>\n<p>Revisi\u00f3n del dise\u00f1o<br \/>\nVerificaci\u00f3n y validaci\u00f3n del dise\u00f1o<br \/>\nControl de calibraci\u00f3n controlado electr\u00f3nicamente<br \/>\nInspecci\u00f3n de recepci\u00f3n<br \/>\nPlanificaci\u00f3n de calidad documentada obligatoria para cada proyecto<br \/>\nInspecci\u00f3n del primer art\u00edculo<br \/>\nInspecci\u00f3n final\/\u00faltima inspecci\u00f3n<\/p>\n<p><b>Sus productos ser\u00e1n inspeccionados por nuestro completo servicio de calidad<\/b><\/p>\n<p>M\u00e1quina de medici\u00f3n por coordenadas (MMC)<\/p>\n<p>Proyector \u00f3ptico<\/p>\n<p>Estudios de capacidad de proceso en utillaje<\/p>","protected":false},"excerpt":{"rendered":"<p>Our Quality: We are committed to ensuring the quality of our products as well as improving them. Unlike many of our competitors, Provide high quality products and quality service to meet or exceed customer&#8217;s expectations. ISO 900l-2000 Certification standards.. Our Quality Management System runs through the whole business transaction, which includes: Design review Design verification [&hellip;]<\/p>\n","protected":false},"author":1,"featured_media":0,"parent":0,"menu_order":0,"comment_status":"open","ping_status":"open","template":"","meta":{"footnotes":""},"class_list":["post-24","page","type-page","status-publish","hentry"],"_links":{"self":[{"href":"https:\/\/plas.co\/es\/wp-json\/wp\/v2\/pages\/24","targetHints":{"allow":["GET"]}}],"collection":[{"href":"https:\/\/plas.co\/es\/wp-json\/wp\/v2\/pages"}],"about":[{"href":"https:\/\/plas.co\/es\/wp-json\/wp\/v2\/types\/page"}],"author":[{"embeddable":true,"href":"https:\/\/plas.co\/es\/wp-json\/wp\/v2\/users\/1"}],"replies":[{"embeddable":true,"href":"https:\/\/plas.co\/es\/wp-json\/wp\/v2\/comments?post=24"}],"version-history":[{"count":0,"href":"https:\/\/plas.co\/es\/wp-json\/wp\/v2\/pages\/24\/revisions"}],"wp:attachment":[{"href":"https:\/\/plas.co\/es\/wp-json\/wp\/v2\/media?parent=24"}],"curies":[{"name":"wp","href":"https:\/\/api.w.org\/{rel}","templated":true}]}}