{"id":100,"date":"2014-09-20T16:18:58","date_gmt":"2014-09-20T08:18:58","guid":{"rendered":"http:\/\/andy-mold.com\/?page_id=100"},"modified":"2026-01-09T21:16:30","modified_gmt":"2026-01-09T13:16:30","slug":"molde-de-automocion","status":"publish","type":"page","link":"https:\/\/plas.co\/es_mx\/productos\/molde-de-automocion\/","title":{"rendered":"Moldes de automoci\u00f3n"},"content":{"rendered":"<div  class='flex_column av-8gcv8-2577ba9e0c13fce46414471b02123209 av_one_full  avia-builder-el-0  el_before_av_textblock  avia-builder-el-first  first flex_column_div'     ><style type=\"text\/css\" data-created_by=\"avia_inline_auto\" id=\"style-css-av-lel1ywqt-993f07fca39d4726bedded6a95944041\">\n#top .avia-gallery.av-lel1ywqt-993f07fca39d4726bedded6a95944041 .avia-gallery-thumb a{\nwidth:33.3333%;\n}\n<\/style>\n<div  class='avia-gallery av-lel1ywqt-993f07fca39d4726bedded6a95944041 avia_animate_when_visible  avia-builder-el-1  avia-builder-el-no-sibling  avia_lazyload avia-gallery-animate avia-gallery-1'  itemprop=\"image\" itemscope=\"itemscope\" itemtype=\"https:\/\/schema.org\/ImageObject\" ><meta itemprop=\"contentURL\" content=\"https:\/\/plas.co\/es_mx\/productos\/molde-de-automocion\/\"><div class='avia-gallery-thumb'><a href=\"https:\/\/plas.co\/wp-content\/uploads\/2023\/02\/automotive-injection-mold-1.jpg\" data-srcset=\"https:\/\/plas.co\/wp-content\/uploads\/2023\/02\/automotive-injection-mold-1.jpg 800w, https:\/\/plas.co\/wp-content\/uploads\/2023\/02\/automotive-injection-mold-1-300x225.jpg 300w, https:\/\/plas.co\/wp-content\/uploads\/2023\/02\/automotive-injection-mold-1-768x576.jpg 768w, https:\/\/plas.co\/wp-content\/uploads\/2023\/02\/automotive-injection-mold-1-705x529.jpg 705w\" data-sizes=\"(max-width: 800px) 100vw, 800px\" data-rel='gallery-1' data-prev-img='https:\/\/plas.co\/wp-content\/uploads\/2023\/02\/automotive-injection-mold-1-495x400.jpg' class='first_thumb lightbox' data-onclick='1' title='molde de inyecci\u00f3n para automoci\u00f3n'  itemprop=\"thumbnailUrl\"  ><img decoding=\"async\" fetchpriority=\"high\" class=\"wp-image-936 avia-img-lazy-loading-not-936\"   src=\"https:\/\/plas.co\/wp-content\/uploads\/2023\/02\/automotive-injection-mold-1-495x400.jpg\" width=\"495\" height=\"400\"  title='molde de inyecci\u00f3n para automoci\u00f3n' alt='molde de inyecci\u00f3n para automoci\u00f3n' \/><div class='big-prev-fake'><img decoding=\"async\" loading=\"lazy\" class=\"wp-image-936 avia-img-lazy-loading-936\"  width=\"495\" height=\"400\" src=\"https:\/\/plas.co\/wp-content\/uploads\/2023\/02\/automotive-injection-mold-1-495x400.jpg\" title='molde de inyecci\u00f3n para automoci\u00f3n' alt='molde de inyecci\u00f3n para automoci\u00f3n' \/><\/div><\/a><a href=\"https:\/\/plas.co\/wp-content\/uploads\/2023\/02\/automotive-mould-factory.jpg\" data-srcset=\"https:\/\/plas.co\/wp-content\/uploads\/2023\/02\/automotive-mould-factory.jpg 800w, https:\/\/plas.co\/wp-content\/uploads\/2023\/02\/automotive-mould-factory-300x225.jpg 300w, https:\/\/plas.co\/wp-content\/uploads\/2023\/02\/automotive-mould-factory-768x576.jpg 768w, https:\/\/plas.co\/wp-content\/uploads\/2023\/02\/automotive-mould-factory-705x529.jpg 705w\" data-sizes=\"(max-width: 800px) 100vw, 800px\" data-rel='gallery-1' data-prev-img='https:\/\/plas.co\/wp-content\/uploads\/2023\/02\/automotive-mould-factory-495x400.jpg' class='lightbox' data-onclick='2' title='f\u00e1brica de moldes de automoci\u00f3n'  itemprop=\"thumbnailUrl\"  ><img decoding=\"async\" fetchpriority=\"high\" class=\"wp-image-938 avia-img-lazy-loading-not-938\"   src=\"https:\/\/plas.co\/wp-content\/uploads\/2023\/02\/automotive-mould-factory-495x400.jpg\" width=\"495\" height=\"400\"  title='f\u00e1brica de moldes de automoci\u00f3n' alt='f\u00e1brica de moldes de automoci\u00f3n' \/><div class='big-prev-fake'><img decoding=\"async\" loading=\"lazy\" class=\"wp-image-938 avia-img-lazy-loading-938\"  width=\"495\" height=\"400\" src=\"https:\/\/plas.co\/wp-content\/uploads\/2023\/02\/automotive-mould-factory-495x400.jpg\" title='f\u00e1brica de moldes de automoci\u00f3n' alt='f\u00e1brica de moldes de automoci\u00f3n' \/><\/div><\/a><a href=\"https:\/\/plas.co\/wp-content\/uploads\/2023\/02\/automotive-parts-mould.jpg\" data-srcset=\"https:\/\/plas.co\/wp-content\/uploads\/2023\/02\/automotive-parts-mould.jpg 600w, https:\/\/plas.co\/wp-content\/uploads\/2023\/02\/automotive-parts-mould-225x300.jpg 225w, https:\/\/plas.co\/wp-content\/uploads\/2023\/02\/automotive-parts-mould-529x705.jpg 529w\" data-sizes=\"(max-width: 600px) 100vw, 600px\" data-rel='gallery-1' data-prev-img='https:\/\/plas.co\/wp-content\/uploads\/2023\/02\/automotive-parts-mould-495x400.jpg' class='lightbox' data-onclick='3' title='molde de piezas de autom\u00f3vil'  itemprop=\"thumbnailUrl\"  ><img decoding=\"async\" fetchpriority=\"high\" class=\"wp-image-941 avia-img-lazy-loading-not-941\"   src=\"https:\/\/plas.co\/wp-content\/uploads\/2023\/02\/automotive-parts-mould-495x400.jpg\" width=\"495\" height=\"400\"  title='molde de piezas de autom\u00f3vil' alt='molde de piezas de autom\u00f3vil' \/><div class='big-prev-fake'><img decoding=\"async\" loading=\"lazy\" class=\"wp-image-941 avia-img-lazy-loading-941\"  width=\"495\" height=\"400\" src=\"https:\/\/plas.co\/wp-content\/uploads\/2023\/02\/automotive-parts-mould-495x400.jpg\" title='molde de piezas de autom\u00f3vil' alt='molde de piezas de autom\u00f3vil' \/><\/div><\/a><a href=\"https:\/\/plas.co\/wp-content\/uploads\/2023\/02\/automotive-plastic-mould.jpg\" data-srcset=\"https:\/\/plas.co\/wp-content\/uploads\/2023\/02\/automotive-plastic-mould.jpg 800w, https:\/\/plas.co\/wp-content\/uploads\/2023\/02\/automotive-plastic-mould-300x225.jpg 300w, https:\/\/plas.co\/wp-content\/uploads\/2023\/02\/automotive-plastic-mould-768x576.jpg 768w, https:\/\/plas.co\/wp-content\/uploads\/2023\/02\/automotive-plastic-mould-705x529.jpg 705w\" data-sizes=\"(max-width: 800px) 100vw, 800px\" data-rel='gallery-1' data-prev-img='https:\/\/plas.co\/wp-content\/uploads\/2023\/02\/automotive-plastic-mould-495x400.jpg' class='first_thumb lightbox' data-onclick='4' title='molde de pl\u00e1stico para autom\u00f3viles'  itemprop=\"thumbnailUrl\"  ><img decoding=\"async\" fetchpriority=\"high\" class=\"wp-image-942 avia-img-lazy-loading-not-942\"   src=\"https:\/\/plas.co\/wp-content\/uploads\/2023\/02\/automotive-plastic-mould-495x400.jpg\" width=\"495\" height=\"400\"  title='molde de pl\u00e1stico para autom\u00f3viles' alt='molde de pl\u00e1stico para autom\u00f3viles' \/><div class='big-prev-fake'><img decoding=\"async\" loading=\"lazy\" class=\"wp-image-942 avia-img-lazy-loading-942\"  width=\"495\" height=\"400\" src=\"https:\/\/plas.co\/wp-content\/uploads\/2023\/02\/automotive-plastic-mould-495x400.jpg\" title='molde de pl\u00e1stico para autom\u00f3viles' alt='molde de pl\u00e1stico para autom\u00f3viles' \/><\/div><\/a><a href=\"https:\/\/plas.co\/wp-content\/uploads\/2023\/02\/China-automotive-mold-maker.jpg\" data-srcset=\"https:\/\/plas.co\/wp-content\/uploads\/2023\/02\/China-automotive-mold-maker.jpg 600w, https:\/\/plas.co\/wp-content\/uploads\/2023\/02\/China-automotive-mold-maker-225x300.jpg 225w, https:\/\/plas.co\/wp-content\/uploads\/2023\/02\/China-automotive-mold-maker-529x705.jpg 529w\" data-sizes=\"(max-width: 600px) 100vw, 600px\" data-rel='gallery-1' data-prev-img='https:\/\/plas.co\/wp-content\/uploads\/2023\/02\/China-automotive-mold-maker-495x400.jpg' class='lightbox' data-onclick='5' title='Fabricante chino de moldes para autom\u00f3viles'  itemprop=\"thumbnailUrl\"  ><img decoding=\"async\" fetchpriority=\"high\" class=\"wp-image-943 avia-img-lazy-loading-not-943\"   src=\"https:\/\/plas.co\/wp-content\/uploads\/2023\/02\/China-automotive-mold-maker-495x400.jpg\" width=\"495\" height=\"400\"  title='Fabricante chino de moldes para autom\u00f3viles' alt='Fabricante chino de moldes para autom\u00f3viles' \/><div class='big-prev-fake'><img decoding=\"async\" loading=\"lazy\" class=\"wp-image-943 avia-img-lazy-loading-943\"  width=\"495\" height=\"400\" src=\"https:\/\/plas.co\/wp-content\/uploads\/2023\/02\/China-automotive-mold-maker-495x400.jpg\" title='Fabricante chino de moldes para autom\u00f3viles' alt='Fabricante chino de moldes para autom\u00f3viles' \/><\/div><\/a><a href=\"https:\/\/plas.co\/wp-content\/uploads\/2023\/02\/china-automotive-mould.jpg\" data-srcset=\"https:\/\/plas.co\/wp-content\/uploads\/2023\/02\/china-automotive-mould.jpg 600w, https:\/\/plas.co\/wp-content\/uploads\/2023\/02\/china-automotive-mould-225x300.jpg 225w, https:\/\/plas.co\/wp-content\/uploads\/2023\/02\/china-automotive-mould-529x705.jpg 529w\" data-sizes=\"(max-width: 600px) 100vw, 600px\" data-rel='gallery-1' data-prev-img='https:\/\/plas.co\/wp-content\/uploads\/2023\/02\/china-automotive-mould-495x400.jpg' class='lightbox' data-onclick='6' title='china automotive mould'  itemprop=\"thumbnailUrl\"  ><img decoding=\"async\" fetchpriority=\"high\" class=\"wp-image-944 avia-img-lazy-loading-not-944\"   src=\"https:\/\/plas.co\/wp-content\/uploads\/2023\/02\/china-automotive-mould-495x400.jpg\" width=\"495\" height=\"400\"  title='china automotive mould' alt='china automotive mould' \/><div class='big-prev-fake'><img decoding=\"async\" loading=\"lazy\" class=\"wp-image-944 avia-img-lazy-loading-944\"  width=\"495\" height=\"400\" src=\"https:\/\/plas.co\/wp-content\/uploads\/2023\/02\/china-automotive-mould-495x400.jpg\" title='china automotive mould' alt='china automotive mould' \/><\/div><\/a><\/div><\/div><\/div>\n<section  class='av_textblock_section av-lel30rvk-cf1539555210428ee0eb928e39734301'   itemscope=\"itemscope\" itemtype=\"https:\/\/schema.org\/CreativeWork\" ><div class='avia_textblock'  itemprop=\"text\" ><div id=\"ez-toc-container\" class=\"ez-toc-v2_0_82_2 counter-hierarchy ez-toc-counter ez-toc-grey ez-toc-container-direction\">\n<div class=\"ez-toc-title-container\">\n<p class=\"ez-toc-title\" style=\"cursor:inherit\">\u00cdndice<\/p>\n<span class=\"ez-toc-title-toggle\"><a href=\"#\" class=\"ez-toc-pull-right ez-toc-btn ez-toc-btn-xs ez-toc-btn-default ez-toc-toggle\" aria-label=\"Tabla de contenidos\"><span class=\"ez-toc-js-icon-con\"><span class=\"\"><span class=\"eztoc-hide\" style=\"display:none;\">Toggle<\/span><span class=\"ez-toc-icon-toggle-span\"><svg style=\"fill: #999;color:#999\" xmlns=\"http:\/\/www.w3.org\/2000\/svg\" class=\"list-377408\" width=\"20px\" height=\"20px\" viewbox=\"0 0 24 24\" fill=\"none\"><path d=\"M6 6H4v2h2V6zm14 0H8v2h12V6zM4 11h2v2H4v-2zm16 0H8v2h12v-2zM4 16h2v2H4v-2zm16 0H8v2h12v-2z\" fill=\"currentColor\"><\/path><\/svg><svg style=\"fill: #999;color:#999\" class=\"arrow-unsorted-368013\" xmlns=\"http:\/\/www.w3.org\/2000\/svg\" width=\"10px\" height=\"10px\" viewbox=\"0 0 24 24\" version=\"1.2\" baseprofile=\"tiny\"><path d=\"M18.2 9.3l-6.2-6.3-6.2 6.3c-.2.2-.3.4-.3.7s.1.5.3.7c.2.2.4.3.7.3h11c.3 0 .5-.1.7-.3.2-.2.3-.5.3-.7s-.1-.5-.3-.7zM5.8 14.7l6.2 6.3 6.2-6.3c.2-.2.3-.5.3-.7s-.1-.5-.3-.7c-.2-.2-.4-.3-.7-.3h-11c-.3 0-.5.1-.7.3-.2.2-.3.5-.3.7s.1.5.3.7z\"\/><\/svg><\/span><\/span><\/span><\/a><\/span><\/div>\n<nav><ul class='ez-toc-list ez-toc-list-level-1' ><li class='ez-toc-page-1 ez-toc-heading-level-2'><a class=\"ez-toc-link ez-toc-heading-1\" href=\"https:\/\/plas.co\/es_mx\/productos\/molde-de-automocion\/#What_is_Automotive_Mould\" >Qu\u00e9 es el molde de automoci\u00f3n<\/a><ul class='ez-toc-list-level-3' ><li class='ez-toc-heading-level-3'><a class=\"ez-toc-link ez-toc-heading-2\" href=\"https:\/\/plas.co\/es_mx\/productos\/molde-de-automocion\/#Type_of_Automotive_Mould\" >Tipo de molde para autom\u00f3viles<\/a><\/li><li class='ez-toc-page-1 ez-toc-heading-level-3'><a class=\"ez-toc-link ez-toc-heading-3\" href=\"https:\/\/plas.co\/es_mx\/productos\/molde-de-automocion\/#Applications_of_Automotive_Mould\" >Aplicaciones del molde para autom\u00f3viles<\/a><\/li><li class='ez-toc-page-1 ez-toc-heading-level-3'><a class=\"ez-toc-link ez-toc-heading-4\" href=\"https:\/\/plas.co\/es_mx\/productos\/molde-de-automocion\/#Which_country_of_automotive_mould_suppliers_that_you_should_work_with\" >\u00bfCon qu\u00e9 pa\u00eds de proveedores de moldes de automoci\u00f3n deber\u00eda trabajar?<\/a><\/li><\/ul><\/li><\/ul><\/nav><\/div>\n<h2><span class=\"ez-toc-section\" id=\"What_is_Automotive_Mould\"><\/span>Qu\u00e9 es el molde de automoci\u00f3n<span class=\"ez-toc-section-end\"><\/span><\/h2>\n<p><a href=\"https:\/\/plas.co\/es_mx\/productos\/molde-de-automocion\/\"><em><strong>Moldes para autom\u00f3viles<\/strong><\/em><\/a>, tambi\u00e9n conocido como molde de coche o <a href=\"http:\/\/www.sheetmetalmasion.com\" target=\"_blank\" rel=\"noopener\">molde de autom\u00f3vil<\/a>, es una herramienta utilizada en el proceso de fabricaci\u00f3n de diversas piezas y componentes de autom\u00f3viles. Es un dispositivo que se utiliza para moldear y dar forma a materiales, como pl\u00e1sticos, metales y materiales compuestos, hasta conseguir la forma deseada del producto final,<\/p>\n<p>Los moldes de automoci\u00f3n pueden adoptar diversas formas, en funci\u00f3n de la complejidad de la pieza que se vaya a fabricar. Por ejemplo, los moldes de inyecci\u00f3n se utilizan para producir piezas de pl\u00e1stico para autom\u00f3viles con geometr\u00edas complejas, mientras que los moldes de compresi\u00f3n se emplean para fabricar piezas grandes y gruesas, como parachoques y salpicaderos, a partir de materiales compuestos.<\/p>\n<p>El uso de moldes de automoci\u00f3n en el proceso de fabricaci\u00f3n permite un alto grado de precisi\u00f3n y exactitud, as\u00ed como la capacidad de producir grandes vol\u00famenes de componentes con una calidad constante. El uso de moldes tambi\u00e9n ayuda a reducir los residuos y aumentar la eficiencia en el proceso de fabricaci\u00f3n. esta es la p\u00e1gina de la que hablamos en serio <a href=\"http:\/\/plas.co\/es_mx\/molde-de-inyeccion-para-automocion\/\">molde de inyecci\u00f3n para automoci\u00f3n<\/a>.<\/p>\n<h3><span class=\"ez-toc-section\" id=\"Type_of_Automotive_Mould\"><\/span>Tipo de molde para autom\u00f3viles<span class=\"ez-toc-section-end\"><\/span><\/h3>\n<p>Los moldes para autom\u00f3viles se utilizan en el proceso de fabricaci\u00f3n de diversas piezas y componentes de autom\u00f3viles. Hay muchos tipos de moldes de automoci\u00f3n, aqu\u00ed est\u00e1n algunos tipos de moldes de automoci\u00f3n:<\/p>\n<ol>\n<li>Moldes de inyecci\u00f3n: Estos moldes se utilizan para producir piezas de pl\u00e1stico para autom\u00f3viles. Moldeo por inyecci\u00f3n es un m\u00e9todo popular para la producci\u00f3n de grandes vol\u00famenes de componentes de pl\u00e1stico con geometr\u00edas complejas, y este es nuestro negocio medio, as\u00ed, si usted necesita molde de inyecci\u00f3n de automoci\u00f3n, p\u00f3ngase en contacto con nosotros para obtener precio.<\/li>\n<li>Moldes de compresi\u00f3n: Estos moldes se utilizan para fabricar piezas de automoci\u00f3n grandes y gruesas, como parachoques y salpicaderos, a partir de materiales compuestos.<\/li>\n<li>Moldes de soplado: Estos moldes se utilizan para crear componentes huecos de pl\u00e1stico, como dep\u00f3sitos de combustible y conductos de aire.<\/li>\n<li>Moldes de termoformado: Estos moldes se utilizan para fabricar componentes de pl\u00e1stico con poca profundidad, como paneles de puertas y cuadros de instrumentos.<\/li>\n<li>Moldes de fundici\u00f3n a presi\u00f3n: Estos moldes se utilizan para producir componentes met\u00e1licos, como bloques de motor y cajas de transmisi\u00f3n, mediante un proceso de inyecci\u00f3n a alta presi\u00f3n.<\/li>\n<li>Moldes de caucho: Estos moldes se utilizan para producir componentes de caucho, como sellos y juntas, para aplicaciones de automoci\u00f3n.<\/li>\n<li>Moldes de extrusi\u00f3n: Estos moldes se utilizan para producir componentes de pl\u00e1stico largos, como juntas de ventanas y burletes, forzando el material a trav\u00e9s de una matriz.<\/li>\n<\/ol>\n<p>Cada tipo de molde de automoci\u00f3n tiene sus propias ventajas y desventajas, y la selecci\u00f3n del molde depende de los requisitos espec\u00edficos de la pieza que se va a fabricar.<\/p>\n<h3><span class=\"ez-toc-section\" id=\"Applications_of_Automotive_Mould\"><\/span>Aplicaciones del molde para autom\u00f3viles<span class=\"ez-toc-section-end\"><\/span><\/h3>\n<p><a href=\"https:\/\/www.plasticmold.net\/injection-molding-automotive\/\" target=\"_blank\" rel=\"noopener\">Moldes para autom\u00f3viles<\/a> tienen una amplia gama de aplicaciones en la industria del autom\u00f3vil. Estas son algunas de las aplicaciones de los moldes de automoci\u00f3n:<\/p>\n<ol>\n<li>Componentes exteriores: Los moldes de automoci\u00f3n se utilizan para fabricar diversos componentes exteriores de los veh\u00edculos, como parachoques, rejillas, guardabarros, cap\u00f3s y puertas.<\/li>\n<li>Componentes interiores: Los moldes se utilizan para fabricar componentes interiores de veh\u00edculos como salpicaderos, paneles de puertas, asientos y volantes.<\/li>\n<li>Componentes de iluminaci\u00f3n: Los moldes de automoci\u00f3n se utilizan para fabricar diversos componentes de iluminaci\u00f3n de veh\u00edculos, como faros, luces traseras y lentes de intermitentes.<\/li>\n<li>Componentes del motor: Los moldes se utilizan para fabricar diversos componentes del motor de los veh\u00edculos, como bloques de motor, culatas y colectores de admisi\u00f3n.<\/li>\n<li>Componentes de transmisi\u00f3n: Los moldes se utilizan para fabricar diversos componentes de transmisi\u00f3n de los veh\u00edculos, como cajas de transmisi\u00f3n y engranajes.<\/li>\n<li>Componentes de suspensi\u00f3n: Los moldes de automoci\u00f3n se utilizan para fabricar diversos componentes de la suspensi\u00f3n de los veh\u00edculos, como brazos de control y r\u00f3tulas.<\/li>\n<li>Componentes el\u00e9ctricos: Los moldes se utilizan para fabricar diversos componentes el\u00e9ctricos de los veh\u00edculos, como mazos de cables y conectores.<\/li>\n<\/ol>\n<p>En resumen, los moldes de automoci\u00f3n se utilizan en el proceso de fabricaci\u00f3n de casi todos los componentes de un veh\u00edculo, desde la carrocer\u00eda y el interior hasta el motor y el sistema el\u00e9ctrico.<\/p>\n<h3><span class=\"ez-toc-section\" id=\"Which_country_of_automotive_mould_suppliers_that_you_should_work_with\"><\/span>\u00bfCon qu\u00e9 pa\u00eds de proveedores de moldes de automoci\u00f3n deber\u00eda trabajar?<span class=\"ez-toc-section-end\"><\/span><\/h3>\n<p>Hay muchos pa\u00edses que tienen una fuerte presencia en la industria del autom\u00f3vil y han desarrollado una gran experiencia en la fabricaci\u00f3n de moldes. Algunos de los principales pa\u00edses para <em><strong>proveedores de moldes de automoci\u00f3n<\/strong><\/em> entre los que se incluyen China, Alemania, Jap\u00f3n, Estados Unidos y Corea del Sur. Sin embargo, cada uno de estos pa\u00edses puede tener puntos fuertes y d\u00e9biles diferentes, y es importante tener en cuenta factores como el idioma, la cultura, la log\u00edstica y los derechos de propiedad intelectual.<\/p>\n<p>A la hora de seleccionar un proveedor, es importante investigar a fondo, comprobar sus credenciales y revisar sus procesos de fabricaci\u00f3n. Tambi\u00e9n es una buena idea solicitar muestras y reunirse con el proveedor en persona, si es posible, para asegurarse de que puede satisfacer sus necesidades y requisitos espec\u00edficos. En \u00faltima instancia, la elecci\u00f3n del pa\u00eds con el que trabajar depender\u00e1 de sus necesidades y preferencias individuales.<\/p>\n<div id=\"attachment_937\" style=\"width: 810px\" class=\"wp-caption aligncenter\"><a href=\"http:\/\/plas.co\/wp-content\/uploads\/2023\/02\/automotive-molds-1.jpg\"><img decoding=\"async\" aria-describedby=\"caption-attachment-937\" class=\"wp-image-937 size-full\" src=\"http:\/\/plas.co\/wp-content\/uploads\/2023\/02\/automotive-molds-1.jpg\" alt=\"Moldes para autom\u00f3viles\" width=\"800\" height=\"600\" srcset=\"https:\/\/plas.co\/wp-content\/uploads\/2023\/02\/automotive-molds-1.jpg 800w, https:\/\/plas.co\/wp-content\/uploads\/2023\/02\/automotive-molds-1-300x225.jpg 300w, https:\/\/plas.co\/wp-content\/uploads\/2023\/02\/automotive-molds-1-768x576.jpg 768w, https:\/\/plas.co\/wp-content\/uploads\/2023\/02\/automotive-molds-1-705x529.jpg 705w\" sizes=\"(max-width: 800px) 100vw, 800px\" \/><\/a><p id=\"caption-attachment-937\" class=\"wp-caption-text\">Moldes para autom\u00f3viles<\/p><\/div>\n<p>De acuerdo con los datos que muestran que la mayor\u00eda de los productores de autom\u00f3viles est\u00e1n comprando moldes de autom\u00f3viles de los proveedores de moldes de Chin, y usted puede tener alguna pregunta \u00bfpor qu\u00e9 tantas compa\u00f1\u00edas de autom\u00f3viles compran moldes de autom\u00f3viles de China? Bueno, a continuaci\u00f3n puede darle una respuesta:<\/p>\n<ol>\n<li>Rentabilidad: Una de las principales razones para trabajar con proveedores chinos de moldes de automoci\u00f3n es la rentabilidad. China tiene una industria de fabricaci\u00f3n de moldes grande y muy competitiva, con costes de mano de obra m\u00e1s bajos, costes de material m\u00e1s bajos y gastos generales m\u00e1s asequibles que muchos otros pa\u00edses. Esto puede traducirse en precios m\u00e1s bajos para moldes de alta calidad que cumplen las normas internacionales.<\/li>\n<li>Capacidad de fabricaci\u00f3n: China tiene una industria de fabricaci\u00f3n grande y bien desarrollada, con tecnolog\u00eda y equipos avanzados, y un fuerte enfoque en el control de calidad. Los proveedores chinos de moldes de automoci\u00f3n tienen experiencia en la fabricaci\u00f3n de moldes para una amplia gama de aplicaciones, incluyendo geometr\u00edas complejas, moldes multicavidad y series de producci\u00f3n a gran escala.<\/li>\n<li>Amplia gama de materiales: Los proveedores chinos de moldes de automoci\u00f3n tienen acceso a una amplia gama de materiales, como pl\u00e1sticos, metales y materiales compuestos. Esto les permite seleccionar el material m\u00e1s adecuado para cada aplicaci\u00f3n, teniendo en cuenta factores como la durabilidad, el peso y el coste.<\/li>\n<li>Escalabilidad: Los proveedores chinos de moldes de automoci\u00f3n son capaces de producir moldes en grandes vol\u00famenes, lo que puede ser importante para los fabricantes de autom\u00f3viles con altos requisitos de producci\u00f3n. Los proveedores chinos tambi\u00e9n pueden ofrecer plazos de entrega r\u00e1pidos para pedidos urgentes.<\/li>\n<li>Experiencia t\u00e9cnica: China cuenta con una gran reserva de ingenieros y t\u00e9cnicos cualificados con experiencia en el dise\u00f1o y la fabricaci\u00f3n de moldes. Muchos proveedores de moldes chinos tienen una gran capacidad de I+D y pueden ofrecer soluciones personalizadas para satisfacer las necesidades espec\u00edficas de los clientes.<\/li>\n<\/ol>\n<p>Sin embargo, si se plantea trabajar con <em><strong>Proveedores de moldes de automoci\u00f3n en China<\/strong><\/em>Por eso es importante investigar a fondo, comprobar sus credenciales y revisar sus procesos de fabricaci\u00f3n para asegurarse de que cumplen sus expectativas de calidad y entrega.<\/p>\n<p>Tambi\u00e9n hay que tener en cuenta el idioma, la cultura, la log\u00edstica y los derechos de propiedad intelectual. Es importante elegir <a href=\"http:\/\/plas.co\/es_mx\/\">proveedores de moldes<\/a> que pueda satisfacer sus necesidades y requisitos espec\u00edficos, y que tenga un historial demostrado de entrega de productos de alta calidad a tiempo y dentro del presupuesto.<\/p>\n<\/div><\/section>","protected":false},"excerpt":{"rendered":"","protected":false},"author":1,"featured_media":931,"parent":17,"menu_order":0,"comment_status":"open","ping_status":"open","template":"","meta":{"footnotes":""},"class_list":["post-100","page","type-page","status-publish","has-post-thumbnail","hentry"],"_links":{"self":[{"href":"https:\/\/plas.co\/es_mx\/wp-json\/wp\/v2\/pages\/100","targetHints":{"allow":["GET"]}}],"collection":[{"href":"https:\/\/plas.co\/es_mx\/wp-json\/wp\/v2\/pages"}],"about":[{"href":"https:\/\/plas.co\/es_mx\/wp-json\/wp\/v2\/types\/page"}],"author":[{"embeddable":true,"href":"https:\/\/plas.co\/es_mx\/wp-json\/wp\/v2\/users\/1"}],"replies":[{"embeddable":true,"href":"https:\/\/plas.co\/es_mx\/wp-json\/wp\/v2\/comments?post=100"}],"version-history":[{"count":1,"href":"https:\/\/plas.co\/es_mx\/wp-json\/wp\/v2\/pages\/100\/revisions"}],"predecessor-version":[{"id":2818,"href":"https:\/\/plas.co\/es_mx\/wp-json\/wp\/v2\/pages\/100\/revisions\/2818"}],"up":[{"embeddable":true,"href":"https:\/\/plas.co\/es_mx\/wp-json\/wp\/v2\/pages\/17"}],"wp:featuredmedia":[{"embeddable":true,"href":"https:\/\/plas.co\/es_mx\/wp-json\/wp\/v2\/media\/931"}],"wp:attachment":[{"href":"https:\/\/plas.co\/es_mx\/wp-json\/wp\/v2\/media?parent=100"}],"curies":[{"name":"wp","href":"https:\/\/api.w.org\/{rel}","templated":true}]}}