{"id":146,"date":"2014-09-20T19:04:21","date_gmt":"2014-09-20T11:04:21","guid":{"rendered":"http:\/\/andy-mold.com\/?page_id=146"},"modified":"2016-02-14T14:13:57","modified_gmt":"2016-02-14T06:13:57","slug":"gestion-de-proyectos","status":"publish","type":"page","link":"https:\/\/plas.co\/es_mx\/ingenieria\/gestion-de-proyectos\/","title":{"rendered":"Gesti\u00f3n de proyectos"},"content":{"rendered":"<p>Gesti\u00f3n de proyectos de moldes de inyecci\u00f3n de pl\u00e1stico, Andy Mould cuenta con un equipo de ingenier\u00eda de proyectos. Este equipo tiene m\u00faltiples antecedentes de tecnolog\u00edas, no s\u00f3lo en pl\u00e1stico, sino tambi\u00e9n en metal y electr\u00f3nica. Cada proyecto ser\u00e1 seguido por un ingeniero de proyecto con experiencia, que llevar\u00e1 a cabo como l\u00edder del equipo de desarrollo de proyectos, soporte t\u00e9cnico al cliente, control de calidad, coordinaci\u00f3n entre departamentos durante todo el proceso de desarrollo.<br \/>\n<b>Rutina de trabajo<\/b><br \/>\nActualizaci\u00f3n semanal para el cliente<br \/>\nSeguimiento coherente de los hitos de creaci\u00f3n de herramientas<br \/>\nComunicaci\u00f3n diaria para cualquier problema<br \/>\nCerrar el proyecto mediante la producci\u00f3n en serie o la entrega de herramientas<\/p>\n<p>En estas tres etapas se requiere la aprobaci\u00f3n por escrito de nuestro cliente:<br \/>\nAprobaci\u00f3n del dise\u00f1o del molde<br \/>\nAprobaci\u00f3n de muestras<br \/>\nEntrega y aprobaci\u00f3n de moldes<\/p>\n<p><b>Posventa<\/b><br \/>\nLas piezas de repuesto podr\u00edan suministrarse despu\u00e9s de la venta<br \/>\nSugerencias de ingenier\u00eda disponibles si el cliente lo necesita<\/p>","protected":false},"excerpt":{"rendered":"<p>Plastic injection mould projects management, Andy Mould has a project engineering team. This team has multi-backgrounds of technologies, not only in plastic, but also metal and electronics. Each project will be followed by a experienced project engineer, who will conduct as the team leader of project development, customer technical support, quality control, cross-department coordinate during [&hellip;]<\/p>\n","protected":false},"author":1,"featured_media":0,"parent":22,"menu_order":0,"comment_status":"open","ping_status":"open","template":"","meta":{"footnotes":""},"class_list":["post-146","page","type-page","status-publish","hentry"],"_links":{"self":[{"href":"https:\/\/plas.co\/es_mx\/wp-json\/wp\/v2\/pages\/146","targetHints":{"allow":["GET"]}}],"collection":[{"href":"https:\/\/plas.co\/es_mx\/wp-json\/wp\/v2\/pages"}],"about":[{"href":"https:\/\/plas.co\/es_mx\/wp-json\/wp\/v2\/types\/page"}],"author":[{"embeddable":true,"href":"https:\/\/plas.co\/es_mx\/wp-json\/wp\/v2\/users\/1"}],"replies":[{"embeddable":true,"href":"https:\/\/plas.co\/es_mx\/wp-json\/wp\/v2\/comments?post=146"}],"version-history":[{"count":0,"href":"https:\/\/plas.co\/es_mx\/wp-json\/wp\/v2\/pages\/146\/revisions"}],"up":[{"embeddable":true,"href":"https:\/\/plas.co\/es_mx\/wp-json\/wp\/v2\/pages\/22"}],"wp:attachment":[{"href":"https:\/\/plas.co\/es_mx\/wp-json\/wp\/v2\/media?parent=146"}],"curies":[{"name":"wp","href":"https:\/\/api.w.org\/{rel}","templated":true}]}}