{"id":22,"date":"2014-09-20T14:35:50","date_gmt":"2014-09-20T06:35:50","guid":{"rendered":"http:\/\/andy-mold.com\/?page_id=22"},"modified":"2020-01-04T00:41:06","modified_gmt":"2020-01-03T16:41:06","slug":"ingenieria","status":"publish","type":"page","link":"https:\/\/plas.co\/es_mx\/ingenieria\/","title":{"rendered":"Ingenier\u00eda"},"content":{"rendered":"<p><strong>A <\/strong>El buen dise\u00f1o es el coraz\u00f3n de un molde, y Andy Mould presta especial atenci\u00f3n a la construcci\u00f3n del molde, los canales de refrigeraci\u00f3n y los mecanismos m\u00f3viles para garantizar la m\u00e1s alta calidad de las piezas que se entregan de su molde en el ciclo m\u00ednimo. Los ingenieros experimentados de Andy Mould har\u00edan el dise\u00f1o de molde bueno y de bajo coste y ayudar\u00edan al cliente a resolver los problemas en estructura y funci\u00f3n a los productos, tambi\u00e9n<\/p>\n<p>sugerencias profesionales para el desarrollo de nuevos productos.<\/p>\n<p>Software que utilizamos<br \/>\nAuto CAD, Pro\/E, UG, Solid works,<\/p>\n<p>Tambi\u00e9n realizamos an\u00e1lisis de flujo de moldes durante el periodo de dise\u00f1o de moldes.<br \/>\nProcedimiento de dise\u00f1o de moldes<\/p>\n<p>1. Reuni\u00f3n previa al dise\u00f1o<\/p>\n<p>2. Realizar el dise\u00f1o de acuerdo con las conclusiones y comprobarlo con el jefe de dise\u00f1o.<\/p>\n<p>3. Enviar al cliente para confirmar y hacer an\u00e1lisis<\/p>\n<p>4. Discutir con el cliente si hay alg\u00fan problema<\/p>\n<p>5. Realizar el dise\u00f1o final una vez aprobado<\/p>\n<p><img decoding=\"async\" class=\"alignleft wp-image-405 size-full\" src=\"http:\/\/plas.co\/wp-content\/uploads\/2014\/09\/IMG_1560.jpg\" alt=\"Departamento de dise\u00f1o\" width=\"1152\" height=\"768\" srcset=\"https:\/\/plas.co\/wp-content\/uploads\/2014\/09\/IMG_1560.jpg 1152w, https:\/\/plas.co\/wp-content\/uploads\/2014\/09\/IMG_1560-300x200.jpg 300w, https:\/\/plas.co\/wp-content\/uploads\/2014\/09\/IMG_1560-768x512.jpg 768w, https:\/\/plas.co\/wp-content\/uploads\/2014\/09\/IMG_1560-1024x683.jpg 1024w\" sizes=\"(max-width: 1152px) 100vw, 1152px\" \/><\/p>","protected":false},"excerpt":{"rendered":"<p>A good design is the heart of a mould, and Andy Mould pays special attention to the mould construction, cooling channels and moving mechanisms to ensure the highest quality parts are delivered from your mould at the minimum cycle. The\u00a0experienced\u00a0engineers\u00a0from\u00a0Andy Mould\u00a0would\u00a0make\u00a0the\u00a0good\u00a0and\u00a0low cost\u00a0mold\u00a0design\u00a0\u00a0and\u00a0help\u00a0customer\u00a0to\u00a0solve\u00a0the\u00a0issues\u00a0in\u00a0structure\u00a0and\u00a0function\u00a0to\u00a0the\u00a0products,\u00a0also professional \u00a0suggestions\u00a0to\u00a0your\u00a0new\u00a0product\u00a0development. Software\u00a0we\u00a0using Auto\u00a0CAD,\u00a0Pro\/E,\u00a0UG,\u00a0Solid works, We also do Mold flow Analysis during our [&hellip;]<\/p>\n","protected":false},"author":1,"featured_media":0,"parent":0,"menu_order":0,"comment_status":"open","ping_status":"open","template":"","meta":{"footnotes":""},"class_list":["post-22","page","type-page","status-publish","hentry"],"_links":{"self":[{"href":"https:\/\/plas.co\/es_mx\/wp-json\/wp\/v2\/pages\/22","targetHints":{"allow":["GET"]}}],"collection":[{"href":"https:\/\/plas.co\/es_mx\/wp-json\/wp\/v2\/pages"}],"about":[{"href":"https:\/\/plas.co\/es_mx\/wp-json\/wp\/v2\/types\/page"}],"author":[{"embeddable":true,"href":"https:\/\/plas.co\/es_mx\/wp-json\/wp\/v2\/users\/1"}],"replies":[{"embeddable":true,"href":"https:\/\/plas.co\/es_mx\/wp-json\/wp\/v2\/comments?post=22"}],"version-history":[{"count":0,"href":"https:\/\/plas.co\/es_mx\/wp-json\/wp\/v2\/pages\/22\/revisions"}],"wp:attachment":[{"href":"https:\/\/plas.co\/es_mx\/wp-json\/wp\/v2\/media?parent=22"}],"curies":[{"name":"wp","href":"https:\/\/api.w.org\/{rel}","templated":true}]}}