{"id":100,"date":"2014-09-20T16:18:58","date_gmt":"2014-09-20T08:18:58","guid":{"rendered":"http:\/\/andy-mold.com\/?page_id=100"},"modified":"2026-01-09T21:16:30","modified_gmt":"2026-01-09T13:16:30","slug":"autoteollisuuden-muotti","status":"publish","type":"page","link":"https:\/\/plas.co\/fi\/tuotteet\/autoteollisuuden-muotti\/","title":{"rendered":"Automotive Mould"},"content":{"rendered":"<div  class='flex_column av-8gcv8-2577ba9e0c13fce46414471b02123209 av_one_full  avia-builder-el-0  el_before_av_textblock  avia-builder-el-first  first flex_column_div'     ><style type=\"text\/css\" data-created_by=\"avia_inline_auto\" id=\"style-css-av-lel1ywqt-993f07fca39d4726bedded6a95944041\">\n#top .avia-gallery.av-lel1ywqt-993f07fca39d4726bedded6a95944041 .avia-gallery-thumb a{\nwidth:33.3333%;\n}\n<\/style>\n<div  class='avia-gallery av-lel1ywqt-993f07fca39d4726bedded6a95944041 avia_animate_when_visible  avia-builder-el-1  avia-builder-el-no-sibling  avia_lazyload avia-gallery-animate avia-gallery-1'  itemprop=\"image\" itemscope=\"itemscope\" itemtype=\"https:\/\/schema.org\/ImageObject\" ><meta itemprop=\"contentURL\" content=\"https:\/\/plas.co\/fi\/tuotteet\/autoteollisuuden-muotti\/\"><div class='avia-gallery-thumb'><a href=\"https:\/\/plas.co\/wp-content\/uploads\/2023\/02\/automotive-injection-mold-1.jpg\" data-srcset=\"https:\/\/plas.co\/wp-content\/uploads\/2023\/02\/automotive-injection-mold-1.jpg 800w, https:\/\/plas.co\/wp-content\/uploads\/2023\/02\/automotive-injection-mold-1-300x225.jpg 300w, https:\/\/plas.co\/wp-content\/uploads\/2023\/02\/automotive-injection-mold-1-768x576.jpg 768w, https:\/\/plas.co\/wp-content\/uploads\/2023\/02\/automotive-injection-mold-1-705x529.jpg 705w\" data-sizes=\"(max-width: 800px) 100vw, 800px\" data-rel='gallery-1' data-prev-img='https:\/\/plas.co\/wp-content\/uploads\/2023\/02\/automotive-injection-mold-1-495x400.jpg' class='first_thumb lightbox' data-onclick='1' title='autoteollisuuden ruiskuvalumuotti'  itemprop=\"thumbnailUrl\"  ><img decoding=\"async\" fetchpriority=\"high\" class=\"wp-image-936 avia-img-lazy-loading-not-936\"   src=\"https:\/\/plas.co\/wp-content\/uploads\/2023\/02\/automotive-injection-mold-1-495x400.jpg\" width=\"495\" height=\"400\"  title='autoteollisuuden ruiskuvalumuotti' alt='autoteollisuuden ruiskuvalumuotti' \/><div class='big-prev-fake'><img decoding=\"async\" loading=\"lazy\" class=\"wp-image-936 avia-img-lazy-loading-936\"  width=\"495\" height=\"400\" src=\"https:\/\/plas.co\/wp-content\/uploads\/2023\/02\/automotive-injection-mold-1-495x400.jpg\" title='autoteollisuuden ruiskuvalumuotti' alt='autoteollisuuden ruiskuvalumuotti' \/><\/div><\/a><a href=\"https:\/\/plas.co\/wp-content\/uploads\/2023\/02\/automotive-mould-factory.jpg\" data-srcset=\"https:\/\/plas.co\/wp-content\/uploads\/2023\/02\/automotive-mould-factory.jpg 800w, https:\/\/plas.co\/wp-content\/uploads\/2023\/02\/automotive-mould-factory-300x225.jpg 300w, https:\/\/plas.co\/wp-content\/uploads\/2023\/02\/automotive-mould-factory-768x576.jpg 768w, https:\/\/plas.co\/wp-content\/uploads\/2023\/02\/automotive-mould-factory-705x529.jpg 705w\" data-sizes=\"(max-width: 800px) 100vw, 800px\" data-rel='gallery-1' data-prev-img='https:\/\/plas.co\/wp-content\/uploads\/2023\/02\/automotive-mould-factory-495x400.jpg' class='lightbox' data-onclick='2' title='autoteollisuuden muotitehdas'  itemprop=\"thumbnailUrl\"  ><img decoding=\"async\" fetchpriority=\"high\" class=\"wp-image-938 avia-img-lazy-loading-not-938\"   src=\"https:\/\/plas.co\/wp-content\/uploads\/2023\/02\/automotive-mould-factory-495x400.jpg\" width=\"495\" height=\"400\"  title='autoteollisuuden muotitehdas' alt='autoteollisuuden muotitehdas' \/><div class='big-prev-fake'><img decoding=\"async\" loading=\"lazy\" class=\"wp-image-938 avia-img-lazy-loading-938\"  width=\"495\" height=\"400\" src=\"https:\/\/plas.co\/wp-content\/uploads\/2023\/02\/automotive-mould-factory-495x400.jpg\" title='autoteollisuuden muotitehdas' alt='autoteollisuuden muotitehdas' \/><\/div><\/a><a href=\"https:\/\/plas.co\/wp-content\/uploads\/2023\/02\/automotive-parts-mould.jpg\" data-srcset=\"https:\/\/plas.co\/wp-content\/uploads\/2023\/02\/automotive-parts-mould.jpg 600w, https:\/\/plas.co\/wp-content\/uploads\/2023\/02\/automotive-parts-mould-225x300.jpg 225w, https:\/\/plas.co\/wp-content\/uploads\/2023\/02\/automotive-parts-mould-529x705.jpg 529w\" data-sizes=\"(max-width: 600px) 100vw, 600px\" data-rel='gallery-1' data-prev-img='https:\/\/plas.co\/wp-content\/uploads\/2023\/02\/automotive-parts-mould-495x400.jpg' class='lightbox' data-onclick='3' title='autonosien muotti'  itemprop=\"thumbnailUrl\"  ><img decoding=\"async\" fetchpriority=\"high\" class=\"wp-image-941 avia-img-lazy-loading-not-941\"   src=\"https:\/\/plas.co\/wp-content\/uploads\/2023\/02\/automotive-parts-mould-495x400.jpg\" width=\"495\" height=\"400\"  title='autonosien muotti' alt='autonosien muotti' \/><div class='big-prev-fake'><img decoding=\"async\" loading=\"lazy\" class=\"wp-image-941 avia-img-lazy-loading-941\"  width=\"495\" height=\"400\" src=\"https:\/\/plas.co\/wp-content\/uploads\/2023\/02\/automotive-parts-mould-495x400.jpg\" title='autonosien muotti' alt='autonosien muotti' \/><\/div><\/a><a href=\"https:\/\/plas.co\/wp-content\/uploads\/2023\/02\/automotive-plastic-mould.jpg\" data-srcset=\"https:\/\/plas.co\/wp-content\/uploads\/2023\/02\/automotive-plastic-mould.jpg 800w, https:\/\/plas.co\/wp-content\/uploads\/2023\/02\/automotive-plastic-mould-300x225.jpg 300w, https:\/\/plas.co\/wp-content\/uploads\/2023\/02\/automotive-plastic-mould-768x576.jpg 768w, https:\/\/plas.co\/wp-content\/uploads\/2023\/02\/automotive-plastic-mould-705x529.jpg 705w\" data-sizes=\"(max-width: 800px) 100vw, 800px\" data-rel='gallery-1' data-prev-img='https:\/\/plas.co\/wp-content\/uploads\/2023\/02\/automotive-plastic-mould-495x400.jpg' class='first_thumb lightbox' data-onclick='4' title='autoteollisuuden muovimuotti'  itemprop=\"thumbnailUrl\"  ><img decoding=\"async\" fetchpriority=\"high\" class=\"wp-image-942 avia-img-lazy-loading-not-942\"   src=\"https:\/\/plas.co\/wp-content\/uploads\/2023\/02\/automotive-plastic-mould-495x400.jpg\" width=\"495\" height=\"400\"  title='autoteollisuuden muovimuotti' alt='autoteollisuuden muovimuotti' \/><div class='big-prev-fake'><img decoding=\"async\" loading=\"lazy\" class=\"wp-image-942 avia-img-lazy-loading-942\"  width=\"495\" height=\"400\" src=\"https:\/\/plas.co\/wp-content\/uploads\/2023\/02\/automotive-plastic-mould-495x400.jpg\" title='autoteollisuuden muovimuotti' alt='autoteollisuuden muovimuotti' \/><\/div><\/a><a href=\"https:\/\/plas.co\/wp-content\/uploads\/2023\/02\/China-automotive-mold-maker.jpg\" data-srcset=\"https:\/\/plas.co\/wp-content\/uploads\/2023\/02\/China-automotive-mold-maker.jpg 600w, https:\/\/plas.co\/wp-content\/uploads\/2023\/02\/China-automotive-mold-maker-225x300.jpg 225w, https:\/\/plas.co\/wp-content\/uploads\/2023\/02\/China-automotive-mold-maker-529x705.jpg 529w\" data-sizes=\"(max-width: 600px) 100vw, 600px\" data-rel='gallery-1' data-prev-img='https:\/\/plas.co\/wp-content\/uploads\/2023\/02\/China-automotive-mold-maker-495x400.jpg' class='lightbox' data-onclick='5' title='Kiina autoteollisuuden muotin valmistaja'  itemprop=\"thumbnailUrl\"  ><img decoding=\"async\" fetchpriority=\"high\" class=\"wp-image-943 avia-img-lazy-loading-not-943\"   src=\"https:\/\/plas.co\/wp-content\/uploads\/2023\/02\/China-automotive-mold-maker-495x400.jpg\" width=\"495\" height=\"400\"  title='Kiina autoteollisuuden muotin valmistaja' alt='Kiina autoteollisuuden muotin valmistaja' \/><div class='big-prev-fake'><img decoding=\"async\" loading=\"lazy\" class=\"wp-image-943 avia-img-lazy-loading-943\"  width=\"495\" height=\"400\" src=\"https:\/\/plas.co\/wp-content\/uploads\/2023\/02\/China-automotive-mold-maker-495x400.jpg\" title='Kiina autoteollisuuden muotin valmistaja' alt='Kiina autoteollisuuden muotin valmistaja' \/><\/div><\/a><a href=\"https:\/\/plas.co\/wp-content\/uploads\/2023\/02\/china-automotive-mould.jpg\" data-srcset=\"https:\/\/plas.co\/wp-content\/uploads\/2023\/02\/china-automotive-mould.jpg 600w, https:\/\/plas.co\/wp-content\/uploads\/2023\/02\/china-automotive-mould-225x300.jpg 225w, https:\/\/plas.co\/wp-content\/uploads\/2023\/02\/china-automotive-mould-529x705.jpg 529w\" data-sizes=\"(max-width: 600px) 100vw, 600px\" data-rel='gallery-1' data-prev-img='https:\/\/plas.co\/wp-content\/uploads\/2023\/02\/china-automotive-mould-495x400.jpg' class='lightbox' data-onclick='6' title='kiinalainen autoteollisuuden muotti'  itemprop=\"thumbnailUrl\"  ><img decoding=\"async\" fetchpriority=\"high\" class=\"wp-image-944 avia-img-lazy-loading-not-944\"   src=\"https:\/\/plas.co\/wp-content\/uploads\/2023\/02\/china-automotive-mould-495x400.jpg\" width=\"495\" height=\"400\"  title='kiinalainen autoteollisuuden muotti' alt='kiinalainen autoteollisuuden muotti' \/><div class='big-prev-fake'><img decoding=\"async\" loading=\"lazy\" class=\"wp-image-944 avia-img-lazy-loading-944\"  width=\"495\" height=\"400\" src=\"https:\/\/plas.co\/wp-content\/uploads\/2023\/02\/china-automotive-mould-495x400.jpg\" title='kiinalainen autoteollisuuden muotti' alt='kiinalainen autoteollisuuden muotti' \/><\/div><\/a><\/div><\/div><\/div>\n<section  class='av_textblock_section av-lel30rvk-cf1539555210428ee0eb928e39734301'   itemscope=\"itemscope\" itemtype=\"https:\/\/schema.org\/CreativeWork\" ><div class='avia_textblock'  itemprop=\"text\" ><div id=\"ez-toc-container\" class=\"ez-toc-v2_0_82_2 counter-hierarchy ez-toc-counter ez-toc-grey ez-toc-container-direction\">\n<div class=\"ez-toc-title-container\">\n<p class=\"ez-toc-title\" style=\"cursor:inherit\">Sis\u00e4llysluettelo<\/p>\n<span class=\"ez-toc-title-toggle\"><a href=\"#\" class=\"ez-toc-pull-right ez-toc-btn ez-toc-btn-xs ez-toc-btn-default ez-toc-toggle\" aria-label=\"Sis\u00e4llysluettelon vaihtaminen\"><span class=\"ez-toc-js-icon-con\"><span class=\"\"><span class=\"eztoc-hide\" style=\"display:none;\">Toggle<\/span><span class=\"ez-toc-icon-toggle-span\"><svg style=\"fill: #999;color:#999\" xmlns=\"http:\/\/www.w3.org\/2000\/svg\" class=\"list-377408\" width=\"20px\" height=\"20px\" viewbox=\"0 0 24 24\" fill=\"none\"><path d=\"M6 6H4v2h2V6zm14 0H8v2h12V6zM4 11h2v2H4v-2zm16 0H8v2h12v-2zM4 16h2v2H4v-2zm16 0H8v2h12v-2z\" fill=\"currentColor\"><\/path><\/svg><svg style=\"fill: #999;color:#999\" class=\"arrow-unsorted-368013\" xmlns=\"http:\/\/www.w3.org\/2000\/svg\" width=\"10px\" height=\"10px\" viewbox=\"0 0 24 24\" version=\"1.2\" baseprofile=\"tiny\"><path d=\"M18.2 9.3l-6.2-6.3-6.2 6.3c-.2.2-.3.4-.3.7s.1.5.3.7c.2.2.4.3.7.3h11c.3 0 .5-.1.7-.3.2-.2.3-.5.3-.7s-.1-.5-.3-.7zM5.8 14.7l6.2 6.3 6.2-6.3c.2-.2.3-.5.3-.7s-.1-.5-.3-.7c-.2-.2-.4-.3-.7-.3h-11c-.3 0-.5.1-.7.3-.2.2-.3.5-.3.7s.1.5.3.7z\"\/><\/svg><\/span><\/span><\/span><\/a><\/span><\/div>\n<nav><ul class='ez-toc-list ez-toc-list-level-1' ><li class='ez-toc-page-1 ez-toc-heading-level-2'><a class=\"ez-toc-link ez-toc-heading-1\" href=\"https:\/\/plas.co\/fi\/tuotteet\/autoteollisuuden-muotti\/#What_is_Automotive_Mould\" >Mik\u00e4 on Automotive Mould<\/a><ul class='ez-toc-list-level-3' ><li class='ez-toc-heading-level-3'><a class=\"ez-toc-link ez-toc-heading-2\" href=\"https:\/\/plas.co\/fi\/tuotteet\/autoteollisuuden-muotti\/#Type_of_Automotive_Mould\" >Autoteollisuuden muotin tyyppi<\/a><\/li><li class='ez-toc-page-1 ez-toc-heading-level-3'><a class=\"ez-toc-link ez-toc-heading-3\" href=\"https:\/\/plas.co\/fi\/tuotteet\/autoteollisuuden-muotti\/#Applications_of_Automotive_Mould\" >Automotive Mouldin sovellukset<\/a><\/li><li class='ez-toc-page-1 ez-toc-heading-level-3'><a class=\"ez-toc-link ez-toc-heading-4\" href=\"https:\/\/plas.co\/fi\/tuotteet\/autoteollisuuden-muotti\/#Which_country_of_automotive_mould_suppliers_that_you_should_work_with\" >Mink\u00e4 maan autoteollisuuden muottien toimittajien kanssa sinun pit\u00e4isi ty\u00f6skennell\u00e4?<\/a><\/li><\/ul><\/li><\/ul><\/nav><\/div>\n<h2><span class=\"ez-toc-section\" id=\"What_is_Automotive_Mould\"><\/span>Mik\u00e4 on Automotive Mould<span class=\"ez-toc-section-end\"><\/span><\/h2>\n<p><a href=\"https:\/\/plas.co\/fi\/tuotteet\/autoteollisuuden-muotti\/\"><em><strong>Autoteollisuuden muotit<\/strong><\/em><\/a>, joka tunnetaan my\u00f6s nimell\u00e4 auton muotti tai <a href=\"http:\/\/www.sheetmetalmasion.com\" target=\"_blank\" rel=\"noopener\">automuotti<\/a>, on ty\u00f6kalu, jota k\u00e4ytet\u00e4\u00e4n autojen eri osien ja komponenttien valmistusprosessissa. Se on laite, jota k\u00e4ytet\u00e4\u00e4n materiaalien, kuten muovien, metallien ja komposiittien, muokkaamiseen ja muotoilemiseen lopputuotteen haluttuun muotoon,<\/p>\n<p>Autoteollisuuden muotit voivat olla erilaisia riippuen valmistettavan osan monimutkaisuudesta. Esimerkiksi ruiskuvalumuotteja k\u00e4ytet\u00e4\u00e4n valmistamaan autojen muoviosia, joiden geometria on monimutkainen, kun taas puristusmuotteja k\u00e4ytet\u00e4\u00e4n suurten ja paksujen osien, kuten puskureiden ja kojelautojen, valmistamiseen komposiittimateriaaleista.<\/p>\n<p>Autoteollisuuden muottien k\u00e4ytt\u00f6 valmistusprosessissa mahdollistaa suuren tarkkuuden ja t\u00e4sm\u00e4llisyyden sek\u00e4 kyvyn valmistaa suuria m\u00e4\u00e4ri\u00e4 komponentteja tasaisella laadulla. Muottien k\u00e4ytt\u00f6 auttaa my\u00f6s v\u00e4hent\u00e4m\u00e4\u00e4n j\u00e4tett\u00e4 ja lis\u00e4\u00e4m\u00e4\u00e4n tehokkuutta valmistusprosessissa. t\u00e4m\u00e4 on sivu, josta me tarkoituksella puhumme. <a href=\"http:\/\/plas.co\/fi\/autoteollisuuden-ruiskuvalumuotti\/\">autoteollisuuden ruiskuvalumuotti<\/a>.<\/p>\n<h3><span class=\"ez-toc-section\" id=\"Type_of_Automotive_Mould\"><\/span>Autoteollisuuden muotin tyyppi<span class=\"ez-toc-section-end\"><\/span><\/h3>\n<p>Autojen muotteja k\u00e4ytet\u00e4\u00e4n autojen eri osien ja komponenttien valmistusprosessissa. Autoteollisuuden muotteja on monenlaisia, t\u00e4ss\u00e4 on joitakin autoteollisuuden muottien tyyppej\u00e4:<\/p>\n<ol>\n<li>Ruiskuvalumuotit: N\u00e4it\u00e4 muotteja k\u00e4ytet\u00e4\u00e4n autojen muoviosien valmistukseen. Ruiskuvalu on suosittu tapa tuottaa suuria m\u00e4\u00e4ri\u00e4 muovikomponentteja, joilla on monimutkainen geometria, ja t\u00e4m\u00e4 on my\u00f6s meid\u00e4n keskim\u00e4\u00e4r\u00e4inen liiketoimintamme, jos tarvitset autoteollisuuden ruiskuvalumuotteja, ota meihin yhteytt\u00e4 saadaksesi hinnan.<\/li>\n<li>Puristusmuotit: N\u00e4it\u00e4 muotteja k\u00e4ytet\u00e4\u00e4n suurten ja paksujen autojen osien, kuten puskureiden ja kojelautojen, valmistamiseen komposiittimateriaaleista.<\/li>\n<li>Puhallusmuotit: N\u00e4it\u00e4 muotteja k\u00e4ytet\u00e4\u00e4n onttojen muoviosien, kuten polttoaines\u00e4ili\u00f6iden ja ilmakanavien, valmistamiseen.<\/li>\n<li>L\u00e4mp\u00f6muovausmuotit: N\u00e4it\u00e4 muotteja k\u00e4ytet\u00e4\u00e4n sellaisten muoviosien valmistukseen, joissa on matala syvyys, kuten ovipaneelit ja kojelaudat.<\/li>\n<li>Valumuotit: N\u00e4it\u00e4 muotteja k\u00e4ytet\u00e4\u00e4n metallikomponenttien, kuten moottorilohkojen ja vaihteistokoteloiden, valmistamiseen korkeapaineruiskutusprosessilla.<\/li>\n<li>Kumimuotit: N\u00e4it\u00e4 muotteja k\u00e4ytet\u00e4\u00e4n kumisten komponenttien, kuten tiivisteiden ja tiivisteiden, valmistamiseen autoteollisuuden sovelluksiin.<\/li>\n<li>Ekstruusiomuotit: N\u00e4it\u00e4 muotteja k\u00e4ytet\u00e4\u00e4n pitkien muoviosien, kuten ikkunatiivisteiden ja s\u00e4\u00e4suojien, valmistamiseen pakottamalla materiaali muotin l\u00e4pi.<\/li>\n<\/ol>\n<p>Kullakin automuottityypill\u00e4 on omat ainutlaatuiset etunsa ja haittansa, ja muotin valinta riippuu valmistettavan osan erityisvaatimuksista.<\/p>\n<h3><span class=\"ez-toc-section\" id=\"Applications_of_Automotive_Mould\"><\/span>Automotive Mouldin sovellukset<span class=\"ez-toc-section-end\"><\/span><\/h3>\n<p><a href=\"https:\/\/www.plasticmold.net\/injection-molding-automotive\/\" target=\"_blank\" rel=\"noopener\">Autoteollisuuden muotit<\/a> on monenlaisia sovelluksia autoteollisuudessa. Seuraavassa on lueteltu joitakin autoteollisuuden muottien k\u00e4ytt\u00f6kohteita:<\/p>\n<ol>\n<li>Ulkoiset osat: Muotteja k\u00e4ytet\u00e4\u00e4n ajoneuvojen erilaisten ulkokomponenttien, kuten puskureiden, s\u00e4leikk\u00f6jen, lokasuojien, konepeltien ja ovien valmistukseen.<\/li>\n<li>Sis\u00e4tilojen osat: Muotteja k\u00e4ytet\u00e4\u00e4n ajoneuvojen sis\u00e4osien, kuten kojelaudan, ovipaneelien, istuinten ja ohjauspy\u00f6rien valmistukseen.<\/li>\n<li>Valaistuskomponentit: Ajoneuvojen valaisimien komponentteja, kuten ajovaloja, takavaloja ja k\u00e4\u00e4ntymisvalojen linssej\u00e4, valmistetaan autojen valaisinmuottien avulla.<\/li>\n<li>Moottorin osat: Muotteja k\u00e4ytet\u00e4\u00e4n ajoneuvojen moottorin eri osien, kuten moottorilohkojen, sylinterinp\u00e4iden ja imusarjan valmistukseen.<\/li>\n<li>Voimansiirron komponentit: Muotteja k\u00e4ytet\u00e4\u00e4n ajoneuvojen eri voimansiirtokomponenttien, kuten vaihteistokoteloiden ja hammaspy\u00f6rien, valmistukseen.<\/li>\n<li>Jousituksen osat: Jousitusosat: Autoteollisuuden muotteja k\u00e4ytet\u00e4\u00e4n ajoneuvojen erilaisten jousitusosien, kuten ohjausvarsien ja pallonivelten, valmistukseen.<\/li>\n<li>S\u00e4hk\u00f6iset komponentit: Muotteja k\u00e4ytet\u00e4\u00e4n erilaisten ajoneuvojen s\u00e4hk\u00f6komponenttien, kuten johdinsarjojen ja liittimien, valmistukseen.<\/li>\n<\/ol>\n<p>Yhteenvetona voidaan todeta, ett\u00e4 autoteollisuuden muotteja k\u00e4ytet\u00e4\u00e4n l\u00e4hes kaikkien ajoneuvon osien valmistusprosessissa, korista ja sisustuksesta moottoriin ja s\u00e4hk\u00f6j\u00e4rjestelm\u00e4\u00e4n.<\/p>\n<h3><span class=\"ez-toc-section\" id=\"Which_country_of_automotive_mould_suppliers_that_you_should_work_with\"><\/span>Mink\u00e4 maan autoteollisuuden muottien toimittajien kanssa sinun pit\u00e4isi ty\u00f6skennell\u00e4?<span class=\"ez-toc-section-end\"><\/span><\/h3>\n<p>Monet maat ovat vahvasti l\u00e4sn\u00e4 autoteollisuudessa ja ovat kehitt\u00e4neet asiantuntemusta muottien valmistuksessa. Joitakin huippumaita <em><strong>autoteollisuuden muottien toimittajat<\/strong><\/em> ovat Kiina, Saksa, Japani, Yhdysvallat ja Etel\u00e4-Korea. Kullakin n\u00e4ist\u00e4 maista voi kuitenkin olla erilaisia vahvuuksia ja heikkouksia, ja on t\u00e4rke\u00e4\u00e4 ottaa huomioon esimerkiksi kieli, kulttuuri, logistiikka ja teollis- ja tekij\u00e4noikeudet.<\/p>\n<p>Toimittajaa valittaessa on t\u00e4rke\u00e4\u00e4 tehd\u00e4 perusteellinen tutkimus, tarkistaa toimittajan valtakirjat ja tarkistaa valmistusprosessit. On my\u00f6s hyv\u00e4 idea pyyt\u00e4\u00e4 n\u00e4ytteit\u00e4 ja tavata toimittaja henkil\u00f6kohtaisesti, jos mahdollista, jotta voidaan varmistaa, ett\u00e4 se pystyy t\u00e4ytt\u00e4m\u00e4\u00e4n erityistarpeet ja -vaatimukset. Viime k\u00e4dess\u00e4 valinta siit\u00e4, mink\u00e4 maan kanssa ty\u00f6skennell\u00e4, riippuu yksil\u00f6llisist\u00e4 tarpeistasi ja mieltymyksist\u00e4si.<\/p>\n<div id=\"attachment_937\" style=\"width: 810px\" class=\"wp-caption aligncenter\"><a href=\"http:\/\/plas.co\/wp-content\/uploads\/2023\/02\/automotive-molds-1.jpg\"><img decoding=\"async\" aria-describedby=\"caption-attachment-937\" class=\"wp-image-937 size-full\" src=\"http:\/\/plas.co\/wp-content\/uploads\/2023\/02\/automotive-molds-1.jpg\" alt=\"Autoteollisuuden muotit\" width=\"800\" height=\"600\" srcset=\"https:\/\/plas.co\/wp-content\/uploads\/2023\/02\/automotive-molds-1.jpg 800w, https:\/\/plas.co\/wp-content\/uploads\/2023\/02\/automotive-molds-1-300x225.jpg 300w, https:\/\/plas.co\/wp-content\/uploads\/2023\/02\/automotive-molds-1-768x576.jpg 768w, https:\/\/plas.co\/wp-content\/uploads\/2023\/02\/automotive-molds-1-705x529.jpg 705w\" sizes=\"(max-width: 800px) 100vw, 800px\" \/><\/a><p id=\"caption-attachment-937\" class=\"wp-caption-text\">Autoteollisuuden muotit<\/p><\/div>\n<p>Tietojen mukaan, jotka osoittavat, ett\u00e4 suurin osa autonvalmistajista ostaa autojen muotteja Kiinan muotin toimittajilta, ja sinulla voi olla kysymys, miksi niin monet autoteollisuusyritykset ostavat autojen muotteja Kiinasta? No, alla oleva voi antaa sinulle vastauksen:<\/p>\n<ol>\n<li>Kustannustehokkuus: Yksi t\u00e4rkeimmist\u00e4 syist\u00e4 ty\u00f6skennell\u00e4 kiinalaisten autoteollisuuden muottien toimittajien kanssa on kustannustehokkuus. Kiinassa on laaja ja eritt\u00e4in kilpailukykyinen muottien valmistusteollisuus, jossa ty\u00f6voimakustannukset ovat alhaisemmat, materiaalikustannukset alhaisemmat ja yleiskustannukset edullisemmat kuin monissa muissa maissa. T\u00e4m\u00e4 voi johtaa kansainv\u00e4listen standardien mukaisten korkealaatuisten muottien alhaisempiin hintoihin.<\/li>\n<li>Valmistuskapasiteetti: Kiinassa on laaja ja hyvin kehittynyt valmistusteollisuus, jossa on kehittynytt\u00e4 teknologiaa ja laitteita ja jossa laadunvalvontaan panostetaan voimakkaasti. Kiinalaisilla autoteollisuuden muottien toimittajilla on kokemusta muottien valmistuksesta monenlaisiin sovelluksiin, mukaan lukien monimutkaiset geometriat, monikoloiset muotit ja suuren mittakaavan tuotantosarjat.<\/li>\n<li>Laaja valikoima materiaaleja: Materiaalivalikoima: Kiinalaisilla autoteollisuuden muottien toimittajilla on k\u00e4ytett\u00e4viss\u00e4\u00e4n laaja valikoima materiaaleja, kuten muoveja, metalleja ja komposiitteja. N\u00e4in he voivat valita kuhunkin sovellukseen sopivimman materiaalin ottaen huomioon sellaiset tekij\u00e4t kuin kest\u00e4vyys, paino ja kustannukset.<\/li>\n<li>Skaalautuvuus: T\u00e4m\u00e4 voi olla t\u00e4rke\u00e4\u00e4 autonvalmistajille, joilla on korkeat tuotantovaatimukset. Kiinalaiset toimittajat voivat my\u00f6s tarjota nopeat toimitusajat kiireellisille tilauksille.<\/li>\n<li>Tekninen asiantuntemus: Kiinassa on paljon ammattitaitoisia insin\u00f6\u00f6rej\u00e4 ja teknikkoja, joilla on asiantuntemusta muottien suunnittelusta ja valmistuksesta. Monilla kiinalaisilla muottien toimittajilla on vahvat T&amp;K-valmiudet, ja ne voivat tarjota r\u00e4\u00e4t\u00e4l\u00f6ityj\u00e4 ratkaisuja asiakkaiden erityisvaatimusten t\u00e4ytt\u00e4miseksi.<\/li>\n<\/ol>\n<p>Kun kuitenkin harkitaan ty\u00f6skentely\u00e4 <em><strong>Kiina autoteollisuuden muotin toimittajat<\/strong><\/em>, on t\u00e4rke\u00e4\u00e4 tehd\u00e4 perusteellinen tutkimus, tarkistaa heid\u00e4n valtakirjansa ja tarkistaa heid\u00e4n valmistusprosessinsa varmistaaksesi, ett\u00e4 he t\u00e4ytt\u00e4v\u00e4t laatu- ja toimitusodotuksesi.<\/p>\n<p>My\u00f6s kieli, kulttuuri, logistiikka ja teollis- ja tekij\u00e4noikeudet olisi otettava huomioon. On t\u00e4rke\u00e4\u00e4 valita <a href=\"http:\/\/plas.co\/fi\/\">muottien toimittajat<\/a> joka pystyy vastaamaan erityistarpeisiisi ja -vaatimuksiisi ja jolla on todistetusti kokemusta laadukkaiden tuotteiden toimittamisesta ajallaan ja budjetin puitteissa.<\/p>\n<\/div><\/section>","protected":false},"excerpt":{"rendered":"","protected":false},"author":1,"featured_media":931,"parent":17,"menu_order":0,"comment_status":"open","ping_status":"open","template":"","meta":{"footnotes":""},"class_list":["post-100","page","type-page","status-publish","has-post-thumbnail","hentry"],"_links":{"self":[{"href":"https:\/\/plas.co\/fi\/wp-json\/wp\/v2\/pages\/100","targetHints":{"allow":["GET"]}}],"collection":[{"href":"https:\/\/plas.co\/fi\/wp-json\/wp\/v2\/pages"}],"about":[{"href":"https:\/\/plas.co\/fi\/wp-json\/wp\/v2\/types\/page"}],"author":[{"embeddable":true,"href":"https:\/\/plas.co\/fi\/wp-json\/wp\/v2\/users\/1"}],"replies":[{"embeddable":true,"href":"https:\/\/plas.co\/fi\/wp-json\/wp\/v2\/comments?post=100"}],"version-history":[{"count":1,"href":"https:\/\/plas.co\/fi\/wp-json\/wp\/v2\/pages\/100\/revisions"}],"predecessor-version":[{"id":2818,"href":"https:\/\/plas.co\/fi\/wp-json\/wp\/v2\/pages\/100\/revisions\/2818"}],"up":[{"embeddable":true,"href":"https:\/\/plas.co\/fi\/wp-json\/wp\/v2\/pages\/17"}],"wp:featuredmedia":[{"embeddable":true,"href":"https:\/\/plas.co\/fi\/wp-json\/wp\/v2\/media\/931"}],"wp:attachment":[{"href":"https:\/\/plas.co\/fi\/wp-json\/wp\/v2\/media?parent=100"}],"curies":[{"name":"wp","href":"https:\/\/api.w.org\/{rel}","templated":true}]}}