{"id":103,"date":"2014-09-20T16:59:07","date_gmt":"2014-09-20T08:59:07","guid":{"rendered":"http:\/\/andy-mold.com\/?page_id=103"},"modified":"2023-02-24T22:57:10","modified_gmt":"2023-02-24T14:57:10","slug":"ruiskuvalupakkaukset","status":"publish","type":"page","link":"https:\/\/plas.co\/fi\/ruiskuvalupakkaukset\/","title":{"rendered":"Ruiskuvalupakkaukset"},"content":{"rendered":"<div  class='flex_column av-av_one_full-7714eba142aeda1f8b5272a3c372b279 av_one_full  avia-builder-el-0  avia-builder-el-no-sibling  first flex_column_div'     ><section  class='av_textblock_section av-leinkoqn-2ce71e3bca6dba456b9c8fbc10182ea3'   itemscope=\"itemscope\" itemtype=\"https:\/\/schema.org\/CreativeWork\" ><div class='avia_textblock'  itemprop=\"text\" ><div id=\"ez-toc-container\" class=\"ez-toc-v2_0_82_2 counter-hierarchy ez-toc-counter ez-toc-grey ez-toc-container-direction\">\n<div class=\"ez-toc-title-container\">\n<p class=\"ez-toc-title\" style=\"cursor:inherit\">Sis\u00e4llysluettelo<\/p>\n<span class=\"ez-toc-title-toggle\"><a href=\"#\" class=\"ez-toc-pull-right ez-toc-btn ez-toc-btn-xs ez-toc-btn-default ez-toc-toggle\" aria-label=\"Sis\u00e4llysluettelon vaihtaminen\"><span class=\"ez-toc-js-icon-con\"><span class=\"\"><span class=\"eztoc-hide\" style=\"display:none;\">Toggle<\/span><span class=\"ez-toc-icon-toggle-span\"><svg style=\"fill: #999;color:#999\" xmlns=\"http:\/\/www.w3.org\/2000\/svg\" class=\"list-377408\" width=\"20px\" height=\"20px\" viewbox=\"0 0 24 24\" fill=\"none\"><path d=\"M6 6H4v2h2V6zm14 0H8v2h12V6zM4 11h2v2H4v-2zm16 0H8v2h12v-2zM4 16h2v2H4v-2zm16 0H8v2h12v-2z\" fill=\"currentColor\"><\/path><\/svg><svg style=\"fill: #999;color:#999\" class=\"arrow-unsorted-368013\" xmlns=\"http:\/\/www.w3.org\/2000\/svg\" width=\"10px\" height=\"10px\" viewbox=\"0 0 24 24\" version=\"1.2\" baseprofile=\"tiny\"><path d=\"M18.2 9.3l-6.2-6.3-6.2 6.3c-.2.2-.3.4-.3.7s.1.5.3.7c.2.2.4.3.7.3h11c.3 0 .5-.1.7-.3.2-.2.3-.5.3-.7s-.1-.5-.3-.7zM5.8 14.7l6.2 6.3 6.2-6.3c.2-.2.3-.5.3-.7s-.1-.5-.3-.7c-.2-.2-.4-.3-.7-.3h-11c-.3 0-.5.1-.7.3-.2.2-.3.5-.3.7s.1.5.3.7z\"\/><\/svg><\/span><\/span><\/span><\/a><\/span><\/div>\n<nav><ul class='ez-toc-list ez-toc-list-level-1' ><li class='ez-toc-page-1 ez-toc-heading-level-2'><a class=\"ez-toc-link ez-toc-heading-1\" href=\"https:\/\/plas.co\/fi\/ruiskuvalupakkaukset\/#What_is_injection_mold_packaging\" >Mik\u00e4 on ruiskuvalupakkaus<\/a><ul class='ez-toc-list-level-3' ><li class='ez-toc-heading-level-3'><a class=\"ez-toc-link ez-toc-heading-2\" href=\"https:\/\/plas.co\/fi\/ruiskuvalupakkaukset\/#Section_1_The_Benefits_of_Injection_Molding_for_Packaging\" >Jakso 1: Pakkausten ruiskupuristamisen edut<\/a><\/li><li class='ez-toc-page-1 ez-toc-heading-level-3'><a class=\"ez-toc-link ez-toc-heading-3\" href=\"https:\/\/plas.co\/fi\/ruiskuvalupakkaukset\/#Section_2_The_Different_Types_of_Materials_Used_in_Injection_Molding_for_Packaging\" >Jakso 2: Pakkausten ruiskupuristuksessa k\u00e4ytett\u00e4v\u00e4t eri materiaalityypit<\/a><\/li><li class='ez-toc-page-1 ez-toc-heading-level-3'><a class=\"ez-toc-link ez-toc-heading-4\" href=\"https:\/\/plas.co\/fi\/ruiskuvalupakkaukset\/#Section_3_The_Process_of_Injection_Molding\" >3 jakso: Ruiskuvaluprosessi<\/a><\/li><li class='ez-toc-page-1 ez-toc-heading-level-3'><a class=\"ez-toc-link ez-toc-heading-5\" href=\"https:\/\/plas.co\/fi\/ruiskuvalupakkaukset\/#Section_4_The_Various_Applications_of_Injection_Molding_in_Packaging\" >Jakso 4: Ruiskupuristussovellukset pakkauksissa<\/a><\/li><li class='ez-toc-page-1 ez-toc-heading-level-3'><a class=\"ez-toc-link ez-toc-heading-6\" href=\"https:\/\/plas.co\/fi\/ruiskuvalupakkaukset\/#Injection_mold_resin_for_cosmetic_packaging\" >Ruiskuvaluhartsi kosmeettisia pakkauksia varten<\/a><\/li><li class='ez-toc-page-1 ez-toc-heading-level-3'><a class=\"ez-toc-link ez-toc-heading-7\" href=\"https:\/\/plas.co\/fi\/ruiskuvalupakkaukset\/#Injection_molds_for_packaging\" >Pakkausten ruiskupuristusmuotit<\/a><ul class='ez-toc-list-level-4' ><li class='ez-toc-heading-level-4'><a class=\"ez-toc-link ez-toc-heading-8\" href=\"https:\/\/plas.co\/fi\/ruiskuvalupakkaukset\/#Conclusion\" >Johtop\u00e4\u00e4t\u00f6kset:<\/a><\/li><\/ul><\/li><\/ul><\/li><\/ul><\/nav><\/div>\n<h2><span class=\"ez-toc-section\" id=\"What_is_injection_mold_packaging\"><\/span>Mik\u00e4 on ruiskuvalupakkaus<span class=\"ez-toc-section-end\"><\/span><\/h2>\n<p><strong><em>Ruiskuvalupakkaukset<\/em><\/strong> on valmistusprosessi, jota k\u00e4ytet\u00e4\u00e4n monenlaisten muovipakkaustuotteiden, kuten pullojen, purkkien, s\u00e4ili\u00f6iden ja korkkien valmistukseen. Prosessissa sulaa muovia ruiskutetaan muottipes\u00e4\u00e4n, joka on suunniteltu siten, ett\u00e4 pakkaustuotteelle saadaan haluttu muoto.<\/p>\n<p>Ruiskuvalussa k\u00e4ytett\u00e4v\u00e4 muovimateriaali voi vaihdella pakkaustuotteen sovelluksen ja vaatimusten mukaan. Joitakin yleisesti k\u00e4ytettyj\u00e4 muovimateriaaleja <em>ruiskuvaletut muovipakkaukset<\/em> ovat polyeteeni (PE), polypropeeni (PP), polyeteenitereftalaatti (PET), polystyreeni (PS) ja akryylinitriilibutadieenistyreeni (ABS).<\/p>\n<p>Muovipakkausten ruiskuvaluprosessiin kuuluu useita vaiheita, kuten:<\/p>\n<ol>\n<li>Muotin suunnittelu - Muotti suunnitellaan pakkaustuotteen halutun muodon ja ominaisuuksien luomiseksi. Muotti voidaan valmistaa ter\u00e4ksest\u00e4 tai alumiinista, ja se koostuu kahdesta puolikkaasta, jotka kiinnitet\u00e4\u00e4n toisiinsa ruuveilla.<\/li>\n<li>Muovimateriaalin valmistelu - Muovimateriaali sulatetaan ja valmistellaan ruiskuvalua varten. Muovipelletit sy\u00f6tet\u00e4\u00e4n ruiskuvalukoneeseen, jossa ne sulatetaan ja sekoitetaan lis\u00e4aineiden, kuten v\u00e4riaineiden ja stabilointiaineiden kanssa.<\/li>\n<li>Ruiskuvalu - Sula muovimateriaali ruiskutetaan muottipes\u00e4\u00e4n korkeassa paineessa. Muovimateriaali t\u00e4ytt\u00e4\u00e4 ontelon ja ottaa muotin muodon.<\/li>\n<li>J\u00e4\u00e4hdytys ja j\u00e4hmettyminen - Muovimateriaalin annetaan j\u00e4\u00e4hty\u00e4 ja j\u00e4hmetty\u00e4 muotin sis\u00e4ll\u00e4. Kun muovimateriaali on t\u00e4ysin j\u00e4hmettynyt, muotin kaksi puoliskoa erotetaan toisistaan ja valmis tuote poistetaan.<\/li>\n<\/ol>\n<p><em>ruiskuvaletut muovipakkaukset<\/em> on laajalti k\u00e4ytetty valmistusprosessi muovipakkaustuotteiden valmistuksessa.<\/p>\n<div id=\"attachment_395\" style=\"width: 692px\" class=\"wp-caption aligncenter\"><a href=\"http:\/\/plas.co\/wp-content\/uploads\/2016\/02\/Product-01.jpg\"><img decoding=\"async\" aria-describedby=\"caption-attachment-395\" class=\"wp-image-395 size-full\" src=\"http:\/\/plas.co\/wp-content\/uploads\/2016\/02\/Product-01.jpg\" alt=\"ruiskuvalupakkaukset\" width=\"682\" height=\"488\" srcset=\"https:\/\/plas.co\/wp-content\/uploads\/2016\/02\/Product-01.jpg 682w, https:\/\/plas.co\/wp-content\/uploads\/2016\/02\/Product-01-300x215.jpg 300w\" sizes=\"(max-width: 682px) 100vw, 682px\" \/><\/a><p id=\"caption-attachment-395\" class=\"wp-caption-text\">ruiskuvalupakkaukset<\/p><\/div>\n<p>Pakkaus on olennainen osa mit\u00e4 tahansa tuotetta. Se antaa ensivaikutelman ja voi vaikuttaa kuluttajien p\u00e4\u00e4t\u00f6ksiin. Kest\u00e4vien ja ymp\u00e4rist\u00f6yst\u00e4v\u00e4llisten pakkausratkaisujen kysynn\u00e4n kasvaessa tehokkaiden tuotantoprosessien tarve on entist\u00e4kin t\u00e4rke\u00e4mpi. Ruiskupuristus on yksi t\u00e4llainen prosessi, joka on mullistanut pakkausteollisuuden. T\u00e4ss\u00e4 kattavassa oppaassa tarkastelemme ruiskuvalun hy\u00f6tyj\u00e4 pakkauksissa, eri materiaalityyppej\u00e4, ruiskuvaluprosessia ja t\u00e4m\u00e4n tekniikan eri sovelluksia pakkauksissa.<\/p>\n<h3><span class=\"ez-toc-section\" id=\"Section_1_The_Benefits_of_Injection_Molding_for_Packaging\"><\/span>Jakso 1: Pakkausten ruiskupuristamisen edut<span class=\"ez-toc-section-end\"><\/span><\/h3>\n<p>Ruiskuvalu on valmistusprosessi, jossa sulaa muovia ruiskutetaan muottiin tuotteen luomiseksi. Prosessi tarjoaa pakkauksille useita etuja, muun muassa seuraavat:<\/p>\n<p>1.1. Kustannustehokkuus: Ruiskupuristus mahdollistaa suuren volyymin tuotannon, mik\u00e4 tekee siit\u00e4 kustannustehokkaan ratkaisun pakkausmateriaalien laajamittaiseen tuotantoon.<\/p>\n<p>1.2. Suunnittelun joustavuus: Ruiskupuristus tarjoaa suunnittelijoille vapauden luoda monimutkaisia muotoja ja monimutkaisia malleja, joita olisi vaikea saavuttaa muilla valmistusmenetelmill\u00e4.<\/p>\n<p>1.3. Materiaalin monipuolisuus: Ruiskuvalua voidaan k\u00e4ytt\u00e4\u00e4 monenlaisten materiaalien, kuten kestomuovien, kestokovetteisten ja elastomeerien, kanssa.<\/p>\n<h3><span class=\"ez-toc-section\" id=\"Section_2_The_Different_Types_of_Materials_Used_in_Injection_Molding_for_Packaging\"><\/span>Jakso 2: Pakkausten ruiskupuristuksessa k\u00e4ytett\u00e4v\u00e4t eri materiaalityypit<span class=\"ez-toc-section-end\"><\/span><\/h3>\n<p>2.1. Kestomuovit: L\u00e4mp\u00f6muovit ovat yleisimmin k\u00e4ytettyj\u00e4 materiaaleja pakkausten ruiskuvalussa. Ne ovat kest\u00e4vi\u00e4, kevyit\u00e4 ja ne voidaan helposti muovata eri muotoisiksi ja kokoisiksi.<\/p>\n<p>2.2. Kestomuovit: Kestomuovit ovat ihanteellisia sellaisten tuotteiden pakkaamiseen, jotka vaativat l\u00e4mm\u00f6nkest\u00e4vyytt\u00e4 ja suurta kest\u00e4vyytt\u00e4.<\/p>\n<p>2.3. Elastomeerit: Elastomeerej\u00e4 k\u00e4ytet\u00e4\u00e4n joustavuutta ja pehmeytt\u00e4 vaativien tuotteiden pakkaamiseen.<\/p>\n<h3><span class=\"ez-toc-section\" id=\"Section_3_The_Process_of_Injection_Molding\"><\/span>3 jakso: Ruiskuvaluprosessi<span class=\"ez-toc-section-end\"><\/span><\/h3>\n<p>3.1. Muotin suunnittelu: Muotin suunnittelu on ruiskuvaluprosessin ensimm\u00e4inen vaihe. Muotti suunnitellaan tuotteen tarkkojen eritelmien mukaan.<\/p>\n<p>3.2. Materiaalin valmistelu: Valittu materiaali sulatetaan ja valmistellaan ruiskutusta varten.<\/p>\n<p>3.3. Ruiskutus: Sulaa materiaalia ruiskutetaan muottiin korkeassa paineessa, jolloin muotti ontelo t\u00e4yttyy.<\/p>\n<p>3.4. J\u00e4\u00e4hdytys: Muotti j\u00e4\u00e4hdytet\u00e4\u00e4n muovin j\u00e4hmettymiseksi, ja tuote poistetaan.<\/p>\n<h3><span class=\"ez-toc-section\" id=\"Section_4_The_Various_Applications_of_Injection_Molding_in_Packaging\"><\/span>Jakso 4: Ruiskupuristussovellukset pakkauksissa<span class=\"ez-toc-section-end\"><\/span><\/h3>\n<p>4.1. Elintarvikepakkaukset: Ruiskupuristusta k\u00e4ytet\u00e4\u00e4n laajalti elintarvikepakkauksiin, kuten s\u00e4ili\u00f6ihin, tarjottimiin ja ruokailuv\u00e4lineisiin.<\/p>\n<p>4.2. Juomapakkaukset: Ruiskupuristusta k\u00e4ytet\u00e4\u00e4n my\u00f6s juomapakkauksiin, kuten pulloihin ja korkkeihin.<\/p>\n<p>4.3. Kosmetiikkapakkaukset: Ruiskupuristusta k\u00e4ytet\u00e4\u00e4n kosmetiikkapakkauksiin, mukaan lukien purkit, s\u00e4ili\u00f6t ja sulkimet.<\/p>\n<p>4.4. L\u00e4\u00e4ketieteelliset pakkaukset: <em>Ruiskuvalu<\/em> k\u00e4ytet\u00e4\u00e4n l\u00e4\u00e4ketieteellisiin pakkauksiin, kuten ruiskuihin, injektiopulloihin ja s\u00e4ili\u00f6ihin.<\/p>\n<p>Jakso 5: Ruiskuvalun vaikutus kest\u00e4v\u00e4\u00e4n pakkaamiseen<\/p>\n<p>5.1. Biohajoavat materiaalit: Biohajoavat pakkausmateriaalit ovat ymp\u00e4rist\u00f6yst\u00e4v\u00e4llisi\u00e4 ja kest\u00e4vi\u00e4.<\/p>\n<p>5.2. Kierr\u00e4tett\u00e4v\u00e4t materiaalit: Pakkausmateriaalit ovat my\u00f6s helposti kierr\u00e4tett\u00e4vi\u00e4, mik\u00e4 v\u00e4hent\u00e4\u00e4 syntyv\u00e4n j\u00e4tteen m\u00e4\u00e4r\u00e4\u00e4.<\/p>\n<h3><span class=\"ez-toc-section\" id=\"Injection_mold_resin_for_cosmetic_packaging\"><\/span>Ruiskuvaluhartsi kosmeettisia pakkauksia varten<span class=\"ez-toc-section-end\"><\/span><\/h3>\n<p>Ruiskuvaluhartsi on t\u00e4rke\u00e4 osa kosmetiikkapakkausten valmistusta. Kosmetiikkapakkauksiin sopivaa hartsia valittaessa on otettava huomioon useita tekij\u00f6it\u00e4, kuten tuotteen yhteensopivuus hartsin kanssa, pakkauksen halutut fyysiset ominaisuudet ja valmistusprosessi.<\/p>\n<p>Yksi yleisimmin kosmetiikkapakkauksissa k\u00e4ytetyist\u00e4 hartseista on polypropeeni (PP). PP on monipuolinen hartsi, jota on helppo muovata, joka on kevyt ja joka kest\u00e4\u00e4 erinomaisesti kemikaaleja. Se sopii erinomaisesti sellaisten tuotteiden pakkaamiseen, jotka vaativat korkeaa kosteudenkest\u00e4vyytt\u00e4, kuten voiteet, voiteet ja seerumit.<\/p>\n<p>Toinen suosittu hartsi kosmetiikkapakkauksissa on polyeteenitereftalaatti (PET). PET on vahva ja kevyt hartsi, joka sopii erinomaisesti kirkkaisiin pakkaustuotteisiin, kuten pulloihin ja purkkeihin. Se kest\u00e4\u00e4 erinomaisesti kosteutta, kemikaaleja ja UV-valoa, joten se on suosittu valinta kosmetiikkapakkauksiin.<\/p>\n<p>Akryylinitriilibutadieenistyreeni (ABS) on toinen yleisesti kosmetiikkapakkauksissa k\u00e4ytetty hartsi. ABS on vahva ja kest\u00e4v\u00e4 hartsi, joka soveltuu erinomaisesti sellaisten tuotteiden pakkaamiseen, jotka vaativat suurta iskunkest\u00e4vyytt\u00e4, kuten k\u00e4\u00e4reet ja huulipunakotelot.<\/p>\n<p>Polykarbonaatti (PC) on kirkas, vahva ja kevyt hartsi, joka sopii erinomaisesti sellaisten tuotteiden pakkaamiseen, jotka vaativat suurta selkeytt\u00e4 ja iskunkest\u00e4vyytt\u00e4, kuten luomiv\u00e4ripaletit ja huulipunaputket. Se on my\u00f6s erinomainen valinta tuotteisiin, jotka vaativat korkeaa l\u00e4mm\u00f6nkest\u00e4vyytt\u00e4.<\/p>\n<p>Kun valitset hartsia kosmetiikkapakkauksiin, on t\u00e4rke\u00e4\u00e4 ottaa huomioon valmistusprosessi. Ruiskuvaluprosessi on yleisin kosmeettisten pakkausten valmistusprosessi, mutta kaikki hartsit eiv\u00e4t sovellu t\u00e4h\u00e4n prosessiin. Liian hauraat tai liian viskoosit hartsit eiv\u00e4t v\u00e4ltt\u00e4m\u00e4tt\u00e4 sovellu ruiskuvaluun. On t\u00e4rke\u00e4\u00e4 valita hartsi, joka voidaan helposti muovata ruiskuvalumenetelm\u00e4ll\u00e4, jotta lopputuotteesta saadaan tasalaatuinen ja laadukas.<\/p>\n<h3><span class=\"ez-toc-section\" id=\"Injection_molds_for_packaging\"><\/span>Pakkausten ruiskupuristusmuotit<span class=\"ez-toc-section-end\"><\/span><\/h3>\n<p><em><strong>Ruiskuvalu<\/strong><\/em> on laajalti k\u00e4ytetty valmistusprosessi korkealaatuisten ja kustannustehokkaiden pakkaustuotteiden tuottamiseen. Pakkausten ruiskuvalumuotit on suunniteltu luomaan monenlaisia pakkausmuotoja ja -kokoja, kuten pulloja, purkkeja, korkkeja, sulkimia ja s\u00e4ili\u00f6it\u00e4.<\/p>\n<p>Ruiskuvaluprosessissa k\u00e4ytet\u00e4\u00e4n muottia, joka on ty\u00f6kalu, joka on suunniteltu tuottamaan pakkaustuotteen haluttu muoto. Muotti on tyypillisesti valmistettu ter\u00e4ksest\u00e4 tai alumiinista, ja se koostuu kahdesta puolikkaasta, jotka on kiinnitetty toisiinsa ruuveilla. Sulaa muovia ruiskutetaan muotin onteloon, ja kun se j\u00e4\u00e4htyy ja j\u00e4hmettyy, muotin kaksi puoliskoa erotetaan toisistaan valmiin tuotteen vapauttamiseksi.<\/p>\n<p>Yksi merkitt\u00e4vist\u00e4 eduista on <em>ruiskupuristaminen<\/em> on sen kyky tuottaa monimutkaisia ja monimutkaisia muotoja eritt\u00e4in tarkasti ja johdonmukaisesti. Pakkausten ruiskupuristusmuotit voidaan suunnitella siten, ett\u00e4 niill\u00e4 voidaan valmistaa tuotteita, joissa on erilaisia ominaisuuksia, kuten kierteit\u00e4, kohokuviointia, kaiverrusta ja tekstuuria. T\u00e4m\u00e4 monipuolisuus tekee ruiskuvaluista ihanteellisen prosessin, jolla voidaan valmistaa pakkaustuotteita, joissa on ainutlaatuinen ja huomiota her\u00e4tt\u00e4v\u00e4 muotoilu.<\/p>\n<p>Toinen pakkausten ruiskupuristamisen etu on sen kyky tuottaa suuria m\u00e4\u00e4ri\u00e4 tuotteita nopeasti. <a href=\"https:\/\/en.wikipedia.org\/wiki\/Injection_moulding\" target=\"_blank\" rel=\"noopener\">Ruiskuvalu<\/a> koneet voivat valmistaa tuhansia tuotteita yhdess\u00e4 sykliss\u00e4, mik\u00e4 tekee siit\u00e4 eritt\u00e4in tehokkaan ja kustannustehokkaan valmistusprosessin.<\/p>\n<p>Kun valitset <em>ruiskuvalumuotti pakkaus<\/em>on otettava huomioon useita tekij\u00f6it\u00e4, kuten muovimateriaalin tyyppi, tuotteen haluttu muoto ja koko sek\u00e4 valmistusprosessi. Esimerkiksi jotkin muovimateriaalit vaativat korkeapaineisia ruiskuvalukoneita haluttujen fyysisten ominaisuuksien saavuttamiseksi, kun taas toiset saattavat vaatia matalamman paineen koneita.<\/p>\n<p>Lis\u00e4ksi muotin suunnittelu voi vaikuttaa valmistusprosessiin ja lopputuotteen laatuun. Hyvin suunniteltu muotti voi auttaa v\u00e4hent\u00e4m\u00e4\u00e4n valmistusvirheit\u00e4, kuten v\u00e4\u00e4ntymist\u00e4, uppoamista ja vilkkumista, ja tuottaa tuotteita, joiden viimeistely ja laatu ovat tasaisia.<\/p>\n<h4><span class=\"ez-toc-section\" id=\"Conclusion\"><\/span>Johtop\u00e4\u00e4t\u00f6kset:<span class=\"ez-toc-section-end\"><\/span><\/h4>\n<p>Ruiskupuristaminen on mullistanut pakkausteollisuuden, sill\u00e4 se tarjoaa kustannustehokkaita ratkaisuja, suunnittelun joustavuutta ja materiaalien monipuolisuutta. Se on mahdollistanut kest\u00e4vien ja ymp\u00e4rist\u00f6yst\u00e4v\u00e4llisten pakkausratkaisujen valmistuksen, mik\u00e4 tekee siit\u00e4 olennaisen t\u00e4rke\u00e4n teknologian pakkausten tulevaisuuden kannalta.<\/p>\n<p>Kun suunnittelijat, insin\u00f6\u00f6rit ja pakkausalan ammattilaiset ymm\u00e4rt\u00e4v\u00e4t ruiskuvalun edut, k\u00e4ytett\u00e4v\u00e4t materiaalityypit, ruiskuvaluprosessin ja t\u00e4m\u00e4n tekniikan erilaiset sovellukset pakkauksissa, he voivat tehd\u00e4 tietoon perustuvia p\u00e4\u00e4t\u00f6ksi\u00e4, jotka voivat auttaa luomaan paremman ja kest\u00e4v\u00e4mm\u00e4n tulevaisuuden.<\/p>\n<\/div><\/section><\/div>","protected":false},"excerpt":{"rendered":"","protected":false},"author":1,"featured_media":0,"parent":0,"menu_order":0,"comment_status":"open","ping_status":"open","template":"","meta":{"footnotes":""},"class_list":["post-103","page","type-page","status-publish","hentry"],"_links":{"self":[{"href":"https:\/\/plas.co\/fi\/wp-json\/wp\/v2\/pages\/103","targetHints":{"allow":["GET"]}}],"collection":[{"href":"https:\/\/plas.co\/fi\/wp-json\/wp\/v2\/pages"}],"about":[{"href":"https:\/\/plas.co\/fi\/wp-json\/wp\/v2\/types\/page"}],"author":[{"embeddable":true,"href":"https:\/\/plas.co\/fi\/wp-json\/wp\/v2\/users\/1"}],"replies":[{"embeddable":true,"href":"https:\/\/plas.co\/fi\/wp-json\/wp\/v2\/comments?post=103"}],"version-history":[{"count":0,"href":"https:\/\/plas.co\/fi\/wp-json\/wp\/v2\/pages\/103\/revisions"}],"wp:attachment":[{"href":"https:\/\/plas.co\/fi\/wp-json\/wp\/v2\/media?parent=103"}],"curies":[{"name":"wp","href":"https:\/\/api.w.org\/{rel}","templated":true}]}}