{"id":125,"date":"2014-09-20T18:16:39","date_gmt":"2014-09-20T10:16:39","guid":{"rendered":"http:\/\/andy-mold.com\/?page_id=125"},"modified":"2023-02-27T22:17:59","modified_gmt":"2023-02-27T14:17:59","slug":"muottien-valmistajat","status":"publish","type":"page","link":"https:\/\/plas.co\/fi\/muottien-valmistajat\/","title":{"rendered":"Muotin valmistaja"},"content":{"rendered":"<style type=\"text\/css\" data-created_by=\"avia_inline_auto\" id=\"style-css-av-lel5bo9m-9db356ac3663fdf6d82633bde056ed2c\">\n#top .avia-gallery.av-lel5bo9m-9db356ac3663fdf6d82633bde056ed2c .avia-gallery-thumb a{\nwidth:25%;\n}\n<\/style>\n<div  class='avia-gallery av-lel5bo9m-9db356ac3663fdf6d82633bde056ed2c avia_animate_when_visible  avia-builder-el-0  el_before_av_textblock  avia-builder-el-first  avia_lazyload avia-gallery-animate avia-gallery-1'  itemprop=\"image\" itemscope=\"itemscope\" itemtype=\"https:\/\/schema.org\/ImageObject\" ><meta itemprop=\"contentURL\" content=\"https:\/\/plas.co\/fi\/muottien-valmistajat\/\"><div class='avia-gallery-thumb'><a href=\"https:\/\/plas.co\/wp-content\/uploads\/2023\/02\/Measurement-machine.jpg\" data-srcset=\"https:\/\/plas.co\/wp-content\/uploads\/2023\/02\/Measurement-machine.jpg 640w, https:\/\/plas.co\/wp-content\/uploads\/2023\/02\/Measurement-machine-300x225.jpg 300w\" data-sizes=\"(max-width: 640px) 100vw, 640px\" data-rel='gallery-1' data-prev-img='https:\/\/plas.co\/wp-content\/uploads\/2023\/02\/Measurement-machine-495x400.jpg' class='first_thumb lightbox' data-onclick='1' title='Mittauskone'  itemprop=\"thumbnailUrl\"  ><img decoding=\"async\" fetchpriority=\"high\" class=\"wp-image-954 avia-img-lazy-loading-not-954\"   src=\"https:\/\/plas.co\/wp-content\/uploads\/2023\/02\/Measurement-machine-495x400.jpg\" width=\"495\" height=\"400\"  title='Mittauskone' alt='Mittauskone' \/><div class='big-prev-fake'><img decoding=\"async\" loading=\"lazy\" class=\"wp-image-954 avia-img-lazy-loading-954\"  width=\"495\" height=\"400\" src=\"https:\/\/plas.co\/wp-content\/uploads\/2023\/02\/Measurement-machine-495x400.jpg\" title='Mittauskone' alt='Mittauskone' \/><\/div><\/a><a href=\"https:\/\/plas.co\/wp-content\/uploads\/2023\/02\/Mold-design-1030x773.jpg\" data-srcset=\"https:\/\/plas.co\/wp-content\/uploads\/2023\/02\/Mold-design-1030x773.jpg 1030w, https:\/\/plas.co\/wp-content\/uploads\/2023\/02\/Mold-design-300x225.jpg 300w, https:\/\/plas.co\/wp-content\/uploads\/2023\/02\/Mold-design-768x576.jpg 768w, https:\/\/plas.co\/wp-content\/uploads\/2023\/02\/Mold-design-1536x1152.jpg 1536w, https:\/\/plas.co\/wp-content\/uploads\/2023\/02\/Mold-design-2048x1536.jpg 2048w, https:\/\/plas.co\/wp-content\/uploads\/2023\/02\/Mold-design-1500x1125.jpg 1500w, https:\/\/plas.co\/wp-content\/uploads\/2023\/02\/Mold-design-705x529.jpg 705w\" data-sizes=\"(max-width: 1030px) 100vw, 1030px\" data-rel='gallery-1' data-prev-img='https:\/\/plas.co\/wp-content\/uploads\/2023\/02\/Mold-design-495x400.jpg' class='lightbox' data-onclick='2' title='Muotin suunnittelu'  itemprop=\"thumbnailUrl\"  ><img decoding=\"async\" fetchpriority=\"high\" class=\"wp-image-955 avia-img-lazy-loading-not-955\"   src=\"https:\/\/plas.co\/wp-content\/uploads\/2023\/02\/Mold-design-495x400.jpg\" width=\"495\" height=\"400\"  title='Muotin suunnittelu' alt='Muotin suunnittelu' srcset=\"https:\/\/plas.co\/wp-content\/uploads\/2023\/02\/Mold-design-495x400.jpg 495w, https:\/\/plas.co\/wp-content\/uploads\/2023\/02\/Mold-design-845x684.jpg 845w\" sizes=\"(max-width: 495px) 100vw, 495px\" \/><div class='big-prev-fake'><img decoding=\"async\" loading=\"lazy\" class=\"wp-image-955 avia-img-lazy-loading-955\"  width=\"495\" height=\"400\" src=\"https:\/\/plas.co\/wp-content\/uploads\/2023\/02\/Mold-design-495x400.jpg\" title='Muotin suunnittelu' alt='Muotin suunnittelu' srcset=\"https:\/\/plas.co\/wp-content\/uploads\/2023\/02\/Mold-design-495x400.jpg 495w, https:\/\/plas.co\/wp-content\/uploads\/2023\/02\/Mold-design-845x684.jpg 845w\" sizes=\"auto, (max-width: 495px) 100vw, 495px\" \/><\/div><\/a><a href=\"https:\/\/plas.co\/wp-content\/uploads\/2023\/02\/Plastic-mold-company.jpg\" data-srcset=\"https:\/\/plas.co\/wp-content\/uploads\/2023\/02\/Plastic-mold-company.jpg 333w, https:\/\/plas.co\/wp-content\/uploads\/2023\/02\/Plastic-mold-company-300x225.jpg 300w\" data-sizes=\"(max-width: 333px) 100vw, 333px\" data-rel='gallery-1' data-prev-img='https:\/\/plas.co\/wp-content\/uploads\/2023\/02\/Plastic-mold-company.jpg' class='lightbox' data-onclick='3' title='Muovimuotti yritys'  itemprop=\"thumbnailUrl\"  ><img decoding=\"async\" fetchpriority=\"high\" class=\"wp-image-956 avia-img-lazy-loading-not-956\"   src=\"https:\/\/plas.co\/wp-content\/uploads\/2023\/02\/Plastic-mold-company.jpg\" width=\"333\" height=\"250\"  title='Muovimuotti yritys' alt='Muovimuotti yritys' srcset=\"https:\/\/plas.co\/wp-content\/uploads\/2023\/02\/Plastic-mold-company.jpg 333w, https:\/\/plas.co\/wp-content\/uploads\/2023\/02\/Plastic-mold-company-300x225.jpg 300w\" sizes=\"(max-width: 333px) 100vw, 333px\" \/><div class='big-prev-fake'><img decoding=\"async\" loading=\"lazy\" class=\"wp-image-956 avia-img-lazy-loading-956\"  width=\"333\" height=\"250\" src=\"https:\/\/plas.co\/wp-content\/uploads\/2023\/02\/Plastic-mold-company.jpg\" title='Muovimuotti yritys' alt='Muovimuotti yritys' srcset=\"https:\/\/plas.co\/wp-content\/uploads\/2023\/02\/Plastic-mold-company.jpg 333w, https:\/\/plas.co\/wp-content\/uploads\/2023\/02\/Plastic-mold-company-300x225.jpg 300w\" sizes=\"auto, (max-width: 333px) 100vw, 333px\" \/><\/div><\/a><a href=\"https:\/\/plas.co\/wp-content\/uploads\/2023\/02\/plastic-mold-maker.jpg\" data-srcset=\"https:\/\/plas.co\/wp-content\/uploads\/2023\/02\/plastic-mold-maker.jpg 640w, https:\/\/plas.co\/wp-content\/uploads\/2023\/02\/plastic-mold-maker-300x225.jpg 300w\" data-sizes=\"(max-width: 640px) 100vw, 640px\" data-rel='gallery-1' data-prev-img='https:\/\/plas.co\/wp-content\/uploads\/2023\/02\/plastic-mold-maker-495x400.jpg' class='lightbox' data-onclick='4' title='muovimuotin valmistaja'  itemprop=\"thumbnailUrl\"  ><img decoding=\"async\" fetchpriority=\"high\" class=\"wp-image-957 avia-img-lazy-loading-not-957\"   src=\"https:\/\/plas.co\/wp-content\/uploads\/2023\/02\/plastic-mold-maker-495x400.jpg\" width=\"495\" height=\"400\"  title='muovimuotin valmistaja' alt='muovimuotin valmistaja' \/><div class='big-prev-fake'><img decoding=\"async\" loading=\"lazy\" class=\"wp-image-957 avia-img-lazy-loading-957\"  width=\"495\" height=\"400\" src=\"https:\/\/plas.co\/wp-content\/uploads\/2023\/02\/plastic-mold-maker-495x400.jpg\" title='muovimuotin valmistaja' alt='muovimuotin valmistaja' \/><\/div><\/a><a href=\"https:\/\/plas.co\/wp-content\/uploads\/2023\/02\/Plastic-molding-company.jpg\" data-srcset=\"https:\/\/plas.co\/wp-content\/uploads\/2023\/02\/Plastic-molding-company.jpg 333w, https:\/\/plas.co\/wp-content\/uploads\/2023\/02\/Plastic-molding-company-300x225.jpg 300w\" data-sizes=\"(max-width: 333px) 100vw, 333px\" data-rel='gallery-1' data-prev-img='https:\/\/plas.co\/wp-content\/uploads\/2023\/02\/Plastic-molding-company.jpg' class='first_thumb lightbox' data-onclick='5' title='muotinvalmistaja'  itemprop=\"thumbnailUrl\"  ><img decoding=\"async\" fetchpriority=\"high\" class=\"wp-image-959 avia-img-lazy-loading-not-959\"   src=\"https:\/\/plas.co\/wp-content\/uploads\/2023\/02\/Plastic-molding-company.jpg\" width=\"333\" height=\"250\"  title='muotinvalmistaja' alt='muotinvalmistaja' srcset=\"https:\/\/plas.co\/wp-content\/uploads\/2023\/02\/Plastic-molding-company.jpg 333w, https:\/\/plas.co\/wp-content\/uploads\/2023\/02\/Plastic-molding-company-300x225.jpg 300w\" sizes=\"(max-width: 333px) 100vw, 333px\" \/><div class='big-prev-fake'><img decoding=\"async\" loading=\"lazy\" class=\"wp-image-959 avia-img-lazy-loading-959\"  width=\"333\" height=\"250\" src=\"https:\/\/plas.co\/wp-content\/uploads\/2023\/02\/Plastic-molding-company.jpg\" title='muotinvalmistaja' alt='muotinvalmistaja' srcset=\"https:\/\/plas.co\/wp-content\/uploads\/2023\/02\/Plastic-molding-company.jpg 333w, https:\/\/plas.co\/wp-content\/uploads\/2023\/02\/Plastic-molding-company-300x225.jpg 300w\" sizes=\"auto, (max-width: 333px) 100vw, 333px\" \/><\/div><\/a><a href=\"https:\/\/plas.co\/wp-content\/uploads\/2023\/02\/plastic-mould-company.jpg\" data-srcset=\"https:\/\/plas.co\/wp-content\/uploads\/2023\/02\/plastic-mould-company.jpg 640w, https:\/\/plas.co\/wp-content\/uploads\/2023\/02\/plastic-mould-company-300x225.jpg 300w\" data-sizes=\"(max-width: 640px) 100vw, 640px\" data-rel='gallery-1' data-prev-img='https:\/\/plas.co\/wp-content\/uploads\/2023\/02\/plastic-mould-company-495x400.jpg' class='lightbox' data-onclick='6' title='muovimuotin valmistaja'  itemprop=\"thumbnailUrl\"  ><img decoding=\"async\" fetchpriority=\"high\" class=\"wp-image-960 avia-img-lazy-loading-not-960\"   src=\"https:\/\/plas.co\/wp-content\/uploads\/2023\/02\/plastic-mould-company-495x400.jpg\" width=\"495\" height=\"400\"  title='muovimuotin valmistaja' alt='muovimuotin valmistaja' \/><div class='big-prev-fake'><img decoding=\"async\" loading=\"lazy\" class=\"wp-image-960 avia-img-lazy-loading-960\"  width=\"495\" height=\"400\" src=\"https:\/\/plas.co\/wp-content\/uploads\/2023\/02\/plastic-mould-company-495x400.jpg\" title='muovimuotin valmistaja' alt='muovimuotin valmistaja' \/><\/div><\/a><a href=\"https:\/\/plas.co\/wp-content\/uploads\/2023\/02\/Plastic-mould-factory.jpg\" data-srcset=\"https:\/\/plas.co\/wp-content\/uploads\/2023\/02\/Plastic-mould-factory.jpg 640w, https:\/\/plas.co\/wp-content\/uploads\/2023\/02\/Plastic-mould-factory-300x225.jpg 300w\" data-sizes=\"(max-width: 640px) 100vw, 640px\" data-rel='gallery-1' data-prev-img='https:\/\/plas.co\/wp-content\/uploads\/2023\/02\/Plastic-mould-factory-495x400.jpg' class='lightbox' data-onclick='7' title='Muovimuotin tehdas'  itemprop=\"thumbnailUrl\"  ><img decoding=\"async\" fetchpriority=\"high\" class=\"wp-image-961 avia-img-lazy-loading-not-961\"   src=\"https:\/\/plas.co\/wp-content\/uploads\/2023\/02\/Plastic-mould-factory-495x400.jpg\" width=\"495\" height=\"400\"  title='Muovimuotin tehdas' alt='Muovimuotin tehdas' \/><div class='big-prev-fake'><img decoding=\"async\" loading=\"lazy\" class=\"wp-image-961 avia-img-lazy-loading-961\"  width=\"495\" height=\"400\" src=\"https:\/\/plas.co\/wp-content\/uploads\/2023\/02\/Plastic-mould-factory-495x400.jpg\" title='Muovimuotin tehdas' alt='Muovimuotin tehdas' \/><\/div><\/a><a href=\"https:\/\/plas.co\/wp-content\/uploads\/2023\/02\/Plastic-Tooling-Company.jpg\" data-srcset=\"https:\/\/plas.co\/wp-content\/uploads\/2023\/02\/Plastic-Tooling-Company.jpg 400w, https:\/\/plas.co\/wp-content\/uploads\/2023\/02\/Plastic-Tooling-Company-300x225.jpg 300w\" data-sizes=\"(max-width: 400px) 100vw, 400px\" data-rel='gallery-1' data-prev-img='https:\/\/plas.co\/wp-content\/uploads\/2023\/02\/Plastic-Tooling-Company.jpg' class='lightbox' data-onclick='8' title='Muoviset ty\u00f6kalut Company'  itemprop=\"thumbnailUrl\"  ><img decoding=\"async\" fetchpriority=\"high\" class=\"wp-image-962 avia-img-lazy-loading-not-962\"   src=\"https:\/\/plas.co\/wp-content\/uploads\/2023\/02\/Plastic-Tooling-Company.jpg\" width=\"400\" height=\"300\"  title='Muoviset ty\u00f6kalut Company' alt='Muoviset ty\u00f6kalut Company' srcset=\"https:\/\/plas.co\/wp-content\/uploads\/2023\/02\/Plastic-Tooling-Company.jpg 400w, https:\/\/plas.co\/wp-content\/uploads\/2023\/02\/Plastic-Tooling-Company-300x225.jpg 300w\" sizes=\"(max-width: 400px) 100vw, 400px\" \/><div class='big-prev-fake'><img decoding=\"async\" loading=\"lazy\" class=\"wp-image-962 avia-img-lazy-loading-962\"  width=\"400\" height=\"300\" src=\"https:\/\/plas.co\/wp-content\/uploads\/2023\/02\/Plastic-Tooling-Company.jpg\" title='Muoviset ty\u00f6kalut Company' alt='Muoviset ty\u00f6kalut Company' srcset=\"https:\/\/plas.co\/wp-content\/uploads\/2023\/02\/Plastic-Tooling-Company.jpg 400w, https:\/\/plas.co\/wp-content\/uploads\/2023\/02\/Plastic-Tooling-Company-300x225.jpg 300w\" sizes=\"auto, (max-width: 400px) 100vw, 400px\" \/><\/div><\/a><\/div><\/div>\n<section  class='av_textblock_section av-lel43s1p-f288656d2c750791ef65020e352a8c30'   itemscope=\"itemscope\" itemtype=\"https:\/\/schema.org\/CreativeWork\" ><div class='avia_textblock'  itemprop=\"text\" ><div id=\"ez-toc-container\" class=\"ez-toc-v2_0_82_2 counter-hierarchy ez-toc-counter ez-toc-grey ez-toc-container-direction\">\n<div class=\"ez-toc-title-container\">\n<p class=\"ez-toc-title\" style=\"cursor:inherit\">Sis\u00e4llysluettelo<\/p>\n<span class=\"ez-toc-title-toggle\"><a href=\"#\" class=\"ez-toc-pull-right ez-toc-btn ez-toc-btn-xs ez-toc-btn-default ez-toc-toggle\" aria-label=\"Sis\u00e4llysluettelon vaihtaminen\"><span class=\"ez-toc-js-icon-con\"><span class=\"\"><span class=\"eztoc-hide\" style=\"display:none;\">Toggle<\/span><span class=\"ez-toc-icon-toggle-span\"><svg style=\"fill: #999;color:#999\" xmlns=\"http:\/\/www.w3.org\/2000\/svg\" class=\"list-377408\" width=\"20px\" height=\"20px\" viewbox=\"0 0 24 24\" fill=\"none\"><path d=\"M6 6H4v2h2V6zm14 0H8v2h12V6zM4 11h2v2H4v-2zm16 0H8v2h12v-2zM4 16h2v2H4v-2zm16 0H8v2h12v-2z\" fill=\"currentColor\"><\/path><\/svg><svg style=\"fill: #999;color:#999\" class=\"arrow-unsorted-368013\" xmlns=\"http:\/\/www.w3.org\/2000\/svg\" width=\"10px\" height=\"10px\" viewbox=\"0 0 24 24\" version=\"1.2\" baseprofile=\"tiny\"><path d=\"M18.2 9.3l-6.2-6.3-6.2 6.3c-.2.2-.3.4-.3.7s.1.5.3.7c.2.2.4.3.7.3h11c.3 0 .5-.1.7-.3.2-.2.3-.5.3-.7s-.1-.5-.3-.7zM5.8 14.7l6.2 6.3 6.2-6.3c.2-.2.3-.5.3-.7s-.1-.5-.3-.7c-.2-.2-.4-.3-.7-.3h-11c-.3 0-.5.1-.7.3-.2.2-.3.5-.3.7s.1.5.3.7z\"\/><\/svg><\/span><\/span><\/span><\/a><\/span><\/div>\n<nav><ul class='ez-toc-list ez-toc-list-level-1' ><li class='ez-toc-page-1 ez-toc-heading-level-2'><a class=\"ez-toc-link ez-toc-heading-1\" href=\"https:\/\/plas.co\/fi\/muottien-valmistajat\/#What_is_plastic_Injection_Mould\" >Mik\u00e4 on muovinen ruiskuvalumuotti<\/a><ul class='ez-toc-list-level-3' ><li class='ez-toc-heading-level-3'><a class=\"ez-toc-link ez-toc-heading-2\" href=\"https:\/\/plas.co\/fi\/muottien-valmistajat\/#What_are_the_best_plastic_injection_mould_manufacturers\" >Mitk\u00e4 ovat parhaat muovin ruiskuvalumuottien valmistajat?<\/a><\/li><li class='ez-toc-page-1 ez-toc-heading-level-3'><a class=\"ez-toc-link ez-toc-heading-3\" href=\"https:\/\/plas.co\/fi\/muottien-valmistajat\/#Where_can_we_find_injection_molded_plastic_part_manufacturers\" >Mist\u00e4 l\u00f6yd\u00e4mme ruiskuvalettujen muoviosien valmistajia?<\/a><\/li><li class='ez-toc-page-1 ez-toc-heading-level-3'><a class=\"ez-toc-link ez-toc-heading-4\" href=\"https:\/\/plas.co\/fi\/muottien-valmistajat\/#What_is_a_reasonable_cost_for_a_plastic_injection_moold\" >Mik\u00e4 on kohtuullinen hinta muovin ruiskuvalulle?<\/a><\/li><\/ul><\/li><\/ul><\/nav><\/div>\n<h2><span class=\"ez-toc-section\" id=\"What_is_plastic_Injection_Mould\"><\/span>Mik\u00e4 on muovinen ruiskuvalumuotti<span class=\"ez-toc-section-end\"><\/span><\/h2>\n<p><a href=\"http:\/\/plas.co\/fi\/\">Muovin ruiskuvalumuotti<\/a> on ty\u00f6kalu tai muotti, jota k\u00e4ytet\u00e4\u00e4n muoviosien valmistamiseen suurina m\u00e4\u00e4rin\u00e4 ruiskupuristusmenetelm\u00e4ll\u00e4. Se on yleens\u00e4 valmistettu ter\u00e4ksest\u00e4 tai alumiinista, ja se on suunniteltu luomaan muoviosalle tietty muoto tai geometria. . <a href=\"https:\/\/www.plasticmold.net\/what-is-plastic-mold-technology\/\" target=\"_blank\" rel=\"noopener\">ruiskuvalumuotti<\/a> luodaan kahdesta puolikkaasta (kiinnitett\u00e4v\u00e4 puolikas ja liikkuva puolikas), jotka voidaan avata ja sulkea muottipohjan tai levyj\u00e4rjestelm\u00e4n avulla.<\/p>\n<p>Muotti suunnitellaan ensin tietokoneavusteisella suunnitteluohjelmistolla (CAD), kuten UG, PRO\/e, SOLIDWORKS jne., ja sen j\u00e4lkeen se luodaan tietokoneavusteisella valmistustekniikalla (CAM), kuten CNC-ty\u00f6st\u00f6ll\u00e4, s\u00e4hk\u00f6purkauskoneistuksella (EDM) tai lankaleikkauksella. Muotin suunnittelu- ja valmistusprosessi voi olla monimutkainen ja edellytt\u00e4\u00e4 korkeatasoista asiantuntemusta ja tarkkuutta, jotta voidaan varmistaa, ett\u00e4 muotista valmistetaan korkealaatuisia osia, jotka t\u00e4ytt\u00e4v\u00e4t halutut vaatimukset.<\/p>\n<p>Muovin ruiskuvalumuotteja voidaan k\u00e4ytt\u00e4\u00e4 monenlaisten muoviosien valmistukseen, pienist\u00e4 ja yksinkertaisista osista suuriin ja monimutkaisiin osiin, joissa on monimutkainen geometria. Muotteja voidaan k\u00e4ytt\u00e4\u00e4 my\u00f6s osien valmistamiseen useista eri materiaaleista, kuten kestomuoveista, kestomuoveista ja elastomeereist\u00e4.<\/p>\n<div id=\"attachment_701\" style=\"width: 410px\" class=\"wp-caption alignright\"><a href=\"http:\/\/plas.co\/wp-content\/uploads\/2020\/01\/plastic-injection-mold.jpg\"><img decoding=\"async\" aria-describedby=\"caption-attachment-701\" class=\"wp-image-701 size-full\" src=\"http:\/\/plas.co\/wp-content\/uploads\/2020\/01\/plastic-injection-mold.jpg\" alt=\"muottien valmistajat\" width=\"400\" height=\"300\" srcset=\"https:\/\/plas.co\/wp-content\/uploads\/2020\/01\/plastic-injection-mold.jpg 400w, https:\/\/plas.co\/wp-content\/uploads\/2020\/01\/plastic-injection-mold-300x225.jpg 300w\" sizes=\"(max-width: 400px) 100vw, 400px\" \/><\/a><p id=\"caption-attachment-701\" class=\"wp-caption-text\">muottien valmistajat<\/p><\/div>\n<h3><span class=\"ez-toc-section\" id=\"What_are_the_best_plastic_injection_mould_manufacturers\"><\/span>Mitk\u00e4 ovat parhaat muovin ruiskuvalumuottien valmistajat?<span class=\"ez-toc-section-end\"><\/span><\/h3>\n<p>Kun valitset <em>muovin ruiskuvalumuotin valmistaja<\/em>, on t\u00e4rke\u00e4\u00e4 ottaa huomioon sellaiset tekij\u00e4t kuin niiden kokemus, asiantuntemus, tuotantokapasiteetti, laadunvalvontatoimenpiteet ja asiakaspalvelu. Kannattaa my\u00f6s harkita heid\u00e4n maantieteellist\u00e4 sijaintiaan, hinnoitteluaan ja toimitusaikojaan.<\/p>\n<p>L\u00f6yt\u00e4\u00e4ksesi oikeat muoviruiskuvalmistajat erityistarpeisiisi voit tehd\u00e4 tutkimusta verkossa, pyyt\u00e4\u00e4 suosituksia alan kollegoilta tai osallistua messuille ja konferensseihin, joissa voit tavata mahdollisia toimittajia. On my\u00f6s ratkaisevan t\u00e4rke\u00e4\u00e4, ett\u00e4 ilmoitat projektisi vaatimukset selke\u00e4sti ja perusteellisesti, jotta voit varmistaa, ett\u00e4 muotinvalmistaja pystyy toimittamaan parhaat mahdolliset tulokset.<\/p>\n<h3><span class=\"ez-toc-section\" id=\"Where_can_we_find_injection_molded_plastic_part_manufacturers\"><\/span>Mist\u00e4 l\u00f6yd\u00e4mme ruiskuvalettujen muoviosien valmistajia?<span class=\"ez-toc-section-end\"><\/span><\/h3>\n<p>Kun sinulla on hanke, joka tarvitsee muovisia valettuja osia, ensimm\u00e4inen asia on l\u00f6yt\u00e4\u00e4 muotinvalmistajia, jotka tekev\u00e4t t\u00e4m\u00e4n sinulle, Kiina on numero yksi paikka projektillesi, mutta miten l\u00f6yt\u00e4\u00e4 muovimuotin valmistaja Kiinassa on huolenaiheesi, alla on useita tapoja l\u00f6yt\u00e4\u00e4 <em>ruiskuvaletut muoviosien valmistajat<\/em>:<\/p>\n<ol>\n<li>Verkkohakemistot: Alibaba. N\u00e4iden hakemistojen avulla voit etsi\u00e4 valmistajia sijainnin, toimialan tai muiden kriteerien perusteella, mutta kuuma tarkistaa, ett\u00e4 on olemassa hyv\u00e4 muottiyritys? Sinun t\u00e4ytyy tarkistaa tarkemmin, koska t\u00e4ll\u00e4 alustalla on monimutkaisempi.<\/li>\n<li>Messut ja konferenssit: Osallistuminen alan messuille ja konferensseihin voi olla erinomainen tapa luoda yhteyksi\u00e4 muovin ruiskupuristusvalmistajaan ja oppia lis\u00e4\u00e4 heid\u00e4n kyvyist\u00e4\u00e4n ja palveluistaan.<\/li>\n<li>L\u00e4hetteet ja suositukset: Kysy kollegoilta tai alan yhteyshenkil\u00f6ilt\u00e4 suosituksia ruiskuvaluvalmistajista, joiden kanssa he ovat ty\u00f6skennelleet aiemmin ja joihin he luottavat.<\/li>\n<li>Paikalliset resurssit: Tarkista paikallisilta liike-el\u00e4m\u00e4n j\u00e4rjest\u00f6ilt\u00e4 tai toimialaryhmilt\u00e4, onko niill\u00e4 luettelo alueesi muovin ruiskupuristusvalmistajayrityksist\u00e4.<\/li>\n<li>Hakukoneet: Etsi hakukoneella hakusanalla \"ruiskuvalu valmistajat\" tai vastaavilla avainsanoilla l\u00f6yt\u00e4\u00e4ksesi luettelon mahdollisista yrityksist\u00e4. <a href=\"http:\/\/plas.co\/fi\/\">muottien toimittajat<\/a>.<\/li>\n<\/ol>\n<h3><span class=\"ez-toc-section\" id=\"What_is_a_reasonable_cost_for_a_plastic_injection_moold\"><\/span>Mik\u00e4 on kohtuullinen hinta muovin ruiskuvalulle?<span class=\"ez-toc-section-end\"><\/span><\/h3>\n<p>Muovin ruiskuvalumuotin kustannukset voivat vaihdella suuresti riippuen esimerkiksi osan monimutkaisuudesta, muotin koosta, k\u00e4ytetyst\u00e4 materiaalista ja tuotantom\u00e4\u00e4r\u00e4st\u00e4. Yleens\u00e4 pienempien osien muotit, joilla on yksinkertainen geometria ja pienemm\u00e4t tuotantom\u00e4\u00e4r\u00e4t, ovat edullisempia kuin muotit, jotka on tarkoitettu suurempiin, monimutkaisempiin osiin, joilla on suuremmat tuotantom\u00e4\u00e4r\u00e4t.<\/p>\n<p>Yksinkertainen ruiskuvalumuotti pienelle muoviosalle voi maksaa muutamasta tuhannesta dollarista kymmeniin tuhansiin dollareihin, kun taas monimutkaisempi muotti suurelle osalle, jossa on monimutkaisia geometrioita, voi maksaa yli $100 000 dollaria tai enemm\u00e4n.<\/p>\n<p>On t\u00e4rke\u00e4\u00e4 pit\u00e4\u00e4 mieless\u00e4, ett\u00e4 muotin hinta on vain yksi tekij\u00e4 muoviosien kokonaiskustannuksissa. Muita huomioon otettavia kustannuksia ovat materiaalikustannukset, ty\u00f6voimakustannukset ja yleiskustannukset. Lis\u00e4ksi on t\u00e4rke\u00e4\u00e4 valita hyv\u00e4maineinen ja kokenut <em>muotinvalmistaja<\/em> joka pystyy toimittamaan korkealaatuisen muotin, joka t\u00e4ytt\u00e4\u00e4 vaatimuksesi.<\/p>\n<p>Jos sinulla on projekti, joka tarvitsee Kiinan muovimuottiyrityst\u00e4 tukemaan, ota yhteytt\u00e4, tarjoamme sinulle parhaan hinnan, muotin hinta on niinkin alhainen kuin $500, riippuen osan koosta ja ominaisuuksista.<\/p>\n<p>Sincere Tech muovimuotin valmistaja on aina vaatinut tyydytt\u00e4m\u00e4\u00e4n asiakkaita ammattimaisella tekniikalla ja hyvill\u00e4 laitteilla muotin kehitt\u00e4misen, valmistuksen ja injektion kannalta.Olemme ottaneet k\u00e4ytt\u00f6\u00f6n ulkomaisia kehittyneit\u00e4 k\u00e4sittelylaitteita, joihin kuuluvat CAD \/ CAE \/ CAM-j\u00e4rjestelm\u00e4, kolmiulotteinen mittauskone, nopea jyrsint\u00e4, CNC-ty\u00f6st\u00f6keskus, CNC-s\u00e4hk\u00f6inen kipin\u00e4, jotta varmistetaan muotin tekniikka, valmistus ja laatu. Voimme tuottaa pienist\u00e4 tarkkuusmuotteja suuriin autonosien muotteihin, suuriin s\u00e4ili\u00f6muoteihin.<\/p>\n<p>Sincere Tech:ss\u00e4 tuotteesi saa tehokkaan projektinhallinnan, joka v\u00e4hent\u00e4\u00e4 kustannuksia ja antaa tuotteidesi n\u00e4ky\u00e4 markkinoilla mahdollisimman nopeasti.<\/p>\n<\/div><\/section>","protected":false},"excerpt":{"rendered":"","protected":false},"author":1,"featured_media":603,"parent":0,"menu_order":0,"comment_status":"open","ping_status":"open","template":"","meta":{"footnotes":""},"class_list":["post-125","page","type-page","status-publish","has-post-thumbnail","hentry"],"_links":{"self":[{"href":"https:\/\/plas.co\/fi\/wp-json\/wp\/v2\/pages\/125","targetHints":{"allow":["GET"]}}],"collection":[{"href":"https:\/\/plas.co\/fi\/wp-json\/wp\/v2\/pages"}],"about":[{"href":"https:\/\/plas.co\/fi\/wp-json\/wp\/v2\/types\/page"}],"author":[{"embeddable":true,"href":"https:\/\/plas.co\/fi\/wp-json\/wp\/v2\/users\/1"}],"replies":[{"embeddable":true,"href":"https:\/\/plas.co\/fi\/wp-json\/wp\/v2\/comments?post=125"}],"version-history":[{"count":0,"href":"https:\/\/plas.co\/fi\/wp-json\/wp\/v2\/pages\/125\/revisions"}],"wp:featuredmedia":[{"embeddable":true,"href":"https:\/\/plas.co\/fi\/wp-json\/wp\/v2\/media\/603"}],"wp:attachment":[{"href":"https:\/\/plas.co\/fi\/wp-json\/wp\/v2\/media?parent=125"}],"curies":[{"name":"wp","href":"https:\/\/api.w.org\/{rel}","templated":true}]}}