{"id":146,"date":"2014-09-20T19:04:21","date_gmt":"2014-09-20T11:04:21","guid":{"rendered":"http:\/\/andy-mold.com\/?page_id=146"},"modified":"2016-02-14T14:13:57","modified_gmt":"2016-02-14T06:13:57","slug":"projektinhallinta","status":"publish","type":"page","link":"https:\/\/plas.co\/fi\/enginnering\/projektinhallinta\/","title":{"rendered":"Projektinhallinta"},"content":{"rendered":"<p>Muoviruiskuvaluprojektien hallinta, Andy Mouldilla on projektisuunnittelutiimi. T\u00e4ll\u00e4 tiimill\u00e4 on monenlaista teknologista taustaa, ei ainoastaan muovin, vaan my\u00f6s metallin ja elektroniikan alalla. Jokaista projektia seuraa kokenut projekti-insin\u00f6\u00f6ri, joka johtaa projektin kehitt\u00e4mist\u00e4, asiakkaan teknist\u00e4 tukea, laadunvalvontaa ja koordinoi osastojen v\u00e4list\u00e4 yhteisty\u00f6t\u00e4 koko kehitysprosessin ajan.<br \/>\n<b>Ty\u00f6rutiini<\/b><br \/>\nViikoittainen p\u00e4ivitys asiakkaalle<br \/>\nTy\u00f6kalun rakentamisen v\u00e4litavoitteiden johdonmukainen seuranta<br \/>\nP\u00e4ivitt\u00e4inen yhteydenpito mahdollisten ongelmien varalta<br \/>\nHankkeen p\u00e4\u00e4tt\u00e4minen massatuotantoon tai ty\u00f6kalujen toimittamiseen<\/p>\n<p>N\u00e4iss\u00e4 kolmessa vaiheessa tarvitaan asiakkaamme kirjallinen hyv\u00e4ksynt\u00e4:<br \/>\nMuotin suunnittelun hyv\u00e4ksynt\u00e4<br \/>\nN\u00e4ytteen hyv\u00e4ksynt\u00e4<br \/>\nMuotin toimitus ja hyv\u00e4ksynt\u00e4<\/p>\n<p><b>Myynnin j\u00e4lkeen<\/b><br \/>\nVaraosat voidaan toimittaa myynnin j\u00e4lkeen<br \/>\nTekniikkaehdotuksia saatavilla, jos asiakas tarvitsee<\/p>","protected":false},"excerpt":{"rendered":"<p>Plastic injection mould projects management, Andy Mould has a project engineering team. This team has multi-backgrounds of technologies, not only in plastic, but also metal and electronics. Each project will be followed by a experienced project engineer, who will conduct as the team leader of project development, customer technical support, quality control, cross-department coordinate during [&hellip;]<\/p>\n","protected":false},"author":1,"featured_media":0,"parent":22,"menu_order":0,"comment_status":"open","ping_status":"open","template":"","meta":{"footnotes":""},"class_list":["post-146","page","type-page","status-publish","hentry"],"_links":{"self":[{"href":"https:\/\/plas.co\/fi\/wp-json\/wp\/v2\/pages\/146","targetHints":{"allow":["GET"]}}],"collection":[{"href":"https:\/\/plas.co\/fi\/wp-json\/wp\/v2\/pages"}],"about":[{"href":"https:\/\/plas.co\/fi\/wp-json\/wp\/v2\/types\/page"}],"author":[{"embeddable":true,"href":"https:\/\/plas.co\/fi\/wp-json\/wp\/v2\/users\/1"}],"replies":[{"embeddable":true,"href":"https:\/\/plas.co\/fi\/wp-json\/wp\/v2\/comments?post=146"}],"version-history":[{"count":0,"href":"https:\/\/plas.co\/fi\/wp-json\/wp\/v2\/pages\/146\/revisions"}],"up":[{"embeddable":true,"href":"https:\/\/plas.co\/fi\/wp-json\/wp\/v2\/pages\/22"}],"wp:attachment":[{"href":"https:\/\/plas.co\/fi\/wp-json\/wp\/v2\/media?parent=146"}],"curies":[{"name":"wp","href":"https:\/\/api.w.org\/{rel}","templated":true}]}}