{"id":15,"date":"2014-09-20T14:09:15","date_gmt":"2014-09-20T06:09:15","guid":{"rendered":"http:\/\/andy-mold.com\/?page_id=15"},"modified":"2024-03-23T23:37:06","modified_gmt":"2024-03-23T15:37:06","slug":"yritys","status":"publish","type":"page","link":"https:\/\/plas.co\/fi\/yritys\/","title":{"rendered":"Tietoa meist\u00e4"},"content":{"rendered":"<section  class='av_textblock_section av-lehbcujc-e36697ed1bea52a8cb8c1afa77e72bd4'   itemscope=\"itemscope\" itemtype=\"https:\/\/schema.org\/CreativeWork\" ><div class='avia_textblock'  itemprop=\"text\" ><div id=\"ez-toc-container\" class=\"ez-toc-v2_0_82_2 counter-hierarchy ez-toc-counter ez-toc-grey ez-toc-container-direction\">\n<div class=\"ez-toc-title-container\">\n<p class=\"ez-toc-title\" style=\"cursor:inherit\">Sis\u00e4llysluettelo<\/p>\n<span class=\"ez-toc-title-toggle\"><a href=\"#\" class=\"ez-toc-pull-right ez-toc-btn ez-toc-btn-xs ez-toc-btn-default ez-toc-toggle\" aria-label=\"Sis\u00e4llysluettelon vaihtaminen\"><span class=\"ez-toc-js-icon-con\"><span class=\"\"><span class=\"eztoc-hide\" style=\"display:none;\">Toggle<\/span><span class=\"ez-toc-icon-toggle-span\"><svg style=\"fill: #999;color:#999\" xmlns=\"http:\/\/www.w3.org\/2000\/svg\" class=\"list-377408\" width=\"20px\" height=\"20px\" viewbox=\"0 0 24 24\" fill=\"none\"><path d=\"M6 6H4v2h2V6zm14 0H8v2h12V6zM4 11h2v2H4v-2zm16 0H8v2h12v-2zM4 16h2v2H4v-2zm16 0H8v2h12v-2z\" fill=\"currentColor\"><\/path><\/svg><svg style=\"fill: #999;color:#999\" class=\"arrow-unsorted-368013\" xmlns=\"http:\/\/www.w3.org\/2000\/svg\" width=\"10px\" height=\"10px\" viewbox=\"0 0 24 24\" version=\"1.2\" baseprofile=\"tiny\"><path d=\"M18.2 9.3l-6.2-6.3-6.2 6.3c-.2.2-.3.4-.3.7s.1.5.3.7c.2.2.4.3.7.3h11c.3 0 .5-.1.7-.3.2-.2.3-.5.3-.7s-.1-.5-.3-.7zM5.8 14.7l6.2 6.3 6.2-6.3c.2-.2.3-.5.3-.7s-.1-.5-.3-.7c-.2-.2-.4-.3-.7-.3h-11c-.3 0-.5.1-.7.3-.2.2-.3.5-.3.7s.1.5.3.7z\"\/><\/svg><\/span><\/span><\/span><\/a><\/span><\/div>\n<nav><ul class='ez-toc-list ez-toc-list-level-1' ><li class='ez-toc-page-1 ez-toc-heading-level-2'><a class=\"ez-toc-link ez-toc-heading-1\" href=\"https:\/\/plas.co\/fi\/yritys\/#Plastic_Mold_Company_In_China_All_in_one_service\" >Muovimuotti yritys Kiinassa: Kaikki yhdess\u00e4 palvelussa<\/a><ul class='ez-toc-list-level-3' ><li class='ez-toc-heading-level-3'><a class=\"ez-toc-link ez-toc-heading-2\" href=\"https:\/\/plas.co\/fi\/yritys\/#Our_plastic_mold_company_services_include\" >Muovimuottiyrityksen palveluihimme kuuluvat:<\/a><ul class='ez-toc-list-level-4' ><li class='ez-toc-heading-level-4'><a class=\"ez-toc-link ez-toc-heading-3\" href=\"https:\/\/plas.co\/fi\/yritys\/#Our_product_development_services_include\" >Tuotekehityspalveluihimme kuuluvat:<\/a><\/li><\/ul><\/li><li class='ez-toc-page-1 ez-toc-heading-level-3'><a class=\"ez-toc-link ez-toc-heading-4\" href=\"https:\/\/plas.co\/fi\/yritys\/#We_supply_the_following_for_the_final_stage_of_assembly\" >Toimitamme kokoonpanon viimeiseen vaiheeseen seuraavat tarvikkeet:<\/a><\/li><\/ul><\/li><\/ul><\/nav><\/div>\n<h2><span class=\"ez-toc-section\" id=\"Plastic_Mold_Company_In_China_All_in_one_service\"><\/span>Muovimuotti yritys Kiinassa: Kaikki yhdess\u00e4 palvelussa<span class=\"ez-toc-section-end\"><\/span><\/h2>\n<p>Kiinalainen Plas.co (Sincere Tech) valmistaa erinomaisia muovimuotteja. He tarjoavat r\u00e4\u00e4t\u00e4l\u00f6ityj\u00e4 muotteja, ruiskuvalua, osien suunnittelua, prototyyppien valmistusta, testausta, painevalua, koneistusta, silikonivalua, kokoonpanoa ja paljon muuta. Toivotamme sinut tervetulleeksi.<\/p>\n<p>Plas.co-muovimuottiyritys on ylpe\u00e4 laadusta, innovaatiosta ja asiakastyytyv\u00e4isyydest\u00e4. Ammattitaitoiset insin\u00f6\u00f6rimme ja teknikot k\u00e4ytt\u00e4v\u00e4t uusinta teknologiaa ja menetelmi\u00e4 varmistaakseen, ett\u00e4 jokainen projekti t\u00e4ytt\u00e4\u00e4 tai ylitt\u00e4\u00e4 asiakkaan odotukset.<\/p>\n<p>Suunnittelemme ja valmistamme korkealaatuisia muovin ruiskuvalumuotteja, painevalumuotteja ja silikonivaluosia, mutta tarjoamme my\u00f6s kokoonpanoa. Voimme auttaa konseptista toimitukseen. T\u00e4m\u00e4 sis\u00e4lt\u00e4\u00e4 prototyyppien rakentamisen, testauksen, uudelleenprototyyppien rakentamisen, piirilevyjen kokoonpanon, kaapelihitsauksen, tarkastuksen, tuotannon ja testauksen.<\/p>\n<h3><span class=\"ez-toc-section\" id=\"Our_plastic_mold_company_services_include\"><\/span><span lang=\"EN-US\">Muovimuottiyrityksen palveluihimme kuuluvat:<\/span><span class=\"ez-toc-section-end\"><\/span><\/h3>\n<p>Tarvitsitpa sitten muotin ruiskuvalua, painevalua tai silikonivalua varten, muotinvalmistusyrityksemme kattaa sinut. Yrityksemme tarjoaa kattavat muotinvalmistuspalvelut. Muotit voidaan valmistaa mittatilausty\u00f6n\u00e4 tarkkojen eritelmien mukaan k\u00e4ytt\u00e4en huippuluokan valmistustekniikoita, joten voimme taata, ett\u00e4 projektistasi tulee korkealaatuinen.<\/p>\n<p>Ruiskuvaletut komponentit: Muovikomponentit: Olemme alan johtavia valmistajia korkealaatuisten, r\u00e4\u00e4t\u00e4l\u00f6ityjen muovikomponenttien tuotannossa monille eri aloille. Voit luottaa siihen, ett\u00e4 asiantunteva teknikkojen ja insin\u00f6\u00f6rien tiimimme on rinnallasi koko prosessin ajan, ideoinnista toimitukseen.<\/p>\n<p>Yrityksemme tarjoaa yksil\u00f6llisi\u00e4 painevalupalveluja, jotka alkavat muotin suunnittelusta ja jatkuvat tuotantoon, viimeistelyyn ja sen j\u00e4lkeen. K\u00e4yt\u00e4mme huipputeknologiaa ja -menetelmi\u00e4 varmistaaksemme, ett\u00e4 projektisi t\u00e4ytt\u00e4\u00e4 korkeimmat standardit, mik\u00e4 kuvastaa sitoutumistamme tarjoamaan asiakkaillemme parasta palvelua ja laatua.<\/p>\n<p>Nykyaikaiset jyrsint\u00e4- ja sorvauskoneemme soveltuvat erinomaisesti tarkkuuskomponenttien ja osien valmistukseen monenlaisille yrityksille. K\u00e4ytt\u00e4m\u00e4ll\u00e4 huippuluokan ty\u00f6kaluja ja tekniikoita saamme jokaisen projektin valmiiksi \u00e4\u00e4rimm\u00e4isen laadukkaasti. T\u00e4m\u00e4 osoittaa, ett\u00e4 olemme omistautuneet tarjoamaan asiakkaillemme korkealaatuista palvelua.<\/p>\n<p>Olemme erikoistunut yritys, joka valmistaa korkealaatuisia silikonivalukomponentteja monille eri teollisuudenaloille. Voit luottaa siihen, ett\u00e4 teknikkojen ja insin\u00f6\u00f6rien asiantuntijatiimimme on rinnallasi koko prosessin ajan, ideoinnista toimitukseen.<\/p>\n<p>Muottien ja silikonimuottien valmistus, koneistus, painevalu, tuotekehitys ja loppukokoonpano ovat vain muutamia monista yrityksemme tarjoamista valmistuspalveluista.<\/p>\n<p>Ammattitaitoinen suunnittelijoiden ja teknikoiden henkil\u00f6kuntamme huolehtii tuotteestasi alusta loppuun asti. Koska k\u00e4yt\u00e4mme huipputeknologiaa ja -menetelmi\u00e4, voit luottaa siihen, ett\u00e4 lopputuote on kaikin puolin virheet\u00f6n. Ja lopuksi, teemme tiivist\u00e4 yhteisty\u00f6t\u00e4 asiakkaidemme kanssa alusta loppuun, jotta voimme t\u00e4ytt\u00e4\u00e4 heid\u00e4n vaatimuksensa.<\/p>\n<h4><span class=\"ez-toc-section\" id=\"Our_product_development_services_include\"><\/span><span lang=\"EN-US\">Tuotekehityspalveluihimme kuuluvat:<\/span><span class=\"ez-toc-section-end\"><\/span><\/h4>\n<p>Alkaen k\u00e4sitteest\u00e4: Kattavien suunnittelupalvelujemme avulla voimme vastata kaikkiin tarpeisiisi ja tehd\u00e4 unelmistasi totta.<\/p>\n<p>Prototyyppien luominen: Prototyyppipalveluidemme avulla voit testata tuotetta ennen kuin se tulee markkinoille. N\u00e4in voit varmistaa, ett\u00e4 tuotteesi t\u00e4ytt\u00e4\u00e4 kaikki tarpeesi, ja est\u00e4\u00e4 ongelmien syntymisen.<\/p>\n<p>Ty\u00f6kalut: Tarjoamalla r\u00e4\u00e4t\u00e4l\u00f6ityj\u00e4 ty\u00f6kalustrategioita voimme auttaa sinua valmistamaan tuotteesi laajassa mittakaavassa. N\u00e4in varmistamme, ett\u00e4 tuotteesi on korkealaatuinen ja huolella k\u00e4sity\u00f6n\u00e4 valmistettu.<\/p>\n<p>Valmistus: Valmistuspalvelumme ovat vain muutamia monista prosesseista, jotka muodostavat valmistuspalvelumme. N\u00e4in varmistamme, ett\u00e4 voimme tarjota sinulle kattavan valmistusratkaisun.<\/p>\n<h3><span class=\"ez-toc-section\" id=\"We_supply_the_following_for_the_final_stage_of_assembly\"><\/span>Toimitamme kokoonpanon viimeiseen vaiheeseen seuraavat tarvikkeet:<span class=\"ez-toc-section-end\"><\/span><\/h3>\n<p>Osien kokoaminen: Osaamme koota osat yhteen kokonaisuudeksi. Jokainen osa toimii tarkoitetulla tavalla, ja lupaamme, ett\u00e4 lopputulos on parempi kuin mit\u00e4 toivoit.<\/p>\n<p>Testaus: Testaus: Voimme testata valmiin tuotteesi, jotta voimme taata, ett\u00e4 se on standardin mukainen ja t\u00e4ytt\u00e4\u00e4 vaatimuksesi.<\/p>\n<p>Todistus: CE, ETL tai FCC: Voimme valmistaa elektroniikkatuotteita, jotka t\u00e4ytt\u00e4v\u00e4t kansainv\u00e4listen sertifiointielinten, kuten CE, ETL tai FCC, vaatimukset.<\/p>\n<p>Pakkaus: Pakkaus: Voimme pakata valmiin tuotteen juuri haluamallasi tavalla, joten voit olla varma, ett\u00e4 se saapuu perille vahingoittumattomana.<\/p>\n<p>Plas.co:n tavoitteena on tarjota asiakkaillemme kokonaisvaltaisia palveluita tuotekehityksest\u00e4 loppukokoonpanoon. Jos sinulla on kysytt\u00e4v\u00e4\u00e4 siit\u00e4, miten voimme auttaa sinua tulevassa projektissasi, ota viipym\u00e4tt\u00e4 yhteytt\u00e4.<\/p>\n<div id=\"attachment_394\" style=\"width: 4762px\" class=\"wp-caption aligncenter\"><a href=\"http:\/\/plas.co\/wp-content\/uploads\/2016\/02\/IMG_9539.jpg\"><img decoding=\"async\" aria-describedby=\"caption-attachment-394\" class=\"wp-image-394 size-full\" src=\"http:\/\/plas.co\/wp-content\/uploads\/2016\/02\/IMG_9539.jpg\" alt=\"muovi multaa yritys\" width=\"4752\" height=\"3168\" srcset=\"https:\/\/plas.co\/wp-content\/uploads\/2016\/02\/IMG_9539.jpg 4752w, https:\/\/plas.co\/wp-content\/uploads\/2016\/02\/IMG_9539-300x200.jpg 300w, https:\/\/plas.co\/wp-content\/uploads\/2016\/02\/IMG_9539-768x512.jpg 768w, https:\/\/plas.co\/wp-content\/uploads\/2016\/02\/IMG_9539-1024x683.jpg 1024w\" sizes=\"(max-width: 4752px) 100vw, 4752px\" \/><\/a><p id=\"caption-attachment-394\" class=\"wp-caption-text\">muovi multaa yritys<\/p><\/div>\n<\/div><\/section>","protected":false},"excerpt":{"rendered":"","protected":false},"author":1,"featured_media":836,"parent":0,"menu_order":0,"comment_status":"open","ping_status":"open","template":"","meta":{"footnotes":""},"class_list":["post-15","page","type-page","status-publish","has-post-thumbnail","hentry"],"_links":{"self":[{"href":"https:\/\/plas.co\/fi\/wp-json\/wp\/v2\/pages\/15","targetHints":{"allow":["GET"]}}],"collection":[{"href":"https:\/\/plas.co\/fi\/wp-json\/wp\/v2\/pages"}],"about":[{"href":"https:\/\/plas.co\/fi\/wp-json\/wp\/v2\/types\/page"}],"author":[{"embeddable":true,"href":"https:\/\/plas.co\/fi\/wp-json\/wp\/v2\/users\/1"}],"replies":[{"embeddable":true,"href":"https:\/\/plas.co\/fi\/wp-json\/wp\/v2\/comments?post=15"}],"version-history":[{"count":0,"href":"https:\/\/plas.co\/fi\/wp-json\/wp\/v2\/pages\/15\/revisions"}],"wp:featuredmedia":[{"embeddable":true,"href":"https:\/\/plas.co\/fi\/wp-json\/wp\/v2\/media\/836"}],"wp:attachment":[{"href":"https:\/\/plas.co\/fi\/wp-json\/wp\/v2\/media?parent=15"}],"curies":[{"name":"wp","href":"https:\/\/api.w.org\/{rel}","templated":true}]}}