{"id":162,"date":"2014-09-22T12:27:03","date_gmt":"2014-09-22T04:27:03","guid":{"rendered":"http:\/\/andy-mold.com\/?page_id=162"},"modified":"2020-01-04T00:41:06","modified_gmt":"2020-01-03T16:41:06","slug":"koneluettelo","status":"publish","type":"page","link":"https:\/\/plas.co\/fi\/koneluettelo\/","title":{"rendered":"Koneluettelo"},"content":{"rendered":"<table width=\"877\">\n<tbody>\n<tr>\n<td width=\"221\"><b>\u4e3b\u8981\u8bbe\u5907<\/b><b>T\u00e4rkeimm\u00e4t varusteet<\/b><\/td>\n<td width=\"242\"><b>\u54c1\u724c<\/b><b>Merkki<\/b><\/td>\n<td width=\"257\"><b>\u89c4\u683c<\/b><b>Tekniset tiedot<\/b><\/td>\n<td width=\"158\"><b>\u6570\u91cf<\/b><b>M\u00e4\u00e4r\u00e4.<\/b><\/td>\n<\/tr>\n<tr>\n<td width=\"221\">CNC<\/td>\n<td width=\"242\">\u7267\u91ce\/ MAKINO MAX65S<\/td>\n<td width=\"257\">8000RPM<\/td>\n<td width=\"158\">1<\/td>\n<\/tr>\n<tr>\n<td width=\"221\">CNC<\/td>\n<td width=\"242\">\u53d1\u90a3\u79d1\/FUNAC @-D14 MIA<\/td>\n<td width=\"257\">25000RPM<\/td>\n<td width=\"158\">1<\/td>\n<\/tr>\n<tr>\n<td width=\"221\">CNC<\/td>\n<td width=\"242\">\u53f0\u4e00\/ ALKUUN CNC1060<\/td>\n<td width=\"257\">8000RPM<\/td>\n<td width=\"158\">2<\/td>\n<\/tr>\n<tr>\n<td width=\"221\">CNC<\/td>\n<td width=\"242\">\u53f0\u4e00\/ TOP CNC855<\/td>\n<td width=\"257\">12000RPM<\/td>\n<td width=\"158\">1<\/td>\n<\/tr>\n<tr>\n<td width=\"221\">CNC<\/td>\n<td width=\"242\">\u4f73\u94c1\/ JIATIE 550<\/td>\n<td width=\"257\">30000RPM<\/td>\n<td width=\"158\">2<\/td>\n<\/tr>\n<tr>\n<td width=\"221\">JOHDON KATKAISU<\/td>\n<td width=\"242\">\u5e86\u9e3f\/CHMER<\/td>\n<td width=\"257\">HWC53F<\/td>\n<td width=\"158\">2<\/td>\n<\/tr>\n<tr>\n<td width=\"221\">EDM<\/td>\n<td width=\"242\">\u53f0\u4e00\/ Top EDM<\/td>\n<td width=\"257\">DF435<\/td>\n<td width=\"158\">3<\/td>\n<\/tr>\n<tr>\n<td width=\"221\">EDM<\/td>\n<td width=\"242\">\u590f\u7c73\u5c14\/Charmille<\/td>\n<td width=\"257\">FORM 20<\/td>\n<td width=\"158\">1<\/td>\n<\/tr>\n<tr>\n<td width=\"221\">EDM<\/td>\n<td width=\"242\">\u8fea\u8499\u6c99\u8fea\u514b\/ Sodic<\/td>\n<td width=\"257\">B30<\/td>\n<td width=\"158\">1<\/td>\n<\/tr>\n<tr>\n<td width=\"221\">EDM<\/td>\n<td width=\"242\">\u8fea\u8499\u6c99\u8fea\u514b\/ Sodic<\/td>\n<td width=\"257\">N52<\/td>\n<td width=\"158\">1<\/td>\n<\/tr>\n<tr>\n<td width=\"221\">\u78e8\u5e8a Hiontakoneisto<\/td>\n<td width=\"242\">\u65fa\u76d8\/ HyBest<\/td>\n<td width=\"257\">HF-618SA<\/td>\n<td width=\"158\">4<\/td>\n<\/tr>\n<tr>\n<td width=\"221\">\u94e3\u5e8a\/ Jyrsinkone<\/td>\n<td width=\"242\">\u6377\u752c\u8fbe \/ Joint<\/td>\n<td width=\"257\">3#<\/td>\n<td width=\"158\">6<\/td>\n<\/tr>\n<tr>\n<td width=\"221\">\u94e3\u5e8a Jyrsinkone<\/td>\n<td width=\"242\">\u6377\u752c\u8fbe \/ Joint<\/td>\n<td width=\"257\">7#<\/td>\n<td width=\"158\">1<\/td>\n<\/tr>\n<tr>\n<td width=\"221\">\u8f66\u5e8a\/ Sorvi<\/td>\n<td width=\"242\">\u5e7f\u5dde\u5357\u65b9 \/ Guangzhou<\/td>\n<td width=\"257\">6320<\/td>\n<td width=\"158\">1<\/td>\n<\/tr>\n<tr>\n<td width=\"221\">\u6447\u81c2\u94bb\u5e8a\/ Poraaminen<\/td>\n<td width=\"242\">\u6377\u752c\u8fbe \/ Joint<\/td>\n<td width=\"257\">HC-900<\/td>\n<td width=\"158\">1<\/td>\n<\/tr>\n<tr>\n<td width=\"221\">\u6295\u5f71\u673ahinauksen ulottuvuus<\/td>\n<td width=\"242\">\u4e07\u8c6a \/ Rationaalinen<\/td>\n<td width=\"257\">VMS<\/td>\n<td width=\"158\">1<\/td>\n<\/tr>\n<tr>\n<td width=\"221\">\u4e09\u6b21\u5143CMM<\/td>\n<td width=\"242\">\u601d\u745e\/SERIEN<\/td>\n<td width=\"257\">CROMA-686<\/td>\n<td width=\"158\">1<\/td>\n<\/tr>\n<tr>\n<td width=\"221\">\u9ad8\u5ea6\u5c3a \/ Korkeusmittari<\/td>\n<td width=\"242\">\u4e09\u4e30 \/ Mitutoyo<\/td>\n<td width=\"257\"><\/td>\n<td width=\"158\">1<\/td>\n<\/tr>\n<\/tbody>\n<\/table>\n<table width=\"864\">\n<tbody>\n<tr>\n<td width=\"217\">\u6ce8\u5851\u673a Injektio<\/td>\n<td width=\"238\">\u4f4f\u53cb\/SUMITOMO<\/td>\n<td width=\"253\">30T<\/td>\n<td width=\"156\">1<\/td>\n<\/tr>\n<tr>\n<td width=\"217\">\u6ce8\u5851\u673a Injektio<\/td>\n<td width=\"238\">\u4f4f\u53cb\/SUMITOMO<\/td>\n<td width=\"253\">80T<\/td>\n<td width=\"156\">1<\/td>\n<\/tr>\n<tr>\n<td width=\"217\">\u6ce8\u5851\u673a Injektio<\/td>\n<td width=\"238\">\u4f4f\u53cb\/SUMITOMO<\/td>\n<td width=\"253\">100T<\/td>\n<td width=\"156\">1<\/td>\n<\/tr>\n<tr>\n<td width=\"217\">\u6ce8\u5851\u673a Injektio<\/td>\n<td width=\"238\">\u4f4f\u53cb\/SUMITOMO<\/td>\n<td width=\"253\">130T<\/td>\n<td width=\"156\">5<\/td>\n<\/tr>\n<tr>\n<td width=\"217\">\u6ce8\u5851\u673a Injektio<\/td>\n<td width=\"238\">\u6d77\u5929\/HAITIAN<\/td>\n<td width=\"253\">90T<\/td>\n<td width=\"156\">1<\/td>\n<\/tr>\n<tr>\n<td width=\"217\">\u6ce8\u5851\u673a Injektio<\/td>\n<td width=\"238\">\u6d77\u5929\/HAITIAN<\/td>\n<td width=\"253\">160T<\/td>\n<td width=\"156\">1<\/td>\n<\/tr>\n<tr>\n<td width=\"217\">\u6ce8\u5851\u673a Injektio<\/td>\n<td width=\"238\">\u5fc5\u76db\u8fbe\/Bester<\/td>\n<td width=\"253\">260T<\/td>\n<td width=\"156\">1<\/td>\n<\/tr>\n<tr>\n<td width=\"217\">\u6ce8\u5851\u673a Injektio<\/td>\n<td width=\"238\">\u6d77\u5929\/HAITIAN<\/td>\n<td width=\"253\">650T<\/td>\n<td width=\"156\">1<\/td>\n<\/tr>\n<tr>\n<td width=\"217\">\u5e72\u71e5\u673a<\/td>\n<td width=\"238\">\u5b50\u529b<\/td>\n<td width=\"253\">50KG<\/td>\n<td width=\"156\">4<\/td>\n<\/tr>\n<tr>\n<td width=\"217\">\u6c34\u6e29\u673a<\/td>\n<td width=\"238\">\u5b50\u529b<\/td>\n<td width=\"253\">120\u5ea6<\/td>\n<td width=\"156\">4<\/td>\n<\/tr>\n<\/tbody>\n<\/table>","protected":false},"excerpt":{"rendered":"<p>\u4e3b\u8981\u8bbe\u5907Main equip \u54c1\u724cBrand \u89c4\u683cSpecs \u6570\u91cfQty. CNC \u7267\u91ce\/ MAKINO MAX65S 8000RPM 1 CNC \u53d1\u90a3\u79d1\/FUNAC @-D14 MIA 25000RPM 1 CNC \u53f0\u4e00\/ TOP CNC1060 8000RPM 2 CNC \u53f0\u4e00\/ TOP CNC855 12000RPM 1 CNC \u4f73\u94c1\/ JIATIE 550 30000RPM 2 WIRE CUT \u5e86\u9e3f\/CHMER HWC53F 2 EDM \u53f0\u4e00\/ Top EDM DF435 3 EDM \u590f\u7c73\u5c14\/Charmille FORM 20 1 EDM \u8fea\u8499\u6c99\u8fea\u514b\/ Sodic B30 [&hellip;]<\/p>\n","protected":false},"author":1,"featured_media":0,"parent":0,"menu_order":0,"comment_status":"open","ping_status":"open","template":"","meta":{"footnotes":""},"class_list":["post-162","page","type-page","status-publish","hentry"],"_links":{"self":[{"href":"https:\/\/plas.co\/fi\/wp-json\/wp\/v2\/pages\/162","targetHints":{"allow":["GET"]}}],"collection":[{"href":"https:\/\/plas.co\/fi\/wp-json\/wp\/v2\/pages"}],"about":[{"href":"https:\/\/plas.co\/fi\/wp-json\/wp\/v2\/types\/page"}],"author":[{"embeddable":true,"href":"https:\/\/plas.co\/fi\/wp-json\/wp\/v2\/users\/1"}],"replies":[{"embeddable":true,"href":"https:\/\/plas.co\/fi\/wp-json\/wp\/v2\/comments?post=162"}],"version-history":[{"count":0,"href":"https:\/\/plas.co\/fi\/wp-json\/wp\/v2\/pages\/162\/revisions"}],"wp:attachment":[{"href":"https:\/\/plas.co\/fi\/wp-json\/wp\/v2\/media?parent=162"}],"curies":[{"name":"wp","href":"https:\/\/api.w.org\/{rel}","templated":true}]}}