{"id":24,"date":"2014-09-20T14:37:02","date_gmt":"2014-09-20T06:37:02","guid":{"rendered":"http:\/\/andy-mold.com\/?page_id=24"},"modified":"2016-02-14T14:16:27","modified_gmt":"2016-02-14T06:16:27","slug":"laatu","status":"publish","type":"page","link":"https:\/\/plas.co\/fi\/laatu\/","title":{"rendered":"Laatu"},"content":{"rendered":"<p><b>Laatumme:<\/b><\/p>\n<p>Olemme sitoutuneet varmistamaan tuotteidemme laadun ja parantamaan niit\u00e4. Toisin kuin monet kilpailijamme, Tarjoamme korkealaatuisia tuotteita ja laadukasta palvelua, joka t\u00e4ytt\u00e4\u00e4 tai ylitt\u00e4\u00e4 asiakkaiden odotukset.<\/p>\n<p>ISO 900l-2000 -sertifiointistandardit.<\/p>\n<p>Laadunhallintaj\u00e4rjestelm\u00e4mme kattaa koko liiketoimintamme, johon kuuluvat:<\/p>\n<p>Suunnittelutarkastelu<br \/>\nSuunnittelun todentaminen ja validointi<br \/>\nElektronisesti ohjattu kalibroinnin valvonta<br \/>\nVastaanottotarkastus<br \/>\nPakollinen dokumentoitu laatusuunnittelu jokaista hanketta varten<br \/>\nEnsimm\u00e4inen artiklan tarkastus<br \/>\nLopputarkastus\/viimeinen tarkastus<\/p>\n<p><b>Tuotteesi tarkastaa t\u00e4yden palvelun laatupalvelumme<\/b><\/p>\n<p>Koordinaattimittauskone (CMM)<\/p>\n<p>Optinen projektori<\/p>\n<p>Ty\u00f6kaluja koskevat prosessikapasiteettitutkimukset<\/p>","protected":false},"excerpt":{"rendered":"<p>Our Quality: We are committed to ensuring the quality of our products as well as improving them. Unlike many of our competitors, Provide high quality products and quality service to meet or exceed customer&#8217;s expectations. ISO 900l-2000 Certification standards.. Our Quality Management System runs through the whole business transaction, which includes: Design review Design verification [&hellip;]<\/p>\n","protected":false},"author":1,"featured_media":0,"parent":0,"menu_order":0,"comment_status":"open","ping_status":"open","template":"","meta":{"footnotes":""},"class_list":["post-24","page","type-page","status-publish","hentry"],"_links":{"self":[{"href":"https:\/\/plas.co\/fi\/wp-json\/wp\/v2\/pages\/24","targetHints":{"allow":["GET"]}}],"collection":[{"href":"https:\/\/plas.co\/fi\/wp-json\/wp\/v2\/pages"}],"about":[{"href":"https:\/\/plas.co\/fi\/wp-json\/wp\/v2\/types\/page"}],"author":[{"embeddable":true,"href":"https:\/\/plas.co\/fi\/wp-json\/wp\/v2\/users\/1"}],"replies":[{"embeddable":true,"href":"https:\/\/plas.co\/fi\/wp-json\/wp\/v2\/comments?post=24"}],"version-history":[{"count":0,"href":"https:\/\/plas.co\/fi\/wp-json\/wp\/v2\/pages\/24\/revisions"}],"wp:attachment":[{"href":"https:\/\/plas.co\/fi\/wp-json\/wp\/v2\/media?parent=24"}],"curies":[{"name":"wp","href":"https:\/\/api.w.org\/{rel}","templated":true}]}}