{"id":100,"date":"2014-09-20T16:18:58","date_gmt":"2014-09-20T08:18:58","guid":{"rendered":"http:\/\/andy-mold.com\/?page_id=100"},"modified":"2026-01-09T21:16:30","modified_gmt":"2026-01-09T13:16:30","slug":"moule-automobile","status":"publish","type":"page","link":"https:\/\/plas.co\/fr\/produits\/moule-automobile\/","title":{"rendered":"Moules pour l'industrie automobile"},"content":{"rendered":"<div  class='flex_column av-8gcv8-2577ba9e0c13fce46414471b02123209 av_one_full  avia-builder-el-0  el_before_av_textblock  avia-builder-el-first  first flex_column_div'     ><style type=\"text\/css\" data-created_by=\"avia_inline_auto\" id=\"style-css-av-lel1ywqt-993f07fca39d4726bedded6a95944041\">\n#top .avia-gallery.av-lel1ywqt-993f07fca39d4726bedded6a95944041 .avia-gallery-thumb a{\nwidth:33.3333%;\n}\n<\/style>\n<div  class='avia-gallery av-lel1ywqt-993f07fca39d4726bedded6a95944041 avia_animate_when_visible  avia-builder-el-1  avia-builder-el-no-sibling  avia_lazyload avia-gallery-animate avia-gallery-1'  itemprop=\"image\" itemscope=\"itemscope\" itemtype=\"https:\/\/schema.org\/ImageObject\" ><meta itemprop=\"contentURL\" content=\"https:\/\/plas.co\/fr\/produits\/moule-automobile\/\"><div class='avia-gallery-thumb'><a href=\"https:\/\/plas.co\/wp-content\/uploads\/2023\/02\/automotive-injection-mold-1.jpg\" data-srcset=\"https:\/\/plas.co\/wp-content\/uploads\/2023\/02\/automotive-injection-mold-1.jpg 800w, https:\/\/plas.co\/wp-content\/uploads\/2023\/02\/automotive-injection-mold-1-300x225.jpg 300w, https:\/\/plas.co\/wp-content\/uploads\/2023\/02\/automotive-injection-mold-1-768x576.jpg 768w, https:\/\/plas.co\/wp-content\/uploads\/2023\/02\/automotive-injection-mold-1-705x529.jpg 705w\" data-sizes=\"(max-width: 800px) 100vw, 800px\" data-rel='gallery-1' data-prev-img='https:\/\/plas.co\/wp-content\/uploads\/2023\/02\/automotive-injection-mold-1-495x400.jpg' class='first_thumb lightbox' data-onclick='1' title='moule d&#039;injection pour l&#039;industrie automobile'  itemprop=\"thumbnailUrl\"  ><img decoding=\"async\" fetchpriority=\"high\" class=\"wp-image-936 avia-img-lazy-loading-not-936\"   src=\"https:\/\/plas.co\/wp-content\/uploads\/2023\/02\/automotive-injection-mold-1-495x400.jpg\" width=\"495\" height=\"400\"  title='moule d&#039;injection pour l&#039;industrie automobile' alt='moule d&#039;injection pour l&#039;industrie automobile' \/><div class='big-prev-fake'><img decoding=\"async\" loading=\"lazy\" class=\"wp-image-936 avia-img-lazy-loading-936\"  width=\"495\" height=\"400\" src=\"https:\/\/plas.co\/wp-content\/uploads\/2023\/02\/automotive-injection-mold-1-495x400.jpg\" title='moule d&#039;injection pour l&#039;industrie automobile' alt='moule d&#039;injection pour l&#039;industrie automobile' \/><\/div><\/a><a href=\"https:\/\/plas.co\/wp-content\/uploads\/2023\/02\/automotive-mould-factory.jpg\" data-srcset=\"https:\/\/plas.co\/wp-content\/uploads\/2023\/02\/automotive-mould-factory.jpg 800w, https:\/\/plas.co\/wp-content\/uploads\/2023\/02\/automotive-mould-factory-300x225.jpg 300w, https:\/\/plas.co\/wp-content\/uploads\/2023\/02\/automotive-mould-factory-768x576.jpg 768w, https:\/\/plas.co\/wp-content\/uploads\/2023\/02\/automotive-mould-factory-705x529.jpg 705w\" data-sizes=\"(max-width: 800px) 100vw, 800px\" data-rel='gallery-1' data-prev-img='https:\/\/plas.co\/wp-content\/uploads\/2023\/02\/automotive-mould-factory-495x400.jpg' class='lightbox' data-onclick='2' title='usine de moules pour l&#039;industrie automobile'  itemprop=\"thumbnailUrl\"  ><img decoding=\"async\" fetchpriority=\"high\" class=\"wp-image-938 avia-img-lazy-loading-not-938\"   src=\"https:\/\/plas.co\/wp-content\/uploads\/2023\/02\/automotive-mould-factory-495x400.jpg\" width=\"495\" height=\"400\"  title='usine de moules pour l&#039;industrie automobile' alt='usine de moules pour l&#039;industrie automobile' \/><div class='big-prev-fake'><img decoding=\"async\" loading=\"lazy\" class=\"wp-image-938 avia-img-lazy-loading-938\"  width=\"495\" height=\"400\" src=\"https:\/\/plas.co\/wp-content\/uploads\/2023\/02\/automotive-mould-factory-495x400.jpg\" title='usine de moules pour l&#039;industrie automobile' alt='usine de moules pour l&#039;industrie automobile' \/><\/div><\/a><a href=\"https:\/\/plas.co\/wp-content\/uploads\/2023\/02\/automotive-parts-mould.jpg\" data-srcset=\"https:\/\/plas.co\/wp-content\/uploads\/2023\/02\/automotive-parts-mould.jpg 600w, https:\/\/plas.co\/wp-content\/uploads\/2023\/02\/automotive-parts-mould-225x300.jpg 225w, https:\/\/plas.co\/wp-content\/uploads\/2023\/02\/automotive-parts-mould-529x705.jpg 529w\" data-sizes=\"(max-width: 600px) 100vw, 600px\" data-rel='gallery-1' data-prev-img='https:\/\/plas.co\/wp-content\/uploads\/2023\/02\/automotive-parts-mould-495x400.jpg' class='lightbox' data-onclick='3' title='moules pour pi\u00e8ces automobiles'  itemprop=\"thumbnailUrl\"  ><img decoding=\"async\" fetchpriority=\"high\" class=\"wp-image-941 avia-img-lazy-loading-not-941\"   src=\"https:\/\/plas.co\/wp-content\/uploads\/2023\/02\/automotive-parts-mould-495x400.jpg\" width=\"495\" height=\"400\"  title='moules pour pi\u00e8ces automobiles' alt='moules pour pi\u00e8ces automobiles' \/><div class='big-prev-fake'><img decoding=\"async\" loading=\"lazy\" class=\"wp-image-941 avia-img-lazy-loading-941\"  width=\"495\" height=\"400\" src=\"https:\/\/plas.co\/wp-content\/uploads\/2023\/02\/automotive-parts-mould-495x400.jpg\" title='moules pour pi\u00e8ces automobiles' alt='moules pour pi\u00e8ces automobiles' \/><\/div><\/a><a href=\"https:\/\/plas.co\/wp-content\/uploads\/2023\/02\/automotive-plastic-mould.jpg\" data-srcset=\"https:\/\/plas.co\/wp-content\/uploads\/2023\/02\/automotive-plastic-mould.jpg 800w, https:\/\/plas.co\/wp-content\/uploads\/2023\/02\/automotive-plastic-mould-300x225.jpg 300w, https:\/\/plas.co\/wp-content\/uploads\/2023\/02\/automotive-plastic-mould-768x576.jpg 768w, https:\/\/plas.co\/wp-content\/uploads\/2023\/02\/automotive-plastic-mould-705x529.jpg 705w\" data-sizes=\"(max-width: 800px) 100vw, 800px\" data-rel='gallery-1' data-prev-img='https:\/\/plas.co\/wp-content\/uploads\/2023\/02\/automotive-plastic-mould-495x400.jpg' class='first_thumb lightbox' data-onclick='4' title='moule en plastique pour l&#039;industrie automobile'  itemprop=\"thumbnailUrl\"  ><img decoding=\"async\" fetchpriority=\"high\" class=\"wp-image-942 avia-img-lazy-loading-not-942\"   src=\"https:\/\/plas.co\/wp-content\/uploads\/2023\/02\/automotive-plastic-mould-495x400.jpg\" width=\"495\" height=\"400\"  title='moule en plastique pour l&#039;industrie automobile' alt='moule en plastique pour l&#039;industrie automobile' \/><div class='big-prev-fake'><img decoding=\"async\" loading=\"lazy\" class=\"wp-image-942 avia-img-lazy-loading-942\"  width=\"495\" height=\"400\" src=\"https:\/\/plas.co\/wp-content\/uploads\/2023\/02\/automotive-plastic-mould-495x400.jpg\" title='moule en plastique pour l&#039;industrie automobile' alt='moule en plastique pour l&#039;industrie automobile' \/><\/div><\/a><a href=\"https:\/\/plas.co\/wp-content\/uploads\/2023\/02\/China-automotive-mold-maker.jpg\" data-srcset=\"https:\/\/plas.co\/wp-content\/uploads\/2023\/02\/China-automotive-mold-maker.jpg 600w, https:\/\/plas.co\/wp-content\/uploads\/2023\/02\/China-automotive-mold-maker-225x300.jpg 225w, https:\/\/plas.co\/wp-content\/uploads\/2023\/02\/China-automotive-mold-maker-529x705.jpg 529w\" data-sizes=\"(max-width: 600px) 100vw, 600px\" data-rel='gallery-1' data-prev-img='https:\/\/plas.co\/wp-content\/uploads\/2023\/02\/China-automotive-mold-maker-495x400.jpg' class='lightbox' data-onclick='5' title='Fabricant chinois de moules pour l&#039;industrie automobile'  itemprop=\"thumbnailUrl\"  ><img decoding=\"async\" fetchpriority=\"high\" class=\"wp-image-943 avia-img-lazy-loading-not-943\"   src=\"https:\/\/plas.co\/wp-content\/uploads\/2023\/02\/China-automotive-mold-maker-495x400.jpg\" width=\"495\" height=\"400\"  title='Fabricant chinois de moules pour l&#039;industrie automobile' alt='Fabricant chinois de moules pour l&#039;industrie automobile' \/><div class='big-prev-fake'><img decoding=\"async\" loading=\"lazy\" class=\"wp-image-943 avia-img-lazy-loading-943\"  width=\"495\" height=\"400\" src=\"https:\/\/plas.co\/wp-content\/uploads\/2023\/02\/China-automotive-mold-maker-495x400.jpg\" title='Fabricant chinois de moules pour l&#039;industrie automobile' alt='Fabricant chinois de moules pour l&#039;industrie automobile' \/><\/div><\/a><a href=\"https:\/\/plas.co\/wp-content\/uploads\/2023\/02\/china-automotive-mould.jpg\" data-srcset=\"https:\/\/plas.co\/wp-content\/uploads\/2023\/02\/china-automotive-mould.jpg 600w, https:\/\/plas.co\/wp-content\/uploads\/2023\/02\/china-automotive-mould-225x300.jpg 225w, https:\/\/plas.co\/wp-content\/uploads\/2023\/02\/china-automotive-mould-529x705.jpg 529w\" data-sizes=\"(max-width: 600px) 100vw, 600px\" data-rel='gallery-1' data-prev-img='https:\/\/plas.co\/wp-content\/uploads\/2023\/02\/china-automotive-mould-495x400.jpg' class='lightbox' data-onclick='6' title='moule automobile chinois'  itemprop=\"thumbnailUrl\"  ><img decoding=\"async\" fetchpriority=\"high\" class=\"wp-image-944 avia-img-lazy-loading-not-944\"   src=\"https:\/\/plas.co\/wp-content\/uploads\/2023\/02\/china-automotive-mould-495x400.jpg\" width=\"495\" height=\"400\"  title='moule automobile chinois' alt='moule automobile chinois' \/><div class='big-prev-fake'><img decoding=\"async\" loading=\"lazy\" class=\"wp-image-944 avia-img-lazy-loading-944\"  width=\"495\" height=\"400\" src=\"https:\/\/plas.co\/wp-content\/uploads\/2023\/02\/china-automotive-mould-495x400.jpg\" title='moule automobile chinois' alt='moule automobile chinois' \/><\/div><\/a><\/div><\/div><\/div>\n<section  class='av_textblock_section av-lel30rvk-cf1539555210428ee0eb928e39734301'   itemscope=\"itemscope\" itemtype=\"https:\/\/schema.org\/CreativeWork\" ><div class='avia_textblock'  itemprop=\"text\" ><div id=\"ez-toc-container\" class=\"ez-toc-v2_0_82_2 counter-hierarchy ez-toc-counter ez-toc-grey ez-toc-container-direction\">\n<div class=\"ez-toc-title-container\">\n<p class=\"ez-toc-title\" style=\"cursor:inherit\">Table des mati\u00e8res<\/p>\n<span class=\"ez-toc-title-toggle\"><a href=\"#\" class=\"ez-toc-pull-right ez-toc-btn ez-toc-btn-xs ez-toc-btn-default ez-toc-toggle\" aria-label=\"Toggle Table des mati\u00e8res\"><span class=\"ez-toc-js-icon-con\"><span class=\"\"><span class=\"eztoc-hide\" style=\"display:none;\">Toggle<\/span><span class=\"ez-toc-icon-toggle-span\"><svg style=\"fill: #999;color:#999\" xmlns=\"http:\/\/www.w3.org\/2000\/svg\" class=\"list-377408\" width=\"20px\" height=\"20px\" viewbox=\"0 0 24 24\" fill=\"none\"><path d=\"M6 6H4v2h2V6zm14 0H8v2h12V6zM4 11h2v2H4v-2zm16 0H8v2h12v-2zM4 16h2v2H4v-2zm16 0H8v2h12v-2z\" fill=\"currentColor\"><\/path><\/svg><svg style=\"fill: #999;color:#999\" class=\"arrow-unsorted-368013\" xmlns=\"http:\/\/www.w3.org\/2000\/svg\" width=\"10px\" height=\"10px\" viewbox=\"0 0 24 24\" version=\"1.2\" baseprofile=\"tiny\"><path d=\"M18.2 9.3l-6.2-6.3-6.2 6.3c-.2.2-.3.4-.3.7s.1.5.3.7c.2.2.4.3.7.3h11c.3 0 .5-.1.7-.3.2-.2.3-.5.3-.7s-.1-.5-.3-.7zM5.8 14.7l6.2 6.3 6.2-6.3c.2-.2.3-.5.3-.7s-.1-.5-.3-.7c-.2-.2-.4-.3-.7-.3h-11c-.3 0-.5.1-.7.3-.2.2-.3.5-.3.7s.1.5.3.7z\"\/><\/svg><\/span><\/span><\/span><\/a><\/span><\/div>\n<nav><ul class='ez-toc-list ez-toc-list-level-1' ><li class='ez-toc-page-1 ez-toc-heading-level-2'><a class=\"ez-toc-link ez-toc-heading-1\" href=\"https:\/\/plas.co\/fr\/produits\/moule-automobile\/#What_is_Automotive_Mould\" >Qu'est-ce que le moule automobile ?<\/a><ul class='ez-toc-list-level-3' ><li class='ez-toc-heading-level-3'><a class=\"ez-toc-link ez-toc-heading-2\" href=\"https:\/\/plas.co\/fr\/produits\/moule-automobile\/#Type_of_Automotive_Mould\" >Type de moule automobile<\/a><\/li><li class='ez-toc-page-1 ez-toc-heading-level-3'><a class=\"ez-toc-link ez-toc-heading-3\" href=\"https:\/\/plas.co\/fr\/produits\/moule-automobile\/#Applications_of_Automotive_Mould\" >Applications des moules pour automobiles<\/a><\/li><li class='ez-toc-page-1 ez-toc-heading-level-3'><a class=\"ez-toc-link ez-toc-heading-4\" href=\"https:\/\/plas.co\/fr\/produits\/moule-automobile\/#Which_country_of_automotive_mould_suppliers_that_you_should_work_with\" >Quels sont les pays des fournisseurs de moules automobiles avec lesquels vous devriez travailler ?<\/a><\/li><\/ul><\/li><\/ul><\/nav><\/div>\n<h2><span class=\"ez-toc-section\" id=\"What_is_Automotive_Mould\"><\/span>Qu'est-ce que le moule automobile ?<span class=\"ez-toc-section-end\"><\/span><\/h2>\n<p><a href=\"https:\/\/plas.co\/fr\/produits\/moule-automobile\/\"><em><strong>Moules pour l'industrie automobile<\/strong><\/em><\/a>, \u00e9galement connu sous le nom de moule automobile ou <a href=\"http:\/\/www.sheetmetalmasion.com\" target=\"_blank\" rel=\"noopener\">moule automobile<\/a>, L'emboutisseur est un outil utilis\u00e9 dans le processus de fabrication de diverses pi\u00e8ces et composants d'automobiles. Il s'agit d'un dispositif utilis\u00e9 pour fa\u00e7onner et former des mat\u00e9riaux, tels que les plastiques, les m\u00e9taux et les composites, afin de leur donner la forme souhait\u00e9e pour le produit final,<\/p>\n<p>Les moules automobiles peuvent prendre diff\u00e9rentes formes, en fonction de la complexit\u00e9 de la pi\u00e8ce \u00e0 produire. Par exemple, les moules \u00e0 injection sont utilis\u00e9s pour produire des pi\u00e8ces en plastique de g\u00e9om\u00e9trie complexe pour les automobiles, tandis que les moules \u00e0 compression sont utilis\u00e9s pour fabriquer des pi\u00e8ces grandes et \u00e9paisses, telles que les pare-chocs et les tableaux de bord, \u00e0 partir de mat\u00e9riaux composites.<\/p>\n<p>L'utilisation de moules automobiles dans le processus de fabrication permet un degr\u00e9 \u00e9lev\u00e9 de pr\u00e9cision et d'exactitude, ainsi que la capacit\u00e9 de produire des volumes importants de composants avec une qualit\u00e9 constante. L'utilisation de moules permet \u00e9galement de r\u00e9duire les d\u00e9chets et d'accro\u00eetre l'efficacit\u00e9 du processus de fabrication. C'est de cette page que nous parlons. <a href=\"http:\/\/plas.co\/fr\/moule-dinjection-pour-lindustrie-automobile\/\">moule d'injection pour l'industrie automobile<\/a>.<\/p>\n<h3><span class=\"ez-toc-section\" id=\"Type_of_Automotive_Mould\"><\/span>Type de moule automobile<span class=\"ez-toc-section-end\"><\/span><\/h3>\n<p>Les moules automobiles sont utilis\u00e9s dans le processus de fabrication de diverses pi\u00e8ces et composants automobiles. Il existe de nombreux types de moules automobiles, dont voici quelques exemples :<\/p>\n<ol>\n<li>Moules \u00e0 injection : Ces moules sont utilis\u00e9s pour produire des pi\u00e8ces en plastique pour les automobiles. Le moulage par injection est une m\u00e9thode populaire pour produire de grands volumes de composants en plastique avec des g\u00e9om\u00e9tries complexes, et c'est aussi notre activit\u00e9 principale, si vous avez besoin de moules \u00e0 injection pour l'automobile, contactez-nous pour obtenir des prix.<\/li>\n<li>Moules de compression : Ces moules sont utilis\u00e9s pour fabriquer des pi\u00e8ces automobiles \u00e9paisses et de grande taille, telles que des pare-chocs et des tableaux de bord, \u00e0 partir de mat\u00e9riaux composites.<\/li>\n<li>Moules de soufflage : Ces moules sont utilis\u00e9s pour cr\u00e9er des composants creux en plastique, tels que des r\u00e9servoirs de carburant et des conduits d'air.<\/li>\n<li>Moules de thermoformage : Ces moules sont utilis\u00e9s pour produire des composants en plastique peu profonds, tels que les panneaux de porte et les tableaux de bord.<\/li>\n<li>Moules de coul\u00e9e sous pression : Ces moules sont utilis\u00e9s pour produire des composants m\u00e9talliques, tels que des blocs moteurs et des bo\u00eetiers de transmission, \u00e0 l'aide d'un processus d'injection \u00e0 haute pression.<\/li>\n<li>Moules en caoutchouc : Ces moules sont utilis\u00e9s pour produire des composants en caoutchouc, tels que des joints d'\u00e9tanch\u00e9it\u00e9, pour des applications automobiles.<\/li>\n<li>Moules d'extrusion : Ces moules sont utilis\u00e9s pour produire de longs composants en plastique, tels que les joints de fen\u00eatre et les coupe-froid, en for\u00e7ant le mat\u00e9riau \u00e0 travers une matrice.<\/li>\n<\/ol>\n<p>Chaque type de moule automobile pr\u00e9sente des avantages et des inconv\u00e9nients qui lui sont propres, et le choix du moule d\u00e9pend des exigences sp\u00e9cifiques de la pi\u00e8ce \u00e0 produire.<\/p>\n<h3><span class=\"ez-toc-section\" id=\"Applications_of_Automotive_Mould\"><\/span>Applications des moules pour automobiles<span class=\"ez-toc-section-end\"><\/span><\/h3>\n<p><a href=\"https:\/\/www.plasticmold.net\/injection-molding-automotive\/\" target=\"_blank\" rel=\"noopener\">Moules pour l'industrie automobile<\/a> ont un large \u00e9ventail d'applications dans l'industrie automobile. Voici quelques-unes des applications des moules automobiles :<\/p>\n<ol>\n<li>Composants ext\u00e9rieurs : Les moules automobiles sont utilis\u00e9s pour produire divers composants ext\u00e9rieurs des v\u00e9hicules, tels que les pare-chocs, les grilles, les ailes, les capots et les portes.<\/li>\n<li>Composants int\u00e9rieurs : Les moules sont utilis\u00e9s pour produire les composants int\u00e9rieurs des v\u00e9hicules tels que le tableau de bord, les panneaux de porte, les si\u00e8ges et les volants.<\/li>\n<li>Composants d'\u00e9clairage : Les moules automobiles sont utilis\u00e9s pour produire divers composants d'\u00e9clairage des v\u00e9hicules, tels que les phares, les feux arri\u00e8re et les lentilles des clignotants.<\/li>\n<li>Composants du moteur : Les moules sont utilis\u00e9s pour produire divers composants du moteur des v\u00e9hicules, tels que les blocs moteurs, les culasses et les collecteurs d'admission.<\/li>\n<li>\u00c9l\u00e9ments de transmission : Les moules sont utilis\u00e9s pour produire divers composants de transmission des v\u00e9hicules, tels que les bo\u00eetiers de transmission et les engrenages.<\/li>\n<li>Composants de suspension : Les moules automobiles sont utilis\u00e9s pour produire divers composants de suspension des v\u00e9hicules, tels que les bras de commande et les joints \u00e0 rotule.<\/li>\n<li>Composants \u00e9lectriques : Les moules sont utilis\u00e9s pour produire divers composants \u00e9lectriques des v\u00e9hicules, tels que les faisceaux de c\u00e2bles et les connecteurs.<\/li>\n<\/ol>\n<p>En r\u00e9sum\u00e9, les moules automobiles sont utilis\u00e9s dans le processus de fabrication de presque tous les composants d'un v\u00e9hicule, de la carrosserie et de l'int\u00e9rieur au moteur et au syst\u00e8me \u00e9lectrique.<\/p>\n<h3><span class=\"ez-toc-section\" id=\"Which_country_of_automotive_mould_suppliers_that_you_should_work_with\"><\/span>Quels sont les pays des fournisseurs de moules automobiles avec lesquels vous devriez travailler ?<span class=\"ez-toc-section-end\"><\/span><\/h3>\n<p>De nombreux pays ont une forte pr\u00e9sence dans l'industrie automobile et ont d\u00e9velopp\u00e9 une expertise dans la fabrication de moules. Certains des pays les plus performants en mati\u00e8re de fabrication de moules sont les suivants <em><strong>fournisseurs de moules pour l'industrie automobile<\/strong><\/em> La Chine, l'Allemagne, le Japon, les \u00c9tats-Unis et la Cor\u00e9e du Sud figurent parmi les principaux pays d'accueil. Cependant, chacun de ces pays peut pr\u00e9senter des forces et des faiblesses diff\u00e9rentes, et il est important de prendre en compte des facteurs tels que la langue, la culture, la logistique et les droits de propri\u00e9t\u00e9 intellectuelle.<\/p>\n<p>Lors de la s\u00e9lection d'un fournisseur, il est important de mener des recherches approfondies, de v\u00e9rifier ses r\u00e9f\u00e9rences et d'examiner ses processus de fabrication. Il est \u00e9galement conseill\u00e9 de demander des \u00e9chantillons et de rencontrer le fournisseur en personne, si possible, pour s'assurer qu'il peut r\u00e9pondre \u00e0 vos besoins et exigences sp\u00e9cifiques. En fin de compte, le choix du pays avec lequel vous travaillerez d\u00e9pendra de vos besoins et de vos pr\u00e9f\u00e9rences.<\/p>\n<div id=\"attachment_937\" style=\"width: 810px\" class=\"wp-caption aligncenter\"><a href=\"http:\/\/plas.co\/wp-content\/uploads\/2023\/02\/automotive-molds-1.jpg\"><img decoding=\"async\" aria-describedby=\"caption-attachment-937\" class=\"wp-image-937 size-full\" src=\"http:\/\/plas.co\/wp-content\/uploads\/2023\/02\/automotive-molds-1.jpg\" alt=\"Moules pour l&#039;industrie automobile\" width=\"800\" height=\"600\" srcset=\"https:\/\/plas.co\/wp-content\/uploads\/2023\/02\/automotive-molds-1.jpg 800w, https:\/\/plas.co\/wp-content\/uploads\/2023\/02\/automotive-molds-1-300x225.jpg 300w, https:\/\/plas.co\/wp-content\/uploads\/2023\/02\/automotive-molds-1-768x576.jpg 768w, https:\/\/plas.co\/wp-content\/uploads\/2023\/02\/automotive-molds-1-705x529.jpg 705w\" sizes=\"(max-width: 800px) 100vw, 800px\" \/><\/a><p id=\"caption-attachment-937\" class=\"wp-caption-text\">Moules pour l'industrie automobile<\/p><\/div>\n<p>Les donn\u00e9es montrent que la plupart des constructeurs automobiles ach\u00e8tent des moules automobiles aupr\u00e8s de fournisseurs de moules chinois. Vous vous demandez peut-\u00eatre pourquoi tant de constructeurs automobiles ach\u00e8tent des moules automobiles en Chine ? La r\u00e9ponse se trouve ci-dessous :<\/p>\n<ol>\n<li>Rentabilit\u00e9 : L'une des principales raisons de travailler avec des fournisseurs de moules automobiles chinois est la rentabilit\u00e9. La Chine dispose d'une industrie de fabrication de moules importante et tr\u00e8s comp\u00e9titive, avec des co\u00fbts de main-d'\u0153uvre et de mat\u00e9riaux plus faibles et des frais g\u00e9n\u00e9raux plus abordables que dans de nombreux autres pays. Cela peut se traduire par des prix plus bas pour des moules de haute qualit\u00e9 qui r\u00e9pondent aux normes internationales.<\/li>\n<li>Capacit\u00e9 de production : La Chine dispose d'une industrie manufacturi\u00e8re importante et bien d\u00e9velopp\u00e9e, dot\u00e9e de technologies et d'\u00e9quipements de pointe, et qui met l'accent sur le contr\u00f4le de la qualit\u00e9. Les fournisseurs chinois de moules pour l'industrie automobile ont l'exp\u00e9rience de la fabrication de moules pour un large \u00e9ventail d'applications, y compris des g\u00e9om\u00e9tries complexes, des moules \u00e0 cavit\u00e9s multiples et des s\u00e9ries de production \u00e0 grande \u00e9chelle.<\/li>\n<li>Large \u00e9ventail de mat\u00e9riaux : Les fournisseurs chinois de moules pour l'industrie automobile ont acc\u00e8s \u00e0 un large \u00e9ventail de mat\u00e9riaux, notamment des plastiques, des m\u00e9taux et des composites. Ils peuvent ainsi s\u00e9lectionner le mat\u00e9riau le plus appropri\u00e9 pour chaque application, en tenant compte de facteurs tels que la durabilit\u00e9, le poids et le co\u00fbt.<\/li>\n<li>\u00c9volutivit\u00e9 : Les fournisseurs chinois de moules pour l'industrie automobile sont en mesure de produire des moules en grandes quantit\u00e9s, ce qui peut \u00eatre important pour les constructeurs automobiles dont les exigences de production sont \u00e9lev\u00e9es. Les fournisseurs chinois peuvent \u00e9galement offrir des d\u00e9lais d'ex\u00e9cution rapides pour les commandes urgentes.<\/li>\n<li>Expertise technique : La Chine dispose d'un grand nombre d'ing\u00e9nieurs et de techniciens comp\u00e9tents en mati\u00e8re de conception et de fabrication de moules. De nombreux fournisseurs chinois de moules disposent de solides capacit\u00e9s de R&amp;D et peuvent proposer des solutions personnalis\u00e9es pour r\u00e9pondre aux exigences sp\u00e9cifiques des clients.<\/li>\n<\/ol>\n<p>Toutefois, lorsqu'il est envisag\u00e9 de travailler avec <em><strong>Fournisseurs de moules automobiles en Chine<\/strong><\/em>Il est donc important de mener des recherches approfondies, de v\u00e9rifier leurs r\u00e9f\u00e9rences et d'examiner leurs processus de fabrication afin de s'assurer qu'ils r\u00e9pondent \u00e0 vos attentes en mati\u00e8re de qualit\u00e9 et de livraison.<\/p>\n<p>La langue, la culture, la logistique et les droits de propri\u00e9t\u00e9 intellectuelle doivent \u00e9galement \u00eatre pris en compte. Il est important de choisir <a href=\"http:\/\/plas.co\/fr\/\">fournisseurs de moules<\/a> qui peut r\u00e9pondre \u00e0 vos besoins et exigences sp\u00e9cifiques, et qui a fait ses preuves en mati\u00e8re de livraison de produits de haute qualit\u00e9 dans le respect des d\u00e9lais et du budget.<\/p>\n<\/div><\/section>","protected":false},"excerpt":{"rendered":"","protected":false},"author":1,"featured_media":931,"parent":17,"menu_order":0,"comment_status":"open","ping_status":"open","template":"","meta":{"footnotes":""},"class_list":["post-100","page","type-page","status-publish","has-post-thumbnail","hentry"],"_links":{"self":[{"href":"https:\/\/plas.co\/fr\/wp-json\/wp\/v2\/pages\/100","targetHints":{"allow":["GET"]}}],"collection":[{"href":"https:\/\/plas.co\/fr\/wp-json\/wp\/v2\/pages"}],"about":[{"href":"https:\/\/plas.co\/fr\/wp-json\/wp\/v2\/types\/page"}],"author":[{"embeddable":true,"href":"https:\/\/plas.co\/fr\/wp-json\/wp\/v2\/users\/1"}],"replies":[{"embeddable":true,"href":"https:\/\/plas.co\/fr\/wp-json\/wp\/v2\/comments?post=100"}],"version-history":[{"count":1,"href":"https:\/\/plas.co\/fr\/wp-json\/wp\/v2\/pages\/100\/revisions"}],"predecessor-version":[{"id":2818,"href":"https:\/\/plas.co\/fr\/wp-json\/wp\/v2\/pages\/100\/revisions\/2818"}],"up":[{"embeddable":true,"href":"https:\/\/plas.co\/fr\/wp-json\/wp\/v2\/pages\/17"}],"wp:featuredmedia":[{"embeddable":true,"href":"https:\/\/plas.co\/fr\/wp-json\/wp\/v2\/media\/931"}],"wp:attachment":[{"href":"https:\/\/plas.co\/fr\/wp-json\/wp\/v2\/media?parent=100"}],"curies":[{"name":"wp","href":"https:\/\/api.w.org\/{rel}","templated":true}]}}