{"id":146,"date":"2014-09-20T19:04:21","date_gmt":"2014-09-20T11:04:21","guid":{"rendered":"http:\/\/andy-mold.com\/?page_id=146"},"modified":"2016-02-14T14:13:57","modified_gmt":"2016-02-14T06:13:57","slug":"gestion-de-projet","status":"publish","type":"page","link":"https:\/\/plas.co\/fr\/ingenierie\/gestion-de-projet\/","title":{"rendered":"Gestion de projet"},"content":{"rendered":"<p>Gestion de projets de moules d'injection plastique, Andy Mould dispose d'une \u00e9quipe d'ing\u00e9nierie de projet. Cette \u00e9quipe poss\u00e8de de multiples ant\u00e9c\u00e9dents technologiques, non seulement dans le domaine du plastique, mais aussi dans celui du m\u00e9tal et de l'\u00e9lectronique. Chaque projet sera suivi par un ing\u00e9nieur de projet exp\u00e9riment\u00e9, qui dirigera l'\u00e9quipe de d\u00e9veloppement du projet, l'assistance technique aux clients, le contr\u00f4le de la qualit\u00e9 et la coordination interd\u00e9partementale tout au long du processus de d\u00e9veloppement.<br \/>\n<b>Routine de travail<\/b><br \/>\nMise \u00e0 jour hebdomadaire pour le client<br \/>\nSuivi coh\u00e9rent des \u00e9tapes de construction de l'outil<br \/>\nCommunication quotidienne en cas de probl\u00e8me<br \/>\nCl\u00f4turer le projet par la production en s\u00e9rie ou la livraison d'outils<\/p>\n<p>L'approbation \u00e9crite de notre client est requise \u00e0 ces trois \u00e9tapes :<br \/>\nApprobation de la conception du moule<br \/>\nApprobation de l'\u00e9chantillon<br \/>\nLivraison et approbation du moule<\/p>\n<p><b>Apr\u00e8s la vente<\/b><br \/>\nLes pi\u00e8ces de rechange pourraient \u00eatre fournies apr\u00e8s la vente<br \/>\nSuggestions d'ing\u00e9nierie disponibles si le client en a besoin<\/p>","protected":false},"excerpt":{"rendered":"<p>Plastic injection mould projects management, Andy Mould has a project engineering team. This team has multi-backgrounds of technologies, not only in plastic, but also metal and electronics. Each project will be followed by a experienced project engineer, who will conduct as the team leader of project development, customer technical support, quality control, cross-department coordinate during [&hellip;]<\/p>\n","protected":false},"author":1,"featured_media":0,"parent":22,"menu_order":0,"comment_status":"open","ping_status":"open","template":"","meta":{"footnotes":""},"class_list":["post-146","page","type-page","status-publish","hentry"],"_links":{"self":[{"href":"https:\/\/plas.co\/fr\/wp-json\/wp\/v2\/pages\/146","targetHints":{"allow":["GET"]}}],"collection":[{"href":"https:\/\/plas.co\/fr\/wp-json\/wp\/v2\/pages"}],"about":[{"href":"https:\/\/plas.co\/fr\/wp-json\/wp\/v2\/types\/page"}],"author":[{"embeddable":true,"href":"https:\/\/plas.co\/fr\/wp-json\/wp\/v2\/users\/1"}],"replies":[{"embeddable":true,"href":"https:\/\/plas.co\/fr\/wp-json\/wp\/v2\/comments?post=146"}],"version-history":[{"count":0,"href":"https:\/\/plas.co\/fr\/wp-json\/wp\/v2\/pages\/146\/revisions"}],"up":[{"embeddable":true,"href":"https:\/\/plas.co\/fr\/wp-json\/wp\/v2\/pages\/22"}],"wp:attachment":[{"href":"https:\/\/plas.co\/fr\/wp-json\/wp\/v2\/media?parent=146"}],"curies":[{"name":"wp","href":"https:\/\/api.w.org\/{rel}","templated":true}]}}