{"id":15,"date":"2014-09-20T14:09:15","date_gmt":"2014-09-20T06:09:15","guid":{"rendered":"http:\/\/andy-mold.com\/?page_id=15"},"modified":"2024-03-23T23:37:06","modified_gmt":"2024-03-23T15:37:06","slug":"entreprise","status":"publish","type":"page","link":"https:\/\/plas.co\/fr\/entreprise\/","title":{"rendered":"A propos de nous"},"content":{"rendered":"<section  class='av_textblock_section av-lehbcujc-e36697ed1bea52a8cb8c1afa77e72bd4'   itemscope=\"itemscope\" itemtype=\"https:\/\/schema.org\/CreativeWork\" ><div class='avia_textblock'  itemprop=\"text\" ><div id=\"ez-toc-container\" class=\"ez-toc-v2_0_82_2 counter-hierarchy ez-toc-counter ez-toc-grey ez-toc-container-direction\">\n<div class=\"ez-toc-title-container\">\n<p class=\"ez-toc-title\" style=\"cursor:inherit\">Table des mati\u00e8res<\/p>\n<span class=\"ez-toc-title-toggle\"><a href=\"#\" class=\"ez-toc-pull-right ez-toc-btn ez-toc-btn-xs ez-toc-btn-default ez-toc-toggle\" aria-label=\"Toggle Table des mati\u00e8res\"><span class=\"ez-toc-js-icon-con\"><span class=\"\"><span class=\"eztoc-hide\" style=\"display:none;\">Toggle<\/span><span class=\"ez-toc-icon-toggle-span\"><svg style=\"fill: #999;color:#999\" xmlns=\"http:\/\/www.w3.org\/2000\/svg\" class=\"list-377408\" width=\"20px\" height=\"20px\" viewbox=\"0 0 24 24\" fill=\"none\"><path d=\"M6 6H4v2h2V6zm14 0H8v2h12V6zM4 11h2v2H4v-2zm16 0H8v2h12v-2zM4 16h2v2H4v-2zm16 0H8v2h12v-2z\" fill=\"currentColor\"><\/path><\/svg><svg style=\"fill: #999;color:#999\" class=\"arrow-unsorted-368013\" xmlns=\"http:\/\/www.w3.org\/2000\/svg\" width=\"10px\" height=\"10px\" viewbox=\"0 0 24 24\" version=\"1.2\" baseprofile=\"tiny\"><path d=\"M18.2 9.3l-6.2-6.3-6.2 6.3c-.2.2-.3.4-.3.7s.1.5.3.7c.2.2.4.3.7.3h11c.3 0 .5-.1.7-.3.2-.2.3-.5.3-.7s-.1-.5-.3-.7zM5.8 14.7l6.2 6.3 6.2-6.3c.2-.2.3-.5.3-.7s-.1-.5-.3-.7c-.2-.2-.4-.3-.7-.3h-11c-.3 0-.5.1-.7.3-.2.2-.3.5-.3.7s.1.5.3.7z\"\/><\/svg><\/span><\/span><\/span><\/a><\/span><\/div>\n<nav><ul class='ez-toc-list ez-toc-list-level-1' ><li class='ez-toc-page-1 ez-toc-heading-level-2'><a class=\"ez-toc-link ez-toc-heading-1\" href=\"https:\/\/plas.co\/fr\/entreprise\/#Plastic_Mold_Company_In_China_All_in_one_service\" >Entreprise de moules en plastique en Chine : Un service complet<\/a><ul class='ez-toc-list-level-3' ><li class='ez-toc-heading-level-3'><a class=\"ez-toc-link ez-toc-heading-2\" href=\"https:\/\/plas.co\/fr\/entreprise\/#Our_plastic_mold_company_services_include\" >Nos services en mati\u00e8re de moules en plastique comprennent<\/a><ul class='ez-toc-list-level-4' ><li class='ez-toc-heading-level-4'><a class=\"ez-toc-link ez-toc-heading-3\" href=\"https:\/\/plas.co\/fr\/entreprise\/#Our_product_development_services_include\" >Nos services de d\u00e9veloppement de produits comprennent<\/a><\/li><\/ul><\/li><li class='ez-toc-page-1 ez-toc-heading-level-3'><a class=\"ez-toc-link ez-toc-heading-4\" href=\"https:\/\/plas.co\/fr\/entreprise\/#We_supply_the_following_for_the_final_stage_of_assembly\" >Nous fournissons les \u00e9l\u00e9ments suivants pour l'\u00e9tape finale de l'assemblage :<\/a><\/li><\/ul><\/li><\/ul><\/nav><\/div>\n<h2><span class=\"ez-toc-section\" id=\"Plastic_Mold_Company_In_China_All_in_one_service\"><\/span>Entreprise de moules en plastique en Chine : Un service complet<span class=\"ez-toc-section-end\"><\/span><\/h2>\n<p>L'entreprise chinoise Plas.co (Sincere Tech) fabrique d'excellents moules en plastique. Elle propose la fabrication de moules sur mesure, le moulage par injection, la conception de pi\u00e8ces, le prototypage, les essais, le moulage sous pression, l'usinage, le moulage en silicone, l'assemblage et bien d'autres choses encore. Nous vous souhaitons la bienvenue.<\/p>\n<p>La soci\u00e9t\u00e9 de moules en plastique Plas.co est fi\u00e8re de sa qualit\u00e9, de son innovation et de la satisfaction de ses clients. Nos ing\u00e9nieurs et techniciens qualifi\u00e9s utilisent les technologies et les m\u00e9thodes les plus r\u00e9centes pour s'assurer que chaque projet r\u00e9pond ou d\u00e9passe les attentes du client.<\/p>\n<p>Nous concevons et fabriquons des moules d'injection plastique, des moules de coul\u00e9e sous pression et des pi\u00e8ces de moulage en silicone de haute qualit\u00e9, mais nous proposons \u00e9galement des services d'assemblage. De la conception \u00e0 la livraison, nous pouvons vous aider. Cela comprend le prototypage, les essais, le re-prototypage, l'assemblage de circuits imprim\u00e9s, le soudage de c\u00e2bles, l'inspection, la production et les essais.<\/p>\n<h3><span class=\"ez-toc-section\" id=\"Our_plastic_mold_company_services_include\"><\/span><span lang=\"EN-US\">Nos services en mati\u00e8re de moules en plastique comprennent<\/span><span class=\"ez-toc-section-end\"><\/span><\/h3>\n<p>Que vous ayez besoin d'un moule pour le moulage par injection, le moulage sous pression ou le moulage en silicone, notre entreprise de fabrication de moules vous couvre. Notre entreprise propose des services complets de fabrication de moules. Les moules peuvent \u00eatre fabriqu\u00e9s sur mesure selon vos sp\u00e9cifications exactes en utilisant des techniques de fabrication de pointe, de sorte que nous pouvons vous assurer que votre projet sera de la plus haute qualit\u00e9.<\/p>\n<p>Composants moul\u00e9s par injection : Nous sommes leaders dans la production de composants plastiques moul\u00e9s sur mesure de haute qualit\u00e9 pour de nombreux secteurs diff\u00e9rents. Vous pouvez compter sur notre \u00e9quipe de techniciens et d'ing\u00e9nieurs pour vous accompagner tout au long du processus, de la r\u00e9flexion \u00e0 la livraison.<\/p>\n<p>Notre soci\u00e9t\u00e9 propose des services de moulage sous pression personnalis\u00e9s, depuis la conception du moule jusqu'\u00e0 la production, la finition et au-del\u00e0. Nous utilisons des technologies et des m\u00e9thodes de pointe pour faire en sorte que votre projet r\u00e9ponde aux normes les plus strictes, ce qui t\u00e9moigne de notre volont\u00e9 d'offrir \u00e0 nos clients le meilleur service et la meilleure qualit\u00e9.<\/p>\n<p>Nos machines de fraisage et de tournage ultramodernes sont parfaites pour la fabrication de composants et de pi\u00e8ces de pr\u00e9cision pour de nombreux types d'entreprises. En utilisant des outils et des techniques de pointe, nous r\u00e9alisons chaque projet avec une qualit\u00e9 optimale. Cela prouve que nous sommes d\u00e9termin\u00e9s \u00e0 offrir \u00e0 nos clients un service de la plus haute qualit\u00e9.<\/p>\n<p>Nous sommes une entreprise sp\u00e9cialis\u00e9e dans la fabrication de composants de moulage en silicone de haute qualit\u00e9 pour de nombreux secteurs d'activit\u00e9. Vous pouvez compter sur notre \u00e9quipe de techniciens et d'ing\u00e9nieurs pour vous accompagner tout au long du processus, de la r\u00e9flexion \u00e0 la livraison.<\/p>\n<p>La production de moules, de moules en silicone, l'usinage, le moulage sous pression, le d\u00e9veloppement de produits et l'assemblage final ne sont que quelques-uns des nombreux services de fabrication propos\u00e9s par notre entreprise.<\/p>\n<p>Notre \u00e9quipe professionnelle de concepteurs et de techniciens peut suivre votre produit de la conception \u00e0 la r\u00e9alisation. Parce que nous utilisons des technologies et des proc\u00e9dures de pointe, vous pouvez \u00eatre s\u00fbr que le produit final sera impeccable \u00e0 tous points de vue. Enfin, nous travaillons en \u00e9troite collaboration avec nos clients, du d\u00e9but \u00e0 la fin, afin de r\u00e9pondre \u00e0 leurs attentes.<\/p>\n<h4><span class=\"ez-toc-section\" id=\"Our_product_development_services_include\"><\/span><span lang=\"EN-US\">Nos services de d\u00e9veloppement de produits comprennent<\/span><span class=\"ez-toc-section-end\"><\/span><\/h4>\n<p>En commen\u00e7ant par le concept : Gr\u00e2ce \u00e0 nos services de conception complets, nous pouvons r\u00e9pondre \u00e0 tous vos besoins et faire de vos r\u00eaves une r\u00e9alit\u00e9.<\/p>\n<p>Prototypage : Gr\u00e2ce \u00e0 nos services de prototypage, vous pouvez tester votre produit avant qu'il n'arrive sur le march\u00e9. Vous pourrez ainsi vous assurer que votre produit r\u00e9pond \u00e0 tous vos besoins et \u00e9viter que des probl\u00e8mes ne surviennent.<\/p>\n<p>l'outillage : Nous pouvons vous aider \u00e0 fabriquer votre produit \u00e0 grande \u00e9chelle en vous proposant des strat\u00e9gies d'outillage sur mesure. Cela permet de garantir que votre produit est de la plus haute qualit\u00e9 et qu'il a \u00e9t\u00e9 fabriqu\u00e9 \u00e0 la main avec soin.<\/p>\n<p>Fabrication : Le moulage par injection, le moulage sous pression, l'usinage et le moulage en silicone ne sont que quelques-uns des nombreux proc\u00e9d\u00e9s qui composent nos services de fabrication. Nous sommes ainsi en mesure de vous proposer une solution de fabrication compl\u00e8te.<\/p>\n<h3><span class=\"ez-toc-section\" id=\"We_supply_the_following_for_the_final_stage_of_assembly\"><\/span>Nous fournissons les \u00e9l\u00e9ments suivants pour l'\u00e9tape finale de l'assemblage :<span class=\"ez-toc-section-end\"><\/span><\/h3>\n<p>Assemblage de pi\u00e8ces : Nous pouvons assembler des composants pour former un tout. Chaque \u00e9l\u00e9ment fonctionnera comme pr\u00e9vu et nous vous promettons que le r\u00e9sultat final sera meilleur que ce que vous esp\u00e9riez.<\/p>\n<p>Essais : Nous pouvons soumettre votre produit fini \u00e0 notre proc\u00e9dure d'essai afin de garantir qu'il est conforme aux normes et qu'il r\u00e9pond \u00e0 vos exigences.<\/p>\n<p>Certificat : Nous pouvons fabriquer des produits \u00e9lectroniques qui r\u00e9pondent aux exigences des organismes de certification internationaux tels que CE, ETL ou FCC.<\/p>\n<p>Emballage : Nous pouvons emballer votre produit fini exactement comme vous le souhaitez, de sorte que vous pouvez \u00eatre assur\u00e9 qu'il arrivera \u00e0 destination sans dommage.<\/p>\n<p>L'objectif de Plas.co est d'offrir des services complets \u00e0 ses clients, depuis le d\u00e9veloppement du produit jusqu'\u00e0 l'assemblage final. Si vous avez des questions sur la mani\u00e8re dont nous pouvons vous aider dans votre projet \u00e0 venir, n'h\u00e9sitez pas \u00e0 nous contacter sans tarder.<\/p>\n<div id=\"attachment_394\" style=\"width: 4762px\" class=\"wp-caption aligncenter\"><a href=\"http:\/\/plas.co\/wp-content\/uploads\/2016\/02\/IMG_9539.jpg\"><img decoding=\"async\" aria-describedby=\"caption-attachment-394\" class=\"wp-image-394 size-full\" src=\"http:\/\/plas.co\/wp-content\/uploads\/2016\/02\/IMG_9539.jpg\" alt=\"soci\u00e9t\u00e9 de moules en plastique\" width=\"4752\" height=\"3168\" srcset=\"https:\/\/plas.co\/wp-content\/uploads\/2016\/02\/IMG_9539.jpg 4752w, https:\/\/plas.co\/wp-content\/uploads\/2016\/02\/IMG_9539-300x200.jpg 300w, https:\/\/plas.co\/wp-content\/uploads\/2016\/02\/IMG_9539-768x512.jpg 768w, https:\/\/plas.co\/wp-content\/uploads\/2016\/02\/IMG_9539-1024x683.jpg 1024w\" sizes=\"(max-width: 4752px) 100vw, 4752px\" \/><\/a><p id=\"caption-attachment-394\" class=\"wp-caption-text\">soci\u00e9t\u00e9 de moules en plastique<\/p><\/div>\n<\/div><\/section>","protected":false},"excerpt":{"rendered":"","protected":false},"author":1,"featured_media":836,"parent":0,"menu_order":0,"comment_status":"open","ping_status":"open","template":"","meta":{"footnotes":""},"class_list":["post-15","page","type-page","status-publish","has-post-thumbnail","hentry"],"_links":{"self":[{"href":"https:\/\/plas.co\/fr\/wp-json\/wp\/v2\/pages\/15","targetHints":{"allow":["GET"]}}],"collection":[{"href":"https:\/\/plas.co\/fr\/wp-json\/wp\/v2\/pages"}],"about":[{"href":"https:\/\/plas.co\/fr\/wp-json\/wp\/v2\/types\/page"}],"author":[{"embeddable":true,"href":"https:\/\/plas.co\/fr\/wp-json\/wp\/v2\/users\/1"}],"replies":[{"embeddable":true,"href":"https:\/\/plas.co\/fr\/wp-json\/wp\/v2\/comments?post=15"}],"version-history":[{"count":0,"href":"https:\/\/plas.co\/fr\/wp-json\/wp\/v2\/pages\/15\/revisions"}],"wp:featuredmedia":[{"embeddable":true,"href":"https:\/\/plas.co\/fr\/wp-json\/wp\/v2\/media\/836"}],"wp:attachment":[{"href":"https:\/\/plas.co\/fr\/wp-json\/wp\/v2\/media?parent=15"}],"curies":[{"name":"wp","href":"https:\/\/api.w.org\/{rel}","templated":true}]}}