{"id":22,"date":"2014-09-20T14:35:50","date_gmt":"2014-09-20T06:35:50","guid":{"rendered":"http:\/\/andy-mold.com\/?page_id=22"},"modified":"2020-01-04T00:41:06","modified_gmt":"2020-01-03T16:41:06","slug":"ingenierie","status":"publish","type":"page","link":"https:\/\/plas.co\/fr\/ingenierie\/","title":{"rendered":"Enginnering"},"content":{"rendered":"<p><strong>A <\/strong>Une bonne conception est le c\u0153ur d'un moule, et Andy Mould accorde une attention particuli\u00e8re \u00e0 la construction du moule, aux canaux de refroidissement et aux m\u00e9canismes mobiles afin de garantir que les pi\u00e8ces de la plus haute qualit\u00e9 sont produites \u00e0 partir de votre moule dans un cycle minimal. Les ing\u00e9nieurs exp\u00e9riment\u00e9s d'Andy Mould con\u00e7oivent des moules de qualit\u00e9 \u00e0 faible co\u00fbt et aident les clients \u00e0 r\u00e9soudre les probl\u00e8mes li\u00e9s \u00e0 la structure et \u00e0 la fonction des produits.<\/p>\n<p>des suggestions professionnelles pour le d\u00e9veloppement de vos nouveaux produits.<\/p>\n<p>Logiciel utilis\u00e9<br \/>\nAuto CAD, Pro\/E, UG, Solid works,<\/p>\n<p>Nous effectuons \u00e9galement une analyse de l'\u00e9coulement des moules au cours de la p\u00e9riode de conception des moules.<br \/>\nProc\u00e9dure de conception des moules<\/p>\n<p>1. R\u00e9union avant la conception<\/p>\n<p>2. R\u00e9aliser la conception en fonction des conclusions et la faire v\u00e9rifier par le responsable de la conception.<\/p>\n<p>3. Envoi au client pour confirmation et analyse<\/p>\n<p>4. Discuter avec le client en cas de probl\u00e8me<\/p>\n<p>5. R\u00e9aliser la conception finale apr\u00e8s approbation<\/p>\n<p><img decoding=\"async\" class=\"alignleft wp-image-405 size-full\" src=\"http:\/\/plas.co\/wp-content\/uploads\/2014\/09\/IMG_1560.jpg\" alt=\"Bureau d&#039;\u00e9tudes\" width=\"1152\" height=\"768\" srcset=\"https:\/\/plas.co\/wp-content\/uploads\/2014\/09\/IMG_1560.jpg 1152w, https:\/\/plas.co\/wp-content\/uploads\/2014\/09\/IMG_1560-300x200.jpg 300w, https:\/\/plas.co\/wp-content\/uploads\/2014\/09\/IMG_1560-768x512.jpg 768w, https:\/\/plas.co\/wp-content\/uploads\/2014\/09\/IMG_1560-1024x683.jpg 1024w\" sizes=\"(max-width: 1152px) 100vw, 1152px\" \/><\/p>","protected":false},"excerpt":{"rendered":"<p>A good design is the heart of a mould, and Andy Mould pays special attention to the mould construction, cooling channels and moving mechanisms to ensure the highest quality parts are delivered from your mould at the minimum cycle. The\u00a0experienced\u00a0engineers\u00a0from\u00a0Andy Mould\u00a0would\u00a0make\u00a0the\u00a0good\u00a0and\u00a0low cost\u00a0mold\u00a0design\u00a0\u00a0and\u00a0help\u00a0customer\u00a0to\u00a0solve\u00a0the\u00a0issues\u00a0in\u00a0structure\u00a0and\u00a0function\u00a0to\u00a0the\u00a0products,\u00a0also professional \u00a0suggestions\u00a0to\u00a0your\u00a0new\u00a0product\u00a0development. Software\u00a0we\u00a0using Auto\u00a0CAD,\u00a0Pro\/E,\u00a0UG,\u00a0Solid works, We also do Mold flow Analysis during our [&hellip;]<\/p>\n","protected":false},"author":1,"featured_media":0,"parent":0,"menu_order":0,"comment_status":"open","ping_status":"open","template":"","meta":{"footnotes":""},"class_list":["post-22","page","type-page","status-publish","hentry"],"_links":{"self":[{"href":"https:\/\/plas.co\/fr\/wp-json\/wp\/v2\/pages\/22","targetHints":{"allow":["GET"]}}],"collection":[{"href":"https:\/\/plas.co\/fr\/wp-json\/wp\/v2\/pages"}],"about":[{"href":"https:\/\/plas.co\/fr\/wp-json\/wp\/v2\/types\/page"}],"author":[{"embeddable":true,"href":"https:\/\/plas.co\/fr\/wp-json\/wp\/v2\/users\/1"}],"replies":[{"embeddable":true,"href":"https:\/\/plas.co\/fr\/wp-json\/wp\/v2\/comments?post=22"}],"version-history":[{"count":0,"href":"https:\/\/plas.co\/fr\/wp-json\/wp\/v2\/pages\/22\/revisions"}],"wp:attachment":[{"href":"https:\/\/plas.co\/fr\/wp-json\/wp\/v2\/media?parent=22"}],"curies":[{"name":"wp","href":"https:\/\/api.w.org\/{rel}","templated":true}]}}