{"id":24,"date":"2014-09-20T14:37:02","date_gmt":"2014-09-20T06:37:02","guid":{"rendered":"http:\/\/andy-mold.com\/?page_id=24"},"modified":"2016-02-14T14:16:27","modified_gmt":"2016-02-14T06:16:27","slug":"qualite","status":"publish","type":"page","link":"https:\/\/plas.co\/fr\/qualite\/","title":{"rendered":"Qualit\u00e9"},"content":{"rendered":"<p><b>Notre qualit\u00e9 :<\/b><\/p>\n<p>Nous nous engageons \u00e0 garantir la qualit\u00e9 de nos produits et \u00e0 les am\u00e9liorer. Contrairement \u00e0 nombre de nos concurrents, nous fournissons des produits et des services de haute qualit\u00e9 afin de r\u00e9pondre aux attentes de nos clients, voire de les d\u00e9passer.<\/p>\n<p>Normes de certification ISO 900l-2000...<\/p>\n<p>Notre syst\u00e8me de gestion de la qualit\u00e9 s'applique \u00e0 l'ensemble de la transaction commerciale, ce qui comprend<\/p>\n<p>Examen de la conception<br \/>\nV\u00e9rification et validation de la conception<br \/>\nContr\u00f4le \u00e9lectronique de l'\u00e9talonnage<br \/>\nContr\u00f4le de r\u00e9ception<br \/>\nPlanification obligatoire et document\u00e9e de la qualit\u00e9 pour chaque projet<br \/>\nInspection du premier article<br \/>\nInspection finale\/derni\u00e8re inspection<\/p>\n<p><b>Vos produits seront inspect\u00e9s par notre service qualit\u00e9 complet.<\/b><\/p>\n<p>Machine \u00e0 mesurer tridimensionnelle (MMT)<\/p>\n<p>Projecteur optique<\/p>\n<p>\u00c9tudes d'aptitude des proc\u00e9d\u00e9s sur l'outillage<\/p>","protected":false},"excerpt":{"rendered":"<p>Our Quality: We are committed to ensuring the quality of our products as well as improving them. Unlike many of our competitors, Provide high quality products and quality service to meet or exceed customer&#8217;s expectations. ISO 900l-2000 Certification standards.. Our Quality Management System runs through the whole business transaction, which includes: Design review Design verification [&hellip;]<\/p>\n","protected":false},"author":1,"featured_media":0,"parent":0,"menu_order":0,"comment_status":"open","ping_status":"open","template":"","meta":{"footnotes":""},"class_list":["post-24","page","type-page","status-publish","hentry"],"_links":{"self":[{"href":"https:\/\/plas.co\/fr\/wp-json\/wp\/v2\/pages\/24","targetHints":{"allow":["GET"]}}],"collection":[{"href":"https:\/\/plas.co\/fr\/wp-json\/wp\/v2\/pages"}],"about":[{"href":"https:\/\/plas.co\/fr\/wp-json\/wp\/v2\/types\/page"}],"author":[{"embeddable":true,"href":"https:\/\/plas.co\/fr\/wp-json\/wp\/v2\/users\/1"}],"replies":[{"embeddable":true,"href":"https:\/\/plas.co\/fr\/wp-json\/wp\/v2\/comments?post=24"}],"version-history":[{"count":0,"href":"https:\/\/plas.co\/fr\/wp-json\/wp\/v2\/pages\/24\/revisions"}],"wp:attachment":[{"href":"https:\/\/plas.co\/fr\/wp-json\/wp\/v2\/media?parent=24"}],"curies":[{"name":"wp","href":"https:\/\/api.w.org\/{rel}","templated":true}]}}