{"id":103,"date":"2014-09-20T16:59:07","date_gmt":"2014-09-20T08:59:07","guid":{"rendered":"http:\/\/andy-mold.com\/?page_id=103"},"modified":"2023-02-24T22:57:10","modified_gmt":"2023-02-24T14:57:10","slug":"froccsontes-csomagolas","status":"publish","type":"page","link":"https:\/\/plas.co\/hu\/froccsontes-csomagolas\/","title":{"rendered":"Fr\u00f6ccs\u00f6nt\u00e9ses csomagol\u00e1s"},"content":{"rendered":"<div  class='flex_column av-av_one_full-7714eba142aeda1f8b5272a3c372b279 av_one_full  avia-builder-el-0  avia-builder-el-no-sibling  first flex_column_div'     ><section  class='av_textblock_section av-leinkoqn-2ce71e3bca6dba456b9c8fbc10182ea3'   itemscope=\"itemscope\" itemtype=\"https:\/\/schema.org\/CreativeWork\" ><div class='avia_textblock'  itemprop=\"text\" ><div id=\"ez-toc-container\" class=\"ez-toc-v2_0_82_2 counter-hierarchy ez-toc-counter ez-toc-grey ez-toc-container-direction\">\n<div class=\"ez-toc-title-container\">\n<p class=\"ez-toc-title\" style=\"cursor:inherit\">Tartalomjegyz\u00e9k<\/p>\n<span class=\"ez-toc-title-toggle\"><a href=\"#\" class=\"ez-toc-pull-right ez-toc-btn ez-toc-btn-xs ez-toc-btn-default ez-toc-toggle\" aria-label=\"Toggle Tartalomjegyz\u00e9k\"><span class=\"ez-toc-js-icon-con\"><span class=\"\"><span class=\"eztoc-hide\" style=\"display:none;\">Toggle<\/span><span class=\"ez-toc-icon-toggle-span\"><svg style=\"fill: #999;color:#999\" xmlns=\"http:\/\/www.w3.org\/2000\/svg\" class=\"list-377408\" width=\"20px\" height=\"20px\" viewbox=\"0 0 24 24\" fill=\"none\"><path d=\"M6 6H4v2h2V6zm14 0H8v2h12V6zM4 11h2v2H4v-2zm16 0H8v2h12v-2zM4 16h2v2H4v-2zm16 0H8v2h12v-2z\" fill=\"currentColor\"><\/path><\/svg><svg style=\"fill: #999;color:#999\" class=\"arrow-unsorted-368013\" xmlns=\"http:\/\/www.w3.org\/2000\/svg\" width=\"10px\" height=\"10px\" viewbox=\"0 0 24 24\" version=\"1.2\" baseprofile=\"tiny\"><path d=\"M18.2 9.3l-6.2-6.3-6.2 6.3c-.2.2-.3.4-.3.7s.1.5.3.7c.2.2.4.3.7.3h11c.3 0 .5-.1.7-.3.2-.2.3-.5.3-.7s-.1-.5-.3-.7zM5.8 14.7l6.2 6.3 6.2-6.3c.2-.2.3-.5.3-.7s-.1-.5-.3-.7c-.2-.2-.4-.3-.7-.3h-11c-.3 0-.5.1-.7.3-.2.2-.3.5-.3.7s.1.5.3.7z\"\/><\/svg><\/span><\/span><\/span><\/a><\/span><\/div>\n<nav><ul class='ez-toc-list ez-toc-list-level-1' ><li class='ez-toc-page-1 ez-toc-heading-level-2'><a class=\"ez-toc-link ez-toc-heading-1\" href=\"https:\/\/plas.co\/hu\/froccsontes-csomagolas\/#What_is_injection_mold_packaging\" >Mi a fr\u00f6ccs\u00f6nt\u0151forma csomagol\u00e1s<\/a><ul class='ez-toc-list-level-3' ><li class='ez-toc-heading-level-3'><a class=\"ez-toc-link ez-toc-heading-2\" href=\"https:\/\/plas.co\/hu\/froccsontes-csomagolas\/#Section_1_The_Benefits_of_Injection_Molding_for_Packaging\" >1. szakasz: A fr\u00f6ccs\u00f6nt\u00e9s el\u0151nyei a csomagol\u00e1sban<\/a><\/li><li class='ez-toc-page-1 ez-toc-heading-level-3'><a class=\"ez-toc-link ez-toc-heading-3\" href=\"https:\/\/plas.co\/hu\/froccsontes-csomagolas\/#Section_2_The_Different_Types_of_Materials_Used_in_Injection_Molding_for_Packaging\" >2. szakasz: A csomagol\u00f3anyagok fr\u00f6ccs\u00f6nt\u00e9s\u00e9ben haszn\u00e1lt k\u00fcl\u00f6nb\u00f6z\u0151 anyagt\u00edpusok<\/a><\/li><li class='ez-toc-page-1 ez-toc-heading-level-3'><a class=\"ez-toc-link ez-toc-heading-4\" href=\"https:\/\/plas.co\/hu\/froccsontes-csomagolas\/#Section_3_The_Process_of_Injection_Molding\" >3. szakasz: A fr\u00f6ccs\u00f6nt\u00e9s folyamata<\/a><\/li><li class='ez-toc-page-1 ez-toc-heading-level-3'><a class=\"ez-toc-link ez-toc-heading-5\" href=\"https:\/\/plas.co\/hu\/froccsontes-csomagolas\/#Section_4_The_Various_Applications_of_Injection_Molding_in_Packaging\" >4. szakasz: A fr\u00f6ccs\u00f6nt\u00e9s k\u00fcl\u00f6nb\u00f6z\u0151 alkalmaz\u00e1sai a csomagol\u00e1sban<\/a><\/li><li class='ez-toc-page-1 ez-toc-heading-level-3'><a class=\"ez-toc-link ez-toc-heading-6\" href=\"https:\/\/plas.co\/hu\/froccsontes-csomagolas\/#Injection_mold_resin_for_cosmetic_packaging\" >Fr\u00f6ccs\u00f6nt\u0151forma gyanta kozmetikai csomagol\u00e1shoz<\/a><\/li><li class='ez-toc-page-1 ez-toc-heading-level-3'><a class=\"ez-toc-link ez-toc-heading-7\" href=\"https:\/\/plas.co\/hu\/froccsontes-csomagolas\/#Injection_molds_for_packaging\" >Fr\u00f6ccs\u00f6nt\u0151form\u00e1k csomagol\u00e1shoz<\/a><ul class='ez-toc-list-level-4' ><li class='ez-toc-heading-level-4'><a class=\"ez-toc-link ez-toc-heading-8\" href=\"https:\/\/plas.co\/hu\/froccsontes-csomagolas\/#Conclusion\" >K\u00f6vetkeztet\u00e9s:<\/a><\/li><\/ul><\/li><\/ul><\/li><\/ul><\/nav><\/div>\n<h2><span class=\"ez-toc-section\" id=\"What_is_injection_mold_packaging\"><\/span>Mi a fr\u00f6ccs\u00f6nt\u0151forma csomagol\u00e1s<span class=\"ez-toc-section-end\"><\/span><\/h2>\n<p><strong><em>Fr\u00f6ccs\u00f6nt\u00e9ses csomagol\u00e1s<\/em><\/strong> a m\u0171anyag csomagol\u00f3anyagok, p\u00e9ld\u00e1ul palackok, bef\u0151ttes\u00fcvegek, tart\u00e1lyok \u00e9s kupakok sz\u00e9les sk\u00e1l\u00e1j\u00e1nak el\u0151\u00e1ll\u00edt\u00e1s\u00e1ra szolg\u00e1l\u00f3 gy\u00e1rt\u00e1si folyamat. A folyamat sor\u00e1n olvasztott m\u0171anyagot fecskendeznek egy form\u00e1ba, amelyet \u00fagy alak\u00edtanak ki, hogy a csomagol\u00e1si term\u00e9k k\u00edv\u00e1nt form\u00e1j\u00e1t hozza l\u00e9tre.<\/p>\n<p>A fr\u00f6ccs\u00f6nt\u00e9shez haszn\u00e1lt m\u0171anyag anyag a csomagol\u00e1si term\u00e9k konkr\u00e9t alkalmaz\u00e1s\u00e1t\u00f3l \u00e9s k\u00f6vetelm\u00e9nyeit\u0151l f\u00fcgg\u0151en v\u00e1ltozhat. N\u00e9h\u00e1ny \u00e1ltal\u00e1nosan haszn\u00e1lt m\u0171anyag <em>fr\u00f6ccs\u00f6nt\u00f6tt m\u0171anyag csomagol\u00e1s<\/em> a polietil\u00e9n (PE), a polipropil\u00e9n (PP), a polietil\u00e9n-tereftal\u00e1t (PET), a polisztirol (PS) \u00e9s az akrilnitril-butadi\u00e9n-sztirol (ABS).<\/p>\n<p>A m\u0171anyag csomagol\u00e1s fr\u00f6ccs\u00f6nt\u00e9si folyamata t\u00f6bb l\u00e9p\u00e9st foglal mag\u00e1ban, t\u00f6bbek k\u00f6z\u00f6tt:<\/p>\n<ol>\n<li>A forma megtervez\u00e9se - A form\u00e1t \u00fagy tervezik, hogy a csomagol\u00e1si term\u00e9k k\u00edv\u00e1nt alakj\u00e1t \u00e9s jellemz\u0151it l\u00e9trehozza. A forma k\u00e9sz\u00fclhet ac\u00e9lb\u00f3l vagy alum\u00edniumb\u00f3l, \u00e9s k\u00e9t f\u00e9lb\u0151l \u00e1ll, amelyeket \u00f6sszecsavaroznak.<\/li>\n<li>A m\u0171anyag el\u0151k\u00e9sz\u00edt\u00e9se - A m\u0171anyagot megolvasztj\u00e1k \u00e9s el\u0151k\u00e9sz\u00edtik a fr\u00f6ccs\u00f6nt\u00e9shez. A m\u0171anyag granul\u00e1tumot a fr\u00f6ccs\u00f6nt\u0151g\u00e9pbe adagolj\u00e1k, ahol megolvasztj\u00e1k \u00e9s adal\u00e9kanyagokkal, p\u00e9ld\u00e1ul sz\u00ednez\u0151anyagokkal \u00e9s stabiliz\u00e1torokkal keverik.<\/li>\n<li>Fr\u00f6ccs\u00f6nt\u00e9s - Az olvadt m\u0171anyagot nagy nyom\u00e1s alatt fecskendezik a forma\u00fcregbe. A m\u0171anyag kit\u00f6lti az \u00fcreget \u00e9s felveszi a forma alakj\u00e1t.<\/li>\n<li>H\u0171t\u00e9s \u00e9s megszil\u00e1rdul\u00e1s - A m\u0171anyagot hagyjuk kih\u0171lni \u00e9s megszil\u00e1rdulni a szersz\u00e1mban. Miut\u00e1n a m\u0171anyag teljesen megszil\u00e1rdult, a szersz\u00e1m k\u00e9t fel\u00e9t sz\u00e9tv\u00e1lasztj\u00e1k, \u00e9s a k\u00e9szterm\u00e9ket kil\u00f6kik.<\/li>\n<\/ol>\n<p><em>fr\u00f6ccs\u00f6nt\u00f6tt m\u0171anyag csomagol\u00e1s<\/em> sz\u00e9les k\u00f6rben alkalmazott gy\u00e1rt\u00e1si elj\u00e1r\u00e1s a m\u0171anyag csomagol\u00f3anyagok el\u0151\u00e1ll\u00edt\u00e1s\u00e1ra.<\/p>\n<div id=\"attachment_395\" style=\"width: 692px\" class=\"wp-caption aligncenter\"><a href=\"http:\/\/plas.co\/wp-content\/uploads\/2016\/02\/Product-01.jpg\"><img decoding=\"async\" aria-describedby=\"caption-attachment-395\" class=\"wp-image-395 size-full\" src=\"http:\/\/plas.co\/wp-content\/uploads\/2016\/02\/Product-01.jpg\" alt=\"fr\u00f6ccs\u00f6nt\u00e9s csomagol\u00e1s\" width=\"682\" height=\"488\" srcset=\"https:\/\/plas.co\/wp-content\/uploads\/2016\/02\/Product-01.jpg 682w, https:\/\/plas.co\/wp-content\/uploads\/2016\/02\/Product-01-300x215.jpg 300w\" sizes=\"(max-width: 682px) 100vw, 682px\" \/><\/a><p id=\"caption-attachment-395\" class=\"wp-caption-text\">fr\u00f6ccs\u00f6nt\u00e9s csomagol\u00e1s<\/p><\/div>\n<p>A csomagol\u00e1s minden term\u00e9kn\u00e9l kulcsfontoss\u00e1g\u00fa szempont. Els\u0151 benyom\u00e1st kelt, \u00e9s befoly\u00e1solhatja a fogyaszt\u00f3k d\u00f6nt\u00e9s\u00e9t. A fenntarthat\u00f3 \u00e9s k\u00f6rnyezetbar\u00e1t csomagol\u00e1si megold\u00e1sok ir\u00e1nti n\u00f6vekv\u0151 kereslet miatt a hat\u00e9kony gy\u00e1rt\u00e1si folyamatok ir\u00e1nti ig\u00e9ny minden eddigin\u00e9l fontosabb\u00e1 v\u00e1lt. A fr\u00f6ccs\u00f6nt\u00e9s az egyik ilyen elj\u00e1r\u00e1s, amely forradalmas\u00edtotta a csomagol\u00f3ipart. Ebben az \u00e1tfog\u00f3 \u00fatmutat\u00f3ban felt\u00e1rjuk a fr\u00f6ccs\u00f6nt\u00e9s el\u0151nyeit a csomagol\u00e1sban, a k\u00fcl\u00f6nb\u00f6z\u0151 anyagt\u00edpusokat, a fr\u00f6ccs\u00f6nt\u00e9s folyamat\u00e1t \u00e9s e technol\u00f3gia k\u00fcl\u00f6nb\u00f6z\u0151 alkalmaz\u00e1sait a csomagol\u00e1sban.<\/p>\n<h3><span class=\"ez-toc-section\" id=\"Section_1_The_Benefits_of_Injection_Molding_for_Packaging\"><\/span>1. szakasz: A fr\u00f6ccs\u00f6nt\u00e9s el\u0151nyei a csomagol\u00e1sban<span class=\"ez-toc-section-end\"><\/span><\/h3>\n<p>A fr\u00f6ccs\u00f6nt\u00e9s olyan gy\u00e1rt\u00e1si folyamat, amely sor\u00e1n olvasztott m\u0171anyagot fecskendeznek egy form\u00e1ba, hogy l\u00e9trehozzanak egy term\u00e9ket. Ez az elj\u00e1r\u00e1s sz\u00e1mos el\u0151nyt k\u00edn\u00e1l a csomagol\u00e1s sz\u00e1m\u00e1ra, t\u00f6bbek k\u00f6z\u00f6tt:<\/p>\n<p>1.1. K\u00f6lts\u00e9ghat\u00e9konys\u00e1g: A fr\u00f6ccs\u00f6nt\u00e9s nagy volumen\u0171 gy\u00e1rt\u00e1st tesz lehet\u0151v\u00e9, \u00edgy k\u00f6lts\u00e9ghat\u00e9kony megold\u00e1s a csomagol\u00f3anyagok nagy\u00fczemi gy\u00e1rt\u00e1s\u00e1hoz.<\/p>\n<p>1.2. Rugalmas tervez\u00e9s: A fr\u00f6ccs\u00f6nt\u00e9s a tervez\u0151knek olyan \u00f6sszetett form\u00e1k \u00e9s bonyolult formatervek l\u00e9trehoz\u00e1s\u00e1nak szabads\u00e1g\u00e1t k\u00edn\u00e1lja, amelyek m\u00e1s gy\u00e1rt\u00e1si elj\u00e1r\u00e1sokkal nehezen lenn\u00e9nek megval\u00f3s\u00edthat\u00f3k.<\/p>\n<p>1.3. Anyagi sokoldal\u00fas\u00e1g: A fr\u00f6ccs\u00f6nt\u00e9s az anyagok sz\u00e9les sk\u00e1l\u00e1j\u00e1val haszn\u00e1lhat\u00f3, bele\u00e9rtve a h\u0151re l\u00e1gyul\u00f3 m\u0171anyagokat, a h\u0151re kem\u00e9nyed\u0151 m\u0171anyagokat \u00e9s az elasztomereket.<\/p>\n<h3><span class=\"ez-toc-section\" id=\"Section_2_The_Different_Types_of_Materials_Used_in_Injection_Molding_for_Packaging\"><\/span>2. szakasz: A csomagol\u00f3anyagok fr\u00f6ccs\u00f6nt\u00e9s\u00e9ben haszn\u00e1lt k\u00fcl\u00f6nb\u00f6z\u0151 anyagt\u00edpusok<span class=\"ez-toc-section-end\"><\/span><\/h3>\n<p>2.1. H\u0151re l\u00e1gyul\u00f3 m\u0171anyagok: A h\u0151re l\u00e1gyul\u00f3 m\u0171anyagok a leggyakrabban haszn\u00e1lt anyagok a csomagol\u00e1shoz haszn\u00e1lt fr\u00f6ccs\u00f6nt\u00e9sben. Tart\u00f3sak, k\u00f6nny\u0171ek, \u00e9s k\u00f6nnyen alak\u00edthat\u00f3ak k\u00fcl\u00f6nb\u00f6z\u0151 form\u00e1kba \u00e9s m\u00e9retekbe.<\/p>\n<p>2.2. Duroplasztikumok: A h\u0151re l\u00e1gyul\u00f3 m\u0171anyagok ide\u00e1lisak olyan term\u00e9kek csomagol\u00e1s\u00e1ra, amelyek h\u0151\u00e1ll\u00f3s\u00e1got \u00e9s nagy tart\u00f3ss\u00e1got ig\u00e9nyelnek.<\/p>\n<p>2.3. Elasztomerek: Az elasztomereket olyan term\u00e9kek csomagol\u00e1s\u00e1hoz haszn\u00e1lj\u00e1k, amelyek rugalmass\u00e1got \u00e9s puhas\u00e1got ig\u00e9nyelnek.<\/p>\n<h3><span class=\"ez-toc-section\" id=\"Section_3_The_Process_of_Injection_Molding\"><\/span>3. szakasz: A fr\u00f6ccs\u00f6nt\u00e9s folyamata<span class=\"ez-toc-section-end\"><\/span><\/h3>\n<p>3.1. Formakialak\u00edt\u00e1s: A fr\u00f6ccs\u00f6nt\u00e9si folyamat els\u0151 l\u00e9p\u00e9se a szersz\u00e1mtervez\u00e9s. A szersz\u00e1mot a term\u00e9k pontos specifik\u00e1ci\u00f3i szerint tervezik.<\/p>\n<p>3.2. Anyagel\u0151k\u00e9sz\u00edt\u00e9s: A kiv\u00e1lasztott anyagot megolvasztjuk \u00e9s el\u0151k\u00e9sz\u00edtj\u00fck a befecskendez\u00e9shez.<\/p>\n<p>3.3. Befecskendez\u00e9s: Az olvadt anyagot nagy nyom\u00e1s alatt fecskendezik a form\u00e1ba, kit\u00f6ltve a forma\u00fcregeket.<\/p>\n<p>3.4. H\u0171t\u00e9s: Az \u00f6nt\u0151form\u00e1t leh\u0171tj\u00fck, hogy a m\u0171anyag megszil\u00e1rduljon, \u00e9s a term\u00e9ket kil\u00f6kj\u00fck.<\/p>\n<h3><span class=\"ez-toc-section\" id=\"Section_4_The_Various_Applications_of_Injection_Molding_in_Packaging\"><\/span>4. szakasz: A fr\u00f6ccs\u00f6nt\u00e9s k\u00fcl\u00f6nb\u00f6z\u0151 alkalmaz\u00e1sai a csomagol\u00e1sban<span class=\"ez-toc-section-end\"><\/span><\/h3>\n<p>4.1. \u00c9lelmiszer-csomagol\u00e1s: A fr\u00f6ccs\u00f6nt\u00e9st sz\u00e9les k\u00f6rben haszn\u00e1lj\u00e1k \u00e9lelmiszercsomagol\u00e1sra, bele\u00e9rtve a tart\u00e1lyokat, t\u00e1lc\u00e1kat \u00e9s ev\u0151eszk\u00f6z\u00f6ket.<\/p>\n<p>4.2. Italcsomagol\u00e1s: A fr\u00f6ccs\u00f6nt\u00e9st italcsomagol\u00e1shoz is haszn\u00e1lj\u00e1k, bele\u00e9rtve a palackokat \u00e9s kupakokat.<\/p>\n<p>4.3. Kozmetikai csomagol\u00e1s: A fr\u00f6ccs\u00f6nt\u00e9st kozmetikai csomagol\u00e1sokhoz haszn\u00e1lj\u00e1k, bele\u00e9rtve az \u00fcvegeket, tart\u00e1lyokat \u00e9s z\u00e1r\u00f3elemeket.<\/p>\n<p>4.4. Orvosi csomagol\u00e1s: <em>Fr\u00f6ccs\u00f6nt\u00e9s<\/em> orvosi csomagol\u00e1sokhoz, t\u00f6bbek k\u00f6z\u00f6tt fecskend\u0151kh\u00f6z, injekci\u00f3s \u00fcvegekhez \u00e9s tart\u00e1lyokhoz haszn\u00e1lj\u00e1k.<\/p>\n<p>5. szakasz: A fr\u00f6ccs\u00f6nt\u00e9s hat\u00e1sa a fenntarthat\u00f3 csomagol\u00e1sra<\/p>\n<p>5.1. Biol\u00f3giailag leboml\u00f3 anyagok: A fr\u00f6ccs\u00f6nt\u00e9s lehet\u0151v\u00e9 tette a biol\u00f3giailag leboml\u00f3, k\u00f6rnyezetbar\u00e1t \u00e9s fenntarthat\u00f3 csomagol\u00f3anyagok el\u0151\u00e1ll\u00edt\u00e1s\u00e1t.<\/p>\n<p>5.2. \u00dajrahasznos\u00edthat\u00f3 anyagok: A fr\u00f6ccs\u00f6nt\u00e9s olyan csomagol\u00f3anyagok el\u0151\u00e1ll\u00edt\u00e1s\u00e1t is lehet\u0151v\u00e9 tette, amelyek k\u00f6nnyen \u00fajrahasznos\u00edthat\u00f3k, \u00edgy cs\u00f6kkentve a keletkez\u0151 hullad\u00e9k mennyis\u00e9g\u00e9t.<\/p>\n<h3><span class=\"ez-toc-section\" id=\"Injection_mold_resin_for_cosmetic_packaging\"><\/span>Fr\u00f6ccs\u00f6nt\u0151forma gyanta kozmetikai csomagol\u00e1shoz<span class=\"ez-toc-section-end\"><\/span><\/h3>\n<p>A fr\u00f6ccs\u00f6nt\u0151gyanta a kozmetikai csomagol\u00e1sok gy\u00e1rt\u00e1s\u00e1nak kulcsfontoss\u00e1g\u00fa \u00f6sszetev\u0151je. A kozmetikai csomagol\u00e1sokhoz val\u00f3 megfelel\u0151 gyanta kiv\u00e1laszt\u00e1sakor sz\u00e1mos t\u00e9nyez\u0151t kell figyelembe venni, bele\u00e9rtve a term\u00e9k \u00e9s a gyanta kompatibilit\u00e1s\u00e1t, a csomagol\u00e1s k\u00edv\u00e1nt fizikai tulajdons\u00e1gait \u00e9s a gy\u00e1rt\u00e1si folyamatot.<\/p>\n<p>A kozmetikai csomagol\u00e1sokhoz leggyakrabban haszn\u00e1lt gyant\u00e1k egyike a polipropil\u00e9n (PP). A PP egy sokoldal\u00fa gyanta, amely k\u00f6nnyen form\u00e1zhat\u00f3, k\u00f6nny\u0171 \u00e9s kiv\u00e1l\u00f3an ellen\u00e1ll a vegyi anyagoknak. Ide\u00e1lis olyan term\u00e9kek csomagol\u00e1s\u00e1hoz, amelyeknek nagyfok\u00fa nedvess\u00e9g\u00e1ll\u00f3s\u00e1gra van sz\u00fcks\u00e9g\u00fck, mint p\u00e9ld\u00e1ul kr\u00e9mek, test\u00e1pol\u00f3k \u00e9s sz\u00e9rumok.<\/p>\n<p>A kozmetikai csomagol\u00e1sok m\u00e1sik n\u00e9pszer\u0171 gyant\u00e1ja a polietil\u00e9n-tereftal\u00e1t (PET). A PET egy er\u0151s, k\u00f6nny\u0171 gyanta, amely ide\u00e1lis \u00e1tl\u00e1tsz\u00f3 csomagol\u00f3anyagokhoz, p\u00e9ld\u00e1ul palackokhoz \u00e9s t\u00e9gelyekhez. Kiv\u00e1l\u00f3an ellen\u00e1ll a nedvess\u00e9gnek, a vegyi anyagoknak \u00e9s az UV-f\u00e9nynek, ez\u00e9rt n\u00e9pszer\u0171 v\u00e1laszt\u00e1s a kozmetikai csomagol\u00e1sokhoz.<\/p>\n<p>Az akrilnitril-butadi\u00e9n-sztirol (ABS) egy m\u00e1sik, a kozmetikai csomagol\u00e1sokban gyakran haszn\u00e1lt gyanta. Az ABS egy er\u0151s, tart\u00f3s gyanta, amely ide\u00e1lis olyan term\u00e9kek csomagol\u00e1s\u00e1hoz, amelyek nagyfok\u00fa \u00fct\u00e9s\u00e1ll\u00f3s\u00e1got ig\u00e9nyelnek, mint p\u00e9ld\u00e1ul a kompaktok \u00e9s r\u00fazsdobozok.<\/p>\n<p>A polikarbon\u00e1t (PC) egy \u00e1tl\u00e1tsz\u00f3, er\u0151s \u00e9s k\u00f6nny\u0171 gyanta, amely ide\u00e1lis olyan term\u00e9kek csomagol\u00e1s\u00e1hoz, amelyeknek nagyfok\u00fa tisztas\u00e1gra \u00e9s \u00fct\u00e9s\u00e1ll\u00f3s\u00e1gra van sz\u00fcks\u00e9g\u00fck, mint p\u00e9ld\u00e1ul a szemh\u00e9jfest\u00e9k-palett\u00e1k \u00e9s a r\u00fazsok tubusai. Kiv\u00e1l\u00f3 v\u00e1laszt\u00e1s olyan term\u00e9kekhez is, amelyek nagyfok\u00fa h\u0151\u00e1ll\u00f3s\u00e1got ig\u00e9nyelnek.<\/p>\n<p>A kozmetikai csomagol\u00e1shoz haszn\u00e1lt gyanta kiv\u00e1laszt\u00e1sakor fontos figyelembe venni a gy\u00e1rt\u00e1si folyamatot. A fr\u00f6ccs\u00f6nt\u00e9s a kozmetikai csomagol\u00e1sok leggyakoribb gy\u00e1rt\u00e1si folyamata, de nem minden gyanta alkalmas erre az elj\u00e1r\u00e1sra. A t\u00fal rideg vagy t\u00fal viszk\u00f3zus gyant\u00e1k nem felt\u00e9tlen\u00fcl alkalmasak fr\u00f6ccs\u00f6nt\u00e9sre. A konzisztens \u00e9s kiv\u00e1l\u00f3 min\u0151s\u00e9g\u0171 v\u00e9gterm\u00e9k biztos\u00edt\u00e1sa \u00e9rdek\u00e9ben fontos, hogy olyan gyant\u00e1t v\u00e1lasszon, amely k\u00f6nnyen fr\u00f6ccs\u00f6nt\u00e9ssel form\u00e1zhat\u00f3.<\/p>\n<h3><span class=\"ez-toc-section\" id=\"Injection_molds_for_packaging\"><\/span>Fr\u00f6ccs\u00f6nt\u0151form\u00e1k csomagol\u00e1shoz<span class=\"ez-toc-section-end\"><\/span><\/h3>\n<p><em><strong>Fr\u00f6ccs\u00f6nt\u00e9s<\/strong><\/em> egy sz\u00e9les k\u00f6rben alkalmazott gy\u00e1rt\u00e1si elj\u00e1r\u00e1s a kiv\u00e1l\u00f3 min\u0151s\u00e9g\u0171 \u00e9s k\u00f6lts\u00e9ghat\u00e9kony csomagol\u00f3anyagok el\u0151\u00e1ll\u00edt\u00e1s\u00e1ra. A csomagol\u00f3anyagokhoz haszn\u00e1lt fr\u00f6ccs\u00f6nt\u0151form\u00e1kat a csomagol\u00f3anyagok sokf\u00e9le form\u00e1j\u00e1nak \u00e9s m\u00e9ret\u00e9nek l\u00e9trehoz\u00e1s\u00e1ra tervezt\u00e9k, bele\u00e9rtve a palackokat, \u00fcvegeket, bef\u0151ttes\u00fcvegeket, kupakokat, z\u00e1r\u00f3elemeket \u00e9s tart\u00e1lyokat.<\/p>\n<p>A fr\u00f6ccs\u00f6nt\u00e9si elj\u00e1r\u00e1s sor\u00e1n szersz\u00e1mot haszn\u00e1lnak, amely a csomagol\u00e1si term\u00e9k k\u00edv\u00e1nt alakj\u00e1nak el\u0151\u00e1ll\u00edt\u00e1s\u00e1ra szolg\u00e1l\u00f3 eszk\u00f6z. A szersz\u00e1m \u00e1ltal\u00e1ban ac\u00e9lb\u00f3l vagy alum\u00edniumb\u00f3l k\u00e9sz\u00fcl, \u00e9s k\u00e9t f\u00e9lb\u0151l \u00e1ll, amelyek \u00f6ssze vannak csavarozva. Az olvadt m\u0171anyagot a szersz\u00e1m \u00fcreg\u00e9be fecskendezik, majd miut\u00e1n leh\u0171lt \u00e9s megszil\u00e1rdult, a szersz\u00e1m k\u00e9t fel\u00e9t sz\u00e9tv\u00e1lasztj\u00e1k, hogy a k\u00e9sz term\u00e9k megjelenjen.<\/p>\n<p>Az egyik jelent\u0151s el\u0151nye a <em>fr\u00f6ccs\u00f6nt\u00e9s<\/em> az a k\u00e9pess\u00e9ge, hogy \u00f6sszetett \u00e9s bonyolult form\u00e1kat k\u00e9pes nagy pontoss\u00e1ggal \u00e9s k\u00f6vetkezetess\u00e9ggel el\u0151\u00e1ll\u00edtani. A csomagol\u00e1shoz haszn\u00e1lt fr\u00f6ccs\u00f6nt\u0151form\u00e1k k\u00fcl\u00f6nb\u00f6z\u0151 jellemz\u0151kkel rendelkez\u0151 term\u00e9kek l\u00e9trehoz\u00e1s\u00e1ra tervezhet\u0151k, p\u00e9ld\u00e1ul menetekkel, dombor\u00edt\u00e1ssal, grav\u00edroz\u00e1ssal \u00e9s text\u00far\u00e1val. Ez a sokoldal\u00fas\u00e1g teszi a fr\u00f6ccs\u00f6nt\u00e9st ide\u00e1lis elj\u00e1r\u00e1ss\u00e1 az egyedi \u00e9s figyelemfelkelt\u0151 formatervez\u00e9s\u0171 csomagol\u00e1si term\u00e9kek el\u0151\u00e1ll\u00edt\u00e1s\u00e1hoz.<\/p>\n<p>A csomagol\u00f3anyagok fr\u00f6ccs\u00f6nt\u00e9s\u00e9nek m\u00e1sik el\u0151nye, hogy nagy mennyis\u00e9g\u0171 term\u00e9k gyors \u00fctemben t\u00f6rt\u00e9n\u0151 gy\u00e1rt\u00e1s\u00e1ra alkalmas. <a href=\"https:\/\/en.wikipedia.org\/wiki\/Injection_moulding\" target=\"_blank\" rel=\"noopener\">Fr\u00f6ccs\u00f6nt\u00e9s<\/a> a g\u00e9pek egyetlen ciklusban t\u00f6bb ezer term\u00e9ket k\u00e9pesek el\u0151\u00e1ll\u00edtani, ami rendk\u00edv\u00fcl hat\u00e9kony \u00e9s k\u00f6lts\u00e9ghat\u00e9kony gy\u00e1rt\u00e1si folyamatot tesz lehet\u0151v\u00e9.<\/p>\n<p>Amikor kiv\u00e1laszt egy <em>fr\u00f6ccs\u00f6nt\u0151forma csomagol\u00e1s<\/em>, t\u00f6bb t\u00e9nyez\u0151t is figyelembe kell venni, bele\u00e9rtve a m\u0171anyag t\u00edpus\u00e1t, a term\u00e9k k\u00edv\u00e1nt alakj\u00e1t \u00e9s m\u00e9ret\u00e9t, valamint a gy\u00e1rt\u00e1si folyamatot. P\u00e9ld\u00e1ul egyes m\u0171anyagok a k\u00edv\u00e1nt fizikai tulajdons\u00e1gok el\u00e9r\u00e9s\u00e9hez nagynyom\u00e1s\u00fa fr\u00f6ccs\u00f6nt\u0151g\u00e9pet ig\u00e9nyelnek, m\u00edg m\u00e1sokhoz alacsonyabb nyom\u00e1s\u00fa g\u00e9pre lehet sz\u00fcks\u00e9g.<\/p>\n<p>Ezenk\u00edv\u00fcl a szersz\u00e1m kialak\u00edt\u00e1sa is befoly\u00e1solhatja a gy\u00e1rt\u00e1si folyamatot \u00e9s a v\u00e9gterm\u00e9k min\u0151s\u00e9g\u00e9t. Egy j\u00f3l megtervezett \u00f6nt\u0151forma seg\u00edthet a gy\u00e1rt\u00e1si hib\u00e1k, p\u00e9ld\u00e1ul a vetemed\u00e9s, a s\u00fcllyed\u00e9s \u00e9s a villog\u00e1s cs\u00f6kkent\u00e9s\u00e9ben, valamint az egyenletes kivitel\u0171 \u00e9s min\u0151s\u00e9g\u0171 term\u00e9kek el\u0151\u00e1ll\u00edt\u00e1s\u00e1ban.<\/p>\n<h4><span class=\"ez-toc-section\" id=\"Conclusion\"><\/span>K\u00f6vetkeztet\u00e9s:<span class=\"ez-toc-section-end\"><\/span><\/h4>\n<p>A fr\u00f6ccs\u00f6nt\u00e9s forradalmas\u00edtotta a csomagol\u00f3ipart, k\u00f6lts\u00e9ghat\u00e9kony megold\u00e1sokat, tervez\u00e9si rugalmass\u00e1got \u00e9s sokoldal\u00fa anyaghaszn\u00e1latot k\u00edn\u00e1lva. Lehet\u0151v\u00e9 tette a fenntarthat\u00f3 \u00e9s k\u00f6rnyezetbar\u00e1t csomagol\u00e1si megold\u00e1sok gy\u00e1rt\u00e1s\u00e1t, \u00edgy a j\u00f6v\u0151 csomagol\u00e1si technol\u00f3gi\u00e1j\u00e1v\u00e1 v\u00e1lt.<\/p>\n<p>A fr\u00f6ccs\u00f6nt\u00e9s el\u0151nyeinek, a k\u00fcl\u00f6nb\u00f6z\u0151 anyagt\u00edpusoknak, a fr\u00f6ccs\u00f6nt\u00e9s folyamat\u00e1nak \u00e9s a technol\u00f3gia k\u00fcl\u00f6nb\u00f6z\u0151 csomagol\u00e1si alkalmaz\u00e1sainak meg\u00e9rt\u00e9s\u00e9vel a tervez\u0151k, m\u00e9rn\u00f6k\u00f6k \u00e9s csomagol\u00e1si szakemberek megalapozott d\u00f6nt\u00e9seket hozhatnak, amelyek seg\u00edthetnek egy jobb \u00e9s fenntarthat\u00f3bb j\u00f6v\u0151 megteremt\u00e9s\u00e9ben.<\/p>\n<\/div><\/section><\/div>","protected":false},"excerpt":{"rendered":"","protected":false},"author":1,"featured_media":0,"parent":0,"menu_order":0,"comment_status":"open","ping_status":"open","template":"","meta":{"footnotes":""},"class_list":["post-103","page","type-page","status-publish","hentry"],"_links":{"self":[{"href":"https:\/\/plas.co\/hu\/wp-json\/wp\/v2\/pages\/103","targetHints":{"allow":["GET"]}}],"collection":[{"href":"https:\/\/plas.co\/hu\/wp-json\/wp\/v2\/pages"}],"about":[{"href":"https:\/\/plas.co\/hu\/wp-json\/wp\/v2\/types\/page"}],"author":[{"embeddable":true,"href":"https:\/\/plas.co\/hu\/wp-json\/wp\/v2\/users\/1"}],"replies":[{"embeddable":true,"href":"https:\/\/plas.co\/hu\/wp-json\/wp\/v2\/comments?post=103"}],"version-history":[{"count":0,"href":"https:\/\/plas.co\/hu\/wp-json\/wp\/v2\/pages\/103\/revisions"}],"wp:attachment":[{"href":"https:\/\/plas.co\/hu\/wp-json\/wp\/v2\/media?parent=103"}],"curies":[{"name":"wp","href":"https:\/\/api.w.org\/{rel}","templated":true}]}}