{"id":146,"date":"2014-09-20T19:04:21","date_gmt":"2014-09-20T11:04:21","guid":{"rendered":"http:\/\/andy-mold.com\/?page_id=146"},"modified":"2016-02-14T14:13:57","modified_gmt":"2016-02-14T06:13:57","slug":"projektmenedzsment","status":"publish","type":"page","link":"https:\/\/plas.co\/hu\/mernoki-tevekenyseg\/projektmenedzsment\/","title":{"rendered":"Projektmenedzsment"},"content":{"rendered":"<p>M\u0171anyag fr\u00f6ccs\u00f6nt\u0151 szersz\u00e1m projektek menedzsel\u00e9se, az Andy Mould rendelkezik egy projektm\u00e9rn\u00f6ki csapattal. Ez a csapat t\u00f6bbf\u00e9le technol\u00f3giai h\u00e1tt\u00e9rrel rendelkezik, nemcsak a m\u0171anyag, hanem a f\u00e9m \u00e9s az elektronika ter\u00fclet\u00e9n is. Minden projektet egy tapasztalt projektm\u00e9rn\u00f6k k\u00f6vet, aki a projektfejleszt\u00e9s, az \u00fcgyf\u00e9l technikai t\u00e1mogat\u00e1sa, a min\u0151s\u00e9gellen\u0151rz\u00e9s, a r\u00e9szlegek k\u00f6z\u00f6tti koordin\u00e1ci\u00f3 csapatvezet\u0151jek\u00e9nt v\u00e9gzi a teljes fejleszt\u00e9si folyamat sor\u00e1n.<br \/>\n<b>Munkarutin<\/b><br \/>\nHeti friss\u00edt\u00e9s az \u00fcgyf\u00e9lnek<br \/>\nAz eszk\u00f6z\u00e9p\u00edt\u00e9s m\u00e9rf\u00f6ldk\u00f6veinek k\u00f6vetkezetes nyomon k\u00f6vet\u00e9se<br \/>\nNapi kommunik\u00e1ci\u00f3 b\u00e1rmilyen probl\u00e9ma eset\u00e9n<br \/>\nA projekt lez\u00e1r\u00e1sa t\u00f6meggy\u00e1rt\u00e1ssal vagy szersz\u00e1msz\u00e1ll\u00edt\u00e1ssal<\/p>\n<p>E h\u00e1rom szakaszban az \u00fcgyfel\u00fcnk \u00edr\u00e1sbeli j\u00f3v\u00e1hagy\u00e1sa sz\u00fcks\u00e9ges:<br \/>\nSzersz\u00e1mtervez\u00e9s j\u00f3v\u00e1hagy\u00e1sa<br \/>\nMinta j\u00f3v\u00e1hagy\u00e1sa<br \/>\nFormasz\u00e1ll\u00edt\u00e1s \u00e9s j\u00f3v\u00e1hagy\u00e1s<\/p>\n<p><b>\u00c9rt\u00e9kes\u00edt\u00e9s ut\u00e1n<\/b><br \/>\nP\u00f3talkatr\u00e9szek az \u00e9rt\u00e9kes\u00edt\u00e9s ut\u00e1n is biztos\u00edthat\u00f3k<br \/>\nM\u00e9rn\u00f6ki javaslatok \u00e1llnak rendelkez\u00e9sre, ha az \u00fcgyf\u00e9lnek sz\u00fcks\u00e9ge van r\u00e1<\/p>","protected":false},"excerpt":{"rendered":"<p>Plastic injection mould projects management, Andy Mould has a project engineering team. This team has multi-backgrounds of technologies, not only in plastic, but also metal and electronics. Each project will be followed by a experienced project engineer, who will conduct as the team leader of project development, customer technical support, quality control, cross-department coordinate during [&hellip;]<\/p>\n","protected":false},"author":1,"featured_media":0,"parent":22,"menu_order":0,"comment_status":"open","ping_status":"open","template":"","meta":{"footnotes":""},"class_list":["post-146","page","type-page","status-publish","hentry"],"_links":{"self":[{"href":"https:\/\/plas.co\/hu\/wp-json\/wp\/v2\/pages\/146","targetHints":{"allow":["GET"]}}],"collection":[{"href":"https:\/\/plas.co\/hu\/wp-json\/wp\/v2\/pages"}],"about":[{"href":"https:\/\/plas.co\/hu\/wp-json\/wp\/v2\/types\/page"}],"author":[{"embeddable":true,"href":"https:\/\/plas.co\/hu\/wp-json\/wp\/v2\/users\/1"}],"replies":[{"embeddable":true,"href":"https:\/\/plas.co\/hu\/wp-json\/wp\/v2\/comments?post=146"}],"version-history":[{"count":0,"href":"https:\/\/plas.co\/hu\/wp-json\/wp\/v2\/pages\/146\/revisions"}],"up":[{"embeddable":true,"href":"https:\/\/plas.co\/hu\/wp-json\/wp\/v2\/pages\/22"}],"wp:attachment":[{"href":"https:\/\/plas.co\/hu\/wp-json\/wp\/v2\/media?parent=146"}],"curies":[{"name":"wp","href":"https:\/\/api.w.org\/{rel}","templated":true}]}}