{"id":15,"date":"2014-09-20T14:09:15","date_gmt":"2014-09-20T06:09:15","guid":{"rendered":"http:\/\/andy-mold.com\/?page_id=15"},"modified":"2024-03-23T23:37:06","modified_gmt":"2024-03-23T15:37:06","slug":"ceg","status":"publish","type":"page","link":"https:\/\/plas.co\/hu\/ceg\/","title":{"rendered":"R\u00f3lunk"},"content":{"rendered":"<section  class='av_textblock_section av-lehbcujc-e36697ed1bea52a8cb8c1afa77e72bd4'   itemscope=\"itemscope\" itemtype=\"https:\/\/schema.org\/CreativeWork\" ><div class='avia_textblock'  itemprop=\"text\" ><div id=\"ez-toc-container\" class=\"ez-toc-v2_0_82_2 counter-hierarchy ez-toc-counter ez-toc-grey ez-toc-container-direction\">\n<div class=\"ez-toc-title-container\">\n<p class=\"ez-toc-title\" style=\"cursor:inherit\">Tartalomjegyz\u00e9k<\/p>\n<span class=\"ez-toc-title-toggle\"><a href=\"#\" class=\"ez-toc-pull-right ez-toc-btn ez-toc-btn-xs ez-toc-btn-default ez-toc-toggle\" aria-label=\"Toggle Tartalomjegyz\u00e9k\"><span class=\"ez-toc-js-icon-con\"><span class=\"\"><span class=\"eztoc-hide\" style=\"display:none;\">Toggle<\/span><span class=\"ez-toc-icon-toggle-span\"><svg style=\"fill: #999;color:#999\" xmlns=\"http:\/\/www.w3.org\/2000\/svg\" class=\"list-377408\" width=\"20px\" height=\"20px\" viewbox=\"0 0 24 24\" fill=\"none\"><path d=\"M6 6H4v2h2V6zm14 0H8v2h12V6zM4 11h2v2H4v-2zm16 0H8v2h12v-2zM4 16h2v2H4v-2zm16 0H8v2h12v-2z\" fill=\"currentColor\"><\/path><\/svg><svg style=\"fill: #999;color:#999\" class=\"arrow-unsorted-368013\" xmlns=\"http:\/\/www.w3.org\/2000\/svg\" width=\"10px\" height=\"10px\" viewbox=\"0 0 24 24\" version=\"1.2\" baseprofile=\"tiny\"><path d=\"M18.2 9.3l-6.2-6.3-6.2 6.3c-.2.2-.3.4-.3.7s.1.5.3.7c.2.2.4.3.7.3h11c.3 0 .5-.1.7-.3.2-.2.3-.5.3-.7s-.1-.5-.3-.7zM5.8 14.7l6.2 6.3 6.2-6.3c.2-.2.3-.5.3-.7s-.1-.5-.3-.7c-.2-.2-.4-.3-.7-.3h-11c-.3 0-.5.1-.7.3-.2.2-.3.5-.3.7s.1.5.3.7z\"\/><\/svg><\/span><\/span><\/span><\/a><\/span><\/div>\n<nav><ul class='ez-toc-list ez-toc-list-level-1' ><li class='ez-toc-page-1 ez-toc-heading-level-2'><a class=\"ez-toc-link ez-toc-heading-1\" href=\"https:\/\/plas.co\/hu\/ceg\/#Plastic_Mold_Company_In_China_All_in_one_service\" >M\u0171anyag Mold Company K\u00edn\u00e1ban: Formanyomtatv\u00e1nyok: Minden egy szolg\u00e1ltat\u00e1sban<\/a><ul class='ez-toc-list-level-3' ><li class='ez-toc-heading-level-3'><a class=\"ez-toc-link ez-toc-heading-2\" href=\"https:\/\/plas.co\/hu\/ceg\/#Our_plastic_mold_company_services_include\" >M\u0171anyag szersz\u00e1mgy\u00e1rt\u00f3 c\u00e9g\u00fcnk szolg\u00e1ltat\u00e1sai k\u00f6z\u00e9 tartoznak:<\/a><ul class='ez-toc-list-level-4' ><li class='ez-toc-heading-level-4'><a class=\"ez-toc-link ez-toc-heading-3\" href=\"https:\/\/plas.co\/hu\/ceg\/#Our_product_development_services_include\" >Term\u00e9kfejleszt\u00e9si szolg\u00e1ltat\u00e1saink k\u00f6z\u00e9 tartozik:<\/a><\/li><\/ul><\/li><li class='ez-toc-page-1 ez-toc-heading-level-3'><a class=\"ez-toc-link ez-toc-heading-4\" href=\"https:\/\/plas.co\/hu\/ceg\/#We_supply_the_following_for_the_final_stage_of_assembly\" >Az \u00f6sszeszerel\u00e9s v\u00e9gs\u0151 szakasz\u00e1hoz a k\u00f6vetkez\u0151ket sz\u00e1ll\u00edtjuk:<\/a><\/li><\/ul><\/li><\/ul><\/nav><\/div>\n<h2><span class=\"ez-toc-section\" id=\"Plastic_Mold_Company_In_China_All_in_one_service\"><\/span>M\u0171anyag Mold Company K\u00edn\u00e1ban: Formanyomtatv\u00e1nyok: Minden egy szolg\u00e1ltat\u00e1sban<span class=\"ez-toc-section-end\"><\/span><\/h2>\n<p>A k\u00ednai Plas.co (Sincere Tech) kiv\u00e1l\u00f3 m\u0171anyag form\u00e1kat k\u00e9sz\u00edt. Egyedi szersz\u00e1mk\u00e9sz\u00edt\u00e9st, fr\u00f6ccs\u00f6nt\u00e9st, alkatr\u00e9sztervez\u00e9st, protot\u00edpusgy\u00e1rt\u00e1st, tesztel\u00e9st, szersz\u00e1m\u00f6nt\u00e9st, megmunk\u00e1l\u00e1st, szilikonform\u00e1z\u00e1st, \u00f6sszeszerel\u00e9st \u00e9s m\u00e9g sok m\u00e1st is k\u00edn\u00e1lnak. Szeretettel v\u00e1rjuk \u00d6nt.<\/p>\n<p>A Plas.co m\u0171anyag szersz\u00e1mgy\u00e1rt\u00f3 c\u00e9g b\u00fcszke a min\u0151s\u00e9g\u00e9re, az innov\u00e1ci\u00f3ra \u00e9s az \u00fcgyfelek el\u00e9gedetts\u00e9g\u00e9re. K\u00e9pzett m\u00e9rn\u00f6keink \u00e9s technikusaink a leg\u00fajabb technol\u00f3gi\u00e1kat \u00e9s m\u00f3dszereket alkalmazz\u00e1k annak \u00e9rdek\u00e9ben, hogy minden projekt megfeleljen vagy meghaladja az \u00fcgyfelek elv\u00e1r\u00e1sait.<\/p>\n<p>Kiv\u00e1l\u00f3 min\u0151s\u00e9g\u0171 m\u0171anyag fr\u00f6ccs\u00f6nt\u0151form\u00e1kat, \u00f6nt\u0151form\u00e1kat \u00e9s szilikonform\u00e1z\u00f3 alkatr\u00e9szeket tervez\u00fcnk \u00e9s gy\u00e1rtunk, de \u00f6sszeszerel\u00e9st is k\u00edn\u00e1lunk. A koncepci\u00f3t\u00f3l a sz\u00e1ll\u00edt\u00e1sig tudunk seg\u00edteni. Ez mag\u00e1ban foglalja a protot\u00edpusgy\u00e1rt\u00e1st, a tesztel\u00e9st, az \u00fajraprotot\u00edpusgy\u00e1rt\u00e1st, a nyomtatott \u00e1ramk\u00f6ri lapok \u00f6sszeszerel\u00e9s\u00e9t, a k\u00e1belhegeszt\u00e9st, az ellen\u0151rz\u00e9st, a gy\u00e1rt\u00e1st \u00e9s a tesztel\u00e9st.<\/p>\n<h3><span class=\"ez-toc-section\" id=\"Our_plastic_mold_company_services_include\"><\/span><span lang=\"EN-US\">M\u0171anyag szersz\u00e1mgy\u00e1rt\u00f3 c\u00e9g\u00fcnk szolg\u00e1ltat\u00e1sai k\u00f6z\u00e9 tartoznak:<\/span><span class=\"ez-toc-section-end\"><\/span><\/h3>\n<p>Ak\u00e1r fr\u00f6ccs\u00f6nt\u00e9shez, \u00f6nt\u00e9shez vagy szilikonform\u00e1z\u00e1shoz van sz\u00fcks\u00e9ge \u00f6nt\u0151form\u00e1ra, \u00f6nt\u0151formagy\u00e1rt\u00f3 v\u00e1llalatunk gondoskodik \u00d6nr\u0151l. C\u00e9g\u00fcnk \u00e1tfog\u00f3 szersz\u00e1mk\u00e9sz\u00edt\u00e9si szolg\u00e1ltat\u00e1sokat k\u00edn\u00e1l. A szersz\u00e1mokat az \u00d6n pontos specifik\u00e1ci\u00f3i szerint, a legmodernebb gy\u00e1rt\u00e1si technik\u00e1k alkalmaz\u00e1s\u00e1val k\u00e9sz\u00edthetj\u00fck el, \u00edgy biztos\u00edthatjuk \u00d6nt arr\u00f3l, hogy projektje a legmagasabb min\u0151s\u00e9get fogja el\u00e9rni.<\/p>\n<p>Fr\u00f6ccs\u00f6nt\u00f6tt alkatr\u00e9szek: Kiv\u00e1l\u00f3 min\u0151s\u00e9g\u0171, egyedi \u00f6nt\u00f6tt m\u0171anyag alkatr\u00e9szek gy\u00e1rt\u00e1s\u00e1ban vagyunk az ipar\u00e1g vezet\u0151i sz\u00e1mos k\u00fcl\u00f6nb\u00f6z\u0151 \u00e1gazat sz\u00e1m\u00e1ra. Sz\u00e1m\u00edthat szak\u00e9rt\u0151 technikusokb\u00f3l \u00e9s m\u00e9rn\u00f6k\u00f6kb\u0151l \u00e1ll\u00f3 csapatunkra, akik az \u00f6tletel\u00e9st\u0151l a sz\u00e1ll\u00edt\u00e1sig a teljes folyamat sor\u00e1n az \u00d6n mellett \u00e1llnak.<\/p>\n<p>V\u00e1llalatunk szem\u00e9lyre szabott \u00f6nt\u00e9si szolg\u00e1ltat\u00e1sokat ny\u00fajt, kezdve az \u00f6nt\u0151forma tervez\u00e9s\u00e9t\u0151l kezdve a gy\u00e1rt\u00e1son \u00e9s a befejez\u00e9sen \u00e1t eg\u00e9szen a gy\u00e1rt\u00e1sig. A legmodernebb technol\u00f3gi\u00e1t \u00e9s m\u00f3dszereket alkalmazzuk annak \u00e9rdek\u00e9ben, hogy projektje megfeleljen a legmagasabb k\u00f6vetelm\u00e9nyeknek, ami t\u00fckr\u00f6zi elk\u00f6telezetts\u00e9g\u00fcnket, hogy \u00fcgyfeleinknek a legjobb szolg\u00e1ltat\u00e1st \u00e9s min\u0151s\u00e9get k\u00edn\u00e1ljuk.<\/p>\n<p>Korszer\u0171 mar\u00f3- \u00e9s esztergag\u00e9peink t\u00f6k\u00e9letesen alkalmasak prec\u00edzi\u00f3s alkatr\u00e9szek \u00e9s r\u00e9szegys\u00e9gek gy\u00e1rt\u00e1s\u00e1ra sz\u00e1mos k\u00fcl\u00f6nb\u00f6z\u0151 t\u00edpus\u00fa v\u00e1llalkoz\u00e1s sz\u00e1m\u00e1ra. A legmodernebb eszk\u00f6z\u00f6ket \u00e9s technik\u00e1kat alkalmazva minden projektet a lehet\u0151 legjobb min\u0151s\u00e9gben val\u00f3s\u00edtunk meg. Ez bizony\u00edtja, hogy elk\u00f6telezettek vagyunk amellett, hogy \u00fcgyfeleinknek a legmagasabb sz\u00ednvonal\u00fa szolg\u00e1ltat\u00e1st ny\u00fajtsuk.<\/p>\n<p>Mi egy olyan szakosodott c\u00e9g vagyunk, amely kiv\u00e1l\u00f3 min\u0151s\u00e9g\u0171 szilikon \u00f6nt\u0151elemeket gy\u00e1rt sz\u00e1mos k\u00fcl\u00f6nb\u00f6z\u0151 ipar\u00e1g sz\u00e1m\u00e1ra. Sz\u00e1m\u00edthat szak\u00e9rt\u0151 technikusokb\u00f3l \u00e9s m\u00e9rn\u00f6k\u00f6kb\u0151l \u00e1ll\u00f3 csapatunkra, akik az \u00f6tletel\u00e9st\u0151l a sz\u00e1ll\u00edt\u00e1sig az eg\u00e9sz folyamat sor\u00e1n az \u00d6n mellett \u00e1llnak.<\/p>\n<p>Form\u00e1k, szilikonform\u00e1k gy\u00e1rt\u00e1sa, megmunk\u00e1l\u00e1s, \u00f6nt\u00e9s, term\u00e9kfejleszt\u00e9s \u00e9s v\u00e9gs\u0151 \u00f6sszeszerel\u00e9s csak n\u00e9h\u00e1ny a v\u00e1llalatunk \u00e1ltal k\u00edn\u00e1lt sz\u00e1mos gy\u00e1rt\u00e1si szolg\u00e1ltat\u00e1s k\u00f6z\u00fcl.<\/p>\n<p>Szakk\u00e9pzett tervez\u0151i \u00e9s m\u0171szaki munkat\u00e1rsaink v\u00e9gigk\u00eds\u00e9rik term\u00e9k\u00e9t a kezdetekt\u0151l a befejez\u00e9sig. Mivel a legmodernebb technol\u00f3gi\u00e1t \u00e9s elj\u00e1r\u00e1sokat haszn\u00e1ljuk, b\u00edzhat abban, hogy a v\u00e9gterm\u00e9k minden szempontb\u00f3l hib\u00e1tlan lesz. \u00c9s v\u00e9g\u00fcl, az elej\u00e9t\u0151l a v\u00e9g\u00e9ig szorosan egy\u00fcttm\u0171k\u00f6d\u00fcnk \u00fcgyfeleinkkel, hogy teljes\u00edts\u00fck ig\u00e9nyeiket.<\/p>\n<h4><span class=\"ez-toc-section\" id=\"Our_product_development_services_include\"><\/span><span lang=\"EN-US\">Term\u00e9kfejleszt\u00e9si szolg\u00e1ltat\u00e1saink k\u00f6z\u00e9 tartozik:<\/span><span class=\"ez-toc-section-end\"><\/span><\/h4>\n<p>A koncepci\u00f3val kezdve: \u00c1tfog\u00f3 tervez\u00e9si szolg\u00e1ltat\u00e1sainkkal minden ig\u00e9nyt kiel\u00e9g\u00edt\u00fcnk, \u00e9s val\u00f3ra v\u00e1lthatjuk \u00e1lmait.<\/p>\n<p>Protot\u00edpusgy\u00e1rt\u00e1s: A protot\u00edpus-fejleszt\u00e9si szolg\u00e1ltat\u00e1sainkkal tesztelheti term\u00e9k\u00e9t, miel\u0151tt az piacra ker\u00fclne. Ezzel seg\u00edthet\u00fcnk \u00d6nnek abban, hogy term\u00e9ke minden ig\u00e9nyt kiel\u00e9g\u00edtsen, \u00e9s megel\u0151zz\u00fck a probl\u00e9m\u00e1k kialakul\u00e1s\u00e1t.<\/p>\n<p>Szersz\u00e1moz\u00e1s: A szersz\u00e1moz\u00e1sra vonatkoz\u00f3 testreszabott strat\u00e9gi\u00e1k biztos\u00edt\u00e1s\u00e1val seg\u00edthet\u00fcnk \u00d6nnek term\u00e9keinek t\u00f6meges gy\u00e1rt\u00e1s\u00e1ban. Ez\u00e1ltal biztos\u00edtjuk, hogy term\u00e9ke a legmagasabb min\u0151s\u00e9get k\u00e9pviselje, \u00e9s gondosan, k\u00e9zzel k\u00e9sz\u00fclt legyen.<\/p>\n<p>Gy\u00e1rt\u00e1s: Csak n\u00e9h\u00e1ny a gy\u00e1rt\u00e1si szolg\u00e1ltat\u00e1sainkat alkot\u00f3 sz\u00e1mos elj\u00e1r\u00e1s k\u00f6z\u00fcl. Ez biztos\u00edtja, hogy \u00e1tfog\u00f3 gy\u00e1rt\u00e1si megold\u00e1st tudunk ny\u00fajtani \u00d6nnek.<\/p>\n<h3><span class=\"ez-toc-section\" id=\"We_supply_the_following_for_the_final_stage_of_assembly\"><\/span>Az \u00f6sszeszerel\u00e9s v\u00e9gs\u0151 szakasz\u00e1hoz a k\u00f6vetkez\u0151ket sz\u00e1ll\u00edtjuk:<span class=\"ez-toc-section-end\"><\/span><\/h3>\n<p>Alkatr\u00e9szek \u00f6sszeszerel\u00e9se: \u00d6ssze tudjuk rakni az alkatr\u00e9szeket, hogy egy eg\u00e9szet alkossunk. Minden alkatr\u00e9sz a k\u00edv\u00e1nt m\u00f3don fog m\u0171k\u00f6dni, \u00e9s \u00edg\u00e9rj\u00fck, hogy a v\u00e9geredm\u00e9ny jobb lesz, mint amit \u00d6n rem\u00e9lt.<\/p>\n<p>Tesztel\u00e9s: Garant\u00e1ljuk, hogy a k\u00e9szterm\u00e9k megfelel a szabv\u00e1nynak \u00e9s teljes\u00edti az \u00d6n k\u00f6vetelm\u00e9nyeit.<\/p>\n<p>Tan\u00fas\u00edtv\u00e1ny: CE, ETL vagy FCC tan\u00fas\u00edtv\u00e1nyok: Olyan elektronikai term\u00e9keket tudunk gy\u00e1rtani, amelyek megfelelnek a nemzetk\u00f6zi tan\u00fas\u00edt\u00f3 szervek, p\u00e9ld\u00e1ul a CE, ETL vagy FCC k\u00f6vetelm\u00e9nyeinek.<\/p>\n<p>Csomagol\u00e1s: \u00cdgy biztos lehet benne, hogy a k\u00e9szterm\u00e9k s\u00e9rtetlen\u00fcl \u00e9rkezik meg a c\u00e9l\u00e1llom\u00e1sra.<\/p>\n<p>A Plas.co c\u00e9lja, hogy \u00e1tfog\u00f3 szolg\u00e1ltat\u00e1sokat ny\u00fajtson \u00fcgyfeleinek, a term\u00e9kfejleszt\u00e9st\u0151l kezdve a v\u00e9gs\u0151 \u00f6sszeszerel\u00e9sig. Ha b\u00e1rmilyen k\u00e9rd\u00e9se van azzal kapcsolatban, hogyan tudunk seg\u00edteni \u00d6nnek a k\u00f6zelg\u0151 projektj\u00e9ben, k\u00e9rj\u00fck, halad\u00e9ktalanul vegye fel vel\u00fcnk a kapcsolatot.<\/p>\n<div id=\"attachment_394\" style=\"width: 4762px\" class=\"wp-caption aligncenter\"><a href=\"http:\/\/plas.co\/wp-content\/uploads\/2016\/02\/IMG_9539.jpg\"><img decoding=\"async\" aria-describedby=\"caption-attachment-394\" class=\"wp-image-394 size-full\" src=\"http:\/\/plas.co\/wp-content\/uploads\/2016\/02\/IMG_9539.jpg\" alt=\"m\u0171anyag pen\u00e9sz c\u00e9g\" width=\"4752\" height=\"3168\" srcset=\"https:\/\/plas.co\/wp-content\/uploads\/2016\/02\/IMG_9539.jpg 4752w, https:\/\/plas.co\/wp-content\/uploads\/2016\/02\/IMG_9539-300x200.jpg 300w, https:\/\/plas.co\/wp-content\/uploads\/2016\/02\/IMG_9539-768x512.jpg 768w, https:\/\/plas.co\/wp-content\/uploads\/2016\/02\/IMG_9539-1024x683.jpg 1024w\" sizes=\"(max-width: 4752px) 100vw, 4752px\" \/><\/a><p id=\"caption-attachment-394\" class=\"wp-caption-text\">m\u0171anyag pen\u00e9sz c\u00e9g<\/p><\/div>\n<\/div><\/section>","protected":false},"excerpt":{"rendered":"","protected":false},"author":1,"featured_media":836,"parent":0,"menu_order":0,"comment_status":"open","ping_status":"open","template":"","meta":{"footnotes":""},"class_list":["post-15","page","type-page","status-publish","has-post-thumbnail","hentry"],"_links":{"self":[{"href":"https:\/\/plas.co\/hu\/wp-json\/wp\/v2\/pages\/15","targetHints":{"allow":["GET"]}}],"collection":[{"href":"https:\/\/plas.co\/hu\/wp-json\/wp\/v2\/pages"}],"about":[{"href":"https:\/\/plas.co\/hu\/wp-json\/wp\/v2\/types\/page"}],"author":[{"embeddable":true,"href":"https:\/\/plas.co\/hu\/wp-json\/wp\/v2\/users\/1"}],"replies":[{"embeddable":true,"href":"https:\/\/plas.co\/hu\/wp-json\/wp\/v2\/comments?post=15"}],"version-history":[{"count":0,"href":"https:\/\/plas.co\/hu\/wp-json\/wp\/v2\/pages\/15\/revisions"}],"wp:featuredmedia":[{"embeddable":true,"href":"https:\/\/plas.co\/hu\/wp-json\/wp\/v2\/media\/836"}],"wp:attachment":[{"href":"https:\/\/plas.co\/hu\/wp-json\/wp\/v2\/media?parent=15"}],"curies":[{"name":"wp","href":"https:\/\/api.w.org\/{rel}","templated":true}]}}