{"id":17,"date":"2014-09-20T14:09:55","date_gmt":"2014-09-20T06:09:55","guid":{"rendered":"http:\/\/andy-mold.com\/?page_id=17"},"modified":"2023-02-27T23:14:40","modified_gmt":"2023-02-27T15:14:40","slug":"termekek","status":"publish","type":"page","link":"https:\/\/plas.co\/hu\/termekek\/","title":{"rendered":"Gal\u00e9ria"},"content":{"rendered":"<div  class='flex_column av-av_one_full-7714eba142aeda1f8b5272a3c372b279 av_one_full  avia-builder-el-0  avia-builder-el-no-sibling  first flex_column_div'     ><style type=\"text\/css\" data-created_by=\"avia_inline_auto\" id=\"style-css-av-lemynth5-351898bd300fd5fc01af177675309cb2\">\n#top .avia-gallery.av-lemynth5-351898bd300fd5fc01af177675309cb2 .avia-gallery-thumb a{\nwidth:33.3333%;\n}\n<\/style>\n<div  class='avia-gallery av-lemynth5-351898bd300fd5fc01af177675309cb2 avia_animate_when_visible  avia-builder-el-1  avia-builder-el-no-sibling  avia_lazyload avia-gallery-animate avia-gallery-1'  itemprop=\"image\" itemscope=\"itemscope\" itemtype=\"https:\/\/schema.org\/ImageObject\" ><meta itemprop=\"contentURL\" content=\"https:\/\/plas.co\/hu\/termekek\/\"><div class='avia-gallery-thumb'><a href=\"https:\/\/plas.co\/wp-content\/uploads\/2016\/02\/Plastic-molding-0012-1.jpg\" data-srcset=\"https:\/\/plas.co\/wp-content\/uploads\/2016\/02\/Plastic-molding-0012-1.jpg 900w, https:\/\/plas.co\/wp-content\/uploads\/2016\/02\/Plastic-molding-0012-1-300x200.jpg 300w, https:\/\/plas.co\/wp-content\/uploads\/2016\/02\/Plastic-molding-0012-1-768x512.jpg 768w\" data-sizes=\"(max-width: 900px) 100vw, 900px\" data-rel='gallery-1' data-prev-img='https:\/\/plas.co\/wp-content\/uploads\/2016\/02\/Plastic-molding-0012-1.jpg' class='first_thumb lightbox' data-onclick='1' title='M\u0171anyag \u00f6ntv\u00e9ny-0012'  itemprop=\"thumbnailUrl\"  ><img decoding=\"async\" fetchpriority=\"high\" class=\"wp-image-588 avia-img-lazy-loading-not-588\"   src=\"https:\/\/plas.co\/wp-content\/uploads\/2016\/02\/Plastic-molding-0012-1.jpg\" width=\"495\" height=\"330\"  title='M\u0171anyag \u00f6ntv\u00e9ny-0012' alt='' srcset=\"https:\/\/plas.co\/wp-content\/uploads\/2016\/02\/Plastic-molding-0012-1.jpg 900w, https:\/\/plas.co\/wp-content\/uploads\/2016\/02\/Plastic-molding-0012-1-300x200.jpg 300w, https:\/\/plas.co\/wp-content\/uploads\/2016\/02\/Plastic-molding-0012-1-768x512.jpg 768w\" sizes=\"(max-width: 495px) 100vw, 495px\" \/><div class='big-prev-fake'><img decoding=\"async\" loading=\"lazy\" class=\"wp-image-588 avia-img-lazy-loading-588\"  width=\"495\" height=\"330\" src=\"https:\/\/plas.co\/wp-content\/uploads\/2016\/02\/Plastic-molding-0012-1.jpg\" title='M\u0171anyag \u00f6ntv\u00e9ny-0012' alt='' srcset=\"https:\/\/plas.co\/wp-content\/uploads\/2016\/02\/Plastic-molding-0012-1.jpg 900w, https:\/\/plas.co\/wp-content\/uploads\/2016\/02\/Plastic-molding-0012-1-300x200.jpg 300w, https:\/\/plas.co\/wp-content\/uploads\/2016\/02\/Plastic-molding-0012-1-768x512.jpg 768w\" sizes=\"auto, (max-width: 495px) 100vw, 495px\" \/><\/div><\/a><a href=\"https:\/\/plas.co\/wp-content\/uploads\/2016\/02\/Plastic-molding-044-1.jpg\" data-srcset=\"https:\/\/plas.co\/wp-content\/uploads\/2016\/02\/Plastic-molding-044-1.jpg 900w, https:\/\/plas.co\/wp-content\/uploads\/2016\/02\/Plastic-molding-044-1-300x200.jpg 300w, https:\/\/plas.co\/wp-content\/uploads\/2016\/02\/Plastic-molding-044-1-768x512.jpg 768w\" data-sizes=\"(max-width: 900px) 100vw, 900px\" data-rel='gallery-1' data-prev-img='https:\/\/plas.co\/wp-content\/uploads\/2016\/02\/Plastic-molding-044-1.jpg' class='lightbox' data-onclick='2' title='M\u0171anyag \u00f6ntv\u00e9ny-044'  itemprop=\"thumbnailUrl\"  ><img decoding=\"async\" fetchpriority=\"high\" class=\"wp-image-587 avia-img-lazy-loading-not-587\"   src=\"https:\/\/plas.co\/wp-content\/uploads\/2016\/02\/Plastic-molding-044-1.jpg\" width=\"495\" height=\"330\"  title='M\u0171anyag \u00f6ntv\u00e9ny-044' alt='' srcset=\"https:\/\/plas.co\/wp-content\/uploads\/2016\/02\/Plastic-molding-044-1.jpg 900w, https:\/\/plas.co\/wp-content\/uploads\/2016\/02\/Plastic-molding-044-1-300x200.jpg 300w, https:\/\/plas.co\/wp-content\/uploads\/2016\/02\/Plastic-molding-044-1-768x512.jpg 768w\" sizes=\"(max-width: 495px) 100vw, 495px\" \/><div class='big-prev-fake'><img decoding=\"async\" loading=\"lazy\" class=\"wp-image-587 avia-img-lazy-loading-587\"  width=\"495\" height=\"330\" src=\"https:\/\/plas.co\/wp-content\/uploads\/2016\/02\/Plastic-molding-044-1.jpg\" title='M\u0171anyag \u00f6ntv\u00e9ny-044' alt='' srcset=\"https:\/\/plas.co\/wp-content\/uploads\/2016\/02\/Plastic-molding-044-1.jpg 900w, https:\/\/plas.co\/wp-content\/uploads\/2016\/02\/Plastic-molding-044-1-300x200.jpg 300w, https:\/\/plas.co\/wp-content\/uploads\/2016\/02\/Plastic-molding-044-1-768x512.jpg 768w\" sizes=\"auto, (max-width: 495px) 100vw, 495px\" \/><\/div><\/a><a href=\"https:\/\/plas.co\/wp-content\/uploads\/2016\/02\/small-slider-02.gif\" data-rel='gallery-1' data-prev-img='https:\/\/plas.co\/wp-content\/uploads\/2016\/02\/small-slider-02.gif' class='lightbox' data-onclick='3' title='kis cs\u00faszda-02'  itemprop=\"thumbnailUrl\"  ><img decoding=\"async\" fetchpriority=\"high\" class=\"wp-image-601 avia-img-lazy-loading-not-601\"   src=\"https:\/\/plas.co\/wp-content\/uploads\/2016\/02\/small-slider-02.gif\" width=\"201\" height=\"159\"  title='kis cs\u00faszda-02' alt='' \/><div class='big-prev-fake'><img decoding=\"async\" loading=\"lazy\" class=\"wp-image-601 avia-img-lazy-loading-601\"  width=\"201\" height=\"159\" src=\"https:\/\/plas.co\/wp-content\/uploads\/2016\/02\/small-slider-02.gif\" title='kis cs\u00faszda-02' alt='' \/><\/div><\/a><a href=\"https:\/\/plas.co\/wp-content\/uploads\/2016\/02\/Home-appliance-03-1024x577.jpg\" data-srcset=\"https:\/\/plas.co\/wp-content\/uploads\/2016\/02\/Home-appliance-03-1024x577.jpg 1024w, https:\/\/plas.co\/wp-content\/uploads\/2016\/02\/Home-appliance-03-300x169.jpg 300w, https:\/\/plas.co\/wp-content\/uploads\/2016\/02\/Home-appliance-03-768x433.jpg 768w, https:\/\/plas.co\/wp-content\/uploads\/2016\/02\/Home-appliance-03.jpg 1065w\" data-sizes=\"(max-width: 1024px) 100vw, 1024px\" data-rel='gallery-1' data-prev-img='https:\/\/plas.co\/wp-content\/uploads\/2016\/02\/Home-appliance-03.jpg' class='first_thumb lightbox' data-onclick='4' title='Otthoni k\u00e9sz\u00fcl\u00e9k-03'  itemprop=\"thumbnailUrl\"  ><img decoding=\"async\" fetchpriority=\"high\" class=\"wp-image-593 avia-img-lazy-loading-not-593\"   src=\"https:\/\/plas.co\/wp-content\/uploads\/2016\/02\/Home-appliance-03.jpg\" width=\"495\" height=\"279\"  title='Otthoni k\u00e9sz\u00fcl\u00e9k-03' alt='' srcset=\"https:\/\/plas.co\/wp-content\/uploads\/2016\/02\/Home-appliance-03.jpg 1065w, https:\/\/plas.co\/wp-content\/uploads\/2016\/02\/Home-appliance-03-300x169.jpg 300w, https:\/\/plas.co\/wp-content\/uploads\/2016\/02\/Home-appliance-03-768x433.jpg 768w, https:\/\/plas.co\/wp-content\/uploads\/2016\/02\/Home-appliance-03-1024x577.jpg 1024w\" sizes=\"(max-width: 495px) 100vw, 495px\" \/><div class='big-prev-fake'><img decoding=\"async\" loading=\"lazy\" class=\"wp-image-593 avia-img-lazy-loading-593\"  width=\"495\" height=\"279\" src=\"https:\/\/plas.co\/wp-content\/uploads\/2016\/02\/Home-appliance-03.jpg\" title='Otthoni k\u00e9sz\u00fcl\u00e9k-03' alt='' srcset=\"https:\/\/plas.co\/wp-content\/uploads\/2016\/02\/Home-appliance-03.jpg 1065w, https:\/\/plas.co\/wp-content\/uploads\/2016\/02\/Home-appliance-03-300x169.jpg 300w, https:\/\/plas.co\/wp-content\/uploads\/2016\/02\/Home-appliance-03-768x433.jpg 768w, https:\/\/plas.co\/wp-content\/uploads\/2016\/02\/Home-appliance-03-1024x577.jpg 1024w\" sizes=\"auto, (max-width: 495px) 100vw, 495px\" \/><\/div><\/a><a href=\"https:\/\/plas.co\/wp-content\/uploads\/2016\/02\/RIMG0195.jpg\" data-srcset=\"https:\/\/plas.co\/wp-content\/uploads\/2016\/02\/RIMG0195.jpg 800w, https:\/\/plas.co\/wp-content\/uploads\/2016\/02\/RIMG0195-300x225.jpg 300w, https:\/\/plas.co\/wp-content\/uploads\/2016\/02\/RIMG0195-768x576.jpg 768w\" data-sizes=\"(max-width: 800px) 100vw, 800px\" data-rel='gallery-1' data-prev-img='https:\/\/plas.co\/wp-content\/uploads\/2016\/02\/RIMG0195.jpg' class='lightbox' data-onclick='5' title='Exif_JPEG_PICTURE'  itemprop=\"thumbnailUrl\"  ><img decoding=\"async\" fetchpriority=\"high\" class=\"wp-image-537 avia-img-lazy-loading-not-537\"  data-avia-tooltip='Exif_JPEG_PICTURE' src=\"https:\/\/plas.co\/wp-content\/uploads\/2016\/02\/RIMG0195.jpg\" width=\"495\" height=\"371\"  title='Exif_JPEG_PICTURE' alt='m\u0171anyag fr\u00f6ccs\u00f6nt\u00e9s' srcset=\"https:\/\/plas.co\/wp-content\/uploads\/2016\/02\/RIMG0195.jpg 800w, https:\/\/plas.co\/wp-content\/uploads\/2016\/02\/RIMG0195-300x225.jpg 300w, https:\/\/plas.co\/wp-content\/uploads\/2016\/02\/RIMG0195-768x576.jpg 768w\" sizes=\"(max-width: 495px) 100vw, 495px\" \/><div class='big-prev-fake'><img decoding=\"async\" loading=\"lazy\" class=\"wp-image-537 avia-img-lazy-loading-537\"  width=\"495\" height=\"371\" src=\"https:\/\/plas.co\/wp-content\/uploads\/2016\/02\/RIMG0195.jpg\" title='Exif_JPEG_PICTURE' alt='m\u0171anyag fr\u00f6ccs\u00f6nt\u00e9s' srcset=\"https:\/\/plas.co\/wp-content\/uploads\/2016\/02\/RIMG0195.jpg 800w, https:\/\/plas.co\/wp-content\/uploads\/2016\/02\/RIMG0195-300x225.jpg 300w, https:\/\/plas.co\/wp-content\/uploads\/2016\/02\/RIMG0195-768x576.jpg 768w\" sizes=\"auto, (max-width: 495px) 100vw, 495px\" \/><\/div><\/a><a href=\"https:\/\/plas.co\/wp-content\/uploads\/2016\/02\/RIMG0171.jpg\" data-srcset=\"https:\/\/plas.co\/wp-content\/uploads\/2016\/02\/RIMG0171.jpg 800w, https:\/\/plas.co\/wp-content\/uploads\/2016\/02\/RIMG0171-300x225.jpg 300w, https:\/\/plas.co\/wp-content\/uploads\/2016\/02\/RIMG0171-768x576.jpg 768w\" data-sizes=\"(max-width: 800px) 100vw, 800px\" data-rel='gallery-1' data-prev-img='https:\/\/plas.co\/wp-content\/uploads\/2016\/02\/RIMG0171.jpg' class='lightbox' data-onclick='6' title='Exif_JPEG_PICTURE'  itemprop=\"thumbnailUrl\"  ><img decoding=\"async\" fetchpriority=\"high\" class=\"wp-image-536 avia-img-lazy-loading-not-536\"  data-avia-tooltip='Exif_JPEG_PICTURE' src=\"https:\/\/plas.co\/wp-content\/uploads\/2016\/02\/RIMG0171.jpg\" width=\"495\" height=\"371\"  title='Exif_JPEG_PICTURE' alt='' srcset=\"https:\/\/plas.co\/wp-content\/uploads\/2016\/02\/RIMG0171.jpg 800w, https:\/\/plas.co\/wp-content\/uploads\/2016\/02\/RIMG0171-300x225.jpg 300w, https:\/\/plas.co\/wp-content\/uploads\/2016\/02\/RIMG0171-768x576.jpg 768w\" sizes=\"(max-width: 495px) 100vw, 495px\" \/><div class='big-prev-fake'><img decoding=\"async\" loading=\"lazy\" class=\"wp-image-536 avia-img-lazy-loading-536\"  width=\"495\" height=\"371\" src=\"https:\/\/plas.co\/wp-content\/uploads\/2016\/02\/RIMG0171.jpg\" title='Exif_JPEG_PICTURE' alt='' srcset=\"https:\/\/plas.co\/wp-content\/uploads\/2016\/02\/RIMG0171.jpg 800w, https:\/\/plas.co\/wp-content\/uploads\/2016\/02\/RIMG0171-300x225.jpg 300w, https:\/\/plas.co\/wp-content\/uploads\/2016\/02\/RIMG0171-768x576.jpg 768w\" sizes=\"auto, (max-width: 495px) 100vw, 495px\" \/><\/div><\/a><a href=\"https:\/\/plas.co\/wp-content\/uploads\/2016\/02\/Plastic-molding-044.jpg\" data-srcset=\"https:\/\/plas.co\/wp-content\/uploads\/2016\/02\/Plastic-molding-044.jpg 900w, https:\/\/plas.co\/wp-content\/uploads\/2016\/02\/Plastic-molding-044-300x200.jpg 300w, https:\/\/plas.co\/wp-content\/uploads\/2016\/02\/Plastic-molding-044-768x512.jpg 768w\" data-sizes=\"(max-width: 900px) 100vw, 900px\" data-rel='gallery-1' data-prev-img='https:\/\/plas.co\/wp-content\/uploads\/2016\/02\/Plastic-molding-044.jpg' class='first_thumb lightbox' data-onclick='7' title='Otthoni k\u00e9sz\u00fcl\u00e9k Pen\u00e9sz'  itemprop=\"thumbnailUrl\"  ><img decoding=\"async\" fetchpriority=\"high\" class=\"wp-image-525 avia-img-lazy-loading-not-525\"   src=\"https:\/\/plas.co\/wp-content\/uploads\/2016\/02\/Plastic-molding-044.jpg\" width=\"495\" height=\"330\"  title='Otthoni k\u00e9sz\u00fcl\u00e9k Pen\u00e9sz' alt='Otthoni k\u00e9sz\u00fcl\u00e9k Pen\u00e9sz' srcset=\"https:\/\/plas.co\/wp-content\/uploads\/2016\/02\/Plastic-molding-044.jpg 900w, https:\/\/plas.co\/wp-content\/uploads\/2016\/02\/Plastic-molding-044-300x200.jpg 300w, https:\/\/plas.co\/wp-content\/uploads\/2016\/02\/Plastic-molding-044-768x512.jpg 768w\" sizes=\"(max-width: 495px) 100vw, 495px\" \/><div class='big-prev-fake'><img decoding=\"async\" loading=\"lazy\" class=\"wp-image-525 avia-img-lazy-loading-525\"  width=\"495\" height=\"330\" src=\"https:\/\/plas.co\/wp-content\/uploads\/2016\/02\/Plastic-molding-044.jpg\" title='Otthoni k\u00e9sz\u00fcl\u00e9k Pen\u00e9sz' alt='Otthoni k\u00e9sz\u00fcl\u00e9k Pen\u00e9sz' srcset=\"https:\/\/plas.co\/wp-content\/uploads\/2016\/02\/Plastic-molding-044.jpg 900w, https:\/\/plas.co\/wp-content\/uploads\/2016\/02\/Plastic-molding-044-300x200.jpg 300w, https:\/\/plas.co\/wp-content\/uploads\/2016\/02\/Plastic-molding-044-768x512.jpg 768w\" sizes=\"auto, (max-width: 495px) 100vw, 495px\" \/><\/div><\/a><a href=\"https:\/\/plas.co\/wp-content\/uploads\/2016\/02\/Plastic-molding-045.jpg\" data-srcset=\"https:\/\/plas.co\/wp-content\/uploads\/2016\/02\/Plastic-molding-045.jpg 900w, https:\/\/plas.co\/wp-content\/uploads\/2016\/02\/Plastic-molding-045-300x200.jpg 300w, https:\/\/plas.co\/wp-content\/uploads\/2016\/02\/Plastic-molding-045-768x512.jpg 768w\" data-sizes=\"(max-width: 900px) 100vw, 900px\" data-rel='gallery-1' data-prev-img='https:\/\/plas.co\/wp-content\/uploads\/2016\/02\/Plastic-molding-045.jpg' class='lightbox' data-onclick='8' title='M\u0171anyag \u00f6ntv\u00e9ny-045'  itemprop=\"thumbnailUrl\"  ><img decoding=\"async\" fetchpriority=\"high\" class=\"wp-image-526 avia-img-lazy-loading-not-526\"   src=\"https:\/\/plas.co\/wp-content\/uploads\/2016\/02\/Plastic-molding-045.jpg\" width=\"495\" height=\"330\"  title='M\u0171anyag \u00f6ntv\u00e9ny-045' alt='' srcset=\"https:\/\/plas.co\/wp-content\/uploads\/2016\/02\/Plastic-molding-045.jpg 900w, https:\/\/plas.co\/wp-content\/uploads\/2016\/02\/Plastic-molding-045-300x200.jpg 300w, https:\/\/plas.co\/wp-content\/uploads\/2016\/02\/Plastic-molding-045-768x512.jpg 768w\" sizes=\"(max-width: 495px) 100vw, 495px\" \/><div class='big-prev-fake'><img decoding=\"async\" loading=\"lazy\" class=\"wp-image-526 avia-img-lazy-loading-526\"  width=\"495\" height=\"330\" src=\"https:\/\/plas.co\/wp-content\/uploads\/2016\/02\/Plastic-molding-045.jpg\" title='M\u0171anyag \u00f6ntv\u00e9ny-045' alt='' srcset=\"https:\/\/plas.co\/wp-content\/uploads\/2016\/02\/Plastic-molding-045.jpg 900w, https:\/\/plas.co\/wp-content\/uploads\/2016\/02\/Plastic-molding-045-300x200.jpg 300w, https:\/\/plas.co\/wp-content\/uploads\/2016\/02\/Plastic-molding-045-768x512.jpg 768w\" sizes=\"auto, (max-width: 495px) 100vw, 495px\" \/><\/div><\/a><a href=\"https:\/\/plas.co\/wp-content\/uploads\/2016\/02\/Plastic-molding-046.jpg\" data-srcset=\"https:\/\/plas.co\/wp-content\/uploads\/2016\/02\/Plastic-molding-046.jpg 900w, https:\/\/plas.co\/wp-content\/uploads\/2016\/02\/Plastic-molding-046-300x200.jpg 300w, https:\/\/plas.co\/wp-content\/uploads\/2016\/02\/Plastic-molding-046-768x512.jpg 768w\" data-sizes=\"(max-width: 900px) 100vw, 900px\" data-rel='gallery-1' data-prev-img='https:\/\/plas.co\/wp-content\/uploads\/2016\/02\/Plastic-molding-046.jpg' class='lightbox' data-onclick='9' title='M\u0171anyag \u00f6ntv\u00e9ny-046'  itemprop=\"thumbnailUrl\"  ><img decoding=\"async\" fetchpriority=\"high\" class=\"wp-image-527 avia-img-lazy-loading-not-527\"   src=\"https:\/\/plas.co\/wp-content\/uploads\/2016\/02\/Plastic-molding-046.jpg\" width=\"495\" height=\"330\"  title='M\u0171anyag \u00f6ntv\u00e9ny-046' alt='' srcset=\"https:\/\/plas.co\/wp-content\/uploads\/2016\/02\/Plastic-molding-046.jpg 900w, https:\/\/plas.co\/wp-content\/uploads\/2016\/02\/Plastic-molding-046-300x200.jpg 300w, https:\/\/plas.co\/wp-content\/uploads\/2016\/02\/Plastic-molding-046-768x512.jpg 768w\" sizes=\"(max-width: 495px) 100vw, 495px\" \/><div class='big-prev-fake'><img decoding=\"async\" loading=\"lazy\" class=\"wp-image-527 avia-img-lazy-loading-527\"  width=\"495\" height=\"330\" src=\"https:\/\/plas.co\/wp-content\/uploads\/2016\/02\/Plastic-molding-046.jpg\" title='M\u0171anyag \u00f6ntv\u00e9ny-046' alt='' srcset=\"https:\/\/plas.co\/wp-content\/uploads\/2016\/02\/Plastic-molding-046.jpg 900w, https:\/\/plas.co\/wp-content\/uploads\/2016\/02\/Plastic-molding-046-300x200.jpg 300w, https:\/\/plas.co\/wp-content\/uploads\/2016\/02\/Plastic-molding-046-768x512.jpg 768w\" sizes=\"auto, (max-width: 495px) 100vw, 495px\" \/><\/div><\/a><a href=\"https:\/\/plas.co\/wp-content\/uploads\/2016\/02\/Plastic-molding-032.jpg\" data-srcset=\"https:\/\/plas.co\/wp-content\/uploads\/2016\/02\/Plastic-molding-032.jpg 900w, https:\/\/plas.co\/wp-content\/uploads\/2016\/02\/Plastic-molding-032-300x200.jpg 300w, https:\/\/plas.co\/wp-content\/uploads\/2016\/02\/Plastic-molding-032-768x512.jpg 768w\" data-sizes=\"(max-width: 900px) 100vw, 900px\" data-rel='gallery-1' data-prev-img='https:\/\/plas.co\/wp-content\/uploads\/2016\/02\/Plastic-molding-032.jpg' class='first_thumb lightbox' data-onclick='10' title='M\u0171anyag \u00f6ntv\u00e9ny-032'  itemprop=\"thumbnailUrl\"  ><img decoding=\"async\" fetchpriority=\"high\" class=\"wp-image-514 avia-img-lazy-loading-not-514\"   src=\"https:\/\/plas.co\/wp-content\/uploads\/2016\/02\/Plastic-molding-032.jpg\" width=\"495\" height=\"330\"  title='M\u0171anyag \u00f6ntv\u00e9ny-032' alt='M\u0171anyag \u00f6nt\u00e9s' srcset=\"https:\/\/plas.co\/wp-content\/uploads\/2016\/02\/Plastic-molding-032.jpg 900w, https:\/\/plas.co\/wp-content\/uploads\/2016\/02\/Plastic-molding-032-300x200.jpg 300w, https:\/\/plas.co\/wp-content\/uploads\/2016\/02\/Plastic-molding-032-768x512.jpg 768w\" sizes=\"(max-width: 495px) 100vw, 495px\" \/><div class='big-prev-fake'><img decoding=\"async\" loading=\"lazy\" class=\"wp-image-514 avia-img-lazy-loading-514\"  width=\"495\" height=\"330\" src=\"https:\/\/plas.co\/wp-content\/uploads\/2016\/02\/Plastic-molding-032.jpg\" title='M\u0171anyag \u00f6ntv\u00e9ny-032' alt='M\u0171anyag \u00f6nt\u00e9s' srcset=\"https:\/\/plas.co\/wp-content\/uploads\/2016\/02\/Plastic-molding-032.jpg 900w, https:\/\/plas.co\/wp-content\/uploads\/2016\/02\/Plastic-molding-032-300x200.jpg 300w, https:\/\/plas.co\/wp-content\/uploads\/2016\/02\/Plastic-molding-032-768x512.jpg 768w\" sizes=\"auto, (max-width: 495px) 100vw, 495px\" \/><\/div><\/a><a href=\"https:\/\/plas.co\/wp-content\/uploads\/2016\/02\/Plastic-molding-022.jpg\" data-srcset=\"https:\/\/plas.co\/wp-content\/uploads\/2016\/02\/Plastic-molding-022.jpg 900w, https:\/\/plas.co\/wp-content\/uploads\/2016\/02\/Plastic-molding-022-300x200.jpg 300w, https:\/\/plas.co\/wp-content\/uploads\/2016\/02\/Plastic-molding-022-768x512.jpg 768w\" data-sizes=\"(max-width: 900px) 100vw, 900px\" data-rel='gallery-1' data-prev-img='https:\/\/plas.co\/wp-content\/uploads\/2016\/02\/Plastic-molding-022.jpg' class='lightbox' data-onclick='11' title='M\u0171anyag \u00f6ntv\u00e9ny-022'  itemprop=\"thumbnailUrl\"  ><img decoding=\"async\" fetchpriority=\"high\" class=\"wp-image-505 avia-img-lazy-loading-not-505\"   src=\"https:\/\/plas.co\/wp-content\/uploads\/2016\/02\/Plastic-molding-022.jpg\" width=\"495\" height=\"330\"  title='M\u0171anyag \u00f6ntv\u00e9ny-022' alt='' srcset=\"https:\/\/plas.co\/wp-content\/uploads\/2016\/02\/Plastic-molding-022.jpg 900w, https:\/\/plas.co\/wp-content\/uploads\/2016\/02\/Plastic-molding-022-300x200.jpg 300w, https:\/\/plas.co\/wp-content\/uploads\/2016\/02\/Plastic-molding-022-768x512.jpg 768w\" sizes=\"(max-width: 495px) 100vw, 495px\" \/><div class='big-prev-fake'><img decoding=\"async\" loading=\"lazy\" class=\"wp-image-505 avia-img-lazy-loading-505\"  width=\"495\" height=\"330\" src=\"https:\/\/plas.co\/wp-content\/uploads\/2016\/02\/Plastic-molding-022.jpg\" title='M\u0171anyag \u00f6ntv\u00e9ny-022' alt='' srcset=\"https:\/\/plas.co\/wp-content\/uploads\/2016\/02\/Plastic-molding-022.jpg 900w, https:\/\/plas.co\/wp-content\/uploads\/2016\/02\/Plastic-molding-022-300x200.jpg 300w, https:\/\/plas.co\/wp-content\/uploads\/2016\/02\/Plastic-molding-022-768x512.jpg 768w\" sizes=\"auto, (max-width: 495px) 100vw, 495px\" \/><\/div><\/a><a href=\"https:\/\/plas.co\/wp-content\/uploads\/2020\/03\/silicone-molded-products.jpg\" data-srcset=\"https:\/\/plas.co\/wp-content\/uploads\/2020\/03\/silicone-molded-products.jpg 367w, https:\/\/plas.co\/wp-content\/uploads\/2020\/03\/silicone-molded-products-300x225.jpg 300w\" data-sizes=\"(max-width: 367px) 100vw, 367px\" data-rel='gallery-1' data-prev-img='https:\/\/plas.co\/wp-content\/uploads\/2020\/03\/silicone-molded-products.jpg' class='lightbox' data-onclick='12' title='szilikonb\u00f3l \u00f6nt\u00f6tt term\u00e9kek'  itemprop=\"thumbnailUrl\"  ><img decoding=\"async\" fetchpriority=\"high\" class=\"wp-image-730 avia-img-lazy-loading-not-730\"  data-avia-tooltip='silicone molded products' src=\"https:\/\/plas.co\/wp-content\/uploads\/2020\/03\/silicone-molded-products.jpg\" width=\"367\" height=\"275\"  title='szilikonb\u00f3l \u00f6nt\u00f6tt term\u00e9kek' alt='szilikonb\u00f3l \u00f6nt\u00f6tt term\u00e9kek' srcset=\"https:\/\/plas.co\/wp-content\/uploads\/2020\/03\/silicone-molded-products.jpg 367w, https:\/\/plas.co\/wp-content\/uploads\/2020\/03\/silicone-molded-products-300x225.jpg 300w\" sizes=\"(max-width: 367px) 100vw, 367px\" \/><div class='big-prev-fake'><img decoding=\"async\" loading=\"lazy\" class=\"wp-image-730 avia-img-lazy-loading-730\"  width=\"367\" height=\"275\" src=\"https:\/\/plas.co\/wp-content\/uploads\/2020\/03\/silicone-molded-products.jpg\" title='szilikonb\u00f3l \u00f6nt\u00f6tt term\u00e9kek' alt='szilikonb\u00f3l \u00f6nt\u00f6tt term\u00e9kek' srcset=\"https:\/\/plas.co\/wp-content\/uploads\/2020\/03\/silicone-molded-products.jpg 367w, https:\/\/plas.co\/wp-content\/uploads\/2020\/03\/silicone-molded-products-300x225.jpg 300w\" sizes=\"auto, (max-width: 367px) 100vw, 367px\" \/><\/div><\/a><\/div><\/div><\/div>","protected":false},"excerpt":{"rendered":"","protected":false},"author":1,"featured_media":0,"parent":0,"menu_order":0,"comment_status":"open","ping_status":"open","template":"","meta":{"footnotes":""},"class_list":["post-17","page","type-page","status-publish","hentry"],"_links":{"self":[{"href":"https:\/\/plas.co\/hu\/wp-json\/wp\/v2\/pages\/17","targetHints":{"allow":["GET"]}}],"collection":[{"href":"https:\/\/plas.co\/hu\/wp-json\/wp\/v2\/pages"}],"about":[{"href":"https:\/\/plas.co\/hu\/wp-json\/wp\/v2\/types\/page"}],"author":[{"embeddable":true,"href":"https:\/\/plas.co\/hu\/wp-json\/wp\/v2\/users\/1"}],"replies":[{"embeddable":true,"href":"https:\/\/plas.co\/hu\/wp-json\/wp\/v2\/comments?post=17"}],"version-history":[{"count":0,"href":"https:\/\/plas.co\/hu\/wp-json\/wp\/v2\/pages\/17\/revisions"}],"wp:attachment":[{"href":"https:\/\/plas.co\/hu\/wp-json\/wp\/v2\/media?parent=17"}],"curies":[{"name":"wp","href":"https:\/\/api.w.org\/{rel}","templated":true}]}}