{"id":22,"date":"2014-09-20T14:35:50","date_gmt":"2014-09-20T06:35:50","guid":{"rendered":"http:\/\/andy-mold.com\/?page_id=22"},"modified":"2020-01-04T00:41:06","modified_gmt":"2020-01-03T16:41:06","slug":"mernoki-tevekenyseg","status":"publish","type":"page","link":"https:\/\/plas.co\/hu\/mernoki-tevekenyseg\/","title":{"rendered":"M\u00e9rn\u00f6ki tev\u00e9kenys\u00e9g"},"content":{"rendered":"<p><strong>A <\/strong>A j\u00f3 tervez\u00e9s a szersz\u00e1m sz\u00edve, \u00e9s az Andy Mould k\u00fcl\u00f6n\u00f6s figyelmet ford\u00edt a szersz\u00e1mszerkezetre, a h\u0171t\u0151csatorn\u00e1kra \u00e9s a mozg\u00f3 mechanizmusokra, hogy a szersz\u00e1mb\u00f3l a lehet\u0151 legjobb min\u0151s\u00e9g\u0171 alkatr\u00e9szek ker\u00fcljenek ki a minim\u00e1lis ciklus mellett. Az Andy Mould tapasztalt m\u00e9rn\u00f6kei j\u00f3 \u00e9s olcs\u00f3 szersz\u00e1mtervez\u00e9st v\u00e9geznek, \u00e9s seg\u00edtenek az \u00fcgyf\u00e9lnek megoldani a term\u00e9kek szerkezet\u00e9vel \u00e9s funkci\u00f3j\u00e1val kapcsolatos probl\u00e9m\u00e1kat.<\/p>\n<p>szakmai javaslatok az \u00faj term\u00e9kfejleszt\u00e9shez.<\/p>\n<p>Az \u00e1ltalunk haszn\u00e1lt szoftver<br \/>\nAuto CAD, Pro\/E, UG, Solid works,<\/p>\n<p>A szersz\u00e1mtervez\u00e9si id\u0151szak alatt szersz\u00e1m\u00e1raml\u00e1s-elemz\u00e9st is v\u00e9gz\u00fcnk.<br \/>\nSzersz\u00e1mtervez\u00e9si elj\u00e1r\u00e1s<\/p>\n<p>1. Tal\u00e1lkoz\u00f3 a tervez\u00e9s el\u0151tt<\/p>\n<p>2. K\u00e9sz\u00edtsen tervez\u00e9st a k\u00f6vetkeztet\u00e9snek megfelel\u0151en, \u00e9s ellen\u0151rizze a tervez\u00e9si vezet\u0151 \u00e1ltal<\/p>\n<p>3. K\u00fcldje el az \u00fcgyf\u00e9lnek, hogy meger\u0151s\u00edtse \u00e9s elemezze<\/p>\n<p>4. Megbesz\u00e9l\u00e9s az \u00fcgyf\u00e9llel, ha b\u00e1rmilyen probl\u00e9ma mer\u00fcl fel<\/p>\n<p>5. A j\u00f3v\u00e1hagyott v\u00e9gleges terv elk\u00e9sz\u00edt\u00e9se ut\u00e1n<\/p>\n<p><img decoding=\"async\" class=\"alignleft wp-image-405 size-full\" src=\"http:\/\/plas.co\/wp-content\/uploads\/2014\/09\/IMG_1560.jpg\" alt=\"Tervez\u00e9si oszt\u00e1ly\" width=\"1152\" height=\"768\" srcset=\"https:\/\/plas.co\/wp-content\/uploads\/2014\/09\/IMG_1560.jpg 1152w, https:\/\/plas.co\/wp-content\/uploads\/2014\/09\/IMG_1560-300x200.jpg 300w, https:\/\/plas.co\/wp-content\/uploads\/2014\/09\/IMG_1560-768x512.jpg 768w, https:\/\/plas.co\/wp-content\/uploads\/2014\/09\/IMG_1560-1024x683.jpg 1024w\" sizes=\"(max-width: 1152px) 100vw, 1152px\" \/><\/p>","protected":false},"excerpt":{"rendered":"<p>A good design is the heart of a mould, and Andy Mould pays special attention to the mould construction, cooling channels and moving mechanisms to ensure the highest quality parts are delivered from your mould at the minimum cycle. The\u00a0experienced\u00a0engineers\u00a0from\u00a0Andy Mould\u00a0would\u00a0make\u00a0the\u00a0good\u00a0and\u00a0low cost\u00a0mold\u00a0design\u00a0\u00a0and\u00a0help\u00a0customer\u00a0to\u00a0solve\u00a0the\u00a0issues\u00a0in\u00a0structure\u00a0and\u00a0function\u00a0to\u00a0the\u00a0products,\u00a0also professional \u00a0suggestions\u00a0to\u00a0your\u00a0new\u00a0product\u00a0development. Software\u00a0we\u00a0using Auto\u00a0CAD,\u00a0Pro\/E,\u00a0UG,\u00a0Solid works, We also do Mold flow Analysis during our [&hellip;]<\/p>\n","protected":false},"author":1,"featured_media":0,"parent":0,"menu_order":0,"comment_status":"open","ping_status":"open","template":"","meta":{"footnotes":""},"class_list":["post-22","page","type-page","status-publish","hentry"],"_links":{"self":[{"href":"https:\/\/plas.co\/hu\/wp-json\/wp\/v2\/pages\/22","targetHints":{"allow":["GET"]}}],"collection":[{"href":"https:\/\/plas.co\/hu\/wp-json\/wp\/v2\/pages"}],"about":[{"href":"https:\/\/plas.co\/hu\/wp-json\/wp\/v2\/types\/page"}],"author":[{"embeddable":true,"href":"https:\/\/plas.co\/hu\/wp-json\/wp\/v2\/users\/1"}],"replies":[{"embeddable":true,"href":"https:\/\/plas.co\/hu\/wp-json\/wp\/v2\/comments?post=22"}],"version-history":[{"count":0,"href":"https:\/\/plas.co\/hu\/wp-json\/wp\/v2\/pages\/22\/revisions"}],"wp:attachment":[{"href":"https:\/\/plas.co\/hu\/wp-json\/wp\/v2\/media?parent=22"}],"curies":[{"name":"wp","href":"https:\/\/api.w.org\/{rel}","templated":true}]}}