{"id":24,"date":"2014-09-20T14:37:02","date_gmt":"2014-09-20T06:37:02","guid":{"rendered":"http:\/\/andy-mold.com\/?page_id=24"},"modified":"2016-02-14T14:16:27","modified_gmt":"2016-02-14T06:16:27","slug":"minoseg","status":"publish","type":"page","link":"https:\/\/plas.co\/hu\/minoseg\/","title":{"rendered":"Min\u0151s\u00e9g"},"content":{"rendered":"<p><b>Min\u0151s\u00e9g\u00fcnk:<\/b><\/p>\n<p>Elk\u00f6telezettek vagyunk term\u00e9keink min\u0151s\u00e9g\u00e9nek biztos\u00edt\u00e1sa \u00e9s fejleszt\u00e9se mellett. Ellent\u00e9tben sok versenyt\u00e1rsunkkal, magas min\u0151s\u00e9g\u0171 term\u00e9keket \u00e9s min\u0151s\u00e9gi szolg\u00e1ltat\u00e1st ny\u00fajtunk, hogy megfeleljen vagy meghaladja az \u00fcgyfelek elv\u00e1r\u00e1sait.<\/p>\n<p>ISO 900l-2000 tan\u00fas\u00edt\u00e1si szabv\u00e1nyok..<\/p>\n<p>Min\u0151s\u00e9gir\u00e1ny\u00edt\u00e1si rendszer\u00fcnk a teljes \u00fczleti tranzakci\u00f3nkon \u00e1t\u00edvel, amely mag\u00e1ban foglalja:<\/p>\n<p>Tervez\u00e9si fel\u00fclvizsg\u00e1lat<br \/>\nTervellen\u0151rz\u00e9s \u00e9s valid\u00e1l\u00e1s<br \/>\nElektronikusan vez\u00e9relt kalibr\u00e1ci\u00f3s vez\u00e9rl\u00e9s<br \/>\n\u00c1tv\u00e9teli ellen\u0151rz\u00e9s<br \/>\nK\u00f6telez\u0151en dokument\u00e1lt min\u0151s\u00e9gtervez\u00e9s minden egyes projektre<br \/>\nEls\u0151 cikk ellen\u0151rz\u00e9se<br \/>\nV\u00e9gs\u0151\/utols\u00f3 ellen\u0151rz\u00e9s<\/p>\n<p><b>A term\u00e9keket a teljes k\u00f6r\u0171 min\u0151s\u00e9gbiztos\u00edt\u00e1si szolg\u00e1ltat\u00e1sunk ellen\u0151rzi.<\/b><\/p>\n<p>Koordin\u00e1ta m\u00e9r\u0151g\u00e9p (CMM)<\/p>\n<p>Optikai projektor<\/p>\n<p>Folyamatkapacit\u00e1si tanulm\u00e1nyok a szersz\u00e1moz\u00e1sr\u00f3l<\/p>","protected":false},"excerpt":{"rendered":"<p>Our Quality: We are committed to ensuring the quality of our products as well as improving them. Unlike many of our competitors, Provide high quality products and quality service to meet or exceed customer&#8217;s expectations. ISO 900l-2000 Certification standards.. Our Quality Management System runs through the whole business transaction, which includes: Design review Design verification [&hellip;]<\/p>\n","protected":false},"author":1,"featured_media":0,"parent":0,"menu_order":0,"comment_status":"open","ping_status":"open","template":"","meta":{"footnotes":""},"class_list":["post-24","page","type-page","status-publish","hentry"],"_links":{"self":[{"href":"https:\/\/plas.co\/hu\/wp-json\/wp\/v2\/pages\/24","targetHints":{"allow":["GET"]}}],"collection":[{"href":"https:\/\/plas.co\/hu\/wp-json\/wp\/v2\/pages"}],"about":[{"href":"https:\/\/plas.co\/hu\/wp-json\/wp\/v2\/types\/page"}],"author":[{"embeddable":true,"href":"https:\/\/plas.co\/hu\/wp-json\/wp\/v2\/users\/1"}],"replies":[{"embeddable":true,"href":"https:\/\/plas.co\/hu\/wp-json\/wp\/v2\/comments?post=24"}],"version-history":[{"count":0,"href":"https:\/\/plas.co\/hu\/wp-json\/wp\/v2\/pages\/24\/revisions"}],"wp:attachment":[{"href":"https:\/\/plas.co\/hu\/wp-json\/wp\/v2\/media?parent=24"}],"curies":[{"name":"wp","href":"https:\/\/api.w.org\/{rel}","templated":true}]}}