{"id":736,"date":"2020-03-05T21:37:11","date_gmt":"2020-03-05T13:37:11","guid":{"rendered":"http:\/\/plas.co\/?page_id=736"},"modified":"2023-02-21T10:19:33","modified_gmt":"2023-02-21T02:19:33","slug":"szilikon-ontott-alkatreszek","status":"publish","type":"page","link":"https:\/\/plas.co\/hu\/szilikon-ontott-alkatreszek\/","title":{"rendered":"Szilikonb\u00f3l \u00f6nt\u00f6tt alkatr\u00e9szek"},"content":{"rendered":"<figure class=\"wp-block-gallery has-nested-images columns-default is-cropped wp-block-gallery-1 is-layout-flex wp-block-gallery-is-layout-flex\">\n<figure class=\"wp-block-image size-large\"><img decoding=\"async\" width=\"367\" height=\"275\" data-id=\"734\" src=\"http:\/\/plas.co\/wp-content\/uploads\/2020\/03\/Silicone-moulding-part.jpg\" alt=\"Szilikon \u00f6nt\u00f6tt r\u00e9sz\" class=\"wp-image-734\" srcset=\"https:\/\/plas.co\/wp-content\/uploads\/2020\/03\/Silicone-moulding-part.jpg 367w, https:\/\/plas.co\/wp-content\/uploads\/2020\/03\/Silicone-moulding-part-300x225.jpg 300w\" sizes=\"(max-width: 367px) 100vw, 367px\" \/><figcaption class=\"wp-element-caption\">Szilikon \u00f6nt\u00f6tt r\u00e9sz<\/figcaption><\/figure>\n\n\n\n<figure class=\"wp-block-image size-large\"><img decoding=\"async\" width=\"367\" height=\"275\" data-id=\"733\" src=\"http:\/\/plas.co\/wp-content\/uploads\/2020\/03\/silicone-moulded-parts.jpg\" alt=\"szilikon \u00f6nt\u00f6tt alkatr\u00e9szek\" class=\"wp-image-733\" srcset=\"https:\/\/plas.co\/wp-content\/uploads\/2020\/03\/silicone-moulded-parts.jpg 367w, https:\/\/plas.co\/wp-content\/uploads\/2020\/03\/silicone-moulded-parts-300x225.jpg 300w\" sizes=\"(max-width: 367px) 100vw, 367px\" \/><figcaption class=\"wp-element-caption\">szilikon \u00f6nt\u00f6tt alkatr\u00e9szek<\/figcaption><\/figure>\n\n\n\n<figure class=\"wp-block-image size-large\"><img decoding=\"async\" width=\"367\" height=\"275\" data-id=\"731\" src=\"http:\/\/plas.co\/wp-content\/uploads\/2020\/03\/Silicone-molding-parts.jpg\" alt=\"Szilikon \u00f6nt\u00f6tt alkatr\u00e9szek\" class=\"wp-image-731\" srcset=\"https:\/\/plas.co\/wp-content\/uploads\/2020\/03\/Silicone-molding-parts.jpg 367w, https:\/\/plas.co\/wp-content\/uploads\/2020\/03\/Silicone-molding-parts-300x225.jpg 300w\" sizes=\"(max-width: 367px) 100vw, 367px\" \/><figcaption class=\"wp-element-caption\">Szilikon \u00f6nt\u00f6tt alkatr\u00e9szek<\/figcaption><\/figure>\n\n\n\n<figure class=\"wp-block-image size-large\"><img decoding=\"async\" width=\"367\" height=\"275\" data-id=\"730\" src=\"http:\/\/plas.co\/wp-content\/uploads\/2020\/03\/silicone-molded-products.jpg\" alt=\"szilikonb\u00f3l \u00f6nt\u00f6tt term\u00e9kek\" class=\"wp-image-730\" srcset=\"https:\/\/plas.co\/wp-content\/uploads\/2020\/03\/silicone-molded-products.jpg 367w, https:\/\/plas.co\/wp-content\/uploads\/2020\/03\/silicone-molded-products-300x225.jpg 300w\" sizes=\"(max-width: 367px) 100vw, 367px\" \/><figcaption class=\"wp-element-caption\">szilikonb\u00f3l \u00f6nt\u00f6tt term\u00e9kek<\/figcaption><\/figure>\n\n\n\n<figure class=\"wp-block-image size-large\"><img decoding=\"async\" width=\"367\" height=\"275\" data-id=\"729\" src=\"http:\/\/plas.co\/wp-content\/uploads\/2020\/03\/silicone-molded-product.jpg\" alt=\"szilikonb\u00f3l \u00f6nt\u00f6tt term\u00e9k\" class=\"wp-image-729\" srcset=\"https:\/\/plas.co\/wp-content\/uploads\/2020\/03\/silicone-molded-product.jpg 367w, https:\/\/plas.co\/wp-content\/uploads\/2020\/03\/silicone-molded-product-300x225.jpg 300w\" sizes=\"(max-width: 367px) 100vw, 367px\" \/><figcaption class=\"wp-element-caption\">szilikonb\u00f3l \u00f6nt\u00f6tt term\u00e9k<\/figcaption><\/figure>\n\n\n\n<figure class=\"wp-block-image size-large\"><img decoding=\"async\" width=\"367\" height=\"275\" data-id=\"728\" src=\"http:\/\/plas.co\/wp-content\/uploads\/2020\/03\/silicone-molded-part.jpg\" alt=\"szilikon \u00f6nt\u00f6tt alkatr\u00e9sz\" class=\"wp-image-728\" srcset=\"https:\/\/plas.co\/wp-content\/uploads\/2020\/03\/silicone-molded-part.jpg 367w, https:\/\/plas.co\/wp-content\/uploads\/2020\/03\/silicone-molded-part-300x225.jpg 300w\" sizes=\"(max-width: 367px) 100vw, 367px\" \/><figcaption class=\"wp-element-caption\">szilikon \u00f6nt\u00f6tt alkatr\u00e9sz<\/figcaption><\/figure>\n<\/figure>","protected":false},"excerpt":{"rendered":"","protected":false},"author":1,"featured_media":0,"parent":0,"menu_order":0,"comment_status":"closed","ping_status":"closed","template":"","meta":{"footnotes":""},"class_list":["post-736","page","type-page","status-publish","hentry"],"_links":{"self":[{"href":"https:\/\/plas.co\/hu\/wp-json\/wp\/v2\/pages\/736","targetHints":{"allow":["GET"]}}],"collection":[{"href":"https:\/\/plas.co\/hu\/wp-json\/wp\/v2\/pages"}],"about":[{"href":"https:\/\/plas.co\/hu\/wp-json\/wp\/v2\/types\/page"}],"author":[{"embeddable":true,"href":"https:\/\/plas.co\/hu\/wp-json\/wp\/v2\/users\/1"}],"replies":[{"embeddable":true,"href":"https:\/\/plas.co\/hu\/wp-json\/wp\/v2\/comments?post=736"}],"version-history":[{"count":0,"href":"https:\/\/plas.co\/hu\/wp-json\/wp\/v2\/pages\/736\/revisions"}],"wp:attachment":[{"href":"https:\/\/plas.co\/hu\/wp-json\/wp\/v2\/media?parent=736"}],"curies":[{"name":"wp","href":"https:\/\/api.w.org\/{rel}","templated":true}]}}