{"id":100,"date":"2014-09-20T16:18:58","date_gmt":"2014-09-20T08:18:58","guid":{"rendered":"http:\/\/andy-mold.com\/?page_id=100"},"modified":"2026-01-09T21:16:30","modified_gmt":"2026-01-09T13:16:30","slug":"stampo-automotive","status":"publish","type":"page","link":"https:\/\/plas.co\/it\/prodotti\/stampo-automotive\/","title":{"rendered":"Stampo automobilistico"},"content":{"rendered":"<div  class='flex_column av-8gcv8-2577ba9e0c13fce46414471b02123209 av_one_full  avia-builder-el-0  el_before_av_textblock  avia-builder-el-first  first flex_column_div'     ><style type=\"text\/css\" data-created_by=\"avia_inline_auto\" id=\"style-css-av-lel1ywqt-993f07fca39d4726bedded6a95944041\">\n#top .avia-gallery.av-lel1ywqt-993f07fca39d4726bedded6a95944041 .avia-gallery-thumb a{\nwidth:33.3333%;\n}\n<\/style>\n<div  class='avia-gallery av-lel1ywqt-993f07fca39d4726bedded6a95944041 avia_animate_when_visible  avia-builder-el-1  avia-builder-el-no-sibling  avia_lazyload avia-gallery-animate avia-gallery-1'  itemprop=\"image\" itemscope=\"itemscope\" itemtype=\"https:\/\/schema.org\/ImageObject\" ><meta itemprop=\"contentURL\" content=\"https:\/\/plas.co\/it\/prodotti\/stampo-automotive\/\"><div class='avia-gallery-thumb'><a href=\"https:\/\/plas.co\/wp-content\/uploads\/2023\/02\/automotive-injection-mold-1.jpg\" data-srcset=\"https:\/\/plas.co\/wp-content\/uploads\/2023\/02\/automotive-injection-mold-1.jpg 800w, https:\/\/plas.co\/wp-content\/uploads\/2023\/02\/automotive-injection-mold-1-300x225.jpg 300w, https:\/\/plas.co\/wp-content\/uploads\/2023\/02\/automotive-injection-mold-1-768x576.jpg 768w, https:\/\/plas.co\/wp-content\/uploads\/2023\/02\/automotive-injection-mold-1-705x529.jpg 705w\" data-sizes=\"(max-width: 800px) 100vw, 800px\" data-rel='gallery-1' data-prev-img='https:\/\/plas.co\/wp-content\/uploads\/2023\/02\/automotive-injection-mold-1-495x400.jpg' class='first_thumb lightbox' data-onclick='1' title='stampo a iniezione per il settore automobilistico'  itemprop=\"thumbnailUrl\"  ><img decoding=\"async\" fetchpriority=\"high\" class=\"wp-image-936 avia-img-lazy-loading-not-936\"   src=\"https:\/\/plas.co\/wp-content\/uploads\/2023\/02\/automotive-injection-mold-1-495x400.jpg\" width=\"495\" height=\"400\"  title='stampo a iniezione per il settore automobilistico' alt='stampo a iniezione per il settore automobilistico' \/><div class='big-prev-fake'><img decoding=\"async\" loading=\"lazy\" class=\"wp-image-936 avia-img-lazy-loading-936\"  width=\"495\" height=\"400\" src=\"https:\/\/plas.co\/wp-content\/uploads\/2023\/02\/automotive-injection-mold-1-495x400.jpg\" title='stampo a iniezione per il settore automobilistico' alt='stampo a iniezione per il settore automobilistico' \/><\/div><\/a><a href=\"https:\/\/plas.co\/wp-content\/uploads\/2023\/02\/automotive-mould-factory.jpg\" data-srcset=\"https:\/\/plas.co\/wp-content\/uploads\/2023\/02\/automotive-mould-factory.jpg 800w, https:\/\/plas.co\/wp-content\/uploads\/2023\/02\/automotive-mould-factory-300x225.jpg 300w, https:\/\/plas.co\/wp-content\/uploads\/2023\/02\/automotive-mould-factory-768x576.jpg 768w, https:\/\/plas.co\/wp-content\/uploads\/2023\/02\/automotive-mould-factory-705x529.jpg 705w\" data-sizes=\"(max-width: 800px) 100vw, 800px\" data-rel='gallery-1' data-prev-img='https:\/\/plas.co\/wp-content\/uploads\/2023\/02\/automotive-mould-factory-495x400.jpg' class='lightbox' data-onclick='2' title='fabbrica di stampi per autoveicoli'  itemprop=\"thumbnailUrl\"  ><img decoding=\"async\" fetchpriority=\"high\" class=\"wp-image-938 avia-img-lazy-loading-not-938\"   src=\"https:\/\/plas.co\/wp-content\/uploads\/2023\/02\/automotive-mould-factory-495x400.jpg\" width=\"495\" height=\"400\"  title='fabbrica di stampi per autoveicoli' alt='fabbrica di stampi per autoveicoli' \/><div class='big-prev-fake'><img decoding=\"async\" loading=\"lazy\" class=\"wp-image-938 avia-img-lazy-loading-938\"  width=\"495\" height=\"400\" src=\"https:\/\/plas.co\/wp-content\/uploads\/2023\/02\/automotive-mould-factory-495x400.jpg\" title='fabbrica di stampi per autoveicoli' alt='fabbrica di stampi per autoveicoli' \/><\/div><\/a><a href=\"https:\/\/plas.co\/wp-content\/uploads\/2023\/02\/automotive-parts-mould.jpg\" data-srcset=\"https:\/\/plas.co\/wp-content\/uploads\/2023\/02\/automotive-parts-mould.jpg 600w, https:\/\/plas.co\/wp-content\/uploads\/2023\/02\/automotive-parts-mould-225x300.jpg 225w, https:\/\/plas.co\/wp-content\/uploads\/2023\/02\/automotive-parts-mould-529x705.jpg 529w\" data-sizes=\"(max-width: 600px) 100vw, 600px\" data-rel='gallery-1' data-prev-img='https:\/\/plas.co\/wp-content\/uploads\/2023\/02\/automotive-parts-mould-495x400.jpg' class='lightbox' data-onclick='3' title='stampo per componenti automobilistici'  itemprop=\"thumbnailUrl\"  ><img decoding=\"async\" fetchpriority=\"high\" class=\"wp-image-941 avia-img-lazy-loading-not-941\"   src=\"https:\/\/plas.co\/wp-content\/uploads\/2023\/02\/automotive-parts-mould-495x400.jpg\" width=\"495\" height=\"400\"  title='stampo per componenti automobilistici' alt='stampo per componenti automobilistici' \/><div class='big-prev-fake'><img decoding=\"async\" loading=\"lazy\" class=\"wp-image-941 avia-img-lazy-loading-941\"  width=\"495\" height=\"400\" src=\"https:\/\/plas.co\/wp-content\/uploads\/2023\/02\/automotive-parts-mould-495x400.jpg\" title='stampo per componenti automobilistici' alt='stampo per componenti automobilistici' \/><\/div><\/a><a href=\"https:\/\/plas.co\/wp-content\/uploads\/2023\/02\/automotive-plastic-mould.jpg\" data-srcset=\"https:\/\/plas.co\/wp-content\/uploads\/2023\/02\/automotive-plastic-mould.jpg 800w, https:\/\/plas.co\/wp-content\/uploads\/2023\/02\/automotive-plastic-mould-300x225.jpg 300w, https:\/\/plas.co\/wp-content\/uploads\/2023\/02\/automotive-plastic-mould-768x576.jpg 768w, https:\/\/plas.co\/wp-content\/uploads\/2023\/02\/automotive-plastic-mould-705x529.jpg 705w\" data-sizes=\"(max-width: 800px) 100vw, 800px\" data-rel='gallery-1' data-prev-img='https:\/\/plas.co\/wp-content\/uploads\/2023\/02\/automotive-plastic-mould-495x400.jpg' class='first_thumb lightbox' data-onclick='4' title='stampo in plastica per autoveicoli'  itemprop=\"thumbnailUrl\"  ><img decoding=\"async\" fetchpriority=\"high\" class=\"wp-image-942 avia-img-lazy-loading-not-942\"   src=\"https:\/\/plas.co\/wp-content\/uploads\/2023\/02\/automotive-plastic-mould-495x400.jpg\" width=\"495\" height=\"400\"  title='stampo in plastica per autoveicoli' alt='stampo in plastica per autoveicoli' \/><div class='big-prev-fake'><img decoding=\"async\" loading=\"lazy\" class=\"wp-image-942 avia-img-lazy-loading-942\"  width=\"495\" height=\"400\" src=\"https:\/\/plas.co\/wp-content\/uploads\/2023\/02\/automotive-plastic-mould-495x400.jpg\" title='stampo in plastica per autoveicoli' alt='stampo in plastica per autoveicoli' \/><\/div><\/a><a href=\"https:\/\/plas.co\/wp-content\/uploads\/2023\/02\/China-automotive-mold-maker.jpg\" data-srcset=\"https:\/\/plas.co\/wp-content\/uploads\/2023\/02\/China-automotive-mold-maker.jpg 600w, https:\/\/plas.co\/wp-content\/uploads\/2023\/02\/China-automotive-mold-maker-225x300.jpg 225w, https:\/\/plas.co\/wp-content\/uploads\/2023\/02\/China-automotive-mold-maker-529x705.jpg 529w\" data-sizes=\"(max-width: 600px) 100vw, 600px\" data-rel='gallery-1' data-prev-img='https:\/\/plas.co\/wp-content\/uploads\/2023\/02\/China-automotive-mold-maker-495x400.jpg' class='lightbox' data-onclick='5' title='Produttore di stampi per il settore automobilistico in Cina'  itemprop=\"thumbnailUrl\"  ><img decoding=\"async\" fetchpriority=\"high\" class=\"wp-image-943 avia-img-lazy-loading-not-943\"   src=\"https:\/\/plas.co\/wp-content\/uploads\/2023\/02\/China-automotive-mold-maker-495x400.jpg\" width=\"495\" height=\"400\"  title='Produttore di stampi per il settore automobilistico in Cina' alt='Produttore di stampi per il settore automobilistico in Cina' \/><div class='big-prev-fake'><img decoding=\"async\" loading=\"lazy\" class=\"wp-image-943 avia-img-lazy-loading-943\"  width=\"495\" height=\"400\" src=\"https:\/\/plas.co\/wp-content\/uploads\/2023\/02\/China-automotive-mold-maker-495x400.jpg\" title='Produttore di stampi per il settore automobilistico in Cina' alt='Produttore di stampi per il settore automobilistico in Cina' \/><\/div><\/a><a href=\"https:\/\/plas.co\/wp-content\/uploads\/2023\/02\/china-automotive-mould.jpg\" data-srcset=\"https:\/\/plas.co\/wp-content\/uploads\/2023\/02\/china-automotive-mould.jpg 600w, https:\/\/plas.co\/wp-content\/uploads\/2023\/02\/china-automotive-mould-225x300.jpg 225w, https:\/\/plas.co\/wp-content\/uploads\/2023\/02\/china-automotive-mould-529x705.jpg 529w\" data-sizes=\"(max-width: 600px) 100vw, 600px\" data-rel='gallery-1' data-prev-img='https:\/\/plas.co\/wp-content\/uploads\/2023\/02\/china-automotive-mould-495x400.jpg' class='lightbox' data-onclick='6' title='stampo automobilistico in Cina'  itemprop=\"thumbnailUrl\"  ><img decoding=\"async\" fetchpriority=\"high\" class=\"wp-image-944 avia-img-lazy-loading-not-944\"   src=\"https:\/\/plas.co\/wp-content\/uploads\/2023\/02\/china-automotive-mould-495x400.jpg\" width=\"495\" height=\"400\"  title='stampo automobilistico in Cina' alt='stampo automobilistico in Cina' \/><div class='big-prev-fake'><img decoding=\"async\" loading=\"lazy\" class=\"wp-image-944 avia-img-lazy-loading-944\"  width=\"495\" height=\"400\" src=\"https:\/\/plas.co\/wp-content\/uploads\/2023\/02\/china-automotive-mould-495x400.jpg\" title='stampo automobilistico in Cina' alt='stampo automobilistico in Cina' \/><\/div><\/a><\/div><\/div><\/div>\n<section  class='av_textblock_section av-lel30rvk-cf1539555210428ee0eb928e39734301'   itemscope=\"itemscope\" itemtype=\"https:\/\/schema.org\/CreativeWork\" ><div class='avia_textblock'  itemprop=\"text\" ><div id=\"ez-toc-container\" class=\"ez-toc-v2_0_82_2 counter-hierarchy ez-toc-counter ez-toc-grey ez-toc-container-direction\">\n<div class=\"ez-toc-title-container\">\n<p class=\"ez-toc-title\" style=\"cursor:inherit\">Indice dei contenuti<\/p>\n<span class=\"ez-toc-title-toggle\"><a href=\"#\" class=\"ez-toc-pull-right ez-toc-btn ez-toc-btn-xs ez-toc-btn-default ez-toc-toggle\" aria-label=\"Allinea la tabella dei contenuti\"><span class=\"ez-toc-js-icon-con\"><span class=\"\"><span class=\"eztoc-hide\" style=\"display:none;\">Toggle<\/span><span class=\"ez-toc-icon-toggle-span\"><svg style=\"fill: #999;color:#999\" xmlns=\"http:\/\/www.w3.org\/2000\/svg\" class=\"list-377408\" width=\"20px\" height=\"20px\" viewbox=\"0 0 24 24\" fill=\"none\"><path d=\"M6 6H4v2h2V6zm14 0H8v2h12V6zM4 11h2v2H4v-2zm16 0H8v2h12v-2zM4 16h2v2H4v-2zm16 0H8v2h12v-2z\" fill=\"currentColor\"><\/path><\/svg><svg style=\"fill: #999;color:#999\" class=\"arrow-unsorted-368013\" xmlns=\"http:\/\/www.w3.org\/2000\/svg\" width=\"10px\" height=\"10px\" viewbox=\"0 0 24 24\" version=\"1.2\" baseprofile=\"tiny\"><path d=\"M18.2 9.3l-6.2-6.3-6.2 6.3c-.2.2-.3.4-.3.7s.1.5.3.7c.2.2.4.3.7.3h11c.3 0 .5-.1.7-.3.2-.2.3-.5.3-.7s-.1-.5-.3-.7zM5.8 14.7l6.2 6.3 6.2-6.3c.2-.2.3-.5.3-.7s-.1-.5-.3-.7c-.2-.2-.4-.3-.7-.3h-11c-.3 0-.5.1-.7.3-.2.2-.3.5-.3.7s.1.5.3.7z\"\/><\/svg><\/span><\/span><\/span><\/a><\/span><\/div>\n<nav><ul class='ez-toc-list ez-toc-list-level-1' ><li class='ez-toc-page-1 ez-toc-heading-level-2'><a class=\"ez-toc-link ez-toc-heading-1\" href=\"https:\/\/plas.co\/it\/prodotti\/stampo-automotive\/#What_is_Automotive_Mould\" >Che cos'\u00e8 lo stampo per autoveicoli<\/a><ul class='ez-toc-list-level-3' ><li class='ez-toc-heading-level-3'><a class=\"ez-toc-link ez-toc-heading-2\" href=\"https:\/\/plas.co\/it\/prodotti\/stampo-automotive\/#Type_of_Automotive_Mould\" >Tipo di stampo automobilistico<\/a><\/li><li class='ez-toc-page-1 ez-toc-heading-level-3'><a class=\"ez-toc-link ez-toc-heading-3\" href=\"https:\/\/plas.co\/it\/prodotti\/stampo-automotive\/#Applications_of_Automotive_Mould\" >Applicazioni dello stampo automobilistico<\/a><\/li><li class='ez-toc-page-1 ez-toc-heading-level-3'><a class=\"ez-toc-link ez-toc-heading-4\" href=\"https:\/\/plas.co\/it\/prodotti\/stampo-automotive\/#Which_country_of_automotive_mould_suppliers_that_you_should_work_with\" >Con quale paese di fornitori di stampi per autoveicoli dovreste lavorare?<\/a><\/li><\/ul><\/li><\/ul><\/nav><\/div>\n<h2><span class=\"ez-toc-section\" id=\"What_is_Automotive_Mould\"><\/span>Che cos'\u00e8 lo stampo per autoveicoli<span class=\"ez-toc-section-end\"><\/span><\/h2>\n<p><a href=\"https:\/\/plas.co\/it\/prodotti\/stampo-automotive\/\"><em><strong>Stampo per autoveicoli<\/strong><\/em><\/a>, noto anche come stampo per auto o <a href=\"http:\/\/www.sheetmetalmasion.com\" target=\"_blank\" rel=\"noopener\">stampo per automobili<\/a>, \u00e8 uno strumento utilizzato nel processo di produzione di varie parti e componenti di automobili. \u00c8 un dispositivo utilizzato per modellare e formare i materiali, come plastica, metalli e materiali compositi, nella forma desiderata del prodotto finale,<\/p>\n<p>Gli stampi per autoveicoli possono assumere varie forme, a seconda della complessit\u00e0 del pezzo da produrre. Ad esempio, gli stampi a iniezione sono utilizzati per produrre parti in plastica per automobili con geometrie complesse, mentre gli stampi a compressione sono utilizzati per produrre parti grandi e spesse, come paraurti e cruscotti, da materiali compositi.<\/p>\n<p>L'uso di stampi per autoveicoli nel processo di produzione consente un elevato grado di precisione e accuratezza, nonch\u00e9 la capacit\u00e0 di produrre elevati volumi di componenti con una qualit\u00e0 costante. L'uso degli stampi contribuisce inoltre a ridurre gli sprechi e ad aumentare l'efficienza del processo di produzione. questa \u00e8 la pagina di cui parliamo <a href=\"http:\/\/plas.co\/it\/stampo-a-iniezione-per-il-settore-automobilistico\/\">stampo a iniezione per il settore automobilistico<\/a>.<\/p>\n<h3><span class=\"ez-toc-section\" id=\"Type_of_Automotive_Mould\"><\/span>Tipo di stampo automobilistico<span class=\"ez-toc-section-end\"><\/span><\/h3>\n<p>Gli stampi per autoveicoli sono utilizzati nel processo di produzione di varie parti e componenti delle automobili. Esistono molti tipi di stampi per autoveicoli, ecco alcuni tipi di stampi per autoveicoli:<\/p>\n<ol>\n<li>Stampi a iniezione: Questi stampi sono utilizzati per produrre parti in plastica per automobili. Lo stampaggio a iniezione \u00e8 un metodo popolare per la produzione di alti volumi di componenti in plastica con geometrie complesse, e questo \u00e8 anche il nostro business medio, se avete bisogno di stampi a iniezione automobilistici, contattateci per ottenere il prezzo.<\/li>\n<li>Stampi a compressione: Questi stampi sono utilizzati per produrre parti automobilistiche di grandi dimensioni e spessore, come paraurti e cruscotti, in materiali compositi.<\/li>\n<li>Stampi a soffiaggio: Questi stampi sono utilizzati per creare componenti in plastica cavi, come serbatoi di carburante e condotti dell'aria.<\/li>\n<li>Stampi per termoformatura: Questi stampi sono utilizzati per produrre componenti in plastica con una profondit\u00e0 ridotta, come i pannelli delle porte e i quadri strumenti.<\/li>\n<li>Stampi per pressofusione: Questi stampi sono utilizzati per produrre componenti metallici, come blocchi motore e scatole di trasmissione, utilizzando un processo di iniezione ad alta pressione.<\/li>\n<li>Stampi per gomma: Questi stampi sono utilizzati per produrre componenti in gomma, come guarnizioni e tenute, per applicazioni automobilistiche.<\/li>\n<li>Stampi per estrusione: Questi stampi sono utilizzati per produrre componenti in plastica lunghi, come le guarnizioni per finestre e le strisce meteorologiche, forzando il materiale attraverso uno stampo.<\/li>\n<\/ol>\n<p>Ogni tipo di stampo per autoveicoli presenta vantaggi e svantaggi unici e la scelta dello stampo dipende dai requisiti specifici del pezzo da produrre.<\/p>\n<h3><span class=\"ez-toc-section\" id=\"Applications_of_Automotive_Mould\"><\/span>Applicazioni dello stampo automobilistico<span class=\"ez-toc-section-end\"><\/span><\/h3>\n<p><a href=\"https:\/\/www.plasticmold.net\/injection-molding-automotive\/\" target=\"_blank\" rel=\"noopener\">Stampi per autoveicoli<\/a> hanno un'ampia gamma di applicazioni nell'industria automobilistica. Ecco alcune delle applicazioni degli stampi per autoveicoli:<\/p>\n<ol>\n<li>Componenti esterni: Gli stampi per autoveicoli sono utilizzati per produrre vari componenti esterni dei veicoli, come paraurti, griglie, parafanghi, cofani e porte.<\/li>\n<li>Componenti interni: Gli stampi sono utilizzati per produrre componenti interni dei veicoli come cruscotti, pannelli delle porte, sedili e volanti.<\/li>\n<li>Componenti di illuminazione: Gli stampi per autoveicoli sono utilizzati per produrre vari componenti di illuminazione dei veicoli, come fari, fanali posteriori e lenti degli indicatori di direzione.<\/li>\n<li>Componenti del motore: Gli stampi sono utilizzati per produrre vari componenti del motore dei veicoli, come blocchi motore, testate e collettori di aspirazione.<\/li>\n<li>Componenti della trasmissione: Gli stampi sono utilizzati per produrre vari componenti della trasmissione dei veicoli, come le scatole di trasmissione e gli ingranaggi.<\/li>\n<li>Componenti delle sospensioni: Gli stampi per autoveicoli sono utilizzati per produrre vari componenti delle sospensioni dei veicoli, come bracci di controllo e giunti sferici.<\/li>\n<li>Componenti elettrici: Gli stampi sono utilizzati per produrre vari componenti elettrici dei veicoli, come cablaggi e connettori.<\/li>\n<\/ol>\n<p>In sintesi, gli stampi per autoveicoli sono utilizzati nel processo di produzione di quasi tutti i componenti di un veicolo, dalla carrozzeria agli interni, dal motore all'impianto elettrico.<\/p>\n<h3><span class=\"ez-toc-section\" id=\"Which_country_of_automotive_mould_suppliers_that_you_should_work_with\"><\/span>Con quale paese di fornitori di stampi per autoveicoli dovreste lavorare?<span class=\"ez-toc-section-end\"><\/span><\/h3>\n<p>Sono molti i Paesi che hanno una forte presenza nell'industria automobilistica e hanno sviluppato competenze nella produzione di stampi. Alcuni dei paesi pi\u00f9 importanti per <em><strong>fornitori di stampi per il settore automobilistico<\/strong><\/em> Cina, Germania, Giappone, Stati Uniti e Corea del Sud. Tuttavia, ciascuno di questi Paesi pu\u00f2 presentare punti di forza e di debolezza diversi ed \u00e8 importante considerare fattori quali la lingua, la cultura, la logistica e i diritti di propriet\u00e0 intellettuale.<\/p>\n<p>Quando si sceglie un fornitore, \u00e8 importante condurre una ricerca approfondita, verificare le sue credenziali ed esaminare i suoi processi di produzione. \u00c8 anche una buona idea richiedere dei campioni e incontrare il fornitore di persona, se possibile, per assicurarsi che possa soddisfare le vostre esigenze e i vostri requisiti specifici. In definitiva, la scelta del Paese con cui lavorare dipender\u00e0 dalle vostre esigenze e preferenze individuali.<\/p>\n<div id=\"attachment_937\" style=\"width: 810px\" class=\"wp-caption aligncenter\"><a href=\"http:\/\/plas.co\/wp-content\/uploads\/2023\/02\/automotive-molds-1.jpg\"><img decoding=\"async\" aria-describedby=\"caption-attachment-937\" class=\"wp-image-937 size-full\" src=\"http:\/\/plas.co\/wp-content\/uploads\/2023\/02\/automotive-molds-1.jpg\" alt=\"Stampo per autoveicoli\" width=\"800\" height=\"600\" srcset=\"https:\/\/plas.co\/wp-content\/uploads\/2023\/02\/automotive-molds-1.jpg 800w, https:\/\/plas.co\/wp-content\/uploads\/2023\/02\/automotive-molds-1-300x225.jpg 300w, https:\/\/plas.co\/wp-content\/uploads\/2023\/02\/automotive-molds-1-768x576.jpg 768w, https:\/\/plas.co\/wp-content\/uploads\/2023\/02\/automotive-molds-1-705x529.jpg 705w\" sizes=\"(max-width: 800px) 100vw, 800px\" \/><\/a><p id=\"caption-attachment-937\" class=\"wp-caption-text\">Stampo per autoveicoli<\/p><\/div>\n<p>Secondo i dati che mostrano che la maggior parte dei produttori di automobili sta acquistando stampi automobilistici da fornitori di stampi cinesi, e si pu\u00f2 avere qualche domanda perch\u00e9 cos\u00ec tante aziende automobilistiche acquistare stampi automobilistici dalla Cina? Di seguito vi forniamo una risposta:<\/p>\n<ol>\n<li>Efficienza dei costi: Uno dei motivi principali per lavorare con i fornitori di stampi per autoveicoli cinesi \u00e8 l'efficienza dei costi. La Cina ha un'industria di produzione di stampi ampia e altamente competitiva, con costi di manodopera pi\u00f9 bassi, costi dei materiali pi\u00f9 bassi e spese generali pi\u00f9 accessibili rispetto a molti altri paesi. Questo pu\u00f2 tradursi in prezzi pi\u00f9 bassi per stampi di alta qualit\u00e0 che soddisfano gli standard internazionali.<\/li>\n<li>Capacit\u00e0 di produzione: La Cina dispone di un'industria manifatturiera ampia e ben sviluppata, con tecnologie e attrezzature avanzate e una forte attenzione al controllo della qualit\u00e0. I fornitori cinesi di stampi per autoveicoli hanno esperienza nella produzione di stampi per un'ampia gamma di applicazioni, tra cui geometrie complesse, stampi a pi\u00f9 cavit\u00e0 e produzioni su larga scala.<\/li>\n<li>Ampia gamma di materiali: I fornitori cinesi di stampi per auto hanno accesso a un'ampia gamma di materiali, tra cui plastiche, metalli e materiali compositi. Ci\u00f2 consente loro di selezionare il materiale pi\u00f9 appropriato per ogni applicazione, tenendo conto di fattori quali la durata, il peso e il costo.<\/li>\n<li>Scalabilit\u00e0: I fornitori cinesi di stampi per auto sono in grado di produrre stampi in grandi volumi, il che pu\u00f2 essere importante per le case automobilistiche con requisiti di produzione elevati. I fornitori cinesi possono anche fornire tempi di consegna rapidi per gli ordini urgenti.<\/li>\n<li>Competenza tecnica: La Cina dispone di un ampio bacino di ingegneri e tecnici qualificati con esperienza nella progettazione e nella produzione di stampi. Molti fornitori di stampi cinesi hanno forti capacit\u00e0 di ricerca e sviluppo e possono offrire soluzioni personalizzate per soddisfare le esigenze specifiche dei clienti.<\/li>\n<\/ol>\n<p>Tuttavia, quando si considera di lavorare con <em><strong>Fornitori di stampi per autoveicoli in Cina<\/strong><\/em>\u00c8 quindi importante condurre ricerche approfondite, verificare le loro credenziali ed esaminare i loro processi di produzione per assicurarsi che soddisfino le vostre aspettative di qualit\u00e0 e consegna.<\/p>\n<p>Occorre inoltre considerare la lingua, la cultura, la logistica e i diritti di propriet\u00e0 intellettuale. \u00c8 importante scegliere <a href=\"http:\/\/plas.co\/it\/\">fornitori di stampi<\/a> che sia in grado di soddisfare le vostre esigenze e i vostri requisiti specifici e che abbia una comprovata esperienza nella fornitura di prodotti di alta qualit\u00e0 nei tempi e nei costi previsti.<\/p>\n<\/div><\/section>","protected":false},"excerpt":{"rendered":"","protected":false},"author":1,"featured_media":931,"parent":17,"menu_order":0,"comment_status":"open","ping_status":"open","template":"","meta":{"footnotes":""},"class_list":["post-100","page","type-page","status-publish","has-post-thumbnail","hentry"],"_links":{"self":[{"href":"https:\/\/plas.co\/it\/wp-json\/wp\/v2\/pages\/100","targetHints":{"allow":["GET"]}}],"collection":[{"href":"https:\/\/plas.co\/it\/wp-json\/wp\/v2\/pages"}],"about":[{"href":"https:\/\/plas.co\/it\/wp-json\/wp\/v2\/types\/page"}],"author":[{"embeddable":true,"href":"https:\/\/plas.co\/it\/wp-json\/wp\/v2\/users\/1"}],"replies":[{"embeddable":true,"href":"https:\/\/plas.co\/it\/wp-json\/wp\/v2\/comments?post=100"}],"version-history":[{"count":1,"href":"https:\/\/plas.co\/it\/wp-json\/wp\/v2\/pages\/100\/revisions"}],"predecessor-version":[{"id":2818,"href":"https:\/\/plas.co\/it\/wp-json\/wp\/v2\/pages\/100\/revisions\/2818"}],"up":[{"embeddable":true,"href":"https:\/\/plas.co\/it\/wp-json\/wp\/v2\/pages\/17"}],"wp:featuredmedia":[{"embeddable":true,"href":"https:\/\/plas.co\/it\/wp-json\/wp\/v2\/media\/931"}],"wp:attachment":[{"href":"https:\/\/plas.co\/it\/wp-json\/wp\/v2\/media?parent=100"}],"curies":[{"name":"wp","href":"https:\/\/api.w.org\/{rel}","templated":true}]}}