{"id":125,"date":"2014-09-20T18:16:39","date_gmt":"2014-09-20T10:16:39","guid":{"rendered":"http:\/\/andy-mold.com\/?page_id=125"},"modified":"2023-02-27T22:17:59","modified_gmt":"2023-02-27T14:17:59","slug":"produttori-di-stampi","status":"publish","type":"page","link":"https:\/\/plas.co\/it\/produttori-di-stampi\/","title":{"rendered":"Produttore di stampi"},"content":{"rendered":"<style type=\"text\/css\" data-created_by=\"avia_inline_auto\" id=\"style-css-av-lel5bo9m-9db356ac3663fdf6d82633bde056ed2c\">\n#top .avia-gallery.av-lel5bo9m-9db356ac3663fdf6d82633bde056ed2c .avia-gallery-thumb a{\nwidth:25%;\n}\n<\/style>\n<div  class='avia-gallery av-lel5bo9m-9db356ac3663fdf6d82633bde056ed2c avia_animate_when_visible  avia-builder-el-0  el_before_av_textblock  avia-builder-el-first  avia_lazyload avia-gallery-animate avia-gallery-1'  itemprop=\"image\" itemscope=\"itemscope\" itemtype=\"https:\/\/schema.org\/ImageObject\" ><meta itemprop=\"contentURL\" content=\"https:\/\/plas.co\/it\/produttori-di-stampi\/\"><div class='avia-gallery-thumb'><a href=\"https:\/\/plas.co\/wp-content\/uploads\/2023\/02\/Measurement-machine.jpg\" data-srcset=\"https:\/\/plas.co\/wp-content\/uploads\/2023\/02\/Measurement-machine.jpg 640w, https:\/\/plas.co\/wp-content\/uploads\/2023\/02\/Measurement-machine-300x225.jpg 300w\" data-sizes=\"(max-width: 640px) 100vw, 640px\" data-rel='gallery-1' data-prev-img='https:\/\/plas.co\/wp-content\/uploads\/2023\/02\/Measurement-machine-495x400.jpg' class='first_thumb lightbox' data-onclick='1' title='Macchina di misura'  itemprop=\"thumbnailUrl\"  ><img decoding=\"async\" fetchpriority=\"high\" class=\"wp-image-954 avia-img-lazy-loading-not-954\"   src=\"https:\/\/plas.co\/wp-content\/uploads\/2023\/02\/Measurement-machine-495x400.jpg\" width=\"495\" height=\"400\"  title='Macchina di misura' alt='Macchina di misura' \/><div class='big-prev-fake'><img decoding=\"async\" loading=\"lazy\" class=\"wp-image-954 avia-img-lazy-loading-954\"  width=\"495\" height=\"400\" src=\"https:\/\/plas.co\/wp-content\/uploads\/2023\/02\/Measurement-machine-495x400.jpg\" title='Macchina di misura' alt='Macchina di misura' \/><\/div><\/a><a href=\"https:\/\/plas.co\/wp-content\/uploads\/2023\/02\/Mold-design-1030x773.jpg\" data-srcset=\"https:\/\/plas.co\/wp-content\/uploads\/2023\/02\/Mold-design-1030x773.jpg 1030w, https:\/\/plas.co\/wp-content\/uploads\/2023\/02\/Mold-design-300x225.jpg 300w, https:\/\/plas.co\/wp-content\/uploads\/2023\/02\/Mold-design-768x576.jpg 768w, https:\/\/plas.co\/wp-content\/uploads\/2023\/02\/Mold-design-1536x1152.jpg 1536w, https:\/\/plas.co\/wp-content\/uploads\/2023\/02\/Mold-design-2048x1536.jpg 2048w, https:\/\/plas.co\/wp-content\/uploads\/2023\/02\/Mold-design-1500x1125.jpg 1500w, https:\/\/plas.co\/wp-content\/uploads\/2023\/02\/Mold-design-705x529.jpg 705w\" data-sizes=\"(max-width: 1030px) 100vw, 1030px\" data-rel='gallery-1' data-prev-img='https:\/\/plas.co\/wp-content\/uploads\/2023\/02\/Mold-design-495x400.jpg' class='lightbox' data-onclick='2' title='Design dello stampo'  itemprop=\"thumbnailUrl\"  ><img decoding=\"async\" fetchpriority=\"high\" class=\"wp-image-955 avia-img-lazy-loading-not-955\"   src=\"https:\/\/plas.co\/wp-content\/uploads\/2023\/02\/Mold-design-495x400.jpg\" width=\"495\" height=\"400\"  title='Design dello stampo' alt='Design dello stampo' srcset=\"https:\/\/plas.co\/wp-content\/uploads\/2023\/02\/Mold-design-495x400.jpg 495w, https:\/\/plas.co\/wp-content\/uploads\/2023\/02\/Mold-design-845x684.jpg 845w\" sizes=\"(max-width: 495px) 100vw, 495px\" \/><div class='big-prev-fake'><img decoding=\"async\" loading=\"lazy\" class=\"wp-image-955 avia-img-lazy-loading-955\"  width=\"495\" height=\"400\" src=\"https:\/\/plas.co\/wp-content\/uploads\/2023\/02\/Mold-design-495x400.jpg\" title='Design dello stampo' alt='Design dello stampo' srcset=\"https:\/\/plas.co\/wp-content\/uploads\/2023\/02\/Mold-design-495x400.jpg 495w, https:\/\/plas.co\/wp-content\/uploads\/2023\/02\/Mold-design-845x684.jpg 845w\" sizes=\"auto, (max-width: 495px) 100vw, 495px\" \/><\/div><\/a><a href=\"https:\/\/plas.co\/wp-content\/uploads\/2023\/02\/Plastic-mold-company.jpg\" data-srcset=\"https:\/\/plas.co\/wp-content\/uploads\/2023\/02\/Plastic-mold-company.jpg 333w, https:\/\/plas.co\/wp-content\/uploads\/2023\/02\/Plastic-mold-company-300x225.jpg 300w\" data-sizes=\"(max-width: 333px) 100vw, 333px\" data-rel='gallery-1' data-prev-img='https:\/\/plas.co\/wp-content\/uploads\/2023\/02\/Plastic-mold-company.jpg' class='lightbox' data-onclick='3' title='Azienda di stampi in plastica'  itemprop=\"thumbnailUrl\"  ><img decoding=\"async\" fetchpriority=\"high\" class=\"wp-image-956 avia-img-lazy-loading-not-956\"   src=\"https:\/\/plas.co\/wp-content\/uploads\/2023\/02\/Plastic-mold-company.jpg\" width=\"333\" height=\"250\"  title='Azienda di stampi in plastica' alt='Azienda di stampi in plastica' srcset=\"https:\/\/plas.co\/wp-content\/uploads\/2023\/02\/Plastic-mold-company.jpg 333w, https:\/\/plas.co\/wp-content\/uploads\/2023\/02\/Plastic-mold-company-300x225.jpg 300w\" sizes=\"(max-width: 333px) 100vw, 333px\" \/><div class='big-prev-fake'><img decoding=\"async\" loading=\"lazy\" class=\"wp-image-956 avia-img-lazy-loading-956\"  width=\"333\" height=\"250\" src=\"https:\/\/plas.co\/wp-content\/uploads\/2023\/02\/Plastic-mold-company.jpg\" title='Azienda di stampi in plastica' alt='Azienda di stampi in plastica' srcset=\"https:\/\/plas.co\/wp-content\/uploads\/2023\/02\/Plastic-mold-company.jpg 333w, https:\/\/plas.co\/wp-content\/uploads\/2023\/02\/Plastic-mold-company-300x225.jpg 300w\" sizes=\"auto, (max-width: 333px) 100vw, 333px\" \/><\/div><\/a><a href=\"https:\/\/plas.co\/wp-content\/uploads\/2023\/02\/plastic-mold-maker.jpg\" data-srcset=\"https:\/\/plas.co\/wp-content\/uploads\/2023\/02\/plastic-mold-maker.jpg 640w, https:\/\/plas.co\/wp-content\/uploads\/2023\/02\/plastic-mold-maker-300x225.jpg 300w\" data-sizes=\"(max-width: 640px) 100vw, 640px\" data-rel='gallery-1' data-prev-img='https:\/\/plas.co\/wp-content\/uploads\/2023\/02\/plastic-mold-maker-495x400.jpg' class='lightbox' data-onclick='4' title='produttore di stampi in plastica'  itemprop=\"thumbnailUrl\"  ><img decoding=\"async\" fetchpriority=\"high\" class=\"wp-image-957 avia-img-lazy-loading-not-957\"   src=\"https:\/\/plas.co\/wp-content\/uploads\/2023\/02\/plastic-mold-maker-495x400.jpg\" width=\"495\" height=\"400\"  title='produttore di stampi in plastica' alt='produttore di stampi in plastica' \/><div class='big-prev-fake'><img decoding=\"async\" loading=\"lazy\" class=\"wp-image-957 avia-img-lazy-loading-957\"  width=\"495\" height=\"400\" src=\"https:\/\/plas.co\/wp-content\/uploads\/2023\/02\/plastic-mold-maker-495x400.jpg\" title='produttore di stampi in plastica' alt='produttore di stampi in plastica' \/><\/div><\/a><a href=\"https:\/\/plas.co\/wp-content\/uploads\/2023\/02\/Plastic-molding-company.jpg\" data-srcset=\"https:\/\/plas.co\/wp-content\/uploads\/2023\/02\/Plastic-molding-company.jpg 333w, https:\/\/plas.co\/wp-content\/uploads\/2023\/02\/Plastic-molding-company-300x225.jpg 300w\" data-sizes=\"(max-width: 333px) 100vw, 333px\" data-rel='gallery-1' data-prev-img='https:\/\/plas.co\/wp-content\/uploads\/2023\/02\/Plastic-molding-company.jpg' class='first_thumb lightbox' data-onclick='5' title='produttore di stampi'  itemprop=\"thumbnailUrl\"  ><img decoding=\"async\" fetchpriority=\"high\" class=\"wp-image-959 avia-img-lazy-loading-not-959\"   src=\"https:\/\/plas.co\/wp-content\/uploads\/2023\/02\/Plastic-molding-company.jpg\" width=\"333\" height=\"250\"  title='produttore di stampi' alt='produttore di stampi' srcset=\"https:\/\/plas.co\/wp-content\/uploads\/2023\/02\/Plastic-molding-company.jpg 333w, https:\/\/plas.co\/wp-content\/uploads\/2023\/02\/Plastic-molding-company-300x225.jpg 300w\" sizes=\"(max-width: 333px) 100vw, 333px\" \/><div class='big-prev-fake'><img decoding=\"async\" loading=\"lazy\" class=\"wp-image-959 avia-img-lazy-loading-959\"  width=\"333\" height=\"250\" src=\"https:\/\/plas.co\/wp-content\/uploads\/2023\/02\/Plastic-molding-company.jpg\" title='produttore di stampi' alt='produttore di stampi' srcset=\"https:\/\/plas.co\/wp-content\/uploads\/2023\/02\/Plastic-molding-company.jpg 333w, https:\/\/plas.co\/wp-content\/uploads\/2023\/02\/Plastic-molding-company-300x225.jpg 300w\" sizes=\"auto, (max-width: 333px) 100vw, 333px\" \/><\/div><\/a><a href=\"https:\/\/plas.co\/wp-content\/uploads\/2023\/02\/plastic-mould-company.jpg\" data-srcset=\"https:\/\/plas.co\/wp-content\/uploads\/2023\/02\/plastic-mould-company.jpg 640w, https:\/\/plas.co\/wp-content\/uploads\/2023\/02\/plastic-mould-company-300x225.jpg 300w\" data-sizes=\"(max-width: 640px) 100vw, 640px\" data-rel='gallery-1' data-prev-img='https:\/\/plas.co\/wp-content\/uploads\/2023\/02\/plastic-mould-company-495x400.jpg' class='lightbox' data-onclick='6' title='produttore di stampi per plastica'  itemprop=\"thumbnailUrl\"  ><img decoding=\"async\" fetchpriority=\"high\" class=\"wp-image-960 avia-img-lazy-loading-not-960\"   src=\"https:\/\/plas.co\/wp-content\/uploads\/2023\/02\/plastic-mould-company-495x400.jpg\" width=\"495\" height=\"400\"  title='produttore di stampi per plastica' alt='produttore di stampi per plastica' \/><div class='big-prev-fake'><img decoding=\"async\" loading=\"lazy\" class=\"wp-image-960 avia-img-lazy-loading-960\"  width=\"495\" height=\"400\" src=\"https:\/\/plas.co\/wp-content\/uploads\/2023\/02\/plastic-mould-company-495x400.jpg\" title='produttore di stampi per plastica' alt='produttore di stampi per plastica' \/><\/div><\/a><a href=\"https:\/\/plas.co\/wp-content\/uploads\/2023\/02\/Plastic-mould-factory.jpg\" data-srcset=\"https:\/\/plas.co\/wp-content\/uploads\/2023\/02\/Plastic-mould-factory.jpg 640w, https:\/\/plas.co\/wp-content\/uploads\/2023\/02\/Plastic-mould-factory-300x225.jpg 300w\" data-sizes=\"(max-width: 640px) 100vw, 640px\" data-rel='gallery-1' data-prev-img='https:\/\/plas.co\/wp-content\/uploads\/2023\/02\/Plastic-mould-factory-495x400.jpg' class='lightbox' data-onclick='7' title='Fabbrica di stampi in plastica'  itemprop=\"thumbnailUrl\"  ><img decoding=\"async\" fetchpriority=\"high\" class=\"wp-image-961 avia-img-lazy-loading-not-961\"   src=\"https:\/\/plas.co\/wp-content\/uploads\/2023\/02\/Plastic-mould-factory-495x400.jpg\" width=\"495\" height=\"400\"  title='Fabbrica di stampi in plastica' alt='Fabbrica di stampi in plastica' \/><div class='big-prev-fake'><img decoding=\"async\" loading=\"lazy\" class=\"wp-image-961 avia-img-lazy-loading-961\"  width=\"495\" height=\"400\" src=\"https:\/\/plas.co\/wp-content\/uploads\/2023\/02\/Plastic-mould-factory-495x400.jpg\" title='Fabbrica di stampi in plastica' alt='Fabbrica di stampi in plastica' \/><\/div><\/a><a href=\"https:\/\/plas.co\/wp-content\/uploads\/2023\/02\/Plastic-Tooling-Company.jpg\" data-srcset=\"https:\/\/plas.co\/wp-content\/uploads\/2023\/02\/Plastic-Tooling-Company.jpg 400w, https:\/\/plas.co\/wp-content\/uploads\/2023\/02\/Plastic-Tooling-Company-300x225.jpg 300w\" data-sizes=\"(max-width: 400px) 100vw, 400px\" data-rel='gallery-1' data-prev-img='https:\/\/plas.co\/wp-content\/uploads\/2023\/02\/Plastic-Tooling-Company.jpg' class='lightbox' data-onclick='8' title='Azienda di utensili in plastica'  itemprop=\"thumbnailUrl\"  ><img decoding=\"async\" fetchpriority=\"high\" class=\"wp-image-962 avia-img-lazy-loading-not-962\"   src=\"https:\/\/plas.co\/wp-content\/uploads\/2023\/02\/Plastic-Tooling-Company.jpg\" width=\"400\" height=\"300\"  title='Azienda di utensili in plastica' alt='Azienda di utensili in plastica' srcset=\"https:\/\/plas.co\/wp-content\/uploads\/2023\/02\/Plastic-Tooling-Company.jpg 400w, https:\/\/plas.co\/wp-content\/uploads\/2023\/02\/Plastic-Tooling-Company-300x225.jpg 300w\" sizes=\"(max-width: 400px) 100vw, 400px\" \/><div class='big-prev-fake'><img decoding=\"async\" loading=\"lazy\" class=\"wp-image-962 avia-img-lazy-loading-962\"  width=\"400\" height=\"300\" src=\"https:\/\/plas.co\/wp-content\/uploads\/2023\/02\/Plastic-Tooling-Company.jpg\" title='Azienda di utensili in plastica' alt='Azienda di utensili in plastica' srcset=\"https:\/\/plas.co\/wp-content\/uploads\/2023\/02\/Plastic-Tooling-Company.jpg 400w, https:\/\/plas.co\/wp-content\/uploads\/2023\/02\/Plastic-Tooling-Company-300x225.jpg 300w\" sizes=\"auto, (max-width: 400px) 100vw, 400px\" \/><\/div><\/a><\/div><\/div>\n<section  class='av_textblock_section av-lel43s1p-f288656d2c750791ef65020e352a8c30'   itemscope=\"itemscope\" itemtype=\"https:\/\/schema.org\/CreativeWork\" ><div class='avia_textblock'  itemprop=\"text\" ><div id=\"ez-toc-container\" class=\"ez-toc-v2_0_82_2 counter-hierarchy ez-toc-counter ez-toc-grey ez-toc-container-direction\">\n<div class=\"ez-toc-title-container\">\n<p class=\"ez-toc-title\" style=\"cursor:inherit\">Indice dei contenuti<\/p>\n<span class=\"ez-toc-title-toggle\"><a href=\"#\" class=\"ez-toc-pull-right ez-toc-btn ez-toc-btn-xs ez-toc-btn-default ez-toc-toggle\" aria-label=\"Allinea la tabella dei contenuti\"><span class=\"ez-toc-js-icon-con\"><span class=\"\"><span class=\"eztoc-hide\" style=\"display:none;\">Toggle<\/span><span class=\"ez-toc-icon-toggle-span\"><svg style=\"fill: #999;color:#999\" xmlns=\"http:\/\/www.w3.org\/2000\/svg\" class=\"list-377408\" width=\"20px\" height=\"20px\" viewbox=\"0 0 24 24\" fill=\"none\"><path d=\"M6 6H4v2h2V6zm14 0H8v2h12V6zM4 11h2v2H4v-2zm16 0H8v2h12v-2zM4 16h2v2H4v-2zm16 0H8v2h12v-2z\" fill=\"currentColor\"><\/path><\/svg><svg style=\"fill: #999;color:#999\" class=\"arrow-unsorted-368013\" xmlns=\"http:\/\/www.w3.org\/2000\/svg\" width=\"10px\" height=\"10px\" viewbox=\"0 0 24 24\" version=\"1.2\" baseprofile=\"tiny\"><path d=\"M18.2 9.3l-6.2-6.3-6.2 6.3c-.2.2-.3.4-.3.7s.1.5.3.7c.2.2.4.3.7.3h11c.3 0 .5-.1.7-.3.2-.2.3-.5.3-.7s-.1-.5-.3-.7zM5.8 14.7l6.2 6.3 6.2-6.3c.2-.2.3-.5.3-.7s-.1-.5-.3-.7c-.2-.2-.4-.3-.7-.3h-11c-.3 0-.5.1-.7.3-.2.2-.3.5-.3.7s.1.5.3.7z\"\/><\/svg><\/span><\/span><\/span><\/a><\/span><\/div>\n<nav><ul class='ez-toc-list ez-toc-list-level-1' ><li class='ez-toc-page-1 ez-toc-heading-level-2'><a class=\"ez-toc-link ez-toc-heading-1\" href=\"https:\/\/plas.co\/it\/produttori-di-stampi\/#What_is_plastic_Injection_Mould\" >Che cos'\u00e8 lo stampo a iniezione di plastica<\/a><ul class='ez-toc-list-level-3' ><li class='ez-toc-heading-level-3'><a class=\"ez-toc-link ez-toc-heading-2\" href=\"https:\/\/plas.co\/it\/produttori-di-stampi\/#What_are_the_best_plastic_injection_mould_manufacturers\" >Quali sono i migliori produttori di stampi per iniezione plastica?<\/a><\/li><li class='ez-toc-page-1 ez-toc-heading-level-3'><a class=\"ez-toc-link ez-toc-heading-3\" href=\"https:\/\/plas.co\/it\/produttori-di-stampi\/#Where_can_we_find_injection_molded_plastic_part_manufacturers\" >Dove possiamo trovare produttori di parti in plastica stampate a iniezione?<\/a><\/li><li class='ez-toc-page-1 ez-toc-heading-level-3'><a class=\"ez-toc-link ez-toc-heading-4\" href=\"https:\/\/plas.co\/it\/produttori-di-stampi\/#What_is_a_reasonable_cost_for_a_plastic_injection_moold\" >Qual \u00e8 il costo ragionevole per un stampo a iniezione di plastica?<\/a><\/li><\/ul><\/li><\/ul><\/nav><\/div>\n<h2><span class=\"ez-toc-section\" id=\"What_is_plastic_Injection_Mould\"><\/span>Che cos'\u00e8 lo stampo a iniezione di plastica<span class=\"ez-toc-section-end\"><\/span><\/h2>\n<p><a href=\"http:\/\/plas.co\/it\/\">Stampo per iniezione di plastica<\/a> \u00e8 un utensile o uno stampo utilizzato per produrre parti in plastica in grandi volumi mediante il processo di stampaggio a iniezione. In genere \u00e8 realizzato in acciaio o alluminio ed \u00e8 progettato per creare una forma o una geometria specifica per il pezzo in plastica. Il <a href=\"https:\/\/www.plasticmold.net\/what-is-plastic-mold-technology\/\" target=\"_blank\" rel=\"noopener\">stampo a iniezione<\/a> viene creato con due met\u00e0 (met\u00e0 fissa e met\u00e0 mobile), che possono essere aperte e chiuse utilizzando una base o un sistema di piastre per stampi.<\/p>\n<p>Lo stampo viene prima progettato con un software di progettazione assistita da computer (CAD), come UG, PRO\/e, SOLIDWORKS, ecc. e poi creato con tecniche di produzione assistita da computer (CAM), come la lavorazione CNC, l'elettroerosione o il taglio a filo. Il processo di progettazione e fabbricazione degli stampi pu\u00f2 essere complesso e richiede un elevato livello di competenza e precisione per garantire che lo stampo produca pezzi di alta qualit\u00e0 che soddisfino le specifiche desiderate.<\/p>\n<p>Gli stampi per iniezione di plastica possono essere utilizzati per produrre un'ampia gamma di pezzi in plastica, da quelli piccoli e semplici a quelli grandi e complessi con geometrie intricate. Gli stampi possono anche essere utilizzati per produrre pezzi in una variet\u00e0 di materiali, tra cui termoplastici, termoindurenti ed elastomeri.<\/p>\n<div id=\"attachment_701\" style=\"width: 410px\" class=\"wp-caption alignright\"><a href=\"http:\/\/plas.co\/wp-content\/uploads\/2020\/01\/plastic-injection-mold.jpg\"><img decoding=\"async\" aria-describedby=\"caption-attachment-701\" class=\"wp-image-701 size-full\" src=\"http:\/\/plas.co\/wp-content\/uploads\/2020\/01\/plastic-injection-mold.jpg\" alt=\"produttori di stampi\" width=\"400\" height=\"300\" srcset=\"https:\/\/plas.co\/wp-content\/uploads\/2020\/01\/plastic-injection-mold.jpg 400w, https:\/\/plas.co\/wp-content\/uploads\/2020\/01\/plastic-injection-mold-300x225.jpg 300w\" sizes=\"(max-width: 400px) 100vw, 400px\" \/><\/a><p id=\"caption-attachment-701\" class=\"wp-caption-text\">produttori di stampi<\/p><\/div>\n<h3><span class=\"ez-toc-section\" id=\"What_are_the_best_plastic_injection_mould_manufacturers\"><\/span>Quali sono i migliori produttori di stampi per iniezione plastica?<span class=\"ez-toc-section-end\"><\/span><\/h3>\n<p>Quando si sceglie un <em>produttore di stampi a iniezione per plastica<\/em>\u00c8 essenziale considerare fattori quali l'esperienza, la competenza, le capacit\u00e0 produttive, le misure di controllo della qualit\u00e0 e il servizio clienti. Si pu\u00f2 anche considerare la loro posizione geografica, i prezzi e i tempi di consegna.<\/p>\n<p>Per trovare i produttori di stampi a iniezione per materie plastiche adatti alle vostre esigenze specifiche, potete effettuare ricerche online, chiedere referenze ai colleghi del settore o partecipare a fiere e conferenze per entrare in contatto con potenziali fornitori. \u00c8 inoltre fondamentale comunicare i requisiti del progetto in modo chiaro e approfondito per garantire che il produttore di stampi possa fornire i migliori risultati possibili.<\/p>\n<h3><span class=\"ez-toc-section\" id=\"Where_can_we_find_injection_molded_plastic_part_manufacturers\"><\/span>Dove possiamo trovare produttori di parti in plastica stampate a iniezione?<span class=\"ez-toc-section-end\"><\/span><\/h3>\n<p>Una volta che avete un progetto che ha bisogno di parti stampate in plastica, la prima cosa \u00e8 trovare produttori di stampi per fare questo per il vostro, la Cina sar\u00e0 il posto numero uno per il vostro progetto, ma come trovare produttore di stampi in plastica in Cina sar\u00e0 la vostra preoccupazione, di seguito ci sono diversi modi per trovare <em>produttori di parti in plastica stampate a iniezione<\/em>:<\/p>\n<ol>\n<li>Elenchi online: Esistono molte directory online che elencano i produttori di stampi a iniezione di plastica, come Alibaba. Questi elenchi consentono di cercare i produttori in base alla posizione, al settore o ad altri criteri, ma per verificare se ci sono buone aziende di stampaggio? \u00c8 necessario effettuare un controllo pi\u00f9 accurato, perch\u00e9 la piattaforma \u00e8 pi\u00f9 complessa.<\/li>\n<li>Fiere e conferenze: La partecipazione a fiere e conferenze del settore pu\u00f2 essere un modo eccellente per entrare in contatto con i produttori di stampaggio a iniezione di materie plastiche e conoscere meglio le loro capacit\u00e0 e i loro servizi.<\/li>\n<li>Referenze e raccomandazioni: Chiedete ai colleghi o ai contatti del settore di consigliarvi i produttori di stampaggio a iniezione con cui hanno lavorato in passato e di cui si fidano.<\/li>\n<li>Risorse locali: Consultate le associazioni imprenditoriali locali o i gruppi industriali per verificare se dispongono di un elenco di produttori di stampaggio a iniezione di materie plastiche nella vostra zona.<\/li>\n<li>Motori di ricerca: Effettuare una ricerca sui motori di ricerca per \"produttori di stampaggio a iniezione\" o parole chiave simili per trovare un elenco di potenziali produttori di stampaggio a iniezione. <a href=\"http:\/\/plas.co\/it\/\">fornitori di stampi<\/a>.<\/li>\n<\/ol>\n<h3><span class=\"ez-toc-section\" id=\"What_is_a_reasonable_cost_for_a_plastic_injection_moold\"><\/span>Qual \u00e8 il costo ragionevole per un stampo a iniezione di plastica?<span class=\"ez-toc-section-end\"><\/span><\/h3>\n<p>Il costo di uno stampo per iniezione plastica pu\u00f2 variare notevolmente in base a fattori quali la complessit\u00e0 del pezzo, le dimensioni dello stampo, il materiale utilizzato e il volume di produzione. In genere, gli stampi per pezzi pi\u00f9 piccoli, con geometrie semplici e volumi di produzione inferiori, sono meno costosi di quelli per pezzi pi\u00f9 grandi e complessi, con volumi di produzione pi\u00f9 elevati.<\/p>\n<p>Un semplice stampo a iniezione per una piccola parte in plastica pu\u00f2 costare da poche migliaia di dollari a decine di migliaia di dollari, mentre uno stampo pi\u00f9 complesso per una parte di grandi dimensioni con geometrie intricate potrebbe costare fino a $100.000 o pi\u00f9.<\/p>\n<p>\u00c8 essenziale tenere presente che il costo dello stampo \u00e8 solo uno dei fattori del costo totale del pezzo in plastica. Altri costi da considerare sono quelli dei materiali, della manodopera e delle spese generali. Inoltre, \u00e8 importante scegliere un'azienda affidabile ed esperta. <em>produttore di stampi<\/em> in grado di fornire uno stampo di alta qualit\u00e0 che soddisfi le vostre specifiche.<\/p>\n<p>Se avete un progetto che ha bisogno di una societ\u00e0 di stampi in plastica in Cina per supportare, non esitate a contattarci, vi offriremo il miglior prezzo, prezzo dello stampo a partire da $500, a seconda delle dimensioni e delle caratteristiche della parte.<\/p>\n<p>Il produttore di stampi in plastica Sincere Tech ha sempre insistito nel soddisfare i clienti con tecnologia professionale e buone attrezzature negli aspetti dello sviluppo, della fabbricazione e dell'iniezione di stampi. Abbiamo introdotto attrezzature di lavorazione avanzate dall'estero, che includono il sistema CAD\/CAE\/CAM, la macchina di misura tridimensionale, la fresatura ad alta velocit\u00e0, il centro di lavoro CNC, la scintilla elettrica CNC, per garantire la tecnologia degli stampi, la produzione e anche la qualit\u00e0. Siamo in grado di produrre da piccoli stampi di precisione a grandi stampi per ricambi auto, stampi per grandi contenitori.<\/p>\n<p>In Sincere Tech, il vostro prodotto sar\u00e0 sottoposto a un'efficace gestione del progetto che ridurr\u00e0 i costi e permetter\u00e0 ai vostri prodotti di arrivare sul mercato nel pi\u00f9 breve tempo possibile.<\/p>\n<\/div><\/section>","protected":false},"excerpt":{"rendered":"","protected":false},"author":1,"featured_media":603,"parent":0,"menu_order":0,"comment_status":"open","ping_status":"open","template":"","meta":{"footnotes":""},"class_list":["post-125","page","type-page","status-publish","has-post-thumbnail","hentry"],"_links":{"self":[{"href":"https:\/\/plas.co\/it\/wp-json\/wp\/v2\/pages\/125","targetHints":{"allow":["GET"]}}],"collection":[{"href":"https:\/\/plas.co\/it\/wp-json\/wp\/v2\/pages"}],"about":[{"href":"https:\/\/plas.co\/it\/wp-json\/wp\/v2\/types\/page"}],"author":[{"embeddable":true,"href":"https:\/\/plas.co\/it\/wp-json\/wp\/v2\/users\/1"}],"replies":[{"embeddable":true,"href":"https:\/\/plas.co\/it\/wp-json\/wp\/v2\/comments?post=125"}],"version-history":[{"count":0,"href":"https:\/\/plas.co\/it\/wp-json\/wp\/v2\/pages\/125\/revisions"}],"wp:featuredmedia":[{"embeddable":true,"href":"https:\/\/plas.co\/it\/wp-json\/wp\/v2\/media\/603"}],"wp:attachment":[{"href":"https:\/\/plas.co\/it\/wp-json\/wp\/v2\/media?parent=125"}],"curies":[{"name":"wp","href":"https:\/\/api.w.org\/{rel}","templated":true}]}}