{"id":146,"date":"2014-09-20T19:04:21","date_gmt":"2014-09-20T11:04:21","guid":{"rendered":"http:\/\/andy-mold.com\/?page_id=146"},"modified":"2016-02-14T14:13:57","modified_gmt":"2016-02-14T06:13:57","slug":"gestione-del-progetto","status":"publish","type":"page","link":"https:\/\/plas.co\/it\/ingegneria\/gestione-del-progetto\/","title":{"rendered":"Gestione del progetto"},"content":{"rendered":"<p>Per la gestione dei progetti di stampi a iniezione di plastica, Andy Mould dispone di un team di progettazione. Questo team ha un background multi-tecnologico, non solo nella plastica, ma anche nel metallo e nell'elettronica. Ogni progetto sar\u00e0 seguito da un ingegnere di progetto esperto, che condurr\u00e0 come team leader lo sviluppo del progetto, il supporto tecnico al cliente, il controllo di qualit\u00e0, il coordinamento tra i reparti durante l'intero processo di sviluppo.<br \/>\n<b>Routine di lavoro<\/b><br \/>\nAggiornamento settimanale al cliente<br \/>\nTracciamento coerente delle milestone di costruzione dello strumento<br \/>\nComunicazione quotidiana per qualsiasi problema<br \/>\nChiudere il progetto con la produzione in serie o la consegna degli strumenti<\/p>\n<p>In queste tre fasi \u00e8 necessaria l'approvazione scritta del cliente:<br \/>\nApprovazione del progetto dello stampo<br \/>\nApprovazione del campione<br \/>\nConsegna e approvazione dello stampo<\/p>\n<p><b>Dopo la vendita<\/b><br \/>\nI ricambi possono essere forniti dopo la vendita<br \/>\nSuggerimenti ingegneristici disponibili se il cliente ne ha bisogno<\/p>","protected":false},"excerpt":{"rendered":"<p>Plastic injection mould projects management, Andy Mould has a project engineering team. This team has multi-backgrounds of technologies, not only in plastic, but also metal and electronics. Each project will be followed by a experienced project engineer, who will conduct as the team leader of project development, customer technical support, quality control, cross-department coordinate during [&hellip;]<\/p>\n","protected":false},"author":1,"featured_media":0,"parent":22,"menu_order":0,"comment_status":"open","ping_status":"open","template":"","meta":{"footnotes":""},"class_list":["post-146","page","type-page","status-publish","hentry"],"_links":{"self":[{"href":"https:\/\/plas.co\/it\/wp-json\/wp\/v2\/pages\/146","targetHints":{"allow":["GET"]}}],"collection":[{"href":"https:\/\/plas.co\/it\/wp-json\/wp\/v2\/pages"}],"about":[{"href":"https:\/\/plas.co\/it\/wp-json\/wp\/v2\/types\/page"}],"author":[{"embeddable":true,"href":"https:\/\/plas.co\/it\/wp-json\/wp\/v2\/users\/1"}],"replies":[{"embeddable":true,"href":"https:\/\/plas.co\/it\/wp-json\/wp\/v2\/comments?post=146"}],"version-history":[{"count":0,"href":"https:\/\/plas.co\/it\/wp-json\/wp\/v2\/pages\/146\/revisions"}],"up":[{"embeddable":true,"href":"https:\/\/plas.co\/it\/wp-json\/wp\/v2\/pages\/22"}],"wp:attachment":[{"href":"https:\/\/plas.co\/it\/wp-json\/wp\/v2\/media?parent=146"}],"curies":[{"name":"wp","href":"https:\/\/api.w.org\/{rel}","templated":true}]}}