{"id":15,"date":"2014-09-20T14:09:15","date_gmt":"2014-09-20T06:09:15","guid":{"rendered":"http:\/\/andy-mold.com\/?page_id=15"},"modified":"2024-03-23T23:37:06","modified_gmt":"2024-03-23T15:37:06","slug":"azienda","status":"publish","type":"page","link":"https:\/\/plas.co\/it\/azienda\/","title":{"rendered":"Chi siamo"},"content":{"rendered":"<section  class='av_textblock_section av-lehbcujc-e36697ed1bea52a8cb8c1afa77e72bd4'   itemscope=\"itemscope\" itemtype=\"https:\/\/schema.org\/CreativeWork\" ><div class='avia_textblock'  itemprop=\"text\" ><div id=\"ez-toc-container\" class=\"ez-toc-v2_0_82_2 counter-hierarchy ez-toc-counter ez-toc-grey ez-toc-container-direction\">\n<div class=\"ez-toc-title-container\">\n<p class=\"ez-toc-title\" style=\"cursor:inherit\">Indice dei contenuti<\/p>\n<span class=\"ez-toc-title-toggle\"><a href=\"#\" class=\"ez-toc-pull-right ez-toc-btn ez-toc-btn-xs ez-toc-btn-default ez-toc-toggle\" aria-label=\"Allinea la tabella dei contenuti\"><span class=\"ez-toc-js-icon-con\"><span class=\"\"><span class=\"eztoc-hide\" style=\"display:none;\">Toggle<\/span><span class=\"ez-toc-icon-toggle-span\"><svg style=\"fill: #999;color:#999\" xmlns=\"http:\/\/www.w3.org\/2000\/svg\" class=\"list-377408\" width=\"20px\" height=\"20px\" viewbox=\"0 0 24 24\" fill=\"none\"><path d=\"M6 6H4v2h2V6zm14 0H8v2h12V6zM4 11h2v2H4v-2zm16 0H8v2h12v-2zM4 16h2v2H4v-2zm16 0H8v2h12v-2z\" fill=\"currentColor\"><\/path><\/svg><svg style=\"fill: #999;color:#999\" class=\"arrow-unsorted-368013\" xmlns=\"http:\/\/www.w3.org\/2000\/svg\" width=\"10px\" height=\"10px\" viewbox=\"0 0 24 24\" version=\"1.2\" baseprofile=\"tiny\"><path d=\"M18.2 9.3l-6.2-6.3-6.2 6.3c-.2.2-.3.4-.3.7s.1.5.3.7c.2.2.4.3.7.3h11c.3 0 .5-.1.7-.3.2-.2.3-.5.3-.7s-.1-.5-.3-.7zM5.8 14.7l6.2 6.3 6.2-6.3c.2-.2.3-.5.3-.7s-.1-.5-.3-.7c-.2-.2-.4-.3-.7-.3h-11c-.3 0-.5.1-.7.3-.2.2-.3.5-.3.7s.1.5.3.7z\"\/><\/svg><\/span><\/span><\/span><\/a><\/span><\/div>\n<nav><ul class='ez-toc-list ez-toc-list-level-1' ><li class='ez-toc-page-1 ez-toc-heading-level-2'><a class=\"ez-toc-link ez-toc-heading-1\" href=\"https:\/\/plas.co\/it\/azienda\/#Plastic_Mold_Company_In_China_All_in_one_service\" >Azienda di stampi in plastica in Cina: Tutto in un servizio<\/a><ul class='ez-toc-list-level-3' ><li class='ez-toc-heading-level-3'><a class=\"ez-toc-link ez-toc-heading-2\" href=\"https:\/\/plas.co\/it\/azienda\/#Our_plastic_mold_company_services_include\" >I servizi della nostra azienda di stampi per materie plastiche comprendono:<\/a><ul class='ez-toc-list-level-4' ><li class='ez-toc-heading-level-4'><a class=\"ez-toc-link ez-toc-heading-3\" href=\"https:\/\/plas.co\/it\/azienda\/#Our_product_development_services_include\" >I nostri servizi di sviluppo prodotti includono:<\/a><\/li><\/ul><\/li><li class='ez-toc-page-1 ez-toc-heading-level-3'><a class=\"ez-toc-link ez-toc-heading-4\" href=\"https:\/\/plas.co\/it\/azienda\/#We_supply_the_following_for_the_final_stage_of_assembly\" >Per la fase finale dell'assemblaggio forniamo quanto segue:<\/a><\/li><\/ul><\/li><\/ul><\/nav><\/div>\n<h2><span class=\"ez-toc-section\" id=\"Plastic_Mold_Company_In_China_All_in_one_service\"><\/span>Azienda di stampi in plastica in Cina: Tutto in un servizio<span class=\"ez-toc-section-end\"><\/span><\/h2>\n<p>La cinese Plas.co (Sincere Tech) produce eccellenti stampi in plastica. Fornisce stampi personalizzati, stampaggio a iniezione, progettazione di parti, prototipazione, test, pressofusione, lavorazione, stampaggio di silicone, assemblaggio e altro ancora. Vi diamo il benvenuto.<\/p>\n<p>L'azienda di stampi per materie plastiche Plas.co \u00e8 orgogliosa della sua qualit\u00e0, innovazione e soddisfazione dei clienti. I nostri ingegneri e tecnici specializzati utilizzano le tecnologie e i metodi pi\u00f9 recenti per garantire che ogni progetto soddisfi o superi le aspettative dei clienti.<\/p>\n<p>Progettiamo e costruiamo stampi a iniezione di plastica di alta qualit\u00e0, stampi per pressofusione e parti per lo stampaggio del silicone, ma offriamo anche l'assemblaggio. Dall'idea alla consegna, siamo in grado di assistervi. Questo include la prototipazione, il collaudo, la riprogettazione, l'assemblaggio di PCB, la saldatura di cavi, l'ispezione, la produzione e il collaudo.<\/p>\n<h3><span class=\"ez-toc-section\" id=\"Our_plastic_mold_company_services_include\"><\/span><span lang=\"EN-US\">I servizi della nostra azienda di stampi per materie plastiche comprendono:<\/span><span class=\"ez-toc-section-end\"><\/span><\/h3>\n<p>Che abbiate bisogno di uno stampo per lo stampaggio a iniezione, la pressofusione o lo stampaggio del silicone, la nostra azienda di produzione di stampi vi copre. La nostra azienda offre servizi completi di produzione di stampi. Gli stampi possono essere realizzati su misura in base alle vostre esatte specifiche utilizzando tecniche di produzione all'avanguardia, in modo da garantirvi la massima qualit\u00e0 del vostro progetto.<\/p>\n<p>Componenti stampati a iniezione: Siamo leader nella produzione di componenti in plastica di alta qualit\u00e0 stampati su misura per molti settori diversi. Potete contare sul nostro team di tecnici e ingegneri esperti per essere al vostro fianco durante l'intero processo, dal brainstorming alla consegna.<\/p>\n<p>La nostra azienda fornisce servizi di pressofusione personalizzati, a partire dalla progettazione dello stampo fino alla produzione, alla finitura e oltre. Utilizziamo tecnologie e metodi all'avanguardia per garantire che il vostro progetto soddisfi gli standard pi\u00f9 elevati, riflettendo la nostra dedizione nell'offrire ai nostri clienti il miglior servizio e la migliore qualit\u00e0.<\/p>\n<p>I nostri macchinari all'avanguardia per la fresatura e la tornitura sono perfetti per la produzione di componenti e pezzi di precisione per molti tipi di aziende. Utilizzando strumenti e tecniche all'avanguardia, completiamo ogni progetto con la massima qualit\u00e0. Questo dimostra che siamo impegnati a fornire ai nostri clienti un servizio di altissima qualit\u00e0.<\/p>\n<p>Siamo un'azienda specializzata nella produzione di componenti per lo stampaggio del silicone di alta qualit\u00e0 per molti settori diversi. Potete contare sul nostro team di tecnici e ingegneri esperti per essere al vostro fianco durante l'intero processo, dal brainstorming alla consegna.<\/p>\n<p>Produzione di stampi, stampi in silicone, lavorazione, pressofusione, sviluppo del prodotto e assemblaggio finale sono solo alcuni dei numerosi servizi di produzione offerti dalla nostra azienda.<\/p>\n<p>Il nostro staff professionale di progettisti e tecnici \u00e8 in grado di seguire il vostro prodotto dall'inizio alla fine. Poich\u00e9 utilizziamo tecnologie e procedure all'avanguardia, potete essere certi che il prodotto finale sar\u00e0 impeccabile sotto ogni aspetto. Infine, lavoriamo a stretto contatto con i nostri clienti dall'inizio alla fine per soddisfare le loro richieste.<\/p>\n<h4><span class=\"ez-toc-section\" id=\"Our_product_development_services_include\"><\/span><span lang=\"EN-US\">I nostri servizi di sviluppo prodotti includono:<\/span><span class=\"ez-toc-section-end\"><\/span><\/h4>\n<p>A partire dal concetto: Con i nostri servizi di progettazione completi, possiamo soddisfare ogni esigenza e trasformare i vostri sogni in realt\u00e0.<\/p>\n<p>Prototipazione: Con i nostri servizi di prototipazione, potete testare il vostro prodotto prima che arrivi sul mercato. Questo vi aiuter\u00e0 a garantire che il vostro prodotto soddisfi tutte le vostre esigenze e a prevenire l'insorgere di problemi.<\/p>\n<p>Utensili: Possiamo aiutarvi a fabbricare il vostro prodotto su larga scala fornendovi strategie su misura per l'attrezzaggio. In questo modo garantiamo che il vostro prodotto sia di altissima qualit\u00e0 e sia stato realizzato a mano con cura.<\/p>\n<p>Produzione: Stampaggio a iniezione, pressofusione, lavorazione e stampaggio del silicone sono solo alcuni dei numerosi processi che compongono i nostri servizi di produzione. In questo modo siamo in grado di fornire una soluzione produttiva completa.<\/p>\n<h3><span class=\"ez-toc-section\" id=\"We_supply_the_following_for_the_final_stage_of_assembly\"><\/span>Per la fase finale dell'assemblaggio forniamo quanto segue:<span class=\"ez-toc-section-end\"><\/span><\/h3>\n<p>Assemblaggio di parti: Siamo in grado di mettere insieme i componenti per creare un insieme. Ogni componente funzioner\u00e0 come previsto e vi promettiamo che il risultato finale sar\u00e0 migliore di quello che speravate.<\/p>\n<p>Test: Possiamo sottoporre il prodotto finito alla nostra procedura di collaudo per garantire che sia conforme agli standard e soddisfi i vostri requisiti.<\/p>\n<p>Certificato: Siamo in grado di produrre prodotti elettronici che soddisfano i requisiti degli enti di certificazione internazionali come CE, ETL o FCC.<\/p>\n<p>Imballaggio: Possiamo imballare il prodotto finito esattamente come lo desiderate, in modo da garantirvi che arrivi a destinazione integro.<\/p>\n<p>L'obiettivo di Plas.co \u00e8 quello di offrire servizi completi ai nostri clienti, a partire dallo sviluppo del prodotto fino all'assemblaggio finale. Se avete domande su come possiamo assistervi nel vostro prossimo progetto, contattateci senza indugio.<\/p>\n<div id=\"attachment_394\" style=\"width: 4762px\" class=\"wp-caption aligncenter\"><a href=\"http:\/\/plas.co\/wp-content\/uploads\/2016\/02\/IMG_9539.jpg\"><img decoding=\"async\" aria-describedby=\"caption-attachment-394\" class=\"wp-image-394 size-full\" src=\"http:\/\/plas.co\/wp-content\/uploads\/2016\/02\/IMG_9539.jpg\" alt=\"azienda di stampi per plastica\" width=\"4752\" height=\"3168\" srcset=\"https:\/\/plas.co\/wp-content\/uploads\/2016\/02\/IMG_9539.jpg 4752w, https:\/\/plas.co\/wp-content\/uploads\/2016\/02\/IMG_9539-300x200.jpg 300w, https:\/\/plas.co\/wp-content\/uploads\/2016\/02\/IMG_9539-768x512.jpg 768w, https:\/\/plas.co\/wp-content\/uploads\/2016\/02\/IMG_9539-1024x683.jpg 1024w\" sizes=\"(max-width: 4752px) 100vw, 4752px\" \/><\/a><p id=\"caption-attachment-394\" class=\"wp-caption-text\">azienda di stampi per plastica<\/p><\/div>\n<\/div><\/section>","protected":false},"excerpt":{"rendered":"","protected":false},"author":1,"featured_media":836,"parent":0,"menu_order":0,"comment_status":"open","ping_status":"open","template":"","meta":{"footnotes":""},"class_list":["post-15","page","type-page","status-publish","has-post-thumbnail","hentry"],"_links":{"self":[{"href":"https:\/\/plas.co\/it\/wp-json\/wp\/v2\/pages\/15","targetHints":{"allow":["GET"]}}],"collection":[{"href":"https:\/\/plas.co\/it\/wp-json\/wp\/v2\/pages"}],"about":[{"href":"https:\/\/plas.co\/it\/wp-json\/wp\/v2\/types\/page"}],"author":[{"embeddable":true,"href":"https:\/\/plas.co\/it\/wp-json\/wp\/v2\/users\/1"}],"replies":[{"embeddable":true,"href":"https:\/\/plas.co\/it\/wp-json\/wp\/v2\/comments?post=15"}],"version-history":[{"count":0,"href":"https:\/\/plas.co\/it\/wp-json\/wp\/v2\/pages\/15\/revisions"}],"wp:featuredmedia":[{"embeddable":true,"href":"https:\/\/plas.co\/it\/wp-json\/wp\/v2\/media\/836"}],"wp:attachment":[{"href":"https:\/\/plas.co\/it\/wp-json\/wp\/v2\/media?parent=15"}],"curies":[{"name":"wp","href":"https:\/\/api.w.org\/{rel}","templated":true}]}}