{"id":24,"date":"2014-09-20T14:37:02","date_gmt":"2014-09-20T06:37:02","guid":{"rendered":"http:\/\/andy-mold.com\/?page_id=24"},"modified":"2016-02-14T14:16:27","modified_gmt":"2016-02-14T06:16:27","slug":"qualita","status":"publish","type":"page","link":"https:\/\/plas.co\/it\/qualita\/","title":{"rendered":"Qualit\u00e0"},"content":{"rendered":"<p><b>La nostra qualit\u00e0:<\/b><\/p>\n<p>Ci impegniamo a garantire la qualit\u00e0 dei nostri prodotti e a migliorarli. A differenza di molti nostri concorrenti, forniamo prodotti di alta qualit\u00e0 e un servizio di qualit\u00e0 per soddisfare o superare le aspettative dei clienti.<\/p>\n<p>Norme di certificazione ISO 900l-2000...<\/p>\n<p>Il nostro Sistema di Gestione della Qualit\u00e0 si estende a tutta la transazione commerciale, che comprende:<\/p>\n<p>Revisione del progetto<br \/>\nVerifica e validazione del progetto<br \/>\nControllo elettronico della calibrazione<br \/>\nIspezione di ricezione<br \/>\nPianificazione della qualit\u00e0 documentata obbligatoria per ogni progetto<br \/>\nIspezione del primo articolo<br \/>\nIspezione finale\/ultima ispezione<\/p>\n<p><b>I vostri prodotti saranno ispezionati dal nostro servizio qualit\u00e0 completo<\/b><\/p>\n<p>Macchina di misura a coordinate (CMM)<\/p>\n<p>Proiettore ottico<\/p>\n<p>Studi sulla capacit\u00e0 di processo degli utensili<\/p>","protected":false},"excerpt":{"rendered":"<p>Our Quality: We are committed to ensuring the quality of our products as well as improving them. Unlike many of our competitors, Provide high quality products and quality service to meet or exceed customer&#8217;s expectations. ISO 900l-2000 Certification standards.. Our Quality Management System runs through the whole business transaction, which includes: Design review Design verification [&hellip;]<\/p>\n","protected":false},"author":1,"featured_media":0,"parent":0,"menu_order":0,"comment_status":"open","ping_status":"open","template":"","meta":{"footnotes":""},"class_list":["post-24","page","type-page","status-publish","hentry"],"_links":{"self":[{"href":"https:\/\/plas.co\/it\/wp-json\/wp\/v2\/pages\/24","targetHints":{"allow":["GET"]}}],"collection":[{"href":"https:\/\/plas.co\/it\/wp-json\/wp\/v2\/pages"}],"about":[{"href":"https:\/\/plas.co\/it\/wp-json\/wp\/v2\/types\/page"}],"author":[{"embeddable":true,"href":"https:\/\/plas.co\/it\/wp-json\/wp\/v2\/users\/1"}],"replies":[{"embeddable":true,"href":"https:\/\/plas.co\/it\/wp-json\/wp\/v2\/comments?post=24"}],"version-history":[{"count":0,"href":"https:\/\/plas.co\/it\/wp-json\/wp\/v2\/pages\/24\/revisions"}],"wp:attachment":[{"href":"https:\/\/plas.co\/it\/wp-json\/wp\/v2\/media?parent=24"}],"curies":[{"name":"wp","href":"https:\/\/api.w.org\/{rel}","templated":true}]}}