{"id":100,"date":"2014-09-20T16:18:58","date_gmt":"2014-09-20T08:18:58","guid":{"rendered":"http:\/\/andy-mold.com\/?page_id=100"},"modified":"2026-01-09T21:16:30","modified_gmt":"2026-01-09T13:16:30","slug":"stopeform-for-bilindustrien","status":"publish","type":"page","link":"https:\/\/plas.co\/nb\/produkter\/stopeform-for-bilindustrien\/","title":{"rendered":"St\u00f8peform for biler"},"content":{"rendered":"<div  class='flex_column av-8gcv8-2577ba9e0c13fce46414471b02123209 av_one_full  avia-builder-el-0  el_before_av_textblock  avia-builder-el-first  first flex_column_div'     ><style type=\"text\/css\" data-created_by=\"avia_inline_auto\" id=\"style-css-av-lel1ywqt-993f07fca39d4726bedded6a95944041\">\n#top .avia-gallery.av-lel1ywqt-993f07fca39d4726bedded6a95944041 .avia-gallery-thumb a{\nwidth:33.3333%;\n}\n<\/style>\n<div  class='avia-gallery av-lel1ywqt-993f07fca39d4726bedded6a95944041 avia_animate_when_visible  avia-builder-el-1  avia-builder-el-no-sibling  avia_lazyload avia-gallery-animate avia-gallery-1'  itemprop=\"image\" itemscope=\"itemscope\" itemtype=\"https:\/\/schema.org\/ImageObject\" ><meta itemprop=\"contentURL\" content=\"https:\/\/plas.co\/nb\/produkter\/stopeform-for-bilindustrien\/\"><div class='avia-gallery-thumb'><a href=\"https:\/\/plas.co\/wp-content\/uploads\/2023\/02\/automotive-injection-mold-1.jpg\" data-srcset=\"https:\/\/plas.co\/wp-content\/uploads\/2023\/02\/automotive-injection-mold-1.jpg 800w, https:\/\/plas.co\/wp-content\/uploads\/2023\/02\/automotive-injection-mold-1-300x225.jpg 300w, https:\/\/plas.co\/wp-content\/uploads\/2023\/02\/automotive-injection-mold-1-768x576.jpg 768w, https:\/\/plas.co\/wp-content\/uploads\/2023\/02\/automotive-injection-mold-1-705x529.jpg 705w\" data-sizes=\"(max-width: 800px) 100vw, 800px\" data-rel='gallery-1' data-prev-img='https:\/\/plas.co\/wp-content\/uploads\/2023\/02\/automotive-injection-mold-1-495x400.jpg' class='first_thumb lightbox' data-onclick='1' title='spr\u00f8ytest\u00f8peform for bilindustrien'  itemprop=\"thumbnailUrl\"  ><img decoding=\"async\" fetchpriority=\"high\" class=\"wp-image-936 avia-img-lazy-loading-not-936\"   src=\"https:\/\/plas.co\/wp-content\/uploads\/2023\/02\/automotive-injection-mold-1-495x400.jpg\" width=\"495\" height=\"400\"  title='spr\u00f8ytest\u00f8peform for bilindustrien' alt='spr\u00f8ytest\u00f8peform for bilindustrien' \/><div class='big-prev-fake'><img decoding=\"async\" loading=\"lazy\" class=\"wp-image-936 avia-img-lazy-loading-936\"  width=\"495\" height=\"400\" src=\"https:\/\/plas.co\/wp-content\/uploads\/2023\/02\/automotive-injection-mold-1-495x400.jpg\" title='spr\u00f8ytest\u00f8peform for bilindustrien' alt='spr\u00f8ytest\u00f8peform for bilindustrien' \/><\/div><\/a><a href=\"https:\/\/plas.co\/wp-content\/uploads\/2023\/02\/automotive-mould-factory.jpg\" data-srcset=\"https:\/\/plas.co\/wp-content\/uploads\/2023\/02\/automotive-mould-factory.jpg 800w, https:\/\/plas.co\/wp-content\/uploads\/2023\/02\/automotive-mould-factory-300x225.jpg 300w, https:\/\/plas.co\/wp-content\/uploads\/2023\/02\/automotive-mould-factory-768x576.jpg 768w, https:\/\/plas.co\/wp-content\/uploads\/2023\/02\/automotive-mould-factory-705x529.jpg 705w\" data-sizes=\"(max-width: 800px) 100vw, 800px\" data-rel='gallery-1' data-prev-img='https:\/\/plas.co\/wp-content\/uploads\/2023\/02\/automotive-mould-factory-495x400.jpg' class='lightbox' data-onclick='2' title='st\u00f8peformfabrikk for bilindustrien'  itemprop=\"thumbnailUrl\"  ><img decoding=\"async\" fetchpriority=\"high\" class=\"wp-image-938 avia-img-lazy-loading-not-938\"   src=\"https:\/\/plas.co\/wp-content\/uploads\/2023\/02\/automotive-mould-factory-495x400.jpg\" width=\"495\" height=\"400\"  title='st\u00f8peformfabrikk for bilindustrien' alt='st\u00f8peformfabrikk for bilindustrien' \/><div class='big-prev-fake'><img decoding=\"async\" loading=\"lazy\" class=\"wp-image-938 avia-img-lazy-loading-938\"  width=\"495\" height=\"400\" src=\"https:\/\/plas.co\/wp-content\/uploads\/2023\/02\/automotive-mould-factory-495x400.jpg\" title='st\u00f8peformfabrikk for bilindustrien' alt='st\u00f8peformfabrikk for bilindustrien' \/><\/div><\/a><a href=\"https:\/\/plas.co\/wp-content\/uploads\/2023\/02\/automotive-parts-mould.jpg\" data-srcset=\"https:\/\/plas.co\/wp-content\/uploads\/2023\/02\/automotive-parts-mould.jpg 600w, https:\/\/plas.co\/wp-content\/uploads\/2023\/02\/automotive-parts-mould-225x300.jpg 225w, https:\/\/plas.co\/wp-content\/uploads\/2023\/02\/automotive-parts-mould-529x705.jpg 529w\" data-sizes=\"(max-width: 600px) 100vw, 600px\" data-rel='gallery-1' data-prev-img='https:\/\/plas.co\/wp-content\/uploads\/2023\/02\/automotive-parts-mould-495x400.jpg' class='lightbox' data-onclick='3' title='st\u00f8peform for bildeler'  itemprop=\"thumbnailUrl\"  ><img decoding=\"async\" fetchpriority=\"high\" class=\"wp-image-941 avia-img-lazy-loading-not-941\"   src=\"https:\/\/plas.co\/wp-content\/uploads\/2023\/02\/automotive-parts-mould-495x400.jpg\" width=\"495\" height=\"400\"  title='st\u00f8peform for bildeler' alt='st\u00f8peform for bildeler' \/><div class='big-prev-fake'><img decoding=\"async\" loading=\"lazy\" class=\"wp-image-941 avia-img-lazy-loading-941\"  width=\"495\" height=\"400\" src=\"https:\/\/plas.co\/wp-content\/uploads\/2023\/02\/automotive-parts-mould-495x400.jpg\" title='st\u00f8peform for bildeler' alt='st\u00f8peform for bildeler' \/><\/div><\/a><a href=\"https:\/\/plas.co\/wp-content\/uploads\/2023\/02\/automotive-plastic-mould.jpg\" data-srcset=\"https:\/\/plas.co\/wp-content\/uploads\/2023\/02\/automotive-plastic-mould.jpg 800w, https:\/\/plas.co\/wp-content\/uploads\/2023\/02\/automotive-plastic-mould-300x225.jpg 300w, https:\/\/plas.co\/wp-content\/uploads\/2023\/02\/automotive-plastic-mould-768x576.jpg 768w, https:\/\/plas.co\/wp-content\/uploads\/2023\/02\/automotive-plastic-mould-705x529.jpg 705w\" data-sizes=\"(max-width: 800px) 100vw, 800px\" data-rel='gallery-1' data-prev-img='https:\/\/plas.co\/wp-content\/uploads\/2023\/02\/automotive-plastic-mould-495x400.jpg' class='first_thumb lightbox' data-onclick='4' title='plastform for bilindustrien'  itemprop=\"thumbnailUrl\"  ><img decoding=\"async\" fetchpriority=\"high\" class=\"wp-image-942 avia-img-lazy-loading-not-942\"   src=\"https:\/\/plas.co\/wp-content\/uploads\/2023\/02\/automotive-plastic-mould-495x400.jpg\" width=\"495\" height=\"400\"  title='plastform for bilindustrien' alt='plastform for bilindustrien' \/><div class='big-prev-fake'><img decoding=\"async\" loading=\"lazy\" class=\"wp-image-942 avia-img-lazy-loading-942\"  width=\"495\" height=\"400\" src=\"https:\/\/plas.co\/wp-content\/uploads\/2023\/02\/automotive-plastic-mould-495x400.jpg\" title='plastform for bilindustrien' alt='plastform for bilindustrien' \/><\/div><\/a><a href=\"https:\/\/plas.co\/wp-content\/uploads\/2023\/02\/China-automotive-mold-maker.jpg\" data-srcset=\"https:\/\/plas.co\/wp-content\/uploads\/2023\/02\/China-automotive-mold-maker.jpg 600w, https:\/\/plas.co\/wp-content\/uploads\/2023\/02\/China-automotive-mold-maker-225x300.jpg 225w, https:\/\/plas.co\/wp-content\/uploads\/2023\/02\/China-automotive-mold-maker-529x705.jpg 529w\" data-sizes=\"(max-width: 600px) 100vw, 600px\" data-rel='gallery-1' data-prev-img='https:\/\/plas.co\/wp-content\/uploads\/2023\/02\/China-automotive-mold-maker-495x400.jpg' class='lightbox' data-onclick='5' title='Kinesisk produsent av st\u00f8peformer til bilindustrien'  itemprop=\"thumbnailUrl\"  ><img decoding=\"async\" fetchpriority=\"high\" class=\"wp-image-943 avia-img-lazy-loading-not-943\"   src=\"https:\/\/plas.co\/wp-content\/uploads\/2023\/02\/China-automotive-mold-maker-495x400.jpg\" width=\"495\" height=\"400\"  title='Kinesisk produsent av st\u00f8peformer til bilindustrien' alt='Kinesisk produsent av st\u00f8peformer til bilindustrien' \/><div class='big-prev-fake'><img decoding=\"async\" loading=\"lazy\" class=\"wp-image-943 avia-img-lazy-loading-943\"  width=\"495\" height=\"400\" src=\"https:\/\/plas.co\/wp-content\/uploads\/2023\/02\/China-automotive-mold-maker-495x400.jpg\" title='Kinesisk produsent av st\u00f8peformer til bilindustrien' alt='Kinesisk produsent av st\u00f8peformer til bilindustrien' \/><\/div><\/a><a href=\"https:\/\/plas.co\/wp-content\/uploads\/2023\/02\/china-automotive-mould.jpg\" data-srcset=\"https:\/\/plas.co\/wp-content\/uploads\/2023\/02\/china-automotive-mould.jpg 600w, https:\/\/plas.co\/wp-content\/uploads\/2023\/02\/china-automotive-mould-225x300.jpg 225w, https:\/\/plas.co\/wp-content\/uploads\/2023\/02\/china-automotive-mould-529x705.jpg 529w\" data-sizes=\"(max-width: 600px) 100vw, 600px\" data-rel='gallery-1' data-prev-img='https:\/\/plas.co\/wp-content\/uploads\/2023\/02\/china-automotive-mould-495x400.jpg' class='lightbox' data-onclick='6' title='st\u00f8peform for bilindustrien i Kina'  itemprop=\"thumbnailUrl\"  ><img decoding=\"async\" fetchpriority=\"high\" class=\"wp-image-944 avia-img-lazy-loading-not-944\"   src=\"https:\/\/plas.co\/wp-content\/uploads\/2023\/02\/china-automotive-mould-495x400.jpg\" width=\"495\" height=\"400\"  title='st\u00f8peform for bilindustrien i Kina' alt='st\u00f8peform for bilindustrien i Kina' \/><div class='big-prev-fake'><img decoding=\"async\" loading=\"lazy\" class=\"wp-image-944 avia-img-lazy-loading-944\"  width=\"495\" height=\"400\" src=\"https:\/\/plas.co\/wp-content\/uploads\/2023\/02\/china-automotive-mould-495x400.jpg\" title='st\u00f8peform for bilindustrien i Kina' alt='st\u00f8peform for bilindustrien i Kina' \/><\/div><\/a><\/div><\/div><\/div>\n<section  class='av_textblock_section av-lel30rvk-cf1539555210428ee0eb928e39734301'   itemscope=\"itemscope\" itemtype=\"https:\/\/schema.org\/CreativeWork\" ><div class='avia_textblock'  itemprop=\"text\" ><div id=\"ez-toc-container\" class=\"ez-toc-v2_0_82_2 counter-hierarchy ez-toc-counter ez-toc-grey ez-toc-container-direction\">\n<div class=\"ez-toc-title-container\">\n<p class=\"ez-toc-title\" style=\"cursor:inherit\">Innholdsfortegnelse<\/p>\n<span class=\"ez-toc-title-toggle\"><a href=\"#\" class=\"ez-toc-pull-right ez-toc-btn ez-toc-btn-xs ez-toc-btn-default ez-toc-toggle\" aria-label=\"Veksle mellom innholdsfortegnelsen\"><span class=\"ez-toc-js-icon-con\"><span class=\"\"><span class=\"eztoc-hide\" style=\"display:none;\">Toggle<\/span><span class=\"ez-toc-icon-toggle-span\"><svg style=\"fill: #999;color:#999\" xmlns=\"http:\/\/www.w3.org\/2000\/svg\" class=\"list-377408\" width=\"20px\" height=\"20px\" viewbox=\"0 0 24 24\" fill=\"none\"><path d=\"M6 6H4v2h2V6zm14 0H8v2h12V6zM4 11h2v2H4v-2zm16 0H8v2h12v-2zM4 16h2v2H4v-2zm16 0H8v2h12v-2z\" fill=\"currentColor\"><\/path><\/svg><svg style=\"fill: #999;color:#999\" class=\"arrow-unsorted-368013\" xmlns=\"http:\/\/www.w3.org\/2000\/svg\" width=\"10px\" height=\"10px\" viewbox=\"0 0 24 24\" version=\"1.2\" baseprofile=\"tiny\"><path d=\"M18.2 9.3l-6.2-6.3-6.2 6.3c-.2.2-.3.4-.3.7s.1.5.3.7c.2.2.4.3.7.3h11c.3 0 .5-.1.7-.3.2-.2.3-.5.3-.7s-.1-.5-.3-.7zM5.8 14.7l6.2 6.3 6.2-6.3c.2-.2.3-.5.3-.7s-.1-.5-.3-.7c-.2-.2-.4-.3-.7-.3h-11c-.3 0-.5.1-.7.3-.2.2-.3.5-.3.7s.1.5.3.7z\"\/><\/svg><\/span><\/span><\/span><\/a><\/span><\/div>\n<nav><ul class='ez-toc-list ez-toc-list-level-1' ><li class='ez-toc-page-1 ez-toc-heading-level-2'><a class=\"ez-toc-link ez-toc-heading-1\" href=\"https:\/\/plas.co\/nb\/produkter\/stopeform-for-bilindustrien\/#What_is_Automotive_Mould\" >Hva er Automotive Mould<\/a><ul class='ez-toc-list-level-3' ><li class='ez-toc-heading-level-3'><a class=\"ez-toc-link ez-toc-heading-2\" href=\"https:\/\/plas.co\/nb\/produkter\/stopeform-for-bilindustrien\/#Type_of_Automotive_Mould\" >Type st\u00f8peform for biler<\/a><\/li><li class='ez-toc-page-1 ez-toc-heading-level-3'><a class=\"ez-toc-link ez-toc-heading-3\" href=\"https:\/\/plas.co\/nb\/produkter\/stopeform-for-bilindustrien\/#Applications_of_Automotive_Mould\" >Bruksomr\u00e5der for bilst\u00f8peformer<\/a><\/li><li class='ez-toc-page-1 ez-toc-heading-level-3'><a class=\"ez-toc-link ez-toc-heading-4\" href=\"https:\/\/plas.co\/nb\/produkter\/stopeform-for-bilindustrien\/#Which_country_of_automotive_mould_suppliers_that_you_should_work_with\" >Hvilket land b\u00f8r du samarbeide med som leverand\u00f8r av st\u00f8peformer til bilindustrien?<\/a><\/li><\/ul><\/li><\/ul><\/nav><\/div>\n<h2><span class=\"ez-toc-section\" id=\"What_is_Automotive_Mould\"><\/span>Hva er Automotive Mould<span class=\"ez-toc-section-end\"><\/span><\/h2>\n<p><a href=\"https:\/\/plas.co\/nb\/produkter\/stopeform-for-bilindustrien\/\"><em><strong>St\u00f8peform for biler<\/strong><\/em><\/a>, ogs\u00e5 kjent som en bilform eller <a href=\"http:\/\/www.sheetmetalmasion.com\" target=\"_blank\" rel=\"noopener\">bilform<\/a>, er et verkt\u00f8y som brukes i produksjonsprosessen av ulike deler og komponenter til biler. Det er en innretning som brukes til \u00e5 forme og forme materialer, som plast, metaller og kompositter, til den \u00f8nskede formen p\u00e5 sluttproduktet,<\/p>\n<p>St\u00f8peformer til bilindustrien kan ha ulike former, avhengig av hvor kompleks delen som skal produseres er. For eksempel brukes spr\u00f8ytest\u00f8peformer til \u00e5 produsere plastdeler til biler med komplekse geometrier, mens kompresjonsformer brukes til \u00e5 produsere store og tykke deler, som st\u00f8tfangere og dashbord, i komposittmaterialer.<\/p>\n<p>Bruken av st\u00f8peformer i produksjonsprosessen gir en h\u00f8y grad av presisjon og n\u00f8yaktighet, samt muligheten til \u00e5 produsere store volumer av komponenter med jevn kvalitet. Bruken av st\u00f8peformer bidrar ogs\u00e5 til \u00e5 redusere sl\u00f8sing og \u00f8ke effektiviteten i produksjonsprosessen. det er denne siden vi snakker om <a href=\"http:\/\/plas.co\/nb\/sproytestopeform-for-bilindustrien\/\">spr\u00f8ytest\u00f8peform for bilindustrien<\/a>.<\/p>\n<h3><span class=\"ez-toc-section\" id=\"Type_of_Automotive_Mould\"><\/span>Type st\u00f8peform for biler<span class=\"ez-toc-section-end\"><\/span><\/h3>\n<p>Bilformer brukes i produksjonsprosessen av forskjellige deler og komponenter til biler. Det er mange typer bilformer, her er noen typer bilformer:<\/p>\n<ol>\n<li>Spr\u00f8ytest\u00f8peformer: Disse formene brukes til \u00e5 produsere plastdeler til biler. Spr\u00f8ytest\u00f8ping er en popul\u00e6r metode for \u00e5 produsere store volumer av plastkomponenter med komplekse geometrier, og dette er ogs\u00e5 v\u00e5r gjennomsnittlige virksomhet, hvis du trenger bilinjeksjonsform, kontakt oss for \u00e5 f\u00e5 pris.<\/li>\n<li>Kompresjonsformer: Disse formene brukes til \u00e5 produsere store og tykke bildeler, for eksempel st\u00f8tfangere og dashbord, av komposittmaterialer.<\/li>\n<li>Bl\u00e5seformer: Disse formene brukes til \u00e5 lage hule plastkomponenter, for eksempel drivstofftanker og luftkanaler.<\/li>\n<li>Termoformingsformer: Disse formene brukes til \u00e5 produsere plastkomponenter med liten dybde, for eksempel d\u00f8rpaneler og instrumentgrupper.<\/li>\n<li>St\u00f8peformer: Disse formene brukes til \u00e5 produsere metallkomponenter, for eksempel motorblokker og girkasser, ved hjelp av en h\u00f8ytrykksinnspr\u00f8ytningsprosess.<\/li>\n<li>Gummiformer: Disse formene brukes til \u00e5 produsere gummikomponenter, for eksempel tetninger og pakninger, til bilindustrien.<\/li>\n<li>Ekstruderingsformer: Disse formene brukes til \u00e5 produsere lange plastkomponenter, for eksempel vinduspakninger og v\u00e6rstriper, ved \u00e5 presse materialet gjennom en dyse.<\/li>\n<\/ol>\n<p>Hver type bilindustriform har sine egne unike fordeler og ulemper, og valget av form avhenger av de spesifikke kravene til delen som skal produseres.<\/p>\n<h3><span class=\"ez-toc-section\" id=\"Applications_of_Automotive_Mould\"><\/span>Bruksomr\u00e5der for bilst\u00f8peformer<span class=\"ez-toc-section-end\"><\/span><\/h3>\n<p><a href=\"https:\/\/www.plasticmold.net\/injection-molding-automotive\/\" target=\"_blank\" rel=\"noopener\">St\u00f8peformer for biler<\/a> har et bredt spekter av bruksomr\u00e5der i bilindustrien. Her er noen av bruksomr\u00e5dene til bilformer:<\/p>\n<ol>\n<li>Utvendige komponenter: Bilformer brukes til \u00e5 produsere ulike eksteri\u00f8rkomponenter til biler, for eksempel st\u00f8tfangere, griller, skjermer, panser og d\u00f8rer.<\/li>\n<li>Interi\u00f8rkomponenter: St\u00f8peformer brukes til \u00e5 produsere interi\u00f8rkomponenter i biler, for eksempel dashbord, d\u00f8rpaneler, seter og ratt.<\/li>\n<li>Belysningskomponenter: St\u00f8peformer til bilindustrien brukes til \u00e5 produsere ulike lyskomponenter til kj\u00f8ret\u00f8y, som frontlykter, baklykter og blinklyslinser.<\/li>\n<li>Motorkomponenter: St\u00f8peformer brukes til \u00e5 produsere ulike motorkomponenter til kj\u00f8ret\u00f8y, for eksempel motorblokker, topplokk og innsugningsmanifolder.<\/li>\n<li>Transmisjonskomponenter: St\u00f8peformer brukes til \u00e5 produsere ulike transmisjonskomponenter til kj\u00f8ret\u00f8y, for eksempel girkasser og tannhjul.<\/li>\n<li>Opphengskomponenter: St\u00f8peformer til bilindustrien brukes til \u00e5 produsere ulike fj\u00e6ringskomponenter til kj\u00f8ret\u00f8y, for eksempel styrearmer og kuleledd.<\/li>\n<li>Elektriske komponenter: St\u00f8peformer brukes til \u00e5 produsere ulike elektriske komponenter til kj\u00f8ret\u00f8y, for eksempel ledningsnett og kontakter.<\/li>\n<\/ol>\n<p>Oppsummert kan man si at bilformer brukes i produksjonsprosessen av nesten alle komponenter i et kj\u00f8ret\u00f8y, fra karosseriet og interi\u00f8ret til motoren og det elektriske systemet.<\/p>\n<h3><span class=\"ez-toc-section\" id=\"Which_country_of_automotive_mould_suppliers_that_you_should_work_with\"><\/span>Hvilket land b\u00f8r du samarbeide med som leverand\u00f8r av st\u00f8peformer til bilindustrien?<span class=\"ez-toc-section-end\"><\/span><\/h3>\n<p>Det er mange land som har en sterk tilstedev\u00e6relse i bilindustrien og har utviklet ekspertise innen produksjon av st\u00f8peformer. Noen av de beste landene for <em><strong>leverand\u00f8rer av st\u00f8peformer til bilindustrien<\/strong><\/em> blant annet Kina, Tyskland, Japan, USA og S\u00f8r-Korea. Hvert av disse landene kan imidlertid ha ulike styrker og svakheter, og det er viktig \u00e5 ta hensyn til faktorer som spr\u00e5k, kultur, logistikk og immaterielle rettigheter.<\/p>\n<p>N\u00e5r du skal velge leverand\u00f8r, er det viktig \u00e5 gj\u00f8re grundige unders\u00f8kelser, sjekke referansene deres og g\u00e5 gjennom produksjonsprosessene deres. Det er ogs\u00e5 lurt \u00e5 be om varepr\u00f8ver og m\u00f8te leverand\u00f8ren personlig, hvis det er mulig, for \u00e5 sikre at de kan oppfylle dine spesifikke behov og krav. Til syvende og sist vil valget av hvilket land du skal samarbeide med, avhenge av dine individuelle behov og preferanser.<\/p>\n<div id=\"attachment_937\" style=\"width: 810px\" class=\"wp-caption aligncenter\"><a href=\"http:\/\/plas.co\/wp-content\/uploads\/2023\/02\/automotive-molds-1.jpg\"><img decoding=\"async\" aria-describedby=\"caption-attachment-937\" class=\"wp-image-937 size-full\" src=\"http:\/\/plas.co\/wp-content\/uploads\/2023\/02\/automotive-molds-1.jpg\" alt=\"St\u00f8peform for biler\" width=\"800\" height=\"600\" srcset=\"https:\/\/plas.co\/wp-content\/uploads\/2023\/02\/automotive-molds-1.jpg 800w, https:\/\/plas.co\/wp-content\/uploads\/2023\/02\/automotive-molds-1-300x225.jpg 300w, https:\/\/plas.co\/wp-content\/uploads\/2023\/02\/automotive-molds-1-768x576.jpg 768w, https:\/\/plas.co\/wp-content\/uploads\/2023\/02\/automotive-molds-1-705x529.jpg 705w\" sizes=\"(max-width: 800px) 100vw, 800px\" \/><\/a><p id=\"caption-attachment-937\" class=\"wp-caption-text\">St\u00f8peform for biler<\/p><\/div>\n<p>I f\u00f8lge dataene som viser at de fleste bilprodusenter kj\u00f8per bilformer fra Chin mold-leverand\u00f8rer, og du har kanskje noen sp\u00f8rsm\u00e5l hvorfor s\u00e5 mange bilfirmaer kj\u00f8per bilformer fra Kina? Vel nedenfor kan gi deg et svar:<\/p>\n<ol>\n<li>Kostnadseffektivitet: En av de viktigste grunnene til \u00e5 samarbeide med kinesiske leverand\u00f8rer av st\u00f8peformer til bilindustrien er kostnadseffektivitet. Kina har en stor og sv\u00e6rt konkurransedyktig industri for produksjon av st\u00f8peformer, med lavere l\u00f8nnskostnader, lavere materialkostnader og rimeligere faste kostnader enn mange andre land. Dette kan resultere i lavere priser for h\u00f8ykvalitetsformer som oppfyller internasjonale standarder.<\/li>\n<li>Produksjonskapasitet: Kina har en stor og velutviklet produksjonsindustri med avansert teknologi og utstyr, og et sterkt fokus p\u00e5 kvalitetskontroll. Kinesiske leverand\u00f8rer av st\u00f8peformer til bilindustrien har erfaring med \u00e5 produsere st\u00f8peformer for et bredt spekter av bruksomr\u00e5der, inkludert komplekse geometrier, st\u00f8peformer med flere hulrom og storskalaproduksjon.<\/li>\n<li>Bredt utvalg av materialer: Kinesiske leverand\u00f8rer av bilst\u00f8peformer har tilgang til et bredt spekter av materialer, inkludert plast, metaller og kompositter. Dette gj\u00f8r at de kan velge det mest hensiktsmessige materialet for hver applikasjon, med tanke p\u00e5 faktorer som holdbarhet, vekt og pris.<\/li>\n<li>Skalerbarhet: Kinesiske leverand\u00f8rer av st\u00f8peformer til bilindustrien kan produsere st\u00f8peformer i store volumer, noe som kan v\u00e6re viktig for bilprodusenter med h\u00f8ye produksjonskrav. Kinesiske leverand\u00f8rer kan ogs\u00e5 tilby raske leveringstider for hastebestillinger.<\/li>\n<li>Teknisk ekspertise: Kina har en stor gruppe dyktige ingeni\u00f8rer og teknikere med ekspertise innen design og produksjon av st\u00f8peformer. Mange kinesiske leverand\u00f8rer av st\u00f8peformer har sterke FoU-kapasiteter og kan tilby tilpassede l\u00f8sninger for \u00e5 oppfylle spesifikke kundekrav.<\/li>\n<\/ol>\n<p>Men n\u00e5r man vurderer \u00e5 jobbe med <em><strong>Kina bilindustrien mold leverand\u00f8rer<\/strong><\/em>er det viktig \u00e5 gj\u00f8re grundige unders\u00f8kelser, sjekke deres referanser og gjennomg\u00e5 produksjonsprosessene deres for \u00e5 sikre at de oppfyller dine forventninger til kvalitet og levering.<\/p>\n<p>Spr\u00e5k, kultur, logistikk og immaterielle rettigheter b\u00f8r ogs\u00e5 tas i betraktning. Det er viktig \u00e5 velge <a href=\"http:\/\/plas.co\/nb\/\">leverand\u00f8rer av st\u00f8peformer<\/a> som kan oppfylle dine spesifikke behov og krav, og som har dokumentert erfaring med \u00e5 levere produkter av h\u00f8y kvalitet i tide og innenfor budsjettet.<\/p>\n<\/div><\/section>","protected":false},"excerpt":{"rendered":"","protected":false},"author":1,"featured_media":931,"parent":17,"menu_order":0,"comment_status":"open","ping_status":"open","template":"","meta":{"footnotes":""},"class_list":["post-100","page","type-page","status-publish","has-post-thumbnail","hentry"],"_links":{"self":[{"href":"https:\/\/plas.co\/nb\/wp-json\/wp\/v2\/pages\/100","targetHints":{"allow":["GET"]}}],"collection":[{"href":"https:\/\/plas.co\/nb\/wp-json\/wp\/v2\/pages"}],"about":[{"href":"https:\/\/plas.co\/nb\/wp-json\/wp\/v2\/types\/page"}],"author":[{"embeddable":true,"href":"https:\/\/plas.co\/nb\/wp-json\/wp\/v2\/users\/1"}],"replies":[{"embeddable":true,"href":"https:\/\/plas.co\/nb\/wp-json\/wp\/v2\/comments?post=100"}],"version-history":[{"count":1,"href":"https:\/\/plas.co\/nb\/wp-json\/wp\/v2\/pages\/100\/revisions"}],"predecessor-version":[{"id":2818,"href":"https:\/\/plas.co\/nb\/wp-json\/wp\/v2\/pages\/100\/revisions\/2818"}],"up":[{"embeddable":true,"href":"https:\/\/plas.co\/nb\/wp-json\/wp\/v2\/pages\/17"}],"wp:featuredmedia":[{"embeddable":true,"href":"https:\/\/plas.co\/nb\/wp-json\/wp\/v2\/media\/931"}],"wp:attachment":[{"href":"https:\/\/plas.co\/nb\/wp-json\/wp\/v2\/media?parent=100"}],"curies":[{"name":"wp","href":"https:\/\/api.w.org\/{rel}","templated":true}]}}