{"id":103,"date":"2014-09-20T16:59:07","date_gmt":"2014-09-20T08:59:07","guid":{"rendered":"http:\/\/andy-mold.com\/?page_id=103"},"modified":"2023-02-24T22:57:10","modified_gmt":"2023-02-24T14:57:10","slug":"sproytestoping-av-emballasje","status":"publish","type":"page","link":"https:\/\/plas.co\/nb\/sproytestoping-av-emballasje\/","title":{"rendered":"Spr\u00f8ytest\u00f8ping av emballasje"},"content":{"rendered":"<div  class='flex_column av-av_one_full-7714eba142aeda1f8b5272a3c372b279 av_one_full  avia-builder-el-0  avia-builder-el-no-sibling  first flex_column_div'     ><section  class='av_textblock_section av-leinkoqn-2ce71e3bca6dba456b9c8fbc10182ea3'   itemscope=\"itemscope\" itemtype=\"https:\/\/schema.org\/CreativeWork\" ><div class='avia_textblock'  itemprop=\"text\" ><div id=\"ez-toc-container\" class=\"ez-toc-v2_0_82_2 counter-hierarchy ez-toc-counter ez-toc-grey ez-toc-container-direction\">\n<div class=\"ez-toc-title-container\">\n<p class=\"ez-toc-title\" style=\"cursor:inherit\">Innholdsfortegnelse<\/p>\n<span class=\"ez-toc-title-toggle\"><a href=\"#\" class=\"ez-toc-pull-right ez-toc-btn ez-toc-btn-xs ez-toc-btn-default ez-toc-toggle\" aria-label=\"Veksle mellom innholdsfortegnelsen\"><span class=\"ez-toc-js-icon-con\"><span class=\"\"><span class=\"eztoc-hide\" style=\"display:none;\">Toggle<\/span><span class=\"ez-toc-icon-toggle-span\"><svg style=\"fill: #999;color:#999\" xmlns=\"http:\/\/www.w3.org\/2000\/svg\" class=\"list-377408\" width=\"20px\" height=\"20px\" viewbox=\"0 0 24 24\" fill=\"none\"><path d=\"M6 6H4v2h2V6zm14 0H8v2h12V6zM4 11h2v2H4v-2zm16 0H8v2h12v-2zM4 16h2v2H4v-2zm16 0H8v2h12v-2z\" fill=\"currentColor\"><\/path><\/svg><svg style=\"fill: #999;color:#999\" class=\"arrow-unsorted-368013\" xmlns=\"http:\/\/www.w3.org\/2000\/svg\" width=\"10px\" height=\"10px\" viewbox=\"0 0 24 24\" version=\"1.2\" baseprofile=\"tiny\"><path d=\"M18.2 9.3l-6.2-6.3-6.2 6.3c-.2.2-.3.4-.3.7s.1.5.3.7c.2.2.4.3.7.3h11c.3 0 .5-.1.7-.3.2-.2.3-.5.3-.7s-.1-.5-.3-.7zM5.8 14.7l6.2 6.3 6.2-6.3c.2-.2.3-.5.3-.7s-.1-.5-.3-.7c-.2-.2-.4-.3-.7-.3h-11c-.3 0-.5.1-.7.3-.2.2-.3.5-.3.7s.1.5.3.7z\"\/><\/svg><\/span><\/span><\/span><\/a><\/span><\/div>\n<nav><ul class='ez-toc-list ez-toc-list-level-1' ><li class='ez-toc-page-1 ez-toc-heading-level-2'><a class=\"ez-toc-link ez-toc-heading-1\" href=\"https:\/\/plas.co\/nb\/sproytestoping-av-emballasje\/#What_is_injection_mold_packaging\" >Hva er spr\u00f8ytest\u00f8peemballasje<\/a><ul class='ez-toc-list-level-3' ><li class='ez-toc-heading-level-3'><a class=\"ez-toc-link ez-toc-heading-2\" href=\"https:\/\/plas.co\/nb\/sproytestoping-av-emballasje\/#Section_1_The_Benefits_of_Injection_Molding_for_Packaging\" >Del 1: Fordelene med spr\u00f8ytest\u00f8ping for emballasje<\/a><\/li><li class='ez-toc-page-1 ez-toc-heading-level-3'><a class=\"ez-toc-link ez-toc-heading-3\" href=\"https:\/\/plas.co\/nb\/sproytestoping-av-emballasje\/#Section_2_The_Different_Types_of_Materials_Used_in_Injection_Molding_for_Packaging\" >Del 2: De ulike materialtypene som brukes i spr\u00f8ytest\u00f8ping av emballasje<\/a><\/li><li class='ez-toc-page-1 ez-toc-heading-level-3'><a class=\"ez-toc-link ez-toc-heading-4\" href=\"https:\/\/plas.co\/nb\/sproytestoping-av-emballasje\/#Section_3_The_Process_of_Injection_Molding\" >Del 3: Prosessen med spr\u00f8ytest\u00f8ping<\/a><\/li><li class='ez-toc-page-1 ez-toc-heading-level-3'><a class=\"ez-toc-link ez-toc-heading-5\" href=\"https:\/\/plas.co\/nb\/sproytestoping-av-emballasje\/#Section_4_The_Various_Applications_of_Injection_Molding_in_Packaging\" >Del 4: De ulike bruksomr\u00e5dene for spr\u00f8ytest\u00f8ping i emballasje<\/a><\/li><li class='ez-toc-page-1 ez-toc-heading-level-3'><a class=\"ez-toc-link ez-toc-heading-6\" href=\"https:\/\/plas.co\/nb\/sproytestoping-av-emballasje\/#Injection_mold_resin_for_cosmetic_packaging\" >Spr\u00f8ytest\u00f8peplast for kosmetisk emballasje<\/a><\/li><li class='ez-toc-page-1 ez-toc-heading-level-3'><a class=\"ez-toc-link ez-toc-heading-7\" href=\"https:\/\/plas.co\/nb\/sproytestoping-av-emballasje\/#Injection_molds_for_packaging\" >Spr\u00f8ytest\u00f8peformer for emballasje<\/a><ul class='ez-toc-list-level-4' ><li class='ez-toc-heading-level-4'><a class=\"ez-toc-link ez-toc-heading-8\" href=\"https:\/\/plas.co\/nb\/sproytestoping-av-emballasje\/#Conclusion\" >Konklusjon<\/a><\/li><\/ul><\/li><\/ul><\/li><\/ul><\/nav><\/div>\n<h2><span class=\"ez-toc-section\" id=\"What_is_injection_mold_packaging\"><\/span>Hva er spr\u00f8ytest\u00f8peemballasje<span class=\"ez-toc-section-end\"><\/span><\/h2>\n<p><strong><em>Spr\u00f8ytest\u00f8ping av emballasje<\/em><\/strong> er en produksjonsprosess som brukes til \u00e5 produsere et bredt spekter av plastemballasjeprodukter, for eksempel flasker, krukker, beholdere og lokk. Prosessen inneb\u00e6rer at smeltet plastmateriale spr\u00f8ytes inn i et formhulrom, som er utformet for \u00e5 skape den \u00f8nskede formen p\u00e5 emballasjeproduktet.<\/p>\n<p>Plastmaterialet som brukes til spr\u00f8ytest\u00f8ping, kan variere avhengig av det spesifikke bruksomr\u00e5det og kravene til emballasjeproduktet. Noen av de vanligste plastmaterialene som brukes til <em>spr\u00f8ytest\u00f8pt plastemballasje<\/em> omfatter polyetylen (PE), polypropylen (PP), polyetylentereftalat (PET), polystyren (PS) og akrylonitrilbutadienstyren (ABS).<\/p>\n<p>Spr\u00f8ytest\u00f8pingsprosessen for plastemballasje best\u00e5r av flere trinn, blant annet<\/p>\n<ol>\n<li>Utforming av st\u00f8peformen - En st\u00f8peform er utformet for \u00e5 skape den \u00f8nskede formen og egenskapene til emballasjeproduktet. Formen kan v\u00e6re laget av st\u00e5l eller aluminium og best\u00e5r av to halvdeler som er boltet sammen.<\/li>\n<li>Klargj\u00f8ring av plastmaterialet - Plastmaterialet smeltes og klargj\u00f8res for spr\u00f8ytest\u00f8ping. Plastpelletsene mates inn i spr\u00f8ytest\u00f8pemaskinen, hvor de smeltes og blandes med tilsetningsstoffer, som fargestoffer og stabilisatorer.<\/li>\n<li>Spr\u00f8ytest\u00f8ping - Det smeltede plastmaterialet spr\u00f8ytes inn i formhulen under h\u00f8yt trykk. Plastmaterialet fyller hulrommet og tar form etter formen.<\/li>\n<li>Avkj\u00f8ling og st\u00f8rkning - Plastmaterialet f\u00e5r kj\u00f8le seg ned og stivne inne i formen. N\u00e5r plastmaterialet er helt st\u00f8rknet, skilles de to formhalvdelene fra hverandre, og det ferdige produktet st\u00f8pes ut.<\/li>\n<\/ol>\n<p><em>spr\u00f8ytest\u00f8pt plastemballasje<\/em> er en mye brukt produksjonsprosess for \u00e5 fremstille plastemballasjeprodukter.<\/p>\n<div id=\"attachment_395\" style=\"width: 692px\" class=\"wp-caption aligncenter\"><a href=\"http:\/\/plas.co\/wp-content\/uploads\/2016\/02\/Product-01.jpg\"><img decoding=\"async\" aria-describedby=\"caption-attachment-395\" class=\"wp-image-395 size-full\" src=\"http:\/\/plas.co\/wp-content\/uploads\/2016\/02\/Product-01.jpg\" alt=\"spr\u00f8ytest\u00f8ping av emballasje\" width=\"682\" height=\"488\" srcset=\"https:\/\/plas.co\/wp-content\/uploads\/2016\/02\/Product-01.jpg 682w, https:\/\/plas.co\/wp-content\/uploads\/2016\/02\/Product-01-300x215.jpg 300w\" sizes=\"(max-width: 682px) 100vw, 682px\" \/><\/a><p id=\"caption-attachment-395\" class=\"wp-caption-text\">spr\u00f8ytest\u00f8ping av emballasje<\/p><\/div>\n<p>Emballasjen er et avgj\u00f8rende aspekt ved ethvert produkt. Den gir et f\u00f8rsteinntrykk og kan p\u00e5virke forbrukernes beslutninger. Med den \u00f8kende ettersp\u00f8rselen etter b\u00e6rekraftige og milj\u00f8vennlige emballasjel\u00f8sninger har behovet for effektive produksjonsprosesser blitt viktigere enn noen gang f\u00f8r. Spr\u00f8ytest\u00f8ping er en slik prosess som har revolusjonert emballasjebransjen. I denne omfattende guiden g\u00e5r vi gjennom fordelene med spr\u00f8ytest\u00f8ping for emballasje, de ulike materialtypene som brukes, spr\u00f8ytest\u00f8pingsprosessen og de ulike bruksomr\u00e5dene for denne teknologien i emballasjen.<\/p>\n<h3><span class=\"ez-toc-section\" id=\"Section_1_The_Benefits_of_Injection_Molding_for_Packaging\"><\/span>Del 1: Fordelene med spr\u00f8ytest\u00f8ping for emballasje<span class=\"ez-toc-section-end\"><\/span><\/h3>\n<p>Spr\u00f8ytest\u00f8ping er en produksjonsprosess som inneb\u00e6rer at smeltet plast spr\u00f8ytes inn i en form for \u00e5 skape et produkt. Denne prosessen gir flere fordeler for emballasje, blant annet<\/p>\n<p>1.1. Kostnadseffektivitet: Spr\u00f8ytest\u00f8ping muliggj\u00f8r produksjon av store volumer, noe som gj\u00f8r det til en kostnadseffektiv l\u00f8sning for storskala produksjon av emballasjematerialer.<\/p>\n<p>1.2. Fleksibel design: Spr\u00f8ytest\u00f8ping gir designerne frihet til \u00e5 skape komplekse former og intrikate design som ville v\u00e6rt vanskelig \u00e5 oppn\u00e5 med andre produksjonsprosesser.<\/p>\n<p>1.3. Allsidige materialer: Spr\u00f8ytest\u00f8ping kan brukes med et bredt spekter av materialer, inkludert termoplaster, herdeplaster og elastomerer.<\/p>\n<h3><span class=\"ez-toc-section\" id=\"Section_2_The_Different_Types_of_Materials_Used_in_Injection_Molding_for_Packaging\"><\/span>Del 2: De ulike materialtypene som brukes i spr\u00f8ytest\u00f8ping av emballasje<span class=\"ez-toc-section-end\"><\/span><\/h3>\n<p>2.1. Termoplast: Termoplast er det mest brukte materialet ved spr\u00f8ytest\u00f8ping av emballasje. De er slitesterke, lette og kan enkelt st\u00f8pes i ulike former og st\u00f8rrelser.<\/p>\n<p>2.2. Herdeplast: Herdeplast er ideelt for emballering av produkter som krever varmebestandighet og h\u00f8y holdbarhet.<\/p>\n<p>2.3. Elastomerer: Elastomerer brukes til emballering av produkter som krever fleksibilitet og mykhet.<\/p>\n<h3><span class=\"ez-toc-section\" id=\"Section_3_The_Process_of_Injection_Molding\"><\/span>Del 3: Prosessen med spr\u00f8ytest\u00f8ping<span class=\"ez-toc-section-end\"><\/span><\/h3>\n<p>3.1. Utforming av st\u00f8peformen: Det f\u00f8rste trinnet i spr\u00f8ytest\u00f8peprosessen er formdesign. Formen utformes etter de n\u00f8yaktige spesifikasjonene til produktet.<\/p>\n<p>3.2. Klargj\u00f8ring av materialet: Det valgte materialet smeltes og klargj\u00f8res for injeksjon.<\/p>\n<p>3.3. Injeksjon: Det smeltede materialet spr\u00f8ytes inn i formen under h\u00f8yt trykk og fyller formhulen.<\/p>\n<p>3.4. Avkj\u00f8ling: Formen kj\u00f8les ned slik at plasten stivner, og produktet st\u00f8pes ut.<\/p>\n<h3><span class=\"ez-toc-section\" id=\"Section_4_The_Various_Applications_of_Injection_Molding_in_Packaging\"><\/span>Del 4: De ulike bruksomr\u00e5dene for spr\u00f8ytest\u00f8ping i emballasje<span class=\"ez-toc-section-end\"><\/span><\/h3>\n<p>4.1. Matemballasje: Spr\u00f8ytest\u00f8ping er mye brukt til matemballasje, inkludert beholdere, brett og bestikk.<\/p>\n<p>4.2. Drikkevareemballasje: Spr\u00f8ytest\u00f8ping brukes ogs\u00e5 til drikkevareemballasje, inkludert flasker og lokk.<\/p>\n<p>4.3. Kosmetisk emballasje: Spr\u00f8ytest\u00f8ping brukes til kosmetikkemballasje, inkludert krukker, beholdere og lokk.<\/p>\n<p>4.4. Medisinsk emballasje: <em>Spr\u00f8ytest\u00f8ping<\/em> brukes til medisinsk emballasje, inkludert spr\u00f8yter, hetteglass og beholdere.<\/p>\n<p>Del 5: Spr\u00f8ytest\u00f8pingens innvirkning p\u00e5 b\u00e6rekraftig emballasje<\/p>\n<p>5.1. Bionedbrytbare materialer: Spr\u00f8ytest\u00f8ping har gjort det mulig \u00e5 produsere biologisk nedbrytbare emballasjematerialer som er milj\u00f8vennlige og b\u00e6rekraftige.<\/p>\n<p>5.2. Resirkulerbare materialer: Spr\u00f8ytest\u00f8ping har ogs\u00e5 gjort det mulig \u00e5 produsere emballasjematerialer som er lett resirkulerbare, noe som reduserer avfallsmengden.<\/p>\n<h3><span class=\"ez-toc-section\" id=\"Injection_mold_resin_for_cosmetic_packaging\"><\/span>Spr\u00f8ytest\u00f8peplast for kosmetisk emballasje<span class=\"ez-toc-section-end\"><\/span><\/h3>\n<p>Spr\u00f8ytest\u00f8peharpiks er en viktig komponent i produksjonen av kosmetikkemballasje. Det er flere faktorer som m\u00e5 tas i betraktning n\u00e5r man skal velge riktig harpiks til kosmetikkemballasje, blant annet produktets kompatibilitet med harpiksen, emballasjens \u00f8nskede fysiske egenskaper og produksjonsprosessen.<\/p>\n<p>En av de mest brukte harpiksene til kosmetikkemballasje er polypropylen (PP). PP er en allsidig harpiks som er lett \u00e5 st\u00f8pe, har lav vekt og utmerket kjemikalieresistens. Det er ideelt for emballering av produkter som krever h\u00f8y fuktighetsbestandighet, for eksempel kremer, lotioner og serum.<\/p>\n<p>En annen popul\u00e6r harpiks til kosmetikkemballasje er polyetylentereftalat (PET). PET er en sterk og lett harpiks som er ideell for klare emballasjeprodukter, for eksempel flasker og krukker. Den er sv\u00e6rt motstandsdyktig mot fuktighet, kjemikalier og UV-lys, noe som gj\u00f8r den til et popul\u00e6rt valg for kosmetikkemballasje.<\/p>\n<p>Akrylnitrilbutadienstyren (ABS) er en annen harpiks som ofte brukes i kosmetikkemballasje. ABS er en sterk og slitesterk harpiks som er ideell for emballasje til produkter som krever h\u00f8y slagfasthet, som for eksempel kompaktpakninger og leppestiftetuier.<\/p>\n<p>Polykarbonat (PC) er en klar, sterk og lett harpiks som er ideell til emballering av produkter som krever h\u00f8y klarhet og slagfasthet, som for eksempel \u00f8yenskyggepaletter og leppestifttuber. Det er ogs\u00e5 et utmerket valg for produkter som krever h\u00f8y varmebestandighet.<\/p>\n<p>N\u00e5r du skal velge harpiks til kosmetikkemballasje, er det viktig \u00e5 ta hensyn til produksjonsprosessen. Spr\u00f8ytest\u00f8ping er den vanligste produksjonsprosessen for kosmetikkemballasje, men ikke alle harpikser egner seg for denne prosessen. Harpikser som er for spr\u00f8 eller for tyktflytende, egner seg kanskje ikke til spr\u00f8ytest\u00f8ping. Det er viktig \u00e5 velge en harpiks som er lett \u00e5 spr\u00f8ytest\u00f8pe for \u00e5 sikre et konsistent sluttprodukt av h\u00f8y kvalitet.<\/p>\n<h3><span class=\"ez-toc-section\" id=\"Injection_molds_for_packaging\"><\/span>Spr\u00f8ytest\u00f8peformer for emballasje<span class=\"ez-toc-section-end\"><\/span><\/h3>\n<p><em><strong>Spr\u00f8ytest\u00f8ping<\/strong><\/em> er en mye brukt produksjonsprosess for \u00e5 produsere h\u00f8ykvalitets og kostnadseffektive emballasjeprodukter. Spr\u00f8ytest\u00f8peformer for emballasje er designet for \u00e5 skape et bredt utvalg av former og st\u00f8rrelser p\u00e5 emballasje, inkludert flasker, krukker, lokk, lokk og beholdere.<\/p>\n<p>Spr\u00f8ytest\u00f8peprosessen inneb\u00e6rer bruk av en form, som er et verkt\u00f8y som er designet for \u00e5 produsere den \u00f8nskede formen p\u00e5 emballasjeproduktet. Formen er vanligvis laget av st\u00e5l eller aluminium og best\u00e5r av to halvdeler som er boltet sammen. Det smeltede plastmaterialet spr\u00f8ytes inn i formhulen, og n\u00e5r det er avkj\u00f8lt og st\u00f8rknet, skilles de to formhalvdelene fra hverandre for \u00e5 frigj\u00f8re det ferdige produktet.<\/p>\n<p>En av de viktigste fordelene med <em>spr\u00f8ytest\u00f8ping<\/em> er dens evne til \u00e5 produsere komplekse og intrikate former med h\u00f8y presisjon og konsistens. Spr\u00f8ytest\u00f8peformer for emballasje kan utformes for \u00e5 skape produkter med ulike egenskaper, for eksempel tr\u00e5der, preging, gravering og tekstur. Denne allsidigheten gj\u00f8r spr\u00f8ytest\u00f8ping til en ideell prosess for produksjon av emballasjeprodukter med unik og i\u00f8ynefallende design.<\/p>\n<p>En annen fordel med spr\u00f8ytest\u00f8ping av emballasje er at den gj\u00f8r det mulig \u00e5 produsere store mengder produkter raskt. <a href=\"https:\/\/en.wikipedia.org\/wiki\/Injection_moulding\" target=\"_blank\" rel=\"noopener\">Spr\u00f8ytest\u00f8ping<\/a> maskiner kan produsere tusenvis av produkter i l\u00f8pet av \u00e9n syklus, noe som gj\u00f8r det til en sv\u00e6rt effektiv og kostnadseffektiv produksjonsprosess.<\/p>\n<p>N\u00e5r du velger en <em>spr\u00f8ytest\u00f8peemballasje<\/em>For \u00e5 oppn\u00e5 de \u00f8nskede fysiske egenskapene b\u00f8r man ta hensyn til flere faktorer, blant annet typen plastmateriale, \u00f8nsket form og st\u00f8rrelse p\u00e5 produktet og produksjonsprosessen. Noen plastmaterialer krever for eksempel h\u00f8ytrykksspr\u00f8ytest\u00f8pemaskiner for \u00e5 oppn\u00e5 de \u00f8nskede fysiske egenskapene, mens andre kan kreve en maskin med lavere trykk.<\/p>\n<p>I tillegg kan formens utforming ogs\u00e5 p\u00e5virke produksjonsprosessen og kvaliteten p\u00e5 sluttproduktet. En godt utformet form kan bidra til \u00e5 redusere produksjonsfeil, som for eksempel skjevhet, synking og blinking, og produsere produkter med en jevn finish og kvalitet.<\/p>\n<h4><span class=\"ez-toc-section\" id=\"Conclusion\"><\/span>Konklusjon<span class=\"ez-toc-section-end\"><\/span><\/h4>\n<p>Spr\u00f8ytest\u00f8ping har revolusjonert emballasjebransjen ved \u00e5 tilby kostnadseffektive l\u00f8sninger, designfleksibilitet og allsidige materialer. Teknologien har gjort det mulig \u00e5 produsere b\u00e6rekraftige og milj\u00f8vennlige emballasjel\u00f8sninger, noe som gj\u00f8r den til en viktig teknologi for fremtidens emballasje.<\/p>\n<p>Ved \u00e5 forst\u00e5 fordelene med spr\u00f8ytest\u00f8ping, de ulike materialtypene som brukes, spr\u00f8ytest\u00f8pingsprosessen og de ulike bruksomr\u00e5dene for denne teknologien i emballasje, kan designere, ingeni\u00f8rer og emballasjefagfolk ta velbegrunnede beslutninger som kan bidra til \u00e5 skape en bedre og mer b\u00e6rekraftig fremtid.<\/p>\n<\/div><\/section><\/div>","protected":false},"excerpt":{"rendered":"","protected":false},"author":1,"featured_media":0,"parent":0,"menu_order":0,"comment_status":"open","ping_status":"open","template":"","meta":{"footnotes":""},"class_list":["post-103","page","type-page","status-publish","hentry"],"_links":{"self":[{"href":"https:\/\/plas.co\/nb\/wp-json\/wp\/v2\/pages\/103","targetHints":{"allow":["GET"]}}],"collection":[{"href":"https:\/\/plas.co\/nb\/wp-json\/wp\/v2\/pages"}],"about":[{"href":"https:\/\/plas.co\/nb\/wp-json\/wp\/v2\/types\/page"}],"author":[{"embeddable":true,"href":"https:\/\/plas.co\/nb\/wp-json\/wp\/v2\/users\/1"}],"replies":[{"embeddable":true,"href":"https:\/\/plas.co\/nb\/wp-json\/wp\/v2\/comments?post=103"}],"version-history":[{"count":0,"href":"https:\/\/plas.co\/nb\/wp-json\/wp\/v2\/pages\/103\/revisions"}],"wp:attachment":[{"href":"https:\/\/plas.co\/nb\/wp-json\/wp\/v2\/media?parent=103"}],"curies":[{"name":"wp","href":"https:\/\/api.w.org\/{rel}","templated":true}]}}